{"id":14586,"date":"2021-02-26T08:19:48","date_gmt":"2021-02-26T07:19:48","guid":{"rendered":"https:\/\/www.alliesofhumanity.org\/videos\/"},"modified":"2021-03-26T00:13:40","modified_gmt":"2021-03-25T23:13:40","slug":"videos","status":"publish","type":"page","link":"https:\/\/www.alliesofhumanity.org\/vi\/videos\/","title":{"rendered":"Video"},"content":{"rendered":"","protected":false},"excerpt":{"rendered":"","protected":false},"author":2,"featured_media":0,"parent":0,"menu_order":5,"comment_status":"closed","ping_status":"closed","template":"page-videos.php","meta":{"_acf_changed":false,"footnotes":""},"class_list":["post-14586","page","type-page","status-publish","hentry"],"acf":[],"yoast_head":"<!-- This site is optimized with the Yoast SEO plugin v26.5 - https:\/\/yoast.com\/wordpress\/plugins\/seo\/ -->\n<title>Video v\u1ec1 ng\u01b0\u1eddi ngo\u00e0i h\u00e0nh tinh: Ti\u1ebfp x\u00fac v\u00e0 ti\u1ebft l\u1ed9 ngo\u00e0i Tr\u00e1i \u0111\u1ea5t<\/title>\n<meta name=\"description\" content=\"Video v\u1ec1 s\u1ef1 hi\u1ec7n di\u1ec7n c\u1ee7a ng\u01b0\u1eddi ngo\u00e0i h\u00e0nh tinh trong th\u1ebf gi\u1edbi ng\u00e0y nay. Ti\u1ebft l\u1ed9 b\u1ea3n ch\u1ea5t v\u00e0 \u00fd \u0111\u1ecbnh c\u1ee7a s\u1ef1 can thi\u1ec7p c\u1ee7a ng\u01b0\u1eddi ngo\u00e0i h\u00e0nh tinh.\" \/>\n<meta name=\"robots\" content=\"index, follow, max-snippet:-1, max-image-preview:large, max-video-preview:-1\" \/>\n<link rel=\"canonical\" href=\"https:\/\/www.alliesofhumanity.org\/vi\/videos\/\" \/>\n<meta property=\"og:locale\" content=\"vi_VN\" \/>\n<meta property=\"og:type\" content=\"article\" \/>\n<meta property=\"og:title\" content=\"Video v\u1ec1 ng\u01b0\u1eddi ngo\u00e0i h\u00e0nh tinh: Ti\u1ebfp x\u00fac v\u00e0 ti\u1ebft l\u1ed9 ngo\u00e0i Tr\u00e1i \u0111\u1ea5t\" \/>\n<meta property=\"og:description\" content=\"Video v\u1ec1 s\u1ef1 hi\u1ec7n di\u1ec7n c\u1ee7a ng\u01b0\u1eddi ngo\u00e0i h\u00e0nh tinh trong th\u1ebf gi\u1edbi ng\u00e0y nay. Ti\u1ebft l\u1ed9 b\u1ea3n ch\u1ea5t v\u00e0 \u00fd \u0111\u1ecbnh c\u1ee7a s\u1ef1 can thi\u1ec7p c\u1ee7a ng\u01b0\u1eddi ngo\u00e0i h\u00e0nh tinh.\" \/>\n<meta property=\"og:url\" content=\"https:\/\/www.alliesofhumanity.org\/vi\/videos\/\" \/>\n<meta property=\"og:site_name\" content=\"The Allies of Humanity\" \/>\n<meta property=\"article:publisher\" content=\"https:\/\/www.facebook.com\/alliesofhumanity\/\" \/>\n<meta property=\"article:modified_time\" content=\"2021-03-25T23:13:40+00:00\" \/>\n<meta property=\"og:image\" content=\"https:\/\/www.alliesofhumanity.org\/wp-content\/uploads\/2021\/01\/og-socialmedia-aoh.jpg\" \/>\n\t<meta property=\"og:image:width\" content=\"1200\" \/>\n\t<meta property=\"og:image:height\" content=\"630\" \/>\n\t<meta property=\"og:image:type\" content=\"image\/jpeg\" \/>\n<meta name=\"twitter:card\" content=\"summary_large_image\" \/>\n<meta name=\"twitter:title\" content=\"Video v\u1ec1 ng\u01b0\u1eddi ngo\u00e0i h\u00e0nh tinh: Ti\u1ebfp x\u00fac v\u00e0 ti\u1ebft l\u1ed9 ngo\u00e0i Tr\u00e1i \u0111\u1ea5t\" \/>\n<meta name=\"twitter:site\" content=\"@earthallies\" \/>\n<script type=\"application\/ld+json\" class=\"yoast-schema-graph\">{\"@context\":\"https:\/\/schema.org\",\"@graph\":[{\"@type\":\"WebPage\",\"@id\":\"https:\/\/www.alliesofhumanity.org\/vi\/videos\/\",\"url\":\"https:\/\/www.alliesofhumanity.org\/vi\/videos\/\",\"name\":\"Video v\u1ec1 ng\u01b0\u1eddi ngo\u00e0i h\u00e0nh tinh: Ti\u1ebfp x\u00fac v\u00e0 ti\u1ebft l\u1ed9 ngo\u00e0i Tr\u00e1i \u0111\u1ea5t\",\"isPartOf\":{\"@id\":\"https:\/\/www.alliesofhumanity.org\/vi\/#website\"},\"datePublished\":\"2021-02-26T07:19:48+00:00\",\"dateModified\":\"2021-03-25T23:13:40+00:00\",\"description\":\"Video v\u1ec1 s\u1ef1 hi\u1ec7n di\u1ec7n c\u1ee7a ng\u01b0\u1eddi ngo\u00e0i h\u00e0nh tinh trong th\u1ebf gi\u1edbi ng\u00e0y nay. Ti\u1ebft l\u1ed9 b\u1ea3n ch\u1ea5t v\u00e0 \u00fd \u0111\u1ecbnh c\u1ee7a s\u1ef1 can thi\u1ec7p c\u1ee7a ng\u01b0\u1eddi ngo\u00e0i h\u00e0nh tinh.\",\"inLanguage\":\"vi-VN\",\"potentialAction\":[{\"@type\":\"ReadAction\",\"target\":[\"https:\/\/www.alliesofhumanity.org\/vi\/videos\/\"]}]},{\"@type\":\"WebSite\",\"@id\":\"https:\/\/www.alliesofhumanity.org\/vi\/#website\",\"url\":\"https:\/\/www.alliesofhumanity.org\/vi\/\",\"name\":\"The Allies of Humanity\",\"description\":\"\",\"potentialAction\":[{\"@type\":\"SearchAction\",\"target\":{\"@type\":\"EntryPoint\",\"urlTemplate\":\"https:\/\/www.alliesofhumanity.org\/vi\/?s={search_term_string}\"},\"query-input\":{\"@type\":\"PropertyValueSpecification\",\"valueRequired\":true,\"valueName\":\"search_term_string\"}}],\"inLanguage\":\"vi-VN\"}]}<\/script>\n<!-- \/ Yoast SEO plugin. -->","yoast_head_json":{"title":"Video v\u1ec1 ng\u01b0\u1eddi ngo\u00e0i h\u00e0nh tinh: Ti\u1ebfp x\u00fac v\u00e0 ti\u1ebft l\u1ed9 ngo\u00e0i Tr\u00e1i \u0111\u1ea5t","description":"Video v\u1ec1 s\u1ef1 hi\u1ec7n di\u1ec7n c\u1ee7a ng\u01b0\u1eddi ngo\u00e0i h\u00e0nh tinh trong th\u1ebf gi\u1edbi ng\u00e0y nay. Ti\u1ebft l\u1ed9 b\u1ea3n ch\u1ea5t v\u00e0 \u00fd \u0111\u1ecbnh c\u1ee7a s\u1ef1 can thi\u1ec7p c\u1ee7a ng\u01b0\u1eddi ngo\u00e0i h\u00e0nh tinh.","robots":{"index":"index","follow":"follow","max-snippet":"max-snippet:-1","max-image-preview":"max-image-preview:large","max-video-preview":"max-video-preview:-1"},"canonical":"https:\/\/www.alliesofhumanity.org\/vi\/videos\/","og_locale":"vi_VN","og_type":"article","og_title":"Video v\u1ec1 ng\u01b0\u1eddi ngo\u00e0i h\u00e0nh tinh: Ti\u1ebfp x\u00fac v\u00e0 ti\u1ebft l\u1ed9 ngo\u00e0i Tr\u00e1i \u0111\u1ea5t","og_description":"Video v\u1ec1 s\u1ef1 hi\u1ec7n di\u1ec7n c\u1ee7a ng\u01b0\u1eddi ngo\u00e0i h\u00e0nh tinh trong th\u1ebf gi\u1edbi ng\u00e0y nay. Ti\u1ebft l\u1ed9 b\u1ea3n ch\u1ea5t v\u00e0 \u00fd \u0111\u1ecbnh c\u1ee7a s\u1ef1 can thi\u1ec7p c\u1ee7a ng\u01b0\u1eddi ngo\u00e0i h\u00e0nh tinh.","og_url":"https:\/\/www.alliesofhumanity.org\/vi\/videos\/","og_site_name":"The Allies of Humanity","article_publisher":"https:\/\/www.facebook.com\/alliesofhumanity\/","article_modified_time":"2021-03-25T23:13:40+00:00","og_image":[{"width":1200,"height":630,"url":"https:\/\/www.alliesofhumanity.org\/wp-content\/uploads\/2021\/01\/og-socialmedia-aoh.jpg","type":"image\/jpeg"}],"twitter_card":"summary_large_image","twitter_title":"Video v\u1ec1 ng\u01b0\u1eddi ngo\u00e0i h\u00e0nh tinh: Ti\u1ebfp x\u00fac v\u00e0 ti\u1ebft l\u1ed9 ngo\u00e0i Tr\u00e1i \u0111\u1ea5t","twitter_site":"@earthallies","schema":{"@context":"https:\/\/schema.org","@graph":[{"@type":"WebPage","@id":"https:\/\/www.alliesofhumanity.org\/vi\/videos\/","url":"https:\/\/www.alliesofhumanity.org\/vi\/videos\/","name":"Video v\u1ec1 ng\u01b0\u1eddi ngo\u00e0i h\u00e0nh tinh: Ti\u1ebfp x\u00fac v\u00e0 ti\u1ebft l\u1ed9 ngo\u00e0i Tr\u00e1i \u0111\u1ea5t","isPartOf":{"@id":"https:\/\/www.alliesofhumanity.org\/vi\/#website"},"datePublished":"2021-02-26T07:19:48+00:00","dateModified":"2021-03-25T23:13:40+00:00","description":"Video v\u1ec1 s\u1ef1 hi\u1ec7n di\u1ec7n c\u1ee7a ng\u01b0\u1eddi ngo\u00e0i h\u00e0nh tinh trong th\u1ebf gi\u1edbi ng\u00e0y nay. Ti\u1ebft l\u1ed9 b\u1ea3n ch\u1ea5t v\u00e0 \u00fd \u0111\u1ecbnh c\u1ee7a s\u1ef1 can thi\u1ec7p c\u1ee7a ng\u01b0\u1eddi ngo\u00e0i h\u00e0nh tinh.","inLanguage":"vi-VN","potentialAction":[{"@type":"ReadAction","target":["https:\/\/www.alliesofhumanity.org\/vi\/videos\/"]}]},{"@type":"WebSite","@id":"https:\/\/www.alliesofhumanity.org\/vi\/#website","url":"https:\/\/www.alliesofhumanity.org\/vi\/","name":"The Allies of Humanity","description":"","potentialAction":[{"@type":"SearchAction","target":{"@type":"EntryPoint","urlTemplate":"https:\/\/www.alliesofhumanity.org\/vi\/?s={search_term_string}"},"query-input":{"@type":"PropertyValueSpecification","valueRequired":true,"valueName":"search_term_string"}}],"inLanguage":"vi-VN"}]}},"_links":{"self":[{"href":"https:\/\/www.alliesofhumanity.org\/vi\/wp-json\/wp\/v2\/pages\/14586","targetHints":{"allow":["GET"]}}],"collection":[{"href":"https:\/\/www.alliesofhumanity.org\/vi\/wp-json\/wp\/v2\/pages"}],"about":[{"href":"https:\/\/www.alliesofhumanity.org\/vi\/wp-json\/wp\/v2\/types\/page"}],"author":[{"embeddable":true,"href":"https:\/\/www.alliesofhumanity.org\/vi\/wp-json\/wp\/v2\/users\/2"}],"replies":[{"embeddable":true,"href":"https:\/\/www.alliesofhumanity.org\/vi\/wp-json\/wp\/v2\/comments?post=14586"}],"version-history":[{"count":1,"href":"https:\/\/www.alliesofhumanity.org\/vi\/wp-json\/wp\/v2\/pages\/14586\/revisions"}],"predecessor-version":[{"id":14960,"href":"https:\/\/www.alliesofhumanity.org\/vi\/wp-json\/wp\/v2\/pages\/14586\/revisions\/14960"}],"wp:attachment":[{"href":"https:\/\/www.alliesofhumanity.org\/vi\/wp-json\/wp\/v2\/media?parent=14586"}],"curies":[{"name":"wp","href":"https:\/\/api.w.org\/{rel}","templated":true}]}}