{"id":14514,"date":"2021-02-26T08:17:22","date_gmt":"2021-02-26T07:17:22","guid":{"rendered":"https:\/\/www.alliesofhumanity.org\/education-and-action\/"},"modified":"2024-03-14T09:29:34","modified_gmt":"2024-03-14T08:29:34","slug":"education-and-action","status":"publish","type":"page","link":"https:\/\/www.alliesofhumanity.org\/vi\/education-and-action\/","title":{"rendered":"Gi\u00e1o D\u1ee5c v\u00e0 H\u00e0nh \u0110\u1ed9ng"},"content":{"rendered":"\t\t<div data-elementor-type=\"wp-page\" data-elementor-id=\"14514\" class=\"elementor elementor-14514 elementor-1867\" data-elementor-post-type=\"page\">\t\t\t\t\t\t<section class=\"elementor-section elementor-top-section elementor-element elementor-element-4782b150 elementor-section-full_width elementor-section-height-default elementor-section-height-default\" data-id=\"4782b150\" data-element_type=\"section\">\t\t\t\t\t\t<div class=\"elementor-container elementor-column-gap-default\">\t\t\t\t\t<div class=\"elementor-column elementor-col-100 elementor-top-column elementor-element elementor-element-54d1ac8e\" data-id=\"54d1ac8e\" data-element_type=\"column\">\t\t\t<div class=\"elementor-widget-wrap elementor-element-populated\">\t\t\t\t\t\t<div class=\"elementor-element elementor-element-5f862d9 elementor-widget elementor-widget-text-editor\" data-id=\"5f862d9\" data-element_type=\"widget\" data-widget_type=\"text-editor.default\">\t\t\t\t<div class=\"elementor-widget-container\">\t\t\t\t\t\t\t\t\t<h5>Gia \u0110\u00ecnh Lo\u00e0i Ng\u01b0\u1eddi \u0111ang \u0111\u1ed1i m\u1eb7t v\u1edbi ng\u01b0\u1ee1ng c\u1eeda l\u1edbn nh\u1ea5t trong l\u1ecbch s\u1eed l\u00e2u d\u00e0i c\u1ee7a n\u00f3 &#8211; s\u1ef1 tr\u1ed7i l\u00ean c\u1ee7a n\u00f3 v\u00e0o trong m\u1ed9t C\u1ed9ng \u0110\u1ed3ng V\u0129 \u0110\u1ea1i c\u1ee7a s\u1ef1 s\u1ed1ng th\u00f4ng minh trong v\u0169 tr\u1ee5. S\u1ef1 tr\u1ed7i l\u00ean n\u00e0y s\u1ebd thay \u0111\u1ed5i nh\u1eadn th\u1ee9c, ni\u1ec1m tin c\u1ee7a con ng\u01b0\u1eddi v\u00e0 c\u00e1ch ch\u00fang ta s\u1ed1ng \u1edf \u0111\u00e2y tr\u00ean Tr\u00e1i \u0110\u1ea5t. Tuy nhi\u00ean nh\u00e2n lo\u1ea1i ch\u01b0a \u0111\u01b0\u1ee3c chu\u1ea9n b\u1ecb.<\/h5>\rL\u1ea7n \u0111\u1ea7u ti\u00ean, c\u00e1ch chu\u1ea9n b\u1ecb cho vi\u1ec7c v\u01b0\u1ee3t qua ng\u01b0\u1ee1ng c\u1eeda v\u0129 \u0111\u1ea1i v\u00e0o trong C\u1ed9ng \u0110\u1ed3ng V\u0129 \u0110\u1ea1i \u0111ang \u0111\u01b0\u1ee3c cung c\u1ea5p th\u00f4ng qua c\u00e1c b\u00e0i vi\u1ebft c\u1ee7a <a href=\"https:\/\/www.marshallsummers.com\" target=\"_blank\" rel=\"noopener noreferrer\">MV Summers<\/a>. To\u00e0n b\u1ed9 kho r\u1ed9ng l\u1edbn n\u00e0y c\u1ee7a c\u00e1c Gi\u00e1o Hu\u1ea5n kh\u00f4ng gi\u1ed1ng b\u1ea5t c\u1ee9 th\u1ee9 g\u00ec tr\u00ean th\u1ebf gi\u1edbi ng\u00e0y h\u00f4m nay v\u00e0 \u0111\u1ea1i di\u1ec7n cho m\u1ed9t <a href=\"https:\/\/www.newmessage.org\/\" target=\"_blank\" rel=\"noopener noreferrer\">Th\u00f4ng \u0110i\u1ec7p M\u1edbi cho Nh\u00e2n Lo\u1ea1i<\/a>.\r\r<strong>Gi\u00e1o D\u1ee5c v\u00e0 H\u00e0nh \u0110\u1ed9ng l\u00e0 thi\u1ebft y\u1ebfu \u0111\u1ec3 mang th\u00f4ng \u0111i\u1ec7p v\u00e0 nh\u1eadn th\u1ee9c m\u1edbi n\u00e0y \u0111\u1ebfn cho Nh\u00e2n Lo\u1ea1i.<\/strong>\r<h5>H\u00e3y ti\u1ebfp t\u1ee5c gi\u00e1o d\u1ee5c C\u1ed9ng \u0110\u1ed3ng V\u0129 \u0110\u1ea1i c\u1ee7a b\u1ea1n trong\r<a title=\"The Free School of the New Message from God\" href=\"https:\/\/community.newmessage.org\" target=\"_blank\" rel=\"noopener noreferrer\">Tr\u01b0\u1eddng H\u1ecdc Mi\u1ec5n Ph\u00ed c\u1ee7a Th\u00f4ng \u0110i\u1ec7p M\u1edbi.<\/a>\rTo\u00e0n c\u1ea7u, tr\u1ef1c tuy\u1ebfn v\u00e0 d\u00e0nh cho t\u1ea5t c\u1ea3 m\u1ecdi ng\u01b0\u1eddi.<\/h5>\r<h3>C\u00e1c t\u00e0i li\u1ec7u kh\u00e1c:<\/h3>\r<a href=\"http:\/\/www.newmessage.org\/vi\/the-message\/volume-4\/preparing-for-the-greater-community\">Chu\u1ea9n b\u1ecb cho C\u00f4\u0323ng \u0110\u00f4\u0300ng Vi\u0303 \u0110a\u0323i<\/a>\rCH\u01af\u01a0NG 3: <a href=\"http:\/\/www.newmessage.org\/vi\/the-message\/volume-4\/preparing-for-the-greater-community\/the-essential-truths-about-the-greater-community\/\">Nh\u1eefng S\u1ef1 Th\u1eadt Thi\u1ebft Y\u1ebfu v\u1ec1 C\u1ed9ng \u0110\u1ed3ng V\u0129 \u0110\u1ea1i<\/a>\rCH\u01af\u01a0NG 7: <a href=\"http:\/\/www.newmessage.org\/vi\/the-message\/volume-4\/preparing-for-the-greater-community\/the-great-challenge-awaiting-humanity\/\">Th\u1eed th\u00e1ch v\u0129 \u0111\u1ea1i \u0111ang ch\u1edd \u0111\u1ee3i lo\u00e0i ng\u01b0\u1eddi\r<\/a>CH\u01af\u01a0NG 13:  Nh\u01b0\u0303ng Pha\u0309n H\u00f4\u0300i cu\u0309a Nh\u00e2n Loa\u0323i cho C\u00f4\u0323ng \u0110\u00f4\u0300ng Vi\u0303 \u0110a\u0323i\r<p>\r<\/p><a href=\"https:\/\/www.newmessage.org\/vi\/the-message\/volume-4\/life-universe\">S\u01b0\u0323 S\u00f4\u0301ng trong Vu\u0303 Tru\u0323<\/a>\r<p>\r<\/p><a href=\"https:\/\/www.newmessage.org\/vi\/the-message\/volume-2\/greater-community-spirituality\">Tha\u0301nh Linh cu\u0309a C\u00f4\u0323ng \u0110\u00f4\u0300ng Vi\u0303 \u0110a\u0323i<\/a>\rCH\u01af\u01a0NG 6: <a href=\"https:\/\/www.newmessage.org\/vi\/the-message\/volume-2\/greater-community-spirituality\/what-is-the-greater-community\">C\u1ed9ng \u0110\u1ed3ng V\u0129 \u0110\u1ea1i l\u00e0 G\u00ec?<\/a>\r<p>\r<\/p><a href=\"https:\/\/www.newmessage.org\/vi\/the-message\/volume-4\/great-waves-change\">Nh\u01b0\u0303ng \u0110\u01a1\u0323t So\u0301ng Vi\u0303 \u0110a\u0323i cu\u0309a \u0110\u00f4\u0309i Thay<\/a>\rCH\u01af\u01a0NG 1: <a href=\"https:\/\/www.newmessage.org\/the-message\/volume-4\/great-waves-change\/the-great-waves-of-change\/\">Nh\u1eefng \u0110\u1ee3t S\u00f3ng V\u0129 \u0110\u1ea1i c\u1ee7a \u0110\u1ed5i Thay<\/a>\r<p>\r<\/p><a href=\"https:\/\/www.newmessage.org\/vi\/the-message\/volume-5\/wisdom-greater-community-volume-1\">Minh Tri\u00ea\u0301t t\u01b0\u0300 C\u00f4\u0323ng \u0110\u00f4\u0300ng Vi\u0303 \u0110a\u0323i T\u00e2\u0323p M\u00f4\u0323t<\/a>\r<p>CH\u01af\u01a0NG 3: C\u00f4\u0323ng \u0110\u00f4\u0300ng Vi\u0303 \u0110a\u0323i\r<\/p><p>\r<\/p><a href=\"https:\/\/www.newmessage.org\/vi\/the-message\/volume-5\/wisdom-greater-community-volume-2\">Minh Tri\u00ea\u0301t t\u01b0\u0300 C\u00f4\u0323ng \u0110\u00f4\u0300ng Vi\u0303 \u0110a\u0323i T\u00e2\u0323p Hai<\/a>\rCH\u01af\u01a0NG 10: <a href=\"https:\/\/www.newmessage.org\/vi\/the-message\/volume-5\/wisdom-greater-community-volume-2\/greater-community-visitations\/\">Nh\u1eefng Chuy\u1ebfn Th\u0103m t\u1eeb C\u1ed9ng \u0110\u1ed3ng V\u0129 \u0110\u1ea1i<\/a>\rCH\u01af\u01a0NG 25: <a href=\"https:\/\/www.newmessage.org\/vi\/the-message\/volume-5\/wisdom-greater-community-volume-2\/self-expression-and-the-mental-environment\/\">S\u1ef1 Th\u1ec3 Hi\u1ec7n B\u1ea3n Th\u00e2n v\u00e0 M\u00f4i Tr\u01b0\u1eddng Tinh Th\u1ea7n<\/a>\r<p>\r<\/p><a href=\"https:\/\/www.newmessage.org\/vi\/the-message\/volume-3\/living-way-knowledge\">S\u00f4\u0301ng theo Con \u0110\u01b0\u01a1\u0300ng cu\u0309a Tri Th\u01b0\u0301c<\/a>\rCH\u01af\u01a0NG11: <a href=\"https:\/\/www.newmessage.org\/the-message\/volume-3\/living-way-knowledge\/preparing-for-the-future\">Chu\u00e2\u0309n Bi\u0323 cho T\u01b0\u01a1ng Lai<\/a>\r<p>\r<\/p><a href=\"https:\/\/www.newmessage.org\/vi\/the-message\/volume-3\/steps-to-knowledge\/\">Nh\u01b0\u0303ng B\u01b0\u01a1\u0301c \u0110i \u0111\u00ea\u0301n Tri Th\u01b0\u0301c<\/a>\r<a href=\"https:\/\/www.newmessage.org\/vi\/the-message\/volume-3\/steps-to-knowledge\/introduction\/\">Gi\u01a1\u0301i thi\u00ea\u0323u<\/a>\r<p>\r<\/p><h3>Gi\u00e1o Hu\u1ea5n c\u1ee7a Th\u00f4ng \u0110i\u1ec7p M\u1edbi:<\/h3>\r<ul>\r \t<li><a href=\"https:\/\/www.newmessage.org\/vi\/the-message\/volume-1\/greater-community\/entering-the-greater-community\/\">Ti\u00ea\u0301n va\u0300o C\u00f4\u0323ng \u0110\u00f4\u0300ng Vi\u0303 \u0110a\u0323i<\/a><\/li>\r \t<li><a href=\"https:\/\/www.newmessage.org\/vi\/the-message\/other-revelations\/age-of-women\/\">Th\u1eddi \u0110\u1ea1i c\u1ee7a Ph\u1ee5 N\u1eef<\/a><\/li>\r \t<li><a href=\"https:\/\/www.newmessage.org\/vi\/the-message\/volume-1\/new-world\/what-will-save-humanity\/\">\u0110i\u1ec1u g\u00ec s\u1ebd C\u1ee9u Nh\u00e2n Lo\u1ea1i?\r<\/a><\/li>\r<\/ul>\r<h3>B\u00e0i B\u00ecnh Lu\u1eadn c\u1ee7a Gi\u00e1o Vi\u00ean t\u1eeb <a href=\"https:\/\/www.alliesofhumanity.org\/vi\/the-briefings\/book-two\/\">Allies of\u0110\u1ed3ng Minh c\u1ee7a Nh\u00e2n Lo\u1ea1i T\u1eadp hai<\/a>:<\/h3>\r<ul>\r \t<li>M\u1ed9t: <a href=\"https:\/\/www.alliesofhumanity.org\/vi\/the-briefings\/book-two\/the-problem-of-human-denial-first-commentary\/\">V\u1ea5n \u0110\u1ec1 c\u1ee7a Vi\u1ec7c Ph\u1ee7 Nh\u1eadn c\u1ee7a Con Ng\u01b0\u1eddi<\/a><\/li>\r \t<li>Hai: <a href=\"https:\/\/www.alliesofhumanity.org\/vi\/the-briefings\/book-two\/effects-of-the-pacification-program-second-commentary\/\">\u1ea2nh H\u01b0\u1edfng c\u1ee7a Ch\u01b0\u01a1ng Tr\u00ecnh B\u00ecnh \u0110\u1ecbnh<\/a><\/li>\r \t<li>Ba: <a href=\"https:\/\/www.alliesofhumanity.org\/vi\/the-briefings\/book-two\/understanding-the-intervention-third-commentary\/\">Hi\u1ec3u \u0110\u01b0\u1ee3c S\u1ef1 Can Thi\u1ec7p<\/a><\/li>\r<\/ul>\r\t\t\t\t\t\t\t\t<\/div>\t\t\t\t<\/div>\t\t\t\t\t<\/div>\t\t<\/div>\t\t\t\t\t<\/div>\t\t<\/section>\t\t\t\t<\/div><p>\t\t<\/p>","protected":false},"excerpt":{"rendered":"<p>Gia \u0110\u00ecnh Lo\u00e0i Ng\u01b0\u1eddi \u0111ang \u0111\u1ed1i m\u1eb7t v\u1edbi ng\u01b0\u1ee1ng c\u1eeda l\u1edbn nh\u1ea5t trong l\u1ecbch s\u1eed l\u00e2u d\u00e0i c\u1ee7a n\u00f3 &#8211; s\u1ef1 tr\u1ed7i l\u00ean c\u1ee7a n\u00f3 v\u00e0o trong m\u1ed9t C\u1ed9ng \u0110\u1ed3ng V\u0129 \u0110\u1ea1i c\u1ee7a s\u1ef1 s\u1ed1ng th\u00f4ng minh trong v\u0169 tr\u1ee5. S\u1ef1 tr\u1ed7i l\u00ean n\u00e0y s\u1ebd thay \u0111\u1ed5i nh\u1eadn th\u1ee9c, ni\u1ec1m tin c\u1ee7a con ng\u01b0\u1eddi v\u00e0 [&hellip;]<\/p>\n","protected":false},"author":25,"featured_media":0,"parent":0,"menu_order":3,"comment_status":"closed","ping_status":"closed","template":"page.php","meta":{"_acf_changed":false,"footnotes":""},"class_list":["post-14514","page","type-page","status-publish","hentry"],"acf":[],"yoast_head":"<!-- This site is optimized with the Yoast SEO plugin v26.5 - https:\/\/yoast.com\/wordpress\/plugins\/seo\/ -->\n<title>S\u01b0\u0323 Ti\u00ea\u0301p Xu\u0301c v\u01a1\u0301i Ng\u01b0\u01a1\u0300i Ngoa\u0300i Ha\u0300nh Tinh: Gia\u0301o Du\u0323c va\u0300 Ha\u0300nh \u0110\u00f4\u0323ng Thi\u00ea\u0301t Y\u00ea\u0301u<\/title>\n<meta name=\"description\" content=\"To\u00e0n b\u1ed9 n\u1ed9i dung Gi\u00e1o Hu\u1ea5n r\u1ed9ng l\u1edbn n\u00e0y kh\u00f4ng gi\u1ed1ng b\u1ea5t c\u1ee9 th\u1ee9 g\u00ec tr\u00ean th\u1ebf gi\u1edbi ng\u00e0y h\u00f4m nay v\u00e0 t\u01b0\u1ee3ng tr\u01b0ng cho Th\u00f4ng \u0110i\u1ec7p M\u1edbi cho Nh\u00e2n Lo\u1ea1i.\" \/>\n<meta name=\"robots\" content=\"index, follow, max-snippet:-1, max-image-preview:large, max-video-preview:-1\" \/>\n<link rel=\"canonical\" href=\"https:\/\/www.alliesofhumanity.org\/vi\/education-and-action\/\" \/>\n<meta property=\"og:locale\" content=\"vi_VN\" \/>\n<meta property=\"og:type\" content=\"article\" \/>\n<meta property=\"og:title\" content=\"S\u01b0\u0323 Ti\u00ea\u0301p Xu\u0301c v\u01a1\u0301i Ng\u01b0\u01a1\u0300i Ngoa\u0300i Ha\u0300nh Tinh: Gia\u0301o Du\u0323c va\u0300 Ha\u0300nh \u0110\u00f4\u0323ng Thi\u00ea\u0301t Y\u00ea\u0301u\" \/>\n<meta property=\"og:description\" content=\"To\u00e0n b\u1ed9 n\u1ed9i dung Gi\u00e1o Hu\u1ea5n r\u1ed9ng l\u1edbn n\u00e0y kh\u00f4ng gi\u1ed1ng b\u1ea5t c\u1ee9 th\u1ee9 g\u00ec tr\u00ean th\u1ebf gi\u1edbi ng\u00e0y h\u00f4m nay v\u00e0 t\u01b0\u1ee3ng tr\u01b0ng cho Th\u00f4ng \u0110i\u1ec7p M\u1edbi cho Nh\u00e2n Lo\u1ea1i.\" \/>\n<meta property=\"og:url\" content=\"https:\/\/www.alliesofhumanity.org\/vi\/education-and-action\/\" \/>\n<meta property=\"og:site_name\" content=\"The Allies of Humanity\" \/>\n<meta property=\"article:publisher\" content=\"https:\/\/www.facebook.com\/alliesofhumanity\/\" \/>\n<meta property=\"article:modified_time\" content=\"2024-03-14T08:29:34+00:00\" \/>\n<meta property=\"og:image\" content=\"https:\/\/www.alliesofhumanity.org\/wp-content\/uploads\/2021\/01\/og-socialmedia-aoh.jpg\" \/>\n\t<meta property=\"og:image:width\" content=\"1200\" \/>\n\t<meta property=\"og:image:height\" content=\"630\" \/>\n\t<meta property=\"og:image:type\" content=\"image\/jpeg\" \/>\n<meta name=\"twitter:card\" content=\"summary_large_image\" \/>\n<meta name=\"twitter:title\" content=\"S\u01b0\u0323 Ti\u00ea\u0301p Xu\u0301c v\u01a1\u0301i Ng\u01b0\u01a1\u0300i Ngoa\u0300i Ha\u0300nh Tinh: Gia\u0301o Du\u0323c va\u0300 Ha\u0300nh \u0110\u00f4\u0323ng Thi\u00ea\u0301t Y\u00ea\u0301u\" \/>\n<meta name=\"twitter:site\" content=\"@earthallies\" \/>\n<meta name=\"twitter:label1\" content=\"Est. reading time\" \/>\n\t<meta name=\"twitter:data1\" content=\"3 minutes\" \/>\n<script type=\"application\/ld+json\" class=\"yoast-schema-graph\">{\"@context\":\"https:\/\/schema.org\",\"@graph\":[{\"@type\":\"WebPage\",\"@id\":\"https:\/\/www.alliesofhumanity.org\/vi\/education-and-action\/\",\"url\":\"https:\/\/www.alliesofhumanity.org\/vi\/education-and-action\/\",\"name\":\"S\u01b0\u0323 Ti\u00ea\u0301p Xu\u0301c v\u01a1\u0301i Ng\u01b0\u01a1\u0300i Ngoa\u0300i Ha\u0300nh Tinh: Gia\u0301o Du\u0323c va\u0300 Ha\u0300nh \u0110\u00f4\u0323ng Thi\u00ea\u0301t Y\u00ea\u0301u\",\"isPartOf\":{\"@id\":\"https:\/\/www.alliesofhumanity.org\/vi\/#website\"},\"datePublished\":\"2021-02-26T07:17:22+00:00\",\"dateModified\":\"2024-03-14T08:29:34+00:00\",\"description\":\"To\u00e0n b\u1ed9 n\u1ed9i dung Gi\u00e1o Hu\u1ea5n r\u1ed9ng l\u1edbn n\u00e0y kh\u00f4ng gi\u1ed1ng b\u1ea5t c\u1ee9 th\u1ee9 g\u00ec tr\u00ean th\u1ebf gi\u1edbi ng\u00e0y h\u00f4m nay v\u00e0 t\u01b0\u1ee3ng tr\u01b0ng cho Th\u00f4ng \u0110i\u1ec7p M\u1edbi cho Nh\u00e2n Lo\u1ea1i.\",\"inLanguage\":\"vi-VN\",\"potentialAction\":[{\"@type\":\"ReadAction\",\"target\":[\"https:\/\/www.alliesofhumanity.org\/vi\/education-and-action\/\"]}]},{\"@type\":\"WebSite\",\"@id\":\"https:\/\/www.alliesofhumanity.org\/vi\/#website\",\"url\":\"https:\/\/www.alliesofhumanity.org\/vi\/\",\"name\":\"The Allies of Humanity\",\"description\":\"\",\"potentialAction\":[{\"@type\":\"SearchAction\",\"target\":{\"@type\":\"EntryPoint\",\"urlTemplate\":\"https:\/\/www.alliesofhumanity.org\/vi\/?s={search_term_string}\"},\"query-input\":{\"@type\":\"PropertyValueSpecification\",\"valueRequired\":true,\"valueName\":\"search_term_string\"}}],\"inLanguage\":\"vi-VN\"}]}<\/script>\n<!-- \/ Yoast SEO plugin. -->","yoast_head_json":{"title":"S\u01b0\u0323 Ti\u00ea\u0301p Xu\u0301c v\u01a1\u0301i Ng\u01b0\u01a1\u0300i Ngoa\u0300i Ha\u0300nh Tinh: Gia\u0301o Du\u0323c va\u0300 Ha\u0300nh \u0110\u00f4\u0323ng Thi\u00ea\u0301t Y\u00ea\u0301u","description":"To\u00e0n b\u1ed9 n\u1ed9i dung Gi\u00e1o Hu\u1ea5n r\u1ed9ng l\u1edbn n\u00e0y kh\u00f4ng gi\u1ed1ng b\u1ea5t c\u1ee9 th\u1ee9 g\u00ec tr\u00ean th\u1ebf gi\u1edbi ng\u00e0y h\u00f4m nay v\u00e0 t\u01b0\u1ee3ng tr\u01b0ng cho Th\u00f4ng \u0110i\u1ec7p M\u1edbi cho Nh\u00e2n Lo\u1ea1i.","robots":{"index":"index","follow":"follow","max-snippet":"max-snippet:-1","max-image-preview":"max-image-preview:large","max-video-preview":"max-video-preview:-1"},"canonical":"https:\/\/www.alliesofhumanity.org\/vi\/education-and-action\/","og_locale":"vi_VN","og_type":"article","og_title":"S\u01b0\u0323 Ti\u00ea\u0301p Xu\u0301c v\u01a1\u0301i Ng\u01b0\u01a1\u0300i Ngoa\u0300i Ha\u0300nh Tinh: Gia\u0301o Du\u0323c va\u0300 Ha\u0300nh \u0110\u00f4\u0323ng Thi\u00ea\u0301t Y\u00ea\u0301u","og_description":"To\u00e0n b\u1ed9 n\u1ed9i dung Gi\u00e1o Hu\u1ea5n r\u1ed9ng l\u1edbn n\u00e0y kh\u00f4ng gi\u1ed1ng b\u1ea5t c\u1ee9 th\u1ee9 g\u00ec tr\u00ean th\u1ebf gi\u1edbi ng\u00e0y h\u00f4m nay v\u00e0 t\u01b0\u1ee3ng tr\u01b0ng cho Th\u00f4ng \u0110i\u1ec7p M\u1edbi cho Nh\u00e2n Lo\u1ea1i.","og_url":"https:\/\/www.alliesofhumanity.org\/vi\/education-and-action\/","og_site_name":"The Allies of Humanity","article_publisher":"https:\/\/www.facebook.com\/alliesofhumanity\/","article_modified_time":"2024-03-14T08:29:34+00:00","og_image":[{"width":1200,"height":630,"url":"https:\/\/www.alliesofhumanity.org\/wp-content\/uploads\/2021\/01\/og-socialmedia-aoh.jpg","type":"image\/jpeg"}],"twitter_card":"summary_large_image","twitter_title":"S\u01b0\u0323 Ti\u00ea\u0301p Xu\u0301c v\u01a1\u0301i Ng\u01b0\u01a1\u0300i Ngoa\u0300i Ha\u0300nh Tinh: Gia\u0301o Du\u0323c va\u0300 Ha\u0300nh \u0110\u00f4\u0323ng Thi\u00ea\u0301t Y\u00ea\u0301u","twitter_site":"@earthallies","twitter_misc":{"Est. reading time":"3 minutes"},"schema":{"@context":"https:\/\/schema.org","@graph":[{"@type":"WebPage","@id":"https:\/\/www.alliesofhumanity.org\/vi\/education-and-action\/","url":"https:\/\/www.alliesofhumanity.org\/vi\/education-and-action\/","name":"S\u01b0\u0323 Ti\u00ea\u0301p Xu\u0301c v\u01a1\u0301i Ng\u01b0\u01a1\u0300i Ngoa\u0300i Ha\u0300nh Tinh: Gia\u0301o Du\u0323c va\u0300 Ha\u0300nh \u0110\u00f4\u0323ng Thi\u00ea\u0301t Y\u00ea\u0301u","isPartOf":{"@id":"https:\/\/www.alliesofhumanity.org\/vi\/#website"},"datePublished":"2021-02-26T07:17:22+00:00","dateModified":"2024-03-14T08:29:34+00:00","description":"To\u00e0n b\u1ed9 n\u1ed9i dung Gi\u00e1o Hu\u1ea5n r\u1ed9ng l\u1edbn n\u00e0y kh\u00f4ng gi\u1ed1ng b\u1ea5t c\u1ee9 th\u1ee9 g\u00ec tr\u00ean th\u1ebf gi\u1edbi ng\u00e0y h\u00f4m nay v\u00e0 t\u01b0\u1ee3ng tr\u01b0ng cho Th\u00f4ng \u0110i\u1ec7p M\u1edbi cho Nh\u00e2n Lo\u1ea1i.","inLanguage":"vi-VN","potentialAction":[{"@type":"ReadAction","target":["https:\/\/www.alliesofhumanity.org\/vi\/education-and-action\/"]}]},{"@type":"WebSite","@id":"https:\/\/www.alliesofhumanity.org\/vi\/#website","url":"https:\/\/www.alliesofhumanity.org\/vi\/","name":"The Allies of Humanity","description":"","potentialAction":[{"@type":"SearchAction","target":{"@type":"EntryPoint","urlTemplate":"https:\/\/www.alliesofhumanity.org\/vi\/?s={search_term_string}"},"query-input":{"@type":"PropertyValueSpecification","valueRequired":true,"valueName":"search_term_string"}}],"inLanguage":"vi-VN"}]}},"_links":{"self":[{"href":"https:\/\/www.alliesofhumanity.org\/vi\/wp-json\/wp\/v2\/pages\/14514","targetHints":{"allow":["GET"]}}],"collection":[{"href":"https:\/\/www.alliesofhumanity.org\/vi\/wp-json\/wp\/v2\/pages"}],"about":[{"href":"https:\/\/www.alliesofhumanity.org\/vi\/wp-json\/wp\/v2\/types\/page"}],"author":[{"embeddable":true,"href":"https:\/\/www.alliesofhumanity.org\/vi\/wp-json\/wp\/v2\/users\/25"}],"replies":[{"embeddable":true,"href":"https:\/\/www.alliesofhumanity.org\/vi\/wp-json\/wp\/v2\/comments?post=14514"}],"version-history":[{"count":9,"href":"https:\/\/www.alliesofhumanity.org\/vi\/wp-json\/wp\/v2\/pages\/14514\/revisions"}],"predecessor-version":[{"id":22180,"href":"https:\/\/www.alliesofhumanity.org\/vi\/wp-json\/wp\/v2\/pages\/14514\/revisions\/22180"}],"wp:attachment":[{"href":"https:\/\/www.alliesofhumanity.org\/vi\/wp-json\/wp\/v2\/media?parent=14514"}],"curies":[{"name":"wp","href":"https:\/\/api.w.org\/{rel}","templated":true}]}}