{"id":14489,"date":"2021-02-26T07:08:17","date_gmt":"2021-02-26T06:08:17","guid":{"rendered":"https:\/\/www.alliesofhumanity.org\/the-briefings\/"},"modified":"2024-03-14T08:42:18","modified_gmt":"2024-03-14T07:42:18","slug":"the-briefings","status":"publish","type":"page","link":"https:\/\/www.alliesofhumanity.org\/vi\/the-briefings\/","title":{"rendered":"Nh\u01b0\u0303ng Ba\u0300i T\u00f3m T\u1eaft"},"content":{"rendered":"","protected":false},"excerpt":{"rendered":"","protected":false},"author":25,"featured_media":0,"parent":0,"menu_order":2,"comment_status":"closed","ping_status":"closed","template":"page-landing.php","meta":{"_acf_changed":false,"footnotes":""},"class_list":["post-14489","page","type-page","status-publish","hentry"],"acf":[],"yoast_head":"<!-- This site is optimized with the Yoast SEO plugin v26.5 - https:\/\/yoast.com\/wordpress\/plugins\/seo\/ -->\n<title>B\u00e0i T\u00f3m T\u1eaft b\u01a1\u0309i \u0110\u1ed3ng Minh c\u1ee7a Nh\u00e2n Lo\u1ea1i: Ti\u1ebft l\u1ed9 v\u1ec1 S\u1ef1 Hi\u1ec7n Di\u1ec7n c\u1ee7a Ng\u01b0\u1eddi Ngo\u00e0i H\u00e0nh Tinh<\/title>\n<meta name=\"description\" content=\"B\u00e0i T\u00f3m T\u1eaft b\u01a1\u0309i \u0110\u1ed3ng Minh ch\u1ee9a m\u1ed9t s\u1ed1 tuy\u00ean b\u1ed1 quan tr\u1ecdng n\u1ebfu kh\u00f4ng mu\u1ed1n n\u00f3i l\u00e0 \u0111\u00e1ng b\u00e1o \u0111\u1ed9ng v\u1ec1 s\u1ef1 can thi\u1ec7p ng\u00e0y c\u00e0ng t\u0103ng b\u01a1\u0309i ng\u01b0\u1eddi ngo\u00e0i ha\u0300nh tinh, v\u00e0 mu\u0323c ti\u00eau c\u1ee7a n\u00f3.\" \/>\n<meta name=\"robots\" content=\"index, follow, max-snippet:-1, max-image-preview:large, max-video-preview:-1\" \/>\n<link rel=\"canonical\" href=\"https:\/\/www.alliesofhumanity.org\/vi\/the-briefings\/\" \/>\n<meta property=\"og:locale\" content=\"vi_VN\" \/>\n<meta property=\"og:type\" content=\"article\" \/>\n<meta property=\"og:title\" content=\"B\u00e0i T\u00f3m T\u1eaft b\u01a1\u0309i \u0110\u1ed3ng Minh c\u1ee7a Nh\u00e2n Lo\u1ea1i: Ti\u1ebft l\u1ed9 v\u1ec1 S\u1ef1 Hi\u1ec7n Di\u1ec7n c\u1ee7a Ng\u01b0\u1eddi Ngo\u00e0i H\u00e0nh Tinh\" \/>\n<meta property=\"og:description\" content=\"B\u00e0i T\u00f3m T\u1eaft b\u01a1\u0309i \u0110\u1ed3ng Minh ch\u1ee9a m\u1ed9t s\u1ed1 tuy\u00ean b\u1ed1 quan tr\u1ecdng n\u1ebfu kh\u00f4ng mu\u1ed1n n\u00f3i l\u00e0 \u0111\u00e1ng b\u00e1o \u0111\u1ed9ng v\u1ec1 s\u1ef1 can thi\u1ec7p ng\u00e0y c\u00e0ng t\u0103ng b\u01a1\u0309i ng\u01b0\u1eddi ngo\u00e0i ha\u0300nh tinh, v\u00e0 mu\u0323c ti\u00eau c\u1ee7a n\u00f3.\" \/>\n<meta property=\"og:url\" content=\"https:\/\/www.alliesofhumanity.org\/vi\/the-briefings\/\" \/>\n<meta property=\"og:site_name\" content=\"The Allies of Humanity\" \/>\n<meta property=\"article:publisher\" content=\"https:\/\/www.facebook.com\/alliesofhumanity\/\" \/>\n<meta property=\"article:modified_time\" content=\"2024-03-14T07:42:18+00:00\" \/>\n<meta property=\"og:image\" content=\"https:\/\/www.alliesofhumanity.org\/wp-content\/uploads\/2021\/01\/og-socialmedia-aoh.jpg\" \/>\n\t<meta property=\"og:image:width\" content=\"1200\" \/>\n\t<meta property=\"og:image:height\" content=\"630\" \/>\n\t<meta property=\"og:image:type\" content=\"image\/jpeg\" \/>\n<meta name=\"twitter:card\" content=\"summary_large_image\" \/>\n<meta name=\"twitter:title\" content=\"B\u00e0i T\u00f3m T\u1eaft b\u01a1\u0309i \u0110\u1ed3ng Minh c\u1ee7a Nh\u00e2n Lo\u1ea1i: Ti\u1ebft l\u1ed9 v\u1ec1 S\u1ef1 Hi\u1ec7n Di\u1ec7n c\u1ee7a Ng\u01b0\u1eddi Ngo\u00e0i H\u00e0nh Tinh\" \/>\n<meta name=\"twitter:site\" content=\"@earthallies\" \/>\n<script type=\"application\/ld+json\" class=\"yoast-schema-graph\">{\"@context\":\"https:\/\/schema.org\",\"@graph\":[{\"@type\":\"WebPage\",\"@id\":\"https:\/\/www.alliesofhumanity.org\/vi\/the-briefings\/\",\"url\":\"https:\/\/www.alliesofhumanity.org\/vi\/the-briefings\/\",\"name\":\"B\u00e0i T\u00f3m T\u1eaft b\u01a1\u0309i \u0110\u1ed3ng Minh c\u1ee7a Nh\u00e2n Lo\u1ea1i: Ti\u1ebft l\u1ed9 v\u1ec1 S\u1ef1 Hi\u1ec7n Di\u1ec7n c\u1ee7a Ng\u01b0\u1eddi Ngo\u00e0i H\u00e0nh Tinh\",\"isPartOf\":{\"@id\":\"https:\/\/www.alliesofhumanity.org\/vi\/#website\"},\"datePublished\":\"2021-02-26T06:08:17+00:00\",\"dateModified\":\"2024-03-14T07:42:18+00:00\",\"description\":\"B\u00e0i T\u00f3m T\u1eaft b\u01a1\u0309i \u0110\u1ed3ng Minh ch\u1ee9a m\u1ed9t s\u1ed1 tuy\u00ean b\u1ed1 quan tr\u1ecdng n\u1ebfu kh\u00f4ng mu\u1ed1n n\u00f3i l\u00e0 \u0111\u00e1ng b\u00e1o \u0111\u1ed9ng v\u1ec1 s\u1ef1 can thi\u1ec7p ng\u00e0y c\u00e0ng t\u0103ng b\u01a1\u0309i ng\u01b0\u1eddi ngo\u00e0i ha\u0300nh tinh, v\u00e0 mu\u0323c ti\u00eau c\u1ee7a n\u00f3.\",\"inLanguage\":\"vi-VN\",\"potentialAction\":[{\"@type\":\"ReadAction\",\"target\":[\"https:\/\/www.alliesofhumanity.org\/vi\/the-briefings\/\"]}]},{\"@type\":\"WebSite\",\"@id\":\"https:\/\/www.alliesofhumanity.org\/vi\/#website\",\"url\":\"https:\/\/www.alliesofhumanity.org\/vi\/\",\"name\":\"The Allies of Humanity\",\"description\":\"\",\"potentialAction\":[{\"@type\":\"SearchAction\",\"target\":{\"@type\":\"EntryPoint\",\"urlTemplate\":\"https:\/\/www.alliesofhumanity.org\/vi\/?s={search_term_string}\"},\"query-input\":{\"@type\":\"PropertyValueSpecification\",\"valueRequired\":true,\"valueName\":\"search_term_string\"}}],\"inLanguage\":\"vi-VN\"}]}<\/script>\n<!-- \/ Yoast SEO plugin. -->","yoast_head_json":{"title":"B\u00e0i T\u00f3m T\u1eaft b\u01a1\u0309i \u0110\u1ed3ng Minh c\u1ee7a Nh\u00e2n Lo\u1ea1i: Ti\u1ebft l\u1ed9 v\u1ec1 S\u1ef1 Hi\u1ec7n Di\u1ec7n c\u1ee7a Ng\u01b0\u1eddi Ngo\u00e0i H\u00e0nh Tinh","description":"B\u00e0i T\u00f3m T\u1eaft b\u01a1\u0309i \u0110\u1ed3ng Minh ch\u1ee9a m\u1ed9t s\u1ed1 tuy\u00ean b\u1ed1 quan tr\u1ecdng n\u1ebfu kh\u00f4ng mu\u1ed1n n\u00f3i l\u00e0 \u0111\u00e1ng b\u00e1o \u0111\u1ed9ng v\u1ec1 s\u1ef1 can thi\u1ec7p ng\u00e0y c\u00e0ng t\u0103ng b\u01a1\u0309i ng\u01b0\u1eddi ngo\u00e0i ha\u0300nh tinh, v\u00e0 mu\u0323c ti\u00eau c\u1ee7a n\u00f3.","robots":{"index":"index","follow":"follow","max-snippet":"max-snippet:-1","max-image-preview":"max-image-preview:large","max-video-preview":"max-video-preview:-1"},"canonical":"https:\/\/www.alliesofhumanity.org\/vi\/the-briefings\/","og_locale":"vi_VN","og_type":"article","og_title":"B\u00e0i T\u00f3m T\u1eaft b\u01a1\u0309i \u0110\u1ed3ng Minh c\u1ee7a Nh\u00e2n Lo\u1ea1i: Ti\u1ebft l\u1ed9 v\u1ec1 S\u1ef1 Hi\u1ec7n Di\u1ec7n c\u1ee7a Ng\u01b0\u1eddi Ngo\u00e0i H\u00e0nh Tinh","og_description":"B\u00e0i T\u00f3m T\u1eaft b\u01a1\u0309i \u0110\u1ed3ng Minh ch\u1ee9a m\u1ed9t s\u1ed1 tuy\u00ean b\u1ed1 quan tr\u1ecdng n\u1ebfu kh\u00f4ng mu\u1ed1n n\u00f3i l\u00e0 \u0111\u00e1ng b\u00e1o \u0111\u1ed9ng v\u1ec1 s\u1ef1 can thi\u1ec7p ng\u00e0y c\u00e0ng t\u0103ng b\u01a1\u0309i ng\u01b0\u1eddi ngo\u00e0i ha\u0300nh tinh, v\u00e0 mu\u0323c ti\u00eau c\u1ee7a n\u00f3.","og_url":"https:\/\/www.alliesofhumanity.org\/vi\/the-briefings\/","og_site_name":"The Allies of Humanity","article_publisher":"https:\/\/www.facebook.com\/alliesofhumanity\/","article_modified_time":"2024-03-14T07:42:18+00:00","og_image":[{"width":1200,"height":630,"url":"https:\/\/www.alliesofhumanity.org\/wp-content\/uploads\/2021\/01\/og-socialmedia-aoh.jpg","type":"image\/jpeg"}],"twitter_card":"summary_large_image","twitter_title":"B\u00e0i T\u00f3m T\u1eaft b\u01a1\u0309i \u0110\u1ed3ng Minh c\u1ee7a Nh\u00e2n Lo\u1ea1i: Ti\u1ebft l\u1ed9 v\u1ec1 S\u1ef1 Hi\u1ec7n Di\u1ec7n c\u1ee7a Ng\u01b0\u1eddi Ngo\u00e0i H\u00e0nh Tinh","twitter_site":"@earthallies","schema":{"@context":"https:\/\/schema.org","@graph":[{"@type":"WebPage","@id":"https:\/\/www.alliesofhumanity.org\/vi\/the-briefings\/","url":"https:\/\/www.alliesofhumanity.org\/vi\/the-briefings\/","name":"B\u00e0i T\u00f3m T\u1eaft b\u01a1\u0309i \u0110\u1ed3ng Minh c\u1ee7a Nh\u00e2n Lo\u1ea1i: Ti\u1ebft l\u1ed9 v\u1ec1 S\u1ef1 Hi\u1ec7n Di\u1ec7n c\u1ee7a Ng\u01b0\u1eddi Ngo\u00e0i H\u00e0nh Tinh","isPartOf":{"@id":"https:\/\/www.alliesofhumanity.org\/vi\/#website"},"datePublished":"2021-02-26T06:08:17+00:00","dateModified":"2024-03-14T07:42:18+00:00","description":"B\u00e0i T\u00f3m T\u1eaft b\u01a1\u0309i \u0110\u1ed3ng Minh ch\u1ee9a m\u1ed9t s\u1ed1 tuy\u00ean b\u1ed1 quan tr\u1ecdng n\u1ebfu kh\u00f4ng mu\u1ed1n n\u00f3i l\u00e0 \u0111\u00e1ng b\u00e1o \u0111\u1ed9ng v\u1ec1 s\u1ef1 can thi\u1ec7p ng\u00e0y c\u00e0ng t\u0103ng b\u01a1\u0309i ng\u01b0\u1eddi ngo\u00e0i ha\u0300nh tinh, v\u00e0 mu\u0323c ti\u00eau c\u1ee7a n\u00f3.","inLanguage":"vi-VN","potentialAction":[{"@type":"ReadAction","target":["https:\/\/www.alliesofhumanity.org\/vi\/the-briefings\/"]}]},{"@type":"WebSite","@id":"https:\/\/www.alliesofhumanity.org\/vi\/#website","url":"https:\/\/www.alliesofhumanity.org\/vi\/","name":"The Allies of Humanity","description":"","potentialAction":[{"@type":"SearchAction","target":{"@type":"EntryPoint","urlTemplate":"https:\/\/www.alliesofhumanity.org\/vi\/?s={search_term_string}"},"query-input":{"@type":"PropertyValueSpecification","valueRequired":true,"valueName":"search_term_string"}}],"inLanguage":"vi-VN"}]}},"_links":{"self":[{"href":"https:\/\/www.alliesofhumanity.org\/vi\/wp-json\/wp\/v2\/pages\/14489","targetHints":{"allow":["GET"]}}],"collection":[{"href":"https:\/\/www.alliesofhumanity.org\/vi\/wp-json\/wp\/v2\/pages"}],"about":[{"href":"https:\/\/www.alliesofhumanity.org\/vi\/wp-json\/wp\/v2\/types\/page"}],"author":[{"embeddable":true,"href":"https:\/\/www.alliesofhumanity.org\/vi\/wp-json\/wp\/v2\/users\/25"}],"replies":[{"embeddable":true,"href":"https:\/\/www.alliesofhumanity.org\/vi\/wp-json\/wp\/v2\/comments?post=14489"}],"version-history":[{"count":1,"href":"https:\/\/www.alliesofhumanity.org\/vi\/wp-json\/wp\/v2\/pages\/14489\/revisions"}],"predecessor-version":[{"id":22157,"href":"https:\/\/www.alliesofhumanity.org\/vi\/wp-json\/wp\/v2\/pages\/14489\/revisions\/22157"}],"wp:attachment":[{"href":"https:\/\/www.alliesofhumanity.org\/vi\/wp-json\/wp\/v2\/media?parent=14489"}],"curies":[{"name":"wp","href":"https:\/\/api.w.org\/{rel}","templated":true}]}}