{"id":14486,"date":"2021-02-26T06:48:57","date_gmt":"2021-02-26T05:48:57","guid":{"rendered":"https:\/\/www.alliesofhumanity.org\/home\/"},"modified":"2021-05-24T03:14:39","modified_gmt":"2021-05-24T02:14:39","slug":"home","status":"publish","type":"page","link":"https:\/\/www.alliesofhumanity.org\/vi\/","title":{"rendered":"Trang Ch\u1ee7"},"content":{"rendered":"","protected":false},"excerpt":{"rendered":"","protected":false},"author":2,"featured_media":0,"parent":0,"menu_order":0,"comment_status":"closed","ping_status":"closed","template":"home.php","meta":{"_acf_changed":false,"footnotes":""},"class_list":["post-14486","page","type-page","status-publish","hentry"],"acf":[],"yoast_head":"<!-- This site is optimized with the Yoast SEO plugin v26.5 - https:\/\/yoast.com\/wordpress\/plugins\/seo\/ -->\n<title>\u0110\u1ed3ng Minh c\u1ee7a Nh\u00e2n Lo\u1ea1i: Ti\u1ebft l\u1ed9 v\u1ec1 S\u1ef1 Hi\u1ec7n Di\u1ec7n c\u1ee7a Ng\u01b0\u1eddi Ngo\u00e0i H\u00e0nh Tinh<\/title>\n<meta name=\"description\" content=\"Co\u0301 S\u1ef1 Can Thi\u1ec7p b\u01a1\u0309i Ng\u01b0\u1eddi Ngo\u00e0i H\u00e0nh Tinh \u0111ang Di\u00ea\u0303n Ra trong Th\u1ebf Gi\u1edbi Ng\u00e0y H\u00f4m Nay. Ha\u0303y \u0111\u1ecdc B\u00e0i T\u00f3m T\u1eaft b\u01a1\u0309i \u0110\u00f4\u0300ng Minh cu\u0309a Nh\u00e2n Loa\u0323i (mi\u1ec5n ph\u00ed tr\u01b0\u0323c tuy\u00ea\u0301n), \u0111\u00ea\u0309 ti\u0300m hi\u00ea\u0309u th\u00eam.\" \/>\n<meta name=\"robots\" content=\"index, follow, max-snippet:-1, max-image-preview:large, max-video-preview:-1\" \/>\n<link rel=\"canonical\" href=\"https:\/\/www.alliesofhumanity.org\/vi\/\" \/>\n<meta property=\"og:locale\" content=\"vi_VN\" \/>\n<meta property=\"og:type\" content=\"article\" \/>\n<meta property=\"og:title\" content=\"\u0110\u1ed3ng Minh c\u1ee7a Nh\u00e2n Lo\u1ea1i: Ti\u1ebft l\u1ed9 v\u1ec1 S\u1ef1 Hi\u1ec7n Di\u1ec7n c\u1ee7a Ng\u01b0\u1eddi Ngo\u00e0i H\u00e0nh Tinh\" \/>\n<meta property=\"og:description\" content=\"Co\u0301 S\u1ef1 Can Thi\u1ec7p b\u01a1\u0309i Ng\u01b0\u1eddi Ngo\u00e0i H\u00e0nh Tinh \u0111ang Di\u00ea\u0303n Ra trong Th\u1ebf Gi\u1edbi Ng\u00e0y H\u00f4m Nay. Ha\u0303y \u0111\u1ecdc B\u00e0i T\u00f3m T\u1eaft b\u01a1\u0309i \u0110\u00f4\u0300ng Minh cu\u0309a Nh\u00e2n Loa\u0323i (mi\u1ec5n ph\u00ed tr\u01b0\u0323c tuy\u00ea\u0301n), \u0111\u00ea\u0309 ti\u0300m hi\u00ea\u0309u th\u00eam.\" \/>\n<meta property=\"og:url\" content=\"https:\/\/www.alliesofhumanity.org\/vi\/\" \/>\n<meta property=\"og:site_name\" content=\"The Allies of Humanity\" \/>\n<meta property=\"article:publisher\" content=\"https:\/\/www.facebook.com\/alliesofhumanity\/\" \/>\n<meta property=\"article:modified_time\" content=\"2021-05-24T02:14:39+00:00\" \/>\n<meta property=\"og:image\" content=\"https:\/\/www.alliesofhumanity.org\/wp-content\/uploads\/2021\/01\/og-socialmedia-aoh.jpg\" \/>\n\t<meta property=\"og:image:width\" content=\"1200\" \/>\n\t<meta property=\"og:image:height\" content=\"630\" \/>\n\t<meta property=\"og:image:type\" content=\"image\/jpeg\" \/>\n<meta name=\"twitter:card\" content=\"summary_large_image\" \/>\n<meta name=\"twitter:title\" content=\"\u0110\u1ed3ng Minh c\u1ee7a Nh\u00e2n Lo\u1ea1i: Ti\u1ebft l\u1ed9 v\u1ec1 S\u1ef1 Hi\u1ec7n Di\u1ec7n c\u1ee7a Ng\u01b0\u1eddi Ngo\u00e0i H\u00e0nh Tinh\" \/>\n<meta name=\"twitter:site\" content=\"@earthallies\" \/>\n<script type=\"application\/ld+json\" class=\"yoast-schema-graph\">{\"@context\":\"https:\/\/schema.org\",\"@graph\":[{\"@type\":\"WebPage\",\"@id\":\"https:\/\/www.alliesofhumanity.org\/vi\/\",\"url\":\"https:\/\/www.alliesofhumanity.org\/vi\/\",\"name\":\"\u0110\u1ed3ng Minh c\u1ee7a Nh\u00e2n Lo\u1ea1i: Ti\u1ebft l\u1ed9 v\u1ec1 S\u1ef1 Hi\u1ec7n Di\u1ec7n c\u1ee7a Ng\u01b0\u1eddi Ngo\u00e0i H\u00e0nh Tinh\",\"isPartOf\":{\"@id\":\"https:\/\/www.alliesofhumanity.org\/vi\/#website\"},\"datePublished\":\"2021-02-26T05:48:57+00:00\",\"dateModified\":\"2021-05-24T02:14:39+00:00\",\"description\":\"Co\u0301 S\u1ef1 Can Thi\u1ec7p b\u01a1\u0309i Ng\u01b0\u1eddi Ngo\u00e0i H\u00e0nh Tinh \u0111ang Di\u00ea\u0303n Ra trong Th\u1ebf Gi\u1edbi Ng\u00e0y H\u00f4m Nay. Ha\u0303y \u0111\u1ecdc B\u00e0i T\u00f3m T\u1eaft b\u01a1\u0309i \u0110\u00f4\u0300ng Minh cu\u0309a Nh\u00e2n Loa\u0323i (mi\u1ec5n ph\u00ed tr\u01b0\u0323c tuy\u00ea\u0301n), \u0111\u00ea\u0309 ti\u0300m hi\u00ea\u0309u th\u00eam.\",\"inLanguage\":\"vi-VN\",\"potentialAction\":[{\"@type\":\"ReadAction\",\"target\":[\"https:\/\/www.alliesofhumanity.org\/vi\/\"]}]},{\"@type\":\"WebSite\",\"@id\":\"https:\/\/www.alliesofhumanity.org\/vi\/#website\",\"url\":\"https:\/\/www.alliesofhumanity.org\/vi\/\",\"name\":\"The Allies of Humanity\",\"description\":\"\",\"potentialAction\":[{\"@type\":\"SearchAction\",\"target\":{\"@type\":\"EntryPoint\",\"urlTemplate\":\"https:\/\/www.alliesofhumanity.org\/vi\/?s={search_term_string}\"},\"query-input\":{\"@type\":\"PropertyValueSpecification\",\"valueRequired\":true,\"valueName\":\"search_term_string\"}}],\"inLanguage\":\"vi-VN\"}]}<\/script>\n<!-- \/ Yoast SEO plugin. -->","yoast_head_json":{"title":"\u0110\u1ed3ng Minh c\u1ee7a Nh\u00e2n Lo\u1ea1i: Ti\u1ebft l\u1ed9 v\u1ec1 S\u1ef1 Hi\u1ec7n Di\u1ec7n c\u1ee7a Ng\u01b0\u1eddi Ngo\u00e0i H\u00e0nh Tinh","description":"Co\u0301 S\u1ef1 Can Thi\u1ec7p b\u01a1\u0309i Ng\u01b0\u1eddi Ngo\u00e0i H\u00e0nh Tinh \u0111ang Di\u00ea\u0303n Ra trong Th\u1ebf Gi\u1edbi Ng\u00e0y H\u00f4m Nay. Ha\u0303y \u0111\u1ecdc B\u00e0i T\u00f3m T\u1eaft b\u01a1\u0309i \u0110\u00f4\u0300ng Minh cu\u0309a Nh\u00e2n Loa\u0323i (mi\u1ec5n ph\u00ed tr\u01b0\u0323c tuy\u00ea\u0301n), \u0111\u00ea\u0309 ti\u0300m hi\u00ea\u0309u th\u00eam.","robots":{"index":"index","follow":"follow","max-snippet":"max-snippet:-1","max-image-preview":"max-image-preview:large","max-video-preview":"max-video-preview:-1"},"canonical":"https:\/\/www.alliesofhumanity.org\/vi\/","og_locale":"vi_VN","og_type":"article","og_title":"\u0110\u1ed3ng Minh c\u1ee7a Nh\u00e2n Lo\u1ea1i: Ti\u1ebft l\u1ed9 v\u1ec1 S\u1ef1 Hi\u1ec7n Di\u1ec7n c\u1ee7a Ng\u01b0\u1eddi Ngo\u00e0i H\u00e0nh Tinh","og_description":"Co\u0301 S\u1ef1 Can Thi\u1ec7p b\u01a1\u0309i Ng\u01b0\u1eddi Ngo\u00e0i H\u00e0nh Tinh \u0111ang Di\u00ea\u0303n Ra trong Th\u1ebf Gi\u1edbi Ng\u00e0y H\u00f4m Nay. Ha\u0303y \u0111\u1ecdc B\u00e0i T\u00f3m T\u1eaft b\u01a1\u0309i \u0110\u00f4\u0300ng Minh cu\u0309a Nh\u00e2n Loa\u0323i (mi\u1ec5n ph\u00ed tr\u01b0\u0323c tuy\u00ea\u0301n), \u0111\u00ea\u0309 ti\u0300m hi\u00ea\u0309u th\u00eam.","og_url":"https:\/\/www.alliesofhumanity.org\/vi\/","og_site_name":"The Allies of Humanity","article_publisher":"https:\/\/www.facebook.com\/alliesofhumanity\/","article_modified_time":"2021-05-24T02:14:39+00:00","og_image":[{"width":1200,"height":630,"url":"https:\/\/www.alliesofhumanity.org\/wp-content\/uploads\/2021\/01\/og-socialmedia-aoh.jpg","type":"image\/jpeg"}],"twitter_card":"summary_large_image","twitter_title":"\u0110\u1ed3ng Minh c\u1ee7a Nh\u00e2n Lo\u1ea1i: Ti\u1ebft l\u1ed9 v\u1ec1 S\u1ef1 Hi\u1ec7n Di\u1ec7n c\u1ee7a Ng\u01b0\u1eddi Ngo\u00e0i H\u00e0nh Tinh","twitter_site":"@earthallies","schema":{"@context":"https:\/\/schema.org","@graph":[{"@type":"WebPage","@id":"https:\/\/www.alliesofhumanity.org\/vi\/","url":"https:\/\/www.alliesofhumanity.org\/vi\/","name":"\u0110\u1ed3ng Minh c\u1ee7a Nh\u00e2n Lo\u1ea1i: Ti\u1ebft l\u1ed9 v\u1ec1 S\u1ef1 Hi\u1ec7n Di\u1ec7n c\u1ee7a Ng\u01b0\u1eddi Ngo\u00e0i H\u00e0nh Tinh","isPartOf":{"@id":"https:\/\/www.alliesofhumanity.org\/vi\/#website"},"datePublished":"2021-02-26T05:48:57+00:00","dateModified":"2021-05-24T02:14:39+00:00","description":"Co\u0301 S\u1ef1 Can Thi\u1ec7p b\u01a1\u0309i Ng\u01b0\u1eddi Ngo\u00e0i H\u00e0nh Tinh \u0111ang Di\u00ea\u0303n Ra trong Th\u1ebf Gi\u1edbi Ng\u00e0y H\u00f4m Nay. Ha\u0303y \u0111\u1ecdc B\u00e0i T\u00f3m T\u1eaft b\u01a1\u0309i \u0110\u00f4\u0300ng Minh cu\u0309a Nh\u00e2n Loa\u0323i (mi\u1ec5n ph\u00ed tr\u01b0\u0323c tuy\u00ea\u0301n), \u0111\u00ea\u0309 ti\u0300m hi\u00ea\u0309u th\u00eam.","inLanguage":"vi-VN","potentialAction":[{"@type":"ReadAction","target":["https:\/\/www.alliesofhumanity.org\/vi\/"]}]},{"@type":"WebSite","@id":"https:\/\/www.alliesofhumanity.org\/vi\/#website","url":"https:\/\/www.alliesofhumanity.org\/vi\/","name":"The Allies of Humanity","description":"","potentialAction":[{"@type":"SearchAction","target":{"@type":"EntryPoint","urlTemplate":"https:\/\/www.alliesofhumanity.org\/vi\/?s={search_term_string}"},"query-input":{"@type":"PropertyValueSpecification","valueRequired":true,"valueName":"search_term_string"}}],"inLanguage":"vi-VN"}]}},"_links":{"self":[{"href":"https:\/\/www.alliesofhumanity.org\/vi\/wp-json\/wp\/v2\/pages\/14486","targetHints":{"allow":["GET"]}}],"collection":[{"href":"https:\/\/www.alliesofhumanity.org\/vi\/wp-json\/wp\/v2\/pages"}],"about":[{"href":"https:\/\/www.alliesofhumanity.org\/vi\/wp-json\/wp\/v2\/types\/page"}],"author":[{"embeddable":true,"href":"https:\/\/www.alliesofhumanity.org\/vi\/wp-json\/wp\/v2\/users\/2"}],"replies":[{"embeddable":true,"href":"https:\/\/www.alliesofhumanity.org\/vi\/wp-json\/wp\/v2\/comments?post=14486"}],"version-history":[{"count":1,"href":"https:\/\/www.alliesofhumanity.org\/vi\/wp-json\/wp\/v2\/pages\/14486\/revisions"}],"predecessor-version":[{"id":17611,"href":"https:\/\/www.alliesofhumanity.org\/vi\/wp-json\/wp\/v2\/pages\/14486\/revisions\/17611"}],"wp:attachment":[{"href":"https:\/\/www.alliesofhumanity.org\/vi\/wp-json\/wp\/v2\/media?parent=14486"}],"curies":[{"name":"wp","href":"https:\/\/api.w.org\/{rel}","templated":true}]}}