{"id":12915,"date":"2021-02-19T08:29:12","date_gmt":"2021-02-19T07:29:12","guid":{"rendered":"https:\/\/www.alliesofhumanity.org\/book-four\/"},"modified":"2022-04-17T23:44:10","modified_gmt":"2022-04-17T22:44:10","slug":"book-four","status":"publish","type":"page","link":"https:\/\/www.alliesofhumanity.org\/vi\/the-briefings\/book-four\/","title":{"rendered":"T\u1eadp B\u1ed1n"},"content":{"rendered":"<h5>T\u1ea5t c\u1ea3 c\u00e1c B\u00e0i T\u00f3m T\u1eaft c\u1ee7a \u0110\u1ed3ng Minh c\u1ee7a Nh\u00e2n Lo\u1ea1i \u0111\u1ec1u mi\u1ec5n ph\u00ed tr\u1ef1c tuy\u1ebfn. H\u00e3y b\u1eaft \u0111\u1ea7u h\u00e0nh tr\u00ecnh v\u1edbi T\u1eadp B\u1ed1n c\u1ee7a \u0110\u1ed3ng Minh.<\/h5>\n<p>\u0110\u1ed3ng Minh c\u1ee7a Nh\u00e2n Lo\u1ea1i l\u00e0 m\u1ed9t nh\u00f3m c\u00e1c c\u00e1 nh\u00e2n t\u1eeb nhi\u1ec1u th\u1ebf gi\u1edbi kh\u00e1c nhau m\u00e0 \u0111\u00e3 \u0111\u1ebfn g\u1ea7n Tr\u00e1i \u0110\u1ea5t \u0111\u1ec3 quan s\u00e1t S\u1ef1 Can Thi\u1ec7p c\u1ee7a ng\u01b0\u1eddi ngo\u00e0i h\u00e0nh tinh \u0111ang x\u1ea3y ra trong th\u1ebf gi\u1edbi c\u1ee7a ch\u00fang ta v\u00e0 \u0111\u1ec3 b\u00e1o c\u00e1o v\u1ec1 c\u00e1c ho\u1ea1t \u0111\u1ed9ng c\u1ee7a S\u1ef1 Can Thi\u1ec7p n\u00e0y c\u0169ng nh\u01b0 t\u00e1c \u0111\u1ed9ng c\u1ee7a n\u00f3 \u0111\u1ed1i v\u1edbi lo\u00e0i ng\u01b0\u1eddi.<\/p>\n<p>Th\u00f4ng qua c\u00e1c B\u00e0i T\u00f3m T\u1eaft c\u1ee7a h\u1ecd, nh\u1eefng \u0110\u1ed3ng Minh \u0111ang ti\u1ebft l\u1ed9 v\u1ec1 th\u1ef1c t\u1ebf c\u1ee7a S\u1ef1 Ti\u1ebfp X\u00fac \u0111ang x\u1ea3y ra trong th\u1ebf gi\u1edbi ng\u00e0y h\u00f4m nay &#8211; nh\u1eefng v\u1ecb kh\u00e1ch l\u00e0 ai, t\u1ea1i sao h\u1ecd \u0111ang \u1edf \u0111\u00e2y v\u00e0 m\u1ee5c ti\u00eau l\u1edbn h\u01a1n \u0111\u1eb1ng sau c\u00e1c ho\u1ea1t \u0111\u1ed9ng c\u1ee7a h\u1ecd. Khi l\u00e0m nh\u01b0 v\u1eady, c\u00e1c B\u00e0i T\u00f3m T\u1eaft l\u1ea5p \u0111\u1ea7y nhi\u1ec1u l\u1ed7 h\u1ed5ng quan tr\u1ecdng trong hi\u1ec3u bi\u1ebft c\u1ee7a ch\u00fang ta v\u1ec1 th\u1ef1c t\u1ebf c\u1ee7a s\u1ef1 vi\u1ebfng th\u0103m b\u1edfi ng\u01b0\u1eddi ngo\u00e0i h\u00e0nh tinh v\u00e0 hi\u1ec7n t\u01b0\u1ee3ng UFO, m\u00e0 \u0111\u00e3 l\u00e0 tr\u1ecdng t\u00e2m c\u1ee7a nghi\u00ean c\u1ee9u v\u00e0 \u0111i\u1ec1u tra trong h\u01a1n b\u1ea3y th\u1eadp k\u1ef7.<\/p>\n<p>Nh\u1eefng B\u00e0i T\u00f3m T\u1eaft n\u00e0y l\u00e0 m\u1ed9t ph\u1ea7n c\u1ee7a s\u1ef1 truy\u1ec1n t\u1ea3i l\u1edbn lao t\u1eeb nh\u1eefng ch\u1ee7ng lo\u00e0i trong v\u0169 tr\u1ee5 \u0111\u1ecba ph\u01b0\u01a1ng c\u1ee7a ch\u00fang ta, nh\u1eefng lo\u00e0i \u1ee7ng h\u1ed9 t\u1ef1 do v\u00e0 ch\u1ee7 quy\u1ec1n c\u1ee7a nh\u00e2n lo\u1ea1i khi n\u00f3 tr\u1ed7i v\u00e0o trong m\u1ed9t \u201cC\u1ed9ng \u0110\u1ed3ng V\u0129 \u0110\u1ea1i\u201d c\u1ee7a s\u1ef1 s\u1ed1ng. \u0110\u00e2y l\u00e0 m\u1ed9t th\u00f4ng \u0111i\u1ec7p ch\u00e2n th\u1eadt t\u1eeb m\u1ed9t ngu\u1ed3n ngo\u00e0i h\u00e0nh tinh, c\u1ea3nh b\u00e1o ch\u00fang ta v\u1ec1 s\u1ef1 nguy hi\u1ec3m c\u1ee7a S\u1ef1 Can Thi\u1ec7p t\u1eeb b\u00ean ngo\u00e0i v\u00e0 th\u00fac gi\u1ee5c ch\u00fang ta chu\u1ea9n b\u1ecb cho nh\u1eefng th\u00e1ch th\u1ee9c c\u1ee7a cu\u1ed9c s\u1ed1ng trong v\u0169 tr\u1ee5.<\/p>\n<p><a href=\"http:\/\/community.newmessage.org\/who-we-are-and-what-we-represent\" target=\"_blank\" rel=\"noopener\">H\u00e3y Th\u1ea3o Lu\u1eadn v\u1ec1 Nh\u1eefng B\u00e0i T\u00f3m T\u1eaft<\/a><\/p>\n<hr \/>\n<h5>H\u00e3y \u0110\u1ecdc Nh\u1eefng B\u00e0i T\u00f3m T\u1eaft Tr\u1ef1c Tuy\u1ebfn<\/h5>\n<p><span style=\"font-family: Consolas, Monaco, monospace;\">M\u1ee5c l\u1ee5c<\/span>:<\/p>\n<p><a href=\"ah4-a-message-from-marshall-vian-summers\">Th\u00f4ng \u0111i\u1ec7p t\u1eeb Marshall Vian Summers<\/a><\/p>\n<p>T\u00f3m t\u1eaft m\u1ed9t: <a href=\"allies-free-races\">Ch\u00fang t\u00f4i l\u00e0 ai v\u00e0 Ch\u00fang t\u00f4i \u0111\u1ea1i di\u1ec7n cho \u0110i\u1ec1u g\u00ec<\/a><\/p>\n<p>T\u00f3m t\u1eaft hai: <a href=\"exercise-restraint\">T\u1ea7m quan tr\u1ecdng c\u1ee7a s\u1ef1 ki\u1ec1m ch\u1ebf<\/a><\/p>\n<p>B\u00e0i T\u00f3m T\u1eaft Th\u1ee9 Ba: <a href=\"free-nations-universe\">T\u1ef1 do trong v\u0169 tr\u1ee5<br \/>\n<\/a><\/p>\n<p>T\u00f3m t\u1eaft b\u1ed1n: <a href=\"higher-powers\">Quy\u1ec1n h\u1ea1n cao h\u01a1n<\/a><\/p>\n<p>T\u00f3m t\u1eaft n\u0103m: <a href=\"secure-freedom\">S\u1ef1 ph\u1ed1i h\u1ee3p tuy\u1ec7t v\u1eddi<\/a><\/p>\n<p>B\u00e0i T\u00f3m T\u1eaft Th\u1ee9 S\u00e1u: <a href=\"networks-wise\">M\u1ea1ng L\u01b0\u1edbi c\u1ee7a Nh\u1eefng Nh\u00e0 Th\u00f4ng Th\u00e1i<\/a><\/p>\n<p><a href=\"\/vi\/briefings\/12-point-summary-of-the-allies-of-humanity-briefings\">T\u00f3m t\u1eaft 12 \u0111i\u1ec3m v\u1ec1 c\u00e1c cu\u1ed9c h\u1ecdp giao ban c\u1ee7a \u0111\u1ed3ng minh nh\u00e2n lo\u1ea1i<\/a><\/p>\n<hr \/>\n<p><em>H\u1ed9i c\u1ee7a Th\u00f4ng \u0110i\u1ec7p M\u1edbi (The Society for The New Message) b\u00e2y gi\u1edd \u0111ang cung c\u1ea5p to\u00e0n th\u1ec3 b\u1ed1n t\u1eadp c\u1ee7a \u0110\u1ed3ng Minh c\u1ee7a Nh\u00e2n Lo\u1ea1i mi\u1ec5n ph\u00ed tr\u1ef1c tuy\u1ebfn. Ch\u00fang t\u00f4i l\u00e0m \u0111i\u1ec1u n\u00e0y \u0111\u1ec3 th\u00f4ng \u0111i\u1ec7p n\u00e0y c\u00f3 th\u1ec3 \u0111\u1ebfn \u0111\u01b0\u1ee3c v\u1edbi nhi\u1ec1u ng\u01b0\u1eddi nh\u1ea5t c\u00f3 th\u1ec3, c\u1ea3 trong c\u00e1 nh\u00e2n v\u00e0 trong c\u00e1c v\u1ecb tr\u00ed quy\u1ec1n l\u1ef1c v\u1ec1 ch\u00ednh tr\u1ecb, kinh t\u1ebf v\u00e0 t\u00f4n gi\u00e1o.<\/em><\/p>\n","protected":false},"excerpt":{"rendered":"<p>T\u1ea5t c\u1ea3 c\u00e1c B\u00e0i T\u00f3m T\u1eaft c\u1ee7a \u0110\u1ed3ng Minh c\u1ee7a Nh\u00e2n Lo\u1ea1i \u0111\u1ec1u mi\u1ec5n ph\u00ed tr\u1ef1c tuy\u1ebfn. H\u00e3y b\u1eaft \u0111\u1ea7u h\u00e0nh tr\u00ecnh v\u1edbi T\u1eadp B\u1ed1n c\u1ee7a \u0110\u1ed3ng Minh. \u0110\u1ed3ng Minh c\u1ee7a Nh\u00e2n Lo\u1ea1i l\u00e0 m\u1ed9t nh\u00f3m c\u00e1c c\u00e1 nh\u00e2n t\u1eeb nhi\u1ec1u th\u1ebf gi\u1edbi kh\u00e1c nhau m\u00e0 \u0111\u00e3 \u0111\u1ebfn g\u1ea7n Tr\u00e1i \u0110\u1ea5t \u0111\u1ec3 quan s\u00e1t S\u1ef1 [&hellip;]<\/p>\n","protected":false},"author":2,"featured_media":0,"parent":14489,"menu_order":4,"comment_status":"closed","ping_status":"closed","template":"page-book-start.php","meta":{"_acf_changed":false,"footnotes":""},"class_list":["post-12915","page","type-page","status-publish","hentry"],"acf":[],"yoast_head":"<!-- This site is optimized with the Yoast SEO plugin v26.5 - https:\/\/yoast.com\/wordpress\/plugins\/seo\/ -->\n<title>T\u1ef1 Do trong V\u0169 Tr\u1ee5 | \u0110\u1ed3ng Minh c\u1ee7a Nh\u00e2n Lo\u1ea1i T\u1eadp B\u1ed1n<\/title>\n<meta name=\"description\" content=\"How humanity can achieve and maintain its freedom in the universe, in the face of contact with extraterrestrial alien life.\" \/>\n<meta name=\"robots\" content=\"index, follow, max-snippet:-1, max-image-preview:large, max-video-preview:-1\" \/>\n<link rel=\"canonical\" href=\"https:\/\/www.alliesofhumanity.org\/vi\/the-briefings\/book-four\/\" \/>\n<meta property=\"og:locale\" content=\"vi_VN\" \/>\n<meta property=\"og:type\" content=\"article\" \/>\n<meta property=\"og:title\" content=\"The Allies of Humanity Book Four: Freedom in the Universe\" \/>\n<meta property=\"og:description\" content=\"How humanity can achieve and maintain its freedom in the universe, in the face of contact with extraterrestrial alien life.\" \/>\n<meta property=\"og:url\" content=\"https:\/\/www.alliesofhumanity.org\/vi\/the-briefings\/book-four\/\" \/>\n<meta property=\"og:site_name\" content=\"The Allies of Humanity\" \/>\n<meta property=\"article:publisher\" content=\"https:\/\/www.facebook.com\/alliesofhumanity\/\" \/>\n<meta property=\"article:modified_time\" content=\"2022-04-17T22:44:10+00:00\" \/>\n<meta property=\"og:image\" content=\"https:\/\/www.alliesofhumanity.org\/wp-content\/uploads\/2021\/01\/og-socialmedia-aoh.jpg\" \/>\n\t<meta property=\"og:image:width\" content=\"1200\" \/>\n\t<meta property=\"og:image:height\" content=\"630\" \/>\n\t<meta property=\"og:image:type\" content=\"image\/jpeg\" \/>\n<meta name=\"twitter:card\" content=\"summary_large_image\" \/>\n<meta name=\"twitter:title\" content=\"The Allies of Humanity Book Four: Freedom in the Universe\" \/>\n<meta name=\"twitter:site\" content=\"@earthallies\" \/>\n<meta name=\"twitter:label1\" content=\"Est. reading time\" \/>\n\t<meta name=\"twitter:data1\" content=\"4 minutes\" \/>\n<script type=\"application\/ld+json\" class=\"yoast-schema-graph\">{\"@context\":\"https:\/\/schema.org\",\"@graph\":[{\"@type\":\"WebPage\",\"@id\":\"https:\/\/www.alliesofhumanity.org\/vi\/the-briefings\/book-four\/\",\"url\":\"https:\/\/www.alliesofhumanity.org\/vi\/the-briefings\/book-four\/\",\"name\":\"T\u1ef1 Do trong V\u0169 Tr\u1ee5 | \u0110\u1ed3ng Minh c\u1ee7a Nh\u00e2n Lo\u1ea1i T\u1eadp B\u1ed1n\",\"isPartOf\":{\"@id\":\"https:\/\/www.alliesofhumanity.org\/vi\/#website\"},\"datePublished\":\"2021-02-19T07:29:12+00:00\",\"dateModified\":\"2022-04-17T22:44:10+00:00\",\"description\":\"How humanity can achieve and maintain its freedom in the universe, in the face of contact with extraterrestrial alien life.\",\"breadcrumb\":{\"@id\":\"https:\/\/www.alliesofhumanity.org\/vi\/the-briefings\/book-four\/#breadcrumb\"},\"inLanguage\":\"vi-VN\",\"potentialAction\":[{\"@type\":\"ReadAction\",\"target\":[\"https:\/\/www.alliesofhumanity.org\/vi\/the-briefings\/book-four\/\"]}]},{\"@type\":\"BreadcrumbList\",\"@id\":\"https:\/\/www.alliesofhumanity.org\/vi\/the-briefings\/book-four\/#breadcrumb\",\"itemListElement\":[{\"@type\":\"ListItem\",\"position\":1,\"name\":\"Nh\u01b0\u0303ng Ba\u0300i T\u00f3m T\u1eaft\",\"item\":\"https:\/\/www.alliesofhumanity.org\/vi\/the-briefings\/\"},{\"@type\":\"ListItem\",\"position\":2,\"name\":\"T\u1eadp B\u1ed1n\"}]},{\"@type\":\"WebSite\",\"@id\":\"https:\/\/www.alliesofhumanity.org\/vi\/#website\",\"url\":\"https:\/\/www.alliesofhumanity.org\/vi\/\",\"name\":\"The Allies of Humanity\",\"description\":\"\",\"potentialAction\":[{\"@type\":\"SearchAction\",\"target\":{\"@type\":\"EntryPoint\",\"urlTemplate\":\"https:\/\/www.alliesofhumanity.org\/vi\/?s={search_term_string}\"},\"query-input\":{\"@type\":\"PropertyValueSpecification\",\"valueRequired\":true,\"valueName\":\"search_term_string\"}}],\"inLanguage\":\"vi-VN\"}]}<\/script>\n<!-- \/ Yoast SEO plugin. -->","yoast_head_json":{"title":"T\u1ef1 Do trong V\u0169 Tr\u1ee5 | \u0110\u1ed3ng Minh c\u1ee7a Nh\u00e2n Lo\u1ea1i T\u1eadp B\u1ed1n","description":"How humanity can achieve and maintain its freedom in the universe, in the face of contact with extraterrestrial alien life.","robots":{"index":"index","follow":"follow","max-snippet":"max-snippet:-1","max-image-preview":"max-image-preview:large","max-video-preview":"max-video-preview:-1"},"canonical":"https:\/\/www.alliesofhumanity.org\/vi\/the-briefings\/book-four\/","og_locale":"vi_VN","og_type":"article","og_title":"The Allies of Humanity Book Four: Freedom in the Universe","og_description":"How humanity can achieve and maintain its freedom in the universe, in the face of contact with extraterrestrial alien life.","og_url":"https:\/\/www.alliesofhumanity.org\/vi\/the-briefings\/book-four\/","og_site_name":"The Allies of Humanity","article_publisher":"https:\/\/www.facebook.com\/alliesofhumanity\/","article_modified_time":"2022-04-17T22:44:10+00:00","og_image":[{"width":1200,"height":630,"url":"https:\/\/www.alliesofhumanity.org\/wp-content\/uploads\/2021\/01\/og-socialmedia-aoh.jpg","type":"image\/jpeg"}],"twitter_card":"summary_large_image","twitter_title":"The Allies of Humanity Book Four: Freedom in the Universe","twitter_site":"@earthallies","twitter_misc":{"Est. reading time":"4 minutes"},"schema":{"@context":"https:\/\/schema.org","@graph":[{"@type":"WebPage","@id":"https:\/\/www.alliesofhumanity.org\/vi\/the-briefings\/book-four\/","url":"https:\/\/www.alliesofhumanity.org\/vi\/the-briefings\/book-four\/","name":"T\u1ef1 Do trong V\u0169 Tr\u1ee5 | \u0110\u1ed3ng Minh c\u1ee7a Nh\u00e2n Lo\u1ea1i T\u1eadp B\u1ed1n","isPartOf":{"@id":"https:\/\/www.alliesofhumanity.org\/vi\/#website"},"datePublished":"2021-02-19T07:29:12+00:00","dateModified":"2022-04-17T22:44:10+00:00","description":"How humanity can achieve and maintain its freedom in the universe, in the face of contact with extraterrestrial alien life.","breadcrumb":{"@id":"https:\/\/www.alliesofhumanity.org\/vi\/the-briefings\/book-four\/#breadcrumb"},"inLanguage":"vi-VN","potentialAction":[{"@type":"ReadAction","target":["https:\/\/www.alliesofhumanity.org\/vi\/the-briefings\/book-four\/"]}]},{"@type":"BreadcrumbList","@id":"https:\/\/www.alliesofhumanity.org\/vi\/the-briefings\/book-four\/#breadcrumb","itemListElement":[{"@type":"ListItem","position":1,"name":"Nh\u01b0\u0303ng Ba\u0300i T\u00f3m T\u1eaft","item":"https:\/\/www.alliesofhumanity.org\/vi\/the-briefings\/"},{"@type":"ListItem","position":2,"name":"T\u1eadp B\u1ed1n"}]},{"@type":"WebSite","@id":"https:\/\/www.alliesofhumanity.org\/vi\/#website","url":"https:\/\/www.alliesofhumanity.org\/vi\/","name":"The Allies of Humanity","description":"","potentialAction":[{"@type":"SearchAction","target":{"@type":"EntryPoint","urlTemplate":"https:\/\/www.alliesofhumanity.org\/vi\/?s={search_term_string}"},"query-input":{"@type":"PropertyValueSpecification","valueRequired":true,"valueName":"search_term_string"}}],"inLanguage":"vi-VN"}]}},"_links":{"self":[{"href":"https:\/\/www.alliesofhumanity.org\/vi\/wp-json\/wp\/v2\/pages\/12915","targetHints":{"allow":["GET"]}}],"collection":[{"href":"https:\/\/www.alliesofhumanity.org\/vi\/wp-json\/wp\/v2\/pages"}],"about":[{"href":"https:\/\/www.alliesofhumanity.org\/vi\/wp-json\/wp\/v2\/types\/page"}],"author":[{"embeddable":true,"href":"https:\/\/www.alliesofhumanity.org\/vi\/wp-json\/wp\/v2\/users\/2"}],"replies":[{"embeddable":true,"href":"https:\/\/www.alliesofhumanity.org\/vi\/wp-json\/wp\/v2\/comments?post=12915"}],"version-history":[{"count":7,"href":"https:\/\/www.alliesofhumanity.org\/vi\/wp-json\/wp\/v2\/pages\/12915\/revisions"}],"predecessor-version":[{"id":19238,"href":"https:\/\/www.alliesofhumanity.org\/vi\/wp-json\/wp\/v2\/pages\/12915\/revisions\/19238"}],"up":[{"embeddable":true,"href":"https:\/\/www.alliesofhumanity.org\/vi\/wp-json\/wp\/v2\/pages\/14489"}],"wp:attachment":[{"href":"https:\/\/www.alliesofhumanity.org\/vi\/wp-json\/wp\/v2\/media?parent=12915"}],"curies":[{"name":"wp","href":"https:\/\/api.w.org\/{rel}","templated":true}]}}