{"id":12899,"date":"2021-02-19T07:58:39","date_gmt":"2021-02-19T06:58:39","guid":{"rendered":"https:\/\/www.alliesofhumanity.org\/book-three\/"},"modified":"2024-03-14T09:01:56","modified_gmt":"2024-03-14T08:01:56","slug":"book-three","status":"publish","type":"page","link":"https:\/\/www.alliesofhumanity.org\/vi\/the-briefings\/book-three\/","title":{"rendered":"T\u1eadp Ba"},"content":{"rendered":"<h5>T\u1ea5t c\u1ea3 c\u00e1c B\u00e0i T\u00f3m T\u1eaft c\u1ee7a \u0110\u1ed3ng Minh c\u1ee7a Nh\u00e2n Lo\u1ea1i \u0111\u1ec1u mi\u1ec5n ph\u00ed tr\u1ef1c tuy\u1ebfn. H\u00e3y b\u1eaft \u0111\u1ea7u h\u00e0nh tr\u00ecnh v\u1edbi T\u1eadp Ba c\u1ee7a \u0110\u1ed3ng Minh.<\/h5>\n<p>\u0110\u1ed3ng Minh c\u1ee7a Nh\u00e2n Lo\u1ea1i T\u1eadp Ba gi\u1edbi thi\u1ec7u b\u1ed9 th\u1ee9 ba c\u1ee7a &#8220;Nh\u1eefng B\u00e0i T\u00f3m T\u1eaft&#8221; t\u1eeb m\u1ed9t ngu\u1ed3n b\u00ed \u1ea9n ngo\u00e0i h\u00e0nh tinh v\u1edbi m\u1ee5c \u0111\u00edch \u0111\u00e3 n\u00eau \u0111\u1ec3 \u0111\u1ecbnh h\u01b0\u1edbng gia \u0111\u00ecnh lo\u00e0i ng\u01b0\u1eddi \u0111\u1ebfn v\u1edbi nh\u1eefng th\u1ef1c t\u1ebf c\u1ee7a s\u1ef1 s\u1ed1ng trong v\u0169 tr\u1ee5 \u0111\u1ecba ph\u01b0\u01a1ng c\u1ee7a ch\u00fang ta v\u00e0 \u0111\u1ec3 c\u1ea3nh b\u00e1o ch\u00fang ta v\u1ec1 S\u1ef1 Can Thi\u1ec7p nguy hi\u1ec3m b\u00e2y gi\u1edd \u0111ang x\u1ea3y ra \u1edf \u0111\u00e2y trong Tr\u00e1i \u0111\u1ea5t. Nh\u1eefng B\u00e0i T\u00f3m T\u1eaft c\u1ee7a \u0110\u1ed3ng Minh Nh\u00e2n Lo\u1ea1i l\u00e0 s\u1ef1 truy\u1ec1n t\u1ea3i ch\u00e2n th\u1eadt t\u1eeb m\u1ed9t nh\u00f3m kh\u1eb3ng \u0111\u1ecbnh l\u00e0 \u0111\u1ea1i di\u1ec7n cho &#8220;c\u00e1c ch\u1ee7ng lo\u00e0i t\u1ef1 do&#8221; trong khu v\u1ef1c v\u0169 tr\u1ee5 \u0111\u1ecba ph\u01b0\u01a1ng c\u1ee7a ch\u00fang ta. C\u00e1c \u0110\u1ed3ng Minh ph\u00e2n bi\u1ec7t m\u00ecnh v\u1edbi nh\u1eefng ch\u1ee7ng lo\u00e0i \u0111ang can thi\u1ec7p v\u00e0o th\u1ebf gi\u1edbi ng\u00e0y h\u00f4m nay. H\u1ecd c\u1ea3nh b\u00e1o ch\u00fang ta ch\u1ed1ng l\u1ea1i s\u1ef1 hi\u1ec7n di\u1ec7n c\u1ee7a S\u1ef1 Can Thi\u1ec7p n\u00e0y, nh\u1ea5n m\u1ea1nh r\u1eb1ng kh\u00f4ng c\u00f3 ch\u1ee7ng lo\u00e0i b\u00ean ngo\u00e0i n\u00e0o \u0111\u01b0\u1ee3c gh\u00e9 th\u0103m th\u1ebf gi\u1edbi c\u1ee7a ch\u00fang ta, d\u00f9 v\u00e0o l\u00fac n\u00e0y ho\u1eb7c trong t\u01b0\u01a1ng lai, cho \u0111\u1ebfn khi nh\u00e2n lo\u1ea1i \u0111\u00e3 \u0111\u1ea1t \u0111\u01b0\u1ee3c s\u1ee9c m\u1ea1nh, s\u1ef1 th\u1ed1ng nh\u1ea5t v\u00e0 s\u1ef1 tr\u01b0\u1edfng th\u00e0nh c\u1ea7n thi\u1ebft \u0111\u1ec3 tham gia th\u00e0nh c\u00f4ng v\u1edbi C\u1ed9ng \u0110\u1ed3ng V\u0129 \u0110\u1ea1i c\u1ee7a s\u1ef1 s\u1ed1ng th\u00f4ng minh trong v\u0169 tr\u1ee5. Li\u1ec7u nh\u00e2n lo\u1ea1i c\u00f3 \u0111\u1ea1t \u0111\u01b0\u1ee3c \u0111i\u1ec1u n\u00e0y hay kh\u00f4ng l\u00e0 kh\u00f4ng ch\u1eafc ch\u1eafn, nh\u01b0ng c\u00e1c \u0110\u1ed3ng Minh cho ch\u00fang ta bi\u1ebft r\u1eb1ng s\u1ef1 can thi\u1ec7p trong th\u1ebf gi\u1edbi c\u1ee7a ch\u00fang ta \u0111\u00e3 b\u1eaft \u0111\u1ea7u r\u1ed3i b\u1edfi m\u1ed9t s\u1ed1 ch\u1ee7ng lo\u00e0i phi qu\u00e2n s\u1ef1 \u0111ang t\u00ecm c\u00e1ch thi\u1ebft l\u1eadp \u1ea3nh h\u01b0\u1edfng v\u00e0 s\u1ef1 th\u1ed1ng tr\u1ecb c\u1ee7a h\u1ecd trong th\u1ebf gi\u1edbi c\u1ee7a ch\u00fang ta th\u00f4ng qua nh\u1eefng c\u00e1ch th\u1ee9c l\u1eeba \u0111\u1ea3o v\u00e0 \u0111\u1ea7y thuy\u1ebft ph\u1ee5c. C\u00e1c B\u1ea3n T\u00f3m T\u1eaft ti\u1ebft l\u1ed9 r\u1eb1ng ch\u00fang ta \u0111ang \u1edf trong v\u1ecb tr\u00ed kh\u00f4ng may m\u1eafn c\u1ee7a m\u1ed9t ch\u1ee7ng lo\u00e0i \u0111ang b\u1ecb ph\u00e1t hi\u1ec7n. L\u1ecbch s\u1eed \u0111\u00e3 d\u1ea1y cho ch\u00fang ta v\u1ec1 s\u1ef1 nguy hi\u1ec3m v\u00e0 th\u1ea3m k\u1ecbch m\u00e0 ng\u01b0\u1eddi d\u00e2n b\u1ea3n \u0111\u1ecba \u0111\u00e3 ph\u1ea3i \u0111\u1ed1i m\u1eb7t khi h\u1ecd l\u1ea7n \u0111\u1ea7u ti\u00ean ch\u1ea1m tr\u00e1n c\u00e1c th\u1ebf l\u1ef1c b\u00ean ngo\u00e0i. Gi\u1edd \u0111\u00e2y t\u1ea5t c\u1ea3 ch\u00fang ta \u0111\u1ec1u l\u00e0 nh\u1eefng ng\u01b0\u1eddi b\u1ea3n \u0111\u1ecba c\u1ee7a m\u1ed9t th\u1ebf gi\u1edbi m\u1edbi, v\u00e0 m\u1ed1i \u0111e d\u1ecda c\u1ee7a s\u1ef1 Can Thi\u1ec7p \u0111ang \u1edf tr\u00ean ch\u00fang ta. K\u1ebft qu\u1ea3 l\u00e0, c\u00e1c \u0110\u1ed3ng Minh \u0111ang k\u00eau g\u1ecdi ch\u00fang ta x\u00e2y d\u1ef1ng \u0111\u1ee7 s\u1ef1 th\u1ed1ng nh\u1ea5t c\u1ee7a con ng\u01b0\u1eddi gi\u1eefa c\u00e1c b\u1ed9 l\u1ea1c, c\u00e1c qu\u1ed1c gia v\u00e0 c\u00e1c t\u00f4n gi\u00e1o c\u1ee7a Tr\u00e1i \u0110\u1ea5t \u0111\u1ec3 ch\u00fang ta c\u00f3 th\u1ec3 b\u1ea3o v\u1ec7 t\u1ef1 do c\u1ee7a ch\u00fang ta trong m\u1ed9t v\u0169 tr\u1ee5 kh\u00f4ng ph\u1ea3i con ng\u01b0\u1eddi. Marshall Vian Summers \u0111\u00e3 nh\u1eadn \u0111\u01b0\u1ee3c truy\u1ec1n t\u1ea3i \u0111\u1ed9c nh\u1ea5t n\u00e0y t\u1eeb \u0110\u1ed3ng Minh c\u1ee7a Nh\u00e2n Lo\u1ea1i trong tr\u1ea1ng th\u00e1i m\u1eb7c kh\u1ea3i b\u1eaft \u0111\u1ea7u t\u1eeb th\u00e1ng 11 n\u0103m 1997. Trong nh\u1eefng n\u0103m k\u1ec3 t\u1eeb \u0111\u00f3, \u0110\u1ed3ng Minh c\u1ee7a Nh\u00e2n Lo\u1ea1i \u0111\u00e3 g\u1eedi ba b\u1ed9 c\u00e1c B\u00e0i T\u00f3m T\u1eaft. V\u1edbi C\u00e1c B\u00e0i T\u00f3m T\u1eaft c\u1ee7a \u0110\u1ed3ng Minh, l\u1ea7n \u0111\u1ea7u ti\u00ean, ch\u00fang ta \u0111\u01b0\u1ee3c trao cho c\u00e1nh c\u1eeda v\u00e0o trong th\u1ef1c t\u1ebf c\u1ee7a s\u1ef1 s\u1ed1ng b\u00ean ngo\u00e0i th\u1ebf gi\u1edbi c\u1ee7a ch\u00fang ta, m\u1ed9t c\u00e1ch nh\u00ecn m\u00e0 n\u1ebfu kh\u00f4ng ch\u00fang ta s\u1ebd kh\u00f4ng bao gi\u1edd c\u00f3 \u0111\u01b0\u1ee3c. \u0110i\u1ec1u n\u00e0y t\u1ea1o ra b\u1ed1i c\u1ea3nh l\u1edbn h\u01a1n \u0111\u1ec3 hi\u1ec3u \u0111\u01b0\u1ee3c l\u00fd do t\u1ea1i sao S\u1ef1 Can Thi\u1ec7p \u0111ang x\u1ea3y ra, ai \u0111ang t\u1ea1o ra n\u00f3 v\u00e0 nh\u1eefng g\u00ec nh\u00e2n lo\u1ea1i s\u1ebd c\u1ea7n bi\u1ebft \u0111\u1ec3 b\u1ea3o t\u1ed3n v\u00e0 x\u00e2y d\u1ef1ng t\u1ef1 do v\u00e0 ch\u1ee7 quy\u1ec1n lo\u00e0i ng\u01b0\u1eddi \u0111\u1ec3 ch\u00fang ta c\u00f3 th\u1ec3 ho\u00e0n th\u00e0nh s\u1ee9 m\u1ec7nh c\u1ee7a m\u00ecnh nh\u01b0 m\u1ed9t ch\u1ee7ng lo\u00e0i t\u1ef1 do trong v\u0169 tr\u1ee5. S\u00e1ch \u0111i\u1ec7n t\u1eed (ebook) hi\u1ec7n c\u00f3 t\u1ea1i Amazon, iTunes v\u00e0 Th\u01b0 vi\u1ec7n Tri Th\u1ee9c M\u1edbi (New Knowledge Library).<\/p>\n<h5>H\u00e3y \u0110\u1ecdc Nh\u1eefng B\u00e0i T\u00f3m T\u1eaft Tr\u1ef1c Tuy\u1ebfn<\/h5>\n<p>M\u1ee5c L\u1ee5c:<\/p>\n<p><a href=\"contact-with-extraterestrial-races\">B\u00e0i T\u00f3m T\u1eaft Th\u1ee9 Ba: Th\u1ef1c T\u1ebf c\u1ee7a S\u1ef1 Ti\u1ebfp X\u00fac<br \/>\n<\/a><\/p>\n<p><a href=\"requirements-freedom-universe\">B\u00e0i T\u00f3m T\u1eaft Th\u1ee9 Hai: Nh\u1eefng Y\u00eau C\u1ea7u cho T\u1ef1 Do trong V\u0169 Tr\u1ee5<\/a><\/p>\n<p><a href=\"alien-intervention\">T\u00f3m T\u1eaft Th\u1ee9 3: C\u00e1c C\u00f4ng C\u1ee5 c\u1ee7a S\u1ef1 Can Thi\u1ec7p<\/a><\/p>\n<p><a href=\"hidden-powers\">B\u00e0i T\u00f3m T\u1eaft Th\u1ee9 T\u01b0: Quy\u1ec1n L\u1ef1c Ti\u1ec1m \u1ea8n<\/a><\/p>\n<p><a href=\"voices-universe-messages-space\">B\u00e0i T\u00f3m T\u1eaft Th\u1ee9 N\u0103m: Nhi\u1ec1u Ti\u1ebfng N\u00f3i trong V\u0169 Tr\u1ee5<\/a><\/p>\n<p><a href=\"Life-Beyond-Earth\">T\u00f3m t\u1eaft th\u1ee9 s\u00e1u: Th\u1ef1c t\u1ebf c\u1ed9ng \u0111\u1ed3ng l\u1edbn h\u01a1n<\/a><\/p>\n<p><a href=\"questions-about-aliens\">T\u00f3m t\u1eaft th\u1ee9 b\u1ea3y: C\u00e2u h\u1ecfi v\u00e0 c\u00e2u tr\u1ea3 l\u1eddi<br \/>\n<\/a><\/p>\n<p><em>H\u1ed9i c\u1ee7a Th\u00f4ng \u0110i\u1ec7p M\u1edbi (The Society for The New Message) b\u00e2y gi\u1edd \u0111ang cung c\u1ea5p to\u00e0n th\u1ec3 b\u1ed1n t\u1eadp c\u1ee7a \u0110\u1ed3ng Minh c\u1ee7a Nh\u00e2n Lo\u1ea1i mi\u1ec5n ph\u00ed tr\u1ef1c tuy\u1ebfn. Ch\u00fang t\u00f4i l\u00e0m \u0111i\u1ec1u n\u00e0y \u0111\u1ec3 th\u00f4ng \u0111i\u1ec7p n\u00e0y c\u00f3 th\u1ec3 \u0111\u1ebfn \u0111\u01b0\u1ee3c v\u1edbi nhi\u1ec1u ng\u01b0\u1eddi nh\u1ea5t c\u00f3 th\u1ec3, c\u1ea3 trong c\u00e1 nh\u00e2n v\u00e0 trong c\u00e1c v\u1ecb tr\u00ed quy\u1ec1n l\u1ef1c v\u1ec1 ch\u00ednh tr\u1ecb, kinh t\u1ebf v\u00e0 t\u00f4n gi\u00e1o.<\/em><\/p>\n","protected":false},"excerpt":{"rendered":"<p>T\u1ea5t c\u1ea3 c\u00e1c B\u00e0i T\u00f3m T\u1eaft c\u1ee7a \u0110\u1ed3ng Minh c\u1ee7a Nh\u00e2n Lo\u1ea1i \u0111\u1ec1u mi\u1ec5n ph\u00ed tr\u1ef1c tuy\u1ebfn. H\u00e3y b\u1eaft \u0111\u1ea7u h\u00e0nh tr\u00ecnh v\u1edbi T\u1eadp Ba c\u1ee7a \u0110\u1ed3ng Minh. \u0110\u1ed3ng Minh c\u1ee7a Nh\u00e2n Lo\u1ea1i T\u1eadp Ba gi\u1edbi thi\u1ec7u b\u1ed9 th\u1ee9 ba c\u1ee7a &#8220;Nh\u1eefng B\u00e0i T\u00f3m T\u1eaft&#8221; t\u1eeb m\u1ed9t ngu\u1ed3n b\u00ed \u1ea9n ngo\u00e0i h\u00e0nh tinh v\u1edbi m\u1ee5c [&hellip;]<\/p>\n","protected":false},"author":25,"featured_media":0,"parent":14489,"menu_order":3,"comment_status":"closed","ping_status":"closed","template":"page-book-start.php","meta":{"_acf_changed":false,"footnotes":""},"class_list":["post-12899","page","type-page","status-publish","hentry"],"acf":[],"yoast_head":"<!-- This site is optimized with the Yoast SEO plugin v26.5 - https:\/\/yoast.com\/wordpress\/plugins\/seo\/ -->\n<title>\u0110\u1ed3ng Minh c\u1ee7a Nh\u00e2n Lo\u1ea1i T\u1eadp Ba | M\u1ed9t Th\u00f4ng \u0110i\u1ec7p cho Tr\u00e1i \u0110\u1ea5t<\/title>\n<meta name=\"description\" content=\"\u0110\u1ed3ng Minh cu\u0309a Nh\u00e2n Loa\u0323i n\u00f3i v\u1ec1 th\u1ef1c t\u1ebf c\u1ee7a s\u1ef1 s\u1ed1ng - giao di\u0323ch va\u0300 th\u01b0\u01a1ng ma\u0323i, t\u01b0\u01a1ng ta\u0301c - t\u00f4\u0300n ta\u0323i trong khu v\u01b0\u0323c \u0111i\u0323a ph\u01b0\u01a1ng kh\u00f4ng gian cu\u0309a chu\u0301ng ta.\" \/>\n<meta name=\"robots\" content=\"index, follow, max-snippet:-1, max-image-preview:large, max-video-preview:-1\" \/>\n<link rel=\"canonical\" href=\"https:\/\/www.alliesofhumanity.org\/vi\/the-briefings\/book-three\/\" \/>\n<meta property=\"og:locale\" content=\"vi_VN\" \/>\n<meta property=\"og:type\" content=\"article\" \/>\n<meta property=\"og:title\" content=\"\u0110\u1ed3ng Minh c\u1ee7a Nh\u00e2n Lo\u1ea1i T\u1eadp Ba : M\u1ed9t Th\u00f4ng \u0110i\u1ec7p cho Tr\u00e1i \u0110\u1ea5t\" \/>\n<meta property=\"og:description\" content=\"\u0110\u1ed3ng Minh cu\u0309a Nh\u00e2n Loa\u0323i n\u00f3i v\u1ec1 th\u1ef1c t\u1ebf c\u1ee7a s\u1ef1 s\u1ed1ng - giao di\u0323ch va\u0300 th\u01b0\u01a1ng ma\u0323i, t\u01b0\u01a1ng ta\u0301c - t\u00f4\u0300n ta\u0323i trong khu v\u01b0\u0323c \u0111i\u0323a ph\u01b0\u01a1ng kh\u00f4ng gian cu\u0309a chu\u0301ng ta.\" \/>\n<meta property=\"og:url\" content=\"https:\/\/www.alliesofhumanity.org\/vi\/the-briefings\/book-three\/\" \/>\n<meta property=\"og:site_name\" content=\"The Allies of Humanity\" \/>\n<meta property=\"article:publisher\" content=\"https:\/\/www.facebook.com\/alliesofhumanity\/\" \/>\n<meta property=\"article:modified_time\" content=\"2024-03-14T08:01:56+00:00\" \/>\n<meta property=\"og:image\" content=\"https:\/\/www.alliesofhumanity.org\/wp-content\/uploads\/2021\/01\/og-socialmedia-aoh.jpg\" \/>\n\t<meta property=\"og:image:width\" content=\"1200\" \/>\n\t<meta property=\"og:image:height\" content=\"630\" \/>\n\t<meta property=\"og:image:type\" content=\"image\/jpeg\" \/>\n<meta name=\"twitter:card\" content=\"summary_large_image\" \/>\n<meta name=\"twitter:title\" content=\"\u0110\u1ed3ng Minh c\u1ee7a Nh\u00e2n Lo\u1ea1i T\u1eadp Ba : M\u1ed9t Th\u00f4ng \u0110i\u1ec7p cho Tr\u00e1i \u0110\u1ea5t\" \/>\n<meta name=\"twitter:site\" content=\"@earthallies\" \/>\n<meta name=\"twitter:label1\" content=\"Est. reading time\" \/>\n\t<meta name=\"twitter:data1\" content=\"6 minutes\" \/>\n<script type=\"application\/ld+json\" class=\"yoast-schema-graph\">{\"@context\":\"https:\/\/schema.org\",\"@graph\":[{\"@type\":\"WebPage\",\"@id\":\"https:\/\/www.alliesofhumanity.org\/vi\/the-briefings\/book-three\/\",\"url\":\"https:\/\/www.alliesofhumanity.org\/vi\/the-briefings\/book-three\/\",\"name\":\"\u0110\u1ed3ng Minh c\u1ee7a Nh\u00e2n Lo\u1ea1i T\u1eadp Ba | M\u1ed9t Th\u00f4ng \u0110i\u1ec7p cho Tr\u00e1i \u0110\u1ea5t\",\"isPartOf\":{\"@id\":\"https:\/\/www.alliesofhumanity.org\/vi\/#website\"},\"datePublished\":\"2021-02-19T06:58:39+00:00\",\"dateModified\":\"2024-03-14T08:01:56+00:00\",\"description\":\"\u0110\u1ed3ng Minh cu\u0309a Nh\u00e2n Loa\u0323i n\u00f3i v\u1ec1 th\u1ef1c t\u1ebf c\u1ee7a s\u1ef1 s\u1ed1ng - giao di\u0323ch va\u0300 th\u01b0\u01a1ng ma\u0323i, t\u01b0\u01a1ng ta\u0301c - t\u00f4\u0300n ta\u0323i trong khu v\u01b0\u0323c \u0111i\u0323a ph\u01b0\u01a1ng kh\u00f4ng gian cu\u0309a chu\u0301ng ta.\",\"breadcrumb\":{\"@id\":\"https:\/\/www.alliesofhumanity.org\/vi\/the-briefings\/book-three\/#breadcrumb\"},\"inLanguage\":\"vi-VN\",\"potentialAction\":[{\"@type\":\"ReadAction\",\"target\":[\"https:\/\/www.alliesofhumanity.org\/vi\/the-briefings\/book-three\/\"]}]},{\"@type\":\"BreadcrumbList\",\"@id\":\"https:\/\/www.alliesofhumanity.org\/vi\/the-briefings\/book-three\/#breadcrumb\",\"itemListElement\":[{\"@type\":\"ListItem\",\"position\":1,\"name\":\"Nh\u01b0\u0303ng Ba\u0300i T\u00f3m T\u1eaft\",\"item\":\"https:\/\/www.alliesofhumanity.org\/vi\/the-briefings\/\"},{\"@type\":\"ListItem\",\"position\":2,\"name\":\"T\u1eadp Ba\"}]},{\"@type\":\"WebSite\",\"@id\":\"https:\/\/www.alliesofhumanity.org\/vi\/#website\",\"url\":\"https:\/\/www.alliesofhumanity.org\/vi\/\",\"name\":\"The Allies of Humanity\",\"description\":\"\",\"potentialAction\":[{\"@type\":\"SearchAction\",\"target\":{\"@type\":\"EntryPoint\",\"urlTemplate\":\"https:\/\/www.alliesofhumanity.org\/vi\/?s={search_term_string}\"},\"query-input\":{\"@type\":\"PropertyValueSpecification\",\"valueRequired\":true,\"valueName\":\"search_term_string\"}}],\"inLanguage\":\"vi-VN\"}]}<\/script>\n<!-- \/ Yoast SEO plugin. -->","yoast_head_json":{"title":"\u0110\u1ed3ng Minh c\u1ee7a Nh\u00e2n Lo\u1ea1i T\u1eadp Ba | M\u1ed9t Th\u00f4ng \u0110i\u1ec7p cho Tr\u00e1i \u0110\u1ea5t","description":"\u0110\u1ed3ng Minh cu\u0309a Nh\u00e2n Loa\u0323i n\u00f3i v\u1ec1 th\u1ef1c t\u1ebf c\u1ee7a s\u1ef1 s\u1ed1ng - giao di\u0323ch va\u0300 th\u01b0\u01a1ng ma\u0323i, t\u01b0\u01a1ng ta\u0301c - t\u00f4\u0300n ta\u0323i trong khu v\u01b0\u0323c \u0111i\u0323a ph\u01b0\u01a1ng kh\u00f4ng gian cu\u0309a chu\u0301ng ta.","robots":{"index":"index","follow":"follow","max-snippet":"max-snippet:-1","max-image-preview":"max-image-preview:large","max-video-preview":"max-video-preview:-1"},"canonical":"https:\/\/www.alliesofhumanity.org\/vi\/the-briefings\/book-three\/","og_locale":"vi_VN","og_type":"article","og_title":"\u0110\u1ed3ng Minh c\u1ee7a Nh\u00e2n Lo\u1ea1i T\u1eadp Ba : M\u1ed9t Th\u00f4ng \u0110i\u1ec7p cho Tr\u00e1i \u0110\u1ea5t","og_description":"\u0110\u1ed3ng Minh cu\u0309a Nh\u00e2n Loa\u0323i n\u00f3i v\u1ec1 th\u1ef1c t\u1ebf c\u1ee7a s\u1ef1 s\u1ed1ng - giao di\u0323ch va\u0300 th\u01b0\u01a1ng ma\u0323i, t\u01b0\u01a1ng ta\u0301c - t\u00f4\u0300n ta\u0323i trong khu v\u01b0\u0323c \u0111i\u0323a ph\u01b0\u01a1ng kh\u00f4ng gian cu\u0309a chu\u0301ng ta.","og_url":"https:\/\/www.alliesofhumanity.org\/vi\/the-briefings\/book-three\/","og_site_name":"The Allies of Humanity","article_publisher":"https:\/\/www.facebook.com\/alliesofhumanity\/","article_modified_time":"2024-03-14T08:01:56+00:00","og_image":[{"width":1200,"height":630,"url":"https:\/\/www.alliesofhumanity.org\/wp-content\/uploads\/2021\/01\/og-socialmedia-aoh.jpg","type":"image\/jpeg"}],"twitter_card":"summary_large_image","twitter_title":"\u0110\u1ed3ng Minh c\u1ee7a Nh\u00e2n Lo\u1ea1i T\u1eadp Ba : M\u1ed9t Th\u00f4ng \u0110i\u1ec7p cho Tr\u00e1i \u0110\u1ea5t","twitter_site":"@earthallies","twitter_misc":{"Est. reading time":"6 minutes"},"schema":{"@context":"https:\/\/schema.org","@graph":[{"@type":"WebPage","@id":"https:\/\/www.alliesofhumanity.org\/vi\/the-briefings\/book-three\/","url":"https:\/\/www.alliesofhumanity.org\/vi\/the-briefings\/book-three\/","name":"\u0110\u1ed3ng Minh c\u1ee7a Nh\u00e2n Lo\u1ea1i T\u1eadp Ba | M\u1ed9t Th\u00f4ng \u0110i\u1ec7p cho Tr\u00e1i \u0110\u1ea5t","isPartOf":{"@id":"https:\/\/www.alliesofhumanity.org\/vi\/#website"},"datePublished":"2021-02-19T06:58:39+00:00","dateModified":"2024-03-14T08:01:56+00:00","description":"\u0110\u1ed3ng Minh cu\u0309a Nh\u00e2n Loa\u0323i n\u00f3i v\u1ec1 th\u1ef1c t\u1ebf c\u1ee7a s\u1ef1 s\u1ed1ng - giao di\u0323ch va\u0300 th\u01b0\u01a1ng ma\u0323i, t\u01b0\u01a1ng ta\u0301c - t\u00f4\u0300n ta\u0323i trong khu v\u01b0\u0323c \u0111i\u0323a ph\u01b0\u01a1ng kh\u00f4ng gian cu\u0309a chu\u0301ng ta.","breadcrumb":{"@id":"https:\/\/www.alliesofhumanity.org\/vi\/the-briefings\/book-three\/#breadcrumb"},"inLanguage":"vi-VN","potentialAction":[{"@type":"ReadAction","target":["https:\/\/www.alliesofhumanity.org\/vi\/the-briefings\/book-three\/"]}]},{"@type":"BreadcrumbList","@id":"https:\/\/www.alliesofhumanity.org\/vi\/the-briefings\/book-three\/#breadcrumb","itemListElement":[{"@type":"ListItem","position":1,"name":"Nh\u01b0\u0303ng Ba\u0300i T\u00f3m T\u1eaft","item":"https:\/\/www.alliesofhumanity.org\/vi\/the-briefings\/"},{"@type":"ListItem","position":2,"name":"T\u1eadp Ba"}]},{"@type":"WebSite","@id":"https:\/\/www.alliesofhumanity.org\/vi\/#website","url":"https:\/\/www.alliesofhumanity.org\/vi\/","name":"The Allies of Humanity","description":"","potentialAction":[{"@type":"SearchAction","target":{"@type":"EntryPoint","urlTemplate":"https:\/\/www.alliesofhumanity.org\/vi\/?s={search_term_string}"},"query-input":{"@type":"PropertyValueSpecification","valueRequired":true,"valueName":"search_term_string"}}],"inLanguage":"vi-VN"}]}},"_links":{"self":[{"href":"https:\/\/www.alliesofhumanity.org\/vi\/wp-json\/wp\/v2\/pages\/12899","targetHints":{"allow":["GET"]}}],"collection":[{"href":"https:\/\/www.alliesofhumanity.org\/vi\/wp-json\/wp\/v2\/pages"}],"about":[{"href":"https:\/\/www.alliesofhumanity.org\/vi\/wp-json\/wp\/v2\/types\/page"}],"author":[{"embeddable":true,"href":"https:\/\/www.alliesofhumanity.org\/vi\/wp-json\/wp\/v2\/users\/25"}],"replies":[{"embeddable":true,"href":"https:\/\/www.alliesofhumanity.org\/vi\/wp-json\/wp\/v2\/comments?post=12899"}],"version-history":[{"count":9,"href":"https:\/\/www.alliesofhumanity.org\/vi\/wp-json\/wp\/v2\/pages\/12899\/revisions"}],"predecessor-version":[{"id":19311,"href":"https:\/\/www.alliesofhumanity.org\/vi\/wp-json\/wp\/v2\/pages\/12899\/revisions\/19311"}],"up":[{"embeddable":true,"href":"https:\/\/www.alliesofhumanity.org\/vi\/wp-json\/wp\/v2\/pages\/14489"}],"wp:attachment":[{"href":"https:\/\/www.alliesofhumanity.org\/vi\/wp-json\/wp\/v2\/media?parent=12899"}],"curies":[{"name":"wp","href":"https:\/\/api.w.org\/{rel}","templated":true}]}}