{"id":12879,"date":"2021-02-19T06:42:47","date_gmt":"2021-02-19T05:42:47","guid":{"rendered":"https:\/\/www.alliesofhumanity.org\/book-two\/"},"modified":"2021-05-24T06:56:42","modified_gmt":"2021-05-24T05:56:42","slug":"book-two","status":"publish","type":"page","link":"https:\/\/www.alliesofhumanity.org\/vi\/the-briefings\/book-two\/","title":{"rendered":"T\u1eadp Hai"},"content":{"rendered":"<h5>T\u1ea5t c\u1ea3 c\u00e1c B\u00e0i T\u00f3m T\u1eaft c\u1ee7a \u0110\u1ed3ng Minh c\u1ee7a Nh\u00e2n Lo\u1ea1i \u0111\u1ec1u mi\u1ec5n ph\u00ed tr\u1ef1c tuy\u1ebfn. H\u00e3y b\u1eaft \u0111\u1ea7u h\u00e0nh tr\u00ecnh v\u1edbi T\u1eadp Hai c\u1ee7a \u0110\u1ed3ng Minh.<\/h5>\n<p>Trong chu\u1ed7i nh\u1eefng b\u00e0i t\u00f3m t\u1eaft th\u1ee9 hai n\u00e0y c\u1ee7a ch\u00fang t\u00f4i, ch\u00fang t\u00f4i mu\u1ed1n trao cho b\u1ea1n s\u1ef1 hi\u1ec3u bi\u1ebft l\u1edbn h\u01a1n v\u00e0 t\u1ea7m nh\u00ecn xa h\u01a1n v\u1ec1 vi\u1ec7c cu\u1ed9c s\u1ed1ng th\u1eadt s\u1ef1 nh\u01b0 th\u1ebf n\u00e0o trong V\u0169 Tr\u1ee5 xung quanh b\u1ea1n.<\/p>\n<h5>H\u00e3y b\u1eaft \u0111\u1ea7u h\u00e0nh tr\u00ecnh v\u1edbi T\u1eadp Hai c\u1ee7a \u0110\u1ed3ng Minh.<\/h5>\n<p>Mu\u0323c lu\u0323c:<\/p>\n<p><a href=\"universe-reality-of-nature\">B\u00e0i T\u00f3m T\u1eaft Th\u1ee9 Nh\u1ea5t: V\u0169 tr\u1ee5 m\u00e0 b\u1ea1n \u0111ang tr\u1ed7i d\u1eady<\/a><\/p>\n<p><a href=\"why-are-aliens-here\">B\u00e0i T\u00f3m T\u1eaft Th\u1ee9 Hai: T\u1ea1i sao s\u1ef1 can thi\u1ec7p l\u1ea1i x\u1ea3y ra<\/a><\/p>\n<p><a href=\"the-influence-upon-humanity\">B\u00e0i T\u00f3m T\u1eaft Th\u1ee9 Ba: \u1ea2nh H\u01b0\u1edfng Tr\u00ean Nh\u00e2n Lo\u1ea1i<\/a><\/p>\n<p><a href=\"collectives-in-universe\">B\u00e0i T\u00f3m T\u1eaft Th\u1ee9 T\u01b0: C\u00e1c T\u1eadp \u0110o\u00e0n<\/a><\/p>\n<p><a href=\"biological-resources\">B\u00e0i T\u00f3m T\u1eaft Th\u1ee9 N\u0103m: H\u1ecd Mu\u1ed1n G\u00ec<\/a><\/p>\n<p><a href=\"a-call-to-action-spiritual-power\">B\u00e0i T\u00f3m T\u1eaft Th\u1ee9 S\u00e1u: L\u1eddi K\u00eau G\u1ecdi \u0111\u1ec3 H\u00e0nh \u0110\u1ed9ng<\/a><\/p>\n<p>B\u00ecnh Lu\u1eadn Th\u1ee9 Nh\u1ea5t: <a href=\"the-problem-of-human-denial-first-commentary\">V\u1ea5n \u0110\u1ec1 c\u1ee7a Vi\u1ec7c Ph\u1ee7 Nh\u1eadn c\u1ee7a Con Ng\u01b0\u1eddi<\/a><\/p>\n<p>B\u00ecnh Lu\u1eadn Th\u1ee9 Hai: <a href=\"effects-of-the-pacification-program-second-commentary\">\u1ea2nh H\u01b0\u1edfng c\u1ee7a Ch\u01b0\u01a1ng Tr\u00ecnh B\u00ecnh \u0110\u1ecbnh<\/a><\/p>\n<p>B\u00ecnh Lu\u1eadn Th\u1ee9 Ba: <a href=\"understanding-the-intervention-third-commentary\">Hi\u1ec3u \u0110\u01b0\u1ee3c S\u1ef1 Can Thi\u1ec7p<\/a><\/p>\n<p>H\u1ed9i c\u1ee7a Th\u00f4ng \u0110i\u1ec7p M\u1edbi (The Society for The New Message) b\u00e2y gi\u1edd \u0111ang cung c\u1ea5p to\u00e0n th\u1ec3 b\u1ed1n t\u1eadp c\u1ee7a \u0110\u1ed3ng Minh c\u1ee7a Nh\u00e2n Lo\u1ea1i mi\u1ec5n ph\u00ed tr\u1ef1c tuy\u1ebfn. Ch\u00fang t\u00f4i l\u00e0m \u0111i\u1ec1u n\u00e0y \u0111\u1ec3 th\u00f4ng \u0111i\u1ec7p n\u00e0y c\u00f3 th\u1ec3 \u0111\u1ebfn \u0111\u01b0\u1ee3c v\u1edbi nhi\u1ec1u ng\u01b0\u1eddi nh\u1ea5t c\u00f3 th\u1ec3, c\u1ea3 trong c\u00e1 nh\u00e2n v\u00e0 trong c\u00e1c v\u1ecb tr\u00ed quy\u1ec1n l\u1ef1c v\u1ec1 ch\u00ednh tr\u1ecb, kinh t\u1ebf v\u00e0 t\u00f4n gi\u00e1o.<\/p>\n","protected":false},"excerpt":{"rendered":"<p>T\u1ea5t c\u1ea3 c\u00e1c B\u00e0i T\u00f3m T\u1eaft c\u1ee7a \u0110\u1ed3ng Minh c\u1ee7a Nh\u00e2n Lo\u1ea1i \u0111\u1ec1u mi\u1ec5n ph\u00ed tr\u1ef1c tuy\u1ebfn. H\u00e3y b\u1eaft \u0111\u1ea7u h\u00e0nh tr\u00ecnh v\u1edbi T\u1eadp Hai c\u1ee7a \u0110\u1ed3ng Minh. Trong chu\u1ed7i nh\u1eefng b\u00e0i t\u00f3m t\u1eaft th\u1ee9 hai n\u00e0y c\u1ee7a ch\u00fang t\u00f4i, ch\u00fang t\u00f4i mu\u1ed1n trao cho b\u1ea1n s\u1ef1 hi\u1ec3u bi\u1ebft l\u1edbn h\u01a1n v\u00e0 t\u1ea7m nh\u00ecn xa [&hellip;]<\/p>\n","protected":false},"author":2,"featured_media":0,"parent":14489,"menu_order":2,"comment_status":"closed","ping_status":"closed","template":"page-book-start.php","meta":{"_acf_changed":false,"footnotes":""},"class_list":["post-12879","page","type-page","status-publish","hentry"],"acf":[],"yoast_head":"<!-- This site is optimized with the Yoast SEO plugin v26.5 - https:\/\/yoast.com\/wordpress\/plugins\/seo\/ -->\n<title>\u0110\u1ed3ng Minh c\u1ee7a Nh\u00e2n Lo\u1ea1i T\u1eadp Hai: S\u1ef1 Th\u1ed1ng Nh\u1ea5t, T\u1ef1 Do c\u1ee7a Con Ng\u01b0\u1eddi v\u00e0 Th\u1ef1c T\u1ebf \u1ea8n Gi\u1ea5u c\u1ee7a S\u1ef1 Ti\u1ebfp X\u00fac<\/title>\n<meta name=\"description\" content=\"Trong chu\u1ed7i nh\u1eefng b\u00e0i t\u00f3m t\u1eaft th\u1ee9 hai n\u00e0y c\u1ee7a ch\u00fang t\u00f4i, ch\u00fang t\u00f4i mu\u1ed1n trao cho b\u1ea1n s\u1ef1 hi\u1ec3u bi\u1ebft l\u1edbn h\u01a1n v\u00e0 t\u1ea7m nh\u00ecn xa h\u01a1n v\u1ec1 vi\u1ec7c cu\u1ed9c s\u1ed1ng th\u1eadt s\u1ef1 nh\u01b0 th\u1ebf n\u00e0o trong V\u0169 Tr\u1ee5 xung quanh b\u1ea1n.\" \/>\n<meta name=\"robots\" content=\"index, follow, max-snippet:-1, max-image-preview:large, max-video-preview:-1\" \/>\n<link rel=\"canonical\" href=\"https:\/\/www.alliesofhumanity.org\/vi\/the-briefings\/book-two\/\" \/>\n<meta property=\"og:locale\" content=\"vi_VN\" \/>\n<meta property=\"og:type\" content=\"article\" \/>\n<meta property=\"og:title\" content=\"\u0110\u1ed3ng Minh c\u1ee7a Nh\u00e2n Lo\u1ea1i T\u1eadp Hai: S\u1ef1 Th\u1ed1ng Nh\u1ea5t, T\u1ef1 Do c\u1ee7a Con Ng\u01b0\u1eddi v\u00e0 Th\u1ef1c T\u1ebf \u1ea8n Gi\u1ea5u c\u1ee7a S\u1ef1 Ti\u1ebfp X\u00fac\" \/>\n<meta property=\"og:description\" content=\"Trong chu\u1ed7i nh\u1eefng b\u00e0i t\u00f3m t\u1eaft th\u1ee9 hai n\u00e0y c\u1ee7a ch\u00fang t\u00f4i, ch\u00fang t\u00f4i mu\u1ed1n trao cho b\u1ea1n s\u1ef1 hi\u1ec3u bi\u1ebft l\u1edbn h\u01a1n v\u00e0 t\u1ea7m nh\u00ecn xa h\u01a1n v\u1ec1 vi\u1ec7c cu\u1ed9c s\u1ed1ng th\u1eadt s\u1ef1 nh\u01b0 th\u1ebf n\u00e0o trong V\u0169 Tr\u1ee5 xung quanh b\u1ea1n.\" \/>\n<meta property=\"og:url\" content=\"https:\/\/www.alliesofhumanity.org\/vi\/the-briefings\/book-two\/\" \/>\n<meta property=\"og:site_name\" content=\"The Allies of Humanity\" \/>\n<meta property=\"article:publisher\" content=\"https:\/\/www.facebook.com\/alliesofhumanity\/\" \/>\n<meta property=\"article:modified_time\" content=\"2021-05-24T05:56:42+00:00\" \/>\n<meta property=\"og:image\" content=\"https:\/\/www.alliesofhumanity.org\/wp-content\/uploads\/2021\/01\/og-socialmedia-aoh.jpg\" \/>\n\t<meta property=\"og:image:width\" content=\"1200\" \/>\n\t<meta property=\"og:image:height\" content=\"630\" \/>\n\t<meta property=\"og:image:type\" content=\"image\/jpeg\" \/>\n<meta name=\"twitter:card\" content=\"summary_large_image\" \/>\n<meta name=\"twitter:title\" content=\"\u0110\u1ed3ng Minh c\u1ee7a Nh\u00e2n Lo\u1ea1i T\u1eadp Hai: S\u1ef1 Th\u1ed1ng Nh\u1ea5t, T\u1ef1 Do c\u1ee7a Con Ng\u01b0\u1eddi v\u00e0 Th\u1ef1c T\u1ebf \u1ea8n Gi\u1ea5u c\u1ee7a S\u1ef1 Ti\u1ebfp X\u00fac\" \/>\n<meta name=\"twitter:site\" content=\"@earthallies\" \/>\n<meta name=\"twitter:label1\" content=\"Est. reading time\" \/>\n\t<meta name=\"twitter:data1\" content=\"2 minutes\" \/>\n<script type=\"application\/ld+json\" class=\"yoast-schema-graph\">{\"@context\":\"https:\/\/schema.org\",\"@graph\":[{\"@type\":\"WebPage\",\"@id\":\"https:\/\/www.alliesofhumanity.org\/vi\/the-briefings\/book-two\/\",\"url\":\"https:\/\/www.alliesofhumanity.org\/vi\/the-briefings\/book-two\/\",\"name\":\"\u0110\u1ed3ng Minh c\u1ee7a Nh\u00e2n Lo\u1ea1i T\u1eadp Hai: S\u1ef1 Th\u1ed1ng Nh\u1ea5t, T\u1ef1 Do c\u1ee7a Con Ng\u01b0\u1eddi v\u00e0 Th\u1ef1c T\u1ebf \u1ea8n Gi\u1ea5u c\u1ee7a S\u1ef1 Ti\u1ebfp X\u00fac\",\"isPartOf\":{\"@id\":\"https:\/\/www.alliesofhumanity.org\/vi\/#website\"},\"datePublished\":\"2021-02-19T05:42:47+00:00\",\"dateModified\":\"2021-05-24T05:56:42+00:00\",\"description\":\"Trong chu\u1ed7i nh\u1eefng b\u00e0i t\u00f3m t\u1eaft th\u1ee9 hai n\u00e0y c\u1ee7a ch\u00fang t\u00f4i, ch\u00fang t\u00f4i mu\u1ed1n trao cho b\u1ea1n s\u1ef1 hi\u1ec3u bi\u1ebft l\u1edbn h\u01a1n v\u00e0 t\u1ea7m nh\u00ecn xa h\u01a1n v\u1ec1 vi\u1ec7c cu\u1ed9c s\u1ed1ng th\u1eadt s\u1ef1 nh\u01b0 th\u1ebf n\u00e0o trong V\u0169 Tr\u1ee5 xung quanh b\u1ea1n.\",\"breadcrumb\":{\"@id\":\"https:\/\/www.alliesofhumanity.org\/vi\/the-briefings\/book-two\/#breadcrumb\"},\"inLanguage\":\"vi-VN\",\"potentialAction\":[{\"@type\":\"ReadAction\",\"target\":[\"https:\/\/www.alliesofhumanity.org\/vi\/the-briefings\/book-two\/\"]}]},{\"@type\":\"BreadcrumbList\",\"@id\":\"https:\/\/www.alliesofhumanity.org\/vi\/the-briefings\/book-two\/#breadcrumb\",\"itemListElement\":[{\"@type\":\"ListItem\",\"position\":1,\"name\":\"Nh\u01b0\u0303ng Ba\u0300i T\u00f3m T\u1eaft\",\"item\":\"https:\/\/www.alliesofhumanity.org\/vi\/the-briefings\/\"},{\"@type\":\"ListItem\",\"position\":2,\"name\":\"T\u1eadp Hai\"}]},{\"@type\":\"WebSite\",\"@id\":\"https:\/\/www.alliesofhumanity.org\/vi\/#website\",\"url\":\"https:\/\/www.alliesofhumanity.org\/vi\/\",\"name\":\"The Allies of Humanity\",\"description\":\"\",\"potentialAction\":[{\"@type\":\"SearchAction\",\"target\":{\"@type\":\"EntryPoint\",\"urlTemplate\":\"https:\/\/www.alliesofhumanity.org\/vi\/?s={search_term_string}\"},\"query-input\":{\"@type\":\"PropertyValueSpecification\",\"valueRequired\":true,\"valueName\":\"search_term_string\"}}],\"inLanguage\":\"vi-VN\"}]}<\/script>\n<!-- \/ Yoast SEO plugin. -->","yoast_head_json":{"title":"\u0110\u1ed3ng Minh c\u1ee7a Nh\u00e2n Lo\u1ea1i T\u1eadp Hai: S\u1ef1 Th\u1ed1ng Nh\u1ea5t, T\u1ef1 Do c\u1ee7a Con Ng\u01b0\u1eddi v\u00e0 Th\u1ef1c T\u1ebf \u1ea8n Gi\u1ea5u c\u1ee7a S\u1ef1 Ti\u1ebfp X\u00fac","description":"Trong chu\u1ed7i nh\u1eefng b\u00e0i t\u00f3m t\u1eaft th\u1ee9 hai n\u00e0y c\u1ee7a ch\u00fang t\u00f4i, ch\u00fang t\u00f4i mu\u1ed1n trao cho b\u1ea1n s\u1ef1 hi\u1ec3u bi\u1ebft l\u1edbn h\u01a1n v\u00e0 t\u1ea7m nh\u00ecn xa h\u01a1n v\u1ec1 vi\u1ec7c cu\u1ed9c s\u1ed1ng th\u1eadt s\u1ef1 nh\u01b0 th\u1ebf n\u00e0o trong V\u0169 Tr\u1ee5 xung quanh b\u1ea1n.","robots":{"index":"index","follow":"follow","max-snippet":"max-snippet:-1","max-image-preview":"max-image-preview:large","max-video-preview":"max-video-preview:-1"},"canonical":"https:\/\/www.alliesofhumanity.org\/vi\/the-briefings\/book-two\/","og_locale":"vi_VN","og_type":"article","og_title":"\u0110\u1ed3ng Minh c\u1ee7a Nh\u00e2n Lo\u1ea1i T\u1eadp Hai: S\u1ef1 Th\u1ed1ng Nh\u1ea5t, T\u1ef1 Do c\u1ee7a Con Ng\u01b0\u1eddi v\u00e0 Th\u1ef1c T\u1ebf \u1ea8n Gi\u1ea5u c\u1ee7a S\u1ef1 Ti\u1ebfp X\u00fac","og_description":"Trong chu\u1ed7i nh\u1eefng b\u00e0i t\u00f3m t\u1eaft th\u1ee9 hai n\u00e0y c\u1ee7a ch\u00fang t\u00f4i, ch\u00fang t\u00f4i mu\u1ed1n trao cho b\u1ea1n s\u1ef1 hi\u1ec3u bi\u1ebft l\u1edbn h\u01a1n v\u00e0 t\u1ea7m nh\u00ecn xa h\u01a1n v\u1ec1 vi\u1ec7c cu\u1ed9c s\u1ed1ng th\u1eadt s\u1ef1 nh\u01b0 th\u1ebf n\u00e0o trong V\u0169 Tr\u1ee5 xung quanh b\u1ea1n.","og_url":"https:\/\/www.alliesofhumanity.org\/vi\/the-briefings\/book-two\/","og_site_name":"The Allies of Humanity","article_publisher":"https:\/\/www.facebook.com\/alliesofhumanity\/","article_modified_time":"2021-05-24T05:56:42+00:00","og_image":[{"width":1200,"height":630,"url":"https:\/\/www.alliesofhumanity.org\/wp-content\/uploads\/2021\/01\/og-socialmedia-aoh.jpg","type":"image\/jpeg"}],"twitter_card":"summary_large_image","twitter_title":"\u0110\u1ed3ng Minh c\u1ee7a Nh\u00e2n Lo\u1ea1i T\u1eadp Hai: S\u1ef1 Th\u1ed1ng Nh\u1ea5t, T\u1ef1 Do c\u1ee7a Con Ng\u01b0\u1eddi v\u00e0 Th\u1ef1c T\u1ebf \u1ea8n Gi\u1ea5u c\u1ee7a S\u1ef1 Ti\u1ebfp X\u00fac","twitter_site":"@earthallies","twitter_misc":{"Est. reading time":"2 minutes"},"schema":{"@context":"https:\/\/schema.org","@graph":[{"@type":"WebPage","@id":"https:\/\/www.alliesofhumanity.org\/vi\/the-briefings\/book-two\/","url":"https:\/\/www.alliesofhumanity.org\/vi\/the-briefings\/book-two\/","name":"\u0110\u1ed3ng Minh c\u1ee7a Nh\u00e2n Lo\u1ea1i T\u1eadp Hai: S\u1ef1 Th\u1ed1ng Nh\u1ea5t, T\u1ef1 Do c\u1ee7a Con Ng\u01b0\u1eddi v\u00e0 Th\u1ef1c T\u1ebf \u1ea8n Gi\u1ea5u c\u1ee7a S\u1ef1 Ti\u1ebfp X\u00fac","isPartOf":{"@id":"https:\/\/www.alliesofhumanity.org\/vi\/#website"},"datePublished":"2021-02-19T05:42:47+00:00","dateModified":"2021-05-24T05:56:42+00:00","description":"Trong chu\u1ed7i nh\u1eefng b\u00e0i t\u00f3m t\u1eaft th\u1ee9 hai n\u00e0y c\u1ee7a ch\u00fang t\u00f4i, ch\u00fang t\u00f4i mu\u1ed1n trao cho b\u1ea1n s\u1ef1 hi\u1ec3u bi\u1ebft l\u1edbn h\u01a1n v\u00e0 t\u1ea7m nh\u00ecn xa h\u01a1n v\u1ec1 vi\u1ec7c cu\u1ed9c s\u1ed1ng th\u1eadt s\u1ef1 nh\u01b0 th\u1ebf n\u00e0o trong V\u0169 Tr\u1ee5 xung quanh b\u1ea1n.","breadcrumb":{"@id":"https:\/\/www.alliesofhumanity.org\/vi\/the-briefings\/book-two\/#breadcrumb"},"inLanguage":"vi-VN","potentialAction":[{"@type":"ReadAction","target":["https:\/\/www.alliesofhumanity.org\/vi\/the-briefings\/book-two\/"]}]},{"@type":"BreadcrumbList","@id":"https:\/\/www.alliesofhumanity.org\/vi\/the-briefings\/book-two\/#breadcrumb","itemListElement":[{"@type":"ListItem","position":1,"name":"Nh\u01b0\u0303ng Ba\u0300i T\u00f3m T\u1eaft","item":"https:\/\/www.alliesofhumanity.org\/vi\/the-briefings\/"},{"@type":"ListItem","position":2,"name":"T\u1eadp Hai"}]},{"@type":"WebSite","@id":"https:\/\/www.alliesofhumanity.org\/vi\/#website","url":"https:\/\/www.alliesofhumanity.org\/vi\/","name":"The Allies of Humanity","description":"","potentialAction":[{"@type":"SearchAction","target":{"@type":"EntryPoint","urlTemplate":"https:\/\/www.alliesofhumanity.org\/vi\/?s={search_term_string}"},"query-input":{"@type":"PropertyValueSpecification","valueRequired":true,"valueName":"search_term_string"}}],"inLanguage":"vi-VN"}]}},"_links":{"self":[{"href":"https:\/\/www.alliesofhumanity.org\/vi\/wp-json\/wp\/v2\/pages\/12879","targetHints":{"allow":["GET"]}}],"collection":[{"href":"https:\/\/www.alliesofhumanity.org\/vi\/wp-json\/wp\/v2\/pages"}],"about":[{"href":"https:\/\/www.alliesofhumanity.org\/vi\/wp-json\/wp\/v2\/types\/page"}],"author":[{"embeddable":true,"href":"https:\/\/www.alliesofhumanity.org\/vi\/wp-json\/wp\/v2\/users\/2"}],"replies":[{"embeddable":true,"href":"https:\/\/www.alliesofhumanity.org\/vi\/wp-json\/wp\/v2\/comments?post=12879"}],"version-history":[{"count":3,"href":"https:\/\/www.alliesofhumanity.org\/vi\/wp-json\/wp\/v2\/pages\/12879\/revisions"}],"predecessor-version":[{"id":17625,"href":"https:\/\/www.alliesofhumanity.org\/vi\/wp-json\/wp\/v2\/pages\/12879\/revisions\/17625"}],"up":[{"embeddable":true,"href":"https:\/\/www.alliesofhumanity.org\/vi\/wp-json\/wp\/v2\/pages\/14489"}],"wp:attachment":[{"href":"https:\/\/www.alliesofhumanity.org\/vi\/wp-json\/wp\/v2\/media?parent=12879"}],"curies":[{"name":"wp","href":"https:\/\/api.w.org\/{rel}","templated":true}]}}