{"id":12858,"date":"2021-02-18T08:29:45","date_gmt":"2021-02-18T07:29:45","guid":{"rendered":"https:\/\/www.alliesofhumanity.org\/book-one\/final-words\/"},"modified":"2024-03-14T08:50:34","modified_gmt":"2024-03-14T07:50:34","slug":"final-words","status":"publish","type":"page","link":"https:\/\/www.alliesofhumanity.org\/vi\/the-briefings\/book-one\/final-words\/","title":{"rendered":"L\u1eddi K\u1ebft"},"content":{"rendered":"\t\t<div data-elementor-type=\"wp-page\" data-elementor-id=\"12858\" class=\"elementor elementor-12858 elementor-2181\" data-elementor-post-type=\"page\">\t\t\t\t\t\t<section class=\"elementor-section elementor-top-section elementor-element elementor-element-54dadb56 elementor-section-boxed elementor-section-height-default elementor-section-height-default\" data-id=\"54dadb56\" data-element_type=\"section\">\t\t\t\t\t\t<div class=\"elementor-container elementor-column-gap-default\">\t\t\t\t\t<div class=\"elementor-column elementor-col-100 elementor-top-column elementor-element elementor-element-31c5ce98\" data-id=\"31c5ce98\" data-element_type=\"column\">\t\t\t<div class=\"elementor-widget-wrap elementor-element-populated\">\t\t\t\t\t\t<div class=\"elementor-element elementor-element-7d4c35aa elementor-widget elementor-widget-text-editor\" data-id=\"7d4c35aa\" data-element_type=\"widget\" data-widget_type=\"text-editor.default\">\t\t\t\t<div class=\"elementor-widget-container\">\t\t\t\t\t\t\t\t\t<h1 style=\"text-align: center;\">L\u1eddi K\u1ebft<\/h1>\rNh\u00e2n lo\u1ea1i \u0111ang \u1edf m\u1ed9t \u0111i\u1ec3m kh\u1edfi \u0111\u1ea7u m\u1edbi. N\u00f3 \u0111ang \u0111\u1ed1i m\u1eb7t v\u1edbi m\u1ed9t t\u00ecnh c\u1ea3nh nghi\u00eam tr\u1ecdng. Nhu c\u1ea7u cho m\u1ed9t h\u1ecdc th\u1ee9c v\u00e0 hi\u1ec3u bi\u1ebft m\u1edbi la\u0300 r\u00e2\u0301t c\u00e2\u0300n thi\u00ea\u0301t. Ch\u00fang t\u00f4i \u0111ang \u1edf \u0111\u00e2y \u0111\u1ec3 ph\u1ee5c v\u1ee5 nhu c\u1ea7u n\u00e0y theo y\u00eau c\u1ea7u c\u1ee7a Nh\u1eefng Ng\u01b0\u1eddi V\u00f4 H\u00ecnh. H\u1ecd \u0111ang d\u1ef1a v\u00e0o ch\u00fang t\u00f4i \u0111\u1ec3 chia s\u1ebb minh tri\u1ebft c\u1ee7a ch\u00fang t\u00f4i, b\u1edfi v\u00ec ch\u00fang t\u00f4i s\u1ed1ng trong v\u0169 tr\u1ee5 v\u1eadt ch\u1ea5t, nh\u01b0 b\u1ea1n v\u1eady. Ch\u00fang t\u00f4i kh\u00f4ng ph\u1ea3i l\u00e0 thi\u00ean th\u1ea7n. Ch\u00fang t\u00f4i kh\u00f4ng ho\u00e0n h\u1ea3o. Ch\u00fang t\u00f4i ch\u01b0a \u0111\u1ea1t \u0111\u01b0\u1ee3c \u0111\u1ec9nh cao c\u1ee7a nh\u1eadn th\u1ee9c v\u00e0 th\u00e0nh t\u1ef1u trong th\u00e1nh linh. V\u00e0 do \u0111\u00f3 th\u00f4ng \u0111i\u1ec7p c\u1ee7a ch\u00fang t\u00f4i cho b\u1ea1n v\u1ec1 C\u1ed9ng \u0110\u1ed3ng V\u0129 \u0110\u1ea1i, ch\u00fang t\u00f4i tin s\u1ebd ph\u00f9 h\u1ee3p h\u01a1n v\u00e0 d\u1ec5 \u0111\u01b0\u1ee3c ch\u1ea5p nh\u1eadn h\u01a1n. Nh\u1eefng Ng\u01b0\u1eddi V\u00f4 H\u00ecnh bi\u1ebft nhi\u1ec1u h\u01a1n ch\u00fang t\u00f4i v\u1ec1 s\u1ef1 s\u1ed1ng trong v\u0169 tr\u1ee5 v\u00e0 v\u1ec1 nh\u1eefng c\u1ea5p b\u1eadc ti\u1ebfn tri\u1ec3n v\u00e0 th\u00e0nh t\u1ef1u c\u00f3 th\u1ec3 \u0111\u1ea1t \u0111\u01b0\u1ee3c v\u00e0 \u0111ang \u0111\u01b0\u1ee3c th\u1ef1c h\u00e0nh \u1edf nhi\u1ec1u n\u01a1i. Nh\u01b0ng h\u1ecd \u0111\u00e3 h\u1ecfi ch\u00fang t\u00f4i \u0111\u1ec3 n\u00f3i v\u1ec1 th\u1ef1c t\u1ebf c\u1ee7a s\u1ef1 s\u1ed1ng v\u1eadt ch\u1ea5t b\u1edfi v\u00ec ch\u00fang t\u00f4i ho\u00e0n to\u00e0n tham d\u1ef1 \u1edf \u0111\u00f3. V\u00e0 th\u00f4ng qua th\u1eed nghi\u1ec7m v\u00e0 sai l\u1ea7m c\u1ee7a ch\u00fang t\u00f4i, ch\u00fang t\u00f4i \u0111\u00e3 h\u1ecdc v\u1ec1 t\u1ea7m quan tr\u1ecdng v\u00e0 \u00fd ngh\u0129a c\u1ee7a \u0111i\u1ec1u ch\u00fang t\u00f4i \u0111ang chia s\u1ebb v\u1edbi b\u1ea1n.\r\rDo \u0111\u00f3, ch\u00fang t\u00f4i \u0111\u1ebfn nh\u01b0 \u0110\u1ed3ng Minh c\u1ee7a Nh\u00e2n Lo\u1ea1i, b\u1edfi v\u00ec ch\u00fang t\u00f4i l\u00e0 v\u1eady. Bi\u00ea\u0301t \u01a1n r\u1eb1ng b\u1ea1n c\u00f3 \u0111\u1ed3ng minh c\u00f3 th\u1ec3 gi\u00fap b\u1ea1n v\u00e0 c\u00f3 th\u1ec3 gi\u00e1o d\u1ee5c b\u1ea1n v\u00e0 c\u00f3 th\u1ec3 \u1ee7ng h\u1ed9 s\u1ee9c m\u1ea1nh c\u1ee7a b\u1ea1n, t\u1ef1 do c\u1ee7a b\u1ea1n v\u00e0 th\u00e0nh t\u1ef1u c\u1ee7a b\u1ea1n. B\u1edfi v\u00ec kh\u00f4ng c\u00f3 s\u1ef1 tr\u1ee3 gi\u00fap n\u00e0y, tri\u1ec3n v\u1ecdng \u0111\u1ec3 b\u1ea1n v\u01b0\u1ee3t qua kh\u1ecfi ki\u1ec3u x\u00e2m nh\u1eadp t\u1eeb ngo\u00e0i h\u00e0nh tinh m\u00e0 b\u1ea1n \u0111ang tr\u1ea3i nghi\u1ec7m ngay l\u00fac n\u00e0y s\u1ebd r\u1ea5t c\u00f3 gi\u1edbi h\u1ea1n. \u0110\u00fang, s\u1ebd c\u00f3 m\u1ed9t v\u00e0i c\u00e1 nh\u00e2n s\u1ebd nh\u1eadn ra t\u00ecnh c\u1ea3nh \u0111ang hi\u1ec7n di\u1ec7n, nh\u01b0ng s\u1ed1 l\u01b0\u1ee3ng c\u1ee7a h\u1ecd s\u1ebd kh\u00f4ng \u0111\u1ee7 l\u1edbn, v\u00e0 ti\u1ebfng n\u00f3i c\u1ee7a h\u1ecd s\u1ebd kh\u00f4ng \u0111\u01b0\u1ee3c nghe th\u1ea5y.\r<p>\r<\/p>V\u1ec1 vi\u1ec7c n\u00e0y, ch\u00fang t\u00f4i ch\u1ec9 c\u00f3 th\u1ec3 xin b\u1ea1n tin t\u01b0\u1edfng. Ch\u00fang t\u00f4i hi v\u1ecdng r\u1eb1ng th\u00f4ng qua s\u1ef1 kh\u00f4n ngoan c\u1ee7a l\u1eddi n\u00f3i c\u1ee7a ch\u00fang t\u00f4i v\u00e0 th\u00f4ng qua nh\u1eefng c\u01a1 h\u1ed9i b\u1ea1n c\u00f3 \u0111\u1ec3 h\u1ecdc v\u1ec1 \u00fd ngh\u0129a v\u00e0 s\u1ef1 xa\u0301c \u0111a\u0301ng c\u1ee7a n\u00f3, r\u1eb1ng ch\u00fang t\u00f4i c\u00f3 th\u1ec3 \u0111\u1ea1t \u0111\u01b0\u1ee3c s\u1ef1 tin t\u01b0\u1edfng n\u00e0y theo th\u1eddi gian, b\u1edfi v\u00ec b\u1ea1n c\u00f3 \u0111\u1ed3ng minh trong C\u1ed9ng \u0110\u1ed3ng V\u0129 \u0110\u1ea1i. B\u1ea1n c\u00f3 nh\u1eefng ng\u01b0\u1eddi b\u1ea1n tuy\u1ec7t v\u1eddi b\u00ean ngo\u00e0i th\u1ebf gi\u1edbi n\u00e0y, nh\u1eefng ng\u01b0\u1eddi \u0111\u00e3 ch\u1ecbu n\u1ea1n d\u01b0\u1edbi nh\u1eefng th\u1eed th\u00e1ch m\u00e0 b\u1ea1n \u0111ang \u0111\u1ed1i m\u1eb7t ngay l\u00fac n\u00e0y v\u00e0 \u0111\u00e3 gi\u00e0nh \u0111\u01b0\u1ee3c th\u00e0nh c\u00f4ng. B\u1edfi v\u00ec ch\u00fang t\u00f4i \u0111\u00e3 \u0111\u01b0\u1ee3c tr\u1ee3 gi\u00fap, ch\u00fang t\u00f4i ph\u1ea3i tr\u1ee3 gi\u00fap nh\u1eefng ng\u01b0\u1eddi kh\u00e1c ngay l\u00fac n\u00e0y. \u0110\u00f3 l\u00e0 tha\u0309o thu\u00e2\u0323n thi\u00eang li\u00eang c\u1ee7a ch\u00fang t\u00f4i. \u0110\u00f3 l\u00e0 cho \u0111i\u1ec1u n\u00e0y m\u00e0 ch\u00fang t\u00f4i r\u00e2\u0301t cam k\u00ea\u0301t.\t\t\t\t\t\t\t\t<\/div>\t\t\t\t<\/div>\t\t\t\t\t<\/div>\t\t<\/div>\t\t\t\t\t<\/div>\t\t<\/section>\t\t\t\t<\/div><p>\t\t<\/p>","protected":false},"excerpt":{"rendered":"<p>L\u1eddi K\u1ebft Nh\u00e2n lo\u1ea1i \u0111ang \u1edf m\u1ed9t \u0111i\u1ec3m kh\u1edfi \u0111\u1ea7u m\u1edbi. N\u00f3 \u0111ang \u0111\u1ed1i m\u1eb7t v\u1edbi m\u1ed9t t\u00ecnh c\u1ea3nh nghi\u00eam tr\u1ecdng. Nhu c\u1ea7u cho m\u1ed9t h\u1ecdc th\u1ee9c v\u00e0 hi\u1ec3u bi\u1ebft m\u1edbi la\u0300 r\u00e2\u0301t c\u00e2\u0300n thi\u00ea\u0301t. Ch\u00fang t\u00f4i \u0111ang \u1edf \u0111\u00e2y \u0111\u1ec3 ph\u1ee5c v\u1ee5 nhu c\u1ea7u n\u00e0y theo y\u00eau c\u1ea7u c\u1ee7a Nh\u1eefng Ng\u01b0\u1eddi V\u00f4 H\u00ecnh. H\u1ecd [&hellip;]<\/p>\n","protected":false},"author":23,"featured_media":0,"parent":12838,"menu_order":7,"comment_status":"closed","ping_status":"closed","template":"page.php","meta":{"_acf_changed":false,"footnotes":""},"class_list":["post-12858","page","type-page","status-publish","hentry"],"acf":[],"yoast_head":"<!-- This site is optimized with the Yoast SEO plugin v26.5 - https:\/\/yoast.com\/wordpress\/plugins\/seo\/ -->\n<title>Ba\u0300i To\u0301m T\u0103\u0301t b\u01a1\u0309i \u0110\u00f4\u0300ng Minh cu\u0309a Nh\u00e2n Loa\u0323i, T\u00e2\u0323p 1: L\u01a1\u0300i K\u00ea\u0301t<\/title>\n<meta name=\"description\" content=\"Nh\u00e2n lo\u1ea1i \u0111ang \u1edf m\u1ed9t kh\u1edfi \u0111\u1ea7u m\u1edbi. N\u00f3 ph\u1ea3i \u0111\u1ed1i m\u1eb7t v\u1edbi m\u1ed9t t\u00ecnh hu\u1ed1ng nghi\u00eam tr\u1ecdng. S\u01b0\u0323 Ti\u00ea\u0301p Xu\u0301c v\u01a1\u0301i Ng\u01b0\u01a1\u0300i Ngoa\u0300i Ha\u0300nh Tinh \u0111ang di\u00ea\u0303n ra. Nhu c\u1ea7u, th\u00e1ch th\u1ee9c v\u00e0 c\u01a1 h\u1ed9i l\u00e0 vi\u0303 \u0111a\u0323i.\" \/>\n<meta name=\"robots\" content=\"index, follow, max-snippet:-1, max-image-preview:large, max-video-preview:-1\" \/>\n<link rel=\"canonical\" href=\"https:\/\/www.alliesofhumanity.org\/vi\/the-briefings\/book-one\/final-words\/\" \/>\n<meta property=\"og:locale\" content=\"vi_VN\" \/>\n<meta property=\"og:type\" content=\"article\" \/>\n<meta property=\"og:title\" content=\"Ba\u0300i To\u0301m T\u0103\u0301t b\u01a1\u0309i \u0110\u00f4\u0300ng Minh cu\u0309a Nh\u00e2n Loa\u0323i, T\u00e2\u0323p 1: L\u01a1\u0300i K\u00ea\u0301t\" \/>\n<meta property=\"og:description\" content=\"Nh\u00e2n lo\u1ea1i \u0111ang \u1edf m\u1ed9t kh\u1edfi \u0111\u1ea7u m\u1edbi. N\u00f3 ph\u1ea3i \u0111\u1ed1i m\u1eb7t v\u1edbi m\u1ed9t t\u00ecnh hu\u1ed1ng nghi\u00eam tr\u1ecdng. S\u01b0\u0323 Ti\u00ea\u0301p Xu\u0301c v\u01a1\u0301i Ng\u01b0\u01a1\u0300i Ngoa\u0300i Ha\u0300nh Tinh \u0111ang di\u00ea\u0303n ra. Nhu c\u1ea7u, th\u00e1ch th\u1ee9c v\u00e0 c\u01a1 h\u1ed9i l\u00e0 vi\u0303 \u0111a\u0323i.\" \/>\n<meta property=\"og:url\" content=\"https:\/\/www.alliesofhumanity.org\/vi\/the-briefings\/book-one\/final-words\/\" \/>\n<meta property=\"og:site_name\" content=\"The Allies of Humanity\" \/>\n<meta property=\"article:publisher\" content=\"https:\/\/www.facebook.com\/alliesofhumanity\/\" \/>\n<meta property=\"article:modified_time\" content=\"2024-03-14T07:50:34+00:00\" \/>\n<meta property=\"og:image\" content=\"https:\/\/www.alliesofhumanity.org\/wp-content\/uploads\/2021\/01\/og-socialmedia-aoh.jpg\" \/>\n\t<meta property=\"og:image:width\" content=\"1200\" \/>\n\t<meta property=\"og:image:height\" content=\"630\" \/>\n\t<meta property=\"og:image:type\" content=\"image\/jpeg\" \/>\n<meta name=\"twitter:card\" content=\"summary_large_image\" \/>\n<meta name=\"twitter:title\" content=\"Ba\u0300i To\u0301m T\u0103\u0301t b\u01a1\u0309i \u0110\u00f4\u0300ng Minh cu\u0309a Nh\u00e2n Loa\u0323i, T\u00e2\u0323p 1: L\u01a1\u0300i K\u00ea\u0301t\" \/>\n<meta name=\"twitter:site\" content=\"@earthallies\" \/>\n<meta name=\"twitter:label1\" content=\"Est. reading time\" \/>\n\t<meta name=\"twitter:data1\" content=\"4 minutes\" \/>\n<script type=\"application\/ld+json\" class=\"yoast-schema-graph\">{\"@context\":\"https:\/\/schema.org\",\"@graph\":[{\"@type\":\"WebPage\",\"@id\":\"https:\/\/www.alliesofhumanity.org\/vi\/the-briefings\/book-one\/final-words\/\",\"url\":\"https:\/\/www.alliesofhumanity.org\/vi\/the-briefings\/book-one\/final-words\/\",\"name\":\"Ba\u0300i To\u0301m T\u0103\u0301t b\u01a1\u0309i \u0110\u00f4\u0300ng Minh cu\u0309a Nh\u00e2n Loa\u0323i, T\u00e2\u0323p 1: L\u01a1\u0300i K\u00ea\u0301t\",\"isPartOf\":{\"@id\":\"https:\/\/www.alliesofhumanity.org\/vi\/#website\"},\"datePublished\":\"2021-02-18T07:29:45+00:00\",\"dateModified\":\"2024-03-14T07:50:34+00:00\",\"description\":\"Nh\u00e2n lo\u1ea1i \u0111ang \u1edf m\u1ed9t kh\u1edfi \u0111\u1ea7u m\u1edbi. N\u00f3 ph\u1ea3i \u0111\u1ed1i m\u1eb7t v\u1edbi m\u1ed9t t\u00ecnh hu\u1ed1ng nghi\u00eam tr\u1ecdng. S\u01b0\u0323 Ti\u00ea\u0301p Xu\u0301c v\u01a1\u0301i Ng\u01b0\u01a1\u0300i Ngoa\u0300i Ha\u0300nh Tinh \u0111ang di\u00ea\u0303n ra. Nhu c\u1ea7u, th\u00e1ch th\u1ee9c v\u00e0 c\u01a1 h\u1ed9i l\u00e0 vi\u0303 \u0111a\u0323i.\",\"breadcrumb\":{\"@id\":\"https:\/\/www.alliesofhumanity.org\/vi\/the-briefings\/book-one\/final-words\/#breadcrumb\"},\"inLanguage\":\"vi-VN\",\"potentialAction\":[{\"@type\":\"ReadAction\",\"target\":[\"https:\/\/www.alliesofhumanity.org\/vi\/the-briefings\/book-one\/final-words\/\"]}]},{\"@type\":\"BreadcrumbList\",\"@id\":\"https:\/\/www.alliesofhumanity.org\/vi\/the-briefings\/book-one\/final-words\/#breadcrumb\",\"itemListElement\":[{\"@type\":\"ListItem\",\"position\":1,\"name\":\"Nh\u01b0\u0303ng Ba\u0300i T\u00f3m T\u1eaft\",\"item\":\"https:\/\/www.alliesofhumanity.org\/vi\/the-briefings\/\"},{\"@type\":\"ListItem\",\"position\":2,\"name\":\"T\u1eadp M\u1ed9t\",\"item\":\"https:\/\/www.alliesofhumanity.org\/vi\/the-briefings\/book-one\/\"},{\"@type\":\"ListItem\",\"position\":3,\"name\":\"L\u1eddi K\u1ebft\"}]},{\"@type\":\"WebSite\",\"@id\":\"https:\/\/www.alliesofhumanity.org\/vi\/#website\",\"url\":\"https:\/\/www.alliesofhumanity.org\/vi\/\",\"name\":\"The Allies of Humanity\",\"description\":\"\",\"potentialAction\":[{\"@type\":\"SearchAction\",\"target\":{\"@type\":\"EntryPoint\",\"urlTemplate\":\"https:\/\/www.alliesofhumanity.org\/vi\/?s={search_term_string}\"},\"query-input\":{\"@type\":\"PropertyValueSpecification\",\"valueRequired\":true,\"valueName\":\"search_term_string\"}}],\"inLanguage\":\"vi-VN\"}]}<\/script>\n<!-- \/ Yoast SEO plugin. -->","yoast_head_json":{"title":"Ba\u0300i To\u0301m T\u0103\u0301t b\u01a1\u0309i \u0110\u00f4\u0300ng Minh cu\u0309a Nh\u00e2n Loa\u0323i, T\u00e2\u0323p 1: L\u01a1\u0300i K\u00ea\u0301t","description":"Nh\u00e2n lo\u1ea1i \u0111ang \u1edf m\u1ed9t kh\u1edfi \u0111\u1ea7u m\u1edbi. N\u00f3 ph\u1ea3i \u0111\u1ed1i m\u1eb7t v\u1edbi m\u1ed9t t\u00ecnh hu\u1ed1ng nghi\u00eam tr\u1ecdng. S\u01b0\u0323 Ti\u00ea\u0301p Xu\u0301c v\u01a1\u0301i Ng\u01b0\u01a1\u0300i Ngoa\u0300i Ha\u0300nh Tinh \u0111ang di\u00ea\u0303n ra. Nhu c\u1ea7u, th\u00e1ch th\u1ee9c v\u00e0 c\u01a1 h\u1ed9i l\u00e0 vi\u0303 \u0111a\u0323i.","robots":{"index":"index","follow":"follow","max-snippet":"max-snippet:-1","max-image-preview":"max-image-preview:large","max-video-preview":"max-video-preview:-1"},"canonical":"https:\/\/www.alliesofhumanity.org\/vi\/the-briefings\/book-one\/final-words\/","og_locale":"vi_VN","og_type":"article","og_title":"Ba\u0300i To\u0301m T\u0103\u0301t b\u01a1\u0309i \u0110\u00f4\u0300ng Minh cu\u0309a Nh\u00e2n Loa\u0323i, T\u00e2\u0323p 1: L\u01a1\u0300i K\u00ea\u0301t","og_description":"Nh\u00e2n lo\u1ea1i \u0111ang \u1edf m\u1ed9t kh\u1edfi \u0111\u1ea7u m\u1edbi. N\u00f3 ph\u1ea3i \u0111\u1ed1i m\u1eb7t v\u1edbi m\u1ed9t t\u00ecnh hu\u1ed1ng nghi\u00eam tr\u1ecdng. S\u01b0\u0323 Ti\u00ea\u0301p Xu\u0301c v\u01a1\u0301i Ng\u01b0\u01a1\u0300i Ngoa\u0300i Ha\u0300nh Tinh \u0111ang di\u00ea\u0303n ra. Nhu c\u1ea7u, th\u00e1ch th\u1ee9c v\u00e0 c\u01a1 h\u1ed9i l\u00e0 vi\u0303 \u0111a\u0323i.","og_url":"https:\/\/www.alliesofhumanity.org\/vi\/the-briefings\/book-one\/final-words\/","og_site_name":"The Allies of Humanity","article_publisher":"https:\/\/www.facebook.com\/alliesofhumanity\/","article_modified_time":"2024-03-14T07:50:34+00:00","og_image":[{"width":1200,"height":630,"url":"https:\/\/www.alliesofhumanity.org\/wp-content\/uploads\/2021\/01\/og-socialmedia-aoh.jpg","type":"image\/jpeg"}],"twitter_card":"summary_large_image","twitter_title":"Ba\u0300i To\u0301m T\u0103\u0301t b\u01a1\u0309i \u0110\u00f4\u0300ng Minh cu\u0309a Nh\u00e2n Loa\u0323i, T\u00e2\u0323p 1: L\u01a1\u0300i K\u00ea\u0301t","twitter_site":"@earthallies","twitter_misc":{"Est. reading time":"4 minutes"},"schema":{"@context":"https:\/\/schema.org","@graph":[{"@type":"WebPage","@id":"https:\/\/www.alliesofhumanity.org\/vi\/the-briefings\/book-one\/final-words\/","url":"https:\/\/www.alliesofhumanity.org\/vi\/the-briefings\/book-one\/final-words\/","name":"Ba\u0300i To\u0301m T\u0103\u0301t b\u01a1\u0309i \u0110\u00f4\u0300ng Minh cu\u0309a Nh\u00e2n Loa\u0323i, T\u00e2\u0323p 1: L\u01a1\u0300i K\u00ea\u0301t","isPartOf":{"@id":"https:\/\/www.alliesofhumanity.org\/vi\/#website"},"datePublished":"2021-02-18T07:29:45+00:00","dateModified":"2024-03-14T07:50:34+00:00","description":"Nh\u00e2n lo\u1ea1i \u0111ang \u1edf m\u1ed9t kh\u1edfi \u0111\u1ea7u m\u1edbi. N\u00f3 ph\u1ea3i \u0111\u1ed1i m\u1eb7t v\u1edbi m\u1ed9t t\u00ecnh hu\u1ed1ng nghi\u00eam tr\u1ecdng. S\u01b0\u0323 Ti\u00ea\u0301p Xu\u0301c v\u01a1\u0301i Ng\u01b0\u01a1\u0300i Ngoa\u0300i Ha\u0300nh Tinh \u0111ang di\u00ea\u0303n ra. Nhu c\u1ea7u, th\u00e1ch th\u1ee9c v\u00e0 c\u01a1 h\u1ed9i l\u00e0 vi\u0303 \u0111a\u0323i.","breadcrumb":{"@id":"https:\/\/www.alliesofhumanity.org\/vi\/the-briefings\/book-one\/final-words\/#breadcrumb"},"inLanguage":"vi-VN","potentialAction":[{"@type":"ReadAction","target":["https:\/\/www.alliesofhumanity.org\/vi\/the-briefings\/book-one\/final-words\/"]}]},{"@type":"BreadcrumbList","@id":"https:\/\/www.alliesofhumanity.org\/vi\/the-briefings\/book-one\/final-words\/#breadcrumb","itemListElement":[{"@type":"ListItem","position":1,"name":"Nh\u01b0\u0303ng Ba\u0300i T\u00f3m T\u1eaft","item":"https:\/\/www.alliesofhumanity.org\/vi\/the-briefings\/"},{"@type":"ListItem","position":2,"name":"T\u1eadp M\u1ed9t","item":"https:\/\/www.alliesofhumanity.org\/vi\/the-briefings\/book-one\/"},{"@type":"ListItem","position":3,"name":"L\u1eddi K\u1ebft"}]},{"@type":"WebSite","@id":"https:\/\/www.alliesofhumanity.org\/vi\/#website","url":"https:\/\/www.alliesofhumanity.org\/vi\/","name":"The Allies of Humanity","description":"","potentialAction":[{"@type":"SearchAction","target":{"@type":"EntryPoint","urlTemplate":"https:\/\/www.alliesofhumanity.org\/vi\/?s={search_term_string}"},"query-input":{"@type":"PropertyValueSpecification","valueRequired":true,"valueName":"search_term_string"}}],"inLanguage":"vi-VN"}]}},"_links":{"self":[{"href":"https:\/\/www.alliesofhumanity.org\/vi\/wp-json\/wp\/v2\/pages\/12858","targetHints":{"allow":["GET"]}}],"collection":[{"href":"https:\/\/www.alliesofhumanity.org\/vi\/wp-json\/wp\/v2\/pages"}],"about":[{"href":"https:\/\/www.alliesofhumanity.org\/vi\/wp-json\/wp\/v2\/types\/page"}],"author":[{"embeddable":true,"href":"https:\/\/www.alliesofhumanity.org\/vi\/wp-json\/wp\/v2\/users\/23"}],"replies":[{"embeddable":true,"href":"https:\/\/www.alliesofhumanity.org\/vi\/wp-json\/wp\/v2\/comments?post=12858"}],"version-history":[{"count":2,"href":"https:\/\/www.alliesofhumanity.org\/vi\/wp-json\/wp\/v2\/pages\/12858\/revisions"}],"predecessor-version":[{"id":22164,"href":"https:\/\/www.alliesofhumanity.org\/vi\/wp-json\/wp\/v2\/pages\/12858\/revisions\/22164"}],"up":[{"embeddable":true,"href":"https:\/\/www.alliesofhumanity.org\/vi\/wp-json\/wp\/v2\/pages\/12838"}],"wp:attachment":[{"href":"https:\/\/www.alliesofhumanity.org\/vi\/wp-json\/wp\/v2\/media?parent=12858"}],"curies":[{"name":"wp","href":"https:\/\/api.w.org\/{rel}","templated":true}]}}