{"id":16559,"date":"2021-04-29T03:10:41","date_gmt":"2021-04-29T02:10:41","guid":{"rendered":"https:\/\/www.alliesofhumanity.org\/marshall-vian-summers\/"},"modified":"2024-03-11T08:51:41","modified_gmt":"2024-03-11T07:51:41","slug":"marshall-vian-summers","status":"publish","type":"page","link":"https:\/\/www.alliesofhumanity.org\/tr\/marshall-vian-summers\/","title":{"rendered":"Marshall Vian Summers"},"content":{"rendered":"\t\t<div data-elementor-type=\"wp-page\" data-elementor-id=\"16559\" class=\"elementor elementor-16559 elementor-2912\" data-elementor-post-type=\"page\">\t\t\t\t\t\t<section class=\"elementor-section elementor-top-section elementor-element elementor-element-7fac8697 elementor-section-boxed elementor-section-height-default elementor-section-height-default\" data-id=\"7fac8697\" data-element_type=\"section\">\t\t\t\t\t\t<div class=\"elementor-container elementor-column-gap-default\">\t\t\t\t\t<div class=\"elementor-column elementor-col-100 elementor-top-column elementor-element elementor-element-1195357f\" data-id=\"1195357f\" data-element_type=\"column\">\t\t\t<div class=\"elementor-widget-wrap elementor-element-populated\">\t\t\t\t\t\t<div class=\"elementor-element elementor-element-ba0d783 elementor-widget elementor-widget-text-editor\" data-id=\"ba0d783\" data-element_type=\"widget\" data-widget_type=\"text-editor.default\">\t\t\t\t<div class=\"elementor-widget-container\">\t\t\t\t\t\t\t\t\t(\u00e7evrilmeyi bekliyor)\t\t\t\t\t\t\t\t<\/div>\t\t\t\t<\/div>\t\t\t\t\t<\/div>\t\t<\/div>\t\t\t\t\t<\/div>\t\t<\/section><p class=\"float-left\"><img decoding=\"async\" src=\"https:\/\/www.alliesofhumanity.org\/wp-content\/uploads\/2020\/06\/mvs-greater-power-decisive-action.jpg\" alt=\"\" \/><\/p>\t\t\t\t<\/div><p>\t\t<\/p>","protected":false},"excerpt":{"rendered":"<p>(\u00e7evrilmeyi bekliyor)<\/p>\n","protected":false},"author":23,"featured_media":0,"parent":0,"menu_order":4,"comment_status":"closed","ping_status":"closed","template":"page.php","meta":{"_acf_changed":false,"footnotes":""},"class_list":["post-16559","page","type-page","status-publish","hentry"],"acf":[],"yoast_head":"<!-- This site is optimized with the Yoast SEO plugin v26.5 - https:\/\/yoast.com\/wordpress\/plugins\/seo\/ -->\n<title>Marshall Vian Summers | \u0130nsanl\u0131\u011f\u0131n M\u00fcttefikleri Brifingleri<\/title>\n<meta name=\"description\" content=\"Marshall Vian Summers, d\u00fcnya d\u0131\u015f\u0131 temas, ruhanilik ve insan kaderi hakk\u0131nda \u00e7ok say\u0131da yaz\u0131 kaleme alm\u0131\u015ft\u0131r.\" \/>\n<meta name=\"robots\" content=\"index, follow, max-snippet:-1, max-image-preview:large, max-video-preview:-1\" \/>\n<link rel=\"canonical\" href=\"https:\/\/www.alliesofhumanity.org\/tr\/marshall-vian-summers\/\" \/>\n<meta property=\"og:locale\" content=\"tr_TR\" \/>\n<meta property=\"og:type\" content=\"article\" \/>\n<meta property=\"og:title\" content=\"Marshall Vian Summers | \u0130nsanl\u0131\u011f\u0131n M\u00fcttefikleri Brifingleri\" \/>\n<meta property=\"og:description\" content=\"Marshall Vian Summers, d\u00fcnya d\u0131\u015f\u0131 temas, ruhanilik ve insan kaderi hakk\u0131nda \u00e7ok say\u0131da yaz\u0131 kaleme alm\u0131\u015ft\u0131r.\" \/>\n<meta property=\"og:url\" content=\"https:\/\/www.alliesofhumanity.org\/tr\/marshall-vian-summers\/\" \/>\n<meta property=\"og:site_name\" content=\"The Allies of Humanity\" \/>\n<meta property=\"article:publisher\" content=\"https:\/\/www.facebook.com\/alliesofhumanity\/\" \/>\n<meta property=\"article:modified_time\" content=\"2024-03-11T07:51:41+00:00\" \/>\n<meta property=\"og:image\" content=\"https:\/\/www.alliesofhumanity.org\/wp-content\/uploads\/2021\/01\/og-socialmedia-aoh.jpg\" \/>\n\t<meta property=\"og:image:width\" content=\"1200\" \/>\n\t<meta property=\"og:image:height\" content=\"630\" \/>\n\t<meta property=\"og:image:type\" content=\"image\/jpeg\" \/>\n<meta name=\"twitter:card\" content=\"summary_large_image\" \/>\n<meta name=\"twitter:title\" content=\"Marshall Vian Summers | \u0130nsanl\u0131\u011f\u0131n M\u00fcttefikleri Brifingleri\" \/>\n<meta name=\"twitter:site\" content=\"@earthallies\" \/>\n<script type=\"application\/ld+json\" class=\"yoast-schema-graph\">{\"@context\":\"https:\/\/schema.org\",\"@graph\":[{\"@type\":\"WebPage\",\"@id\":\"https:\/\/www.alliesofhumanity.org\/tr\/marshall-vian-summers\/\",\"url\":\"https:\/\/www.alliesofhumanity.org\/tr\/marshall-vian-summers\/\",\"name\":\"Marshall Vian Summers | \u0130nsanl\u0131\u011f\u0131n M\u00fcttefikleri Brifingleri\",\"isPartOf\":{\"@id\":\"https:\/\/www.alliesofhumanity.org\/tr\/#website\"},\"datePublished\":\"2021-04-29T02:10:41+00:00\",\"dateModified\":\"2024-03-11T07:51:41+00:00\",\"description\":\"Marshall Vian Summers, d\u00fcnya d\u0131\u015f\u0131 temas, ruhanilik ve insan kaderi hakk\u0131nda \u00e7ok say\u0131da yaz\u0131 kaleme alm\u0131\u015ft\u0131r.\",\"inLanguage\":\"tr\",\"potentialAction\":[{\"@type\":\"ReadAction\",\"target\":[\"https:\/\/www.alliesofhumanity.org\/tr\/marshall-vian-summers\/\"]}]},{\"@type\":\"WebSite\",\"@id\":\"https:\/\/www.alliesofhumanity.org\/tr\/#website\",\"url\":\"https:\/\/www.alliesofhumanity.org\/tr\/\",\"name\":\"The Allies of Humanity\",\"description\":\"\",\"potentialAction\":[{\"@type\":\"SearchAction\",\"target\":{\"@type\":\"EntryPoint\",\"urlTemplate\":\"https:\/\/www.alliesofhumanity.org\/tr\/?s={search_term_string}\"},\"query-input\":{\"@type\":\"PropertyValueSpecification\",\"valueRequired\":true,\"valueName\":\"search_term_string\"}}],\"inLanguage\":\"tr\"}]}<\/script>\n<!-- \/ Yoast SEO plugin. -->","yoast_head_json":{"title":"Marshall Vian Summers | \u0130nsanl\u0131\u011f\u0131n M\u00fcttefikleri Brifingleri","description":"Marshall Vian Summers, d\u00fcnya d\u0131\u015f\u0131 temas, ruhanilik ve insan kaderi hakk\u0131nda \u00e7ok say\u0131da yaz\u0131 kaleme alm\u0131\u015ft\u0131r.","robots":{"index":"index","follow":"follow","max-snippet":"max-snippet:-1","max-image-preview":"max-image-preview:large","max-video-preview":"max-video-preview:-1"},"canonical":"https:\/\/www.alliesofhumanity.org\/tr\/marshall-vian-summers\/","og_locale":"tr_TR","og_type":"article","og_title":"Marshall Vian Summers | \u0130nsanl\u0131\u011f\u0131n M\u00fcttefikleri Brifingleri","og_description":"Marshall Vian Summers, d\u00fcnya d\u0131\u015f\u0131 temas, ruhanilik ve insan kaderi hakk\u0131nda \u00e7ok say\u0131da yaz\u0131 kaleme alm\u0131\u015ft\u0131r.","og_url":"https:\/\/www.alliesofhumanity.org\/tr\/marshall-vian-summers\/","og_site_name":"The Allies of Humanity","article_publisher":"https:\/\/www.facebook.com\/alliesofhumanity\/","article_modified_time":"2024-03-11T07:51:41+00:00","og_image":[{"width":1200,"height":630,"url":"https:\/\/www.alliesofhumanity.org\/wp-content\/uploads\/2021\/01\/og-socialmedia-aoh.jpg","type":"image\/jpeg"}],"twitter_card":"summary_large_image","twitter_title":"Marshall Vian Summers | \u0130nsanl\u0131\u011f\u0131n M\u00fcttefikleri Brifingleri","twitter_site":"@earthallies","schema":{"@context":"https:\/\/schema.org","@graph":[{"@type":"WebPage","@id":"https:\/\/www.alliesofhumanity.org\/tr\/marshall-vian-summers\/","url":"https:\/\/www.alliesofhumanity.org\/tr\/marshall-vian-summers\/","name":"Marshall Vian Summers | \u0130nsanl\u0131\u011f\u0131n M\u00fcttefikleri Brifingleri","isPartOf":{"@id":"https:\/\/www.alliesofhumanity.org\/tr\/#website"},"datePublished":"2021-04-29T02:10:41+00:00","dateModified":"2024-03-11T07:51:41+00:00","description":"Marshall Vian Summers, d\u00fcnya d\u0131\u015f\u0131 temas, ruhanilik ve insan kaderi hakk\u0131nda \u00e7ok say\u0131da yaz\u0131 kaleme alm\u0131\u015ft\u0131r.","inLanguage":"tr","potentialAction":[{"@type":"ReadAction","target":["https:\/\/www.alliesofhumanity.org\/tr\/marshall-vian-summers\/"]}]},{"@type":"WebSite","@id":"https:\/\/www.alliesofhumanity.org\/tr\/#website","url":"https:\/\/www.alliesofhumanity.org\/tr\/","name":"The Allies of Humanity","description":"","potentialAction":[{"@type":"SearchAction","target":{"@type":"EntryPoint","urlTemplate":"https:\/\/www.alliesofhumanity.org\/tr\/?s={search_term_string}"},"query-input":{"@type":"PropertyValueSpecification","valueRequired":true,"valueName":"search_term_string"}}],"inLanguage":"tr"}]}},"_links":{"self":[{"href":"https:\/\/www.alliesofhumanity.org\/tr\/wp-json\/wp\/v2\/pages\/16559","targetHints":{"allow":["GET"]}}],"collection":[{"href":"https:\/\/www.alliesofhumanity.org\/tr\/wp-json\/wp\/v2\/pages"}],"about":[{"href":"https:\/\/www.alliesofhumanity.org\/tr\/wp-json\/wp\/v2\/types\/page"}],"author":[{"embeddable":true,"href":"https:\/\/www.alliesofhumanity.org\/tr\/wp-json\/wp\/v2\/users\/23"}],"replies":[{"embeddable":true,"href":"https:\/\/www.alliesofhumanity.org\/tr\/wp-json\/wp\/v2\/comments?post=16559"}],"version-history":[{"count":4,"href":"https:\/\/www.alliesofhumanity.org\/tr\/wp-json\/wp\/v2\/pages\/16559\/revisions"}],"predecessor-version":[{"id":22028,"href":"https:\/\/www.alliesofhumanity.org\/tr\/wp-json\/wp\/v2\/pages\/16559\/revisions\/22028"}],"wp:attachment":[{"href":"https:\/\/www.alliesofhumanity.org\/tr\/wp-json\/wp\/v2\/media?parent=16559"}],"curies":[{"name":"wp","href":"https:\/\/api.w.org\/{rel}","templated":true}]}}