{"id":16556,"date":"2021-04-29T03:09:55","date_gmt":"2021-04-29T02:09:55","guid":{"rendered":"https:\/\/www.alliesofhumanity.org\/education-and-action\/"},"modified":"2024-03-11T08:50:27","modified_gmt":"2024-03-11T07:50:27","slug":"education-and-action","status":"publish","type":"page","link":"https:\/\/www.alliesofhumanity.org\/tr\/education-and-action\/","title":{"rendered":"E\u011fitim ve Eylem (\u00e7evrilmeyi bekliyor)"},"content":{"rendered":"\t\t<div data-elementor-type=\"wp-page\" data-elementor-id=\"16556\" class=\"elementor elementor-16556 elementor-1867\" data-elementor-post-type=\"page\">\t\t\t\t\t\t<section class=\"elementor-section elementor-top-section elementor-element elementor-element-4782b150 elementor-section-full_width elementor-section-height-default elementor-section-height-default\" data-id=\"4782b150\" data-element_type=\"section\">\t\t\t\t\t\t<div class=\"elementor-container elementor-column-gap-default\">\t\t\t\t\t<div class=\"elementor-column elementor-col-100 elementor-top-column elementor-element elementor-element-54d1ac8e\" data-id=\"54d1ac8e\" data-element_type=\"column\">\t\t\t<div class=\"elementor-widget-wrap elementor-element-populated\">\t\t\t\t\t\t<div class=\"elementor-element elementor-element-5f862d9 elementor-widget elementor-widget-text-editor\" data-id=\"5f862d9\" data-element_type=\"widget\" data-widget_type=\"text-editor.default\">\t\t\t\t<div class=\"elementor-widget-container\">\t\t\t\t\t\t\t\t\t(\u00e7evrilmeyi bekliyor)\t\t\t\t\t\t\t\t<\/div>\t\t\t\t<\/div>\t\t\t\t\t<\/div>\t\t<\/div>\t\t\t\t\t<\/div>\t\t<\/section>\t\t\t\t<\/div><p>\t\t<\/p>","protected":false},"excerpt":{"rendered":"<p>(\u00e7evrilmeyi bekliyor)<\/p>\n","protected":false},"author":25,"featured_media":0,"parent":0,"menu_order":3,"comment_status":"closed","ping_status":"closed","template":"page.php","meta":{"_acf_changed":false,"footnotes":""},"class_list":["post-16556","page","type-page","status-publish","hentry"],"acf":[],"yoast_head":"<!-- This site is optimized with the Yoast SEO plugin v26.5 - https:\/\/yoast.com\/wordpress\/plugins\/seo\/ -->\n<title>D\u00fcnya D\u0131\u015f\u0131 Temas: Temel E\u011fitim ve Eylem<\/title>\n<meta name=\"description\" content=\"Bu geni\u015f \u00d6\u011fretiler b\u00fct\u00fcn\u00fc, bug\u00fcn d\u00fcnyadaki hi\u00e7bir \u015feye benzememekte ve \u0130nsanl\u0131k i\u00e7in Yeni Bir Mesaj\u0131 temsil etmektedir.\" \/>\n<meta name=\"robots\" content=\"index, follow, max-snippet:-1, max-image-preview:large, max-video-preview:-1\" \/>\n<link rel=\"canonical\" href=\"https:\/\/www.alliesofhumanity.org\/tr\/education-and-action\/\" \/>\n<meta property=\"og:locale\" content=\"tr_TR\" \/>\n<meta property=\"og:type\" content=\"article\" \/>\n<meta property=\"og:title\" content=\"D\u00fcnya D\u0131\u015f\u0131 Temas: Temel E\u011fitim ve Eylem\" \/>\n<meta property=\"og:description\" content=\"Bu geni\u015f \u00d6\u011fretiler b\u00fct\u00fcn\u00fc, bug\u00fcn d\u00fcnyadaki hi\u00e7bir \u015feye benzememekte ve \u0130nsanl\u0131k i\u00e7in Yeni Bir Mesaj\u0131 temsil etmektedir.\" \/>\n<meta property=\"og:url\" content=\"https:\/\/www.alliesofhumanity.org\/tr\/education-and-action\/\" \/>\n<meta property=\"og:site_name\" content=\"The Allies of Humanity\" \/>\n<meta property=\"article:publisher\" content=\"https:\/\/www.facebook.com\/alliesofhumanity\/\" \/>\n<meta property=\"article:modified_time\" content=\"2024-03-11T07:50:27+00:00\" \/>\n<meta property=\"og:image\" content=\"https:\/\/www.alliesofhumanity.org\/wp-content\/uploads\/2021\/01\/og-socialmedia-aoh.jpg\" \/>\n\t<meta property=\"og:image:width\" content=\"1200\" \/>\n\t<meta property=\"og:image:height\" content=\"630\" \/>\n\t<meta property=\"og:image:type\" content=\"image\/jpeg\" \/>\n<meta name=\"twitter:card\" content=\"summary_large_image\" \/>\n<meta name=\"twitter:title\" content=\"D\u00fcnya D\u0131\u015f\u0131 Temas: Temel E\u011fitim ve Eylem\" \/>\n<meta name=\"twitter:site\" content=\"@earthallies\" \/>\n<script type=\"application\/ld+json\" class=\"yoast-schema-graph\">{\"@context\":\"https:\/\/schema.org\",\"@graph\":[{\"@type\":\"WebPage\",\"@id\":\"https:\/\/www.alliesofhumanity.org\/tr\/education-and-action\/\",\"url\":\"https:\/\/www.alliesofhumanity.org\/tr\/education-and-action\/\",\"name\":\"D\u00fcnya D\u0131\u015f\u0131 Temas: Temel E\u011fitim ve Eylem\",\"isPartOf\":{\"@id\":\"https:\/\/www.alliesofhumanity.org\/tr\/#website\"},\"datePublished\":\"2021-04-29T02:09:55+00:00\",\"dateModified\":\"2024-03-11T07:50:27+00:00\",\"description\":\"Bu geni\u015f \u00d6\u011fretiler b\u00fct\u00fcn\u00fc, bug\u00fcn d\u00fcnyadaki hi\u00e7bir \u015feye benzememekte ve \u0130nsanl\u0131k i\u00e7in Yeni Bir Mesaj\u0131 temsil etmektedir.\",\"inLanguage\":\"tr\",\"potentialAction\":[{\"@type\":\"ReadAction\",\"target\":[\"https:\/\/www.alliesofhumanity.org\/tr\/education-and-action\/\"]}]},{\"@type\":\"WebSite\",\"@id\":\"https:\/\/www.alliesofhumanity.org\/tr\/#website\",\"url\":\"https:\/\/www.alliesofhumanity.org\/tr\/\",\"name\":\"The Allies of Humanity\",\"description\":\"\",\"potentialAction\":[{\"@type\":\"SearchAction\",\"target\":{\"@type\":\"EntryPoint\",\"urlTemplate\":\"https:\/\/www.alliesofhumanity.org\/tr\/?s={search_term_string}\"},\"query-input\":{\"@type\":\"PropertyValueSpecification\",\"valueRequired\":true,\"valueName\":\"search_term_string\"}}],\"inLanguage\":\"tr\"}]}<\/script>\n<!-- \/ Yoast SEO plugin. -->","yoast_head_json":{"title":"D\u00fcnya D\u0131\u015f\u0131 Temas: Temel E\u011fitim ve Eylem","description":"Bu geni\u015f \u00d6\u011fretiler b\u00fct\u00fcn\u00fc, bug\u00fcn d\u00fcnyadaki hi\u00e7bir \u015feye benzememekte ve \u0130nsanl\u0131k i\u00e7in Yeni Bir Mesaj\u0131 temsil etmektedir.","robots":{"index":"index","follow":"follow","max-snippet":"max-snippet:-1","max-image-preview":"max-image-preview:large","max-video-preview":"max-video-preview:-1"},"canonical":"https:\/\/www.alliesofhumanity.org\/tr\/education-and-action\/","og_locale":"tr_TR","og_type":"article","og_title":"D\u00fcnya D\u0131\u015f\u0131 Temas: Temel E\u011fitim ve Eylem","og_description":"Bu geni\u015f \u00d6\u011fretiler b\u00fct\u00fcn\u00fc, bug\u00fcn d\u00fcnyadaki hi\u00e7bir \u015feye benzememekte ve \u0130nsanl\u0131k i\u00e7in Yeni Bir Mesaj\u0131 temsil etmektedir.","og_url":"https:\/\/www.alliesofhumanity.org\/tr\/education-and-action\/","og_site_name":"The Allies of Humanity","article_publisher":"https:\/\/www.facebook.com\/alliesofhumanity\/","article_modified_time":"2024-03-11T07:50:27+00:00","og_image":[{"width":1200,"height":630,"url":"https:\/\/www.alliesofhumanity.org\/wp-content\/uploads\/2021\/01\/og-socialmedia-aoh.jpg","type":"image\/jpeg"}],"twitter_card":"summary_large_image","twitter_title":"D\u00fcnya D\u0131\u015f\u0131 Temas: Temel E\u011fitim ve Eylem","twitter_site":"@earthallies","schema":{"@context":"https:\/\/schema.org","@graph":[{"@type":"WebPage","@id":"https:\/\/www.alliesofhumanity.org\/tr\/education-and-action\/","url":"https:\/\/www.alliesofhumanity.org\/tr\/education-and-action\/","name":"D\u00fcnya D\u0131\u015f\u0131 Temas: Temel E\u011fitim ve Eylem","isPartOf":{"@id":"https:\/\/www.alliesofhumanity.org\/tr\/#website"},"datePublished":"2021-04-29T02:09:55+00:00","dateModified":"2024-03-11T07:50:27+00:00","description":"Bu geni\u015f \u00d6\u011fretiler b\u00fct\u00fcn\u00fc, bug\u00fcn d\u00fcnyadaki hi\u00e7bir \u015feye benzememekte ve \u0130nsanl\u0131k i\u00e7in Yeni Bir Mesaj\u0131 temsil etmektedir.","inLanguage":"tr","potentialAction":[{"@type":"ReadAction","target":["https:\/\/www.alliesofhumanity.org\/tr\/education-and-action\/"]}]},{"@type":"WebSite","@id":"https:\/\/www.alliesofhumanity.org\/tr\/#website","url":"https:\/\/www.alliesofhumanity.org\/tr\/","name":"The Allies of Humanity","description":"","potentialAction":[{"@type":"SearchAction","target":{"@type":"EntryPoint","urlTemplate":"https:\/\/www.alliesofhumanity.org\/tr\/?s={search_term_string}"},"query-input":{"@type":"PropertyValueSpecification","valueRequired":true,"valueName":"search_term_string"}}],"inLanguage":"tr"}]}},"_links":{"self":[{"href":"https:\/\/www.alliesofhumanity.org\/tr\/wp-json\/wp\/v2\/pages\/16556","targetHints":{"allow":["GET"]}}],"collection":[{"href":"https:\/\/www.alliesofhumanity.org\/tr\/wp-json\/wp\/v2\/pages"}],"about":[{"href":"https:\/\/www.alliesofhumanity.org\/tr\/wp-json\/wp\/v2\/types\/page"}],"author":[{"embeddable":true,"href":"https:\/\/www.alliesofhumanity.org\/tr\/wp-json\/wp\/v2\/users\/25"}],"replies":[{"embeddable":true,"href":"https:\/\/www.alliesofhumanity.org\/tr\/wp-json\/wp\/v2\/comments?post=16556"}],"version-history":[{"count":4,"href":"https:\/\/www.alliesofhumanity.org\/tr\/wp-json\/wp\/v2\/pages\/16556\/revisions"}],"predecessor-version":[{"id":22027,"href":"https:\/\/www.alliesofhumanity.org\/tr\/wp-json\/wp\/v2\/pages\/16556\/revisions\/22027"}],"wp:attachment":[{"href":"https:\/\/www.alliesofhumanity.org\/tr\/wp-json\/wp\/v2\/media?parent=16556"}],"curies":[{"name":"wp","href":"https:\/\/api.w.org\/{rel}","templated":true}]}}