{"id":16548,"date":"2021-04-29T03:01:07","date_gmt":"2021-04-29T02:01:07","guid":{"rendered":"https:\/\/www.alliesofhumanity.org\/the-briefings\/book-four\/higher-powers\/"},"modified":"2022-10-27T23:55:18","modified_gmt":"2022-10-27T22:55:18","slug":"higher-powers","status":"publish","type":"page","link":"https:\/\/www.alliesofhumanity.org\/tr\/the-briefings\/book-four\/higher-powers\/","title":{"rendered":"D\u00f6rd\u00fcnc\u00fc Brifing: Y\u00fcksek G\u00fc\u00e7ler"},"content":{"rendered":"\t\t<div data-elementor-type=\"wp-page\" data-elementor-id=\"16548\" class=\"elementor elementor-16548 elementor-2537\" data-elementor-post-type=\"page\">\t\t\t\t\t\t<section class=\"elementor-section elementor-top-section elementor-element elementor-element-cbb1285 elementor-section-boxed elementor-section-height-default elementor-section-height-default\" data-id=\"cbb1285\" data-element_type=\"section\">\t\t\t\t\t\t<div class=\"elementor-container elementor-column-gap-default\">\t\t\t\t\t<div class=\"elementor-column elementor-col-100 elementor-top-column elementor-element elementor-element-3380586a\" data-id=\"3380586a\" data-element_type=\"column\">\t\t\t<div class=\"elementor-widget-wrap elementor-element-populated\">\t\t\t\t\t\t<div class=\"elementor-element elementor-element-c32f833 elementor-widget elementor-widget-text-editor\" data-id=\"c32f833\" data-element_type=\"widget\" data-widget_type=\"text-editor.default\">\t\t\t\t<div class=\"elementor-widget-container\">\t\t\t\t\t\t\t\t\t Evrende iki ger\u00e7eklik vard\u0131r; biri di\u011feriyle \u00f6rt\u00fc\u015f\u00fcr. Deneyiminizdeki ilk ve en birincil ger\u00e7eklik Ayr\u0131l\u0131k ve evrimsel de\u011fi\u015fim, gezegensel de\u011fi\u015fim &#8211; ilkel ya\u015famdan, ilkel sosyal organizasyonlardan, ilk uluslardan, daha b\u00fcy\u00fck uluslardan, d\u00fcnya uluslar\u0131ndan ve son olarak daha b\u00fcy\u00fck uluslardan olu\u015fan Daha B\u00fcy\u00fck bir Toplulu\u011fa ortaya \u00e7\u0131k\u0131\u015f.\r\rBununla \u00f6rt\u00fc\u015fen, evrenin her yerinde \u0130lahi Olan&#8217;\u0131n Y\u00fcksek G\u00fc\u00e7ler, \u00f6zg\u00fcr olmayan uluslarda bile t\u00fcm \u0131rklar\u0131 denetleyen, yeterince \u00f6zg\u00fcr ve yan\u0131t verebilecek durumda olan bireylerde \u0130limi geli\u015ftirmek i\u00e7in f\u0131rsatlar arayan Melek G\u00fc\u00e7leri taraf\u0131ndan y\u00fcr\u00fct\u00fclen \u00e7al\u0131\u015fmas\u0131d\u0131r. Bu da b\u00fcy\u00fck bir Bilge A\u011f\u0131 yarat\u0131r ve bu b\u00fcy\u00fck ba\u015far\u0131 i\u00e7in hala potansiyele sahip olan \u00f6zg\u00fcr uluslar\u0131n ortaya \u00e7\u0131k\u0131\u015f\u0131n\u0131 destekleyebilir.\r\r<p>Fiziksel evrende yaln\u0131zca zaman\u0131n ba\u015flang\u0131c\u0131nda harekete ge\u00e7irilmi\u015f olan g\u00fc\u00e7ler vard\u0131r. Her \u015feyi d\u00fczenleyen, her \u015feyi kontrol eden \u0130lahi bir Plan yoktur, \u00e7\u00fcnk\u00fc fiziksel evren b\u00fcy\u00fck \u00f6l\u00e7\u00fcde kaotiktir ve g\u00f6ksel g\u00fc\u00e7ler, jeolojik g\u00fc\u00e7ler ve ya\u015fam\u0131n tutunabildi\u011fi d\u00fcnyalarda biyolojik g\u00fc\u00e7ler taraf\u0131ndan y\u00f6netilir. T\u00fcm bunlar zaman\u0131n ba\u015flang\u0131c\u0131nda \u0130lahi Olan taraf\u0131ndan harekete ge\u00e7irilmi\u015ftir ve \u015fu anda da kendi kendini y\u00f6netmektedir.\r<\/p><p>\r<\/p><p>\u0130lahi M\u00fcdahale, Y\u00fcksek G\u00fc\u00e7ler, Bilge A\u011flar\u0131 ve bir d\u00fcnyan\u0131n evriminde ve sosyal geli\u015fiminde genellikle var olan t\u00fcm tehlikelere ve \u00e7at\u0131\u015fmalara ra\u011fmen bireysel fark\u0131ndal\u0131\u011f\u0131 ve \u0130limi canl\u0131 tutabilen uluslar arac\u0131l\u0131\u011f\u0131yla ger\u00e7ekle\u015fmektedir.\r<\/p><p class=\"image-quote float-right\"><img decoding=\"async\" src=\"https:\/\/www.alliesofhumanity.org\/wp-content\/uploads\/2020\/12\/quote-book4-briefing4-1.png\" alt=\"\" \/><\/p><blockquote id=\"quote-2\" class=\"text-quote float-right bg-red\">\u0130lahi M\u00fcdahale, Y\u00fcksek G\u00fc\u00e7ler, Bilge A\u011flar\u0131 ve bireysel fark\u0131ndal\u0131\u011f\u0131 ve Bilgiyi canl\u0131 tutabilen uluslar arac\u0131l\u0131\u011f\u0131yla ger\u00e7ekle\u015fir...<\/blockquote><p>\r<\/p><p>Daha \u00f6nce de s\u00f6yledi\u011fimiz gibi, evrende bildi\u011fimiz kadar\u0131yla ayd\u0131nlanm\u0131\u015f \u0131rklar yoktur, ancak \u00f6zg\u00fcr \u0131rklar vard\u0131r ve \u00f6zg\u00fcr \u0131rklar i\u00e7inde Bilgeler uluslar\u0131na rehberlik edebilirler. \u00d6zg\u00fcr olmayan uluslarda olabileceklerinden \u00e7ok daha fazla say\u0131da olurlar.\r<\/p><p>\r<\/p><p>\u0130lahi Olan&#8217;\u0131n pek \u00e7ok yerde ileri karakollar\u0131 vard\u0131r. Ve pek \u00e7ok yerde b\u00fcy\u00fck bir gizlilik i\u00e7inde \u00e7al\u0131\u015fan Bilge gruplar\u0131 vard\u0131r. \u00d6zg\u00fcr uluslar bu gruplar\u0131n yeniden ortaya \u00e7\u0131kmas\u0131na ve toplumda etkili olmas\u0131na izin verir. Ancak ger\u00e7ekten Bilge olanlar k\u00fc\u00e7\u00fck gruplar halinde, kendi uluslar\u0131 i\u00e7inde ya da uluslar aras\u0131nda a\u011f olu\u015fturmu\u015f, Y\u00fcksek G\u00fc\u00e7ler arac\u0131l\u0131\u011f\u0131yla birbirine ba\u011flanm\u0131\u015f bireylerdir.\r<\/p><p>\r<\/p><p>Dolay\u0131s\u0131yla, gelip insanl\u0131\u011f\u0131 ayd\u0131nlatacak ayd\u0131nlanm\u0131\u015f bir \u0131rk oldu\u011funu ya da insanl\u0131\u011f\u0131n kendisinin ayd\u0131nlanm\u0131\u015f bir \u0131rk haline gelece\u011fini d\u00fc\u015f\u00fcnmeyin. Bu onun kapasitesinin \u00e7ok \u00f6tesindedir. Ancak \u0130limin a\u00e7\u0131k\u00e7a te\u015fvik edilip desteklenebildi\u011fi \u00f6zg\u00fcr bir \u0131rk olmak, i\u015fte b\u00fcy\u00fck ba\u015far\u0131 budur. \u015eimdi \u00f6n\u00fcn\u00fcze konan b\u00fcy\u00fck meydan okuma ve gereklilik budur.\r<\/p><p>\r<\/p><p class=\"image-quote float-left\"><img decoding=\"async\" src=\"https:\/\/www.alliesofhumanity.org\/wp-content\/uploads\/2020\/12\/quote-book4-briefing4-2.png\" alt=\"\" \/><\/p><blockquote id=\"quote-4\" class=\"text-quote float-left bg-gray\">\u0130lahi Olan'\u0131n sizin d\u00fcnyan\u0131zdaki \u0130\u015finin \u0130lahi Olan'\u0131n t\u00fcm d\u00fcnyalardaki \u0130\u015fiyle ba\u011flant\u0131l\u0131 oldu\u011funu anlamal\u0131s\u0131n\u0131z.<\/blockquote><p>\u0130ki t\u00fcr \u00f6zg\u00fcrl\u00fck vard\u0131r. Hayat\u0131n\u0131z\u0131 a\u015f\u0131r\u0131 k\u0131s\u0131tlama ya da tahakk\u00fcm olmadan ya\u015fayabilece\u011finiz pratik \u00f6zg\u00fcrl\u00fck, s\u00fcrekli sava\u015f tehdidi ya da zorba yozla\u015fma olmadan istikrar ve g\u00fcvenlik i\u00e7inde ya\u015fayabilece\u011finiz pratik \u00f6zg\u00fcrl\u00fck. Bu temel \u00f6zg\u00fcrl\u00fckt\u00fcr ve \u00e7ok \u00f6nemlidir. Kurulmas\u0131 gereken ilk \u015fey budur.\r<\/p><p>\r<\/p><p>Daha sonra, bireyin \u0130lahi Olan&#8217;a d\u00f6n\u00fc\u015f\u00fcne ba\u015flamak ve fiziksel ger\u00e7eklikte Ayr\u0131l\u0131k i\u00e7inde ya\u015fayan evrendeki t\u00fcm \u0131rklarda, t\u00fcm bireylerde Tanr\u0131&#8217;n\u0131n yaratt\u0131\u011f\u0131 daha derin \u0130lime eri\u015fim kazanmak i\u00e7in daha b\u00fcy\u00fck ruhani \u00f6zg\u00fcrl\u00fc\u011f\u00fc vard\u0131r.\r<\/p><p>\r<\/p><p>Bu daha b\u00fcy\u00fck \u00f6zg\u00fcrl\u00fck bireylerin \u00e7a\u011fr\u0131s\u0131d\u0131r ve kendi d\u00fcnyalar\u0131nda ve k\u00fclt\u00fcrlerinde sahip olabilecekleri temel \u00f6zg\u00fcrl\u00fcklerle s\u0131n\u0131rl\u0131d\u0131r. Ancak daha b\u00fcy\u00fck \u00f6zg\u00fcrl\u00fck nihai \u00f6zg\u00fcrl\u00fckt\u00fcr \u00e7\u00fcnk\u00fc Cennetin G\u00fcc\u00fc bu bireyler arac\u0131l\u0131\u011f\u0131yla ba\u015fkalar\u0131na hizmet ederek hareket edebilir ve Bilgelerin b\u00fcy\u00fck A\u011flar\u0131 arac\u0131l\u0131\u011f\u0131yla t\u00fcm B\u00fcy\u00fck Toplumda \u00f6zg\u00fcrl\u00fck ve \u0130limi te\u015fvik edebilir.\r<\/p><p class=\"image-quote float-right\"><img decoding=\"async\" src=\"https:\/\/www.alliesofhumanity.org\/wp-content\/uploads\/2020\/12\/quote-book4-briefing4-3.png\" alt=\"\" \/><\/p><blockquote id=\"quote-6\" class=\"text-quote float-right bg-black\">D\u00fcnya, iyi ya da k\u00f6t\u00fc, az say\u0131da insan taraf\u0131ndan y\u00f6netilmektedir. Bu durumda, az say\u0131da insan t\u00fcm insan \u0131rk\u0131n\u0131 \u00e7\u00f6k\u00fc\u015f ve da\u011f\u0131lmadan kurtarabilir.<\/blockquote><p>\r<\/p><p>\u0130lahi Olan&#8217;\u0131n d\u00fcnyan\u0131zdaki \u00c7al\u0131\u015fmas\u0131n\u0131n \u0130lahi Olan&#8217;\u0131n t\u00fcm d\u00fcnyalardaki \u00c7al\u0131\u015fmas\u0131yla ba\u011flant\u0131l\u0131 oldu\u011funu anlamal\u0131s\u0131n\u0131z. Daha b\u00fcy\u00fck bir evrende k\u00fc\u00e7\u00fck bir yer olan d\u00fcnyan\u0131z i\u00e7in \u00f6zel bir plan yoktur. Tanr\u0131&#8217;n\u0131n Plan\u0131 bir b\u00fct\u00fcnd\u00fcr ve iyi bir \u015fekilde olu\u015fturulmu\u015ftur. Ve bir birey olarak \u0130lim sizin i\u00e7inizde ya\u015far; \u0130lahi Varl\u0131k ve G\u00fc\u00e7 ile bu \u015fekilde ba\u011flant\u0131 kurar ve d\u0131\u015f \u00e7evrenizin k\u0131s\u0131tlamalar\u0131n\u0131n \u00f6tesinde bile i\u00e7sel \u00f6zg\u00fcrl\u00fc\u011f\u00fcn\u00fcz\u00fc kazanmaya ba\u015flars\u0131n\u0131z.\r<\/p><p>\r<\/p><p>Temel \u00f6zg\u00fcrl\u00fc\u011f\u00fcn in\u015fa edilebildi\u011fi, kurulabildi\u011fi ve zaman i\u00e7inde s\u00fcrd\u00fcr\u00fclebildi\u011fi her yer, daha y\u00fcksek \u00f6zg\u00fcrl\u00fc\u011f\u00fcn te\u015fvik edilmesi ve desteklenmesi i\u00e7in daha b\u00fcy\u00fck bir olas\u0131l\u0131\u011f\u0131 ve o d\u00fcnyada, o ulusta, o k\u00fclt\u00fcrde ifadesinde sahip olaca\u011f\u0131 daha b\u00fcy\u00fck \u00f6zg\u00fcrl\u00fc\u011f\u00fc temsil eder. \u00c7\u00fcnk\u00fc evrendeki \u00f6zg\u00fcrl\u00fck Ayr\u0131l\u0131\u011f\u0131n\u0131z\u0131 ilerletme \u00f6zg\u00fcrl\u00fc\u011f\u00fc de\u011fildir. Kayna\u011f\u0131n\u0131za d\u00f6nme ve bu fiziksel ger\u00e7eklikte hizmet etme \u00f6zg\u00fcrl\u00fc\u011f\u00fcd\u00fcr.\r<\/p><p>\r<\/p><p>Burada g\u00f6rebilece\u011finiz gibi, en temel bar\u0131\u015f, \u00f6zg\u00fcrl\u00fck ve sorumluluk kavramlar\u0131n\u0131z bile \u015fimdi daha geni\u015f bir ba\u011flamda yeniden tan\u0131mlanmal\u0131d\u0131r, yoksa bar\u0131\u015f\u0131n\u0131z\u0131n, \u00f6zg\u00fcrl\u00fc\u011f\u00fcn\u00fcz\u00fcn ve sorumlulu\u011funuzun yaln\u0131zca kendiniz ya da yaln\u0131zca aileniz i\u00e7in oldu\u011funu d\u00fc\u015f\u00fcnmeye devam edersiniz. B\u00fcy\u00fck Toplumda bunlar\u0131n anlam\u0131 bu de\u011fildir ve bunlar, \u00e7evresel bozulman\u0131n, g\u0131da \u00fcretiminin kayb\u0131n\u0131n ve d\u00fcnyan\u0131z\u0131n de\u011fi\u015fen ikliminin ya\u015fam\u0131 \u00e7ok daha zor hale getirece\u011fi ve ba\u015far\u0131l\u0131 olman\u0131z i\u00e7in daha fazla kat\u0131l\u0131m ve i\u015fbirli\u011fi gerektirece\u011fi, \u015fu anda girmeye ba\u015flad\u0131\u011f\u0131n\u0131z d\u00fcnyada etkili ve hatta anlaml\u0131 olmayacakt\u0131r.\r<\/p><p>\r<\/p><p>Sizi d\u0131\u015far\u0131dan tehdit eden, bu d\u00fcnyada alt\u0131n\u0131z\u0131 oyabilecek \u015feyler bile, e\u011fer bu f\u0131rsat yeterince insan taraf\u0131ndan fark edilir ve sahiplenilirse, ger\u00e7ek anlamda daha fazla \u00f6zg\u00fcrl\u00fc\u011f\u00fc te\u015fvik edebilir. Zorluk ne kadar b\u00fcy\u00fckse, f\u0131rsat da o kadar b\u00fcy\u00fckt\u00fcr.\r<\/p><p>\r<\/p><p>Zira \u015fu anda insanl\u0131k evrende \u00f6zg\u00fcr ve egemen bir \u0131rk olarak varl\u0131\u011f\u0131n\u0131 s\u00fcrd\u00fcrebilmek i\u00e7in \u00e7ok zay\u0131f, \u00e7ok b\u00f6l\u00fcnm\u00fc\u015f ve \u00e7ok da\u011f\u0131n\u0131k durumdad\u0131r. Bu g\u00fcc\u00fc, bu i\u015fbirli\u011fini, bu \u00f6zg\u00fcrl\u00fc\u011f\u00fc ve bu sorumlulu\u011fu in\u015fa edecek olan \u015fey, \u015fu anda kar\u015f\u0131 kar\u015f\u0131ya oldu\u011funuz b\u00fcy\u00fck meydan okumalard\u0131r: \u0130\u00e7eriden gelen bozulma ve \u00e7\u00f6k\u00fc\u015f meydan okumas\u0131 ve d\u0131\u015far\u0131dan gelen M\u00fcdahale ve boyun e\u011fdirme meydan okumas\u0131. Burada s\u00f6z\u00fcn\u00fc etti\u011fimiz \u00f6zg\u00fcrl\u00fck, g\u00fc\u00e7 ve sorumluluk ihtiyac\u0131n\u0131 yaln\u0131zca bu b\u00fcy\u00fck ve zorlay\u0131c\u0131 meydan okumalar yaratacakt\u0131r.\r<\/p><p>\r<\/p><p>Herkes bu meydan okumaya yan\u0131t veremeyecektir, ancak d\u00fcnyan\u0131zdaki k\u00fc\u00e7\u00fck bir az\u0131nl\u0131k bunu yapabilse bile, bu daha b\u00fcy\u00fck bir sonuca yol a\u00e7abilir. D\u00fcnya, iyi ya da k\u00f6t\u00fc, az say\u0131da insan taraf\u0131ndan y\u00f6netilir. Bu durumda, az say\u0131da insan t\u00fcm insan \u0131rk\u0131n\u0131 \u00e7\u00f6k\u00fc\u015f ve da\u011f\u0131lmadan kurtarabilir.\r<\/p><p>\r<\/p><p>Evet, bu muazzam bir meydan okuma. Evet, sizin anlay\u0131\u015f\u0131n\u0131za g\u00f6re adil de\u011fil gibi g\u00f6r\u00fcn\u00fcyor. Hatta anlay\u0131\u015f\u0131n\u0131za g\u00f6re zalimce bile g\u00f6r\u00fcnebilir. Ancak evrende b\u00fcy\u00fcmenin anlam\u0131 budur: ayr\u0131cal\u0131k, zenginlik ve f\u0131rsat i\u00e7in kendi aralar\u0131nda sava\u015fan ve m\u00fccadele eden ergen bir \u0131rk de\u011fil, olgun bir \u0131rk olmak.\r<\/p><p>\r<\/p><p>Bizler m\u00fcdahalenin ve d\u00fcnyalar\u0131m\u0131z\u0131n bozulmas\u0131n\u0131n ac\u0131s\u0131 ve zorlu\u011fu alt\u0131nda b\u00fcy\u00fcmek zorunda kald\u0131k. Bu hayat\u0131n bir par\u00e7as\u0131d\u0131r, yeti\u015fkin olmak, sadece kendinden de\u011fil, d\u00fcnyas\u0131n\u0131n refah\u0131ndan da sorumlu olmakt\u0131r -\u015fimdi zorunlulukla, \u015fimdi meydan okumayla, \u015fimdi b\u00fcy\u00fck bir tehditle y\u00f6nlendiriliyor. T\u00fcm bunlar, d\u00fcnya i\u00e7in gelmekte olan b\u00fcy\u00fck de\u011fi\u015fim i\u00e7in ihtiya\u00e7 duyaca\u011f\u0131n\u0131z g\u00fcc\u00fcn, bilgeli\u011fin ve i\u015fbirli\u011finin temelini olu\u015fturmaktad\u0131r.\r<\/p><p>\r<\/p><p>Bu nedenle biz sizin d\u00fc\u015f\u00fcnd\u00fc\u011f\u00fcn\u00fcz gibi bar\u0131\u015f getirmiyoruz. Biz meydan okuma getiriyoruz. Sorumluluk getiriyoruz. A\u00e7\u0131kl\u0131k getiriyoruz. Bilgelik getiriyoruz. G\u00fc\u00e7 getiriyoruz. T\u00fcm bunlar i\u00e7in \u00e7a\u011fr\u0131 getiriyoruz.\r<\/p><p>\r<\/p><p>Hayat\u0131n\u0131z\u0131n nereye gitti\u011fini ve bug\u00fcn d\u00fcnyan\u0131zdaki M\u00fcdahale derecesini g\u00f6rebilseniz ya da hissedebilseniz, ya sizi yenecek ya da onunla bulu\u015fmak i\u00e7in y\u00fckseleceksiniz. Buradaki g\u00f6r\u00fcnmeyen f\u0131rsat budur.\r<\/p><p>\r<\/p><p>Tanr\u0131 bunun insanl\u0131k ailesi i\u00e7in en b\u00fcy\u00fck e\u015fik oldu\u011funu, \u015fimdiye kadar kar\u015f\u0131la\u015ft\u0131\u011f\u0131n\u0131z ve kar\u015f\u0131la\u015fabilece\u011finiz en b\u00fcy\u00fck e\u015fik oldu\u011funu biliyor &#8211; genellikle birbirlerine e\u015flik eden gerileyen d\u00fcnya ve B\u00fcy\u00fck Toplulu\u011fa y\u00fckseli\u015f. Tanr\u0131 d\u00fcnyaya Yeni Bir Mesaj g\u00f6ndermi\u015ftir. Biz bunu biliyoruz. Bizi buraya insanl\u0131k ailesini cesaretlendirmeye \u00e7a\u011f\u0131ran \u015feyin bir par\u00e7as\u0131 da budur. Bundan sonra bundan bahsedece\u011fiz, \u00e7\u00fcnk\u00fc bu sizin ba\u015far\u0131n\u0131z ve \u00f6zg\u00fcrl\u00fc\u011f\u00fcn\u00fcz i\u00e7in temel \u00f6nemdedir.\r<\/p>\t\t\t\t\t\t\t\t<\/div>\t\t\t\t<\/div>\t\t\t\t\t<\/div>\t\t<\/div>\t\t\t\t\t<\/div>\t\t<\/section>\t\t\t\t<\/div><p>\t\t<\/p>","protected":false},"excerpt":{"rendered":"<p>Evrende iki ger\u00e7eklik vard\u0131r; biri di\u011feriyle \u00f6rt\u00fc\u015f\u00fcr. Deneyiminizdeki ilk ve en birincil ger\u00e7eklik Ayr\u0131l\u0131k ve evrimsel de\u011fi\u015fim, gezegensel de\u011fi\u015fim &#8211; ilkel ya\u015famdan, ilkel sosyal organizasyonlardan, ilk uluslardan, daha b\u00fcy\u00fck uluslardan, d\u00fcnya uluslar\u0131ndan ve son olarak daha b\u00fcy\u00fck uluslardan olu\u015fan Daha B\u00fcy\u00fck bir Toplulu\u011fa ortaya \u00e7\u0131k\u0131\u015f.Bununla \u00f6rt\u00fc\u015fen, evrenin her yerinde \u0130lahi Olan&#8217;\u0131n Y\u00fcksek G\u00fc\u00e7ler, \u00f6zg\u00fcr olmayan [&hellip;]<\/p>\n","protected":false},"author":23,"featured_media":0,"parent":16539,"menu_order":4,"comment_status":"closed","ping_status":"closed","template":"page.php","meta":{"_acf_changed":false,"footnotes":""},"class_list":["post-16548","page","type-page","status-publish","hentry"],"acf":[],"yoast_head":"<!-- This site is optimized with the Yoast SEO plugin v26.5 - https:\/\/yoast.com\/wordpress\/plugins\/seo\/ -->\n<title>Y\u00fcksek G\u00fc\u00e7ler - Evren Boyunca \u0130lahi \u00c7al\u0131\u015fma<\/title>\n<meta name=\"description\" content=\"\u0130lahi M\u00fcdahale, Y\u00fcksek G\u00fc\u00e7ler, Bilge A\u011flar\u0131 ve Maneviyat\u0131n canl\u0131 tutuldu\u011fu uluslar arac\u0131l\u0131\u011f\u0131ylad\u0131r.\" \/>\n<meta name=\"robots\" content=\"index, follow, max-snippet:-1, max-image-preview:large, max-video-preview:-1\" \/>\n<link rel=\"canonical\" href=\"https:\/\/www.alliesofhumanity.org\/tr\/the-briefings\/book-four\/higher-powers\/\" \/>\n<meta property=\"og:locale\" content=\"tr_TR\" \/>\n<meta property=\"og:type\" content=\"article\" \/>\n<meta property=\"og:title\" content=\"Y\u00fcksek G\u00fc\u00e7ler - Evren Boyunca \u0130lahi \u00c7al\u0131\u015fma\" \/>\n<meta property=\"og:description\" content=\"\u0130lahi M\u00fcdahale, Y\u00fcksek G\u00fc\u00e7ler, Bilge A\u011flar\u0131 ve Maneviyat\u0131n canl\u0131 tutuldu\u011fu uluslar arac\u0131l\u0131\u011f\u0131ylad\u0131r.\" \/>\n<meta property=\"og:url\" content=\"https:\/\/www.alliesofhumanity.org\/tr\/the-briefings\/book-four\/higher-powers\/\" \/>\n<meta property=\"og:site_name\" content=\"The Allies of Humanity\" \/>\n<meta property=\"article:publisher\" content=\"https:\/\/www.facebook.com\/alliesofhumanity\/\" \/>\n<meta property=\"article:modified_time\" content=\"2022-10-27T22:55:18+00:00\" \/>\n<meta property=\"og:image\" content=\"https:\/\/www.alliesofhumanity.org\/wp-content\/uploads\/2021\/01\/og-socialmedia-aoh.jpg\" \/>\n\t<meta property=\"og:image:width\" content=\"1200\" \/>\n\t<meta property=\"og:image:height\" content=\"630\" \/>\n\t<meta property=\"og:image:type\" content=\"image\/jpeg\" \/>\n<meta name=\"twitter:card\" content=\"summary_large_image\" \/>\n<meta name=\"twitter:title\" content=\"Y\u00fcksek G\u00fc\u00e7ler - Evren Boyunca \u0130lahi \u00c7al\u0131\u015fma\" \/>\n<meta name=\"twitter:site\" content=\"@earthallies\" \/>\n<meta name=\"twitter:label1\" content=\"Tahmini okuma s\u00fcresi\" \/>\n\t<meta name=\"twitter:data1\" content=\"8 dakika\" \/>\n<script type=\"application\/ld+json\" class=\"yoast-schema-graph\">{\"@context\":\"https:\/\/schema.org\",\"@graph\":[{\"@type\":\"WebPage\",\"@id\":\"https:\/\/www.alliesofhumanity.org\/tr\/the-briefings\/book-four\/higher-powers\/\",\"url\":\"https:\/\/www.alliesofhumanity.org\/tr\/the-briefings\/book-four\/higher-powers\/\",\"name\":\"Y\u00fcksek G\u00fc\u00e7ler - Evren Boyunca \u0130lahi \u00c7al\u0131\u015fma\",\"isPartOf\":{\"@id\":\"https:\/\/www.alliesofhumanity.org\/tr\/#website\"},\"datePublished\":\"2021-04-29T02:01:07+00:00\",\"dateModified\":\"2022-10-27T22:55:18+00:00\",\"description\":\"\u0130lahi M\u00fcdahale, Y\u00fcksek G\u00fc\u00e7ler, Bilge A\u011flar\u0131 ve Maneviyat\u0131n canl\u0131 tutuldu\u011fu uluslar arac\u0131l\u0131\u011f\u0131ylad\u0131r.\",\"breadcrumb\":{\"@id\":\"https:\/\/www.alliesofhumanity.org\/tr\/the-briefings\/book-four\/higher-powers\/#breadcrumb\"},\"inLanguage\":\"tr\",\"potentialAction\":[{\"@type\":\"ReadAction\",\"target\":[\"https:\/\/www.alliesofhumanity.org\/tr\/the-briefings\/book-four\/higher-powers\/\"]}]},{\"@type\":\"BreadcrumbList\",\"@id\":\"https:\/\/www.alliesofhumanity.org\/tr\/the-briefings\/book-four\/higher-powers\/#breadcrumb\",\"itemListElement\":[{\"@type\":\"ListItem\",\"position\":1,\"name\":\"Brifingler\",\"item\":\"https:\/\/www.alliesofhumanity.org\/tr\/the-briefings\/\"},{\"@type\":\"ListItem\",\"position\":2,\"name\":\"D\u00f6rd\u00fcnc\u00fc Kitap\",\"item\":\"https:\/\/www.alliesofhumanity.org\/tr\/the-briefings\/book-four\/\"},{\"@type\":\"ListItem\",\"position\":3,\"name\":\"D\u00f6rd\u00fcnc\u00fc Brifing: Y\u00fcksek G\u00fc\u00e7ler\"}]},{\"@type\":\"WebSite\",\"@id\":\"https:\/\/www.alliesofhumanity.org\/tr\/#website\",\"url\":\"https:\/\/www.alliesofhumanity.org\/tr\/\",\"name\":\"The Allies of Humanity\",\"description\":\"\",\"potentialAction\":[{\"@type\":\"SearchAction\",\"target\":{\"@type\":\"EntryPoint\",\"urlTemplate\":\"https:\/\/www.alliesofhumanity.org\/tr\/?s={search_term_string}\"},\"query-input\":{\"@type\":\"PropertyValueSpecification\",\"valueRequired\":true,\"valueName\":\"search_term_string\"}}],\"inLanguage\":\"tr\"}]}<\/script>\n<!-- \/ Yoast SEO plugin. -->","yoast_head_json":{"title":"Y\u00fcksek G\u00fc\u00e7ler - Evren Boyunca \u0130lahi \u00c7al\u0131\u015fma","description":"\u0130lahi M\u00fcdahale, Y\u00fcksek G\u00fc\u00e7ler, Bilge A\u011flar\u0131 ve Maneviyat\u0131n canl\u0131 tutuldu\u011fu uluslar arac\u0131l\u0131\u011f\u0131ylad\u0131r.","robots":{"index":"index","follow":"follow","max-snippet":"max-snippet:-1","max-image-preview":"max-image-preview:large","max-video-preview":"max-video-preview:-1"},"canonical":"https:\/\/www.alliesofhumanity.org\/tr\/the-briefings\/book-four\/higher-powers\/","og_locale":"tr_TR","og_type":"article","og_title":"Y\u00fcksek G\u00fc\u00e7ler - Evren Boyunca \u0130lahi \u00c7al\u0131\u015fma","og_description":"\u0130lahi M\u00fcdahale, Y\u00fcksek G\u00fc\u00e7ler, Bilge A\u011flar\u0131 ve Maneviyat\u0131n canl\u0131 tutuldu\u011fu uluslar arac\u0131l\u0131\u011f\u0131ylad\u0131r.","og_url":"https:\/\/www.alliesofhumanity.org\/tr\/the-briefings\/book-four\/higher-powers\/","og_site_name":"The Allies of Humanity","article_publisher":"https:\/\/www.facebook.com\/alliesofhumanity\/","article_modified_time":"2022-10-27T22:55:18+00:00","og_image":[{"width":1200,"height":630,"url":"https:\/\/www.alliesofhumanity.org\/wp-content\/uploads\/2021\/01\/og-socialmedia-aoh.jpg","type":"image\/jpeg"}],"twitter_card":"summary_large_image","twitter_title":"Y\u00fcksek G\u00fc\u00e7ler - Evren Boyunca \u0130lahi \u00c7al\u0131\u015fma","twitter_site":"@earthallies","twitter_misc":{"Tahmini okuma s\u00fcresi":"8 dakika"},"schema":{"@context":"https:\/\/schema.org","@graph":[{"@type":"WebPage","@id":"https:\/\/www.alliesofhumanity.org\/tr\/the-briefings\/book-four\/higher-powers\/","url":"https:\/\/www.alliesofhumanity.org\/tr\/the-briefings\/book-four\/higher-powers\/","name":"Y\u00fcksek G\u00fc\u00e7ler - Evren Boyunca \u0130lahi \u00c7al\u0131\u015fma","isPartOf":{"@id":"https:\/\/www.alliesofhumanity.org\/tr\/#website"},"datePublished":"2021-04-29T02:01:07+00:00","dateModified":"2022-10-27T22:55:18+00:00","description":"\u0130lahi M\u00fcdahale, Y\u00fcksek G\u00fc\u00e7ler, Bilge A\u011flar\u0131 ve Maneviyat\u0131n canl\u0131 tutuldu\u011fu uluslar arac\u0131l\u0131\u011f\u0131ylad\u0131r.","breadcrumb":{"@id":"https:\/\/www.alliesofhumanity.org\/tr\/the-briefings\/book-four\/higher-powers\/#breadcrumb"},"inLanguage":"tr","potentialAction":[{"@type":"ReadAction","target":["https:\/\/www.alliesofhumanity.org\/tr\/the-briefings\/book-four\/higher-powers\/"]}]},{"@type":"BreadcrumbList","@id":"https:\/\/www.alliesofhumanity.org\/tr\/the-briefings\/book-four\/higher-powers\/#breadcrumb","itemListElement":[{"@type":"ListItem","position":1,"name":"Brifingler","item":"https:\/\/www.alliesofhumanity.org\/tr\/the-briefings\/"},{"@type":"ListItem","position":2,"name":"D\u00f6rd\u00fcnc\u00fc Kitap","item":"https:\/\/www.alliesofhumanity.org\/tr\/the-briefings\/book-four\/"},{"@type":"ListItem","position":3,"name":"D\u00f6rd\u00fcnc\u00fc Brifing: Y\u00fcksek G\u00fc\u00e7ler"}]},{"@type":"WebSite","@id":"https:\/\/www.alliesofhumanity.org\/tr\/#website","url":"https:\/\/www.alliesofhumanity.org\/tr\/","name":"The Allies of Humanity","description":"","potentialAction":[{"@type":"SearchAction","target":{"@type":"EntryPoint","urlTemplate":"https:\/\/www.alliesofhumanity.org\/tr\/?s={search_term_string}"},"query-input":{"@type":"PropertyValueSpecification","valueRequired":true,"valueName":"search_term_string"}}],"inLanguage":"tr"}]}},"_links":{"self":[{"href":"https:\/\/www.alliesofhumanity.org\/tr\/wp-json\/wp\/v2\/pages\/16548","targetHints":{"allow":["GET"]}}],"collection":[{"href":"https:\/\/www.alliesofhumanity.org\/tr\/wp-json\/wp\/v2\/pages"}],"about":[{"href":"https:\/\/www.alliesofhumanity.org\/tr\/wp-json\/wp\/v2\/types\/page"}],"author":[{"embeddable":true,"href":"https:\/\/www.alliesofhumanity.org\/tr\/wp-json\/wp\/v2\/users\/23"}],"replies":[{"embeddable":true,"href":"https:\/\/www.alliesofhumanity.org\/tr\/wp-json\/wp\/v2\/comments?post=16548"}],"version-history":[{"count":7,"href":"https:\/\/www.alliesofhumanity.org\/tr\/wp-json\/wp\/v2\/pages\/16548\/revisions"}],"predecessor-version":[{"id":20933,"href":"https:\/\/www.alliesofhumanity.org\/tr\/wp-json\/wp\/v2\/pages\/16548\/revisions\/20933"}],"up":[{"embeddable":true,"href":"https:\/\/www.alliesofhumanity.org\/tr\/wp-json\/wp\/v2\/pages\/16539"}],"wp:attachment":[{"href":"https:\/\/www.alliesofhumanity.org\/tr\/wp-json\/wp\/v2\/media?parent=16548"}],"curies":[{"name":"wp","href":"https:\/\/api.w.org\/{rel}","templated":true}]}}