{"id":16546,"date":"2021-04-29T02:57:04","date_gmt":"2021-04-29T01:57:04","guid":{"rendered":"https:\/\/www.alliesofhumanity.org\/the-briefings\/book-four\/free-nations-universe\/"},"modified":"2022-10-27T23:53:01","modified_gmt":"2022-10-27T22:53:01","slug":"free-nations-universe","status":"publish","type":"page","link":"https:\/\/www.alliesofhumanity.org\/tr\/the-briefings\/book-four\/free-nations-universe\/","title":{"rendered":"\u00dc\u00e7\u00fcnc\u00fc Brifing: Evrende \u00d6zg\u00fcrl\u00fck"},"content":{"rendered":"\t\t<div data-elementor-type=\"wp-page\" data-elementor-id=\"16546\" class=\"elementor elementor-16546 elementor-2536\" data-elementor-post-type=\"page\">\t\t\t\t\t\t<section class=\"elementor-section elementor-top-section elementor-element elementor-element-3bf3954f elementor-section-boxed elementor-section-height-default elementor-section-height-default\" data-id=\"3bf3954f\" data-element_type=\"section\">\t\t\t\t\t\t<div class=\"elementor-container elementor-column-gap-default\">\t\t\t\t\t<div class=\"elementor-column elementor-col-100 elementor-top-column elementor-element elementor-element-5b3ac6af\" data-id=\"5b3ac6af\" data-element_type=\"column\">\t\t\t<div class=\"elementor-widget-wrap elementor-element-populated\">\t\t\t\t\t\t<div class=\"elementor-element elementor-element-2f29e16 elementor-widget elementor-widget-text-editor\" data-id=\"2f29e16\" data-element_type=\"widget\" data-widget_type=\"text-editor.default\">\t\t\t\t<div class=\"elementor-widget-container\">\t\t\t\t\t\t\t\t\t \u015eimdi size \u00f6zg\u00fcrl\u00fc\u011f\u00fcn bir kez tesis edildi\u011finde neye benzedi\u011fine dair bir perspektif sunaca\u011f\u0131z. Bir d\u00fcnyan\u0131n \u00f6zg\u00fcr olabilmesi i\u00e7in birle\u015fik bir h\u00fck\u00fcmete sahip olmas\u0131 gerekir. Bu h\u00fck\u00fcmet d\u00fcnyan\u0131n farkl\u0131 gruplar\u0131ndan ve b\u00f6lgelerinden temsilciler i\u00e7erebilir, ancak birle\u015fik bir h\u00fck\u00fcmet olmal\u0131d\u0131r. Sava\u015fan kabilelerden ve hatta b\u00fcy\u00fck uluslardan olu\u015fan bir yamal\u0131 boh\u00e7a olamaz, \u00e7\u00fcnk\u00fc bu sadece m\u00fcdahale ve manip\u00fclasyona davetiye \u00e7\u0131karacakt\u0131r.\r\r\u00d6zg\u00fcr olan uluslar bireysel yarat\u0131c\u0131l\u0131\u011f\u0131 ve bireyin i\u00e7indeki \u0130limin de\u011ferini te\u015fvik eder, ancak bu \u0130lim yaln\u0131zca bireyin me\u015fguliyetlerine de\u011fil, d\u00fcnyan\u0131n daha b\u00fcy\u00fck \u00e7\u0131karlar\u0131na hizmet edebilece\u011fi bir yere y\u00f6nlendirilmelidir. Buradaki ger\u00e7ek yetenek son derece tan\u0131n\u0131r ve de\u011ferlidir, ancak y\u00f6nlendirilmelidir. Bu sadece bireyin takdiri de\u011fildir. Ulusun zenginli\u011finin bir par\u00e7as\u0131d\u0131r.\r\r<p>\u0130nsanlar\u0131n ya\u015famlar\u0131n\u0131n basit\u00e7e katalogland\u0131\u011f\u0131 ve y\u00f6nlendirildi\u011fi, bireysel yeteneklerin nadiren kullan\u0131ld\u0131\u011f\u0131, toplumdaki itibar\u0131n yaln\u0131zca aile soyuna ya da b\u00f6lgesel ihtiya\u00e7lara dayand\u0131\u011f\u0131 \u00f6zg\u00fcr olmayan uluslar\u0131n aksine, \u00f6zg\u00fcr uluslarda bireye de\u011fer verilir ve becerileri ve bilgelikleri geli\u015ftirilir \u00e7\u00fcnk\u00fc bu bilgelik ve becerilere d\u00fcnyan\u0131n istikrar\u0131 ve refah\u0131 i\u00e7in ihtiya\u00e7 vard\u0131r. En b\u00fcy\u00fck fayday\u0131 sa\u011flayabilecekleri yerlere hizmet etmek \u00fczere g\u00f6nderilirler. Ancak bu, yaln\u0131zca bireyin arzular\u0131na de\u011fil, b\u00fct\u00fcn\u00fcn ihtiya\u00e7lar\u0131na dayan\u0131r.\r<\/p><p>\r<\/p><p>Ba\u015f\u0131bo\u015f bireylerden olu\u015fan bir d\u00fcnya B\u00fcy\u00fck Toplumda asla \u00f6zg\u00fcrl\u00fc\u011f\u00fc tesis edemeyecektir. Burada bireysellik hizmet etmelidir, ancak bireye g\u00f6re hizmet eder ve \u00f6zg\u00fcr bir ulusu \u00f6zg\u00fcr olmayan bir ulustan ay\u0131ran \u015feylerden biri de budur.\r<\/p><p>\r<\/p><p>\u00d6zg\u00fcr bir ulusta anla\u015fmazl\u0131klara ancak belli bir noktaya kadar m\u00fcsamaha g\u00f6sterilir. S\u00fcrekli isyan varsa, ulus asla istikrarl\u0131 olamaz; vatanda\u015flar\u0131na sundu\u011fu \u00f6zg\u00fcrl\u00fckleri korumak i\u00e7in bile daha b\u00fcy\u00fck bir \u00f6zg\u00fcrl\u00fck \u00f6rt\u00fcs\u00fcn\u00fc asla \u00fcstlenemez. Bu istikrara ve g\u00fcvenli\u011fe d\u0131\u015far\u0131dan sahip olmal\u0131d\u0131r.\r<\/p><p>\r<\/p><p>Hen\u00fcz B\u00fcy\u00fck Toplumda ya\u015fad\u0131\u011f\u0131n\u0131z\u0131n ve onun etkilerine maruz kald\u0131\u011f\u0131n\u0131z\u0131n fark\u0131nda de\u011filsiniz, bu nedenle belki de bu size \u015fu anda bulundu\u011funuz yerden \u00e7ok farkl\u0131 g\u00f6r\u00fcn\u00fcyor. Ancak bu anlamaya ve d\u00fc\u015f\u00fcnmeye ba\u015flaman\u0131z gereken bir \u015feydir. Birle\u015fik bir g\u00fc\u00e7 olabilmek i\u00e7in, bu \u00f6zg\u00fcrl\u00fc\u011f\u00fc gerektiren b\u00fcy\u00fck ihtiyac\u0131n anla\u015f\u0131lmas\u0131 ve bu \u00f6zg\u00fcrl\u00fc\u011fe kat\u0131lmaya ve hatta onun u\u011fruna baz\u0131 ki\u015fisel \u00f6zg\u00fcrl\u00fckleri feda etmeye istekli olunmas\u0131 gerekir.\r<\/p><p class=\"image-quote float-right\"><img decoding=\"async\" src=\"https:\/\/www.alliesofhumanity.org\/wp-content\/uploads\/2020\/12\/quote-book4-briefing3-1.png\" alt=\"\" \/><\/p><blockquote id=\"quote-2\" class=\"text-quote float-right bg-gray\">\u00d6zg\u00fcr toplumlar m\u00fcmk\u00fcn oldu\u011funca kendi yerel kaynaklar\u0131n\u0131 korumal\u0131 ve sadece temel ihtiya\u00e7lar i\u00e7in di\u011fer \u00f6zg\u00fcr uluslarla ticaret yapmal\u0131d\u0131r.<\/blockquote><p>\r<\/p><p>\u015eu anda sahip oldu\u011funuz \u00f6zg\u00fcrl\u00fck b\u00fcy\u00fck \u00f6l\u00e7\u00fcde sadece bireyin kaprislerine ya da arzular\u0131na hizmet etmektedir, ancak B\u00fcy\u00fck Toplulukta \u00f6zg\u00fcrl\u00fc\u011f\u00fcn anlam\u0131 bu de\u011fildir.\r<\/p><p>\r<\/p><p>\u00d6zg\u00fcr toplumlar m\u00fcmk\u00fcn oldu\u011funca kendi yerel kaynaklar\u0131n\u0131 korumal\u0131 ve sadece gerekli \u015feyler i\u00e7in di\u011fer \u00f6zg\u00fcr uluslarla ticaret yapmal\u0131d\u0131r. Dolay\u0131s\u0131yla, ileriye d\u00f6n\u00fck herhangi bir istikrar ve g\u00fcvenlik s\u00f6z konusu olacaksa, d\u00fcnyalar\u0131n\u0131n ya\u011fmalanmas\u0131na izin verilemez.\r<\/p><p>\r<\/p><p>Burada b\u00fcy\u00fck bir itidal olmal\u0131d\u0131r. \u00c7\u00fcnk\u00fc bilgelik her zaman b\u00fcy\u00fck bir k\u0131s\u0131tlama gerektirir. Ve \u00f6zg\u00fcrl\u00fck her zaman ger\u00e7ekten yapmakta \u00f6zg\u00fcr olmad\u0131\u011f\u0131n\u0131z \u015feylerin fark\u0131nda olman\u0131z gerekti\u011fi anlam\u0131na gelir.\r<\/p><p>\r<\/p><p class=\"image-quote float-left\"><img decoding=\"async\" src=\"https:\/\/www.alliesofhumanity.org\/wp-content\/uploads\/2020\/12\/quote-book4-briefing3-2.png\" alt=\"\" \/><\/p><blockquote id=\"quote-4\" class=\"text-quote float-left bg-red\">\u00d6zg\u00fcr uluslar burada b\u00fcy\u00fck \u00f6l\u00e7\u00fcde kendi kendilerine yeterli olmal\u0131d\u0131r. \u00c7ok birlik i\u00e7inde olmal\u0131lar. Ve \u00e7ok sa\u011fduyulu olmal\u0131d\u0131rlar. Bunlar evrendeki \u00f6zg\u00fcrl\u00fc\u011f\u00fcn \u00fc\u00e7 b\u00fcy\u00fck gereklili\u011fidir.<\/blockquote><p>Bu d\u00fcnyan\u0131n \u00f6zg\u00fcrl\u00fc\u011f\u00fcd\u00fcr. B\u00fcy\u00fck Topluluktaki bireylerin haklar\u0131n\u0131 g\u00fcvence alt\u0131na alan, t\u00fcm d\u00fcnya uluslar\u0131n\u0131n \u00f6zg\u00fcrl\u00fc\u011f\u00fcd\u00fcr. Ancak bu haklar zorunluluktan dolay\u0131 s\u0131n\u0131rland\u0131r\u0131lacakt\u0131r.\r<\/p><p>\r<\/p><p>\u00d6zg\u00fcr uluslar\u0131n \u00f6zg\u00fcr kalabilmeleri i\u00e7in, \u00f6zellikle de d\u00fcnyalar\u0131n\u0131n ba\u015fkalar\u0131 i\u00e7in de\u011ferli oldu\u011fu g\u00f6r\u00fcld\u00fc\u011f\u00fcnde, kendilerine y\u00f6neltilen t\u00fcm ayartmalar\u0131 engelleyebilmeleri ya da bunlara kar\u015f\u0131 koyabilmeleri gerekir. Burada \u00f6zg\u00fcrl\u00fc\u011f\u00fcn \u00f6zg\u00fcr olmayan uluslar i\u00e7in b\u00fcy\u00fck bir tehdit olarak g\u00f6r\u00fcld\u00fc\u011f\u00fcn\u00fc g\u00f6rmelisiniz. \u00d6zg\u00fcr uluslar\u0131n sahip oldu\u011fu \u00f6zg\u00fcrl\u00fcklerin kendi halklar\u0131n\u0131 bir \u015fekilde etkileyerek isyana, ho\u015fnutsuzlu\u011fa ve anla\u015fmazl\u0131\u011fa yol a\u00e7abilece\u011finden korkuyorlar.\r<\/p><p>\r<\/p><p>Bug\u00fcn keyfini \u00e7\u0131kard\u0131\u011f\u0131n\u0131z sanat, m\u00fczik ve dans gibi \u015feyler \u00f6zg\u00fcr olmayan k\u00fclt\u00fcrler i\u00e7in b\u00fcy\u00fck bir tehdit olarak g\u00f6r\u00fclecektir. \u00d6zg\u00fcr bir ulusun vatanda\u015flar\u0131na sa\u011flayabilece\u011fi bireysel \u00f6zg\u00fcrl\u00fckler, \u00f6zg\u00fcr olmayan uluslar i\u00e7in bir tehdit olarak g\u00f6r\u00fclecektir.\r<\/p><p>\r<\/p><p>Sonu\u00e7 olarak, \u00f6zg\u00fcr uluslar evrene yay\u0131n yapmazlar. E\u011fer ka\u00e7\u0131nabilirlerse, kendi d\u00fcnyalar\u0131nda hayat\u0131n nas\u0131l oldu\u011funu if\u015fa etmezler. Her zaman \u00e7ok kontrolc\u00fc ve manip\u00fclatif olan ve ki\u015finin kendi d\u00fcnyas\u0131n\u0131 \u00e7ok daha b\u00fcy\u00fck \u00f6l\u00e7ekteki ikna g\u00fc\u00e7lerine kar\u015f\u0131 savunmas\u0131z hale getiren daha b\u00fcy\u00fck ticaret a\u011flar\u0131na girmezler.\r<\/p><p>\r<\/p><p class=\"image-quote float-right\"><img decoding=\"async\" src=\"https:\/\/www.alliesofhumanity.org\/wp-content\/uploads\/2020\/12\/quote-book4-briefing3-3.png\" alt=\"\" \/><\/p><blockquote id=\"quote-6\" class=\"text-quote float-right bg-black\">\u00d6zg\u00fcr uluslar, \u00e7evrelerindeki daha b\u00fcy\u00fck uluslarla, bu b\u00fcy\u00fck uluslar\u0131 \u00f6zg\u00fcr uluslar\u0131n alanlar\u0131ndan ve faaliyetlerinden uzak tutmak i\u00e7in m\u00fcdahale etmeme anla\u015fmalar\u0131 yapmak zorunda kalm\u0131\u015flard\u0131r.<\/blockquote><p>\u00d6zg\u00fcr uluslar burada b\u00fcy\u00fck \u00f6l\u00e7\u00fcde kendi kendilerine yeterli olmal\u0131d\u0131r. \u00c7ok birlik i\u00e7inde olmal\u0131d\u0131rlar. Ve \u00e7ok sa\u011fduyulu olmal\u0131d\u0131rlar. Bunlar evrendeki \u00f6zg\u00fcrl\u00fc\u011f\u00fcn \u00fc\u00e7 b\u00fcy\u00fck gereklili\u011fidir. Ve bunlardan ka\u00e7amazs\u0131n\u0131z. Burada hi\u00e7bir istisna yoktur.\r<\/p><p>\r<\/p><p>\u00d6zg\u00fcr uluslar sa\u011fduyulu davranarak, bayraklar\u0131n\u0131 dikmek, etkilerini g\u00f6stermek ya da ba\u015fkalar\u0131n\u0131n i\u015flerine m\u00fcdahale etmek i\u00e7in evrende dola\u015fmazlar. Bu Brifingler arac\u0131l\u0131\u011f\u0131yla yapt\u0131\u011f\u0131m\u0131z gibi, \u00f6zg\u00fcrl\u00fc\u011f\u00fc ve sorumlulu\u011fu te\u015fvik edebilirler, ancak m\u00fcdahale etmezler. \u00c7\u00fcnk\u00fc m\u00fcdahale etmek ki\u015finin kendi takdir yetkisini a\u015fmas\u0131 demektir. M\u00fcdahale etmek kendinizi daha geni\u015f bir evrende tan\u0131tmak demektir ve \u00f6zg\u00fcr uluslar bunu yapmak istemezler. Yal\u0131t\u0131mlar\u0131, e\u015fsiz ba\u015far\u0131lar\u0131 i\u00e7in kritik \u00f6neme sahiptir.\r<\/p><p>\r<\/p><p>\u00d6zg\u00fcr uluslarda, bireyin i\u00e7indeki \u0130limin g\u00fcc\u00fcne de\u011fer verilir ve toplumlar\u0131n\u0131n k\u0131s\u0131tlamalar\u0131 dahilinde bile desteklenir. \u00d6zg\u00fcr olmayan uluslarda ise bu ya bilinmez ya da ac\u0131mas\u0131zca bast\u0131r\u0131l\u0131r. Ve \u00f6zg\u00fcr olmayan uluslarda Bilgelerin toplant\u0131lar\u0131 hayatta kalabilmek i\u00e7in b\u00fcy\u00fck bir gizlilik i\u00e7inde ger\u00e7ekle\u015fmelidir, ki bu genellikle b\u00f6yledir.\r<\/p><p>\r<\/p><p>D\u00fcnyan\u0131z\u0131n insanlar\u0131, aranmak, te\u015fvik edilmek ve bu d\u00fcnyaya davet edilmek i\u00e7in evrenin d\u00fcnyan\u0131n kendisinden daha iyi -daha y\u00fcce, daha \u00f6zg\u00fcr, daha ruhani, daha etik- olmas\u0131 gerekti\u011fini d\u00fc\u015f\u00fcn\u00fcr. Bu belki de izolasyon i\u00e7inde ya\u015fayan \u0131rklar\u0131n normal beklentisidir. B\u00fcy\u00fck Toplulu\u011fa kat\u0131lmam\u0131z ba\u015flayana ve M\u00fcdahale ile y\u00fczle\u015fmek zorunda kalana kadar bizim d\u00fcnyalar\u0131m\u0131zda da durum b\u00f6yleydi.\r<\/p><p>\r<\/p><p>Size bunlar\u0131 anlat\u0131yoruz \u00e7\u00fcnk\u00fc \u00f6zg\u00fcrl\u00fck yolculu\u011funun ger\u00e7ekte neyle ilgili oldu\u011funu anlamal\u0131s\u0131n\u0131z. Bu bireysel mutlulukla ilgili de\u011fildir. Irk\u0131n\u0131z\u0131n \u00f6zg\u00fcrl\u00fc\u011f\u00fc ile ilgilidir. Bireysel aray\u0131\u015flar ya da d\u00fc\u015fk\u00fcnl\u00fcklerle ilgili de\u011fildir. Bu, d\u00fcnyan\u0131z\u0131n istikrar\u0131 ve g\u00fcvenli\u011fiyle ilgilidir. Buradaki \u00f6zg\u00fcrl\u00fck evrende bir hak de\u011fildir. Ciddiyetle ve tutarl\u0131 bir \u015fekilde kazan\u0131lmas\u0131 ve t\u00fcm zorluklara kar\u015f\u0131 korunmas\u0131 gereken b\u00fcy\u00fck bir ayr\u0131cal\u0131k ve b\u00fcy\u00fck bir ba\u015far\u0131d\u0131r.\r<\/p><p>\r<\/p><p>Evrende hayatta kalmay\u0131 umuyorsan\u0131z, evrendeki ya\u015fama romantik bir bak\u0131\u015f a\u00e7\u0131s\u0131yla yakla\u015famazs\u0131n\u0131z. Bilgeli\u011fin getirdi\u011fi b\u00fcy\u00fck ay\u0131kl\u0131k budur. Temas&#8217;\u0131n de\u011feri ya da di\u011fer \u0131rklar\u0131n d\u00fcnyan\u0131za m\u00fcdahaleleri yoluyla size \u00f6zg\u00fcrl\u00fck hakk\u0131nda \u00f6\u011fretebilecekleri hakk\u0131nda hayali fikirlere kap\u0131lmay\u0131n; \u00e7\u00fcnk\u00fc bu \u00f6l\u00fcmc\u00fcl bir hatad\u0131r ve trajiktir.\r<\/p><p>\r<\/p><p>Bilgelerin A\u011flar\u0131 vas\u0131tas\u0131yla, bu d\u00fcnyaya, burada h\u00e2l\u00e2 var olan \u00f6zg\u00fcrl\u00fck ve bilgelik iplerini s\u00fcrd\u00fcrmek ve desteklemek i\u00e7in ne kadar \u00e7ok \u015fey verildi\u011fini biliyoruz. Bu ama\u00e7la d\u00fcnyan\u0131za \u00e7ok fazla yat\u0131r\u0131m yap\u0131ld\u0131. Teknolojik geli\u015fiminizde ilerlerken ve y\u00fckselirken bile, d\u00fcnyan\u0131z\u0131n buradaki potansiyeline, evrende \u00f6zg\u00fcr bir \u0131rk olma potansiyeline, kendi iradenizle ve birbirinizle i\u015fbirli\u011fi yaparak ele ge\u00e7irmeniz ve geli\u015ftirmeniz gereken bir potansiyele b\u00fcy\u00fck \u00f6nem verilmektedir.\r<\/p><p>\r<\/p><p>Size bu \u00f6zg\u00fcrl\u00fc\u011f\u00fc biz veremeyiz ve evrende size bu \u00f6zg\u00fcrl\u00fc\u011f\u00fc verebilecek ya da buraya gelip bunu sizin i\u00e7in tesis edebilecek ba\u015fka bir \u0131rk da yoktur. Bunu vaat eden herhangi bir \u0131rk sizi ger\u00e7ekten kand\u0131rmaktad\u0131r ve ba\u015fka ama\u00e7lar i\u00e7in, kendi ama\u00e7lar\u0131 i\u00e7in buradad\u0131r.\r<\/p><p>\r<\/p><p>Bununla birlikte, uzay\u0131n bu sekt\u00f6r\u00fcnde ba\u015fka bir \u00f6zg\u00fcr \u0131rk\u0131n olmas\u0131 bizim yarar\u0131m\u0131zad\u0131r. Bunu memnuniyetle kar\u015f\u0131lar\u0131z, ancak resmi bir ili\u015fki istemiyoruz. Resmi ili\u015fkilere haz\u0131r de\u011filsiniz. Ve uzun bir s\u00fcre daha haz\u0131r olamayabilirsiniz. Yeterince g\u00fc\u00e7l\u00fc de\u011filsiniz. Yeterince birle\u015fmi\u015f de\u011filsiniz. Yeterince olgun de\u011filsiniz, hala \u00e7at\u0131\u015fma, sava\u015f ve y\u0131k\u0131c\u0131 rekabete kendinizi kapt\u0131rm\u0131\u015f durumdas\u0131n\u0131z.\r<\/p><p>\r<\/p><p>E\u011fer sizinki gibi d\u00fcnyalarda Bilginin ortaya \u00e7\u0131k\u0131\u015f\u0131n\u0131 destekleyebiliyorsak, bunu \u0130lahi Olan\u0131n emirlerine g\u00f6re, h\u00fck\u00fcmetlerin a\u011flar\u0131 arac\u0131l\u0131\u011f\u0131yla de\u011fil, \u0130lim A\u011flar\u0131 arac\u0131l\u0131\u011f\u0131yla yapaca\u011f\u0131z. Kendi h\u00fck\u00fcmetlerimiz bile burada ne yapt\u0131\u011f\u0131m\u0131z\u0131 bilmiyorlar. Teoride bunu destekleseler de, bu bilgiye sahip olmalar\u0131 ak\u0131ll\u0131ca de\u011fildir, \u00e7\u00fcnk\u00fc o zaman eylemlerimizden sorumlu olmalar\u0131 gerekecektir.\r<\/p><p>\r<\/p><p>\r<\/p><p>\u00c7o\u011fu durumda, \u00f6zg\u00fcr uluslar \u00e7evrelerindeki daha b\u00fcy\u00fck uluslarla, bu b\u00fcy\u00fck uluslar\u0131 \u00f6zg\u00fcr uluslar\u0131n alanlar\u0131ndan ve faaliyetlerinden uzak tutmak i\u00e7in m\u00fcdahale etmeme anla\u015fmalar\u0131 yapmak zorunda kalm\u0131\u015flard\u0131r. Bizler d\u00fcnyan\u0131za hizmet etmek i\u00e7in k\u00fc\u00e7\u00fck varl\u0131\u011f\u0131m\u0131zla buna ayk\u0131r\u0131 davran\u0131yoruz. \u00c7\u00fcnk\u00fc biz, hakk\u0131nda \u00e7ok az \u015fey bildi\u011finiz, ancak e\u011fitilmeniz gereken Y\u00fcksek G\u00fc\u00e7ler taraf\u0131ndan y\u00f6netiliyoruz ve bundan sonra konu\u015faca\u011f\u0131z.\r<\/p>\t\t\t\t\t\t\t\t<\/div>\t\t\t\t<\/div>\t\t\t\t\t<\/div>\t\t<\/div>\t\t\t\t\t<\/div>\t\t<\/section>\t\t\t\t<\/div><p>\t\t<\/p>","protected":false},"excerpt":{"rendered":"<p>\u015eimdi size \u00f6zg\u00fcrl\u00fc\u011f\u00fcn bir kez tesis edildi\u011finde neye benzedi\u011fine dair bir perspektif sunaca\u011f\u0131z. Bir d\u00fcnyan\u0131n \u00f6zg\u00fcr olabilmesi i\u00e7in birle\u015fik bir h\u00fck\u00fcmete sahip olmas\u0131 gerekir. Bu h\u00fck\u00fcmet d\u00fcnyan\u0131n farkl\u0131 gruplar\u0131ndan ve b\u00f6lgelerinden temsilciler i\u00e7erebilir, ancak birle\u015fik bir h\u00fck\u00fcmet olmal\u0131d\u0131r. Sava\u015fan kabilelerden ve hatta b\u00fcy\u00fck uluslardan olu\u015fan bir yamal\u0131 boh\u00e7a olamaz, \u00e7\u00fcnk\u00fc bu sadece m\u00fcdahale ve manip\u00fclasyona [&hellip;]<\/p>\n","protected":false},"author":23,"featured_media":0,"parent":16539,"menu_order":3,"comment_status":"closed","ping_status":"closed","template":"page.php","meta":{"_acf_changed":false,"footnotes":""},"class_list":["post-16546","page","type-page","status-publish","hentry"],"acf":[],"yoast_head":"<!-- This site is optimized with the Yoast SEO plugin v26.5 - https:\/\/yoast.com\/wordpress\/plugins\/seo\/ -->\n<title>Evrende \u00d6zg\u00fcrl\u00fck - \u00d6zg\u00fcr Milletler Nas\u0131l \u00d6zg\u00fcr Kal\u0131r<\/title>\n<meta name=\"description\" content=\"\u00d6zg\u00fcr uluslar\u0131n \u00f6zg\u00fcr kalabilmeleri i\u00e7in, kendilerine y\u00fcklenecek t\u00fcm cazibelere kar\u015f\u0131 koyabilmeleri veya bunlara direnebilmeleri gerekir. Nedenini \u00f6\u011frenin ....\" \/>\n<meta name=\"robots\" content=\"index, follow, max-snippet:-1, max-image-preview:large, max-video-preview:-1\" \/>\n<link rel=\"canonical\" href=\"https:\/\/www.alliesofhumanity.org\/tr\/the-briefings\/book-four\/free-nations-universe\/\" \/>\n<meta property=\"og:locale\" content=\"tr_TR\" \/>\n<meta property=\"og:type\" content=\"article\" \/>\n<meta property=\"og:title\" content=\"Evrende \u00d6zg\u00fcrl\u00fck - \u00d6zg\u00fcr Milletler Nas\u0131l \u00d6zg\u00fcr Kal\u0131r\" \/>\n<meta property=\"og:description\" content=\"\u00d6zg\u00fcr uluslar\u0131n \u00f6zg\u00fcr kalabilmeleri i\u00e7in, kendilerine y\u00fcklenecek t\u00fcm cazibelere kar\u015f\u0131 koyabilmeleri veya bunlara direnebilmeleri gerekir. Nedenini \u00f6\u011frenin ....\" \/>\n<meta property=\"og:url\" content=\"https:\/\/www.alliesofhumanity.org\/tr\/the-briefings\/book-four\/free-nations-universe\/\" \/>\n<meta property=\"og:site_name\" content=\"The Allies of Humanity\" \/>\n<meta property=\"article:publisher\" content=\"https:\/\/www.facebook.com\/alliesofhumanity\/\" \/>\n<meta property=\"article:modified_time\" content=\"2022-10-27T22:53:01+00:00\" \/>\n<meta property=\"og:image\" content=\"https:\/\/www.alliesofhumanity.org\/wp-content\/uploads\/2021\/01\/og-socialmedia-aoh.jpg\" \/>\n\t<meta property=\"og:image:width\" content=\"1200\" \/>\n\t<meta property=\"og:image:height\" content=\"630\" \/>\n\t<meta property=\"og:image:type\" content=\"image\/jpeg\" \/>\n<meta name=\"twitter:card\" content=\"summary_large_image\" \/>\n<meta name=\"twitter:title\" content=\"Evrende \u00d6zg\u00fcrl\u00fck - \u00d6zg\u00fcr Milletler Nas\u0131l \u00d6zg\u00fcr Kal\u0131r\" \/>\n<meta name=\"twitter:site\" content=\"@earthallies\" \/>\n<meta name=\"twitter:label1\" content=\"Tahmini okuma s\u00fcresi\" \/>\n\t<meta name=\"twitter:data1\" content=\"8 dakika\" \/>\n<script type=\"application\/ld+json\" class=\"yoast-schema-graph\">{\"@context\":\"https:\/\/schema.org\",\"@graph\":[{\"@type\":\"WebPage\",\"@id\":\"https:\/\/www.alliesofhumanity.org\/tr\/the-briefings\/book-four\/free-nations-universe\/\",\"url\":\"https:\/\/www.alliesofhumanity.org\/tr\/the-briefings\/book-four\/free-nations-universe\/\",\"name\":\"Evrende \u00d6zg\u00fcrl\u00fck - \u00d6zg\u00fcr Milletler Nas\u0131l \u00d6zg\u00fcr Kal\u0131r\",\"isPartOf\":{\"@id\":\"https:\/\/www.alliesofhumanity.org\/tr\/#website\"},\"datePublished\":\"2021-04-29T01:57:04+00:00\",\"dateModified\":\"2022-10-27T22:53:01+00:00\",\"description\":\"\u00d6zg\u00fcr uluslar\u0131n \u00f6zg\u00fcr kalabilmeleri i\u00e7in, kendilerine y\u00fcklenecek t\u00fcm cazibelere kar\u015f\u0131 koyabilmeleri veya bunlara direnebilmeleri gerekir. Nedenini \u00f6\u011frenin ....\",\"breadcrumb\":{\"@id\":\"https:\/\/www.alliesofhumanity.org\/tr\/the-briefings\/book-four\/free-nations-universe\/#breadcrumb\"},\"inLanguage\":\"tr\",\"potentialAction\":[{\"@type\":\"ReadAction\",\"target\":[\"https:\/\/www.alliesofhumanity.org\/tr\/the-briefings\/book-four\/free-nations-universe\/\"]}]},{\"@type\":\"BreadcrumbList\",\"@id\":\"https:\/\/www.alliesofhumanity.org\/tr\/the-briefings\/book-four\/free-nations-universe\/#breadcrumb\",\"itemListElement\":[{\"@type\":\"ListItem\",\"position\":1,\"name\":\"Brifingler\",\"item\":\"https:\/\/www.alliesofhumanity.org\/tr\/the-briefings\/\"},{\"@type\":\"ListItem\",\"position\":2,\"name\":\"D\u00f6rd\u00fcnc\u00fc Kitap\",\"item\":\"https:\/\/www.alliesofhumanity.org\/tr\/the-briefings\/book-four\/\"},{\"@type\":\"ListItem\",\"position\":3,\"name\":\"\u00dc\u00e7\u00fcnc\u00fc Brifing: Evrende \u00d6zg\u00fcrl\u00fck\"}]},{\"@type\":\"WebSite\",\"@id\":\"https:\/\/www.alliesofhumanity.org\/tr\/#website\",\"url\":\"https:\/\/www.alliesofhumanity.org\/tr\/\",\"name\":\"The Allies of Humanity\",\"description\":\"\",\"potentialAction\":[{\"@type\":\"SearchAction\",\"target\":{\"@type\":\"EntryPoint\",\"urlTemplate\":\"https:\/\/www.alliesofhumanity.org\/tr\/?s={search_term_string}\"},\"query-input\":{\"@type\":\"PropertyValueSpecification\",\"valueRequired\":true,\"valueName\":\"search_term_string\"}}],\"inLanguage\":\"tr\"}]}<\/script>\n<!-- \/ Yoast SEO plugin. -->","yoast_head_json":{"title":"Evrende \u00d6zg\u00fcrl\u00fck - \u00d6zg\u00fcr Milletler Nas\u0131l \u00d6zg\u00fcr Kal\u0131r","description":"\u00d6zg\u00fcr uluslar\u0131n \u00f6zg\u00fcr kalabilmeleri i\u00e7in, kendilerine y\u00fcklenecek t\u00fcm cazibelere kar\u015f\u0131 koyabilmeleri veya bunlara direnebilmeleri gerekir. Nedenini \u00f6\u011frenin ....","robots":{"index":"index","follow":"follow","max-snippet":"max-snippet:-1","max-image-preview":"max-image-preview:large","max-video-preview":"max-video-preview:-1"},"canonical":"https:\/\/www.alliesofhumanity.org\/tr\/the-briefings\/book-four\/free-nations-universe\/","og_locale":"tr_TR","og_type":"article","og_title":"Evrende \u00d6zg\u00fcrl\u00fck - \u00d6zg\u00fcr Milletler Nas\u0131l \u00d6zg\u00fcr Kal\u0131r","og_description":"\u00d6zg\u00fcr uluslar\u0131n \u00f6zg\u00fcr kalabilmeleri i\u00e7in, kendilerine y\u00fcklenecek t\u00fcm cazibelere kar\u015f\u0131 koyabilmeleri veya bunlara direnebilmeleri gerekir. Nedenini \u00f6\u011frenin ....","og_url":"https:\/\/www.alliesofhumanity.org\/tr\/the-briefings\/book-four\/free-nations-universe\/","og_site_name":"The Allies of Humanity","article_publisher":"https:\/\/www.facebook.com\/alliesofhumanity\/","article_modified_time":"2022-10-27T22:53:01+00:00","og_image":[{"width":1200,"height":630,"url":"https:\/\/www.alliesofhumanity.org\/wp-content\/uploads\/2021\/01\/og-socialmedia-aoh.jpg","type":"image\/jpeg"}],"twitter_card":"summary_large_image","twitter_title":"Evrende \u00d6zg\u00fcrl\u00fck - \u00d6zg\u00fcr Milletler Nas\u0131l \u00d6zg\u00fcr Kal\u0131r","twitter_site":"@earthallies","twitter_misc":{"Tahmini okuma s\u00fcresi":"8 dakika"},"schema":{"@context":"https:\/\/schema.org","@graph":[{"@type":"WebPage","@id":"https:\/\/www.alliesofhumanity.org\/tr\/the-briefings\/book-four\/free-nations-universe\/","url":"https:\/\/www.alliesofhumanity.org\/tr\/the-briefings\/book-four\/free-nations-universe\/","name":"Evrende \u00d6zg\u00fcrl\u00fck - \u00d6zg\u00fcr Milletler Nas\u0131l \u00d6zg\u00fcr Kal\u0131r","isPartOf":{"@id":"https:\/\/www.alliesofhumanity.org\/tr\/#website"},"datePublished":"2021-04-29T01:57:04+00:00","dateModified":"2022-10-27T22:53:01+00:00","description":"\u00d6zg\u00fcr uluslar\u0131n \u00f6zg\u00fcr kalabilmeleri i\u00e7in, kendilerine y\u00fcklenecek t\u00fcm cazibelere kar\u015f\u0131 koyabilmeleri veya bunlara direnebilmeleri gerekir. Nedenini \u00f6\u011frenin ....","breadcrumb":{"@id":"https:\/\/www.alliesofhumanity.org\/tr\/the-briefings\/book-four\/free-nations-universe\/#breadcrumb"},"inLanguage":"tr","potentialAction":[{"@type":"ReadAction","target":["https:\/\/www.alliesofhumanity.org\/tr\/the-briefings\/book-four\/free-nations-universe\/"]}]},{"@type":"BreadcrumbList","@id":"https:\/\/www.alliesofhumanity.org\/tr\/the-briefings\/book-four\/free-nations-universe\/#breadcrumb","itemListElement":[{"@type":"ListItem","position":1,"name":"Brifingler","item":"https:\/\/www.alliesofhumanity.org\/tr\/the-briefings\/"},{"@type":"ListItem","position":2,"name":"D\u00f6rd\u00fcnc\u00fc Kitap","item":"https:\/\/www.alliesofhumanity.org\/tr\/the-briefings\/book-four\/"},{"@type":"ListItem","position":3,"name":"\u00dc\u00e7\u00fcnc\u00fc Brifing: Evrende \u00d6zg\u00fcrl\u00fck"}]},{"@type":"WebSite","@id":"https:\/\/www.alliesofhumanity.org\/tr\/#website","url":"https:\/\/www.alliesofhumanity.org\/tr\/","name":"The Allies of Humanity","description":"","potentialAction":[{"@type":"SearchAction","target":{"@type":"EntryPoint","urlTemplate":"https:\/\/www.alliesofhumanity.org\/tr\/?s={search_term_string}"},"query-input":{"@type":"PropertyValueSpecification","valueRequired":true,"valueName":"search_term_string"}}],"inLanguage":"tr"}]}},"_links":{"self":[{"href":"https:\/\/www.alliesofhumanity.org\/tr\/wp-json\/wp\/v2\/pages\/16546","targetHints":{"allow":["GET"]}}],"collection":[{"href":"https:\/\/www.alliesofhumanity.org\/tr\/wp-json\/wp\/v2\/pages"}],"about":[{"href":"https:\/\/www.alliesofhumanity.org\/tr\/wp-json\/wp\/v2\/types\/page"}],"author":[{"embeddable":true,"href":"https:\/\/www.alliesofhumanity.org\/tr\/wp-json\/wp\/v2\/users\/23"}],"replies":[{"embeddable":true,"href":"https:\/\/www.alliesofhumanity.org\/tr\/wp-json\/wp\/v2\/comments?post=16546"}],"version-history":[{"count":7,"href":"https:\/\/www.alliesofhumanity.org\/tr\/wp-json\/wp\/v2\/pages\/16546\/revisions"}],"predecessor-version":[{"id":20931,"href":"https:\/\/www.alliesofhumanity.org\/tr\/wp-json\/wp\/v2\/pages\/16546\/revisions\/20931"}],"up":[{"embeddable":true,"href":"https:\/\/www.alliesofhumanity.org\/tr\/wp-json\/wp\/v2\/pages\/16539"}],"wp:attachment":[{"href":"https:\/\/www.alliesofhumanity.org\/tr\/wp-json\/wp\/v2\/media?parent=16546"}],"curies":[{"name":"wp","href":"https:\/\/api.w.org\/{rel}","templated":true}]}}