{"id":16544,"date":"2021-04-29T02:53:41","date_gmt":"2021-04-29T01:53:41","guid":{"rendered":"https:\/\/www.alliesofhumanity.org\/the-briefings\/book-four\/exercise-restraint\/"},"modified":"2022-10-27T23:50:54","modified_gmt":"2022-10-27T22:50:54","slug":"exercise-restraint","status":"publish","type":"page","link":"https:\/\/www.alliesofhumanity.org\/tr\/the-briefings\/book-four\/exercise-restraint\/","title":{"rendered":"\u0130kinci Brifing: K\u0131s\u0131tlaman\u0131n \u00d6nemi"},"content":{"rendered":"\t\t<div data-elementor-type=\"wp-page\" data-elementor-id=\"16544\" class=\"elementor elementor-16544 elementor-2534\" data-elementor-post-type=\"page\">\t\t\t\t\t\t<section class=\"elementor-section elementor-top-section elementor-element elementor-element-414c4fd5 elementor-section-boxed elementor-section-height-default elementor-section-height-default\" data-id=\"414c4fd5\" data-element_type=\"section\">\t\t\t\t\t\t<div class=\"elementor-container elementor-column-gap-default\">\t\t\t\t\t<div class=\"elementor-column elementor-col-100 elementor-top-column elementor-element elementor-element-674426c7\" data-id=\"674426c7\" data-element_type=\"column\">\t\t\t<div class=\"elementor-widget-wrap elementor-element-populated\">\t\t\t\t\t\t<div class=\"elementor-element elementor-element-598920f elementor-widget elementor-widget-text-editor\" data-id=\"598920f\" data-element_type=\"widget\" data-widget_type=\"text-editor.default\">\t\t\t\t<div class=\"elementor-widget-container\">\t\t\t\t\t\t\t\t\tEvrende b\u00fcy\u00fck bir itidal g\u00f6stermelisiniz. D\u0131\u015far\u0131 \u00e7\u0131k\u0131p ilgin\u00e7 buldu\u011funuz herhangi biriyle ili\u015fki kurabilece\u011finizi veya di\u011fer \u0131rklar\u0131n d\u00fcnyalar\u0131na seyahat edebilece\u011finizi ya da bir\u00e7ok \u0131rk\u0131n e\u011flence veya sosyal ama\u00e7lar i\u00e7in bir araya geldi\u011fi b\u00fcy\u00fck bulu\u015fma yerleri bulabilece\u011finizi d\u00fc\u015f\u00fcnmeyin, \u00e7\u00fcnk\u00fc durum kesinlikle b\u00f6yle de\u011fildir.\r\rEvrendeki ya\u015fam\u0131 tasvir eden filmlerinizi izleyebildik. Ne yaz\u0131k ki bunlar son derece yanl\u0131\u015f ve tehlikeli bir \u015fekilde yan\u0131lt\u0131c\u0131. Ger\u00e7ek \u00e7ok farkl\u0131 ve \u00e7ok sars\u0131c\u0131.\r\r<p>B\u00fcy\u00fck bir itidal g\u00f6stermeniz gerekecek. E\u011fer di\u011fer \u0131rklardan ileri teknolojiye sahip olmakta kararl\u0131ysan\u0131z, onlar zamanla sizin ve d\u00fcnyan\u0131z\u0131n kontrol\u00fcn\u00fc ele ge\u00e7ireceklerdir. Bu engellenmelidir.\r<\/p><p>\r<\/p><p>E\u011fer bu g\u00fcne\u015f sisteminin \u00f6tesinde ba\u015fka yerlere seyahat etmek ya da oralarda toprak ele ge\u00e7irmek isterseniz, b\u00fcy\u00fck bir muhalefet ve \u00e7at\u0131\u015fmayla kar\u015f\u0131la\u015facaks\u0131n\u0131z. Bu t\u00fcr aray\u0131\u015flara girmekten kendinizi al\u0131koymal\u0131s\u0131n\u0131z.\r<\/p><p class=\"image-quote float-right\"><img decoding=\"async\" src=\"https:\/\/www.alliesofhumanity.org\/wp-content\/uploads\/2020\/12\/quote-book4-briefing2-1.png\" alt=\"\" \/><\/p><blockquote id=\"quote-2\" class=\"text-quote float-right bg-black\">B\u00fcy\u00fck bir k\u0131s\u0131tlama uygulamak zorunda kalacaks\u0131n\u0131z. Di\u011fer \u0131rklardan ileri teknolojiye sahip olmakta kararl\u0131ysan\u0131z, zamanla sizin ve d\u00fcnyan\u0131z\u0131n kontrol\u00fcn\u00fc ele ge\u00e7ireceklerdir. Bu engellenmelidir.<\/blockquote><p>\r<\/p><p>Bu g\u00fcne\u015f sisteminin \u00f6tesine ge\u00e7ip kendi d\u00fcnyan\u0131z gibi ba\u015fka bir d\u00fcnya arayamazs\u0131n\u0131z, \u00e7\u00fcnk\u00fc bu t\u00fcr d\u00fcnyalar nadirdir ve sizden \u00e7ok daha g\u00fc\u00e7l\u00fc ba\u015fkalar\u0131 taraf\u0131ndan sahiplenilir ve korunur. Bunlar\u0131 isterken ya da beklerken kendinizi dizginlemelisiniz.\r<\/p><p>\r<\/p><p>E\u011fer bu gezegeni sava\u015f ya da bozulma yoluyla yok etmeniz durumunda ke\u015ffetmenizi bekleyen ba\u015fka d\u00fcnyalar oldu\u011funu d\u00fc\u015f\u00fcn\u00fcyorsan\u0131z, teknolojik geli\u015fiminizin \u015fu anki durumu g\u00f6z \u00f6n\u00fcne al\u0131nd\u0131\u011f\u0131nda, B\u00fcy\u00fck Topluluk i\u00e7inde onlara eri\u015fim sa\u011flayacak g\u00fcce ya da n\u00fcfuza sahip olmad\u0131\u011f\u0131n\u0131z\u0131 ya da onlara ula\u015facak bir arac\u0131n\u0131z olmad\u0131\u011f\u0131n\u0131 g\u00f6receksiniz. Kendinizi b\u00f6yle \u015feyler d\u00fc\u015f\u00fcnmekten al\u0131koymal\u0131s\u0131n\u0131z &#8211; ba\u015fka bir d\u00fcnyan\u0131n elinizin alt\u0131nda olaca\u011f\u0131n\u0131 d\u00fc\u015f\u00fcnmek gibi, \u00e7\u00fcnk\u00fc durum b\u00f6yle olmayacakt\u0131r.\r<\/p><p>\r<\/p><p>D\u00fcnyan\u0131z\u0131 ya\u011fmalayabilece\u011finizi ve teknolojinin sizi sonu\u00e7lar\u0131ndan kurtaraca\u011f\u0131n\u0131 d\u00fc\u015f\u00fcnebilirsiniz, ancak bunu yaparsan\u0131z d\u00fcnyan\u0131z insan uygarl\u0131\u011f\u0131n\u0131n alt\u0131n\u0131 oyacak ve sizi yabanc\u0131 m\u00fcdahalesine ya da bug\u00fcn bile uluslar\u0131n\u0131z\u0131n liderlerine ve dini kurumlar\u0131n\u0131z\u0131n baz\u0131 liderlerine sunulan bar\u0131\u015f, g\u00fc\u00e7 ve teknoloji vaatlerine direnemeyecek kadar zay\u0131flatacakt\u0131r.\r<\/p><p>\r<\/p><p class=\"image-quote float-left\"><img decoding=\"async\" src=\"https:\/\/www.alliesofhumanity.org\/wp-content\/uploads\/2020\/12\/quote-book4-briefing2-2.png\" alt=\"\" \/><\/p><blockquote id=\"quote-4\" class=\"text-quote float-left bg-red\">Burada daha fazla beceri kazanman\u0131z ve haz\u0131rl\u0131k yapman\u0131z gerekecek: fark\u0131ndal\u0131k, kararl\u0131l\u0131k, beceri, k\u0131s\u0131tlama. \u015eu anda sizin i\u00e7in evren, D\u00fcnya'daki b\u00fcy\u00fck sorunlar\u0131n\u0131z\u0131n yaln\u0131zca arka plan\u0131d\u0131r.<\/blockquote><p>Bu d\u00fcnyay\u0131 ya\u011fmalayabilece\u011finizi ve evrende herhangi bir \u00f6zg\u00fcrl\u00fck ve egemenlik umuduna sahip olabilece\u011finizi d\u00fc\u015f\u00fcnmekten ya da ulusunuzun avantaj\u0131 i\u00e7in sava\u015f ya da rekabet, y\u0131k\u0131c\u0131 rekabeti s\u00fcrd\u00fcrebilece\u011finizi d\u00fc\u015f\u00fcnmekten kendinizi al\u0131koymal\u0131s\u0131n\u0131z. \u00c7\u00fcnk\u00fc bu sadece insanl\u0131k ailesinde daha b\u00fcy\u00fck bir zay\u0131fl\u0131\u011fa yol a\u00e7acak, insanl\u0131k ailesini daha da par\u00e7alayacak, gelece\u011finiz ve refah\u0131n\u0131z i\u00e7in \u00e7ok gerekli olan gelecekteki i\u015fbirli\u011fi olas\u0131l\u0131\u011f\u0131n\u0131 daha da yok edecektir.\r<\/p><p>\r<\/p><p>Sava\u015f\u0131n sizin i\u00e7in avantajl\u0131 oldu\u011fu, size burada kazan\u00e7 ya da avantaj sa\u011flayaca\u011f\u0131 y\u00f6n\u00fcndeki d\u00fc\u015f\u00fcncelerinizi dizginlemelisiniz; zira bu sadece \u00f6l\u00fcm\u00fcn\u00fcz\u00fcn tohumlar\u0131n\u0131 ekecek ve kendilerini bu d\u00fcnyan\u0131n efendileri olarak kabul ettirmek isteyen \u0131rklar\u0131 g\u00fc\u00e7lendirecektir.\r<\/p><p>\r<\/p><p>G\u00f6zlerinizi g\u00f6klere \u00e7evirin. Gelece\u011finiz ve kaderiniz orada. Geceleri g\u00f6ky\u00fcz\u00fcne bak\u0131n ve ak\u0131ll\u0131 ya\u015famla dolu oldu\u011funu bilin. Orada say\u0131s\u0131z \u00e7orak ve ya\u015fanmaz d\u00fcnya varken, uzay\u0131n k\u00fc\u00e7\u00fck bir b\u00f6lgesi olan bu sekt\u00f6rdeki yerel evreninizdeki \u0131rklar\u0131n say\u0131s\u0131 muazzamd\u0131r. Zira siz galaksinin \u00e7ok iyi isk\u00e2n edilmi\u015f, angajman kurallar\u0131n\u0131n uzun s\u00fcredir yerle\u015fmi\u015f oldu\u011fu ve sava\u015f\u0131n bast\u0131r\u0131ld\u0131\u011f\u0131 bir b\u00f6lgesinde ya\u015f\u0131yorsunuz. Bu sizin i\u00e7in hem bir avantaj hem de bir dezavantaj. Daha \u00f6nceki Brifinglerimizde de bahsetti\u011fimiz gibi, do\u011frudan fetihten korunuyorsunuz, ancak m\u00fcdahale ve ikna olas\u0131l\u0131\u011f\u0131 ve ger\u00e7ekli\u011fi muazzamd\u0131r.\r<\/p><p>\r<\/p><p>Burada daha fazla beceri kazanman\u0131z ve haz\u0131rl\u0131k yapman\u0131z gerekecek: fark\u0131ndal\u0131k, kararl\u0131l\u0131k, beceri, k\u0131s\u0131tlama. \u015eu anda sizin i\u00e7in evren, D\u00fcnya&#8217;daki b\u00fcy\u00fck sorunlar\u0131n\u0131z\u0131n yaln\u0131zca arka plan\u0131d\u0131r. Ancak bu evrenin ger\u00e7ekli\u011fi d\u00fcnyan\u0131z\u0131 ve evriminizi y\u00f6nlendiren daha b\u00fcy\u00fck bir g\u00fc\u00e7t\u00fcr. Sizi harekete ge\u00e7iriyor \u00e7\u00fcnk\u00fc sundu\u011fu b\u00fcy\u00fck meydan okuma ve e\u011fer g\u00f6r\u00fclebilir, bilinebilir ve kar\u015f\u0131l\u0131k verilebilirse te\u015fvik edece\u011fi birlik ve i\u015fbirli\u011fi i\u00e7in b\u00fcy\u00fck bir f\u0131rsat ve gerekliliktir.\r<\/p><p>\r<\/p><p>Daha \u00f6nce d\u00fcnyada bu nitelikte bir m\u00fcdahale ger\u00e7ekle\u015fmemi\u015fti, \u00e7\u00fcnk\u00fc sizler hala \u00e7ok ilkeldiniz ve teknolojiniz yabanc\u0131 kontrol ve ikna i\u00e7in uygun adaylar olman\u0131z i\u00e7in hala \u00e7ok geli\u015fmemi\u015fti. Uzun tarihiniz boyunca d\u00fcnya bir\u00e7ok kez ziyaret edilmi\u015f olsa da, bu t\u00fcr bir M\u00fcdahale hi\u00e7bir zaman ger\u00e7ekten denenmedi.\r<\/p><p>\r<\/p><p>Ama \u015fimdi uluslararas\u0131 ileti\u015fimi, gezegensel ticareti, gezegensel i\u015fleri yaratt\u0131n\u0131z. Ba\u015fkalar\u0131n\u0131n kullanabilece\u011fi ve kazan\u00e7 sa\u011flayabilece\u011fi temel bir altyap\u0131 olu\u015fturdunuz. Bu ve insanl\u0131\u011f\u0131n m\u00fcdahale edilemeyecek kadar g\u00fc\u00e7lenebilece\u011fine dair fark\u0131ndal\u0131k, bug\u00fcn d\u00fcnyan\u0131zda, son b\u00fcy\u00fck d\u00fcnya \u00e7at\u0131\u015fmas\u0131ndan bu yana h\u0131zlanan ve \u015fimdi ya\u015fam\u0131n\u0131z\u0131n pek \u00e7ok farkl\u0131 alan\u0131nda h\u0131zlanan m\u00fcdahaleyi yaratt\u0131.\r<\/p><p>\r<\/p><p>Bu, do\u011fru g\u00f6r\u00fcld\u00fc\u011f\u00fc takdirde, d\u00fcnyan\u0131zdaki \u00e7at\u0131\u015fma ve s\u00fcrekli anla\u015fmazl\u0131klar\u0131n \u00fczerine \u00e7\u0131kman\u0131z\u0131 sa\u011flayacak bir meydan okumad\u0131r. \u00c7\u00fcnk\u00fc her ulusun kaynaklar\u0131, bu d\u00fcnyay\u0131 korumak i\u00e7in tamamen zorunluluktan dolay\u0131 birle\u015ftirilmelidir.\r<\/p><p>\r<\/p><p>Evren anlay\u0131\u015f\u0131n\u0131z de\u011fi\u015fmeli ve ger\u00e7ek\u00e7i hale gelmelidir. Tehlikeli durumunuzun fark\u0131na varmal\u0131 ve sizin i\u00e7in temel bir unsur haline gelmelisiniz.\r<\/p><p>\r<\/p><p>Bu d\u00fcnyan\u0131n \u00e7evresini -iklimini, kaynaklar\u0131n\u0131- korumal\u0131s\u0131n\u0131z, yoksa bu d\u00fcnyada daha \u00f6nce hi\u00e7 g\u00f6r\u00fclmemi\u015f bir d\u00fczeyde yoksullu\u011fa ve umutsuzlu\u011fa d\u00fc\u015fersiniz. Oysa bu t\u00fcr \u015feyler evrende say\u0131s\u0131z kez ya\u015fanm\u0131\u015ft\u0131r, ka\u00e7\u0131n\u0131lmaz ve \u00f6ng\u00f6r\u00fclebilir sonu\u00e7lar do\u011furmu\u015ftur.\r<\/p><p>\r<\/p><p>K\u00fclt\u00fcrlerimiz galaksinin bu b\u00f6l\u00fcm\u00fcndeki yerel olaylar\u0131n tarihine sahip olacak kadar eskidir. Sizin hen\u00fcz do\u011frudan g\u00f6remedi\u011finiz ya da bilemedi\u011finiz \u015feyleri g\u00f6rebildik ve bilebildik. Size yaln\u0131zca bu bilgeli\u011fi, bu daha b\u00fcy\u00fck perspektifi verebiliriz. Bunun yaln\u0131zca bir perspektif oldu\u011funu d\u00fc\u015f\u00fcnmeyin, \u00e7\u00fcnk\u00fc bu sizin ger\u00e7ekli\u011finizin ger\u00e7e\u011fidir. Gelecek olan budur. Zaten burada olan \u015feydir.\r<\/p>\t\t\t\t\t\t\t\t<\/div>\t\t\t\t<\/div>\t\t\t\t\t<\/div>\t\t<\/div>\t\t\t\t\t<\/div>\t\t<\/section>\t\t\t\t<\/div><p>\t\t<\/p>","protected":false},"excerpt":{"rendered":"<p>Evrende b\u00fcy\u00fck bir itidal g\u00f6stermelisiniz. D\u0131\u015far\u0131 \u00e7\u0131k\u0131p ilgin\u00e7 buldu\u011funuz herhangi biriyle ili\u015fki kurabilece\u011finizi veya di\u011fer \u0131rklar\u0131n d\u00fcnyalar\u0131na seyahat edebilece\u011finizi ya da bir\u00e7ok \u0131rk\u0131n e\u011flence veya sosyal ama\u00e7lar i\u00e7in bir araya geldi\u011fi b\u00fcy\u00fck bulu\u015fma yerleri bulabilece\u011finizi d\u00fc\u015f\u00fcnmeyin, \u00e7\u00fcnk\u00fc durum kesinlikle b\u00f6yle de\u011fildir.Evrendeki ya\u015fam\u0131 tasvir eden filmlerinizi izleyebildik. Ne yaz\u0131k ki bunlar son derece yanl\u0131\u015f ve tehlikeli [&hellip;]<\/p>\n","protected":false},"author":23,"featured_media":0,"parent":16539,"menu_order":2,"comment_status":"closed","ping_status":"closed","template":"page.php","meta":{"_acf_changed":false,"footnotes":""},"class_list":["post-16544","page","type-page","status-publish","hentry"],"acf":[],"yoast_head":"<!-- This site is optimized with the Yoast SEO plugin v26.5 - https:\/\/yoast.com\/wordpress\/plugins\/seo\/ -->\n<title>D\u00fcnya D\u0131\u015f\u0131 Temas ve K\u0131s\u0131tlaman\u0131n \u00d6nemi<\/title>\n<meta name=\"description\" content=\"ET \u0131rklar\u0131ndan ileri teknolojiye sahip olmaya kararl\u0131ysak, zamanla insanl\u0131\u011f\u0131n ve d\u00fcnyam\u0131z\u0131n kontrol\u00fcn\u00fc ele ge\u00e7irecekler. Nedenini \u00f6\u011frenin ....\" \/>\n<meta name=\"robots\" content=\"index, follow, max-snippet:-1, max-image-preview:large, max-video-preview:-1\" \/>\n<link rel=\"canonical\" href=\"https:\/\/www.alliesofhumanity.org\/tr\/the-briefings\/book-four\/exercise-restraint\/\" \/>\n<meta property=\"og:locale\" content=\"tr_TR\" \/>\n<meta property=\"og:type\" content=\"article\" \/>\n<meta property=\"og:title\" content=\"D\u00fcnya D\u0131\u015f\u0131 Temas ve K\u0131s\u0131tlaman\u0131n \u00d6nemi\" \/>\n<meta property=\"og:description\" content=\"ET \u0131rklar\u0131ndan ileri teknolojiye sahip olmaya kararl\u0131ysak, zamanla insanl\u0131\u011f\u0131n ve d\u00fcnyam\u0131z\u0131n kontrol\u00fcn\u00fc ele ge\u00e7irecekler. Nedenini \u00f6\u011frenin ....\" \/>\n<meta property=\"og:url\" content=\"https:\/\/www.alliesofhumanity.org\/tr\/the-briefings\/book-four\/exercise-restraint\/\" \/>\n<meta property=\"og:site_name\" content=\"The Allies of Humanity\" \/>\n<meta property=\"article:publisher\" content=\"https:\/\/www.facebook.com\/alliesofhumanity\/\" \/>\n<meta property=\"article:modified_time\" content=\"2022-10-27T22:50:54+00:00\" \/>\n<meta property=\"og:image\" content=\"https:\/\/www.alliesofhumanity.org\/wp-content\/uploads\/2021\/01\/og-socialmedia-aoh.jpg\" \/>\n\t<meta property=\"og:image:width\" content=\"1200\" \/>\n\t<meta property=\"og:image:height\" content=\"630\" \/>\n\t<meta property=\"og:image:type\" content=\"image\/jpeg\" \/>\n<meta name=\"twitter:card\" content=\"summary_large_image\" \/>\n<meta name=\"twitter:title\" content=\"D\u00fcnya D\u0131\u015f\u0131 Temas ve K\u0131s\u0131tlaman\u0131n \u00d6nemi\" \/>\n<meta name=\"twitter:site\" content=\"@earthallies\" \/>\n<meta name=\"twitter:label1\" content=\"Tahmini okuma s\u00fcresi\" \/>\n\t<meta name=\"twitter:data1\" content=\"6 dakika\" \/>\n<script type=\"application\/ld+json\" class=\"yoast-schema-graph\">{\"@context\":\"https:\/\/schema.org\",\"@graph\":[{\"@type\":\"WebPage\",\"@id\":\"https:\/\/www.alliesofhumanity.org\/tr\/the-briefings\/book-four\/exercise-restraint\/\",\"url\":\"https:\/\/www.alliesofhumanity.org\/tr\/the-briefings\/book-four\/exercise-restraint\/\",\"name\":\"D\u00fcnya D\u0131\u015f\u0131 Temas ve K\u0131s\u0131tlaman\u0131n \u00d6nemi\",\"isPartOf\":{\"@id\":\"https:\/\/www.alliesofhumanity.org\/tr\/#website\"},\"datePublished\":\"2021-04-29T01:53:41+00:00\",\"dateModified\":\"2022-10-27T22:50:54+00:00\",\"description\":\"ET \u0131rklar\u0131ndan ileri teknolojiye sahip olmaya kararl\u0131ysak, zamanla insanl\u0131\u011f\u0131n ve d\u00fcnyam\u0131z\u0131n kontrol\u00fcn\u00fc ele ge\u00e7irecekler. Nedenini \u00f6\u011frenin ....\",\"breadcrumb\":{\"@id\":\"https:\/\/www.alliesofhumanity.org\/tr\/the-briefings\/book-four\/exercise-restraint\/#breadcrumb\"},\"inLanguage\":\"tr\",\"potentialAction\":[{\"@type\":\"ReadAction\",\"target\":[\"https:\/\/www.alliesofhumanity.org\/tr\/the-briefings\/book-four\/exercise-restraint\/\"]}]},{\"@type\":\"BreadcrumbList\",\"@id\":\"https:\/\/www.alliesofhumanity.org\/tr\/the-briefings\/book-four\/exercise-restraint\/#breadcrumb\",\"itemListElement\":[{\"@type\":\"ListItem\",\"position\":1,\"name\":\"Brifingler\",\"item\":\"https:\/\/www.alliesofhumanity.org\/tr\/the-briefings\/\"},{\"@type\":\"ListItem\",\"position\":2,\"name\":\"D\u00f6rd\u00fcnc\u00fc Kitap\",\"item\":\"https:\/\/www.alliesofhumanity.org\/tr\/the-briefings\/book-four\/\"},{\"@type\":\"ListItem\",\"position\":3,\"name\":\"\u0130kinci Brifing: K\u0131s\u0131tlaman\u0131n \u00d6nemi\"}]},{\"@type\":\"WebSite\",\"@id\":\"https:\/\/www.alliesofhumanity.org\/tr\/#website\",\"url\":\"https:\/\/www.alliesofhumanity.org\/tr\/\",\"name\":\"The Allies of Humanity\",\"description\":\"\",\"potentialAction\":[{\"@type\":\"SearchAction\",\"target\":{\"@type\":\"EntryPoint\",\"urlTemplate\":\"https:\/\/www.alliesofhumanity.org\/tr\/?s={search_term_string}\"},\"query-input\":{\"@type\":\"PropertyValueSpecification\",\"valueRequired\":true,\"valueName\":\"search_term_string\"}}],\"inLanguage\":\"tr\"}]}<\/script>\n<!-- \/ Yoast SEO plugin. -->","yoast_head_json":{"title":"D\u00fcnya D\u0131\u015f\u0131 Temas ve K\u0131s\u0131tlaman\u0131n \u00d6nemi","description":"ET \u0131rklar\u0131ndan ileri teknolojiye sahip olmaya kararl\u0131ysak, zamanla insanl\u0131\u011f\u0131n ve d\u00fcnyam\u0131z\u0131n kontrol\u00fcn\u00fc ele ge\u00e7irecekler. Nedenini \u00f6\u011frenin ....","robots":{"index":"index","follow":"follow","max-snippet":"max-snippet:-1","max-image-preview":"max-image-preview:large","max-video-preview":"max-video-preview:-1"},"canonical":"https:\/\/www.alliesofhumanity.org\/tr\/the-briefings\/book-four\/exercise-restraint\/","og_locale":"tr_TR","og_type":"article","og_title":"D\u00fcnya D\u0131\u015f\u0131 Temas ve K\u0131s\u0131tlaman\u0131n \u00d6nemi","og_description":"ET \u0131rklar\u0131ndan ileri teknolojiye sahip olmaya kararl\u0131ysak, zamanla insanl\u0131\u011f\u0131n ve d\u00fcnyam\u0131z\u0131n kontrol\u00fcn\u00fc ele ge\u00e7irecekler. Nedenini \u00f6\u011frenin ....","og_url":"https:\/\/www.alliesofhumanity.org\/tr\/the-briefings\/book-four\/exercise-restraint\/","og_site_name":"The Allies of Humanity","article_publisher":"https:\/\/www.facebook.com\/alliesofhumanity\/","article_modified_time":"2022-10-27T22:50:54+00:00","og_image":[{"width":1200,"height":630,"url":"https:\/\/www.alliesofhumanity.org\/wp-content\/uploads\/2021\/01\/og-socialmedia-aoh.jpg","type":"image\/jpeg"}],"twitter_card":"summary_large_image","twitter_title":"D\u00fcnya D\u0131\u015f\u0131 Temas ve K\u0131s\u0131tlaman\u0131n \u00d6nemi","twitter_site":"@earthallies","twitter_misc":{"Tahmini okuma s\u00fcresi":"6 dakika"},"schema":{"@context":"https:\/\/schema.org","@graph":[{"@type":"WebPage","@id":"https:\/\/www.alliesofhumanity.org\/tr\/the-briefings\/book-four\/exercise-restraint\/","url":"https:\/\/www.alliesofhumanity.org\/tr\/the-briefings\/book-four\/exercise-restraint\/","name":"D\u00fcnya D\u0131\u015f\u0131 Temas ve K\u0131s\u0131tlaman\u0131n \u00d6nemi","isPartOf":{"@id":"https:\/\/www.alliesofhumanity.org\/tr\/#website"},"datePublished":"2021-04-29T01:53:41+00:00","dateModified":"2022-10-27T22:50:54+00:00","description":"ET \u0131rklar\u0131ndan ileri teknolojiye sahip olmaya kararl\u0131ysak, zamanla insanl\u0131\u011f\u0131n ve d\u00fcnyam\u0131z\u0131n kontrol\u00fcn\u00fc ele ge\u00e7irecekler. Nedenini \u00f6\u011frenin ....","breadcrumb":{"@id":"https:\/\/www.alliesofhumanity.org\/tr\/the-briefings\/book-four\/exercise-restraint\/#breadcrumb"},"inLanguage":"tr","potentialAction":[{"@type":"ReadAction","target":["https:\/\/www.alliesofhumanity.org\/tr\/the-briefings\/book-four\/exercise-restraint\/"]}]},{"@type":"BreadcrumbList","@id":"https:\/\/www.alliesofhumanity.org\/tr\/the-briefings\/book-four\/exercise-restraint\/#breadcrumb","itemListElement":[{"@type":"ListItem","position":1,"name":"Brifingler","item":"https:\/\/www.alliesofhumanity.org\/tr\/the-briefings\/"},{"@type":"ListItem","position":2,"name":"D\u00f6rd\u00fcnc\u00fc Kitap","item":"https:\/\/www.alliesofhumanity.org\/tr\/the-briefings\/book-four\/"},{"@type":"ListItem","position":3,"name":"\u0130kinci Brifing: K\u0131s\u0131tlaman\u0131n \u00d6nemi"}]},{"@type":"WebSite","@id":"https:\/\/www.alliesofhumanity.org\/tr\/#website","url":"https:\/\/www.alliesofhumanity.org\/tr\/","name":"The Allies of Humanity","description":"","potentialAction":[{"@type":"SearchAction","target":{"@type":"EntryPoint","urlTemplate":"https:\/\/www.alliesofhumanity.org\/tr\/?s={search_term_string}"},"query-input":{"@type":"PropertyValueSpecification","valueRequired":true,"valueName":"search_term_string"}}],"inLanguage":"tr"}]}},"_links":{"self":[{"href":"https:\/\/www.alliesofhumanity.org\/tr\/wp-json\/wp\/v2\/pages\/16544","targetHints":{"allow":["GET"]}}],"collection":[{"href":"https:\/\/www.alliesofhumanity.org\/tr\/wp-json\/wp\/v2\/pages"}],"about":[{"href":"https:\/\/www.alliesofhumanity.org\/tr\/wp-json\/wp\/v2\/types\/page"}],"author":[{"embeddable":true,"href":"https:\/\/www.alliesofhumanity.org\/tr\/wp-json\/wp\/v2\/users\/23"}],"replies":[{"embeddable":true,"href":"https:\/\/www.alliesofhumanity.org\/tr\/wp-json\/wp\/v2\/comments?post=16544"}],"version-history":[{"count":9,"href":"https:\/\/www.alliesofhumanity.org\/tr\/wp-json\/wp\/v2\/pages\/16544\/revisions"}],"predecessor-version":[{"id":20929,"href":"https:\/\/www.alliesofhumanity.org\/tr\/wp-json\/wp\/v2\/pages\/16544\/revisions\/20929"}],"up":[{"embeddable":true,"href":"https:\/\/www.alliesofhumanity.org\/tr\/wp-json\/wp\/v2\/pages\/16539"}],"wp:attachment":[{"href":"https:\/\/www.alliesofhumanity.org\/tr\/wp-json\/wp\/v2\/media?parent=16544"}],"curies":[{"name":"wp","href":"https:\/\/api.w.org\/{rel}","templated":true}]}}