{"id":16539,"date":"2021-04-29T02:42:50","date_gmt":"2021-04-29T01:42:50","guid":{"rendered":"https:\/\/www.alliesofhumanity.org\/the-briefings\/book-four\/"},"modified":"2022-08-17T23:35:41","modified_gmt":"2022-08-17T22:35:41","slug":"book-four","status":"publish","type":"page","link":"https:\/\/www.alliesofhumanity.org\/tr\/the-briefings\/book-four\/","title":{"rendered":"D\u00f6rd\u00fcnc\u00fc Kitap"},"content":{"rendered":"<h5>T\u00fcm M\u00fcttefikler \u0130nsanl\u0131k Brifinglerine \u00e7evrimi\u00e7i \u00fccretsiz olarak eri\u015filebilir.<\/h5>\n<p>The Society for The New Message art\u0131k \u0130nsanl\u0131\u011f\u0131n M\u00fcttefikleri &#8216;in d\u00f6rt cildinin tamam\u0131n\u0131 \u00fccretsiz olarak online olarak sa\u011fl\u0131yor. Bunu, bu mesaj\u0131n hem tabanda hem de siyasi, ekonomik ve dini g\u00fc\u00e7 pozisyonlar\u0131nda olabildi\u011fince \u00e7ok insana ula\u015fabilmesi i\u00e7in yap\u0131yoruz.<\/p>\n","protected":false},"excerpt":{"rendered":"<p>T\u00fcm M\u00fcttefikler \u0130nsanl\u0131k Brifinglerine \u00e7evrimi\u00e7i \u00fccretsiz olarak eri\u015filebilir. The Society for The New Message art\u0131k \u0130nsanl\u0131\u011f\u0131n M\u00fcttefikleri &#8216;in d\u00f6rt cildinin tamam\u0131n\u0131 \u00fccretsiz olarak online olarak sa\u011fl\u0131yor. Bunu, bu mesaj\u0131n hem tabanda hem de siyasi, ekonomik ve dini g\u00fc\u00e7 pozisyonlar\u0131nda olabildi\u011fince \u00e7ok insana ula\u015fabilmesi i\u00e7in yap\u0131yoruz.<\/p>\n","protected":false},"author":25,"featured_media":0,"parent":15756,"menu_order":4,"comment_status":"closed","ping_status":"closed","template":"page-book-start.php","meta":{"_acf_changed":false,"footnotes":""},"class_list":["post-16539","page","type-page","status-publish","hentry"],"acf":[],"yoast_head":"<!-- This site is optimized with the Yoast SEO plugin v26.5 - https:\/\/yoast.com\/wordpress\/plugins\/seo\/ -->\n<title>\u0130nsanl\u0131\u011f\u0131n M\u00fcttefikleri D\u00f6rd\u00fcnc\u00fc Kitap: Evrendeki \u00d6zg\u00fcrl\u00fck<\/title>\n<meta name=\"description\" content=\"D\u00fcnya d\u0131\u015f\u0131 uzayl\u0131 ya\u015famla temas kar\u015f\u0131s\u0131nda insanl\u0131\u011f\u0131n evrende \u00f6zg\u00fcrl\u00fc\u011f\u00fcn\u00fc nas\u0131l elde edebilece\u011fi ve koruyabilece\u011fi.\" \/>\n<meta name=\"robots\" content=\"index, follow, max-snippet:-1, max-image-preview:large, max-video-preview:-1\" \/>\n<link rel=\"canonical\" href=\"https:\/\/www.alliesofhumanity.org\/tr\/the-briefings\/book-four\/\" \/>\n<meta property=\"og:locale\" content=\"tr_TR\" \/>\n<meta property=\"og:type\" content=\"article\" \/>\n<meta property=\"og:title\" content=\"\u0130nsanl\u0131\u011f\u0131n M\u00fcttefikleri D\u00f6rd\u00fcnc\u00fc Kitap: Evrendeki \u00d6zg\u00fcrl\u00fck\" \/>\n<meta property=\"og:description\" content=\"D\u00fcnya d\u0131\u015f\u0131 uzayl\u0131 ya\u015famla temas kar\u015f\u0131s\u0131nda insanl\u0131\u011f\u0131n evrende \u00f6zg\u00fcrl\u00fc\u011f\u00fcn\u00fc nas\u0131l elde edebilece\u011fi ve koruyabilece\u011fi.\" \/>\n<meta property=\"og:url\" content=\"https:\/\/www.alliesofhumanity.org\/tr\/the-briefings\/book-four\/\" \/>\n<meta property=\"og:site_name\" content=\"The Allies of Humanity\" \/>\n<meta property=\"article:publisher\" content=\"https:\/\/www.facebook.com\/alliesofhumanity\/\" \/>\n<meta property=\"article:modified_time\" content=\"2022-08-17T22:35:41+00:00\" \/>\n<meta property=\"og:image\" content=\"https:\/\/www.alliesofhumanity.org\/wp-content\/uploads\/2021\/01\/og-socialmedia-aoh.jpg\" \/>\n\t<meta property=\"og:image:width\" content=\"1200\" \/>\n\t<meta property=\"og:image:height\" content=\"630\" \/>\n\t<meta property=\"og:image:type\" content=\"image\/jpeg\" \/>\n<meta name=\"twitter:card\" content=\"summary_large_image\" \/>\n<meta name=\"twitter:title\" content=\"\u0130nsanl\u0131\u011f\u0131n M\u00fcttefikleri D\u00f6rd\u00fcnc\u00fc Kitap: Evrendeki \u00d6zg\u00fcrl\u00fck\" \/>\n<meta name=\"twitter:site\" content=\"@earthallies\" \/>\n<script type=\"application\/ld+json\" class=\"yoast-schema-graph\">{\"@context\":\"https:\/\/schema.org\",\"@graph\":[{\"@type\":\"WebPage\",\"@id\":\"https:\/\/www.alliesofhumanity.org\/tr\/the-briefings\/book-four\/\",\"url\":\"https:\/\/www.alliesofhumanity.org\/tr\/the-briefings\/book-four\/\",\"name\":\"\u0130nsanl\u0131\u011f\u0131n M\u00fcttefikleri D\u00f6rd\u00fcnc\u00fc Kitap: Evrendeki \u00d6zg\u00fcrl\u00fck\",\"isPartOf\":{\"@id\":\"https:\/\/www.alliesofhumanity.org\/tr\/#website\"},\"datePublished\":\"2021-04-29T01:42:50+00:00\",\"dateModified\":\"2022-08-17T22:35:41+00:00\",\"description\":\"D\u00fcnya d\u0131\u015f\u0131 uzayl\u0131 ya\u015famla temas kar\u015f\u0131s\u0131nda insanl\u0131\u011f\u0131n evrende \u00f6zg\u00fcrl\u00fc\u011f\u00fcn\u00fc nas\u0131l elde edebilece\u011fi ve koruyabilece\u011fi.\",\"breadcrumb\":{\"@id\":\"https:\/\/www.alliesofhumanity.org\/tr\/the-briefings\/book-four\/#breadcrumb\"},\"inLanguage\":\"tr\",\"potentialAction\":[{\"@type\":\"ReadAction\",\"target\":[\"https:\/\/www.alliesofhumanity.org\/tr\/the-briefings\/book-four\/\"]}]},{\"@type\":\"BreadcrumbList\",\"@id\":\"https:\/\/www.alliesofhumanity.org\/tr\/the-briefings\/book-four\/#breadcrumb\",\"itemListElement\":[{\"@type\":\"ListItem\",\"position\":1,\"name\":\"Brifingler\",\"item\":\"https:\/\/www.alliesofhumanity.org\/tr\/the-briefings\/\"},{\"@type\":\"ListItem\",\"position\":2,\"name\":\"D\u00f6rd\u00fcnc\u00fc Kitap\"}]},{\"@type\":\"WebSite\",\"@id\":\"https:\/\/www.alliesofhumanity.org\/tr\/#website\",\"url\":\"https:\/\/www.alliesofhumanity.org\/tr\/\",\"name\":\"The Allies of Humanity\",\"description\":\"\",\"potentialAction\":[{\"@type\":\"SearchAction\",\"target\":{\"@type\":\"EntryPoint\",\"urlTemplate\":\"https:\/\/www.alliesofhumanity.org\/tr\/?s={search_term_string}\"},\"query-input\":{\"@type\":\"PropertyValueSpecification\",\"valueRequired\":true,\"valueName\":\"search_term_string\"}}],\"inLanguage\":\"tr\"}]}<\/script>\n<!-- \/ Yoast SEO plugin. -->","yoast_head_json":{"title":"\u0130nsanl\u0131\u011f\u0131n M\u00fcttefikleri D\u00f6rd\u00fcnc\u00fc Kitap: Evrendeki \u00d6zg\u00fcrl\u00fck","description":"D\u00fcnya d\u0131\u015f\u0131 uzayl\u0131 ya\u015famla temas kar\u015f\u0131s\u0131nda insanl\u0131\u011f\u0131n evrende \u00f6zg\u00fcrl\u00fc\u011f\u00fcn\u00fc nas\u0131l elde edebilece\u011fi ve koruyabilece\u011fi.","robots":{"index":"index","follow":"follow","max-snippet":"max-snippet:-1","max-image-preview":"max-image-preview:large","max-video-preview":"max-video-preview:-1"},"canonical":"https:\/\/www.alliesofhumanity.org\/tr\/the-briefings\/book-four\/","og_locale":"tr_TR","og_type":"article","og_title":"\u0130nsanl\u0131\u011f\u0131n M\u00fcttefikleri D\u00f6rd\u00fcnc\u00fc Kitap: Evrendeki \u00d6zg\u00fcrl\u00fck","og_description":"D\u00fcnya d\u0131\u015f\u0131 uzayl\u0131 ya\u015famla temas kar\u015f\u0131s\u0131nda insanl\u0131\u011f\u0131n evrende \u00f6zg\u00fcrl\u00fc\u011f\u00fcn\u00fc nas\u0131l elde edebilece\u011fi ve koruyabilece\u011fi.","og_url":"https:\/\/www.alliesofhumanity.org\/tr\/the-briefings\/book-four\/","og_site_name":"The Allies of Humanity","article_publisher":"https:\/\/www.facebook.com\/alliesofhumanity\/","article_modified_time":"2022-08-17T22:35:41+00:00","og_image":[{"width":1200,"height":630,"url":"https:\/\/www.alliesofhumanity.org\/wp-content\/uploads\/2021\/01\/og-socialmedia-aoh.jpg","type":"image\/jpeg"}],"twitter_card":"summary_large_image","twitter_title":"\u0130nsanl\u0131\u011f\u0131n M\u00fcttefikleri D\u00f6rd\u00fcnc\u00fc Kitap: Evrendeki \u00d6zg\u00fcrl\u00fck","twitter_site":"@earthallies","schema":{"@context":"https:\/\/schema.org","@graph":[{"@type":"WebPage","@id":"https:\/\/www.alliesofhumanity.org\/tr\/the-briefings\/book-four\/","url":"https:\/\/www.alliesofhumanity.org\/tr\/the-briefings\/book-four\/","name":"\u0130nsanl\u0131\u011f\u0131n M\u00fcttefikleri D\u00f6rd\u00fcnc\u00fc Kitap: Evrendeki \u00d6zg\u00fcrl\u00fck","isPartOf":{"@id":"https:\/\/www.alliesofhumanity.org\/tr\/#website"},"datePublished":"2021-04-29T01:42:50+00:00","dateModified":"2022-08-17T22:35:41+00:00","description":"D\u00fcnya d\u0131\u015f\u0131 uzayl\u0131 ya\u015famla temas kar\u015f\u0131s\u0131nda insanl\u0131\u011f\u0131n evrende \u00f6zg\u00fcrl\u00fc\u011f\u00fcn\u00fc nas\u0131l elde edebilece\u011fi ve koruyabilece\u011fi.","breadcrumb":{"@id":"https:\/\/www.alliesofhumanity.org\/tr\/the-briefings\/book-four\/#breadcrumb"},"inLanguage":"tr","potentialAction":[{"@type":"ReadAction","target":["https:\/\/www.alliesofhumanity.org\/tr\/the-briefings\/book-four\/"]}]},{"@type":"BreadcrumbList","@id":"https:\/\/www.alliesofhumanity.org\/tr\/the-briefings\/book-four\/#breadcrumb","itemListElement":[{"@type":"ListItem","position":1,"name":"Brifingler","item":"https:\/\/www.alliesofhumanity.org\/tr\/the-briefings\/"},{"@type":"ListItem","position":2,"name":"D\u00f6rd\u00fcnc\u00fc Kitap"}]},{"@type":"WebSite","@id":"https:\/\/www.alliesofhumanity.org\/tr\/#website","url":"https:\/\/www.alliesofhumanity.org\/tr\/","name":"The Allies of Humanity","description":"","potentialAction":[{"@type":"SearchAction","target":{"@type":"EntryPoint","urlTemplate":"https:\/\/www.alliesofhumanity.org\/tr\/?s={search_term_string}"},"query-input":{"@type":"PropertyValueSpecification","valueRequired":true,"valueName":"search_term_string"}}],"inLanguage":"tr"}]}},"_links":{"self":[{"href":"https:\/\/www.alliesofhumanity.org\/tr\/wp-json\/wp\/v2\/pages\/16539","targetHints":{"allow":["GET"]}}],"collection":[{"href":"https:\/\/www.alliesofhumanity.org\/tr\/wp-json\/wp\/v2\/pages"}],"about":[{"href":"https:\/\/www.alliesofhumanity.org\/tr\/wp-json\/wp\/v2\/types\/page"}],"author":[{"embeddable":true,"href":"https:\/\/www.alliesofhumanity.org\/tr\/wp-json\/wp\/v2\/users\/25"}],"replies":[{"embeddable":true,"href":"https:\/\/www.alliesofhumanity.org\/tr\/wp-json\/wp\/v2\/comments?post=16539"}],"version-history":[{"count":2,"href":"https:\/\/www.alliesofhumanity.org\/tr\/wp-json\/wp\/v2\/pages\/16539\/revisions"}],"predecessor-version":[{"id":19276,"href":"https:\/\/www.alliesofhumanity.org\/tr\/wp-json\/wp\/v2\/pages\/16539\/revisions\/19276"}],"up":[{"embeddable":true,"href":"https:\/\/www.alliesofhumanity.org\/tr\/wp-json\/wp\/v2\/pages\/15756"}],"wp:attachment":[{"href":"https:\/\/www.alliesofhumanity.org\/tr\/wp-json\/wp\/v2\/media?parent=16539"}],"curies":[{"name":"wp","href":"https:\/\/api.w.org\/{rel}","templated":true}]}}