{"id":16535,"date":"2021-04-29T02:30:19","date_gmt":"2021-04-29T01:30:19","guid":{"rendered":"https:\/\/www.alliesofhumanity.org\/the-briefings\/book-three\/questions-about-aliens\/"},"modified":"2024-03-11T08:43:37","modified_gmt":"2024-03-11T07:43:37","slug":"questions-about-aliens","status":"publish","type":"page","link":"https:\/\/www.alliesofhumanity.org\/tr\/the-briefings\/book-three\/questions-about-aliens\/","title":{"rendered":"Yedinci Brifing: Sorular &#038; Cevaplar (\u00e7evrilmeyi bekliyor)"},"content":{"rendered":"\t\t<div data-elementor-type=\"wp-page\" data-elementor-id=\"16535\" class=\"elementor elementor-16535 elementor-2523\" data-elementor-post-type=\"page\">\t\t\t\t\t\t<section class=\"elementor-section elementor-top-section elementor-element elementor-element-36757505 elementor-section-boxed elementor-section-height-default elementor-section-height-default\" data-id=\"36757505\" data-element_type=\"section\">\t\t\t\t\t\t<div class=\"elementor-container elementor-column-gap-default\">\t\t\t\t\t<div class=\"elementor-column elementor-col-100 elementor-top-column elementor-element elementor-element-251033a3\" data-id=\"251033a3\" data-element_type=\"column\">\t\t\t<div class=\"elementor-widget-wrap elementor-element-populated\">\t\t\t\t\t\t<div class=\"elementor-element elementor-element-2153a80 elementor-widget elementor-widget-text-editor\" data-id=\"2153a80\" data-element_type=\"widget\" data-widget_type=\"text-editor.default\">\t\t\t\t<div class=\"elementor-widget-container\">\t\t\t\t\t\t\t\t\t<pre id=\"tw-target-text\" class=\"tw-data-text tw-text-large XcVN5d tw-ta\" dir=\"ltr\" data-placeholder=\"Translation\"><span class=\"Y2IQFc\" lang=\"tr\">(\u00e7evrilmeyi bekliyor)<\/span><\/pre>\t\t\t\t\t\t\t\t<\/div>\t\t\t\t<\/div>\t\t\t\t\t<\/div>\t\t<\/div>\t\t\t\t\t<\/div>\t\t<\/section>\t\t\t\t<\/div><p>\t\t<\/p>","protected":false},"excerpt":{"rendered":"<p>(\u00e7evrilmeyi bekliyor)<\/p>\n","protected":false},"author":23,"featured_media":0,"parent":15795,"menu_order":7,"comment_status":"closed","ping_status":"closed","template":"page.php","meta":{"_acf_changed":false,"footnotes":""},"class_list":["post-16535","page","type-page","status-publish","hentry"],"acf":[],"yoast_head":"<!-- This site is optimized with the Yoast SEO plugin v26.5 - https:\/\/yoast.com\/wordpress\/plugins\/seo\/ -->\n<title>\u0130nsanl\u0131\u011f\u0131n M\u00fcttefikleri, \u00dc\u00e7\u00fcnc\u00fc Kitap: Uzayl\u0131larla \u0130lgili Sorular ve Cevaplar<\/title>\n<meta name=\"description\" content=\"Uzayl\u0131lar ve bug\u00fcn d\u00fcnyada yap\u0131lmakta olan d\u00fcnya d\u0131\u015f\u0131 M\u00fcdahale hakk\u0131ndaki sorular ve cevaplar.\" \/>\n<meta name=\"robots\" content=\"index, follow, max-snippet:-1, max-image-preview:large, max-video-preview:-1\" \/>\n<link rel=\"canonical\" href=\"https:\/\/www.alliesofhumanity.org\/tr\/the-briefings\/book-three\/questions-about-aliens\/\" \/>\n<meta property=\"og:locale\" content=\"tr_TR\" \/>\n<meta property=\"og:type\" content=\"article\" \/>\n<meta property=\"og:title\" content=\"\u0130nsanl\u0131\u011f\u0131n M\u00fcttefikleri, \u00dc\u00e7\u00fcnc\u00fc Kitap: Uzayl\u0131larla \u0130lgili Sorular ve Cevaplar\" \/>\n<meta property=\"og:description\" content=\"Uzayl\u0131lar ve bug\u00fcn d\u00fcnyada yap\u0131lmakta olan d\u00fcnya d\u0131\u015f\u0131 M\u00fcdahale hakk\u0131ndaki sorular ve cevaplar.\" \/>\n<meta property=\"og:url\" content=\"https:\/\/www.alliesofhumanity.org\/tr\/the-briefings\/book-three\/questions-about-aliens\/\" \/>\n<meta property=\"og:site_name\" content=\"The Allies of Humanity\" \/>\n<meta property=\"article:publisher\" content=\"https:\/\/www.facebook.com\/alliesofhumanity\/\" \/>\n<meta property=\"article:modified_time\" content=\"2024-03-11T07:43:37+00:00\" \/>\n<meta property=\"og:image\" content=\"https:\/\/www.alliesofhumanity.org\/wp-content\/uploads\/2021\/01\/og-socialmedia-aoh.jpg\" \/>\n\t<meta property=\"og:image:width\" content=\"1200\" \/>\n\t<meta property=\"og:image:height\" content=\"630\" \/>\n\t<meta property=\"og:image:type\" content=\"image\/jpeg\" \/>\n<meta name=\"twitter:card\" content=\"summary_large_image\" \/>\n<meta name=\"twitter:title\" content=\"\u0130nsanl\u0131\u011f\u0131n M\u00fcttefikleri, \u00dc\u00e7\u00fcnc\u00fc Kitap: Uzayl\u0131larla \u0130lgili Sorular ve Cevaplar\" \/>\n<meta name=\"twitter:site\" content=\"@earthallies\" \/>\n<script type=\"application\/ld+json\" class=\"yoast-schema-graph\">{\"@context\":\"https:\/\/schema.org\",\"@graph\":[{\"@type\":\"WebPage\",\"@id\":\"https:\/\/www.alliesofhumanity.org\/tr\/the-briefings\/book-three\/questions-about-aliens\/\",\"url\":\"https:\/\/www.alliesofhumanity.org\/tr\/the-briefings\/book-three\/questions-about-aliens\/\",\"name\":\"\u0130nsanl\u0131\u011f\u0131n M\u00fcttefikleri, \u00dc\u00e7\u00fcnc\u00fc Kitap: Uzayl\u0131larla \u0130lgili Sorular ve Cevaplar\",\"isPartOf\":{\"@id\":\"https:\/\/www.alliesofhumanity.org\/tr\/#website\"},\"datePublished\":\"2021-04-29T01:30:19+00:00\",\"dateModified\":\"2024-03-11T07:43:37+00:00\",\"description\":\"Uzayl\u0131lar ve bug\u00fcn d\u00fcnyada yap\u0131lmakta olan d\u00fcnya d\u0131\u015f\u0131 M\u00fcdahale hakk\u0131ndaki sorular ve cevaplar.\",\"breadcrumb\":{\"@id\":\"https:\/\/www.alliesofhumanity.org\/tr\/the-briefings\/book-three\/questions-about-aliens\/#breadcrumb\"},\"inLanguage\":\"tr\",\"potentialAction\":[{\"@type\":\"ReadAction\",\"target\":[\"https:\/\/www.alliesofhumanity.org\/tr\/the-briefings\/book-three\/questions-about-aliens\/\"]}]},{\"@type\":\"BreadcrumbList\",\"@id\":\"https:\/\/www.alliesofhumanity.org\/tr\/the-briefings\/book-three\/questions-about-aliens\/#breadcrumb\",\"itemListElement\":[{\"@type\":\"ListItem\",\"position\":1,\"name\":\"Brifingler\",\"item\":\"https:\/\/www.alliesofhumanity.org\/tr\/the-briefings\/\"},{\"@type\":\"ListItem\",\"position\":2,\"name\":\"\u00dc\u00e7\u00fcnc\u00fc Kitap\",\"item\":\"https:\/\/www.alliesofhumanity.org\/tr\/the-briefings\/book-three\/\"},{\"@type\":\"ListItem\",\"position\":3,\"name\":\"Yedinci Brifing: Sorular &#038; Cevaplar (\u00e7evrilmeyi bekliyor)\"}]},{\"@type\":\"WebSite\",\"@id\":\"https:\/\/www.alliesofhumanity.org\/tr\/#website\",\"url\":\"https:\/\/www.alliesofhumanity.org\/tr\/\",\"name\":\"The Allies of Humanity\",\"description\":\"\",\"potentialAction\":[{\"@type\":\"SearchAction\",\"target\":{\"@type\":\"EntryPoint\",\"urlTemplate\":\"https:\/\/www.alliesofhumanity.org\/tr\/?s={search_term_string}\"},\"query-input\":{\"@type\":\"PropertyValueSpecification\",\"valueRequired\":true,\"valueName\":\"search_term_string\"}}],\"inLanguage\":\"tr\"}]}<\/script>\n<!-- \/ Yoast SEO plugin. -->","yoast_head_json":{"title":"\u0130nsanl\u0131\u011f\u0131n M\u00fcttefikleri, \u00dc\u00e7\u00fcnc\u00fc Kitap: Uzayl\u0131larla \u0130lgili Sorular ve Cevaplar","description":"Uzayl\u0131lar ve bug\u00fcn d\u00fcnyada yap\u0131lmakta olan d\u00fcnya d\u0131\u015f\u0131 M\u00fcdahale hakk\u0131ndaki sorular ve cevaplar.","robots":{"index":"index","follow":"follow","max-snippet":"max-snippet:-1","max-image-preview":"max-image-preview:large","max-video-preview":"max-video-preview:-1"},"canonical":"https:\/\/www.alliesofhumanity.org\/tr\/the-briefings\/book-three\/questions-about-aliens\/","og_locale":"tr_TR","og_type":"article","og_title":"\u0130nsanl\u0131\u011f\u0131n M\u00fcttefikleri, \u00dc\u00e7\u00fcnc\u00fc Kitap: Uzayl\u0131larla \u0130lgili Sorular ve Cevaplar","og_description":"Uzayl\u0131lar ve bug\u00fcn d\u00fcnyada yap\u0131lmakta olan d\u00fcnya d\u0131\u015f\u0131 M\u00fcdahale hakk\u0131ndaki sorular ve cevaplar.","og_url":"https:\/\/www.alliesofhumanity.org\/tr\/the-briefings\/book-three\/questions-about-aliens\/","og_site_name":"The Allies of Humanity","article_publisher":"https:\/\/www.facebook.com\/alliesofhumanity\/","article_modified_time":"2024-03-11T07:43:37+00:00","og_image":[{"width":1200,"height":630,"url":"https:\/\/www.alliesofhumanity.org\/wp-content\/uploads\/2021\/01\/og-socialmedia-aoh.jpg","type":"image\/jpeg"}],"twitter_card":"summary_large_image","twitter_title":"\u0130nsanl\u0131\u011f\u0131n M\u00fcttefikleri, \u00dc\u00e7\u00fcnc\u00fc Kitap: Uzayl\u0131larla \u0130lgili Sorular ve Cevaplar","twitter_site":"@earthallies","schema":{"@context":"https:\/\/schema.org","@graph":[{"@type":"WebPage","@id":"https:\/\/www.alliesofhumanity.org\/tr\/the-briefings\/book-three\/questions-about-aliens\/","url":"https:\/\/www.alliesofhumanity.org\/tr\/the-briefings\/book-three\/questions-about-aliens\/","name":"\u0130nsanl\u0131\u011f\u0131n M\u00fcttefikleri, \u00dc\u00e7\u00fcnc\u00fc Kitap: Uzayl\u0131larla \u0130lgili Sorular ve Cevaplar","isPartOf":{"@id":"https:\/\/www.alliesofhumanity.org\/tr\/#website"},"datePublished":"2021-04-29T01:30:19+00:00","dateModified":"2024-03-11T07:43:37+00:00","description":"Uzayl\u0131lar ve bug\u00fcn d\u00fcnyada yap\u0131lmakta olan d\u00fcnya d\u0131\u015f\u0131 M\u00fcdahale hakk\u0131ndaki sorular ve cevaplar.","breadcrumb":{"@id":"https:\/\/www.alliesofhumanity.org\/tr\/the-briefings\/book-three\/questions-about-aliens\/#breadcrumb"},"inLanguage":"tr","potentialAction":[{"@type":"ReadAction","target":["https:\/\/www.alliesofhumanity.org\/tr\/the-briefings\/book-three\/questions-about-aliens\/"]}]},{"@type":"BreadcrumbList","@id":"https:\/\/www.alliesofhumanity.org\/tr\/the-briefings\/book-three\/questions-about-aliens\/#breadcrumb","itemListElement":[{"@type":"ListItem","position":1,"name":"Brifingler","item":"https:\/\/www.alliesofhumanity.org\/tr\/the-briefings\/"},{"@type":"ListItem","position":2,"name":"\u00dc\u00e7\u00fcnc\u00fc Kitap","item":"https:\/\/www.alliesofhumanity.org\/tr\/the-briefings\/book-three\/"},{"@type":"ListItem","position":3,"name":"Yedinci Brifing: Sorular &#038; Cevaplar (\u00e7evrilmeyi bekliyor)"}]},{"@type":"WebSite","@id":"https:\/\/www.alliesofhumanity.org\/tr\/#website","url":"https:\/\/www.alliesofhumanity.org\/tr\/","name":"The Allies of Humanity","description":"","potentialAction":[{"@type":"SearchAction","target":{"@type":"EntryPoint","urlTemplate":"https:\/\/www.alliesofhumanity.org\/tr\/?s={search_term_string}"},"query-input":{"@type":"PropertyValueSpecification","valueRequired":true,"valueName":"search_term_string"}}],"inLanguage":"tr"}]}},"_links":{"self":[{"href":"https:\/\/www.alliesofhumanity.org\/tr\/wp-json\/wp\/v2\/pages\/16535","targetHints":{"allow":["GET"]}}],"collection":[{"href":"https:\/\/www.alliesofhumanity.org\/tr\/wp-json\/wp\/v2\/pages"}],"about":[{"href":"https:\/\/www.alliesofhumanity.org\/tr\/wp-json\/wp\/v2\/types\/page"}],"author":[{"embeddable":true,"href":"https:\/\/www.alliesofhumanity.org\/tr\/wp-json\/wp\/v2\/users\/23"}],"replies":[{"embeddable":true,"href":"https:\/\/www.alliesofhumanity.org\/tr\/wp-json\/wp\/v2\/comments?post=16535"}],"version-history":[{"count":4,"href":"https:\/\/www.alliesofhumanity.org\/tr\/wp-json\/wp\/v2\/pages\/16535\/revisions"}],"predecessor-version":[{"id":22023,"href":"https:\/\/www.alliesofhumanity.org\/tr\/wp-json\/wp\/v2\/pages\/16535\/revisions\/22023"}],"up":[{"embeddable":true,"href":"https:\/\/www.alliesofhumanity.org\/tr\/wp-json\/wp\/v2\/pages\/15795"}],"wp:attachment":[{"href":"https:\/\/www.alliesofhumanity.org\/tr\/wp-json\/wp\/v2\/media?parent=16535"}],"curies":[{"name":"wp","href":"https:\/\/api.w.org\/{rel}","templated":true}]}}