{"id":16533,"date":"2021-04-29T02:23:42","date_gmt":"2021-04-29T01:23:42","guid":{"rendered":"https:\/\/www.alliesofhumanity.org\/the-briefings\/book-three\/life-beyond-earth\/"},"modified":"2024-03-11T08:42:15","modified_gmt":"2024-03-11T07:42:15","slug":"life-beyond-earth","status":"publish","type":"page","link":"https:\/\/www.alliesofhumanity.org\/tr\/the-briefings\/book-three\/life-beyond-earth\/","title":{"rendered":"Alt\u0131nc\u0131 Brifing: Daha B\u00fcy\u00fck Toplum Ger\u00e7ekleri (\u00e7evrilmeyi bekliyor)"},"content":{"rendered":"\t\t<div data-elementor-type=\"wp-page\" data-elementor-id=\"16533\" class=\"elementor elementor-16533 elementor-2518\" data-elementor-post-type=\"page\">\t\t\t\t\t\t<section class=\"elementor-section elementor-top-section elementor-element elementor-element-6c50430a elementor-section-boxed elementor-section-height-default elementor-section-height-default\" data-id=\"6c50430a\" data-element_type=\"section\">\t\t\t\t\t\t<div class=\"elementor-container elementor-column-gap-default\">\t\t\t\t\t<div class=\"elementor-column elementor-col-100 elementor-top-column elementor-element elementor-element-1b65552b\" data-id=\"1b65552b\" data-element_type=\"column\">\t\t\t<div class=\"elementor-widget-wrap elementor-element-populated\">\t\t\t\t\t\t<div class=\"elementor-element elementor-element-2f6df38 elementor-widget elementor-widget-text-editor\" data-id=\"2f6df38\" data-element_type=\"widget\" data-widget_type=\"text-editor.default\">\t\t\t\t<div class=\"elementor-widget-container\">\t\t\t\t\t\t\t\t\t<pre id=\"tw-target-text\" class=\"tw-data-text tw-text-large XcVN5d tw-ta\" dir=\"ltr\" data-placeholder=\"Translation\"><span class=\"Y2IQFc\" lang=\"tr\">(\u00e7evrilmeyi bekliyor)<\/span><\/pre>\t\t\t\t\t\t\t\t<\/div>\t\t\t\t<\/div>\t\t\t\t\t<\/div>\t\t<\/div>\t\t\t\t\t<\/div><p class=\"image-quote float-right\"><img decoding=\"async\" src=\"https:\/\/www.alliesofhumanity.org\/wp-content\/uploads\/2020\/12\/quote-book3-briefing6-1.png\" alt=\"\" \/><\/p><blockquote id=\"quote-2\" class=\"text-quote float-right bg-gray\">\u0130nsanl\u0131k, s\u0131n\u0131rlar\u0131n\u0131z\u0131n \u00f6tesindeki ya\u015fam\u0131n ger\u00e7ekli\u011fini d\u00fc\u015f\u00fcnmenizi imkans\u0131z k\u0131lan beklenti, fantezi ve inan\u00e7 katmanlar\u0131 in\u015fa etmi\u015ftir.<\/blockquote>\t\t<\/section>\t\t\t\t<\/div><p>\t\t<\/p>","protected":false},"excerpt":{"rendered":"<p>(\u00e7evrilmeyi bekliyor)<\/p>\n","protected":false},"author":23,"featured_media":0,"parent":15795,"menu_order":6,"comment_status":"closed","ping_status":"closed","template":"page.php","meta":{"_acf_changed":false,"footnotes":""},"class_list":["post-16533","page","type-page","status-publish","hentry"],"acf":[],"yoast_head":"<!-- This site is optimized with the Yoast SEO plugin v26.5 - https:\/\/yoast.com\/wordpress\/plugins\/seo\/ -->\n<title>B\u00fcy\u00fck Topluluk (D\u00fcnyalar) Ger\u00e7ekleri: D\u00fcnyan\u0131n \u00d6tesinde Ya\u015fam<\/title>\n<meta name=\"description\" content=\"\u015eimdi, d\u00fcnyan\u0131zda evrendeki ya\u015fam, D\u00fcnya&#039;n\u0131n \u00f6tesindeki ya\u015fam hakk\u0131nda yap\u0131lan belirli varsay\u0131mlar\u0131 d\u00fczeltmemiz gerekiyor.\" \/>\n<meta name=\"robots\" content=\"index, follow, max-snippet:-1, max-image-preview:large, max-video-preview:-1\" \/>\n<link rel=\"canonical\" href=\"https:\/\/www.alliesofhumanity.org\/tr\/the-briefings\/book-three\/life-beyond-earth\/\" \/>\n<meta property=\"og:locale\" content=\"tr_TR\" \/>\n<meta property=\"og:type\" content=\"article\" \/>\n<meta property=\"og:title\" content=\"B\u00fcy\u00fck Topluluk (D\u00fcnyalar) Ger\u00e7ekleri: D\u00fcnyan\u0131n \u00d6tesinde Ya\u015fam\" \/>\n<meta property=\"og:description\" content=\"\u015eimdi, d\u00fcnyan\u0131zda evrendeki ya\u015fam, D\u00fcnya&#039;n\u0131n \u00f6tesindeki ya\u015fam hakk\u0131nda yap\u0131lan belirli varsay\u0131mlar\u0131 d\u00fczeltmemiz gerekiyor.\" \/>\n<meta property=\"og:url\" content=\"https:\/\/www.alliesofhumanity.org\/tr\/the-briefings\/book-three\/life-beyond-earth\/\" \/>\n<meta property=\"og:site_name\" content=\"The Allies of Humanity\" \/>\n<meta property=\"article:publisher\" content=\"https:\/\/www.facebook.com\/alliesofhumanity\/\" \/>\n<meta property=\"article:modified_time\" content=\"2024-03-11T07:42:15+00:00\" \/>\n<meta property=\"og:image\" content=\"https:\/\/www.alliesofhumanity.org\/wp-content\/uploads\/2021\/01\/og-socialmedia-aoh.jpg\" \/>\n\t<meta property=\"og:image:width\" content=\"1200\" \/>\n\t<meta property=\"og:image:height\" content=\"630\" \/>\n\t<meta property=\"og:image:type\" content=\"image\/jpeg\" \/>\n<meta name=\"twitter:card\" content=\"summary_large_image\" \/>\n<meta name=\"twitter:title\" content=\"B\u00fcy\u00fck Topluluk (D\u00fcnyalar) Ger\u00e7ekleri: D\u00fcnyan\u0131n \u00d6tesinde Ya\u015fam\" \/>\n<meta name=\"twitter:site\" content=\"@earthallies\" \/>\n<script type=\"application\/ld+json\" class=\"yoast-schema-graph\">{\"@context\":\"https:\/\/schema.org\",\"@graph\":[{\"@type\":\"WebPage\",\"@id\":\"https:\/\/www.alliesofhumanity.org\/tr\/the-briefings\/book-three\/life-beyond-earth\/\",\"url\":\"https:\/\/www.alliesofhumanity.org\/tr\/the-briefings\/book-three\/life-beyond-earth\/\",\"name\":\"B\u00fcy\u00fck Topluluk (D\u00fcnyalar) Ger\u00e7ekleri: D\u00fcnyan\u0131n \u00d6tesinde Ya\u015fam\",\"isPartOf\":{\"@id\":\"https:\/\/www.alliesofhumanity.org\/tr\/#website\"},\"datePublished\":\"2021-04-29T01:23:42+00:00\",\"dateModified\":\"2024-03-11T07:42:15+00:00\",\"description\":\"\u015eimdi, d\u00fcnyan\u0131zda evrendeki ya\u015fam, D\u00fcnya'n\u0131n \u00f6tesindeki ya\u015fam hakk\u0131nda yap\u0131lan belirli varsay\u0131mlar\u0131 d\u00fczeltmemiz gerekiyor.\",\"breadcrumb\":{\"@id\":\"https:\/\/www.alliesofhumanity.org\/tr\/the-briefings\/book-three\/life-beyond-earth\/#breadcrumb\"},\"inLanguage\":\"tr\",\"potentialAction\":[{\"@type\":\"ReadAction\",\"target\":[\"https:\/\/www.alliesofhumanity.org\/tr\/the-briefings\/book-three\/life-beyond-earth\/\"]}]},{\"@type\":\"BreadcrumbList\",\"@id\":\"https:\/\/www.alliesofhumanity.org\/tr\/the-briefings\/book-three\/life-beyond-earth\/#breadcrumb\",\"itemListElement\":[{\"@type\":\"ListItem\",\"position\":1,\"name\":\"Brifingler\",\"item\":\"https:\/\/www.alliesofhumanity.org\/tr\/the-briefings\/\"},{\"@type\":\"ListItem\",\"position\":2,\"name\":\"\u00dc\u00e7\u00fcnc\u00fc Kitap\",\"item\":\"https:\/\/www.alliesofhumanity.org\/tr\/the-briefings\/book-three\/\"},{\"@type\":\"ListItem\",\"position\":3,\"name\":\"Alt\u0131nc\u0131 Brifing: Daha B\u00fcy\u00fck Toplum Ger\u00e7ekleri (\u00e7evrilmeyi bekliyor)\"}]},{\"@type\":\"WebSite\",\"@id\":\"https:\/\/www.alliesofhumanity.org\/tr\/#website\",\"url\":\"https:\/\/www.alliesofhumanity.org\/tr\/\",\"name\":\"The Allies of Humanity\",\"description\":\"\",\"potentialAction\":[{\"@type\":\"SearchAction\",\"target\":{\"@type\":\"EntryPoint\",\"urlTemplate\":\"https:\/\/www.alliesofhumanity.org\/tr\/?s={search_term_string}\"},\"query-input\":{\"@type\":\"PropertyValueSpecification\",\"valueRequired\":true,\"valueName\":\"search_term_string\"}}],\"inLanguage\":\"tr\"}]}<\/script>\n<!-- \/ Yoast SEO plugin. -->","yoast_head_json":{"title":"B\u00fcy\u00fck Topluluk (D\u00fcnyalar) Ger\u00e7ekleri: D\u00fcnyan\u0131n \u00d6tesinde Ya\u015fam","description":"\u015eimdi, d\u00fcnyan\u0131zda evrendeki ya\u015fam, D\u00fcnya'n\u0131n \u00f6tesindeki ya\u015fam hakk\u0131nda yap\u0131lan belirli varsay\u0131mlar\u0131 d\u00fczeltmemiz gerekiyor.","robots":{"index":"index","follow":"follow","max-snippet":"max-snippet:-1","max-image-preview":"max-image-preview:large","max-video-preview":"max-video-preview:-1"},"canonical":"https:\/\/www.alliesofhumanity.org\/tr\/the-briefings\/book-three\/life-beyond-earth\/","og_locale":"tr_TR","og_type":"article","og_title":"B\u00fcy\u00fck Topluluk (D\u00fcnyalar) Ger\u00e7ekleri: D\u00fcnyan\u0131n \u00d6tesinde Ya\u015fam","og_description":"\u015eimdi, d\u00fcnyan\u0131zda evrendeki ya\u015fam, D\u00fcnya'n\u0131n \u00f6tesindeki ya\u015fam hakk\u0131nda yap\u0131lan belirli varsay\u0131mlar\u0131 d\u00fczeltmemiz gerekiyor.","og_url":"https:\/\/www.alliesofhumanity.org\/tr\/the-briefings\/book-three\/life-beyond-earth\/","og_site_name":"The Allies of Humanity","article_publisher":"https:\/\/www.facebook.com\/alliesofhumanity\/","article_modified_time":"2024-03-11T07:42:15+00:00","og_image":[{"width":1200,"height":630,"url":"https:\/\/www.alliesofhumanity.org\/wp-content\/uploads\/2021\/01\/og-socialmedia-aoh.jpg","type":"image\/jpeg"}],"twitter_card":"summary_large_image","twitter_title":"B\u00fcy\u00fck Topluluk (D\u00fcnyalar) Ger\u00e7ekleri: D\u00fcnyan\u0131n \u00d6tesinde Ya\u015fam","twitter_site":"@earthallies","schema":{"@context":"https:\/\/schema.org","@graph":[{"@type":"WebPage","@id":"https:\/\/www.alliesofhumanity.org\/tr\/the-briefings\/book-three\/life-beyond-earth\/","url":"https:\/\/www.alliesofhumanity.org\/tr\/the-briefings\/book-three\/life-beyond-earth\/","name":"B\u00fcy\u00fck Topluluk (D\u00fcnyalar) Ger\u00e7ekleri: D\u00fcnyan\u0131n \u00d6tesinde Ya\u015fam","isPartOf":{"@id":"https:\/\/www.alliesofhumanity.org\/tr\/#website"},"datePublished":"2021-04-29T01:23:42+00:00","dateModified":"2024-03-11T07:42:15+00:00","description":"\u015eimdi, d\u00fcnyan\u0131zda evrendeki ya\u015fam, D\u00fcnya'n\u0131n \u00f6tesindeki ya\u015fam hakk\u0131nda yap\u0131lan belirli varsay\u0131mlar\u0131 d\u00fczeltmemiz gerekiyor.","breadcrumb":{"@id":"https:\/\/www.alliesofhumanity.org\/tr\/the-briefings\/book-three\/life-beyond-earth\/#breadcrumb"},"inLanguage":"tr","potentialAction":[{"@type":"ReadAction","target":["https:\/\/www.alliesofhumanity.org\/tr\/the-briefings\/book-three\/life-beyond-earth\/"]}]},{"@type":"BreadcrumbList","@id":"https:\/\/www.alliesofhumanity.org\/tr\/the-briefings\/book-three\/life-beyond-earth\/#breadcrumb","itemListElement":[{"@type":"ListItem","position":1,"name":"Brifingler","item":"https:\/\/www.alliesofhumanity.org\/tr\/the-briefings\/"},{"@type":"ListItem","position":2,"name":"\u00dc\u00e7\u00fcnc\u00fc Kitap","item":"https:\/\/www.alliesofhumanity.org\/tr\/the-briefings\/book-three\/"},{"@type":"ListItem","position":3,"name":"Alt\u0131nc\u0131 Brifing: Daha B\u00fcy\u00fck Toplum Ger\u00e7ekleri (\u00e7evrilmeyi bekliyor)"}]},{"@type":"WebSite","@id":"https:\/\/www.alliesofhumanity.org\/tr\/#website","url":"https:\/\/www.alliesofhumanity.org\/tr\/","name":"The Allies of Humanity","description":"","potentialAction":[{"@type":"SearchAction","target":{"@type":"EntryPoint","urlTemplate":"https:\/\/www.alliesofhumanity.org\/tr\/?s={search_term_string}"},"query-input":{"@type":"PropertyValueSpecification","valueRequired":true,"valueName":"search_term_string"}}],"inLanguage":"tr"}]}},"_links":{"self":[{"href":"https:\/\/www.alliesofhumanity.org\/tr\/wp-json\/wp\/v2\/pages\/16533","targetHints":{"allow":["GET"]}}],"collection":[{"href":"https:\/\/www.alliesofhumanity.org\/tr\/wp-json\/wp\/v2\/pages"}],"about":[{"href":"https:\/\/www.alliesofhumanity.org\/tr\/wp-json\/wp\/v2\/types\/page"}],"author":[{"embeddable":true,"href":"https:\/\/www.alliesofhumanity.org\/tr\/wp-json\/wp\/v2\/users\/23"}],"replies":[{"embeddable":true,"href":"https:\/\/www.alliesofhumanity.org\/tr\/wp-json\/wp\/v2\/comments?post=16533"}],"version-history":[{"count":4,"href":"https:\/\/www.alliesofhumanity.org\/tr\/wp-json\/wp\/v2\/pages\/16533\/revisions"}],"predecessor-version":[{"id":22022,"href":"https:\/\/www.alliesofhumanity.org\/tr\/wp-json\/wp\/v2\/pages\/16533\/revisions\/22022"}],"up":[{"embeddable":true,"href":"https:\/\/www.alliesofhumanity.org\/tr\/wp-json\/wp\/v2\/pages\/15795"}],"wp:attachment":[{"href":"https:\/\/www.alliesofhumanity.org\/tr\/wp-json\/wp\/v2\/media?parent=16533"}],"curies":[{"name":"wp","href":"https:\/\/api.w.org\/{rel}","templated":true}]}}