{"id":15776,"date":"2021-04-21T08:07:55","date_gmt":"2021-04-21T07:07:55","guid":{"rendered":"https:\/\/www.alliesofhumanity.org\/the-briefings\/book-one\/final-words\/"},"modified":"2024-03-11T08:24:39","modified_gmt":"2024-03-11T07:24:39","slug":"final-words","status":"publish","type":"page","link":"https:\/\/www.alliesofhumanity.org\/tr\/the-briefings\/book-one\/final-words\/","title":{"rendered":"Son S\u00f6zler"},"content":{"rendered":"\t\t<div data-elementor-type=\"wp-page\" data-elementor-id=\"15776\" class=\"elementor elementor-15776 elementor-2181\" data-elementor-post-type=\"page\">\t\t\t\t\t\t<section class=\"elementor-section elementor-top-section elementor-element elementor-element-54dadb56 elementor-section-boxed elementor-section-height-default elementor-section-height-default\" data-id=\"54dadb56\" data-element_type=\"section\">\t\t\t\t\t\t<div class=\"elementor-container elementor-column-gap-default\">\t\t\t\t\t<div class=\"elementor-column elementor-col-100 elementor-top-column elementor-element elementor-element-31c5ce98\" data-id=\"31c5ce98\" data-element_type=\"column\">\t\t\t<div class=\"elementor-widget-wrap elementor-element-populated\">\t\t\t\t\t\t<div class=\"elementor-element elementor-element-7d4c35aa elementor-widget elementor-widget-text-editor\" data-id=\"7d4c35aa\" data-element_type=\"widget\" data-widget_type=\"text-editor.default\">\t\t\t\t<div class=\"elementor-widget-container\">\t\t\t\t\t\t\t\t\t<h1 style=\"text-align: center;\">Son S\u00f6zler<\/h1>\r<p class=\"TextBody\"><span lang=\"EN-IN\">\u0130nsanl\u0131k yeni bir ba\u015flang\u0131\u00e7ta. Ciddi bir durumla kar\u015f\u0131 kar\u015f\u0131ya. Yeni bir e\u011fitim ve anlay\u0131\u015f ihtiyac\u0131 her \u015feyden \u00f6nemlidir. G\u00f6r\u00fcnmeyenlerin iste\u011fi \u00fczerine bu ihtiyac\u0131 kar\u015f\u0131lamak i\u00e7in buraday\u0131z. Bilgeli\u011fimizi payla\u015fmam\u0131z i\u00e7in bize g\u00fcveniyorlar, \u00e7\u00fcnk\u00fc biz sizin gibi fiziksel evrende ya\u015f\u0131yoruz. Biz meleksel varl\u0131klar de\u011filiz. M\u00fckemmel de\u011filiz. Ruhsal fark\u0131ndal\u0131k ve ba\u015far\u0131 konusunda b\u00fcy\u00fck ba\u015far\u0131lar elde etmedik. Ve bu nedenle size B\u00fcy\u00fck Camia hakk\u0131nda g\u00fcvendi\u011fimiz mesaj\u0131m\u0131z\u0131n, daha uygun ve daha kolay al\u0131naca\u011f\u0131n\u0131 s\u00f6yl\u00fcyor. G\u00f6r\u00fcnmeyenler, evrendeki ya\u015fam hakk\u0131nda ve mevcut olan ve bir\u00e7ok yerde uygulanan ilerleme ve ba\u015far\u0131 seviyeleri hakk\u0131nda bizden \u00e7ok daha fazla \u015fey biliyor. Yine de bizden fiziksel ya\u015fam\u0131n ger\u00e7ekli\u011fi hakk\u0131nda konu\u015fmam\u0131z\u0131 istediler, \u00e7\u00fcnk\u00fc biz orada tamamen me\u015fgul\u00fcz. Ve sizinle payla\u015ft\u0131klar\u0131m\u0131z\u0131n \u00f6nemini ve anlam\u0131n kendi denemelerimiz ve yanl\u0131\u015flar\u0131m\u0131z arac\u0131l\u0131\u011f\u0131yla \u00f6\u011frendik.<\/span><\/p>\r<p class=\"TextBody\"><a name=\"p483\"><\/a><span lang=\"EN-IN\">B\u00f6ylece, biz \u0130nsanl\u0131k M\u00fcttefikleri olarak geliyoruz, \u00e7\u00fcnk\u00fc biz \u00f6yleyiz. Size yard\u0131m edebilecek ve sizi e\u011fitebilecek ve g\u00fcc\u00fcn\u00fcz\u00fc, \u00f6zg\u00fcrl\u00fc\u011f\u00fcn\u00fcz\u00fc ve ba\u015far\u0131n\u0131z\u0131 destekleyebilecek m\u00fcttefikleriniz oldu\u011fu i\u00e7in \u015f\u00fckredin. Bu yard\u0131m olmadan \u015fu an ya\u015fad\u0131\u011f\u0131n\u0131z yabanc\u0131 s\u0131zma t\u00fcr\u00fc ile hayatta kalman\u0131z olas\u0131l\u0131\u011f\u0131 \u00e7ok s\u0131n\u0131rl\u0131 olacakt\u0131r. Evet, durumu oldu\u011fu gibi anlayacak olan birka\u00e7 ki\u015fi olacakt\u0131r, ancak say\u0131lar\u0131 yeterince b\u00fcy\u00fck olmayacakt\u0131 ve sesleri duyulmayacakt\u0131r.<\/span><\/p>\r<p class=\"TextBody\"><a name=\"p484\"><\/a><span lang=\"EN-IN\">Bu konuda yaln\u0131zca g\u00fcveninizi isteyebiliriz. Umar\u0131z s\u00f6zlerimizin bilgeli\u011fi ve f\u0131rsatlar arac\u0131l\u0131\u011f\u0131yla anlamlar\u0131n\u0131 ve alakalar\u0131n\u0131 \u00f6\u011frenmek zorundas\u0131n\u0131zd\u0131r, \u00e7\u00fcnk\u00fc zaman i\u00e7inde bu g\u00fcveni kazanabilece\u011fimizi, \u00e7\u00fcnk\u00fc B\u00fcy\u00fck Camia\u2019da m\u00fcttefikleriniz var. \u015eu an kar\u015f\u0131 kar\u015f\u0131ya kald\u0131\u011f\u0131n\u0131z zorluklar\u0131 ya\u015fayan ve ba\u015far\u0131ya imza atan bu d\u00fcnyan\u0131n \u00f6tesinde harika arkada\u015flar\u0131n\u0131z var. Bizlere yard\u0131m edildi\u011fi i\u00e7in \u015fimdi ba\u015fkalar\u0131na yard\u0131m etmeliyiz. Bu bizim kutsal s\u00f6zle\u015fmemiz. Buna kesin olarak kararl\u0131y\u0131z.<\/span><\/p>\t\t\t\t\t\t\t\t<\/div>\t\t\t\t<\/div>\t\t\t\t\t<\/div>\t\t<\/div>\t\t\t\t\t<\/div>\t\t<\/section>\t\t\t\t<\/div><p>\t\t<\/p>","protected":false},"excerpt":{"rendered":"<p>Son S\u00f6zler \u0130nsanl\u0131k yeni bir ba\u015flang\u0131\u00e7ta. Ciddi bir durumla kar\u015f\u0131 kar\u015f\u0131ya. Yeni bir e\u011fitim ve anlay\u0131\u015f ihtiyac\u0131 her \u015feyden \u00f6nemlidir. G\u00f6r\u00fcnmeyenlerin iste\u011fi \u00fczerine bu ihtiyac\u0131 kar\u015f\u0131lamak i\u00e7in buraday\u0131z. Bilgeli\u011fimizi payla\u015fmam\u0131z i\u00e7in bize g\u00fcveniyorlar, \u00e7\u00fcnk\u00fc biz sizin gibi fiziksel evrende ya\u015f\u0131yoruz. Biz meleksel varl\u0131klar de\u011filiz. M\u00fckemmel de\u011filiz. Ruhsal fark\u0131ndal\u0131k ve ba\u015far\u0131 konusunda b\u00fcy\u00fck ba\u015far\u0131lar elde etmedik. [&hellip;]<\/p>\n","protected":false},"author":23,"featured_media":0,"parent":15759,"menu_order":7,"comment_status":"closed","ping_status":"closed","template":"page.php","meta":{"_acf_changed":false,"footnotes":""},"class_list":["post-15776","page","type-page","status-publish","hentry"],"acf":[],"yoast_head":"<!-- This site is optimized with the Yoast SEO plugin v26.5 - https:\/\/yoast.com\/wordpress\/plugins\/seo\/ -->\n<title>\u0130nsanl\u0131\u011f\u0131n M\u00fcttefikleri Brifingleri, Birinci Kitap: Son S\u00f6zler<\/title>\n<meta name=\"description\" content=\"\u0130nsanl\u0131k yeni bir ba\u015flang\u0131\u00e7ta. Vahim bir durumla kar\u015f\u0131 kar\u015f\u0131yad\u0131r. ET Temas\u0131 devam ediyor. \u0130htiya\u00e7lar, zorluklar ve f\u0131rsatlar harika\" \/>\n<meta name=\"robots\" content=\"index, follow, max-snippet:-1, max-image-preview:large, max-video-preview:-1\" \/>\n<link rel=\"canonical\" href=\"https:\/\/www.alliesofhumanity.org\/tr\/the-briefings\/book-one\/final-words\/\" \/>\n<meta property=\"og:locale\" content=\"tr_TR\" \/>\n<meta property=\"og:type\" content=\"article\" \/>\n<meta property=\"og:title\" content=\"\u0130nsanl\u0131\u011f\u0131n M\u00fcttefikleri Brifingleri, Birinci Kitap: Son S\u00f6zler\" \/>\n<meta property=\"og:description\" content=\"\u0130nsanl\u0131k yeni bir ba\u015flang\u0131\u00e7ta. Vahim bir durumla kar\u015f\u0131 kar\u015f\u0131yad\u0131r. ET Temas\u0131 devam ediyor. \u0130htiya\u00e7lar, zorluklar ve f\u0131rsatlar harika\" \/>\n<meta property=\"og:url\" content=\"https:\/\/www.alliesofhumanity.org\/tr\/the-briefings\/book-one\/final-words\/\" \/>\n<meta property=\"og:site_name\" content=\"The Allies of Humanity\" \/>\n<meta property=\"article:publisher\" content=\"https:\/\/www.facebook.com\/alliesofhumanity\/\" \/>\n<meta property=\"article:modified_time\" content=\"2024-03-11T07:24:39+00:00\" \/>\n<meta property=\"og:image\" content=\"https:\/\/www.alliesofhumanity.org\/wp-content\/uploads\/2021\/01\/og-socialmedia-aoh.jpg\" \/>\n\t<meta property=\"og:image:width\" content=\"1200\" \/>\n\t<meta property=\"og:image:height\" content=\"630\" \/>\n\t<meta property=\"og:image:type\" content=\"image\/jpeg\" \/>\n<meta name=\"twitter:card\" content=\"summary_large_image\" \/>\n<meta name=\"twitter:title\" content=\"\u0130nsanl\u0131\u011f\u0131n M\u00fcttefikleri Brifingleri, Birinci Kitap: Son S\u00f6zler\" \/>\n<meta name=\"twitter:site\" content=\"@earthallies\" \/>\n<meta name=\"twitter:label1\" content=\"Tahmini okuma s\u00fcresi\" \/>\n\t<meta name=\"twitter:data1\" content=\"2 dakika\" \/>\n<script type=\"application\/ld+json\" class=\"yoast-schema-graph\">{\"@context\":\"https:\/\/schema.org\",\"@graph\":[{\"@type\":\"WebPage\",\"@id\":\"https:\/\/www.alliesofhumanity.org\/tr\/the-briefings\/book-one\/final-words\/\",\"url\":\"https:\/\/www.alliesofhumanity.org\/tr\/the-briefings\/book-one\/final-words\/\",\"name\":\"\u0130nsanl\u0131\u011f\u0131n M\u00fcttefikleri Brifingleri, Birinci Kitap: Son S\u00f6zler\",\"isPartOf\":{\"@id\":\"https:\/\/www.alliesofhumanity.org\/tr\/#website\"},\"datePublished\":\"2021-04-21T07:07:55+00:00\",\"dateModified\":\"2024-03-11T07:24:39+00:00\",\"description\":\"\u0130nsanl\u0131k yeni bir ba\u015flang\u0131\u00e7ta. Vahim bir durumla kar\u015f\u0131 kar\u015f\u0131yad\u0131r. ET Temas\u0131 devam ediyor. \u0130htiya\u00e7lar, zorluklar ve f\u0131rsatlar harika\",\"breadcrumb\":{\"@id\":\"https:\/\/www.alliesofhumanity.org\/tr\/the-briefings\/book-one\/final-words\/#breadcrumb\"},\"inLanguage\":\"tr\",\"potentialAction\":[{\"@type\":\"ReadAction\",\"target\":[\"https:\/\/www.alliesofhumanity.org\/tr\/the-briefings\/book-one\/final-words\/\"]}]},{\"@type\":\"BreadcrumbList\",\"@id\":\"https:\/\/www.alliesofhumanity.org\/tr\/the-briefings\/book-one\/final-words\/#breadcrumb\",\"itemListElement\":[{\"@type\":\"ListItem\",\"position\":1,\"name\":\"Brifingler\",\"item\":\"https:\/\/www.alliesofhumanity.org\/tr\/the-briefings\/\"},{\"@type\":\"ListItem\",\"position\":2,\"name\":\"Birinci Kitap\",\"item\":\"https:\/\/www.alliesofhumanity.org\/tr\/the-briefings\/book-one\/\"},{\"@type\":\"ListItem\",\"position\":3,\"name\":\"Son S\u00f6zler\"}]},{\"@type\":\"WebSite\",\"@id\":\"https:\/\/www.alliesofhumanity.org\/tr\/#website\",\"url\":\"https:\/\/www.alliesofhumanity.org\/tr\/\",\"name\":\"The Allies of Humanity\",\"description\":\"\",\"potentialAction\":[{\"@type\":\"SearchAction\",\"target\":{\"@type\":\"EntryPoint\",\"urlTemplate\":\"https:\/\/www.alliesofhumanity.org\/tr\/?s={search_term_string}\"},\"query-input\":{\"@type\":\"PropertyValueSpecification\",\"valueRequired\":true,\"valueName\":\"search_term_string\"}}],\"inLanguage\":\"tr\"}]}<\/script>\n<!-- \/ Yoast SEO plugin. -->","yoast_head_json":{"title":"\u0130nsanl\u0131\u011f\u0131n M\u00fcttefikleri Brifingleri, Birinci Kitap: Son S\u00f6zler","description":"\u0130nsanl\u0131k yeni bir ba\u015flang\u0131\u00e7ta. Vahim bir durumla kar\u015f\u0131 kar\u015f\u0131yad\u0131r. ET Temas\u0131 devam ediyor. \u0130htiya\u00e7lar, zorluklar ve f\u0131rsatlar harika","robots":{"index":"index","follow":"follow","max-snippet":"max-snippet:-1","max-image-preview":"max-image-preview:large","max-video-preview":"max-video-preview:-1"},"canonical":"https:\/\/www.alliesofhumanity.org\/tr\/the-briefings\/book-one\/final-words\/","og_locale":"tr_TR","og_type":"article","og_title":"\u0130nsanl\u0131\u011f\u0131n M\u00fcttefikleri Brifingleri, Birinci Kitap: Son S\u00f6zler","og_description":"\u0130nsanl\u0131k yeni bir ba\u015flang\u0131\u00e7ta. Vahim bir durumla kar\u015f\u0131 kar\u015f\u0131yad\u0131r. ET Temas\u0131 devam ediyor. \u0130htiya\u00e7lar, zorluklar ve f\u0131rsatlar harika","og_url":"https:\/\/www.alliesofhumanity.org\/tr\/the-briefings\/book-one\/final-words\/","og_site_name":"The Allies of Humanity","article_publisher":"https:\/\/www.facebook.com\/alliesofhumanity\/","article_modified_time":"2024-03-11T07:24:39+00:00","og_image":[{"width":1200,"height":630,"url":"https:\/\/www.alliesofhumanity.org\/wp-content\/uploads\/2021\/01\/og-socialmedia-aoh.jpg","type":"image\/jpeg"}],"twitter_card":"summary_large_image","twitter_title":"\u0130nsanl\u0131\u011f\u0131n M\u00fcttefikleri Brifingleri, Birinci Kitap: Son S\u00f6zler","twitter_site":"@earthallies","twitter_misc":{"Tahmini okuma s\u00fcresi":"2 dakika"},"schema":{"@context":"https:\/\/schema.org","@graph":[{"@type":"WebPage","@id":"https:\/\/www.alliesofhumanity.org\/tr\/the-briefings\/book-one\/final-words\/","url":"https:\/\/www.alliesofhumanity.org\/tr\/the-briefings\/book-one\/final-words\/","name":"\u0130nsanl\u0131\u011f\u0131n M\u00fcttefikleri Brifingleri, Birinci Kitap: Son S\u00f6zler","isPartOf":{"@id":"https:\/\/www.alliesofhumanity.org\/tr\/#website"},"datePublished":"2021-04-21T07:07:55+00:00","dateModified":"2024-03-11T07:24:39+00:00","description":"\u0130nsanl\u0131k yeni bir ba\u015flang\u0131\u00e7ta. Vahim bir durumla kar\u015f\u0131 kar\u015f\u0131yad\u0131r. ET Temas\u0131 devam ediyor. \u0130htiya\u00e7lar, zorluklar ve f\u0131rsatlar harika","breadcrumb":{"@id":"https:\/\/www.alliesofhumanity.org\/tr\/the-briefings\/book-one\/final-words\/#breadcrumb"},"inLanguage":"tr","potentialAction":[{"@type":"ReadAction","target":["https:\/\/www.alliesofhumanity.org\/tr\/the-briefings\/book-one\/final-words\/"]}]},{"@type":"BreadcrumbList","@id":"https:\/\/www.alliesofhumanity.org\/tr\/the-briefings\/book-one\/final-words\/#breadcrumb","itemListElement":[{"@type":"ListItem","position":1,"name":"Brifingler","item":"https:\/\/www.alliesofhumanity.org\/tr\/the-briefings\/"},{"@type":"ListItem","position":2,"name":"Birinci Kitap","item":"https:\/\/www.alliesofhumanity.org\/tr\/the-briefings\/book-one\/"},{"@type":"ListItem","position":3,"name":"Son S\u00f6zler"}]},{"@type":"WebSite","@id":"https:\/\/www.alliesofhumanity.org\/tr\/#website","url":"https:\/\/www.alliesofhumanity.org\/tr\/","name":"The Allies of Humanity","description":"","potentialAction":[{"@type":"SearchAction","target":{"@type":"EntryPoint","urlTemplate":"https:\/\/www.alliesofhumanity.org\/tr\/?s={search_term_string}"},"query-input":{"@type":"PropertyValueSpecification","valueRequired":true,"valueName":"search_term_string"}}],"inLanguage":"tr"}]}},"_links":{"self":[{"href":"https:\/\/www.alliesofhumanity.org\/tr\/wp-json\/wp\/v2\/pages\/15776","targetHints":{"allow":["GET"]}}],"collection":[{"href":"https:\/\/www.alliesofhumanity.org\/tr\/wp-json\/wp\/v2\/pages"}],"about":[{"href":"https:\/\/www.alliesofhumanity.org\/tr\/wp-json\/wp\/v2\/types\/page"}],"author":[{"embeddable":true,"href":"https:\/\/www.alliesofhumanity.org\/tr\/wp-json\/wp\/v2\/users\/23"}],"replies":[{"embeddable":true,"href":"https:\/\/www.alliesofhumanity.org\/tr\/wp-json\/wp\/v2\/comments?post=15776"}],"version-history":[{"count":5,"href":"https:\/\/www.alliesofhumanity.org\/tr\/wp-json\/wp\/v2\/pages\/15776\/revisions"}],"predecessor-version":[{"id":19251,"href":"https:\/\/www.alliesofhumanity.org\/tr\/wp-json\/wp\/v2\/pages\/15776\/revisions\/19251"}],"up":[{"embeddable":true,"href":"https:\/\/www.alliesofhumanity.org\/tr\/wp-json\/wp\/v2\/pages\/15759"}],"wp:attachment":[{"href":"https:\/\/www.alliesofhumanity.org\/tr\/wp-json\/wp\/v2\/media?parent=15776"}],"curies":[{"name":"wp","href":"https:\/\/api.w.org\/{rel}","templated":true}]}}