{"id":15759,"date":"2021-04-21T07:38:52","date_gmt":"2021-04-21T06:38:52","guid":{"rendered":"https:\/\/www.alliesofhumanity.org\/the-briefings\/book-one\/"},"modified":"2026-03-18T03:05:37","modified_gmt":"2026-03-18T02:05:37","slug":"book-one","status":"publish","type":"page","link":"https:\/\/www.alliesofhumanity.org\/tr\/the-briefings\/book-one\/","title":{"rendered":"Birinci Kitap"},"content":{"rendered":"<h5>T\u00fcm M\u00fcttefikler \u0130nsanl\u0131k Brifinglerine \u00e7evrimi\u00e7i \u00fccretsiz olarak eri\u015filebilir. Yolculu\u011fa Allies Birinci Kitap ile ba\u015flay\u0131n.<\/h5>\n<p>Yirmi y\u0131ldan fazla bir s\u00fcre \u00f6nce, birka\u00e7 farkl\u0131 d\u00fcnyadan gelen bir grup birey, d\u00fcnyam\u0131zda meydana gelen uzayl\u0131 ziyaretini g\u00f6zlemlemek amac\u0131yla g\u00fcne\u015f sistemimizde D\u00fcnya&#8217;ya yak\u0131n gizli bir yerde topland\u0131. Gizli kald\u0131klar\u0131 geni\u015f g\u00f6r\u00fc\u015f sa\u011flayan yerden d\u00fcnyam\u0131z\u0131 ziyaret edenlerin kimli\u011fini, organizasyonunu ve niyetlerini belirleyip ziyaret\u00e7ilerin faaliyetlerini izleyebildiler.<\/p>\n<p>Bu g\u00f6zlemciler grubu kendilerine &#8220;\u0130nsanl\u0131\u011f\u0131n M\u00fcttefikleri&#8221; diyorlar.<\/p>\n<p>Kitab\u0131n bir kopyas\u0131n\u0131 al\u0131n:<\/p>\n<ul>\n<li>Bask\u0131 versiyonu: <a href=\"https:\/\/www.amazon.com.tr\/Insanligin-Muttefikleri-Birinci-Kitap-Dunyadisi\/dp\/1942293925?dib=eyJ2IjoiMSJ9.1YAwHnAtpRbZm8pCL7ljtRAuXT3eZqPxxGT1UwuEz4vjod5K8IWqvbBRiyApi5kx26ZvKEG6ECEHTvmOnhk2MLrl8qgnuKza8q5-lg6KoLLT9PkHRW0pfgh6W2B2scLlF55yk90M_SSK-8xrt8hl6PZYyIk6515lZFnNBmBCedw2bn1PtzSr-8-HEuaTxwQM.3iwnagN4oiMhpekABvmTCNwnxnu_XMMCDAfolf5nUkM&amp;dib_tag=se&amp;qid=1773799392&amp;refinements=p_27%3AMarshall+Vian+Summers&amp;s=books&amp;sr=1-25&amp;xpid=OE1_NpvPH8F18\">Amazon Turkey<\/a>, <a href=\"https:\/\/newknowledgelibrary.org\/books\/nsanl-n-muttefikleri-birinci-kitap-the-allies-of-humanity-i-turkish-print-book\/\" target=\"_blank\" rel=\"noopener\">New Knowledge Library<\/a>, <a href=\"https:\/\/www.barnesandnoble.com\/w\/insanligin-mu-ttefikleri-birinci-kitap-marshall-vian-summers\/1139688834?ean=9781942293927\" target=\"_blank\" rel=\"noopener\">Barnes &amp; Noble<\/a>.<\/li>\n<li>Ebook:\u00a0<a href=\"https:\/\/newknowledgelibrary.org\/e-books\/nsanl-n-muttefikleri-birinci-kitap-the-allies-of-humanity-i-turkish-ebook\/\" target=\"_blank\" rel=\"noopener\">New Knowledge Library<\/a>,\u00a0<a href=\"https:\/\/books.apple.com\/us\/book\/i-nsanl%C4%B1%C4%9F%C4%B1n-mu-ttefikleri-birinci-kitap-ah1-turkish\/id1572547140\" target=\"_blank\" rel=\"noopener\">Apple Books<\/a>,\u00a0<a href=\"https:\/\/play.google.com\/store\/books\/details\/Marshall_Vian_Summers_%C4%B0nsanl%C4%B1%C4%9F%C4%B1n_Mu_ttefikleri_Bir?id=cFgzEAAAQBAJ\" target=\"_blank\" rel=\"noopener\">Google Play<\/a>.<\/li>\n<\/ul>\n<h5>Brifingleri \u015fimdi \u00e7evrimi\u00e7i olarak okumaya ba\u015flay\u0131n<\/h5>\n<pre id=\"tw-target-text\" class=\"tw-data-text tw-text-large XcVN5d tw-ta\" dir=\"ltr\" data-placeholder=\"Translation\"><span class=\"Y2IQFc\" lang=\"tr\">\u0130\u00e7indekiler<\/span>:<\/pre>\n<p><a href=\"alien-races-earth\">Birinci Brifing: Bug\u00fcn Yery\u00fcz\u00fcndeki D\u00fcnya D\u0131\u015f\u0131 Mevcudiyet<\/a><\/p>\n<p><a href=\"human-freedom\">\u0130kinci Brifing: \u0130nsan \u00d6zg\u00fcrl\u00fc\u011f\u00fcn\u00fcn M\u00fccadelesi<\/a><\/p>\n<p><a href=\"the-visitors\">\u00dc\u00e7\u00fcnc\u00fc Brifing: M\u00fchim Bir Uyar\u0131<\/a><\/p>\n<p><a href=\"false-second-coming\">D\u00f6rd\u00fcnc\u00fc Brifing: Dini Gelenek ve \u0130nan\u00e7lar\u0131n De\u011fi\u015ftirilmesi<\/a><\/p>\n<p><a href=\"threshold-alien-presence\">Be\u015finci Brifing: E\u015fik: \u0130nsanl\u0131k \u0130\u00e7in Yeni Bir Umut<\/a><\/p>\n<p><a href=\"questions-about-aliens\">Alt\u0131nc\u0131 Brifing: Sorular ve Cevaplar<\/a><\/p>\n<p><a href=\"final-words\">Son s\u00f6zler<\/a><\/p>\n<p>The Society for The New Message art\u0131k <em> \u0130nsanl\u0131\u011f\u0131n M\u00fcttefikleri <\/em> &#8216;in d\u00f6rt cildinin tamam\u0131n\u0131 \u00fccretsiz olarak online olarak sa\u011fl\u0131yor. Bunu, bu mesaj\u0131n hem tabanda hem de siyasi, ekonomik ve dini g\u00fc\u00e7 pozisyonlar\u0131nda olabildi\u011fince \u00e7ok insana ula\u015fabilmesi i\u00e7in yap\u0131yoruz.<\/p>\n","protected":false},"excerpt":{"rendered":"<p>T\u00fcm M\u00fcttefikler \u0130nsanl\u0131k Brifinglerine \u00e7evrimi\u00e7i \u00fccretsiz olarak eri\u015filebilir. Yolculu\u011fa Allies Birinci Kitap ile ba\u015flay\u0131n. Yirmi y\u0131ldan fazla bir s\u00fcre \u00f6nce, birka\u00e7 farkl\u0131 d\u00fcnyadan gelen bir grup birey, d\u00fcnyam\u0131zda meydana gelen uzayl\u0131 ziyaretini g\u00f6zlemlemek amac\u0131yla g\u00fcne\u015f sistemimizde D\u00fcnya&#8217;ya yak\u0131n gizli bir yerde topland\u0131. Gizli kald\u0131klar\u0131 geni\u015f g\u00f6r\u00fc\u015f sa\u011flayan yerden d\u00fcnyam\u0131z\u0131 ziyaret edenlerin kimli\u011fini, organizasyonunu ve niyetlerini [&hellip;]<\/p>\n","protected":false},"author":25,"featured_media":0,"parent":15756,"menu_order":1,"comment_status":"closed","ping_status":"closed","template":"page-book-start.php","meta":{"_acf_changed":false,"footnotes":""},"class_list":["post-15759","page","type-page","status-publish","hentry"],"acf":[],"yoast_head":"<!-- This site is optimized with the Yoast SEO plugin v26.5 - https:\/\/yoast.com\/wordpress\/plugins\/seo\/ -->\n<title>\u0130nsanl\u0131\u011f\u0131n M\u00fcttefikleri Brifingleri, Birinci Kitap: \u0130nsanl\u0131\u011f\u0131n M\u00fcttefikleri Hakk\u0131nda<\/title>\n<meta name=\"description\" content=\"Yirmi y\u0131ldan fazla bir s\u00fcre \u00f6nce, birka\u00e7 farkl\u0131 d\u00fcnyadan gelen bir grup birey, d\u00fcnyam\u0131zda meydana gelen uzayl\u0131 ziyaretini g\u00f6zlemlemek amac\u0131yla g\u00fcne\u015f sistemimizde D\u00fcnya&#039;ya yak\u0131n gizli bir yerde topland\u0131.\" \/>\n<meta name=\"robots\" content=\"index, follow, max-snippet:-1, max-image-preview:large, max-video-preview:-1\" \/>\n<link rel=\"canonical\" href=\"https:\/\/www.alliesofhumanity.org\/tr\/the-briefings\/book-one\/\" \/>\n<meta property=\"og:locale\" content=\"tr_TR\" \/>\n<meta property=\"og:type\" content=\"article\" \/>\n<meta property=\"og:title\" content=\"\u0130nsanl\u0131\u011f\u0131n M\u00fcttefikleri Brifingleri, Birinci Kitap: \u0130nsanl\u0131\u011f\u0131n M\u00fcttefikleri Hakk\u0131nda\" \/>\n<meta property=\"og:description\" content=\"Yirmi y\u0131ldan fazla bir s\u00fcre \u00f6nce, birka\u00e7 farkl\u0131 d\u00fcnyadan gelen bir grup birey, d\u00fcnyam\u0131zda meydana gelen uzayl\u0131 ziyaretini g\u00f6zlemlemek amac\u0131yla g\u00fcne\u015f sistemimizde D\u00fcnya&#039;ya yak\u0131n gizli bir yerde topland\u0131.\" \/>\n<meta property=\"og:url\" content=\"https:\/\/www.alliesofhumanity.org\/tr\/the-briefings\/book-one\/\" \/>\n<meta property=\"og:site_name\" content=\"The Allies of Humanity\" \/>\n<meta property=\"article:publisher\" content=\"https:\/\/www.facebook.com\/alliesofhumanity\/\" \/>\n<meta property=\"article:modified_time\" content=\"2026-03-18T02:05:37+00:00\" \/>\n<meta property=\"og:image\" content=\"https:\/\/www.alliesofhumanity.org\/wp-content\/uploads\/2021\/01\/og-socialmedia-aoh.jpg\" \/>\n\t<meta property=\"og:image:width\" content=\"1200\" \/>\n\t<meta property=\"og:image:height\" content=\"630\" \/>\n\t<meta property=\"og:image:type\" content=\"image\/jpeg\" \/>\n<meta name=\"twitter:card\" content=\"summary_large_image\" \/>\n<meta name=\"twitter:title\" content=\"\u0130nsanl\u0131\u011f\u0131n M\u00fcttefikleri Brifingleri, Birinci Kitap: \u0130nsanl\u0131\u011f\u0131n M\u00fcttefikleri Hakk\u0131nda\" \/>\n<meta name=\"twitter:site\" content=\"@earthallies\" \/>\n<meta name=\"twitter:label1\" content=\"Tahmini okuma s\u00fcresi\" \/>\n\t<meta name=\"twitter:data1\" content=\"1 dakika\" \/>\n<script type=\"application\/ld+json\" class=\"yoast-schema-graph\">{\"@context\":\"https:\/\/schema.org\",\"@graph\":[{\"@type\":\"WebPage\",\"@id\":\"https:\/\/www.alliesofhumanity.org\/tr\/the-briefings\/book-one\/\",\"url\":\"https:\/\/www.alliesofhumanity.org\/tr\/the-briefings\/book-one\/\",\"name\":\"\u0130nsanl\u0131\u011f\u0131n M\u00fcttefikleri Brifingleri, Birinci Kitap: \u0130nsanl\u0131\u011f\u0131n M\u00fcttefikleri Hakk\u0131nda\",\"isPartOf\":{\"@id\":\"https:\/\/www.alliesofhumanity.org\/tr\/#website\"},\"datePublished\":\"2021-04-21T06:38:52+00:00\",\"dateModified\":\"2026-03-18T02:05:37+00:00\",\"description\":\"Yirmi y\u0131ldan fazla bir s\u00fcre \u00f6nce, birka\u00e7 farkl\u0131 d\u00fcnyadan gelen bir grup birey, d\u00fcnyam\u0131zda meydana gelen uzayl\u0131 ziyaretini g\u00f6zlemlemek amac\u0131yla g\u00fcne\u015f sistemimizde D\u00fcnya'ya yak\u0131n gizli bir yerde topland\u0131.\",\"breadcrumb\":{\"@id\":\"https:\/\/www.alliesofhumanity.org\/tr\/the-briefings\/book-one\/#breadcrumb\"},\"inLanguage\":\"tr\",\"potentialAction\":[{\"@type\":\"ReadAction\",\"target\":[\"https:\/\/www.alliesofhumanity.org\/tr\/the-briefings\/book-one\/\"]}]},{\"@type\":\"BreadcrumbList\",\"@id\":\"https:\/\/www.alliesofhumanity.org\/tr\/the-briefings\/book-one\/#breadcrumb\",\"itemListElement\":[{\"@type\":\"ListItem\",\"position\":1,\"name\":\"Brifingler\",\"item\":\"https:\/\/www.alliesofhumanity.org\/tr\/the-briefings\/\"},{\"@type\":\"ListItem\",\"position\":2,\"name\":\"Birinci Kitap\"}]},{\"@type\":\"WebSite\",\"@id\":\"https:\/\/www.alliesofhumanity.org\/tr\/#website\",\"url\":\"https:\/\/www.alliesofhumanity.org\/tr\/\",\"name\":\"The Allies of Humanity\",\"description\":\"\",\"potentialAction\":[{\"@type\":\"SearchAction\",\"target\":{\"@type\":\"EntryPoint\",\"urlTemplate\":\"https:\/\/www.alliesofhumanity.org\/tr\/?s={search_term_string}\"},\"query-input\":{\"@type\":\"PropertyValueSpecification\",\"valueRequired\":true,\"valueName\":\"search_term_string\"}}],\"inLanguage\":\"tr\"}]}<\/script>\n<!-- \/ Yoast SEO plugin. -->","yoast_head_json":{"title":"\u0130nsanl\u0131\u011f\u0131n M\u00fcttefikleri Brifingleri, Birinci Kitap: \u0130nsanl\u0131\u011f\u0131n M\u00fcttefikleri Hakk\u0131nda","description":"Yirmi y\u0131ldan fazla bir s\u00fcre \u00f6nce, birka\u00e7 farkl\u0131 d\u00fcnyadan gelen bir grup birey, d\u00fcnyam\u0131zda meydana gelen uzayl\u0131 ziyaretini g\u00f6zlemlemek amac\u0131yla g\u00fcne\u015f sistemimizde D\u00fcnya'ya yak\u0131n gizli bir yerde topland\u0131.","robots":{"index":"index","follow":"follow","max-snippet":"max-snippet:-1","max-image-preview":"max-image-preview:large","max-video-preview":"max-video-preview:-1"},"canonical":"https:\/\/www.alliesofhumanity.org\/tr\/the-briefings\/book-one\/","og_locale":"tr_TR","og_type":"article","og_title":"\u0130nsanl\u0131\u011f\u0131n M\u00fcttefikleri Brifingleri, Birinci Kitap: \u0130nsanl\u0131\u011f\u0131n M\u00fcttefikleri Hakk\u0131nda","og_description":"Yirmi y\u0131ldan fazla bir s\u00fcre \u00f6nce, birka\u00e7 farkl\u0131 d\u00fcnyadan gelen bir grup birey, d\u00fcnyam\u0131zda meydana gelen uzayl\u0131 ziyaretini g\u00f6zlemlemek amac\u0131yla g\u00fcne\u015f sistemimizde D\u00fcnya'ya yak\u0131n gizli bir yerde topland\u0131.","og_url":"https:\/\/www.alliesofhumanity.org\/tr\/the-briefings\/book-one\/","og_site_name":"The Allies of Humanity","article_publisher":"https:\/\/www.facebook.com\/alliesofhumanity\/","article_modified_time":"2026-03-18T02:05:37+00:00","og_image":[{"width":1200,"height":630,"url":"https:\/\/www.alliesofhumanity.org\/wp-content\/uploads\/2021\/01\/og-socialmedia-aoh.jpg","type":"image\/jpeg"}],"twitter_card":"summary_large_image","twitter_title":"\u0130nsanl\u0131\u011f\u0131n M\u00fcttefikleri Brifingleri, Birinci Kitap: \u0130nsanl\u0131\u011f\u0131n M\u00fcttefikleri Hakk\u0131nda","twitter_site":"@earthallies","twitter_misc":{"Tahmini okuma s\u00fcresi":"1 dakika"},"schema":{"@context":"https:\/\/schema.org","@graph":[{"@type":"WebPage","@id":"https:\/\/www.alliesofhumanity.org\/tr\/the-briefings\/book-one\/","url":"https:\/\/www.alliesofhumanity.org\/tr\/the-briefings\/book-one\/","name":"\u0130nsanl\u0131\u011f\u0131n M\u00fcttefikleri Brifingleri, Birinci Kitap: \u0130nsanl\u0131\u011f\u0131n M\u00fcttefikleri Hakk\u0131nda","isPartOf":{"@id":"https:\/\/www.alliesofhumanity.org\/tr\/#website"},"datePublished":"2021-04-21T06:38:52+00:00","dateModified":"2026-03-18T02:05:37+00:00","description":"Yirmi y\u0131ldan fazla bir s\u00fcre \u00f6nce, birka\u00e7 farkl\u0131 d\u00fcnyadan gelen bir grup birey, d\u00fcnyam\u0131zda meydana gelen uzayl\u0131 ziyaretini g\u00f6zlemlemek amac\u0131yla g\u00fcne\u015f sistemimizde D\u00fcnya'ya yak\u0131n gizli bir yerde topland\u0131.","breadcrumb":{"@id":"https:\/\/www.alliesofhumanity.org\/tr\/the-briefings\/book-one\/#breadcrumb"},"inLanguage":"tr","potentialAction":[{"@type":"ReadAction","target":["https:\/\/www.alliesofhumanity.org\/tr\/the-briefings\/book-one\/"]}]},{"@type":"BreadcrumbList","@id":"https:\/\/www.alliesofhumanity.org\/tr\/the-briefings\/book-one\/#breadcrumb","itemListElement":[{"@type":"ListItem","position":1,"name":"Brifingler","item":"https:\/\/www.alliesofhumanity.org\/tr\/the-briefings\/"},{"@type":"ListItem","position":2,"name":"Birinci Kitap"}]},{"@type":"WebSite","@id":"https:\/\/www.alliesofhumanity.org\/tr\/#website","url":"https:\/\/www.alliesofhumanity.org\/tr\/","name":"The Allies of Humanity","description":"","potentialAction":[{"@type":"SearchAction","target":{"@type":"EntryPoint","urlTemplate":"https:\/\/www.alliesofhumanity.org\/tr\/?s={search_term_string}"},"query-input":{"@type":"PropertyValueSpecification","valueRequired":true,"valueName":"search_term_string"}}],"inLanguage":"tr"}]}},"_links":{"self":[{"href":"https:\/\/www.alliesofhumanity.org\/tr\/wp-json\/wp\/v2\/pages\/15759","targetHints":{"allow":["GET"]}}],"collection":[{"href":"https:\/\/www.alliesofhumanity.org\/tr\/wp-json\/wp\/v2\/pages"}],"about":[{"href":"https:\/\/www.alliesofhumanity.org\/tr\/wp-json\/wp\/v2\/types\/page"}],"author":[{"embeddable":true,"href":"https:\/\/www.alliesofhumanity.org\/tr\/wp-json\/wp\/v2\/users\/25"}],"replies":[{"embeddable":true,"href":"https:\/\/www.alliesofhumanity.org\/tr\/wp-json\/wp\/v2\/comments?post=15759"}],"version-history":[{"count":3,"href":"https:\/\/www.alliesofhumanity.org\/tr\/wp-json\/wp\/v2\/pages\/15759\/revisions"}],"predecessor-version":[{"id":24462,"href":"https:\/\/www.alliesofhumanity.org\/tr\/wp-json\/wp\/v2\/pages\/15759\/revisions\/24462"}],"up":[{"embeddable":true,"href":"https:\/\/www.alliesofhumanity.org\/tr\/wp-json\/wp\/v2\/pages\/15756"}],"wp:attachment":[{"href":"https:\/\/www.alliesofhumanity.org\/tr\/wp-json\/wp\/v2\/media?parent=15759"}],"curies":[{"name":"wp","href":"https:\/\/api.w.org\/{rel}","templated":true}]}}