{"id":15756,"date":"2021-04-21T06:58:45","date_gmt":"2021-04-21T05:58:45","guid":{"rendered":"https:\/\/www.alliesofhumanity.org\/the-briefings\/"},"modified":"2024-03-11T08:17:15","modified_gmt":"2024-03-11T07:17:15","slug":"the-briefings","status":"publish","type":"page","link":"https:\/\/www.alliesofhumanity.org\/tr\/the-briefings\/","title":{"rendered":"Brifingler"},"content":{"rendered":"","protected":false},"excerpt":{"rendered":"","protected":false},"author":25,"featured_media":0,"parent":0,"menu_order":2,"comment_status":"closed","ping_status":"closed","template":"page-landing.php","meta":{"_acf_changed":false,"footnotes":""},"class_list":["post-15756","page","type-page","status-publish","hentry"],"acf":[],"yoast_head":"<!-- This site is optimized with the Yoast SEO plugin v26.5 - https:\/\/yoast.com\/wordpress\/plugins\/seo\/ -->\n<title>\u0130nsanl\u0131\u011f\u0131n M\u00fcttefikleri Brifingleri: Uzayl\u0131lar\u0131n G\u00fcndemini Ortaya \u00c7\u0131karmak<\/title>\n<meta name=\"description\" content=\"M\u00fcttefik Brifingleri, b\u00fcy\u00fcyen d\u00fcnya d\u0131\u015f\u0131 m\u00fcdahale ve insan \u0131rk\u0131na entegrasyon ve d\u00fcnya d\u0131\u015f\u0131 faaliyetler ve gizli g\u00fcndem hakk\u0131nda endi\u015fe verici olmasa da bir dizi kritik a\u00e7\u0131klama i\u00e7erir.\" \/>\n<meta name=\"robots\" content=\"index, follow, max-snippet:-1, max-image-preview:large, max-video-preview:-1\" \/>\n<link rel=\"canonical\" href=\"https:\/\/www.alliesofhumanity.org\/tr\/the-briefings\/\" \/>\n<meta property=\"og:locale\" content=\"tr_TR\" \/>\n<meta property=\"og:type\" content=\"article\" \/>\n<meta property=\"og:title\" content=\"\u0130nsanl\u0131\u011f\u0131n M\u00fcttefikleri Brifingleri: Uzayl\u0131lar\u0131n G\u00fcndemini Ortaya \u00c7\u0131karmak\" \/>\n<meta property=\"og:description\" content=\"M\u00fcttefik Brifingleri, b\u00fcy\u00fcyen d\u00fcnya d\u0131\u015f\u0131 m\u00fcdahale ve insan \u0131rk\u0131na entegrasyon ve d\u00fcnya d\u0131\u015f\u0131 faaliyetler ve gizli g\u00fcndem hakk\u0131nda endi\u015fe verici olmasa da bir dizi kritik a\u00e7\u0131klama i\u00e7erir.\" \/>\n<meta property=\"og:url\" content=\"https:\/\/www.alliesofhumanity.org\/tr\/the-briefings\/\" \/>\n<meta property=\"og:site_name\" content=\"The Allies of Humanity\" \/>\n<meta property=\"article:publisher\" content=\"https:\/\/www.facebook.com\/alliesofhumanity\/\" \/>\n<meta property=\"article:modified_time\" content=\"2024-03-11T07:17:15+00:00\" \/>\n<meta property=\"og:image\" content=\"https:\/\/www.alliesofhumanity.org\/wp-content\/uploads\/2021\/01\/og-socialmedia-aoh.jpg\" \/>\n\t<meta property=\"og:image:width\" content=\"1200\" \/>\n\t<meta property=\"og:image:height\" content=\"630\" \/>\n\t<meta property=\"og:image:type\" content=\"image\/jpeg\" \/>\n<meta name=\"twitter:card\" content=\"summary_large_image\" \/>\n<meta name=\"twitter:title\" content=\"\u0130nsanl\u0131\u011f\u0131n M\u00fcttefikleri Brifingleri: Uzayl\u0131lar\u0131n G\u00fcndemini Ortaya \u00c7\u0131karmak\" \/>\n<meta name=\"twitter:site\" content=\"@earthallies\" \/>\n<script type=\"application\/ld+json\" class=\"yoast-schema-graph\">{\"@context\":\"https:\/\/schema.org\",\"@graph\":[{\"@type\":\"WebPage\",\"@id\":\"https:\/\/www.alliesofhumanity.org\/tr\/the-briefings\/\",\"url\":\"https:\/\/www.alliesofhumanity.org\/tr\/the-briefings\/\",\"name\":\"\u0130nsanl\u0131\u011f\u0131n M\u00fcttefikleri Brifingleri: Uzayl\u0131lar\u0131n G\u00fcndemini Ortaya \u00c7\u0131karmak\",\"isPartOf\":{\"@id\":\"https:\/\/www.alliesofhumanity.org\/tr\/#website\"},\"datePublished\":\"2021-04-21T05:58:45+00:00\",\"dateModified\":\"2024-03-11T07:17:15+00:00\",\"description\":\"M\u00fcttefik Brifingleri, b\u00fcy\u00fcyen d\u00fcnya d\u0131\u015f\u0131 m\u00fcdahale ve insan \u0131rk\u0131na entegrasyon ve d\u00fcnya d\u0131\u015f\u0131 faaliyetler ve gizli g\u00fcndem hakk\u0131nda endi\u015fe verici olmasa da bir dizi kritik a\u00e7\u0131klama i\u00e7erir.\",\"inLanguage\":\"tr\",\"potentialAction\":[{\"@type\":\"ReadAction\",\"target\":[\"https:\/\/www.alliesofhumanity.org\/tr\/the-briefings\/\"]}]},{\"@type\":\"WebSite\",\"@id\":\"https:\/\/www.alliesofhumanity.org\/tr\/#website\",\"url\":\"https:\/\/www.alliesofhumanity.org\/tr\/\",\"name\":\"The Allies of Humanity\",\"description\":\"\",\"potentialAction\":[{\"@type\":\"SearchAction\",\"target\":{\"@type\":\"EntryPoint\",\"urlTemplate\":\"https:\/\/www.alliesofhumanity.org\/tr\/?s={search_term_string}\"},\"query-input\":{\"@type\":\"PropertyValueSpecification\",\"valueRequired\":true,\"valueName\":\"search_term_string\"}}],\"inLanguage\":\"tr\"}]}<\/script>\n<!-- \/ Yoast SEO plugin. -->","yoast_head_json":{"title":"\u0130nsanl\u0131\u011f\u0131n M\u00fcttefikleri Brifingleri: Uzayl\u0131lar\u0131n G\u00fcndemini Ortaya \u00c7\u0131karmak","description":"M\u00fcttefik Brifingleri, b\u00fcy\u00fcyen d\u00fcnya d\u0131\u015f\u0131 m\u00fcdahale ve insan \u0131rk\u0131na entegrasyon ve d\u00fcnya d\u0131\u015f\u0131 faaliyetler ve gizli g\u00fcndem hakk\u0131nda endi\u015fe verici olmasa da bir dizi kritik a\u00e7\u0131klama i\u00e7erir.","robots":{"index":"index","follow":"follow","max-snippet":"max-snippet:-1","max-image-preview":"max-image-preview:large","max-video-preview":"max-video-preview:-1"},"canonical":"https:\/\/www.alliesofhumanity.org\/tr\/the-briefings\/","og_locale":"tr_TR","og_type":"article","og_title":"\u0130nsanl\u0131\u011f\u0131n M\u00fcttefikleri Brifingleri: Uzayl\u0131lar\u0131n G\u00fcndemini Ortaya \u00c7\u0131karmak","og_description":"M\u00fcttefik Brifingleri, b\u00fcy\u00fcyen d\u00fcnya d\u0131\u015f\u0131 m\u00fcdahale ve insan \u0131rk\u0131na entegrasyon ve d\u00fcnya d\u0131\u015f\u0131 faaliyetler ve gizli g\u00fcndem hakk\u0131nda endi\u015fe verici olmasa da bir dizi kritik a\u00e7\u0131klama i\u00e7erir.","og_url":"https:\/\/www.alliesofhumanity.org\/tr\/the-briefings\/","og_site_name":"The Allies of Humanity","article_publisher":"https:\/\/www.facebook.com\/alliesofhumanity\/","article_modified_time":"2024-03-11T07:17:15+00:00","og_image":[{"width":1200,"height":630,"url":"https:\/\/www.alliesofhumanity.org\/wp-content\/uploads\/2021\/01\/og-socialmedia-aoh.jpg","type":"image\/jpeg"}],"twitter_card":"summary_large_image","twitter_title":"\u0130nsanl\u0131\u011f\u0131n M\u00fcttefikleri Brifingleri: Uzayl\u0131lar\u0131n G\u00fcndemini Ortaya \u00c7\u0131karmak","twitter_site":"@earthallies","schema":{"@context":"https:\/\/schema.org","@graph":[{"@type":"WebPage","@id":"https:\/\/www.alliesofhumanity.org\/tr\/the-briefings\/","url":"https:\/\/www.alliesofhumanity.org\/tr\/the-briefings\/","name":"\u0130nsanl\u0131\u011f\u0131n M\u00fcttefikleri Brifingleri: Uzayl\u0131lar\u0131n G\u00fcndemini Ortaya \u00c7\u0131karmak","isPartOf":{"@id":"https:\/\/www.alliesofhumanity.org\/tr\/#website"},"datePublished":"2021-04-21T05:58:45+00:00","dateModified":"2024-03-11T07:17:15+00:00","description":"M\u00fcttefik Brifingleri, b\u00fcy\u00fcyen d\u00fcnya d\u0131\u015f\u0131 m\u00fcdahale ve insan \u0131rk\u0131na entegrasyon ve d\u00fcnya d\u0131\u015f\u0131 faaliyetler ve gizli g\u00fcndem hakk\u0131nda endi\u015fe verici olmasa da bir dizi kritik a\u00e7\u0131klama i\u00e7erir.","inLanguage":"tr","potentialAction":[{"@type":"ReadAction","target":["https:\/\/www.alliesofhumanity.org\/tr\/the-briefings\/"]}]},{"@type":"WebSite","@id":"https:\/\/www.alliesofhumanity.org\/tr\/#website","url":"https:\/\/www.alliesofhumanity.org\/tr\/","name":"The Allies of Humanity","description":"","potentialAction":[{"@type":"SearchAction","target":{"@type":"EntryPoint","urlTemplate":"https:\/\/www.alliesofhumanity.org\/tr\/?s={search_term_string}"},"query-input":{"@type":"PropertyValueSpecification","valueRequired":true,"valueName":"search_term_string"}}],"inLanguage":"tr"}]}},"_links":{"self":[{"href":"https:\/\/www.alliesofhumanity.org\/tr\/wp-json\/wp\/v2\/pages\/15756","targetHints":{"allow":["GET"]}}],"collection":[{"href":"https:\/\/www.alliesofhumanity.org\/tr\/wp-json\/wp\/v2\/pages"}],"about":[{"href":"https:\/\/www.alliesofhumanity.org\/tr\/wp-json\/wp\/v2\/types\/page"}],"author":[{"embeddable":true,"href":"https:\/\/www.alliesofhumanity.org\/tr\/wp-json\/wp\/v2\/users\/25"}],"replies":[{"embeddable":true,"href":"https:\/\/www.alliesofhumanity.org\/tr\/wp-json\/wp\/v2\/comments?post=15756"}],"version-history":[{"count":1,"href":"https:\/\/www.alliesofhumanity.org\/tr\/wp-json\/wp\/v2\/pages\/15756\/revisions"}],"predecessor-version":[{"id":19239,"href":"https:\/\/www.alliesofhumanity.org\/tr\/wp-json\/wp\/v2\/pages\/15756\/revisions\/19239"}],"wp:attachment":[{"href":"https:\/\/www.alliesofhumanity.org\/tr\/wp-json\/wp\/v2\/media?parent=15756"}],"curies":[{"name":"wp","href":"https:\/\/api.w.org\/{rel}","templated":true}]}}