{"id":15751,"date":"2021-04-21T06:32:07","date_gmt":"2021-04-21T05:32:07","guid":{"rendered":"https:\/\/www.alliesofhumanity.org\/the-allies\/"},"modified":"2024-03-11T08:15:27","modified_gmt":"2024-03-11T07:15:27","slug":"the-allies","status":"publish","type":"page","link":"https:\/\/www.alliesofhumanity.org\/tr\/the-allies\/","title":{"rendered":"M\u00fcttefikleri"},"content":{"rendered":"\t\t<div data-elementor-type=\"wp-page\" data-elementor-id=\"15751\" class=\"elementor elementor-15751 elementor-758\" data-elementor-post-type=\"page\">\t\t\t\t\t\t<section class=\"elementor-section elementor-top-section elementor-element elementor-element-13aff578 elementor-section-full_width elementor-section-height-default elementor-section-height-default\" data-id=\"13aff578\" data-element_type=\"section\">\t\t\t\t\t\t<div class=\"elementor-container elementor-column-gap-default\">\t\t\t\t\t<div class=\"elementor-column elementor-col-100 elementor-top-column elementor-element elementor-element-73bd0eae\" data-id=\"73bd0eae\" data-element_type=\"column\">\t\t\t<div class=\"elementor-widget-wrap elementor-element-populated\">\t\t\t\t\t\t<div class=\"elementor-element elementor-element-0581c07 elementor-widget elementor-widget-text-editor\" data-id=\"0581c07\" data-element_type=\"widget\" data-widget_type=\"text-editor.default\">\t\t\t\t<div class=\"elementor-widget-container\">\t\t\t\t\t\t\t\t\t<h5>\u0130nsanl\u0131\u011f\u0131n M\u00fcttefikleri, insanlar\u0131 bug\u00fcn d\u00fcnyada b\u00fcy\u00fck \u00f6l\u00e7\u00fcde gizli ve tan\u0131nmayan yepyeni bir ger\u00e7ekli\u011fe haz\u0131rlamak i\u00e7in sunuluyor. Bu insanlar\u0131, bir \u0131rk olarak \u015fimdiye kadar kar\u015f\u0131la\u015ft\u0131\u011f\u0131m\u0131z en b\u00fcy\u00fck zorluk ve f\u0131rsatla y\u00fczle\u015fmeleri i\u00e7in g\u00fc\u00e7lendiren yeni bir bak\u0131\u015f a\u00e7\u0131s\u0131 sa\u011flar.<\/h5><p>M\u00fcttefik Brifingleri, b\u00fcy\u00fcyen d\u00fcnya d\u0131\u015f\u0131 m\u00fcdahale ve insan \u0131rk\u0131na entegrasyon ve d\u00fcnya d\u0131\u015f\u0131 faaliyetler ve gizli g\u00fcndem hakk\u0131nda endi\u015fe verici olmasa da bir dizi kritik a\u00e7\u0131klama i\u00e7erir.<\/p><p>M\u00fcttefik Brifinglerinin amac\u0131, konuyla ilgili di\u011fer pek \u00e7ok g\u00fczel kitapta ve ara\u015ft\u0131rma dergisinde halihaz\u0131rda iyi belgelenmi\u015f olan, d\u00fcnya d\u0131\u015f\u0131 varl\u0131klar\u0131n d\u00fcnyam\u0131za ziyaretin ger\u00e7ekli\u011fi hakk\u0131nda somut kan\u0131tlar sa\u011flamak de\u011fildir. M\u00fcttefik Brifinglerinin amac\u0131, bu fenomenin dramatik ve geni\u015f kapsaml\u0131 sonu\u00e7lar\u0131n\u0131 ele almak, onunla ilgili insani e\u011filim ve varsay\u0131mlar\u0131m\u0131za meydan okumak ve insan ailesini \u015fu anda kar\u015f\u0131 kar\u015f\u0131ya oldu\u011fumuz b\u00fcy\u00fck e\u015fi\u011fe kar\u015f\u0131 uyarmakt\u0131r. Brifingler, Evrendeki zeki ya\u015fam\u0131n ger\u00e7ekli\u011fine ve Temas\u0131n ger\u00e7ekte ne anlama gelece\u011fine bir bak\u0131\u015f sa\u011flar. Pek \u00e7ok okuyucu i\u00e7in, \u0130nsanl\u0131\u011f\u0131n M\u00fcttefikleri Brifinglerinde ortaya \u00e7\u0131kar\u0131lanlar tamamen yeni olacak. Di\u011ferleri i\u00e7in bu, uzun s\u00fcredir hissettikleri ve bildikleri \u015feylerin bir teyidi olacakt\u0131r. Bu Brifingler acil bir mesaj verse de, ayn\u0131 zamanda insanlar aras\u0131nda ve \u0131rklar aras\u0131nda daha b\u00fcy\u00fck bir telepatik tesis i\u00e7eren \u201c\u0130lim\u201d ad\u0131 verilen daha y\u00fcksek bir bilince do\u011fru ilerlemekle ilgilidir. Bunun \u0131\u015f\u0131\u011f\u0131nda, M\u00fcttefik Brifingleri, kendilerini &#8220;\u0130nsanl\u0131\u011f\u0131n M\u00fcttefikleri&#8221; olarak adland\u0131ran \u00e7ok \u0131rkl\u0131, d\u00fcnya d\u0131\u015f\u0131 bir gruptan yazar Marshall Vian Summers&#8217;a iletildi. Kendilerini, d\u00fcnyam\u0131zda insan i\u015flerine m\u00fcdahale eden yabanc\u0131 \u0131rklar\u0131n ileti\u015fimlerini ve faaliyetlerini g\u00f6zlemlemek amac\u0131yla D\u00fcnya&#8217;n\u0131n yak\u0131n\u0131nda g\u00fcne\u015f sistemimizde toplanan di\u011fer d\u00fcnyalardan fiziksel varl\u0131klar olarak tan\u0131ml\u0131yorlar. Kendilerinin d\u00fcnyam\u0131zda fiziksel olarak mevcut olmad\u0131klar\u0131n\u0131 ve teknoloji veya m\u00fcdahaleyi de\u011fil, gerekli bilgeli\u011fi sa\u011flad\u0131klar\u0131n\u0131 vurgularlar. M\u00fcttefik Brifingleri yazara bir y\u0131ll\u0131k bir s\u00fcre boyunca verildi. Onlarca y\u0131ld\u0131r artan kan\u0131tlara ra\u011fmen ara\u015ft\u0131rmac\u0131lar\u0131 \u015fa\u015f\u0131rtmaya devam eden karma\u015f\u0131k bir konuya bak\u0131\u015f a\u00e7\u0131s\u0131 ve vizyon sunuyorlar. Ancak bu bak\u0131\u015f a\u00e7\u0131s\u0131, konuya yakla\u015f\u0131m\u0131nda romantik, spek\u00fclatif veya idealist de\u011fildir. Aksine, bu konuda \u00e7ok bilgili bir okuyucu i\u00e7in bile olduk\u00e7a zorlay\u0131c\u0131 olabilece\u011fi noktaya kadar a\u00e7\u0131k bir \u015fekilde ger\u00e7ek\u00e7i ve uzla\u015fmaz. Bu nedenle, bu Brifinglerin sunduklar\u0131n\u0131 almak i\u00e7in, d\u00fcnya d\u0131\u015f\u0131 \u0130leti\u015fim hakk\u0131nda sahip olabilece\u011finiz bir\u00e7ok inan\u00e7, varsay\u0131m ve soru ve hatta bu Brifinglerin nas\u0131l al\u0131nd\u0131\u011f\u0131 hakk\u0131nda en az\u0131ndan bir an i\u00e7in ask\u0131ya alman\u0131z gerekir. Bu Brifinglerin i\u00e7eri\u011fi, d\u00fcnyan\u0131n \u00f6tesinden buraya g\u00f6nderilen bir \u015fi\u015fedeki mesaj gibidir. Bu nedenle, \u015fi\u015feyle de\u011fil, mesaj\u0131n kendisiyle \u00e7ok ilgilenmeliyiz. Bu zorlu mesaj\u0131 ger\u00e7ekten anlamak i\u00e7in, Temas olas\u0131l\u0131\u011f\u0131na ve ger\u00e7ekli\u011fine ili\u015fkin ge\u00e7erli bir\u00e7ok varsay\u0131m ve e\u011filimle y\u00fczle\u015fmeli ve bunlar\u0131 sorgulamal\u0131y\u0131z. Bunlar \u015funlar\u0131 i\u00e7erir:<\/p><ul><li>inkar;<\/li><li>umutlu beklenti;<\/li><li>inan\u00e7lar\u0131m\u0131z\u0131 do\u011frulamak i\u00e7in kan\u0131tlar\u0131 yanl\u0131\u015f yorumlamak;<\/li><p class=\"float-left bleed-left\"><img decoding=\"async\" src=\"https:\/\/www.alliesofhumanity.org\/wp-content\/uploads\/2020\/06\/960x540-aoh-book-1.jpg\" alt=\"\" \/><\/p><li>\u201cziyaret\u00e7ilerden\u201d kurtulu\u015f istemek ve beklemek;<\/li><li>Ziyaret\u00e7i teknolojisinin bizi kurtaraca\u011f\u0131na inanarak;<\/li><li>\u00fcst\u00fcn bir g\u00fc\u00e7 oldu\u011funu varsayd\u0131\u011f\u0131m\u0131z \u015feye umutsuzca ve itaatk\u00e2r hissetmek;<\/li><li>devlet if\u015fas\u0131n\u0131 talep etmek ancak Ziyaret\u00e7i if\u015fas\u0131n\u0131 talep etmemek;<\/li><li>\u201cziyaret\u00e7ilerin\u201d sorgusuz sualsiz kabul\u00fcn\u00fc s\u00fcrd\u00fcr\u00fcrken insan liderleri ve kurumlar\u0131 k\u0131namak;<\/li><li>bize sald\u0131rmad\u0131klar\u0131 veya bizi i\u015fgal etmedikleri i\u00e7in, bizim iyili\u011fimiz i\u00e7in burada olmalar\u0131 gerekti\u011fini varsayarmak;<\/li><li>ileri teknolojinin geli\u015fmi\u015f etik ve maneviyata e\u015fit oldu\u011funu varsaymak;<\/li><li>bu fenomenin asl\u0131nda anla\u015f\u0131labilir bir olay oldu\u011fu halde bir gizem oldu\u011funa inanmak;<\/li><li>Ziyaret\u00e7ilerin bir \u015fekilde insanl\u0131\u011fa ve bu gezegene sahip olduklar\u0131na inanmak;<\/li><li>ve insanl\u0131\u011f\u0131n \u00e7aresiz oldu\u011funa ve kendi ba\u015f\u0131na yapamayaca\u011f\u0131na inanmak.<\/li><\/ul><p>M\u00fcttefik Brifingleri bu t\u00fcr varsay\u0131mlara ve e\u011filimlere meydan okuyor ve bizi kimin ziyaret etti\u011fi ve neden burada olduklar\u0131 hakk\u0131nda \u015fu anda sahip oldu\u011fumuz efsanelerin \u00e7o\u011funu patlat\u0131yor. \u0130nsanl\u0131\u011f\u0131n M\u00fcttefikleri Brifingleri, evrendeki ak\u0131ll\u0131 ya\u015fam\u0131n daha geni\u015f bir panoramas\u0131 i\u00e7inde bize daha b\u00fcy\u00fck bir perspektif ve kaderimize dair daha derin bir anlay\u0131\u015f sa\u011fl\u0131yor. Bunu ba\u015farmak i\u00e7in M\u00fcttefikler analitik zihnimizle de\u011fil, ger\u00e7e\u011fin ne kadar bulan\u0131k olursa olsun do\u011frudan fark edilebildi\u011fi ve deneyimlenebildi\u011fi varl\u0131\u011f\u0131m\u0131z\u0131n daha derin k\u0131sm\u0131 olan \u0130lim ile konu\u015furlar. \u0130nsanl\u0131\u011f\u0131n M\u00fcttefikleri Birinci Kitap, daha fazla ara\u015ft\u0131rma ve tefekk\u00fcr gerektiren bir\u00e7ok soruyu g\u00fcndeme getirecek. Odak noktas\u0131 isimler, tarihler ve yerler sa\u011flamak de\u011fil, d\u00fcnyadaki ET varl\u0131\u011f\u0131 ve evrendeki ya\u015fam hakk\u0131nda biz insan olarak ba\u015fka t\u00fcrl\u00fc sahip olamayaca\u011f\u0131m\u0131z bir bak\u0131\u015f a\u00e7\u0131s\u0131 sa\u011flamakt\u0131r. Hala d\u00fcnyam\u0131z\u0131n y\u00fczeyinde tecrit halinde ya\u015farken, s\u0131n\u0131rlar\u0131m\u0131z\u0131n \u00f6tesindeki ak\u0131ll\u0131 ya\u015famla ilgili neler olup bitti\u011fini hen\u00fcz g\u00f6remiyoruz ve bilemiyoruz. Bunun i\u00e7in yard\u0131ma ihtiyac\u0131m\u0131z var, \u00e7ok s\u0131ra d\u0131\u015f\u0131 bir yard\u0131m. \u0130lk ba\u015fta b\u00f6yle bir yard\u0131m\u0131 tan\u0131mayabilir veya kabul etmeyebiliriz. O yine de burada. M\u00fcttefiklerin ifade etti\u011fi ama\u00e7, bizi zeki bir ya\u015fam\u0131n B\u00fcy\u00fck Camia\u2019s\u0131nda ortaya \u00e7\u0131kman\u0131n risklerine kar\u015f\u0131 uyarmak ve bu b\u00fcy\u00fck e\u015fi\u011fi insan \u00f6zg\u00fcrl\u00fc\u011f\u00fc, egemenli\u011fi ve kendi kaderini tayin hakk\u0131 korunacak \u015fekilde ba\u015far\u0131yla ge\u00e7memize yard\u0131mc\u0131 olmakt\u0131r. M\u00fcttefikler, bu e\u015fi benzeri g\u00f6r\u00fclmemi\u015f d\u00f6nemde insanl\u0131\u011f\u0131n kendi \u201cAngajman kurallar\u0131m\u0131z\u0131\u201d olu\u015fturmas\u0131 gerekti\u011fini bize bildirmek i\u00e7in buradalar. M\u00fcttefiklere g\u00f6re, e\u011fer bilge, haz\u0131rl\u0131kl\u0131 ve birle\u015fmi\u015f olursak, B\u00fcy\u00fck Camia&#8217;da olgun ve \u00f6zg\u00fcr bir \u0131rk olarak kaderimizi alabilece\u011fiz. Bu brifing dizisinin ger\u00e7ekle\u015fti\u011fi zaman boyunca, M\u00fcttefikler, anlay\u0131\u015f\u0131m\u0131z i\u00e7in hayati oldu\u011funu d\u00fc\u015f\u00fcnd\u00fckleri baz\u0131 temel fikirleri tekrarlad\u0131lar. \u0130leti\u015fimlerinin niyetini ve b\u00fct\u00fcnl\u00fc\u011f\u00fcn\u00fc korumak i\u00e7in bu yinelemeleri kitapta muhafaza ettik. M\u00fcttefiklerin mesaj\u0131n\u0131n acil do\u011fas\u0131 ve bu mesaja kar\u015f\u0131 \u00e7\u0131kan d\u00fcnyadaki g\u00fc\u00e7ler nedeniyle, bu tekrarlar\u0131n bir hikmeti ve bir zorunlulu\u011fu vard\u0131r. 2001 y\u0131l\u0131nda The Allies of Humanity Book One&#8217;\u0131n yay\u0131nlanmas\u0131n\u0131n ard\u0131ndan, M\u00fcttefikler insanl\u0131\u011fa hayati mesajlar\u0131n\u0131 tamamlamak i\u00e7in ikinci bir Brifing seti sa\u011flad\u0131lar. 2005 y\u0131l\u0131nda yay\u0131nlanan \u0130nsanl\u0131\u011f\u0131n M\u00fcttefikleri Kitap \u0130ki, yerel evrenimizdeki \u0131rklar aras\u0131ndaki etkile\u015fimler ve insan i\u015flerine m\u00fcdahale eden \u0131rklar\u0131n do\u011fas\u0131, amac\u0131 ve en gizli faaliyetleri hakk\u0131nda \u015fa\u015f\u0131rt\u0131c\u0131 yeni bilgiler sunuyor. M\u00fcttefiklerin mesaj\u0131n\u0131n aciliyetini hisseden ve Brifingleri di\u011fer dillere terc\u00fcme eden okuyucular sayesinde, M\u00fcdahalenin ger\u00e7ekli\u011fine dair d\u00fcnya \u00e7ap\u0131nda artan bir fark\u0131ndal\u0131k var. M\u00fcttefikler, insanl\u0131\u011f\u0131n ortaya \u00e7\u0131kt\u0131\u011f\u0131 karma\u015f\u0131k ortam\u0131 daha da a\u00e7\u0131klayarak 2008 y\u0131l\u0131nda yeniden ileti\u015fime ge\u00e7tiler. \u00dc\u00e7\u00fcnc\u00fc Brifing seti 2012&#8217;de yay\u0131nland\u0131. M\u00fcttefiklerin mesaj\u0131n\u0131n aciliyetini hisseden ve Brifingleri di\u011fer dillere terc\u00fcme eden okuyucular sayesinde, M\u00fcdahalenin ger\u00e7ekli\u011fine dair d\u00fcnya \u00e7ap\u0131nda artan bir fark\u0131ndal\u0131k var. The Society for the New Message olarak, bu \u00fc\u00e7 Brifing setinin bug\u00fcn d\u00fcnyada iletilen en \u00f6nemli mesajlardan birini i\u00e7erdi\u011fini d\u00fc\u015f\u00fcn\u00fcyoruz. The Allies of Humanity, UFO \/ ET fenomeni hakk\u0131nda spek\u00fclasyon yapan ba\u015fka bir kitap de\u011fil. \u00d6n\u00fcm\u00fczdeki zorluklarla ve f\u0131rsatlarla y\u00fczle\u015fmemiz gerekti\u011fine dair fark\u0131ndal\u0131\u011f\u0131 art\u0131rmak i\u00e7in do\u011frudan yabanc\u0131 M\u00fcdahalenin temelindeki amac\u0131na y\u00f6nelik ger\u00e7ek bir d\u00f6n\u00fc\u015f\u00fcmsel mesajd\u0131r.<\/p><p><a title=\"Go to newmessage.org\" href=\"https:\/\/www.newmessage.org\/worldwide-community\/society\" target=\"_blank\" rel=\"noopener noreferrer\">The Society for the New Message (Yeni Mesaj Derne\u011fi)<\/a><\/p>\t\t\t\t\t\t\t\t<\/div>\t\t\t\t<\/div>\t\t\t\t\t<\/div>\t\t<\/div>\t\t\t\t\t<\/div>\t\t<\/section>\t\t\t\t<\/div><p>\t\t<\/p>","protected":false},"excerpt":{"rendered":"<p>\u0130nsanl\u0131\u011f\u0131n M\u00fcttefikleri, insanlar\u0131 bug\u00fcn d\u00fcnyada b\u00fcy\u00fck \u00f6l\u00e7\u00fcde gizli ve tan\u0131nmayan yepyeni bir ger\u00e7ekli\u011fe haz\u0131rlamak i\u00e7in sunuluyor. Bu insanlar\u0131, bir \u0131rk olarak \u015fimdiye kadar kar\u015f\u0131la\u015ft\u0131\u011f\u0131m\u0131z en b\u00fcy\u00fck zorluk ve f\u0131rsatla y\u00fczle\u015fmeleri i\u00e7in g\u00fc\u00e7lendiren yeni bir bak\u0131\u015f a\u00e7\u0131s\u0131 sa\u011flar. M\u00fcttefik Brifingleri, b\u00fcy\u00fcyen d\u00fcnya d\u0131\u015f\u0131 m\u00fcdahale ve insan \u0131rk\u0131na entegrasyon ve d\u00fcnya d\u0131\u015f\u0131 faaliyetler ve gizli g\u00fcndem hakk\u0131nda [&hellip;]<\/p>\n","protected":false},"author":25,"featured_media":0,"parent":0,"menu_order":1,"comment_status":"closed","ping_status":"closed","template":"page.php","meta":{"_acf_changed":false,"footnotes":""},"class_list":["post-15751","page","type-page","status-publish","hentry"],"acf":[],"yoast_head":"<!-- This site is optimized with the Yoast SEO plugin v26.5 - https:\/\/yoast.com\/wordpress\/plugins\/seo\/ -->\n<title>\u0130nsanl\u0131\u011f\u0131n M\u00fcttefiklerinin Tan\u0131t\u0131m\u0131: ET M\u00fcdahalesinin A\u00e7\u0131klanmas\u0131<\/title>\n<meta name=\"description\" content=\"M\u00fcttefik Brifingleri, b\u00fcy\u00fcyen d\u00fcnya d\u0131\u015f\u0131 m\u00fcdahale ve insan \u0131rk\u0131na entegrasyon ve d\u00fcnya d\u0131\u015f\u0131 faaliyetler ve gizli g\u00fcndem hakk\u0131nda endi\u015fe verici olmasa da bir dizi kritik a\u00e7\u0131klama i\u00e7erir.\" \/>\n<meta name=\"robots\" content=\"index, follow, max-snippet:-1, max-image-preview:large, max-video-preview:-1\" \/>\n<link rel=\"canonical\" href=\"https:\/\/www.alliesofhumanity.org\/tr\/the-allies\/\" \/>\n<meta property=\"og:locale\" content=\"tr_TR\" \/>\n<meta property=\"og:type\" content=\"article\" \/>\n<meta property=\"og:title\" content=\"\u0130nsanl\u0131\u011f\u0131n M\u00fcttefiklerinin Tan\u0131t\u0131m\u0131: ET M\u00fcdahalesinin A\u00e7\u0131klanmas\u0131\" \/>\n<meta property=\"og:description\" content=\"M\u00fcttefik Brifingleri, b\u00fcy\u00fcyen d\u00fcnya d\u0131\u015f\u0131 m\u00fcdahale ve insan \u0131rk\u0131na entegrasyon ve d\u00fcnya d\u0131\u015f\u0131 faaliyetler ve gizli g\u00fcndem hakk\u0131nda endi\u015fe verici olmasa da bir dizi kritik a\u00e7\u0131klama i\u00e7erir.\" \/>\n<meta property=\"og:url\" content=\"https:\/\/www.alliesofhumanity.org\/tr\/the-allies\/\" \/>\n<meta property=\"og:site_name\" content=\"The Allies of Humanity\" \/>\n<meta property=\"article:publisher\" content=\"https:\/\/www.facebook.com\/alliesofhumanity\/\" \/>\n<meta property=\"article:modified_time\" content=\"2024-03-11T07:15:27+00:00\" \/>\n<meta property=\"og:image\" content=\"https:\/\/www.alliesofhumanity.org\/wp-content\/uploads\/2021\/01\/og-socialmedia-aoh.jpg\" \/>\n\t<meta property=\"og:image:width\" content=\"1200\" \/>\n\t<meta property=\"og:image:height\" content=\"630\" \/>\n\t<meta property=\"og:image:type\" content=\"image\/jpeg\" \/>\n<meta name=\"twitter:card\" content=\"summary_large_image\" \/>\n<meta name=\"twitter:title\" content=\"\u0130nsanl\u0131\u011f\u0131n M\u00fcttefiklerinin Tan\u0131t\u0131m\u0131: ET M\u00fcdahalesinin A\u00e7\u0131klanmas\u0131\" \/>\n<meta name=\"twitter:site\" content=\"@earthallies\" \/>\n<meta name=\"twitter:label1\" content=\"Tahmini okuma s\u00fcresi\" \/>\n\t<meta name=\"twitter:data1\" content=\"7 dakika\" \/>\n<script type=\"application\/ld+json\" class=\"yoast-schema-graph\">{\"@context\":\"https:\/\/schema.org\",\"@graph\":[{\"@type\":\"WebPage\",\"@id\":\"https:\/\/www.alliesofhumanity.org\/tr\/the-allies\/\",\"url\":\"https:\/\/www.alliesofhumanity.org\/tr\/the-allies\/\",\"name\":\"\u0130nsanl\u0131\u011f\u0131n M\u00fcttefiklerinin Tan\u0131t\u0131m\u0131: ET M\u00fcdahalesinin A\u00e7\u0131klanmas\u0131\",\"isPartOf\":{\"@id\":\"https:\/\/www.alliesofhumanity.org\/tr\/#website\"},\"datePublished\":\"2021-04-21T05:32:07+00:00\",\"dateModified\":\"2024-03-11T07:15:27+00:00\",\"description\":\"M\u00fcttefik Brifingleri, b\u00fcy\u00fcyen d\u00fcnya d\u0131\u015f\u0131 m\u00fcdahale ve insan \u0131rk\u0131na entegrasyon ve d\u00fcnya d\u0131\u015f\u0131 faaliyetler ve gizli g\u00fcndem hakk\u0131nda endi\u015fe verici olmasa da bir dizi kritik a\u00e7\u0131klama i\u00e7erir.\",\"inLanguage\":\"tr\",\"potentialAction\":[{\"@type\":\"ReadAction\",\"target\":[\"https:\/\/www.alliesofhumanity.org\/tr\/the-allies\/\"]}]},{\"@type\":\"WebSite\",\"@id\":\"https:\/\/www.alliesofhumanity.org\/tr\/#website\",\"url\":\"https:\/\/www.alliesofhumanity.org\/tr\/\",\"name\":\"The Allies of Humanity\",\"description\":\"\",\"potentialAction\":[{\"@type\":\"SearchAction\",\"target\":{\"@type\":\"EntryPoint\",\"urlTemplate\":\"https:\/\/www.alliesofhumanity.org\/tr\/?s={search_term_string}\"},\"query-input\":{\"@type\":\"PropertyValueSpecification\",\"valueRequired\":true,\"valueName\":\"search_term_string\"}}],\"inLanguage\":\"tr\"}]}<\/script>\n<!-- \/ Yoast SEO plugin. -->","yoast_head_json":{"title":"\u0130nsanl\u0131\u011f\u0131n M\u00fcttefiklerinin Tan\u0131t\u0131m\u0131: ET M\u00fcdahalesinin A\u00e7\u0131klanmas\u0131","description":"M\u00fcttefik Brifingleri, b\u00fcy\u00fcyen d\u00fcnya d\u0131\u015f\u0131 m\u00fcdahale ve insan \u0131rk\u0131na entegrasyon ve d\u00fcnya d\u0131\u015f\u0131 faaliyetler ve gizli g\u00fcndem hakk\u0131nda endi\u015fe verici olmasa da bir dizi kritik a\u00e7\u0131klama i\u00e7erir.","robots":{"index":"index","follow":"follow","max-snippet":"max-snippet:-1","max-image-preview":"max-image-preview:large","max-video-preview":"max-video-preview:-1"},"canonical":"https:\/\/www.alliesofhumanity.org\/tr\/the-allies\/","og_locale":"tr_TR","og_type":"article","og_title":"\u0130nsanl\u0131\u011f\u0131n M\u00fcttefiklerinin Tan\u0131t\u0131m\u0131: ET M\u00fcdahalesinin A\u00e7\u0131klanmas\u0131","og_description":"M\u00fcttefik Brifingleri, b\u00fcy\u00fcyen d\u00fcnya d\u0131\u015f\u0131 m\u00fcdahale ve insan \u0131rk\u0131na entegrasyon ve d\u00fcnya d\u0131\u015f\u0131 faaliyetler ve gizli g\u00fcndem hakk\u0131nda endi\u015fe verici olmasa da bir dizi kritik a\u00e7\u0131klama i\u00e7erir.","og_url":"https:\/\/www.alliesofhumanity.org\/tr\/the-allies\/","og_site_name":"The Allies of Humanity","article_publisher":"https:\/\/www.facebook.com\/alliesofhumanity\/","article_modified_time":"2024-03-11T07:15:27+00:00","og_image":[{"width":1200,"height":630,"url":"https:\/\/www.alliesofhumanity.org\/wp-content\/uploads\/2021\/01\/og-socialmedia-aoh.jpg","type":"image\/jpeg"}],"twitter_card":"summary_large_image","twitter_title":"\u0130nsanl\u0131\u011f\u0131n M\u00fcttefiklerinin Tan\u0131t\u0131m\u0131: ET M\u00fcdahalesinin A\u00e7\u0131klanmas\u0131","twitter_site":"@earthallies","twitter_misc":{"Tahmini okuma s\u00fcresi":"7 dakika"},"schema":{"@context":"https:\/\/schema.org","@graph":[{"@type":"WebPage","@id":"https:\/\/www.alliesofhumanity.org\/tr\/the-allies\/","url":"https:\/\/www.alliesofhumanity.org\/tr\/the-allies\/","name":"\u0130nsanl\u0131\u011f\u0131n M\u00fcttefiklerinin Tan\u0131t\u0131m\u0131: ET M\u00fcdahalesinin A\u00e7\u0131klanmas\u0131","isPartOf":{"@id":"https:\/\/www.alliesofhumanity.org\/tr\/#website"},"datePublished":"2021-04-21T05:32:07+00:00","dateModified":"2024-03-11T07:15:27+00:00","description":"M\u00fcttefik Brifingleri, b\u00fcy\u00fcyen d\u00fcnya d\u0131\u015f\u0131 m\u00fcdahale ve insan \u0131rk\u0131na entegrasyon ve d\u00fcnya d\u0131\u015f\u0131 faaliyetler ve gizli g\u00fcndem hakk\u0131nda endi\u015fe verici olmasa da bir dizi kritik a\u00e7\u0131klama i\u00e7erir.","inLanguage":"tr","potentialAction":[{"@type":"ReadAction","target":["https:\/\/www.alliesofhumanity.org\/tr\/the-allies\/"]}]},{"@type":"WebSite","@id":"https:\/\/www.alliesofhumanity.org\/tr\/#website","url":"https:\/\/www.alliesofhumanity.org\/tr\/","name":"The Allies of Humanity","description":"","potentialAction":[{"@type":"SearchAction","target":{"@type":"EntryPoint","urlTemplate":"https:\/\/www.alliesofhumanity.org\/tr\/?s={search_term_string}"},"query-input":{"@type":"PropertyValueSpecification","valueRequired":true,"valueName":"search_term_string"}}],"inLanguage":"tr"}]}},"_links":{"self":[{"href":"https:\/\/www.alliesofhumanity.org\/tr\/wp-json\/wp\/v2\/pages\/15751","targetHints":{"allow":["GET"]}}],"collection":[{"href":"https:\/\/www.alliesofhumanity.org\/tr\/wp-json\/wp\/v2\/pages"}],"about":[{"href":"https:\/\/www.alliesofhumanity.org\/tr\/wp-json\/wp\/v2\/types\/page"}],"author":[{"embeddable":true,"href":"https:\/\/www.alliesofhumanity.org\/tr\/wp-json\/wp\/v2\/users\/25"}],"replies":[{"embeddable":true,"href":"https:\/\/www.alliesofhumanity.org\/tr\/wp-json\/wp\/v2\/comments?post=15751"}],"version-history":[{"count":3,"href":"https:\/\/www.alliesofhumanity.org\/tr\/wp-json\/wp\/v2\/pages\/15751\/revisions"}],"predecessor-version":[{"id":15755,"href":"https:\/\/www.alliesofhumanity.org\/tr\/wp-json\/wp\/v2\/pages\/15751\/revisions\/15755"}],"wp:attachment":[{"href":"https:\/\/www.alliesofhumanity.org\/tr\/wp-json\/wp\/v2\/media?parent=15751"}],"curies":[{"name":"wp","href":"https:\/\/api.w.org\/{rel}","templated":true}]}}