{"id":15724,"date":"2021-04-15T07:08:34","date_gmt":"2021-04-15T06:08:34","guid":{"rendered":"https:\/\/www.alliesofhumanity.org\/a-call-to-action-spiritual-power\/"},"modified":"2022-10-27T23:35:07","modified_gmt":"2022-10-27T22:35:07","slug":"a-call-to-action-spiritual-power","status":"publish","type":"page","link":"https:\/\/www.alliesofhumanity.org\/tr\/the-briefings\/book-two\/a-call-to-action-spiritual-power\/","title":{"rendered":"Sixth Briefing: A Call to Action"},"content":{"rendered":"\t\t<div data-elementor-type=\"wp-page\" data-elementor-id=\"15724\" class=\"elementor elementor-15724 elementor-2497\" data-elementor-post-type=\"page\">\t\t\t\t\t\t<section class=\"elementor-section elementor-top-section elementor-element elementor-element-40979eaf elementor-section-boxed elementor-section-height-default elementor-section-height-default\" data-id=\"40979eaf\" data-element_type=\"section\">\t\t\t\t\t\t<div class=\"elementor-container elementor-column-gap-default\">\t\t\t\t\t<div class=\"elementor-column elementor-col-100 elementor-top-column elementor-element elementor-element-2ddd850a\" data-id=\"2ddd850a\" data-element_type=\"column\">\t\t\t<div class=\"elementor-widget-wrap elementor-element-populated\">\t\t\t\t\t\t<div class=\"elementor-element elementor-element-a2f08f8 elementor-widget elementor-widget-text-editor\" data-id=\"a2f08f8\" data-element_type=\"widget\" data-widget_type=\"text-editor.default\">\t\t\t\t<div class=\"elementor-widget-container\">\t\t\t\t\t\t\t\t\t<pre id=\"tw-target-text\" class=\"tw-data-text tw-text-large XcVN5d tw-ta\" dir=\"ltr\" data-placeholder=\"Translation\"><span class=\"Y2IQFc\" lang=\"tr\">\u00e7evrilmeyi bekliyor<\/span><\/pre>\t\t\t\t\t\t\t\t<\/div>\t\t\t\t<\/div>\t\t\t\t\t<\/div>\t\t<\/div>\t\t\t\t\t<\/div>\t\t<\/section>\t\t\t\t<\/div><p>\t\t<\/p>","protected":false},"excerpt":{"rendered":"<p>\u00e7evrilmeyi bekliyor<\/p>\n","protected":false},"author":23,"featured_media":0,"parent":15778,"menu_order":6,"comment_status":"closed","ping_status":"closed","template":"page.php","meta":{"_acf_changed":false,"footnotes":""},"class_list":["post-15724","page","type-page","status-publish","hentry"],"acf":[],"yoast_head":"<!-- This site is optimized with the Yoast SEO plugin v26.5 - https:\/\/yoast.com\/wordpress\/plugins\/seo\/ -->\n<title>\u0130nsanl\u0131\u011f\u0131n M\u00fcttefiklerinden Manevi G\u00fc\u00e7 \u0130\u00e7in Eylem \u00c7a\u011fr\u0131s\u0131<\/title>\n<meta name=\"description\" content=\"Neden i\u00e7inizdeki Ruhsal G\u00fcc\u00fcn bu insan ve d\u00fcnya evrimi zaman\u0131nda hayati \u00f6nemi vard\u0131r ve d\u00fcnya d\u0131\u015f\u0131 ya\u015famla Temas.\" \/>\n<meta name=\"robots\" content=\"index, follow, max-snippet:-1, max-image-preview:large, max-video-preview:-1\" \/>\n<link rel=\"canonical\" href=\"https:\/\/www.alliesofhumanity.org\/tr\/the-briefings\/book-two\/a-call-to-action-spiritual-power\/\" \/>\n<meta property=\"og:locale\" content=\"tr_TR\" \/>\n<meta property=\"og:type\" content=\"article\" \/>\n<meta property=\"og:title\" content=\"\u0130nsanl\u0131\u011f\u0131n M\u00fcttefiklerinden Manevi G\u00fc\u00e7 \u0130\u00e7in Eylem \u00c7a\u011fr\u0131s\u0131\" \/>\n<meta property=\"og:description\" content=\"Neden i\u00e7inizdeki Ruhsal G\u00fcc\u00fcn bu insan ve d\u00fcnya evrimi zaman\u0131nda hayati \u00f6nemi vard\u0131r ve d\u00fcnya d\u0131\u015f\u0131 ya\u015famla Temas.\" \/>\n<meta property=\"og:url\" content=\"https:\/\/www.alliesofhumanity.org\/tr\/the-briefings\/book-two\/a-call-to-action-spiritual-power\/\" \/>\n<meta property=\"og:site_name\" content=\"The Allies of Humanity\" \/>\n<meta property=\"article:publisher\" content=\"https:\/\/www.facebook.com\/alliesofhumanity\/\" \/>\n<meta property=\"article:modified_time\" content=\"2022-10-27T22:35:07+00:00\" \/>\n<meta property=\"og:image\" content=\"https:\/\/www.alliesofhumanity.org\/wp-content\/uploads\/2021\/01\/og-socialmedia-aoh.jpg\" \/>\n\t<meta property=\"og:image:width\" content=\"1200\" \/>\n\t<meta property=\"og:image:height\" content=\"630\" \/>\n\t<meta property=\"og:image:type\" content=\"image\/jpeg\" \/>\n<meta name=\"twitter:card\" content=\"summary_large_image\" \/>\n<meta name=\"twitter:title\" content=\"\u0130nsanl\u0131\u011f\u0131n M\u00fcttefiklerinden Manevi G\u00fc\u00e7 \u0130\u00e7in Eylem \u00c7a\u011fr\u0131s\u0131\" \/>\n<meta name=\"twitter:site\" content=\"@earthallies\" \/>\n<script type=\"application\/ld+json\" class=\"yoast-schema-graph\">{\"@context\":\"https:\/\/schema.org\",\"@graph\":[{\"@type\":\"WebPage\",\"@id\":\"https:\/\/www.alliesofhumanity.org\/tr\/the-briefings\/book-two\/a-call-to-action-spiritual-power\/\",\"url\":\"https:\/\/www.alliesofhumanity.org\/tr\/the-briefings\/book-two\/a-call-to-action-spiritual-power\/\",\"name\":\"\u0130nsanl\u0131\u011f\u0131n M\u00fcttefiklerinden Manevi G\u00fc\u00e7 \u0130\u00e7in Eylem \u00c7a\u011fr\u0131s\u0131\",\"isPartOf\":{\"@id\":\"https:\/\/www.alliesofhumanity.org\/tr\/#website\"},\"datePublished\":\"2021-04-15T06:08:34+00:00\",\"dateModified\":\"2022-10-27T22:35:07+00:00\",\"description\":\"Neden i\u00e7inizdeki Ruhsal G\u00fcc\u00fcn bu insan ve d\u00fcnya evrimi zaman\u0131nda hayati \u00f6nemi vard\u0131r ve d\u00fcnya d\u0131\u015f\u0131 ya\u015famla Temas.\",\"breadcrumb\":{\"@id\":\"https:\/\/www.alliesofhumanity.org\/tr\/the-briefings\/book-two\/a-call-to-action-spiritual-power\/#breadcrumb\"},\"inLanguage\":\"tr\",\"potentialAction\":[{\"@type\":\"ReadAction\",\"target\":[\"https:\/\/www.alliesofhumanity.org\/tr\/the-briefings\/book-two\/a-call-to-action-spiritual-power\/\"]}]},{\"@type\":\"BreadcrumbList\",\"@id\":\"https:\/\/www.alliesofhumanity.org\/tr\/the-briefings\/book-two\/a-call-to-action-spiritual-power\/#breadcrumb\",\"itemListElement\":[{\"@type\":\"ListItem\",\"position\":1,\"name\":\"Brifingler\",\"item\":\"https:\/\/www.alliesofhumanity.org\/tr\/the-briefings\/\"},{\"@type\":\"ListItem\",\"position\":2,\"name\":\"\u0130kinci Kitap\",\"item\":\"https:\/\/www.alliesofhumanity.org\/tr\/the-briefings\/book-two\/\"},{\"@type\":\"ListItem\",\"position\":3,\"name\":\"Sixth Briefing: A Call to Action\"}]},{\"@type\":\"WebSite\",\"@id\":\"https:\/\/www.alliesofhumanity.org\/tr\/#website\",\"url\":\"https:\/\/www.alliesofhumanity.org\/tr\/\",\"name\":\"The Allies of Humanity\",\"description\":\"\",\"potentialAction\":[{\"@type\":\"SearchAction\",\"target\":{\"@type\":\"EntryPoint\",\"urlTemplate\":\"https:\/\/www.alliesofhumanity.org\/tr\/?s={search_term_string}\"},\"query-input\":{\"@type\":\"PropertyValueSpecification\",\"valueRequired\":true,\"valueName\":\"search_term_string\"}}],\"inLanguage\":\"tr\"}]}<\/script>\n<!-- \/ Yoast SEO plugin. -->","yoast_head_json":{"title":"\u0130nsanl\u0131\u011f\u0131n M\u00fcttefiklerinden Manevi G\u00fc\u00e7 \u0130\u00e7in Eylem \u00c7a\u011fr\u0131s\u0131","description":"Neden i\u00e7inizdeki Ruhsal G\u00fcc\u00fcn bu insan ve d\u00fcnya evrimi zaman\u0131nda hayati \u00f6nemi vard\u0131r ve d\u00fcnya d\u0131\u015f\u0131 ya\u015famla Temas.","robots":{"index":"index","follow":"follow","max-snippet":"max-snippet:-1","max-image-preview":"max-image-preview:large","max-video-preview":"max-video-preview:-1"},"canonical":"https:\/\/www.alliesofhumanity.org\/tr\/the-briefings\/book-two\/a-call-to-action-spiritual-power\/","og_locale":"tr_TR","og_type":"article","og_title":"\u0130nsanl\u0131\u011f\u0131n M\u00fcttefiklerinden Manevi G\u00fc\u00e7 \u0130\u00e7in Eylem \u00c7a\u011fr\u0131s\u0131","og_description":"Neden i\u00e7inizdeki Ruhsal G\u00fcc\u00fcn bu insan ve d\u00fcnya evrimi zaman\u0131nda hayati \u00f6nemi vard\u0131r ve d\u00fcnya d\u0131\u015f\u0131 ya\u015famla Temas.","og_url":"https:\/\/www.alliesofhumanity.org\/tr\/the-briefings\/book-two\/a-call-to-action-spiritual-power\/","og_site_name":"The Allies of Humanity","article_publisher":"https:\/\/www.facebook.com\/alliesofhumanity\/","article_modified_time":"2022-10-27T22:35:07+00:00","og_image":[{"width":1200,"height":630,"url":"https:\/\/www.alliesofhumanity.org\/wp-content\/uploads\/2021\/01\/og-socialmedia-aoh.jpg","type":"image\/jpeg"}],"twitter_card":"summary_large_image","twitter_title":"\u0130nsanl\u0131\u011f\u0131n M\u00fcttefiklerinden Manevi G\u00fc\u00e7 \u0130\u00e7in Eylem \u00c7a\u011fr\u0131s\u0131","twitter_site":"@earthallies","schema":{"@context":"https:\/\/schema.org","@graph":[{"@type":"WebPage","@id":"https:\/\/www.alliesofhumanity.org\/tr\/the-briefings\/book-two\/a-call-to-action-spiritual-power\/","url":"https:\/\/www.alliesofhumanity.org\/tr\/the-briefings\/book-two\/a-call-to-action-spiritual-power\/","name":"\u0130nsanl\u0131\u011f\u0131n M\u00fcttefiklerinden Manevi G\u00fc\u00e7 \u0130\u00e7in Eylem \u00c7a\u011fr\u0131s\u0131","isPartOf":{"@id":"https:\/\/www.alliesofhumanity.org\/tr\/#website"},"datePublished":"2021-04-15T06:08:34+00:00","dateModified":"2022-10-27T22:35:07+00:00","description":"Neden i\u00e7inizdeki Ruhsal G\u00fcc\u00fcn bu insan ve d\u00fcnya evrimi zaman\u0131nda hayati \u00f6nemi vard\u0131r ve d\u00fcnya d\u0131\u015f\u0131 ya\u015famla Temas.","breadcrumb":{"@id":"https:\/\/www.alliesofhumanity.org\/tr\/the-briefings\/book-two\/a-call-to-action-spiritual-power\/#breadcrumb"},"inLanguage":"tr","potentialAction":[{"@type":"ReadAction","target":["https:\/\/www.alliesofhumanity.org\/tr\/the-briefings\/book-two\/a-call-to-action-spiritual-power\/"]}]},{"@type":"BreadcrumbList","@id":"https:\/\/www.alliesofhumanity.org\/tr\/the-briefings\/book-two\/a-call-to-action-spiritual-power\/#breadcrumb","itemListElement":[{"@type":"ListItem","position":1,"name":"Brifingler","item":"https:\/\/www.alliesofhumanity.org\/tr\/the-briefings\/"},{"@type":"ListItem","position":2,"name":"\u0130kinci Kitap","item":"https:\/\/www.alliesofhumanity.org\/tr\/the-briefings\/book-two\/"},{"@type":"ListItem","position":3,"name":"Sixth Briefing: A Call to Action"}]},{"@type":"WebSite","@id":"https:\/\/www.alliesofhumanity.org\/tr\/#website","url":"https:\/\/www.alliesofhumanity.org\/tr\/","name":"The Allies of Humanity","description":"","potentialAction":[{"@type":"SearchAction","target":{"@type":"EntryPoint","urlTemplate":"https:\/\/www.alliesofhumanity.org\/tr\/?s={search_term_string}"},"query-input":{"@type":"PropertyValueSpecification","valueRequired":true,"valueName":"search_term_string"}}],"inLanguage":"tr"}]}},"_links":{"self":[{"href":"https:\/\/www.alliesofhumanity.org\/tr\/wp-json\/wp\/v2\/pages\/15724","targetHints":{"allow":["GET"]}}],"collection":[{"href":"https:\/\/www.alliesofhumanity.org\/tr\/wp-json\/wp\/v2\/pages"}],"about":[{"href":"https:\/\/www.alliesofhumanity.org\/tr\/wp-json\/wp\/v2\/types\/page"}],"author":[{"embeddable":true,"href":"https:\/\/www.alliesofhumanity.org\/tr\/wp-json\/wp\/v2\/users\/23"}],"replies":[{"embeddable":true,"href":"https:\/\/www.alliesofhumanity.org\/tr\/wp-json\/wp\/v2\/comments?post=15724"}],"version-history":[{"count":5,"href":"https:\/\/www.alliesofhumanity.org\/tr\/wp-json\/wp\/v2\/pages\/15724\/revisions"}],"predecessor-version":[{"id":19260,"href":"https:\/\/www.alliesofhumanity.org\/tr\/wp-json\/wp\/v2\/pages\/15724\/revisions\/19260"}],"up":[{"embeddable":true,"href":"https:\/\/www.alliesofhumanity.org\/tr\/wp-json\/wp\/v2\/pages\/15778"}],"wp:attachment":[{"href":"https:\/\/www.alliesofhumanity.org\/tr\/wp-json\/wp\/v2\/media?parent=15724"}],"curies":[{"name":"wp","href":"https:\/\/api.w.org\/{rel}","templated":true}]}}