{"id":3733,"date":"2020-06-05T12:23:00","date_gmt":"2020-06-05T11:23:00","guid":{"rendered":"https:\/\/www.alliesofhumanity.org\/budskapen\/book-one\/"},"modified":"2021-05-27T21:39:28","modified_gmt":"2021-05-27T20:39:28","slug":"book-one","status":"publish","type":"page","link":"https:\/\/www.alliesofhumanity.org\/sv\/budskapen\/book-one\/","title":{"rendered":"Bok Ett"},"content":{"rendered":"<h5>Alla Budskap fr\u00e5n M\u00e4nsklighetens Bundsf\u00f6rvanter finns tillg\u00e4ngliga gratis online. B\u00f6rja resan med M\u00e4nsklighetens Bundsf\u00f6rvanter, Bok Ett.<\/h5>\n<p><a href=\"alien-races-earth\">F\u00f6rsta budskapet \u2014 Den utomjordiska n\u00e4rvaron i v\u00e4rlden idag<\/a><\/p>\n<p><a href=\"human-freedom\">Andra budskapet \u2014 En utmaning f\u00f6r m\u00e4nsklig frihet<\/a><\/p>\n<p><a href=\"the-visitors\">Tredje budskapet \u2014 En skarp varning<\/a><\/p>\n<p><a href=\"false-second-coming\">Fj\u00e4rde budskapet \u2014 Manipuleringen av religi\u00f6sa traditioner och trosuppfattningar<\/a><\/p>\n<p><a href=\"threshold-alien-presence\">Femte budskapet \u2014 Utmaning: Ett nytt hopp f\u00f6r m\u00e4nskligheten<\/a><\/p>\n<p><a href=\"questions-about-aliens\">Sj\u00e4tte budskapet \u2014 Fr\u00e5gor och Svar<\/a><\/p>\n<p><a href=\"final-words\">Slutord<\/a><\/p>\n<p>The Society for The New Message is now providing all four volumes of <em>The Allies of Humanity<\/em> online at no cost. We do this so that this message can reach as many people as possible, both at the grass roots and in positions of political, economic and religious power.<\/p>\n","protected":false},"excerpt":{"rendered":"<p>Alla Budskap fr\u00e5n M\u00e4nsklighetens Bundsf\u00f6rvanter finns tillg\u00e4ngliga gratis online. B\u00f6rja resan med M\u00e4nsklighetens Bundsf\u00f6rvanter, Bok Ett. F\u00f6rsta budskapet \u2014 Den utomjordiska n\u00e4rvaron i v\u00e4rlden idag Andra budskapet \u2014 En utmaning f\u00f6r m\u00e4nsklig frihet Tredje budskapet \u2014 En skarp varning Fj\u00e4rde budskapet \u2014 Manipuleringen av religi\u00f6sa traditioner och trosuppfattningar Femte budskapet \u2014 Utmaning: Ett nytt hopp [&hellip;]<\/p>\n","protected":false},"author":2,"featured_media":0,"parent":3558,"menu_order":1,"comment_status":"closed","ping_status":"closed","template":"page-book-start.php","meta":{"_acf_changed":false,"footnotes":""},"class_list":["post-3733","page","type-page","status-publish","hentry"],"acf":[],"yoast_head":"<!-- This site is optimized with the Yoast SEO plugin v26.5 - https:\/\/yoast.com\/wordpress\/plugins\/seo\/ -->\n<title>M\u00e4nsklighetens Bundsf\u00f6rvanter, Bok Ett | M\u00e4nsklighetens Bundsf\u00f6rvanter<\/title>\n<meta name=\"description\" content=\"F\u00f6r mer \u00e4n tjugo \u00e5r sedan samlades en grupp individer fr\u00e5n flera olika v\u00e4rldar p\u00e5 en diskret plats i v\u00e5rt solsystem n\u00e4ra jorden i syfte att observera den utomjordiska interventionen som p\u00e5g\u00e5r i v\u00e5r v\u00e4rld.\" \/>\n<meta name=\"robots\" content=\"index, follow, max-snippet:-1, max-image-preview:large, max-video-preview:-1\" \/>\n<link rel=\"canonical\" href=\"https:\/\/www.alliesofhumanity.org\/sv\/budskapen\/book-one\/\" \/>\n<meta property=\"og:locale\" content=\"sv_SE\" \/>\n<meta property=\"og:type\" content=\"article\" \/>\n<meta property=\"og:title\" content=\"M\u00e4nsklighetens Bundsf\u00f6rvanter Bok Ett | M\u00e4nsklighetens Bundsf\u00f6rvanter\" \/>\n<meta property=\"og:description\" content=\"F\u00f6r mer \u00e4n tjugo \u00e5r sedan samlades en grupp individer fr\u00e5n flera olika v\u00e4rldar p\u00e5 en diskret plats i v\u00e5rt solsystem n\u00e4ra jorden i syfte att observera den utomjordiska interventionen som p\u00e5g\u00e5r i v\u00e5r v\u00e4rld.\" \/>\n<meta property=\"og:url\" content=\"https:\/\/www.alliesofhumanity.org\/sv\/budskapen\/book-one\/\" \/>\n<meta property=\"og:site_name\" content=\"The Allies of Humanity\" \/>\n<meta property=\"article:publisher\" content=\"https:\/\/www.facebook.com\/alliesofhumanity\/\" \/>\n<meta property=\"article:modified_time\" content=\"2021-05-27T20:39:28+00:00\" \/>\n<meta property=\"og:image\" content=\"https:\/\/www.alliesofhumanity.org\/wp-content\/uploads\/2021\/01\/og-socialmedia-aoh.jpg\" \/>\n\t<meta property=\"og:image:width\" content=\"1200\" \/>\n\t<meta property=\"og:image:height\" content=\"630\" \/>\n\t<meta property=\"og:image:type\" content=\"image\/jpeg\" \/>\n<meta name=\"twitter:card\" content=\"summary_large_image\" \/>\n<meta name=\"twitter:site\" content=\"@earthallies\" \/>\n<meta name=\"twitter:label1\" content=\"Ber\u00e4knad l\u00e4stid\" \/>\n\t<meta name=\"twitter:data1\" content=\"1 minut\" \/>\n<script type=\"application\/ld+json\" class=\"yoast-schema-graph\">{\"@context\":\"https:\/\/schema.org\",\"@graph\":[{\"@type\":\"WebPage\",\"@id\":\"https:\/\/www.alliesofhumanity.org\/sv\/budskapen\/book-one\/\",\"url\":\"https:\/\/www.alliesofhumanity.org\/sv\/budskapen\/book-one\/\",\"name\":\"M\u00e4nsklighetens Bundsf\u00f6rvanter, Bok Ett | M\u00e4nsklighetens Bundsf\u00f6rvanter\",\"isPartOf\":{\"@id\":\"https:\/\/www.alliesofhumanity.org\/sv\/#website\"},\"datePublished\":\"2020-06-05T11:23:00+00:00\",\"dateModified\":\"2021-05-27T20:39:28+00:00\",\"description\":\"F\u00f6r mer \u00e4n tjugo \u00e5r sedan samlades en grupp individer fr\u00e5n flera olika v\u00e4rldar p\u00e5 en diskret plats i v\u00e5rt solsystem n\u00e4ra jorden i syfte att observera den utomjordiska interventionen som p\u00e5g\u00e5r i v\u00e5r v\u00e4rld.\",\"breadcrumb\":{\"@id\":\"https:\/\/www.alliesofhumanity.org\/sv\/budskapen\/book-one\/#breadcrumb\"},\"inLanguage\":\"sv-SE\",\"potentialAction\":[{\"@type\":\"ReadAction\",\"target\":[\"https:\/\/www.alliesofhumanity.org\/sv\/budskapen\/book-one\/\"]}]},{\"@type\":\"BreadcrumbList\",\"@id\":\"https:\/\/www.alliesofhumanity.org\/sv\/budskapen\/book-one\/#breadcrumb\",\"itemListElement\":[{\"@type\":\"ListItem\",\"position\":1,\"name\":\"Budskapen\",\"item\":\"https:\/\/www.alliesofhumanity.org\/sv\/budskapen\/\"},{\"@type\":\"ListItem\",\"position\":2,\"name\":\"Bok Ett\"}]},{\"@type\":\"WebSite\",\"@id\":\"https:\/\/www.alliesofhumanity.org\/sv\/#website\",\"url\":\"https:\/\/www.alliesofhumanity.org\/sv\/\",\"name\":\"The Allies of Humanity\",\"description\":\"\",\"potentialAction\":[{\"@type\":\"SearchAction\",\"target\":{\"@type\":\"EntryPoint\",\"urlTemplate\":\"https:\/\/www.alliesofhumanity.org\/sv\/?s={search_term_string}\"},\"query-input\":{\"@type\":\"PropertyValueSpecification\",\"valueRequired\":true,\"valueName\":\"search_term_string\"}}],\"inLanguage\":\"sv-SE\"}]}<\/script>\n<!-- \/ Yoast SEO plugin. -->","yoast_head_json":{"title":"M\u00e4nsklighetens Bundsf\u00f6rvanter, Bok Ett | M\u00e4nsklighetens Bundsf\u00f6rvanter","description":"F\u00f6r mer \u00e4n tjugo \u00e5r sedan samlades en grupp individer fr\u00e5n flera olika v\u00e4rldar p\u00e5 en diskret plats i v\u00e5rt solsystem n\u00e4ra jorden i syfte att observera den utomjordiska interventionen som p\u00e5g\u00e5r i v\u00e5r v\u00e4rld.","robots":{"index":"index","follow":"follow","max-snippet":"max-snippet:-1","max-image-preview":"max-image-preview:large","max-video-preview":"max-video-preview:-1"},"canonical":"https:\/\/www.alliesofhumanity.org\/sv\/budskapen\/book-one\/","og_locale":"sv_SE","og_type":"article","og_title":"M\u00e4nsklighetens Bundsf\u00f6rvanter Bok Ett | M\u00e4nsklighetens Bundsf\u00f6rvanter","og_description":"F\u00f6r mer \u00e4n tjugo \u00e5r sedan samlades en grupp individer fr\u00e5n flera olika v\u00e4rldar p\u00e5 en diskret plats i v\u00e5rt solsystem n\u00e4ra jorden i syfte att observera den utomjordiska interventionen som p\u00e5g\u00e5r i v\u00e5r v\u00e4rld.","og_url":"https:\/\/www.alliesofhumanity.org\/sv\/budskapen\/book-one\/","og_site_name":"The Allies of Humanity","article_publisher":"https:\/\/www.facebook.com\/alliesofhumanity\/","article_modified_time":"2021-05-27T20:39:28+00:00","og_image":[{"width":1200,"height":630,"url":"https:\/\/www.alliesofhumanity.org\/wp-content\/uploads\/2021\/01\/og-socialmedia-aoh.jpg","type":"image\/jpeg"}],"twitter_card":"summary_large_image","twitter_site":"@earthallies","twitter_misc":{"Ber\u00e4knad l\u00e4stid":"1 minut"},"schema":{"@context":"https:\/\/schema.org","@graph":[{"@type":"WebPage","@id":"https:\/\/www.alliesofhumanity.org\/sv\/budskapen\/book-one\/","url":"https:\/\/www.alliesofhumanity.org\/sv\/budskapen\/book-one\/","name":"M\u00e4nsklighetens Bundsf\u00f6rvanter, Bok Ett | M\u00e4nsklighetens Bundsf\u00f6rvanter","isPartOf":{"@id":"https:\/\/www.alliesofhumanity.org\/sv\/#website"},"datePublished":"2020-06-05T11:23:00+00:00","dateModified":"2021-05-27T20:39:28+00:00","description":"F\u00f6r mer \u00e4n tjugo \u00e5r sedan samlades en grupp individer fr\u00e5n flera olika v\u00e4rldar p\u00e5 en diskret plats i v\u00e5rt solsystem n\u00e4ra jorden i syfte att observera den utomjordiska interventionen som p\u00e5g\u00e5r i v\u00e5r v\u00e4rld.","breadcrumb":{"@id":"https:\/\/www.alliesofhumanity.org\/sv\/budskapen\/book-one\/#breadcrumb"},"inLanguage":"sv-SE","potentialAction":[{"@type":"ReadAction","target":["https:\/\/www.alliesofhumanity.org\/sv\/budskapen\/book-one\/"]}]},{"@type":"BreadcrumbList","@id":"https:\/\/www.alliesofhumanity.org\/sv\/budskapen\/book-one\/#breadcrumb","itemListElement":[{"@type":"ListItem","position":1,"name":"Budskapen","item":"https:\/\/www.alliesofhumanity.org\/sv\/budskapen\/"},{"@type":"ListItem","position":2,"name":"Bok Ett"}]},{"@type":"WebSite","@id":"https:\/\/www.alliesofhumanity.org\/sv\/#website","url":"https:\/\/www.alliesofhumanity.org\/sv\/","name":"The Allies of Humanity","description":"","potentialAction":[{"@type":"SearchAction","target":{"@type":"EntryPoint","urlTemplate":"https:\/\/www.alliesofhumanity.org\/sv\/?s={search_term_string}"},"query-input":{"@type":"PropertyValueSpecification","valueRequired":true,"valueName":"search_term_string"}}],"inLanguage":"sv-SE"}]}},"_links":{"self":[{"href":"https:\/\/www.alliesofhumanity.org\/sv\/wp-json\/wp\/v2\/pages\/3733","targetHints":{"allow":["GET"]}}],"collection":[{"href":"https:\/\/www.alliesofhumanity.org\/sv\/wp-json\/wp\/v2\/pages"}],"about":[{"href":"https:\/\/www.alliesofhumanity.org\/sv\/wp-json\/wp\/v2\/types\/page"}],"author":[{"embeddable":true,"href":"https:\/\/www.alliesofhumanity.org\/sv\/wp-json\/wp\/v2\/users\/2"}],"replies":[{"embeddable":true,"href":"https:\/\/www.alliesofhumanity.org\/sv\/wp-json\/wp\/v2\/comments?post=3733"}],"version-history":[{"count":8,"href":"https:\/\/www.alliesofhumanity.org\/sv\/wp-json\/wp\/v2\/pages\/3733\/revisions"}],"predecessor-version":[{"id":17695,"href":"https:\/\/www.alliesofhumanity.org\/sv\/wp-json\/wp\/v2\/pages\/3733\/revisions\/17695"}],"up":[{"embeddable":true,"href":"https:\/\/www.alliesofhumanity.org\/sv\/wp-json\/wp\/v2\/pages\/3558"}],"wp:attachment":[{"href":"https:\/\/www.alliesofhumanity.org\/sv\/wp-json\/wp\/v2\/media?parent=3733"}],"curies":[{"name":"wp","href":"https:\/\/api.w.org\/{rel}","templated":true}]}}