{"id":3551,"date":"2019-07-02T12:11:21","date_gmt":"2019-07-02T12:11:21","guid":{"rendered":"https:\/\/www.alliesofhumanity.org\/the-allies\/"},"modified":"2021-05-27T21:55:31","modified_gmt":"2021-05-27T20:55:31","slug":"mansklighetens-bundsfovanter","status":"publish","type":"page","link":"https:\/\/www.alliesofhumanity.org\/sv\/mansklighetens-bundsfovanter\/","title":{"rendered":"Bundsf\u00f6rvanterna"},"content":{"rendered":"\t\t<div data-elementor-type=\"wp-page\" data-elementor-id=\"3551\" class=\"elementor elementor-3551 elementor-758\" data-elementor-post-type=\"page\">\t\t\t\t\t\t<section class=\"elementor-section elementor-top-section elementor-element elementor-element-13aff578 elementor-section-full_width elementor-section-height-default elementor-section-height-default\" data-id=\"13aff578\" data-element_type=\"section\">\t\t\t\t\t\t<div class=\"elementor-container elementor-column-gap-default\">\t\t\t\t\t<div class=\"elementor-column elementor-col-100 elementor-top-column elementor-element elementor-element-73bd0eae\" data-id=\"73bd0eae\" data-element_type=\"column\">\t\t\t<div class=\"elementor-widget-wrap elementor-element-populated\">\t\t\t\t\t\t<div class=\"elementor-element elementor-element-0581c07 elementor-widget elementor-widget-text-editor\" data-id=\"0581c07\" data-element_type=\"widget\" data-widget_type=\"text-editor.default\">\t\t\t\t<div class=\"elementor-widget-container\">\t\t\t\t\t\t\t\t\t<h5>Boken <em>M\u00e4nsklighetens Bundsf\u00f6rvanter<\/em> presenteras f\u00f6r att f\u00f6rbereda m\u00e4nniskor p\u00e5 en helt ny verklighet som i stort sett \u00e4r f\u00f6rdold och ok\u00e4nd i dagens v\u00e4rld. Den erbjuder oss m\u00e4nniskor en ny syn som vidgar v\u00e5r f\u00f6rm\u00e5ga att konfrontera den st\u00f6rsta utmaning och m\u00f6jlighet vi, som ras, n\u00e5gonsin har m\u00f6tt.<\/h5><p>Bundsf\u00f6rvanternas budskap inneh\u00e5ller ett antal djupt allvarliga, f\u00f6r att inte s\u00e4ga alarmerande, uppgifter ang\u00e5ende den \u00f6kande utomjordiska interventionen, sammansm\u00e4ltningen i den m\u00e4nskliga rasen, om utomjordingarnas aktiviteter och f\u00f6rt\u00e4ckta agenda. Syftet med Bundsf\u00f6rvanternas Budskap \u00e4r inte att f\u00f6rse oss med tillf\u00f6rlitliga bevis ang\u00e5ende det utomjordiska bes\u00f6kets faktiska omst\u00e4ndigheter i v\u00e5r v\u00e4rld. Detta \u00e4mne \u00e4r utf\u00f6rligt dokumenterat i m\u00e5nga andra utm\u00e4rkta b\u00f6cker och forskningsrapporter. Syftet med Bundsf\u00f6rvanternas Budskap \u00e4r att uppm\u00e4rksamma fenomenets dramatiska och omfattande konsekvenser, att utmana v\u00e5ra m\u00e4nskliga passioner och uppfattningar ang\u00e5ende det och att varna oss f\u00f6r den utmaning vi nu st\u00e5r inf\u00f6r.<\/p><p>Budskapen ger en glimt av hur verkligheten \u00e4r i ett Universum fyllt av intelligent liv och vad Kontakt verkligen kommer att inneb\u00e4ra. F\u00f6r m\u00e5nga l\u00e4sare kommer det som avsl\u00f6jas i M\u00c4NSKLIGHETENS BUNDSF\u00d6RVANTER att utg\u00f6ra n\u00e5got helt nytt. F\u00f6r andra kommer det att vara en bekr\u00e4ftelse p\u00e5 saker och ting som de k\u00e4nt till sedan l\u00e4nge.<\/p><p>Trots att denna bok tillk\u00e4nnager ett angel\u00e4get budskap s\u00e5 handlar den i grunden om att vi r\u00f6r oss mot ett h\u00f6gre medvetande kallat \u201dKunskap\u201d, som innefattar en st\u00f6rre telepatisk f\u00f6rm\u00e5ga mellan m\u00e4nniskor och mellan raser. Mot bakgrund av detta \u00f6verf\u00f6rdes Bundsf\u00f6rvanternas Budskap till f\u00f6rfattaren fr\u00e5n individer i en utomjordisk grupp best\u00e5ende av m\u00e5nga olika raser som kallar sig sj\u00e4lva \u201dM\u00e4nsklighetens Bundsf\u00f6rvanter\u201d.<\/p><p>De beskriver sig sj\u00e4lva som fysiska varelser fr\u00e5n andra v\u00e4rldar som har samlats i v\u00e5rt solsystem n\u00e4ra jorden i syfte att observera utomjordingarnas f\u00f6rbindelser och aktiviteter och hur dessa utomjordingar l\u00e4gger sig i m\u00e4nsklighetens angel\u00e4genheter. De understryker att de sj\u00e4lva inte \u00e4r fysiskt n\u00e4rvarande i v\u00e5r v\u00e4rld och att de f\u00f6rser oss med n\u00f6dv\u00e4ndig visdom, inte med teknologi.<\/p><p>Bundsf\u00f6rvanternas Budskap \u00f6verf\u00f6rdes till f\u00f6rfattaren under en period av 1 \u00e5r. Budskapen ger perspektiv och insikt i ett komplicerat \u00e4mne som, trots \u00e5rtionden av \u00f6kande kunskap, forts\u00e4tter att f\u00f6rbrylla forskare. Emellertid \u00e4r detta perspektiv varken romantiskt, spekulativt eller idealistiskt avseende \u00e4mnet ifr\u00e5ga. Tv\u00e4rtom \u00e4r det ob\u00f6nh\u00f6rligen verkligt, obevekligt och utmanande, till och med f\u00f6r en l\u00e4sare som \u00e4r kunnig i \u00e4mnet.<\/p><p>F\u00f6r att f\u00f6rst\u00e5 vad denna bok f\u00f6rmedlar kr\u00e4vs det d\u00e4rf\u00f6r att du, \u00e5tminstone f\u00f6r en stund, l\u00e4mnar m\u00e5nga av de trosuppfattningar, antaganden och fr\u00e5gor som du kan ha ang\u00e5ende utomjordisk Kontakt och \u00e4ven hur denna bok kom till. Inneh\u00e5llet i boken kan liknas vid en flaskpost som s\u00e4ndes hit fr\u00e5n en plats bortom denna v\u00e4rld. Vi b\u00f6r d\u00e4rf\u00f6r inte h\u00e4nga upp oss p\u00e5 sj\u00e4lva flaskan, utan vad som finns i den.<\/p><p class=\"float-left bleed-left\"><img decoding=\"async\" src=\"https:\/\/www.alliesofhumanity.org\/wp-content\/uploads\/2020\/06\/960x540-aoh-book-1.jpg\" alt=\"\" \/><\/p><p>F\u00f6r att verkligen f\u00f6rst\u00e5 detta utmanande budskap m\u00e5ste vi konfrontera och ifr\u00e5gas\u00e4tta m\u00e5nga g\u00e4ngse antaganden och uppfattningar ang\u00e5ende m\u00f6jligheten och sannolikheten f\u00f6r Kontakt. Dessa inbegriper:<\/p><ul><li>f\u00f6rnekande<\/li><li>hoppfull f\u00f6rv\u00e4ntan<\/li><li>misstolkning av bevis f\u00f6r att bekr\u00e4fta v\u00e5ra trosuppfattningar<\/li><li>\u00f6nska och f\u00f6rv\u00e4nta fr\u00e4lsning fr\u00e5n \u201dbes\u00f6karna\u201d<\/li><li>tro att utomjordisk teknologi kommer att r\u00e4dda oss<\/li><li>k\u00e4nna hoppl\u00f6shet och eftergivenhet mot vad vi f\u00f6rmodar vara en \u00f6verl\u00e4gsen auktoritet<\/li><li>kr\u00e4va regeringens \u00f6ppenhet men inte bes\u00f6karnas \u00f6ppenhet<\/li><li>f\u00f6rd\u00f6ma m\u00e4nskliga ledare och institutioner men inte ifr\u00e5gas\u00e4tta \u201dbes\u00f6karna\u201d<\/li><li>anta att s\u00e5 l\u00e4nge de inte attackerat eller invaderat oss s\u00e5 m\u00e5ste de vara h\u00e4r f\u00f6r v\u00e5rt eget b\u00e4sta<\/li><li>anta att avancerad teknologi \u00e4r detsamma som h\u00f6g etik och andlighet<\/li><li>tro att detta fenomen \u00e4r att mysterium n\u00e4r det i sj\u00e4lva verket \u00e4r en begriplig tilldragelse<\/li><li>tro att utomjordingar p\u00e5 n\u00e5got s\u00e4tt kan g\u00f6ra anspr\u00e5k p\u00e5 m\u00e4nskligheten och denna planet<\/li><li>och tro att m\u00e4nskligheten \u00e4r of\u00f6rb\u00e4tterlig och inte kan klara av sina egna angel\u00e4genheter<\/li><\/ul><p>Bundsf\u00f6rvanternas Budskap utmanar s\u00e5dana antaganden och uppfattningar och skingrar m\u00e5nga av de myter vi f\u00f6r n\u00e4rvarande har ang\u00e5ende vem som bes\u00f6ker oss och varf\u00f6r de \u00e4r h\u00e4r.<\/p><p>Budskapen fr\u00e5n M\u00e4nsklighetens Bundsf\u00f6rvanter ger oss ett st\u00f6rre perspektiv och en djupare f\u00f6rst\u00e5else f\u00f6r v\u00e5rt \u00f6de inom ramen f\u00f6r ett omfattande panorama av intelligent liv i Universum. F\u00f6r att uppn\u00e5 detta riktar sig inte Bundsf\u00f6rvanterna till v\u00e5rt analytiska sinne men till Kunskap, den djupare del av oss d\u00e4r sanningen, fast\u00e4n f\u00f6rdunklad, kan direkt uppfattas och upplevas.<\/p><p><em>M\u00e4nsklighetens Bundsf\u00f6rvanter<\/em> kommer att ge upphov till m\u00e5nga fr\u00e5gor som kr\u00e4ver ytterligare utforskning och begrundande. Dess syfte \u00e4r inte att f\u00f6rse oss med namn, datum och plats men att erbjuda ett perspektiv p\u00e5 utomjordisk n\u00e4rvaro i v\u00e4rlden samt livet i Universum som vi m\u00e4nskliga varelser annars inte skulle kunna f\u00e5. Eftersom vi fortfarande lever isolerade i v\u00e5r v\u00e4rld s\u00e5 kan vi \u00e4nnu inte se och veta vad som h\u00e4nder betr\u00e4ffande intelligent liv bortom v\u00e5ra gr\u00e4nser. Av den anledningen beh\u00f6ver vi hj\u00e4lp \u2013 hj\u00e4lp av ett s\u00e4rskilt slag. Vi kanske inte uppfattar eller accepterar s\u00e5dan hj\u00e4lp i f\u00f6rsta taget. Trots det finns hj\u00e4lpen h\u00e4r.<\/p><p>Bundsf\u00f6rvanternas best\u00e4mda syfte \u00e4r att uppm\u00e4rksamma oss p\u00e5 vad riskerna medintr\u00e4det i det i det St\u00f6rre Samfundets intelligenta liv inneb\u00e4r och att hj\u00e4lpa oss att framg\u00e5ngsrikt tas oss \u00f6ver denna tr\u00f6skel s\u00e5 att vi bibeh\u00e5ller v\u00e5r sj\u00e4lvst\u00e4ndighet, v\u00e5r suver\u00e4nitet och v\u00e5rt sj\u00e4lvbest\u00e4mmande. Bundsf\u00f6rvanterna \u00e4r h\u00e4r f\u00f6r att ge oss r\u00e5d ang\u00e5ende m\u00e4nsklighetens behov att etablera egna \u201dRegler f\u00f6r Kontakt\u201d i dessa exempell\u00f6sa tider. Om vi, enligt Bundsf\u00f6rvanterna, \u00e4r f\u00f6rnuftiga, f\u00f6rberedda och enade s\u00e5 kommer vi att kunna inta v\u00e5r f\u00f6rutbest\u00e4mda plats som en utvecklad och fri ras i det St\u00f6rre Samfundet.<\/p><p>Under den tidsperiod som denna serie budskap f\u00f6rmedlades upprepade Bundsf\u00f6rvanterna vissa v\u00e4sentliga id\u00e9er som de ans\u00e5g avg\u00f6rande f\u00f6r v\u00e5r f\u00f6rst\u00e5else. Vi har beh\u00e5llit dessa upprepningar i boken f\u00f6r att bevara intentionen och integriteten i deras kommunikation. P\u00e5 grund av sk\u00e4rpan och allvaret i Bundsf\u00f6rvanternas budskap och de krafter i v\u00e5r v\u00e4rld som mots\u00e4tter sig detta s\u00e5 \u00e4r det klokt och n\u00f6dv\u00e4ndigt med dessa upprepningar.<\/p><p class=\"float-right bleed-right\"><img decoding=\"async\" src=\"https:\/\/www.alliesofhumanity.org\/wp-content\/uploads\/2020\/06\/960x540-aoh-book-2.jpg\" alt=\"\" \/><\/p><p>Som en uppf\u00f6ljare till <em>M\u00e4nsklighetens Bundsf\u00f6rvanter 2001<\/em>  f\u00f6rmedlade Bundsf\u00f6rvanterna en andra upps\u00e4ttning Budskap som komplement till deras viktiga information till m\u00e4nskligheten. <em>M\u00e4nsklighetens Bundsf\u00f6rvanter, Bok Tv\u00e5<\/em>, utgiven p\u00e5 engelska 2005, presenterar h\u00e4pnadsv\u00e4ckande ny information ang\u00e5ende samspelet mellan raser i v\u00e5rt lokala Universum samt karakt\u00e4ren, syftet och de hemligaste aktiviteterna f\u00f6r de raser som l\u00e4gger sig i m\u00e4nskliga angel\u00e4genheter. Tack vare de l\u00e4sare som f\u00f6rst\u00e5r angel\u00e4genheten i Bundsf\u00f6rvanternas meddelande och \u00f6vers\u00e4tter Budskapen till andra spr\u00e5k s\u00e5 sker en v\u00e4rldsomfattande och v\u00e4xande medvetenhet om Interventionen.<\/p><p>Vi p\u00e5 New Knowledge Library anser att dessa tv\u00e5 upps\u00e4ttningar Budskap inneh\u00e5ller vad som kan utg\u00f6ra ett av de viktigaste meddelanden som n\u00e5gonsin delgivits v\u00e4rlden av idag. <em>M\u00e4nsklighetens Bundsf\u00f6rvanter<\/em> \u00e4r inte bara \u00e4nnu en bok som spekulerar i fenomenet UFO\/Utomjordingar. Det \u00e4r ett genuint omdanande budskap med direkt sikte p\u00e5 det bakomliggande syftet f\u00f6r den utomjordiska Interventionen f\u00f6r att \u00f6ka medvetenheten om att vi m\u00e5ste konfrontera de utmaningar och de m\u00f6jligheter som ligger framf\u00f6r oss.<\/p><p><a title=\"Go to newmessage.org\" href=\"https:\/\/www.newmessage.org\/worldwide-community\/society\" target=\"_blank\" rel=\"noopener noreferrer\">The Society for the New Message<\/a><\/p>\t\t\t\t\t\t\t\t<\/div>\t\t\t\t<\/div>\t\t\t\t\t<\/div>\t\t<\/div>\t\t\t\t\t<\/div>\t\t<\/section>\t\t\t\t<\/div><p>\t\t<\/p>","protected":false},"excerpt":{"rendered":"<p>Boken M\u00e4nsklighetens Bundsf\u00f6rvanter presenteras f\u00f6r att f\u00f6rbereda m\u00e4nniskor p\u00e5 en helt ny verklighet som i stort sett \u00e4r f\u00f6rdold och ok\u00e4nd i dagens v\u00e4rld. Den erbjuder oss m\u00e4nniskor en ny syn som vidgar v\u00e5r f\u00f6rm\u00e5ga att konfrontera den st\u00f6rsta utmaning och m\u00f6jlighet vi, som ras, n\u00e5gonsin har m\u00f6tt. Bundsf\u00f6rvanternas budskap inneh\u00e5ller ett antal djupt allvarliga, [&hellip;]<\/p>\n","protected":false},"author":2,"featured_media":0,"parent":0,"menu_order":1,"comment_status":"closed","ping_status":"closed","template":"page.php","meta":{"_acf_changed":false,"footnotes":""},"class_list":["post-3551","page","type-page","status-publish","hentry"],"acf":[],"yoast_head":"<!-- This site is optimized with the Yoast SEO plugin v26.5 - https:\/\/yoast.com\/wordpress\/plugins\/seo\/ -->\n<title>Introduction to the Allies of Humanity: Disclosing the ET Intervention<\/title>\n<meta name=\"description\" content=\"The Allies Briefings contain a number of critical if not alarming statements about the growing extraterrestrial intervention, and its agenda.\" \/>\n<meta name=\"robots\" content=\"index, follow, max-snippet:-1, max-image-preview:large, max-video-preview:-1\" \/>\n<link rel=\"canonical\" href=\"https:\/\/www.alliesofhumanity.org\/sv\/mansklighetens-bundsfovanter\/\" \/>\n<meta property=\"og:locale\" content=\"sv_SE\" \/>\n<meta property=\"og:type\" content=\"article\" \/>\n<meta property=\"og:title\" content=\"Introduction to the Allies of Humanity: Disclosing the ET Intervention\" \/>\n<meta property=\"og:description\" content=\"The Allies Briefings contain a number of critical if not alarming statements about the growing extraterrestrial intervention, and its agenda.\" \/>\n<meta property=\"og:url\" content=\"https:\/\/www.alliesofhumanity.org\/sv\/mansklighetens-bundsfovanter\/\" \/>\n<meta property=\"og:site_name\" content=\"The Allies of Humanity\" \/>\n<meta property=\"article:publisher\" content=\"https:\/\/www.facebook.com\/alliesofhumanity\/\" \/>\n<meta property=\"article:modified_time\" content=\"2021-05-27T20:55:31+00:00\" \/>\n<meta property=\"og:image\" content=\"https:\/\/www.alliesofhumanity.org\/wp-content\/uploads\/2021\/01\/og-socialmedia-aoh.jpg\" \/>\n\t<meta property=\"og:image:width\" content=\"1200\" \/>\n\t<meta property=\"og:image:height\" content=\"630\" \/>\n\t<meta property=\"og:image:type\" content=\"image\/jpeg\" \/>\n<meta name=\"twitter:card\" content=\"summary_large_image\" \/>\n<meta name=\"twitter:title\" content=\"Introduction to the Allies of Humanity: Disclosing the ET Intervention\" \/>\n<meta name=\"twitter:site\" content=\"@earthallies\" \/>\n<meta name=\"twitter:label1\" content=\"Ber\u00e4knad l\u00e4stid\" \/>\n\t<meta name=\"twitter:data1\" content=\"7 minuter\" \/>\n<script type=\"application\/ld+json\" class=\"yoast-schema-graph\">{\"@context\":\"https:\/\/schema.org\",\"@graph\":[{\"@type\":\"WebPage\",\"@id\":\"https:\/\/www.alliesofhumanity.org\/sv\/mansklighetens-bundsfovanter\/\",\"url\":\"https:\/\/www.alliesofhumanity.org\/sv\/mansklighetens-bundsfovanter\/\",\"name\":\"Introduction to the Allies of Humanity: Disclosing the ET Intervention\",\"isPartOf\":{\"@id\":\"https:\/\/www.alliesofhumanity.org\/sv\/#website\"},\"datePublished\":\"2019-07-02T12:11:21+00:00\",\"dateModified\":\"2021-05-27T20:55:31+00:00\",\"description\":\"The Allies Briefings contain a number of critical if not alarming statements about the growing extraterrestrial intervention, and its agenda.\",\"inLanguage\":\"sv-SE\",\"potentialAction\":[{\"@type\":\"ReadAction\",\"target\":[\"https:\/\/www.alliesofhumanity.org\/sv\/mansklighetens-bundsfovanter\/\"]}]},{\"@type\":\"WebSite\",\"@id\":\"https:\/\/www.alliesofhumanity.org\/sv\/#website\",\"url\":\"https:\/\/www.alliesofhumanity.org\/sv\/\",\"name\":\"The Allies of Humanity\",\"description\":\"\",\"potentialAction\":[{\"@type\":\"SearchAction\",\"target\":{\"@type\":\"EntryPoint\",\"urlTemplate\":\"https:\/\/www.alliesofhumanity.org\/sv\/?s={search_term_string}\"},\"query-input\":{\"@type\":\"PropertyValueSpecification\",\"valueRequired\":true,\"valueName\":\"search_term_string\"}}],\"inLanguage\":\"sv-SE\"}]}<\/script>\n<!-- \/ Yoast SEO plugin. -->","yoast_head_json":{"title":"Introduction to the Allies of Humanity: Disclosing the ET Intervention","description":"The Allies Briefings contain a number of critical if not alarming statements about the growing extraterrestrial intervention, and its agenda.","robots":{"index":"index","follow":"follow","max-snippet":"max-snippet:-1","max-image-preview":"max-image-preview:large","max-video-preview":"max-video-preview:-1"},"canonical":"https:\/\/www.alliesofhumanity.org\/sv\/mansklighetens-bundsfovanter\/","og_locale":"sv_SE","og_type":"article","og_title":"Introduction to the Allies of Humanity: Disclosing the ET Intervention","og_description":"The Allies Briefings contain a number of critical if not alarming statements about the growing extraterrestrial intervention, and its agenda.","og_url":"https:\/\/www.alliesofhumanity.org\/sv\/mansklighetens-bundsfovanter\/","og_site_name":"The Allies of Humanity","article_publisher":"https:\/\/www.facebook.com\/alliesofhumanity\/","article_modified_time":"2021-05-27T20:55:31+00:00","og_image":[{"width":1200,"height":630,"url":"https:\/\/www.alliesofhumanity.org\/wp-content\/uploads\/2021\/01\/og-socialmedia-aoh.jpg","type":"image\/jpeg"}],"twitter_card":"summary_large_image","twitter_title":"Introduction to the Allies of Humanity: Disclosing the ET Intervention","twitter_site":"@earthallies","twitter_misc":{"Ber\u00e4knad l\u00e4stid":"7 minuter"},"schema":{"@context":"https:\/\/schema.org","@graph":[{"@type":"WebPage","@id":"https:\/\/www.alliesofhumanity.org\/sv\/mansklighetens-bundsfovanter\/","url":"https:\/\/www.alliesofhumanity.org\/sv\/mansklighetens-bundsfovanter\/","name":"Introduction to the Allies of Humanity: Disclosing the ET Intervention","isPartOf":{"@id":"https:\/\/www.alliesofhumanity.org\/sv\/#website"},"datePublished":"2019-07-02T12:11:21+00:00","dateModified":"2021-05-27T20:55:31+00:00","description":"The Allies Briefings contain a number of critical if not alarming statements about the growing extraterrestrial intervention, and its agenda.","inLanguage":"sv-SE","potentialAction":[{"@type":"ReadAction","target":["https:\/\/www.alliesofhumanity.org\/sv\/mansklighetens-bundsfovanter\/"]}]},{"@type":"WebSite","@id":"https:\/\/www.alliesofhumanity.org\/sv\/#website","url":"https:\/\/www.alliesofhumanity.org\/sv\/","name":"The Allies of Humanity","description":"","potentialAction":[{"@type":"SearchAction","target":{"@type":"EntryPoint","urlTemplate":"https:\/\/www.alliesofhumanity.org\/sv\/?s={search_term_string}"},"query-input":{"@type":"PropertyValueSpecification","valueRequired":true,"valueName":"search_term_string"}}],"inLanguage":"sv-SE"}]}},"_links":{"self":[{"href":"https:\/\/www.alliesofhumanity.org\/sv\/wp-json\/wp\/v2\/pages\/3551","targetHints":{"allow":["GET"]}}],"collection":[{"href":"https:\/\/www.alliesofhumanity.org\/sv\/wp-json\/wp\/v2\/pages"}],"about":[{"href":"https:\/\/www.alliesofhumanity.org\/sv\/wp-json\/wp\/v2\/types\/page"}],"author":[{"embeddable":true,"href":"https:\/\/www.alliesofhumanity.org\/sv\/wp-json\/wp\/v2\/users\/2"}],"replies":[{"embeddable":true,"href":"https:\/\/www.alliesofhumanity.org\/sv\/wp-json\/wp\/v2\/comments?post=3551"}],"version-history":[{"count":16,"href":"https:\/\/www.alliesofhumanity.org\/sv\/wp-json\/wp\/v2\/pages\/3551\/revisions"}],"predecessor-version":[{"id":17699,"href":"https:\/\/www.alliesofhumanity.org\/sv\/wp-json\/wp\/v2\/pages\/3551\/revisions\/17699"}],"wp:attachment":[{"href":"https:\/\/www.alliesofhumanity.org\/sv\/wp-json\/wp\/v2\/media?parent=3551"}],"curies":[{"name":"wp","href":"https:\/\/api.w.org\/{rel}","templated":true}]}}