{"id":17448,"date":"2021-05-23T20:27:55","date_gmt":"2021-05-23T19:27:55","guid":{"rendered":"https:\/\/www.alliesofhumanity.org\/budskapen\/12-point-summary-of-the-allies-of-humanity-briefings\/"},"modified":"2023-04-24T23:14:16","modified_gmt":"2023-04-24T22:14:16","slug":"12-point-summary-of-the-allies-of-humanity-briefings","status":"publish","type":"page","link":"https:\/\/www.alliesofhumanity.org\/sv\/budskapen\/12-point-summary-of-the-allies-of-humanity-briefings\/","title":{"rendered":"12-Punkts Sammanfattning"},"content":{"rendered":"\t\t<div data-elementor-type=\"wp-page\" data-elementor-id=\"17448\" class=\"elementor elementor-17448 elementor-2001\" data-elementor-post-type=\"page\">\t\t\t\t\t\t<section class=\"elementor-section elementor-top-section elementor-element elementor-element-28ebce47 elementor-section-boxed elementor-section-height-default elementor-section-height-default\" data-id=\"28ebce47\" data-element_type=\"section\">\t\t\t\t\t\t<div class=\"elementor-container elementor-column-gap-default\">\t\t\t\t\t<div class=\"elementor-column elementor-col-100 elementor-top-column elementor-element elementor-element-56ef9ab3\" data-id=\"56ef9ab3\" data-element_type=\"column\">\t\t\t<div class=\"elementor-widget-wrap elementor-element-populated\">\t\t\t\t\t\t<div class=\"elementor-element elementor-element-5c8d1469 elementor-widget elementor-widget-text-editor\" data-id=\"5c8d1469\" data-element_type=\"widget\" data-widget_type=\"text-editor.default\">\t\t\t\t<div class=\"elementor-widget-container\">\t\t\t\t\t\t\t\t\t<p>F\u00f6r att assistera er i att dela med er av De Allierades Budskap och Rapporter med andra, inkluderar vi denna 12-punkts sammanfattning av de fyra upps\u00e4ttningarna av Rapporter. Denna sammanfattning representerar endast en allm\u00e4n \u00f6versikt och inneh\u00e5ller inte m\u00e5nga av de viktiga detaljer som g\u00f6r det m\u00f6jligt att f\u00f6rst\u00e5 de Allierades Rapporter fullst\u00e4ndigt.<\/p>\r<ol>\r<li>M\u00e4nsklighetens \u00f6de \u00e4r att v\u00e4xa fram i och engagera sig i en St\u00f6rre Gemensamhet av intelligent liv i universum.<\/li>\r<li>Kontakt med andra former av intelligent liv utg\u00f6r den st\u00f6rsta tr\u00f6skel som m\u00e4nskligheten n\u00e5gonsin har st\u00e5tt inf\u00f6r. Resultaten av denna kontakt kommer att avg\u00f6ra m\u00e4nsklighetens framtid f\u00f6r kommande generationer. Denna kontakt \u00e4ger rum nu.<\/li>\r<li>M\u00e4nskligheten \u00e4r inte f\u00f6rberedd f\u00f6r kontakt. Forskare kan fortfarande inte se tydligt vilka som bes\u00f6ker v\u00e5r v\u00e4rld och varf\u00f6r. Regeringar avsl\u00f6jar inte vad de vet och de flesta m\u00e4nniskor f\u00f6rnekar fortfarande att detta fenomen ens f\u00f6rekommer.<\/li>\r<li>P\u00e5 grund av denna brist p\u00e5 f\u00f6rberedelser s\u00e4nde m\u00e4nsklighetens sanna Allierade representanter till en plats n\u00e4ra jorden f\u00f6r att observera den utomjordiska n\u00e4rvaron och aktiviteterna i v\u00e5r v\u00e4rld. M\u00e4nsklighetens Bundsf\u00f6rvanters rapporter representerar deras rapport.<\/li>\r<li>Rapporterna avsl\u00f6jar att v\u00e5r v\u00e4rld genomg\u00e5r ett utomjordiskt ingripande av makter som, av deras handlingar framg\u00e5r, \u00e4r h\u00e4r f\u00f6r att undergr\u00e4va m\u00e4nsklig auktoritet och f\u00f6r att integrera sig i m\u00e4nskliga samh\u00e4llen till sin egen f\u00f6rdel. Dessa krafter representerar icke-milit\u00e4ra organisationer som \u00e4r h\u00e4r f\u00f6r att s\u00f6ka m\u00e4nskliga och biologiska resurser. De Allierade h\u00e4nvisar till dessa krafter som \u201dkollektiv\u201d. De kollektiva styrkorna v\u00e4rderar inte m\u00e4nsklig frihet.<\/li>\r<li>Eftersom Interventionen genomf\u00f6rs av sm\u00e5 grupper av ingripande styrkor m\u00e5ste den i f\u00f6rsta hand f\u00f6rlita sig p\u00e5 att vilseledning och att \u00f6vertalning f\u00f6r att uppn\u00e5 sina m\u00e5l. De Allierades Rapporter beskriver i detalj hur detta genomf\u00f6rs och vad vi m\u00e5ste g\u00f6ra f\u00f6r att stoppa detta.<\/li>\r<li>Denna utomjordiska Intervention \u00e4r fokuserad p\u00e5 fyra olika omr\u00e5den:<\/li>\r<ul>\r<li>Den p\u00e5verkar vissa individer i maktpositioner och auktoriteter inom regering, handel och religion att samarbeta med Interventionen genom l\u00f6ften om mer rikedom, makt och teknologi.<\/li>\r<li>Den skapar dolda etableringar i v\u00e4rlden fr\u00e5n vilken interventionen kan ut\u00f6va sitt inflytande i den mentala milj\u00f6n och f\u00f6rs\u00f6ker g\u00f6ra m\u00e4nniskor \u00f6verallt \u00f6ppna och fogliga till dess vilja genom ett \u201dPacificerings Program\u201d.<\/li>\r<li>Den manipulerar v\u00e5ra religi\u00f6sa v\u00e4rderingar och andliga impulser i syfte att vinna m\u00e4nskliga allianser f\u00f6r sin egen sak.<\/li>\r<li>Den tar m\u00e4nniskor mot deras vilja, och ofta utan att de \u00e4r medvetna om det, f\u00f6r att underst\u00f6dja ett avelsprogram utformat f\u00f6r att skapa en hybridras och ett nytt ledarskap som skulle vara bundna till \u201dbes\u00f6karna\u201d.<\/li>\r<\/ul>\r<li>De utomjordiska bes\u00f6kare som har varit potentiellt gynnsamma f\u00f6r m\u00e4nskligheten har alla dragit sig undan ifr\u00e5n v\u00e4rlden i samband med Interventionen. De som nu \u00e5terst\u00e5r \u00e4r utomjordiska raser som inte \u00e4r h\u00e4r f\u00f6r v\u00e5r skull. Detta l\u00e4mnar oss i en otvetydig situation n\u00e4r det g\u00e4ller den utomjordiska n\u00e4rvaroens avsikter och aktiviteter. Det g\u00f6r det m\u00f6jligt f\u00f6r oss att tydligt se vad vi har att g\u00f6ra med. Annars skulle det vara om\u00f6jligt f\u00f6r oss att skilja v\u00e4n fr\u00e5n fiende.<\/li>\r<li>M\u00e4nsklighetens Bundsf\u00f6rvanters Rapporter betonar den allvarliga faran med att vi accepterar och blir beroende av ET teknologi som erbjuds av Interventionen. Detta kommer bara att leda till att vi blir beroende av \u201dbes\u00f6karna\u201d, vilket i sint tur leder till att vi f\u00f6rlorar v\u00e5r frihet och sj\u00e4lvf\u00f6rs\u00f6rjning. Ingen allierad, i sann bem\u00e4rkelse, till m\u00e4nskligheten skulle erbjuda oss detta. De Allierade betonar att vi har jord-baserade l\u00f6sningar p\u00e5 alla problem som vi st\u00e5r inf\u00f6r. Vad vi saknar som ras \u00e4r enighet, vilja och samarbete.<\/li>\r<li>Trots den stora utmaning vi nu st\u00e5r inf\u00f6r har m\u00e4nskligheten fortfarande en stor f\u00f6rdel om vi kan agera i tid. De Allierades Rapporter avsl\u00f6jar b\u00e5de interventionens styrkor och svagheter. En av interventionens brister enligt den St\u00f6rre Gemensamhetens f\u00f6rh\u00e5llningsregler i den rymd region d\u00e4r v\u00e5r v\u00e4rld existerar \u00e4r att ingripande inte till\u00e5ts om det inte kan visas att det inhemska folket v\u00e4lkomnar och godk\u00e4nner det. H\u00e4r kan v\u00e5ra r\u00f6ster ha makt i den St\u00f6rre Gemensamheten. F\u00f6r n\u00e4rvarande har Interventionen f\u00e5 kritiker. Men om tillr\u00e4ckligt m\u00e5nga m\u00e4nniskor kan bli medvetna om den och st\u00e5 upp mot den kommer interventionen att motarbetas och m\u00e5ste dra sig tillbaka. Detta \u00e4r det f\u00f6rsta steget i m\u00e4nsklighetens f\u00f6rberedelser f\u00f6r att hantera verkligheten i livet i universum. Detta steg och alla de steg som f\u00f6ljer ger m\u00e4nskligheten dess enda stora chans att \u00f6vervinna sina l\u00e5ngvariga konflikter och att enas i sitt eget f\u00f6rsvar f\u00f6r att bevara v\u00e4rlden. De Allierade betonar att vi som m\u00e4nniskor har den andliga och kollektiva kraften att g\u00f6ra detta, och att vi m\u00e5ste g\u00f6ra det om vi vill \u00f6verleva och avancera som en fri och oberoende ras i universum.<\/li>\r<li>F\u00f6rberedelserna inf\u00f6r v\u00e5r kontakt med den St\u00f6rre Gemensamheten b\u00f6rjar med medvetenhet, utbildning och Kunskap-v\u00e5rt andliga Sinne.<\/li>\r<li>N\u00e4r m\u00e4nskligheten m\u00f6ter den St\u00f6rre Gemensamheten m\u00e5ste den bygga upp enighet, sj\u00e4lvf\u00f6rs\u00f6rjning och diskretion. Detta \u00e4r de tre krav som alla fria nationer m\u00e5ste uppr\u00e4tta f\u00f6r att vara fria i universum.<\/li>\r<\/ol>\r<p>\r<\/p><p style=\"text-align: center; padding-left: 120px;\">___________________________<\/p>\r<p style=\"text-align: center; padding-left: 120px;\"><em>&#8221;Om m\u00e4nskligheten var v\u00e4l insatta i St\u00f6rre Gemensamhetens angel\u00e4genheter skulle ni mots\u00e4tta er varje bes\u00f6k i er v\u00e4rld om inte en \u00f6msesidig \u00f6verenskommelse hade uppr\u00e4ttats tidigare. Ni skulle veta tillr\u00e4ckligt mycket f\u00f6r att inte l\u00e5ta er v\u00e4rld vara s\u00e5 s\u00e5rbar.&#8221;<\/em><\/p>\r<p style=\"text-align: center; padding-left: 120px;\"><em><a href=\"https:\/\/www.alliesofhumanity.org\/sv\/budskapen\/book-one\/\">M\u00e4nsklightens Allierade, Bok 1<\/a>:<\/em> <a href=\"https:\/\/www.alliesofhumanity.org\/sv\/budskapen\/book-one\/the-visitors\/\">Den Tredje Rapporten<\/a><\/p>\r<p style=\"text-align: center; padding-left: 120px;\"><strong><a href=\"https:\/\/www.alliesofhumanity.org\/sv\">www.AlliesofHumanity.org\/sv<\/a><\/strong><\/p>\t\t\t\t\t\t\t\t<\/div>\t\t\t\t<\/div>\t\t\t\t\t<\/div>\t\t<\/div>\t\t\t\t\t<\/div>\t\t<\/section>\t\t\t\t<\/div><p>\t\t<\/p>","protected":false},"excerpt":{"rendered":"<p>F\u00f6r att assistera er i att dela med er av De Allierades Budskap och Rapporter med andra, inkluderar vi denna 12-punkts sammanfattning av de fyra upps\u00e4ttningarna av Rapporter. Denna sammanfattning representerar endast en allm\u00e4n \u00f6versikt och inneh\u00e5ller inte m\u00e5nga av de viktiga detaljer som g\u00f6r det m\u00f6jligt att f\u00f6rst\u00e5 de Allierades Rapporter fullst\u00e4ndigt. M\u00e4nsklighetens \u00f6de [&hellip;]<\/p>\n","protected":false},"author":23,"featured_media":0,"parent":3558,"menu_order":5,"comment_status":"closed","ping_status":"closed","template":"page.php","meta":{"_acf_changed":false,"footnotes":""},"class_list":["post-17448","page","type-page","status-publish","hentry"],"acf":[],"yoast_head":"<!-- This site is optimized with the Yoast SEO plugin v26.5 - https:\/\/yoast.com\/wordpress\/plugins\/seo\/ -->\n<title>12-Punkts Sammanfattning av de Allierades Rapporter<\/title>\n<meta name=\"description\" content=\"A Summary of the Allies Briefings. Revealing the extraterrestrial alien presence in the world today and the requirements for ethical contact.\" \/>\n<meta name=\"robots\" content=\"index, follow, max-snippet:-1, max-image-preview:large, max-video-preview:-1\" \/>\n<link rel=\"canonical\" href=\"https:\/\/www.alliesofhumanity.org\/sv\/budskapen\/12-point-summary-of-the-allies-of-humanity-briefings\/\" \/>\n<meta property=\"og:locale\" content=\"sv_SE\" \/>\n<meta property=\"og:type\" content=\"article\" \/>\n<meta property=\"og:title\" content=\"12-Punkts Sammanfattning av de Allierades Rapporter\" \/>\n<meta property=\"og:description\" content=\"A Summary of the Allies Briefings. Revealing the extraterrestrial alien presence in the world today and the requirements for ethical contact.\" \/>\n<meta property=\"og:url\" content=\"https:\/\/www.alliesofhumanity.org\/sv\/budskapen\/12-point-summary-of-the-allies-of-humanity-briefings\/\" \/>\n<meta property=\"og:site_name\" content=\"The Allies of Humanity\" \/>\n<meta property=\"article:publisher\" content=\"https:\/\/www.facebook.com\/alliesofhumanity\/\" \/>\n<meta property=\"article:modified_time\" content=\"2023-04-24T22:14:16+00:00\" \/>\n<meta property=\"og:image\" content=\"https:\/\/www.alliesofhumanity.org\/wp-content\/uploads\/2021\/01\/og-socialmedia-aoh.jpg\" \/>\n\t<meta property=\"og:image:width\" content=\"1200\" \/>\n\t<meta property=\"og:image:height\" content=\"630\" \/>\n\t<meta property=\"og:image:type\" content=\"image\/jpeg\" \/>\n<meta name=\"twitter:card\" content=\"summary_large_image\" \/>\n<meta name=\"twitter:title\" content=\"12-Punkts Sammanfattning av de Allierades Rapporter\" \/>\n<meta name=\"twitter:site\" content=\"@earthallies\" \/>\n<meta name=\"twitter:label1\" content=\"Ber\u00e4knad l\u00e4stid\" \/>\n\t<meta name=\"twitter:data1\" content=\"5 minuter\" \/>\n<script type=\"application\/ld+json\" class=\"yoast-schema-graph\">{\"@context\":\"https:\/\/schema.org\",\"@graph\":[{\"@type\":\"WebPage\",\"@id\":\"https:\/\/www.alliesofhumanity.org\/sv\/budskapen\/12-point-summary-of-the-allies-of-humanity-briefings\/\",\"url\":\"https:\/\/www.alliesofhumanity.org\/sv\/budskapen\/12-point-summary-of-the-allies-of-humanity-briefings\/\",\"name\":\"12-Punkts Sammanfattning av de Allierades Rapporter\",\"isPartOf\":{\"@id\":\"https:\/\/www.alliesofhumanity.org\/sv\/#website\"},\"datePublished\":\"2021-05-23T19:27:55+00:00\",\"dateModified\":\"2023-04-24T22:14:16+00:00\",\"description\":\"A Summary of the Allies Briefings. Revealing the extraterrestrial alien presence in the world today and the requirements for ethical contact.\",\"breadcrumb\":{\"@id\":\"https:\/\/www.alliesofhumanity.org\/sv\/budskapen\/12-point-summary-of-the-allies-of-humanity-briefings\/#breadcrumb\"},\"inLanguage\":\"sv-SE\",\"potentialAction\":[{\"@type\":\"ReadAction\",\"target\":[\"https:\/\/www.alliesofhumanity.org\/sv\/budskapen\/12-point-summary-of-the-allies-of-humanity-briefings\/\"]}]},{\"@type\":\"BreadcrumbList\",\"@id\":\"https:\/\/www.alliesofhumanity.org\/sv\/budskapen\/12-point-summary-of-the-allies-of-humanity-briefings\/#breadcrumb\",\"itemListElement\":[{\"@type\":\"ListItem\",\"position\":1,\"name\":\"Budskapen\",\"item\":\"https:\/\/www.alliesofhumanity.org\/sv\/budskapen\/\"},{\"@type\":\"ListItem\",\"position\":2,\"name\":\"12-Punkts Sammanfattning\"}]},{\"@type\":\"WebSite\",\"@id\":\"https:\/\/www.alliesofhumanity.org\/sv\/#website\",\"url\":\"https:\/\/www.alliesofhumanity.org\/sv\/\",\"name\":\"The Allies of Humanity\",\"description\":\"\",\"potentialAction\":[{\"@type\":\"SearchAction\",\"target\":{\"@type\":\"EntryPoint\",\"urlTemplate\":\"https:\/\/www.alliesofhumanity.org\/sv\/?s={search_term_string}\"},\"query-input\":{\"@type\":\"PropertyValueSpecification\",\"valueRequired\":true,\"valueName\":\"search_term_string\"}}],\"inLanguage\":\"sv-SE\"}]}<\/script>\n<!-- \/ Yoast SEO plugin. -->","yoast_head_json":{"title":"12-Punkts Sammanfattning av de Allierades Rapporter","description":"A Summary of the Allies Briefings. Revealing the extraterrestrial alien presence in the world today and the requirements for ethical contact.","robots":{"index":"index","follow":"follow","max-snippet":"max-snippet:-1","max-image-preview":"max-image-preview:large","max-video-preview":"max-video-preview:-1"},"canonical":"https:\/\/www.alliesofhumanity.org\/sv\/budskapen\/12-point-summary-of-the-allies-of-humanity-briefings\/","og_locale":"sv_SE","og_type":"article","og_title":"12-Punkts Sammanfattning av de Allierades Rapporter","og_description":"A Summary of the Allies Briefings. Revealing the extraterrestrial alien presence in the world today and the requirements for ethical contact.","og_url":"https:\/\/www.alliesofhumanity.org\/sv\/budskapen\/12-point-summary-of-the-allies-of-humanity-briefings\/","og_site_name":"The Allies of Humanity","article_publisher":"https:\/\/www.facebook.com\/alliesofhumanity\/","article_modified_time":"2023-04-24T22:14:16+00:00","og_image":[{"width":1200,"height":630,"url":"https:\/\/www.alliesofhumanity.org\/wp-content\/uploads\/2021\/01\/og-socialmedia-aoh.jpg","type":"image\/jpeg"}],"twitter_card":"summary_large_image","twitter_title":"12-Punkts Sammanfattning av de Allierades Rapporter","twitter_site":"@earthallies","twitter_misc":{"Ber\u00e4knad l\u00e4stid":"5 minuter"},"schema":{"@context":"https:\/\/schema.org","@graph":[{"@type":"WebPage","@id":"https:\/\/www.alliesofhumanity.org\/sv\/budskapen\/12-point-summary-of-the-allies-of-humanity-briefings\/","url":"https:\/\/www.alliesofhumanity.org\/sv\/budskapen\/12-point-summary-of-the-allies-of-humanity-briefings\/","name":"12-Punkts Sammanfattning av de Allierades Rapporter","isPartOf":{"@id":"https:\/\/www.alliesofhumanity.org\/sv\/#website"},"datePublished":"2021-05-23T19:27:55+00:00","dateModified":"2023-04-24T22:14:16+00:00","description":"A Summary of the Allies Briefings. Revealing the extraterrestrial alien presence in the world today and the requirements for ethical contact.","breadcrumb":{"@id":"https:\/\/www.alliesofhumanity.org\/sv\/budskapen\/12-point-summary-of-the-allies-of-humanity-briefings\/#breadcrumb"},"inLanguage":"sv-SE","potentialAction":[{"@type":"ReadAction","target":["https:\/\/www.alliesofhumanity.org\/sv\/budskapen\/12-point-summary-of-the-allies-of-humanity-briefings\/"]}]},{"@type":"BreadcrumbList","@id":"https:\/\/www.alliesofhumanity.org\/sv\/budskapen\/12-point-summary-of-the-allies-of-humanity-briefings\/#breadcrumb","itemListElement":[{"@type":"ListItem","position":1,"name":"Budskapen","item":"https:\/\/www.alliesofhumanity.org\/sv\/budskapen\/"},{"@type":"ListItem","position":2,"name":"12-Punkts Sammanfattning"}]},{"@type":"WebSite","@id":"https:\/\/www.alliesofhumanity.org\/sv\/#website","url":"https:\/\/www.alliesofhumanity.org\/sv\/","name":"The Allies of Humanity","description":"","potentialAction":[{"@type":"SearchAction","target":{"@type":"EntryPoint","urlTemplate":"https:\/\/www.alliesofhumanity.org\/sv\/?s={search_term_string}"},"query-input":{"@type":"PropertyValueSpecification","valueRequired":true,"valueName":"search_term_string"}}],"inLanguage":"sv-SE"}]}},"_links":{"self":[{"href":"https:\/\/www.alliesofhumanity.org\/sv\/wp-json\/wp\/v2\/pages\/17448","targetHints":{"allow":["GET"]}}],"collection":[{"href":"https:\/\/www.alliesofhumanity.org\/sv\/wp-json\/wp\/v2\/pages"}],"about":[{"href":"https:\/\/www.alliesofhumanity.org\/sv\/wp-json\/wp\/v2\/types\/page"}],"author":[{"embeddable":true,"href":"https:\/\/www.alliesofhumanity.org\/sv\/wp-json\/wp\/v2\/users\/23"}],"replies":[{"embeddable":true,"href":"https:\/\/www.alliesofhumanity.org\/sv\/wp-json\/wp\/v2\/comments?post=17448"}],"version-history":[{"count":10,"href":"https:\/\/www.alliesofhumanity.org\/sv\/wp-json\/wp\/v2\/pages\/17448\/revisions"}],"predecessor-version":[{"id":21230,"href":"https:\/\/www.alliesofhumanity.org\/sv\/wp-json\/wp\/v2\/pages\/17448\/revisions\/21230"}],"up":[{"embeddable":true,"href":"https:\/\/www.alliesofhumanity.org\/sv\/wp-json\/wp\/v2\/pages\/3558"}],"wp:attachment":[{"href":"https:\/\/www.alliesofhumanity.org\/sv\/wp-json\/wp\/v2\/media?parent=17448"}],"curies":[{"name":"wp","href":"https:\/\/api.w.org\/{rel}","templated":true}]}}