{"id":17444,"date":"2021-05-23T20:12:06","date_gmt":"2021-05-23T19:12:06","guid":{"rendered":"https:\/\/www.alliesofhumanity.org\/budskapen\/book-one\/final-words\/"},"modified":"2021-05-27T20:53:23","modified_gmt":"2021-05-27T19:53:23","slug":"final-words","status":"publish","type":"page","link":"https:\/\/www.alliesofhumanity.org\/sv\/budskapen\/book-one\/final-words\/","title":{"rendered":"Slutord"},"content":{"rendered":"\t\t<div data-elementor-type=\"wp-page\" data-elementor-id=\"17444\" class=\"elementor elementor-17444 elementor-2181\" data-elementor-post-type=\"page\">\t\t\t\t\t\t<section class=\"elementor-section elementor-top-section elementor-element elementor-element-54dadb56 elementor-section-boxed elementor-section-height-default elementor-section-height-default\" data-id=\"54dadb56\" data-element_type=\"section\">\t\t\t\t\t\t<div class=\"elementor-container elementor-column-gap-default\">\t\t\t\t\t<div class=\"elementor-column elementor-col-100 elementor-top-column elementor-element elementor-element-31c5ce98\" data-id=\"31c5ce98\" data-element_type=\"column\">\t\t\t<div class=\"elementor-widget-wrap elementor-element-populated\">\t\t\t\t\t\t<div class=\"elementor-element elementor-element-7d4c35aa elementor-widget elementor-widget-text-editor\" data-id=\"7d4c35aa\" data-element_type=\"widget\" data-widget_type=\"text-editor.default\">\t\t\t\t<div class=\"elementor-widget-container\">\t\t\t\t\t\t\t\t\t<h1 style=\"text-align: center;\">Slutord<\/h1><p>M\u00e4nskligheten \u00e4r p\u00e5 v\u00e4g mot n\u00e5got nytt. Den st\u00e5r inf\u00f6r en sv\u00e5r situation. Behovet av en ny utbildning och f\u00f6rst\u00e5else \u00e4r angel\u00e4gen. Vi \u00e4r h\u00e4r f\u00f6r att tillfredsst\u00e4lla detta behov p\u00e5 beg\u00e4ran fr\u00e5n De Osynliga. De f\u00f6rlitar sig p\u00e5 att vi delar med oss av v\u00e5r visdom, ty vi lever i det fysiska universum precis som ni. Vi \u00e4r inte \u00e4nglalika varelser. Vi \u00e4r inte perfekta. Vi har inte uppn\u00e5tt h\u00f6ga niv\u00e5er av andlig medvetenhet och fullbordande. Och d\u00e4rf\u00f6r tror vi att v\u00e5rt budskap om det Kosmiska Samfundet kommer att vara mera till\u00e4mpbart och l\u00e4ttmottagligt. De Osynliga vet mycket mer \u00e4n vi om livet i universum och om de sj\u00e4lvutvecklings- och utbildningsmetoder som finns och praktiseras p\u00e5 m\u00e5nga platser. Men de har bett oss att tala om det fysiska livets verklighet eftersom det \u00e4r d\u00e4r vi \u00e4r verksamma. Och vi har genom egen erfarenhet l\u00e4rt oss betydelsen av och meningen med vad vi delar med oss till er.<\/p><p>S\u00e5lunda kommer vi till er som M\u00e4nsklighetens Bundsf\u00f6rvanter, ty s\u00e5dana \u00e4r vi. Var tacksamma f\u00f6r att ni har bundsf\u00f6rvanter som kan hj\u00e4lpa er och som kan undervisa er och fr\u00e4mja er styrka, er frihet och era framsteg. Ty utan denna hj\u00e4lp skulle m\u00f6jligheten att \u00f6verleva den fr\u00e4mmande infiltration ni \u00e4r utsatt f\u00f6r vara h\u00f6gst begr\u00e4nsad. F\u00f6rvisso skulle det finnas ett f\u00e5tal individer som ins\u00e5g situationens allvar, men deras antal skulle inte vara tillr\u00e4ckligt och deras r\u00f6ster skulle inte h\u00f6ras.<\/p><p>I detta avseende kan vi endast be om er tillit. Vi hoppas att vi, genom visdomen i v\u00e5ra ord och genom de m\u00f6jligheter ni har att studera deras mening och relevans, med tiden ska vinna er tillit, ty ni har bundsf\u00f6rvanter i det St\u00f6rre Samfundet. Ni har verkliga v\u00e4nner bortom denna v\u00e4rld, v\u00e4nner som har uth\u00e4rdat och \u00f6vervunnit samma utmaningar som ni st\u00e5r inf\u00f6r nu. Eftersom vi fick hj\u00e4lp m\u00e5ste vi nu hj\u00e4lpa andra. Det \u00e4r v\u00e5r heliga pakt. Till detta \u00e4r vi tillgivet f\u00f6rpliktade.<\/p>\t\t\t\t\t\t\t\t<\/div>\t\t\t\t<\/div>\t\t\t\t\t<\/div>\t\t<\/div>\t\t\t\t\t<\/div>\t\t<\/section>\t\t\t\t<\/div><p>\t\t<\/p>","protected":false},"excerpt":{"rendered":"<p>Slutord M\u00e4nskligheten \u00e4r p\u00e5 v\u00e4g mot n\u00e5got nytt. Den st\u00e5r inf\u00f6r en sv\u00e5r situation. Behovet av en ny utbildning och f\u00f6rst\u00e5else \u00e4r angel\u00e4gen. Vi \u00e4r h\u00e4r f\u00f6r att tillfredsst\u00e4lla detta behov p\u00e5 beg\u00e4ran fr\u00e5n De Osynliga. De f\u00f6rlitar sig p\u00e5 att vi delar med oss av v\u00e5r visdom, ty vi lever i det fysiska universum [&hellip;]<\/p>\n","protected":false},"author":2,"featured_media":0,"parent":3733,"menu_order":7,"comment_status":"closed","ping_status":"closed","template":"page.php","meta":{"_acf_changed":false,"footnotes":""},"class_list":["post-17444","page","type-page","status-publish","hentry"],"acf":[],"yoast_head":"<!-- This site is optimized with the Yoast SEO plugin v26.5 - https:\/\/yoast.com\/wordpress\/plugins\/seo\/ -->\n<title>M\u00e4nsklighetens Bundsf\u00f6rvanter, Bok Ett: Slutord<\/title>\n<meta name=\"description\" content=\"Humanity is at a new beginning. It is faced with a grave situation. ET Contact is underway. The needs, challenges and opportunities are great\" \/>\n<meta name=\"robots\" content=\"index, follow, max-snippet:-1, max-image-preview:large, max-video-preview:-1\" \/>\n<link rel=\"canonical\" href=\"https:\/\/www.alliesofhumanity.org\/sv\/budskapen\/book-one\/final-words\/\" \/>\n<meta property=\"og:locale\" content=\"sv_SE\" \/>\n<meta property=\"og:type\" content=\"article\" \/>\n<meta property=\"og:title\" content=\"M\u00e4nsklighetens Bundsf\u00f6rvanter, Bok Ett: Slutord\" \/>\n<meta property=\"og:description\" content=\"Humanity is at a new beginning. It is faced with a grave situation. ET Contact is underway. The needs, challenges and opportunities are great\" \/>\n<meta property=\"og:url\" content=\"https:\/\/www.alliesofhumanity.org\/sv\/budskapen\/book-one\/final-words\/\" \/>\n<meta property=\"og:site_name\" content=\"The Allies of Humanity\" \/>\n<meta property=\"article:publisher\" content=\"https:\/\/www.facebook.com\/alliesofhumanity\/\" \/>\n<meta property=\"article:modified_time\" content=\"2021-05-27T19:53:23+00:00\" \/>\n<meta property=\"og:image\" content=\"https:\/\/www.alliesofhumanity.org\/wp-content\/uploads\/2021\/01\/og-socialmedia-aoh.jpg\" \/>\n\t<meta property=\"og:image:width\" content=\"1200\" \/>\n\t<meta property=\"og:image:height\" content=\"630\" \/>\n\t<meta property=\"og:image:type\" content=\"image\/jpeg\" \/>\n<meta name=\"twitter:card\" content=\"summary_large_image\" \/>\n<meta name=\"twitter:title\" content=\"The Allies of Humanity Briefings, Book 1: Final Words\" \/>\n<meta name=\"twitter:site\" content=\"@earthallies\" \/>\n<meta name=\"twitter:label1\" content=\"Ber\u00e4knad l\u00e4stid\" \/>\n\t<meta name=\"twitter:data1\" content=\"2 minuter\" \/>\n<script type=\"application\/ld+json\" class=\"yoast-schema-graph\">{\"@context\":\"https:\/\/schema.org\",\"@graph\":[{\"@type\":\"WebPage\",\"@id\":\"https:\/\/www.alliesofhumanity.org\/sv\/budskapen\/book-one\/final-words\/\",\"url\":\"https:\/\/www.alliesofhumanity.org\/sv\/budskapen\/book-one\/final-words\/\",\"name\":\"M\u00e4nsklighetens Bundsf\u00f6rvanter, Bok Ett: Slutord\",\"isPartOf\":{\"@id\":\"https:\/\/www.alliesofhumanity.org\/sv\/#website\"},\"datePublished\":\"2021-05-23T19:12:06+00:00\",\"dateModified\":\"2021-05-27T19:53:23+00:00\",\"description\":\"Humanity is at a new beginning. It is faced with a grave situation. ET Contact is underway. The needs, challenges and opportunities are great\",\"breadcrumb\":{\"@id\":\"https:\/\/www.alliesofhumanity.org\/sv\/budskapen\/book-one\/final-words\/#breadcrumb\"},\"inLanguage\":\"sv-SE\",\"potentialAction\":[{\"@type\":\"ReadAction\",\"target\":[\"https:\/\/www.alliesofhumanity.org\/sv\/budskapen\/book-one\/final-words\/\"]}]},{\"@type\":\"BreadcrumbList\",\"@id\":\"https:\/\/www.alliesofhumanity.org\/sv\/budskapen\/book-one\/final-words\/#breadcrumb\",\"itemListElement\":[{\"@type\":\"ListItem\",\"position\":1,\"name\":\"Budskapen\",\"item\":\"https:\/\/www.alliesofhumanity.org\/sv\/budskapen\/\"},{\"@type\":\"ListItem\",\"position\":2,\"name\":\"Bok Ett\",\"item\":\"https:\/\/www.alliesofhumanity.org\/sv\/budskapen\/book-one\/\"},{\"@type\":\"ListItem\",\"position\":3,\"name\":\"Slutord\"}]},{\"@type\":\"WebSite\",\"@id\":\"https:\/\/www.alliesofhumanity.org\/sv\/#website\",\"url\":\"https:\/\/www.alliesofhumanity.org\/sv\/\",\"name\":\"The Allies of Humanity\",\"description\":\"\",\"potentialAction\":[{\"@type\":\"SearchAction\",\"target\":{\"@type\":\"EntryPoint\",\"urlTemplate\":\"https:\/\/www.alliesofhumanity.org\/sv\/?s={search_term_string}\"},\"query-input\":{\"@type\":\"PropertyValueSpecification\",\"valueRequired\":true,\"valueName\":\"search_term_string\"}}],\"inLanguage\":\"sv-SE\"}]}<\/script>\n<!-- \/ Yoast SEO plugin. -->","yoast_head_json":{"title":"M\u00e4nsklighetens Bundsf\u00f6rvanter, Bok Ett: Slutord","description":"Humanity is at a new beginning. It is faced with a grave situation. ET Contact is underway. The needs, challenges and opportunities are great","robots":{"index":"index","follow":"follow","max-snippet":"max-snippet:-1","max-image-preview":"max-image-preview:large","max-video-preview":"max-video-preview:-1"},"canonical":"https:\/\/www.alliesofhumanity.org\/sv\/budskapen\/book-one\/final-words\/","og_locale":"sv_SE","og_type":"article","og_title":"M\u00e4nsklighetens Bundsf\u00f6rvanter, Bok Ett: Slutord","og_description":"Humanity is at a new beginning. It is faced with a grave situation. ET Contact is underway. The needs, challenges and opportunities are great","og_url":"https:\/\/www.alliesofhumanity.org\/sv\/budskapen\/book-one\/final-words\/","og_site_name":"The Allies of Humanity","article_publisher":"https:\/\/www.facebook.com\/alliesofhumanity\/","article_modified_time":"2021-05-27T19:53:23+00:00","og_image":[{"width":1200,"height":630,"url":"https:\/\/www.alliesofhumanity.org\/wp-content\/uploads\/2021\/01\/og-socialmedia-aoh.jpg","type":"image\/jpeg"}],"twitter_card":"summary_large_image","twitter_title":"The Allies of Humanity Briefings, Book 1: Final Words","twitter_site":"@earthallies","twitter_misc":{"Ber\u00e4knad l\u00e4stid":"2 minuter"},"schema":{"@context":"https:\/\/schema.org","@graph":[{"@type":"WebPage","@id":"https:\/\/www.alliesofhumanity.org\/sv\/budskapen\/book-one\/final-words\/","url":"https:\/\/www.alliesofhumanity.org\/sv\/budskapen\/book-one\/final-words\/","name":"M\u00e4nsklighetens Bundsf\u00f6rvanter, Bok Ett: Slutord","isPartOf":{"@id":"https:\/\/www.alliesofhumanity.org\/sv\/#website"},"datePublished":"2021-05-23T19:12:06+00:00","dateModified":"2021-05-27T19:53:23+00:00","description":"Humanity is at a new beginning. It is faced with a grave situation. ET Contact is underway. The needs, challenges and opportunities are great","breadcrumb":{"@id":"https:\/\/www.alliesofhumanity.org\/sv\/budskapen\/book-one\/final-words\/#breadcrumb"},"inLanguage":"sv-SE","potentialAction":[{"@type":"ReadAction","target":["https:\/\/www.alliesofhumanity.org\/sv\/budskapen\/book-one\/final-words\/"]}]},{"@type":"BreadcrumbList","@id":"https:\/\/www.alliesofhumanity.org\/sv\/budskapen\/book-one\/final-words\/#breadcrumb","itemListElement":[{"@type":"ListItem","position":1,"name":"Budskapen","item":"https:\/\/www.alliesofhumanity.org\/sv\/budskapen\/"},{"@type":"ListItem","position":2,"name":"Bok Ett","item":"https:\/\/www.alliesofhumanity.org\/sv\/budskapen\/book-one\/"},{"@type":"ListItem","position":3,"name":"Slutord"}]},{"@type":"WebSite","@id":"https:\/\/www.alliesofhumanity.org\/sv\/#website","url":"https:\/\/www.alliesofhumanity.org\/sv\/","name":"The Allies of Humanity","description":"","potentialAction":[{"@type":"SearchAction","target":{"@type":"EntryPoint","urlTemplate":"https:\/\/www.alliesofhumanity.org\/sv\/?s={search_term_string}"},"query-input":{"@type":"PropertyValueSpecification","valueRequired":true,"valueName":"search_term_string"}}],"inLanguage":"sv-SE"}]}},"_links":{"self":[{"href":"https:\/\/www.alliesofhumanity.org\/sv\/wp-json\/wp\/v2\/pages\/17444","targetHints":{"allow":["GET"]}}],"collection":[{"href":"https:\/\/www.alliesofhumanity.org\/sv\/wp-json\/wp\/v2\/pages"}],"about":[{"href":"https:\/\/www.alliesofhumanity.org\/sv\/wp-json\/wp\/v2\/types\/page"}],"author":[{"embeddable":true,"href":"https:\/\/www.alliesofhumanity.org\/sv\/wp-json\/wp\/v2\/users\/2"}],"replies":[{"embeddable":true,"href":"https:\/\/www.alliesofhumanity.org\/sv\/wp-json\/wp\/v2\/comments?post=17444"}],"version-history":[{"count":3,"href":"https:\/\/www.alliesofhumanity.org\/sv\/wp-json\/wp\/v2\/pages\/17444\/revisions"}],"predecessor-version":[{"id":17677,"href":"https:\/\/www.alliesofhumanity.org\/sv\/wp-json\/wp\/v2\/pages\/17444\/revisions\/17677"}],"up":[{"embeddable":true,"href":"https:\/\/www.alliesofhumanity.org\/sv\/wp-json\/wp\/v2\/pages\/3733"}],"wp:attachment":[{"href":"https:\/\/www.alliesofhumanity.org\/sv\/wp-json\/wp\/v2\/media?parent=17444"}],"curies":[{"name":"wp","href":"https:\/\/api.w.org\/{rel}","templated":true}]}}