{"id":13111,"date":"2021-02-20T20:39:03","date_gmt":"2021-02-20T19:39:03","guid":{"rendered":"https:\/\/www.alliesofhumanity.org\/the-briefings\/book-four\/"},"modified":"2021-05-16T17:22:50","modified_gmt":"2021-05-16T16:22:50","slug":"book-four","status":"publish","type":"page","link":"https:\/\/www.alliesofhumanity.org\/sq\/the-briefings\/book-four\/","title":{"rendered":"Libri i kat\u00ebrt"},"content":{"rendered":"<h5>T\u00eb gjitha Brifingjet e Aleat\u00ebve t\u00eb Njer\u00ebzimit jan\u00eb t\u00eb disponueshme falas n\u00eb linj\u00eb. Filloni udh\u00ebtimin me librin e kat\u00ebrt t\u00eb Aleat\u00ebve.<\/h5>\n<p>Aleat\u00ebt e Njer\u00ebzimit jan\u00eb nj\u00eb grup individ\u00ebsh nga disa bota t\u00eb ndryshme q\u00eb erdh\u00ebn n\u00eb af\u00ebrsi t\u00eb tok\u00ebs p\u00ebr t\u00eb v\u00ebzhguar Nd\u00ebrhyrjen jasht\u00ebtok\u00ebsore q\u00eb po ndodh n\u00eb bot\u00ebn ton\u00eb dhe p\u00ebr t\u00eb raportuar aktivitetet e k\u00ebsaj Nd\u00ebrhyrjeje dhe implikimet e saj p\u00ebr rac\u00ebn njer\u00ebzore.<\/p>\n<p>P\u00ebrmes Brifingjeve t\u00eb tyre, Aleat\u00ebt po na zbulojn\u00eb realitetin e Kontaktit q\u00eb po ndodh n\u00eb bot\u00eb sot &#8211; kush jan\u00eb vizitor\u00ebt, pse jan\u00eb k\u00ebtu dhe programi i tyre m\u00eb i gjer\u00eb mbrapa aktiviteteve t\u00eb tyre. Duke e b\u00ebr\u00eb k\u00ebt\u00eb, Brifingjet p\u00ebrmbushin shum\u00eb nga boshll\u00ebqet kritike t\u00eb mir\u00ebkuptimit ton\u00eb t\u00eb realitetit t\u00eb vizitimeve jasht\u00ebtok\u00ebsore dhe t\u00eb fenomenit UFO, t\u00eb cilat kan\u00eb qen\u00eb fokusi i k\u00ebrkimit dhe hetimit p\u00ebr mbi 7 dekada.<\/p>\n<p>K\u00ebto Brifingje jan\u00eb pjes\u00eb e nj\u00eb komunikimi m\u00eb t\u00eb madh nga ato racat n\u00eb universin ton\u00eb lokal q\u00eb mb\u00ebshtesin lirin\u00eb dhe sovranitetin e njer\u00ebzimit nd\u00ebrsa hyn n\u00eb nj\u00eb &#8220;Komunitet t\u00eb Madh&#8221; jete. Ky \u00ebsht\u00eb nj\u00eb mesazh autentik nga nj\u00eb burim jasht\u00ebtok\u00ebsor, q\u00eb na paralajm\u00ebron p\u00ebr rreziqet e Nd\u00ebrhyrjes nga matan\u00eb dhe q\u00eb na nxit t\u00eb p\u00ebrgatitemi p\u00ebr sfidat e jet\u00ebs n\u00eb univers.<\/p>\n<p>Klikoni <a href=\"http:\/\/community.newmessage.org\/who-we-are-and-what-we-represent\" target=\"_blank\" rel=\"noopener\">k\u00ebtu<\/a> p\u00ebr t\u00eb diskutuar Brifingjet n\u00eb Faqen ton\u00eb t\u00eb Komunitetit.<\/p>\n<p><!--\n\nGet a copy of the book:\n\n\n<ul>\n \t\n\n<li>Print version: <a href=\"https:\/\/newknowledgelibrary.org\/books\/allies-of-humanity-book-four-english-print-book\/\" target=\"_blank\" rel=\"noopener\">New Knowledge Library<\/a>&nbsp;or&nbsp;<a href=\"https:\/\/www.amazon.com\/Allies-Humanity-Book-Four-Universe\/dp\/B07XV9C7GK\/ref=tmm_pap_swatch_0\" target=\"_blank\" rel=\"noopener\">Amazon<\/a>.<\/li>\n\n\n \t\n\n<li>Ebook format: <a href=\"https:\/\/newknowledgelibrary.org\/e-books\/allies-of-humanity-book-four-english-e-book\/\" target=\"_blank\" rel=\"noopener\">New Knowledge Library<\/a>, <a href=\"https:\/\/www.amazon.com\/dp\/B07XT8V7X6\/\" target=\"_blank\" rel=\"noopener\">Kindle version for just $0.99 from Amazon<\/a>, <a href=\"https:\/\/books.apple.com\/book\/the-allies-of-humanity-book-four\/id1480031070\" target=\"_blank\" rel=\"noopener\">Apple Books<\/a>&nbsp;or&nbsp;<a href=\"https:\/\/play.google.com\/store\/books\/details\/Marshall_Vian_Summers_The_Allies_of_Humanity_Book?id=VVOvDwAAQBAJ\" target=\"_blank\" rel=\"noopener\">Google Play<\/a>.<\/li>\n\n\n<\/ul>\n\n\n--><\/p>\n<hr \/>\n<h5>Filloni t\u00eb lexoni Brifingjet n\u00eb linj\u00eb tani!<\/h5>\n<p>P\u00ebrmbajtja:<\/p>\n<p><a href=\"ah4-a-message-from-marshall-vian-summers\">Nj\u00eb mesazh nga Marshall Vian Summers<\/a><\/p>\n<p>Brifingu i par\u00eb: <a href=\"allies-free-races\">Kush jemi dhe \u00e7far\u00eb p\u00ebrfaq\u00ebsojm\u00eb<\/a><\/p>\n<p>Brifingu i dyt\u00eb: <a href=\"exercise-restraint\">R\u00ebnd\u00ebsia e p\u00ebrmbajtjes<\/a><\/p>\n<p>Brifingu i tret\u00eb: <a href=\"free-nations-universe\">Liria n\u00eb univers<br \/>\n<\/a><\/p>\n<p>Brifingu i kat\u00ebrt: <a href=\"higher-powers\">Fuqi t\u00eb Larta<\/a><\/p>\n<p>Brifingu i pest\u00eb: <a href=\"secure-freedom\">Koordinimi i Madh<\/a><\/p>\n<p>Brifingu i gjasht\u00eb: <a href=\"networks-wise\">Rrjetet e t\u00eb Urt\u00ebve<\/a><\/p>\n<p><a href=\"\/sq\/briefings\/12-point-summary-of-the-allies-of-humanity-briefings\">P\u00ebrmbledhja 12-pik\u00ebshe t\u00eb Brifingjeve t\u00eb Aleat\u00ebve t\u00eb Njer\u00ebzimit.<\/a><\/p>\n<hr \/>\n<p>Society (Shoqata) p\u00ebr Mesazhin e Ri tani po i v\u00eb n\u00eb dispozicion t\u00eb gjitha t\u00eb kat\u00ebr v\u00ebllimet e <em>Aleat\u00ebve t\u00eb Njer\u00ebzimit<\/em> n\u00eb linj\u00eb pa asnj\u00eb kosto. E b\u00ebjm\u00eb k\u00ebt\u00eb k\u00ebshtu n\u00eb m\u00ebnyr\u00eb q\u00eb ky mesazh mund t\u00eb arrij\u00eb sa m\u00eb shum\u00eb njer\u00ebz q\u00eb t\u00eb jet\u00eb e mundur, si n\u00eb baz\u00eb ashtu edhe n\u00eb pozita fuqie politike, ekonomike dhe fetare.<\/p>\n","protected":false},"excerpt":{"rendered":"<p>T\u00eb gjitha Brifingjet e Aleat\u00ebve t\u00eb Njer\u00ebzimit jan\u00eb t\u00eb disponueshme falas n\u00eb linj\u00eb. Filloni udh\u00ebtimin me librin e kat\u00ebrt t\u00eb Aleat\u00ebve. Aleat\u00ebt e Njer\u00ebzimit jan\u00eb nj\u00eb grup individ\u00ebsh nga disa bota t\u00eb ndryshme q\u00eb erdh\u00ebn n\u00eb af\u00ebrsi t\u00eb tok\u00ebs p\u00ebr t\u00eb v\u00ebzhguar Nd\u00ebrhyrjen jasht\u00ebtok\u00ebsore q\u00eb po ndodh n\u00eb bot\u00ebn ton\u00eb dhe p\u00ebr t\u00eb raportuar aktivitetet [&hellip;]<\/p>\n","protected":false},"author":2,"featured_media":0,"parent":12813,"menu_order":4,"comment_status":"closed","ping_status":"closed","template":"page-book-start.php","meta":{"_acf_changed":false,"footnotes":""},"class_list":["post-13111","page","type-page","status-publish","hentry"],"acf":[],"yoast_head":"<!-- This site is optimized with the Yoast SEO plugin v26.5 - https:\/\/yoast.com\/wordpress\/plugins\/seo\/ -->\n<title>Liria n\u00eb univers | Aleat\u00ebt e Njer\u00ebzimit libri i kat\u00ebrt<\/title>\n<meta name=\"description\" content=\"Si njer\u00ebzimi mund t\u00eb arrij\u00eb dhe ta ruaj\u00eb lirin\u00eb e tij n\u00eb univers, p\u00ebrball\u00eb kontaktit me jet\u00ebn jasht\u00ebtok\u00ebsore.\" \/>\n<meta name=\"robots\" content=\"index, follow, max-snippet:-1, max-image-preview:large, max-video-preview:-1\" \/>\n<link rel=\"canonical\" href=\"https:\/\/www.alliesofhumanity.org\/sq\/the-briefings\/book-four\/\" \/>\n<meta property=\"og:locale\" content=\"sq_AL\" \/>\n<meta property=\"og:type\" content=\"article\" \/>\n<meta property=\"og:title\" content=\"Aleat\u00ebt e Njer\u00ebzimit libri i kat\u00ebrt: Liria n\u00eb univers\" \/>\n<meta property=\"og:description\" content=\"Si njer\u00ebzimi mund t\u00eb arrij\u00eb dhe ta ruaj\u00eb lirin\u00eb e tij n\u00eb univers, p\u00ebrball\u00eb kontaktit me jet\u00ebn jasht\u00ebtok\u00ebsore.\" \/>\n<meta property=\"og:url\" content=\"https:\/\/www.alliesofhumanity.org\/sq\/the-briefings\/book-four\/\" \/>\n<meta property=\"og:site_name\" content=\"The Allies of Humanity\" \/>\n<meta property=\"article:publisher\" content=\"https:\/\/www.facebook.com\/alliesofhumanity\/\" \/>\n<meta property=\"article:modified_time\" content=\"2021-05-16T16:22:50+00:00\" \/>\n<meta property=\"og:image\" content=\"https:\/\/www.alliesofhumanity.org\/wp-content\/uploads\/2021\/01\/og-socialmedia-aoh.jpg\" \/>\n\t<meta property=\"og:image:width\" content=\"1200\" \/>\n\t<meta property=\"og:image:height\" content=\"630\" \/>\n\t<meta property=\"og:image:type\" content=\"image\/jpeg\" \/>\n<meta name=\"twitter:card\" content=\"summary_large_image\" \/>\n<meta name=\"twitter:title\" content=\"Aleat\u00ebt e Njer\u00ebzimit libri i kat\u00ebrt: Liria n\u00eb univers\" \/>\n<meta name=\"twitter:site\" content=\"@earthallies\" \/>\n<meta name=\"twitter:label1\" content=\"Est. reading time\" \/>\n\t<meta name=\"twitter:data1\" content=\"2 minutes\" \/>\n<script type=\"application\/ld+json\" class=\"yoast-schema-graph\">{\"@context\":\"https:\/\/schema.org\",\"@graph\":[{\"@type\":\"WebPage\",\"@id\":\"https:\/\/www.alliesofhumanity.org\/sq\/the-briefings\/book-four\/\",\"url\":\"https:\/\/www.alliesofhumanity.org\/sq\/the-briefings\/book-four\/\",\"name\":\"Liria n\u00eb univers | Aleat\u00ebt e Njer\u00ebzimit libri i kat\u00ebrt\",\"isPartOf\":{\"@id\":\"https:\/\/www.alliesofhumanity.org\/sq\/#website\"},\"datePublished\":\"2021-02-20T19:39:03+00:00\",\"dateModified\":\"2021-05-16T16:22:50+00:00\",\"description\":\"Si njer\u00ebzimi mund t\u00eb arrij\u00eb dhe ta ruaj\u00eb lirin\u00eb e tij n\u00eb univers, p\u00ebrball\u00eb kontaktit me jet\u00ebn jasht\u00ebtok\u00ebsore.\",\"breadcrumb\":{\"@id\":\"https:\/\/www.alliesofhumanity.org\/sq\/the-briefings\/book-four\/#breadcrumb\"},\"inLanguage\":\"sq-AL\",\"potentialAction\":[{\"@type\":\"ReadAction\",\"target\":[\"https:\/\/www.alliesofhumanity.org\/sq\/the-briefings\/book-four\/\"]}]},{\"@type\":\"BreadcrumbList\",\"@id\":\"https:\/\/www.alliesofhumanity.org\/sq\/the-briefings\/book-four\/#breadcrumb\",\"itemListElement\":[{\"@type\":\"ListItem\",\"position\":1,\"name\":\"Brifingjet\",\"item\":\"https:\/\/www.alliesofhumanity.org\/sq\/the-briefings\/\"},{\"@type\":\"ListItem\",\"position\":2,\"name\":\"Libri i kat\u00ebrt\"}]},{\"@type\":\"WebSite\",\"@id\":\"https:\/\/www.alliesofhumanity.org\/sq\/#website\",\"url\":\"https:\/\/www.alliesofhumanity.org\/sq\/\",\"name\":\"The Allies of Humanity\",\"description\":\"\",\"potentialAction\":[{\"@type\":\"SearchAction\",\"target\":{\"@type\":\"EntryPoint\",\"urlTemplate\":\"https:\/\/www.alliesofhumanity.org\/sq\/?s={search_term_string}\"},\"query-input\":{\"@type\":\"PropertyValueSpecification\",\"valueRequired\":true,\"valueName\":\"search_term_string\"}}],\"inLanguage\":\"sq-AL\"}]}<\/script>\n<!-- \/ Yoast SEO plugin. -->","yoast_head_json":{"title":"Liria n\u00eb univers | Aleat\u00ebt e Njer\u00ebzimit libri i kat\u00ebrt","description":"Si njer\u00ebzimi mund t\u00eb arrij\u00eb dhe ta ruaj\u00eb lirin\u00eb e tij n\u00eb univers, p\u00ebrball\u00eb kontaktit me jet\u00ebn jasht\u00ebtok\u00ebsore.","robots":{"index":"index","follow":"follow","max-snippet":"max-snippet:-1","max-image-preview":"max-image-preview:large","max-video-preview":"max-video-preview:-1"},"canonical":"https:\/\/www.alliesofhumanity.org\/sq\/the-briefings\/book-four\/","og_locale":"sq_AL","og_type":"article","og_title":"Aleat\u00ebt e Njer\u00ebzimit libri i kat\u00ebrt: Liria n\u00eb univers","og_description":"Si njer\u00ebzimi mund t\u00eb arrij\u00eb dhe ta ruaj\u00eb lirin\u00eb e tij n\u00eb univers, p\u00ebrball\u00eb kontaktit me jet\u00ebn jasht\u00ebtok\u00ebsore.","og_url":"https:\/\/www.alliesofhumanity.org\/sq\/the-briefings\/book-four\/","og_site_name":"The Allies of Humanity","article_publisher":"https:\/\/www.facebook.com\/alliesofhumanity\/","article_modified_time":"2021-05-16T16:22:50+00:00","og_image":[{"width":1200,"height":630,"url":"https:\/\/www.alliesofhumanity.org\/wp-content\/uploads\/2021\/01\/og-socialmedia-aoh.jpg","type":"image\/jpeg"}],"twitter_card":"summary_large_image","twitter_title":"Aleat\u00ebt e Njer\u00ebzimit libri i kat\u00ebrt: Liria n\u00eb univers","twitter_site":"@earthallies","twitter_misc":{"Est. reading time":"2 minutes"},"schema":{"@context":"https:\/\/schema.org","@graph":[{"@type":"WebPage","@id":"https:\/\/www.alliesofhumanity.org\/sq\/the-briefings\/book-four\/","url":"https:\/\/www.alliesofhumanity.org\/sq\/the-briefings\/book-four\/","name":"Liria n\u00eb univers | Aleat\u00ebt e Njer\u00ebzimit libri i kat\u00ebrt","isPartOf":{"@id":"https:\/\/www.alliesofhumanity.org\/sq\/#website"},"datePublished":"2021-02-20T19:39:03+00:00","dateModified":"2021-05-16T16:22:50+00:00","description":"Si njer\u00ebzimi mund t\u00eb arrij\u00eb dhe ta ruaj\u00eb lirin\u00eb e tij n\u00eb univers, p\u00ebrball\u00eb kontaktit me jet\u00ebn jasht\u00ebtok\u00ebsore.","breadcrumb":{"@id":"https:\/\/www.alliesofhumanity.org\/sq\/the-briefings\/book-four\/#breadcrumb"},"inLanguage":"sq-AL","potentialAction":[{"@type":"ReadAction","target":["https:\/\/www.alliesofhumanity.org\/sq\/the-briefings\/book-four\/"]}]},{"@type":"BreadcrumbList","@id":"https:\/\/www.alliesofhumanity.org\/sq\/the-briefings\/book-four\/#breadcrumb","itemListElement":[{"@type":"ListItem","position":1,"name":"Brifingjet","item":"https:\/\/www.alliesofhumanity.org\/sq\/the-briefings\/"},{"@type":"ListItem","position":2,"name":"Libri i kat\u00ebrt"}]},{"@type":"WebSite","@id":"https:\/\/www.alliesofhumanity.org\/sq\/#website","url":"https:\/\/www.alliesofhumanity.org\/sq\/","name":"The Allies of Humanity","description":"","potentialAction":[{"@type":"SearchAction","target":{"@type":"EntryPoint","urlTemplate":"https:\/\/www.alliesofhumanity.org\/sq\/?s={search_term_string}"},"query-input":{"@type":"PropertyValueSpecification","valueRequired":true,"valueName":"search_term_string"}}],"inLanguage":"sq-AL"}]}},"_links":{"self":[{"href":"https:\/\/www.alliesofhumanity.org\/sq\/wp-json\/wp\/v2\/pages\/13111","targetHints":{"allow":["GET"]}}],"collection":[{"href":"https:\/\/www.alliesofhumanity.org\/sq\/wp-json\/wp\/v2\/pages"}],"about":[{"href":"https:\/\/www.alliesofhumanity.org\/sq\/wp-json\/wp\/v2\/types\/page"}],"author":[{"embeddable":true,"href":"https:\/\/www.alliesofhumanity.org\/sq\/wp-json\/wp\/v2\/users\/2"}],"replies":[{"embeddable":true,"href":"https:\/\/www.alliesofhumanity.org\/sq\/wp-json\/wp\/v2\/comments?post=13111"}],"version-history":[{"count":3,"href":"https:\/\/www.alliesofhumanity.org\/sq\/wp-json\/wp\/v2\/pages\/13111\/revisions"}],"predecessor-version":[{"id":17164,"href":"https:\/\/www.alliesofhumanity.org\/sq\/wp-json\/wp\/v2\/pages\/13111\/revisions\/17164"}],"up":[{"embeddable":true,"href":"https:\/\/www.alliesofhumanity.org\/sq\/wp-json\/wp\/v2\/pages\/12813"}],"wp:attachment":[{"href":"https:\/\/www.alliesofhumanity.org\/sq\/wp-json\/wp\/v2\/media?parent=13111"}],"curies":[{"name":"wp","href":"https:\/\/api.w.org\/{rel}","templated":true}]}}