{"id":13109,"date":"2021-02-20T20:32:06","date_gmt":"2021-02-20T19:32:06","guid":{"rendered":"https:\/\/www.alliesofhumanity.org\/the-briefings\/book-three\/"},"modified":"2021-02-23T17:29:31","modified_gmt":"2021-02-23T16:29:31","slug":"book-three","status":"publish","type":"page","link":"https:\/\/www.alliesofhumanity.org\/sq\/the-briefings\/book-three\/","title":{"rendered":"Libri i tret\u00eb"},"content":{"rendered":"<h5>T\u00eb gjitha Brifingjet e Aleat\u00ebve t\u00eb Njer\u00ebzimit jan\u00eb falas n\u00eb linj\u00eb. Filloni udh\u00ebtimin me librin e tret\u00eb t\u00eb Aleat\u00ebve.<\/h5>\n<p>Libri i tret\u00eb i Aleat\u00ebve t\u00eb Njer\u00ebzimit paraqet serin\u00eb e tret\u00eb t\u00eb &#8220;Brifingjeve&#8221; nga nj\u00eb burim misterioz jasht\u00eb planetit t\u00eb cilit q\u00ebllimi i deklaruar \u00ebsht\u00eb t\u00eb drejtoj\u00eb familjen njer\u00ebzore ndaj realiteteve t\u00eb universit ton\u00eb lokal dhe t\u00eb na lajm\u00ebroj\u00eb p\u00ebr nj\u00eb Nd\u00ebrhyrje t\u00eb rrezikshme q\u00eb po ndodh tani k\u00ebtu n\u00eb tok\u00eb. <\/p>\n<p>Brifingjet e Aleat\u00ebve t\u00eb njer\u00ebzimit jan\u00eb nj\u00eb komunikim i v\u00ebrtet\u00eb nga nj\u00eb grup q\u00eb pohon t\u00eb p\u00ebrfaq\u00ebsoj\u00eb &#8220;racat e lira&#8221; n\u00eb rajonin ton\u00eb lokal t\u00eb hap\u00ebsir\u00ebs. Aleat\u00ebt e dallojn\u00eb veten nga ato racat q\u00eb po nd\u00ebrhyjn\u00eb n\u00eb bot\u00eb sot. Ata na lajm\u00ebrojn\u00eb kund\u00ebr pranis\u00eb t\u00eb k\u00ebsaj Nd\u00ebrhyrjeje, duke insistuar se asnj\u00eb rac\u00eb e huaj nuk duhet t\u00eb vizitoj\u00eb bot\u00ebn ton\u00eb, ose tani ose n\u00eb t\u00eb ardhmen, derisa njer\u00ebzimi t\u00eb ket\u00eb fituar fuqin\u00eb, unitetin dhe maturin\u00eb p\u00ebr t&#8217;u angazhuar n\u00eb m\u00ebnyr\u00eb t\u00eb suksesshme me nj\u00eb Komunitet t\u00eb Madh jete inteligjente n\u00eb univers.<\/p>\n<p>N\u00ebse njer\u00ebzimi mund ta arrij\u00eb k\u00ebt\u00eb \u00ebsht\u00eb e pasigurt, por Aleat\u00ebt na thon\u00eb se Nd\u00ebrhyrja n\u00eb bot\u00ebn ton\u00eb ka tashm\u00eb filluar nga disa raca jo-ushtarake q\u00eb k\u00ebrkojn\u00eb t\u00eb vendosin ndikimin dhe sundimin e tyre n\u00eb bot\u00ebn ton\u00eb p\u00ebrmes m\u00ebnyrave mashtruese dhe bind\u00ebse. <\/p>\n<p>Brifingjet zbulojn\u00eb q\u00eb jemi n\u00eb pozit\u00ebn fatkeqe t\u00eb t\u00eb qenit raca q\u00eb zbulohet. Historia na ka m\u00ebsuar rrezikun dhe tragjedin\u00eb q\u00eb popujt vendas p\u00ebrballojn\u00eb kur hasin forca t\u00eb jashtme p\u00ebr her\u00eb t\u00eb par\u00eb. Tani jemi t\u00eb gjith\u00eb vendasit e nj\u00eb bote t\u00eb re, dhe rreziku i Nd\u00ebrhyrjes \u00ebsht\u00eb mbi ne. Si rezultat, Aleat\u00ebt po th\u00ebrrasin p\u00ebr ne q\u00eb t\u00eb nd\u00ebrtojm\u00eb unitet njer\u00ebzor t\u00eb mjaftuesh\u00ebm midis fiseve, kombeve dhe feve t\u00eb bot\u00ebs n\u00eb m\u00ebnyr\u00eb q\u00eb mund t\u00eb mbrojm\u00eb lirin\u00eb ton\u00eb n\u00eb nj\u00eb univers jo-njer\u00ebzor.<\/p>\n<p>Marshall Vian Summers e ka marr\u00eb k\u00ebt\u00eb komunikim t\u00eb ve\u00e7ant\u00eb nga Aleat\u00ebt e njer\u00ebzimit n\u00eb nj\u00eb gjendje zbulimi duke filluar nga nentori 1997. N\u00eb vitet m\u00eb pas, Aleat\u00ebt dor\u00ebzuan tre seri Brifingjesh.<\/p>\n<p>Me Brifingjet e Aleat\u00ebve, p\u00ebr her\u00eb t\u00eb par\u00eb, po na jepet nj\u00eb dritare n\u00eb realitetin e jet\u00ebs matan\u00eb bot\u00ebs son\u00eb, nj\u00eb pamje q\u00eb nuk do t\u00eb kishim pasur p\u00ebrndryshe. Kjo krijon nj\u00eb kontekst m\u00eb t\u00eb madh p\u00ebr t\u00eb kuptuar pse Nd\u00ebrhyrja po ndodh, kush po e krijon dhe \u00e7far\u00eb njer\u00ebzimi do t\u00eb duhet t\u00eb di p\u00ebr t\u00eb ruajtur dhe nd\u00ebrtuar lirin\u00eb dhe sovranitetin njer\u00ebzor n\u00eb m\u00ebnyr\u00eb q\u00eb mund t\u00eb plot\u00ebsojm\u00eb fatin ton\u00eb si nj\u00eb rac\u00eb e lir\u00eb n\u00eb univers.<\/p>\n<p><!--\n\n\n<p>Get a copy of the book:<\/p>\n\n\n\n\n<ul>\n\n\n<li>Print version: not available currently.<\/li>\n\n\n\n\n<li>Ebook format: <a href=\"https:\/\/newknowledgelibrary.org\/e-books\/the-allies-of-humanity-book-three-english-ebook\/\" target=\"_blank\" rel=\"noopener\">New Knowledge Library<\/a>, <a href=\"https:\/\/www.amazon.com\/Allies-Humanity-Book-Three-ebook\/dp\/B0078VIQTG\" target=\"_blank\" rel=\"noopener\">Kindle version on Amazon<\/a>, <a href=\"https:\/\/books.apple.com\/us\/book\/the-allies-of-humanity-book-three\/id894110421\" target=\"_blank\" rel=\"noopener\">Apple Books<\/a> or <a href=\"https:\/\/play.google.com\/store\/books\/details\/Marshall_Vian_Summers_The_Allies_of_Humanity_Book?id=7Uu_YwzD4HMC\" target=\"_blank\" rel=\"noopener\">Google Play<\/a>.<\/li>\n\n\n<\/ul>\n\n\n--><\/p>\n<hr>\n<h5>Filloni t\u00eb lexoni Brifingjet n\u00eb linj\u00eb tani!<\/h5>\n<p>P\u00ebrmbajtja:<\/p>\n<p><a href=\"contact-with-extraterestrial-races\">Brifingu i par\u00eb: Realiteti i kontaktit<br \/>\n<\/a><\/p>\n<p><a href=\"requirements-freedom-universe\">Brifingu i dyt\u00eb: K\u00ebrkesat p\u00ebr lirin\u00eb n\u00eb univers<\/a><\/p>\n<p><a href=\"alien-intervention\">Brifingu i tret\u00eb: Veglat e Nd\u00ebrhyrjes<\/a><\/p>\n<p><a href=\"hidden-powers\">Brifingu i kat\u00ebrt: Fuqit\u00eb e fshehura<\/a><\/p>\n<p><a href=\"voices-universe-messages-space\">Brifingu i pest\u00eb: Shum\u00eb z\u00ebra n\u00eb univers<\/a><\/p>\n<p><a href=\"Life-Beyond-Earth\">Brifingu i gjasht\u00eb: Realitetet e Komunitetit t\u00eb Madh<\/a><\/p>\n<p><a href=\"questions-about-aliens\">Brifingu i shtat\u00eb: Pyetje e p\u00ebrgjigje<br \/>\n<\/a><\/p>\n<p>Society (Shoqata) p\u00ebr Mesazhin e Ri tani po i v\u00eb n\u00eb dispozicion t\u00eb gjitha t\u00eb kat\u00ebr v\u00ebllimet e <em>Aleat\u00ebve t\u00eb Njer\u00ebzimit<\/em> n\u00eb linj\u00eb pa asnj\u00eb kosto. E b\u00ebjm\u00eb k\u00ebt\u00eb k\u00ebshtu n\u00eb m\u00ebnyr\u00eb q\u00eb ky mesazh mund t\u00eb arrij\u00eb sa m\u00eb shum\u00eb njer\u00ebz q\u00eb t\u00eb jet\u00eb e mundur, si n\u00eb baz\u00eb ashtu edhe n\u00eb pozita fuqie politike, ekonomike dhe fetare.<\/p>\n","protected":false},"excerpt":{"rendered":"<p>T\u00eb gjitha Brifingjet e Aleat\u00ebve t\u00eb Njer\u00ebzimit jan\u00eb falas n\u00eb linj\u00eb. Filloni udh\u00ebtimin me librin e tret\u00eb t\u00eb Aleat\u00ebve. Libri i tret\u00eb i Aleat\u00ebve t\u00eb Njer\u00ebzimit paraqet serin\u00eb e tret\u00eb t\u00eb &#8220;Brifingjeve&#8221; nga nj\u00eb burim misterioz jasht\u00eb planetit t\u00eb cilit q\u00ebllimi i deklaruar \u00ebsht\u00eb t\u00eb drejtoj\u00eb familjen njer\u00ebzore ndaj realiteteve t\u00eb universit ton\u00eb lokal dhe [&hellip;]<\/p>\n","protected":false},"author":2,"featured_media":0,"parent":12813,"menu_order":3,"comment_status":"closed","ping_status":"closed","template":"page-book-start.php","meta":{"_acf_changed":false,"footnotes":""},"class_list":["post-13109","page","type-page","status-publish","hentry"],"acf":[],"yoast_head":"<!-- This site is optimized with the Yoast SEO plugin v26.5 - https:\/\/yoast.com\/wordpress\/plugins\/seo\/ -->\n<title>The Allies of Humanity Briefings Book Three | A Message to Earth<\/title>\n<meta name=\"description\" content=\"the Allies speak about the realities of life \u2014 trade and commerce, interactions \u2014 that exist in your neighborhood of space.\" \/>\n<meta name=\"robots\" content=\"index, follow, max-snippet:-1, max-image-preview:large, max-video-preview:-1\" \/>\n<link rel=\"canonical\" href=\"https:\/\/www.alliesofhumanity.org\/sq\/the-briefings\/book-three\/\" \/>\n<meta property=\"og:locale\" content=\"sq_AL\" \/>\n<meta property=\"og:type\" content=\"article\" \/>\n<meta property=\"og:title\" content=\"The Allies of Humanity Briefings Book Three | A Message to Earth\" \/>\n<meta property=\"og:description\" content=\"the Allies speak about the realities of life \u2014 trade and commerce, interactions \u2014 that exist in your neighborhood of space.\" \/>\n<meta property=\"og:url\" content=\"https:\/\/www.alliesofhumanity.org\/sq\/the-briefings\/book-three\/\" \/>\n<meta property=\"og:site_name\" content=\"The Allies of Humanity\" \/>\n<meta property=\"article:publisher\" content=\"https:\/\/www.facebook.com\/alliesofhumanity\/\" \/>\n<meta property=\"article:modified_time\" content=\"2021-02-23T16:29:31+00:00\" \/>\n<meta property=\"og:image\" content=\"https:\/\/www.alliesofhumanity.org\/wp-content\/uploads\/2021\/01\/og-socialmedia-aoh.jpg\" \/>\n\t<meta property=\"og:image:width\" content=\"1200\" \/>\n\t<meta property=\"og:image:height\" content=\"630\" \/>\n\t<meta property=\"og:image:type\" content=\"image\/jpeg\" \/>\n<meta name=\"twitter:card\" content=\"summary_large_image\" \/>\n<meta name=\"twitter:site\" content=\"@earthallies\" \/>\n<meta name=\"twitter:label1\" content=\"Est. reading time\" \/>\n\t<meta name=\"twitter:data1\" content=\"3 minutes\" \/>\n<script type=\"application\/ld+json\" class=\"yoast-schema-graph\">{\"@context\":\"https:\/\/schema.org\",\"@graph\":[{\"@type\":\"WebPage\",\"@id\":\"https:\/\/www.alliesofhumanity.org\/sq\/the-briefings\/book-three\/\",\"url\":\"https:\/\/www.alliesofhumanity.org\/sq\/the-briefings\/book-three\/\",\"name\":\"The Allies of Humanity Briefings Book Three | A Message to Earth\",\"isPartOf\":{\"@id\":\"https:\/\/www.alliesofhumanity.org\/sq\/#website\"},\"datePublished\":\"2021-02-20T19:32:06+00:00\",\"dateModified\":\"2021-02-23T16:29:31+00:00\",\"description\":\"the Allies speak about the realities of life \u2014 trade and commerce, interactions \u2014 that exist in your neighborhood of space.\",\"breadcrumb\":{\"@id\":\"https:\/\/www.alliesofhumanity.org\/sq\/the-briefings\/book-three\/#breadcrumb\"},\"inLanguage\":\"sq-AL\",\"potentialAction\":[{\"@type\":\"ReadAction\",\"target\":[\"https:\/\/www.alliesofhumanity.org\/sq\/the-briefings\/book-three\/\"]}]},{\"@type\":\"BreadcrumbList\",\"@id\":\"https:\/\/www.alliesofhumanity.org\/sq\/the-briefings\/book-three\/#breadcrumb\",\"itemListElement\":[{\"@type\":\"ListItem\",\"position\":1,\"name\":\"Brifingjet\",\"item\":\"https:\/\/www.alliesofhumanity.org\/sq\/the-briefings\/\"},{\"@type\":\"ListItem\",\"position\":2,\"name\":\"Libri i tret\u00eb\"}]},{\"@type\":\"WebSite\",\"@id\":\"https:\/\/www.alliesofhumanity.org\/sq\/#website\",\"url\":\"https:\/\/www.alliesofhumanity.org\/sq\/\",\"name\":\"The Allies of Humanity\",\"description\":\"\",\"potentialAction\":[{\"@type\":\"SearchAction\",\"target\":{\"@type\":\"EntryPoint\",\"urlTemplate\":\"https:\/\/www.alliesofhumanity.org\/sq\/?s={search_term_string}\"},\"query-input\":{\"@type\":\"PropertyValueSpecification\",\"valueRequired\":true,\"valueName\":\"search_term_string\"}}],\"inLanguage\":\"sq-AL\"}]}<\/script>\n<!-- \/ Yoast SEO plugin. -->","yoast_head_json":{"title":"The Allies of Humanity Briefings Book Three | A Message to Earth","description":"the Allies speak about the realities of life \u2014 trade and commerce, interactions \u2014 that exist in your neighborhood of space.","robots":{"index":"index","follow":"follow","max-snippet":"max-snippet:-1","max-image-preview":"max-image-preview:large","max-video-preview":"max-video-preview:-1"},"canonical":"https:\/\/www.alliesofhumanity.org\/sq\/the-briefings\/book-three\/","og_locale":"sq_AL","og_type":"article","og_title":"The Allies of Humanity Briefings Book Three | A Message to Earth","og_description":"the Allies speak about the realities of life \u2014 trade and commerce, interactions \u2014 that exist in your neighborhood of space.","og_url":"https:\/\/www.alliesofhumanity.org\/sq\/the-briefings\/book-three\/","og_site_name":"The Allies of Humanity","article_publisher":"https:\/\/www.facebook.com\/alliesofhumanity\/","article_modified_time":"2021-02-23T16:29:31+00:00","og_image":[{"width":1200,"height":630,"url":"https:\/\/www.alliesofhumanity.org\/wp-content\/uploads\/2021\/01\/og-socialmedia-aoh.jpg","type":"image\/jpeg"}],"twitter_card":"summary_large_image","twitter_site":"@earthallies","twitter_misc":{"Est. reading time":"3 minutes"},"schema":{"@context":"https:\/\/schema.org","@graph":[{"@type":"WebPage","@id":"https:\/\/www.alliesofhumanity.org\/sq\/the-briefings\/book-three\/","url":"https:\/\/www.alliesofhumanity.org\/sq\/the-briefings\/book-three\/","name":"The Allies of Humanity Briefings Book Three | A Message to Earth","isPartOf":{"@id":"https:\/\/www.alliesofhumanity.org\/sq\/#website"},"datePublished":"2021-02-20T19:32:06+00:00","dateModified":"2021-02-23T16:29:31+00:00","description":"the Allies speak about the realities of life \u2014 trade and commerce, interactions \u2014 that exist in your neighborhood of space.","breadcrumb":{"@id":"https:\/\/www.alliesofhumanity.org\/sq\/the-briefings\/book-three\/#breadcrumb"},"inLanguage":"sq-AL","potentialAction":[{"@type":"ReadAction","target":["https:\/\/www.alliesofhumanity.org\/sq\/the-briefings\/book-three\/"]}]},{"@type":"BreadcrumbList","@id":"https:\/\/www.alliesofhumanity.org\/sq\/the-briefings\/book-three\/#breadcrumb","itemListElement":[{"@type":"ListItem","position":1,"name":"Brifingjet","item":"https:\/\/www.alliesofhumanity.org\/sq\/the-briefings\/"},{"@type":"ListItem","position":2,"name":"Libri i tret\u00eb"}]},{"@type":"WebSite","@id":"https:\/\/www.alliesofhumanity.org\/sq\/#website","url":"https:\/\/www.alliesofhumanity.org\/sq\/","name":"The Allies of Humanity","description":"","potentialAction":[{"@type":"SearchAction","target":{"@type":"EntryPoint","urlTemplate":"https:\/\/www.alliesofhumanity.org\/sq\/?s={search_term_string}"},"query-input":{"@type":"PropertyValueSpecification","valueRequired":true,"valueName":"search_term_string"}}],"inLanguage":"sq-AL"}]}},"_links":{"self":[{"href":"https:\/\/www.alliesofhumanity.org\/sq\/wp-json\/wp\/v2\/pages\/13109","targetHints":{"allow":["GET"]}}],"collection":[{"href":"https:\/\/www.alliesofhumanity.org\/sq\/wp-json\/wp\/v2\/pages"}],"about":[{"href":"https:\/\/www.alliesofhumanity.org\/sq\/wp-json\/wp\/v2\/types\/page"}],"author":[{"embeddable":true,"href":"https:\/\/www.alliesofhumanity.org\/sq\/wp-json\/wp\/v2\/users\/2"}],"replies":[{"embeddable":true,"href":"https:\/\/www.alliesofhumanity.org\/sq\/wp-json\/wp\/v2\/comments?post=13109"}],"version-history":[{"count":2,"href":"https:\/\/www.alliesofhumanity.org\/sq\/wp-json\/wp\/v2\/pages\/13109\/revisions"}],"predecessor-version":[{"id":13605,"href":"https:\/\/www.alliesofhumanity.org\/sq\/wp-json\/wp\/v2\/pages\/13109\/revisions\/13605"}],"up":[{"embeddable":true,"href":"https:\/\/www.alliesofhumanity.org\/sq\/wp-json\/wp\/v2\/pages\/12813"}],"wp:attachment":[{"href":"https:\/\/www.alliesofhumanity.org\/sq\/wp-json\/wp\/v2\/media?parent=13109"}],"curies":[{"name":"wp","href":"https:\/\/api.w.org\/{rel}","templated":true}]}}