{"id":13048,"date":"2021-02-20T00:18:02","date_gmt":"2021-02-19T23:18:02","guid":{"rendered":"https:\/\/www.alliesofhumanity.org\/education-and-action\/"},"modified":"2021-05-16T17:26:22","modified_gmt":"2021-05-16T16:26:22","slug":"education-and-action","status":"publish","type":"page","link":"https:\/\/www.alliesofhumanity.org\/sq\/education-and-action\/","title":{"rendered":"Edukim e veprim"},"content":{"rendered":"\t\t<div data-elementor-type=\"wp-page\" data-elementor-id=\"13048\" class=\"elementor elementor-13048 elementor-1867\" data-elementor-post-type=\"page\">\t\t\t\t\t\t<section class=\"elementor-section elementor-top-section elementor-element elementor-element-4782b150 elementor-section-full_width elementor-section-height-default elementor-section-height-default\" data-id=\"4782b150\" data-element_type=\"section\">\t\t\t\t\t\t<div class=\"elementor-container elementor-column-gap-default\">\t\t\t\t\t<div class=\"elementor-column elementor-col-100 elementor-top-column elementor-element elementor-element-54d1ac8e\" data-id=\"54d1ac8e\" data-element_type=\"column\">\t\t\t<div class=\"elementor-widget-wrap elementor-element-populated\">\t\t\t\t\t\t<div class=\"elementor-element elementor-element-5f862d9 elementor-widget elementor-widget-text-editor\" data-id=\"5f862d9\" data-element_type=\"widget\" data-widget_type=\"text-editor.default\">\t\t\t\t<div class=\"elementor-widget-container\">\t\t\t\t\t\t\t\t\t<h5>Familja Njer\u00ebzore po p\u00ebrballon pragun m\u00eb t\u00eb madh n\u00eb historin\u00eb e saj &#8211; hyrjen e saj n\u00eb nj\u00eb Komunitet t\u00eb Madh jete inteligjente n\u00eb univers. Kjo emergjenc\u00eb do t\u00eb ndryshoj\u00eb perceptimet dhe besimet njer\u00ebzore dhe m\u00ebnyr\u00ebn se si jetojm\u00eb k\u00ebtu n\u00eb tok\u00eb. Madje, njer\u00ebzimi \u00ebsht\u00eb i pap\u00ebrgatitur.<\/h5><p>P\u00ebr her\u00eb t\u00eb par\u00eb, p\u00ebrgatitja p\u00ebr kalimin e pragut t\u00eb madh n\u00eb Komunitetin e Mdh po b\u00ebhet i disponuesh\u00ebm p\u00ebrmes shkrimeve t\u00eb <a href=\"https:\/\/www.marshallsummers.com\" target=\"_blank\" rel=\"noopener noreferrer\">MV Summers<\/a>. Trupi i gjer\u00eb i M\u00ebsimeve n\u00eb t\u00ebr\u00ebsin\u00eb e tij \u00ebsht\u00eb ndryshe nga gjith\u00e7ka n\u00eb bot\u00eb sot dhe p\u00ebrfaq\u00ebson nj\u00eb <a href=\"https:\/\/www.newmessage.org\/sq\" target=\"_blank\" rel=\"noopener noreferrer\">Mesazh t\u00eb Ri p\u00ebr Njer\u00ebzimin<\/a>.<\/p><p><strong>Edukim e veprim jan\u00eb t\u00eb domosdosh\u00ebm p\u00ebr t&#8217;ia sjell njer\u00ebzimit k\u00ebt\u00eb mesazh dhe vet\u00ebdije t\u00eb re.<\/strong><\/p><h5>Vazhdoni edukimin tuaj t\u00eb Komunitetit t\u00eb Madh n\u00eb <br \/><a title=\"Shkoll\u00ebn e Lir\u00eb t\u00eb Mesazhit t\u00eb Ri\" href=\"https:\/\/community.newmessage.org\" target=\"_blank\" rel=\"noopener noreferrer\">Shkoll\u00ebn e Lir\u00eb t\u00eb Mesazhit t\u00eb Ri.<\/a><br \/>Globale, n\u00eb linj\u00eb dhe e hapur p\u00ebr t\u00eb gjith\u00eb.<br \/><\/h5><h3>Materiale t\u00eb m\u00ebtejshme:<\/h3><p><a href=\"http:\/\/www.newmessage.org\/the-message\/volume-4\/preparing-for-the-greater-community\">Preparing&nbsp;for the Greater Community<\/a><br \/>Chapter 3: <a href=\"http:\/\/www.newmessage.org\/the-message\/volume-4\/preparing-for-the-greater-community\/essential-truths-other-forms-life\">The Essential Truths about the Greater Community<\/a><br \/>Chapter 7:&nbsp;<a href=\"http:\/\/www.newmessage.org\/the-message\/volume-4\/preparing-for-the-greater-community\/great-challenge-become-aware\">The Great Challenge Awaiting Humanity<br \/><\/a>Chapter 13:&nbsp;<a href=\"http:\/\/www.newmessage.org\/the-message\/volume-4\/preparing-for-the-greater-community\/responses-definition-intelligence\">Human Responses to the Greater Community<\/a><\/p><p><a href=\"https:\/\/www.newmessage.org\/the-message\/volume-4\/life-universe\">Life in the Universe: The reality and spirituality of Life in the Universe<\/a><\/p><p><a href=\"https:\/\/www.newmessage.org\/the-message\/volume-2\/greater-community-spirituality\">Greater Community Spirituality<\/a><br \/>Chapter 6: <a href=\"https:\/\/www.newmessage.org\/the-message\/volume-2\/greater-community-spirituality\/what-is-the-greater-community\">What Is the Greater Community?<\/a><br \/>Chapter 15: <a href=\"https:\/\/www.newmessage.org\/the-message\/volume-2\/greater-community-spirituality\/who-serves-humanity\">Who Serves Humanity?<\/a><br \/>Chapter 21: <a href=\"https:\/\/www.newmessage.org\/the-message\/volume-2\/greater-community-spirituality\/what-is-the-greater-community-way-of-knowledge\">What is The Greater Community Way of Knowledge?<\/a><br \/>Chapter 23:&nbsp;<a href=\"https:\/\/www.newmessage.org\/the-message\/volume-2\/greater-community-spirituality\/how-is-knowledge-translated-in-the-greater-community\">How is Knowledge Translated in the Greater Community?<\/a><\/p><p><a href=\"https:\/\/www.newmessage.org\/the-message\/volume-4\/great-waves-change\">The Great Waves of Change<\/a><br \/>Chapter 9: <a href=\"https:\/\/www.newmessage.org\/the-message\/volume-4\/great-waves-change\/the-great-waves-prophecy\">The Great Waves Prophecy<\/a><br \/>Chapter 10: <a href=\"https:\/\/www.newmessage.org\/the-message\/volume-4\/great-waves-change\/the-great-waves-and-the-hidden-reality-of-contact\">The Great Waves and the Reality of Contact<\/a><\/p><p><a href=\"https:\/\/www.newmessage.org\/the-message\/volume-5\/wisdom-greater-community-volume-1\">Wisdom from the Greater Community: Volume One<\/a><br \/>Chapter 3: Greater Community<\/p><p><a href=\"https:\/\/www.newmessage.org\/the-message\/volume-5\/wisdom-greater-community-volume-2\">Wisdom from the Greater Community: Volume Two<\/a><br \/>Chapter 10: <a href=\"https:\/\/www.newmessage.org\/the-message\/volume-5\/wisdom-greater-community-volume-2\/extraterrestrial-encounters\">Greater Community Visitations<\/a><br \/>Chapter 15: Responding to the Greater Community<br \/>Chapter 17: Visitors\u2019 Perceptions of Humanity<br \/>Chapter 25: <a href=\"https:\/\/www.newmessage.org\/the-message\/volume-5\/wisdom-greater-community-volume-2\/natural-environment\">Environments<\/a><br \/>Chapter 28: <a href=\"https:\/\/www.newmessage.org\/the-message\/volume-5\/wisdom-greater-community-volume-2\/other-worlds-reality\">Greater Community Realities<\/a><\/p><p><a href=\"https:\/\/www.newmessage.org\/the-message\/volume-3\/living-way-knowledge\">Living the Way of Knowledge<\/a><br \/>Chapter11: <a href=\"https:\/\/www.newmessage.org\/the-message\/volume-3\/living-way-knowledge\/preparing-for-the-future\">Preparing for the Future<\/a><\/p><p><a href=\"http:\/\/www.newmessage.org\/steps\">Steps to Knowledge: The Book of Inner Knowing<\/a><br \/>Step 157: <a href=\"http:\/\/www.stepstoknowledge.com\/steps\/Step157-I-am-not-alone-in-the-universe.htm\">I am not alone in the universe.<\/a><br \/>Step 187: <a href=\"http:\/\/www.stepstoknowledge.com\/steps\/Step187-I-am-a-citizen-of-the-Greater-Community-of-Worlds.htm\">I am a Citizen of the Greater Community of Worlds.<\/a><br \/>Step 190: <a href=\"http:\/\/www.stepstoknowledge.com\/steps\/Step190-The-world-is-emerging-into-the-Greater-Community-of-Worlds-and-that-is-why-I-have-come.htm\">The world is emerging into the Greater Community of Worlds, and that is why I have come.<\/a><br \/>Step 199: <a href=\"http:\/\/www.stepstoknowledge.com\/steps\/Step199-The-world-I-see-is-emerging-into-the-Greater-Community-of-Worlds.htm\">The world I see is emerging into the Greater Community of Worlds.<\/a><br \/>Step 203: <a href=\"http:\/\/www.stepstoknowledge.com\/steps\/Step203-The-Greater-Community-is-influencing-the-world-I-see.htm\">The Greater Community is influencing the world I see.<\/a><br \/>Step 248: <a href=\"http:\/\/www.stepstoknowledge.com\/steps\/Step248-I-will-rely-upon-the-Wisdom-of-the-universe-to-instruct-me.htm\">I will rely upon the Wisdom of the universe to instruct me.<\/a><br \/>Step 256: <a href=\"http:\/\/www.stepstoknowledge.com\/steps\/Step256-The-world-is-emerging-into-the-Greater-Community-of-Worlds.htm\">The world is emerging into the Greater Community of Worlds.<\/a><br \/>Step 326: <a href=\"http:\/\/www.stepstoknowledge.com\/steps\/Step326-The-Greater-Community-is-something-I-can-feel-but-cannot-understand.htm\">The Greater Community is something I can feel but cannot understand.<\/a><\/p><h3>M\u00ebsime t\u00eb Mesazhit t\u00eb Ri:<\/h3><ul><li><a href=\"http:\/\/www.newmessage.org\/the-message\/volume-1\/greater-community\/human-unity\">Entering the Greater Community<\/a><\/li><li><a href=\"http:\/\/www.newmessage.org\/the-message\/other-revelations\/the-fate-of-nations\">The Fate of Nations<\/a><\/li><li><a href=\"http:\/\/www.newmessage.org\/the-message\/volume-1\/new-world\/what-will-save-humanity\">What Will Save Humanity<br \/><\/a><\/li><\/ul><h3>Komentar\u00ebt e M\u00ebsues\u00ebve nga Libri i <a href=\"https:\/\/www.alliesofhumanity.org\/sq\/the-briefings\/book-two\/\">Dyt\u00eb i Aleat\u00ebve t\u00eb Njer\u00ebzimit<\/a>:<\/h3><ul><li>Nj\u00eb: <a href=\"https:\/\/www.alliesofhumanity.org\/sq\/the-briefings\/book-two\/the-problem-of-human-denial-first-commentary\/\">Problemi i mohomit njer\u00ebzor<\/a><\/li><li>Dy: <a href=\"https:\/\/www.alliesofhumanity.org\/sq\/the-briefings\/book-two\/effects-of-the-pacification-program-second-commentary\/\">Efektet e programit t\u00eb pacifikimit<\/a><\/li><li>Tre: <a href=\"https:\/\/www.alliesofhumanity.org\/sq\/the-briefings\/book-two\/understanding-the-intervention-third-commentary\/\">T\u00eb kuptosh Nd\u00ebrhyrjen<\/a><\/li><\/ul>\t\t\t\t\t\t\t\t<\/div>\t\t\t\t<\/div>\t\t\t\t\t<\/div>\t\t<\/div>\t\t\t\t\t<\/div>\t\t<\/section>\t\t\t\t<\/div><p>\t\t<\/p>","protected":false},"excerpt":{"rendered":"<p>Familja Njer\u00ebzore po p\u00ebrballon pragun m\u00eb t\u00eb madh n\u00eb historin\u00eb e saj &#8211; hyrjen e saj n\u00eb nj\u00eb Komunitet t\u00eb Madh jete inteligjente n\u00eb univers. Kjo emergjenc\u00eb do t\u00eb ndryshoj\u00eb perceptimet dhe besimet njer\u00ebzore dhe m\u00ebnyr\u00ebn se si jetojm\u00eb k\u00ebtu n\u00eb tok\u00eb. Madje, njer\u00ebzimi \u00ebsht\u00eb i pap\u00ebrgatitur. P\u00ebr her\u00eb t\u00eb par\u00eb, p\u00ebrgatitja p\u00ebr kalimin e [&hellip;]<\/p>\n","protected":false},"author":2,"featured_media":0,"parent":0,"menu_order":3,"comment_status":"closed","ping_status":"closed","template":"page.php","meta":{"_acf_changed":false,"footnotes":""},"class_list":["post-13048","page","type-page","status-publish","hentry"],"acf":[],"yoast_head":"<!-- This site is optimized with the Yoast SEO plugin v26.5 - https:\/\/yoast.com\/wordpress\/plugins\/seo\/ -->\n<title>Kontakti jasht\u00ebtok\u00ebsor: Edukim dhe veprim thelb\u00ebsor<\/title>\n<meta name=\"description\" content=\"Ky trup i gjer\u00eb M\u00ebsimesh n\u00eb t\u00ebr\u00ebsin\u00eb e tij \u00ebsht\u00eb ndryshme nga gjith\u00e7ka n\u00eb bot\u00eb sot dhe p\u00ebrfaq\u00ebson nj\u00eb Mesazh t\u00eb Ri p\u00ebr njer\u00ebzimin.\" \/>\n<meta name=\"robots\" content=\"index, follow, max-snippet:-1, max-image-preview:large, max-video-preview:-1\" \/>\n<link rel=\"canonical\" href=\"https:\/\/www.alliesofhumanity.org\/sq\/education-and-action\/\" \/>\n<meta property=\"og:locale\" content=\"sq_AL\" \/>\n<meta property=\"og:type\" content=\"article\" \/>\n<meta property=\"og:title\" content=\"Kontakti jasht\u00ebtok\u00ebsor: Edukim dhe veprim thelb\u00ebsor\" \/>\n<meta property=\"og:description\" content=\"Ky trup i gjer\u00eb M\u00ebsimesh n\u00eb t\u00ebr\u00ebsin\u00eb e tij \u00ebsht\u00eb ndryshme nga gjith\u00e7ka n\u00eb bot\u00eb sot dhe p\u00ebrfaq\u00ebson nj\u00eb Mesazh t\u00eb Ri p\u00ebr njer\u00ebzimin.\" \/>\n<meta property=\"og:url\" content=\"https:\/\/www.alliesofhumanity.org\/sq\/education-and-action\/\" \/>\n<meta property=\"og:site_name\" content=\"The Allies of Humanity\" \/>\n<meta property=\"article:publisher\" content=\"https:\/\/www.facebook.com\/alliesofhumanity\/\" \/>\n<meta property=\"article:modified_time\" content=\"2021-05-16T16:26:22+00:00\" \/>\n<meta property=\"og:image\" content=\"https:\/\/www.alliesofhumanity.org\/wp-content\/uploads\/2021\/01\/og-socialmedia-aoh.jpg\" \/>\n\t<meta property=\"og:image:width\" content=\"1200\" \/>\n\t<meta property=\"og:image:height\" content=\"630\" \/>\n\t<meta property=\"og:image:type\" content=\"image\/jpeg\" \/>\n<meta name=\"twitter:card\" content=\"summary_large_image\" \/>\n<meta name=\"twitter:title\" content=\"Kontakti jasht\u00ebtok\u00ebsor: Edukim dhe veprim thelb\u00ebsor\" \/>\n<meta name=\"twitter:site\" content=\"@earthallies\" \/>\n<meta name=\"twitter:label1\" content=\"Est. reading time\" \/>\n\t<meta name=\"twitter:data1\" content=\"2 minutes\" \/>\n<script type=\"application\/ld+json\" class=\"yoast-schema-graph\">{\"@context\":\"https:\/\/schema.org\",\"@graph\":[{\"@type\":\"WebPage\",\"@id\":\"https:\/\/www.alliesofhumanity.org\/sq\/education-and-action\/\",\"url\":\"https:\/\/www.alliesofhumanity.org\/sq\/education-and-action\/\",\"name\":\"Kontakti jasht\u00ebtok\u00ebsor: Edukim dhe veprim thelb\u00ebsor\",\"isPartOf\":{\"@id\":\"https:\/\/www.alliesofhumanity.org\/sq\/#website\"},\"datePublished\":\"2021-02-19T23:18:02+00:00\",\"dateModified\":\"2021-05-16T16:26:22+00:00\",\"description\":\"Ky trup i gjer\u00eb M\u00ebsimesh n\u00eb t\u00ebr\u00ebsin\u00eb e tij \u00ebsht\u00eb ndryshme nga gjith\u00e7ka n\u00eb bot\u00eb sot dhe p\u00ebrfaq\u00ebson nj\u00eb Mesazh t\u00eb Ri p\u00ebr njer\u00ebzimin.\",\"inLanguage\":\"sq-AL\",\"potentialAction\":[{\"@type\":\"ReadAction\",\"target\":[\"https:\/\/www.alliesofhumanity.org\/sq\/education-and-action\/\"]}]},{\"@type\":\"WebSite\",\"@id\":\"https:\/\/www.alliesofhumanity.org\/sq\/#website\",\"url\":\"https:\/\/www.alliesofhumanity.org\/sq\/\",\"name\":\"The Allies of Humanity\",\"description\":\"\",\"potentialAction\":[{\"@type\":\"SearchAction\",\"target\":{\"@type\":\"EntryPoint\",\"urlTemplate\":\"https:\/\/www.alliesofhumanity.org\/sq\/?s={search_term_string}\"},\"query-input\":{\"@type\":\"PropertyValueSpecification\",\"valueRequired\":true,\"valueName\":\"search_term_string\"}}],\"inLanguage\":\"sq-AL\"}]}<\/script>\n<!-- \/ Yoast SEO plugin. -->","yoast_head_json":{"title":"Kontakti jasht\u00ebtok\u00ebsor: Edukim dhe veprim thelb\u00ebsor","description":"Ky trup i gjer\u00eb M\u00ebsimesh n\u00eb t\u00ebr\u00ebsin\u00eb e tij \u00ebsht\u00eb ndryshme nga gjith\u00e7ka n\u00eb bot\u00eb sot dhe p\u00ebrfaq\u00ebson nj\u00eb Mesazh t\u00eb Ri p\u00ebr njer\u00ebzimin.","robots":{"index":"index","follow":"follow","max-snippet":"max-snippet:-1","max-image-preview":"max-image-preview:large","max-video-preview":"max-video-preview:-1"},"canonical":"https:\/\/www.alliesofhumanity.org\/sq\/education-and-action\/","og_locale":"sq_AL","og_type":"article","og_title":"Kontakti jasht\u00ebtok\u00ebsor: Edukim dhe veprim thelb\u00ebsor","og_description":"Ky trup i gjer\u00eb M\u00ebsimesh n\u00eb t\u00ebr\u00ebsin\u00eb e tij \u00ebsht\u00eb ndryshme nga gjith\u00e7ka n\u00eb bot\u00eb sot dhe p\u00ebrfaq\u00ebson nj\u00eb Mesazh t\u00eb Ri p\u00ebr njer\u00ebzimin.","og_url":"https:\/\/www.alliesofhumanity.org\/sq\/education-and-action\/","og_site_name":"The Allies of Humanity","article_publisher":"https:\/\/www.facebook.com\/alliesofhumanity\/","article_modified_time":"2021-05-16T16:26:22+00:00","og_image":[{"width":1200,"height":630,"url":"https:\/\/www.alliesofhumanity.org\/wp-content\/uploads\/2021\/01\/og-socialmedia-aoh.jpg","type":"image\/jpeg"}],"twitter_card":"summary_large_image","twitter_title":"Kontakti jasht\u00ebtok\u00ebsor: Edukim dhe veprim thelb\u00ebsor","twitter_site":"@earthallies","twitter_misc":{"Est. reading time":"2 minutes"},"schema":{"@context":"https:\/\/schema.org","@graph":[{"@type":"WebPage","@id":"https:\/\/www.alliesofhumanity.org\/sq\/education-and-action\/","url":"https:\/\/www.alliesofhumanity.org\/sq\/education-and-action\/","name":"Kontakti jasht\u00ebtok\u00ebsor: Edukim dhe veprim thelb\u00ebsor","isPartOf":{"@id":"https:\/\/www.alliesofhumanity.org\/sq\/#website"},"datePublished":"2021-02-19T23:18:02+00:00","dateModified":"2021-05-16T16:26:22+00:00","description":"Ky trup i gjer\u00eb M\u00ebsimesh n\u00eb t\u00ebr\u00ebsin\u00eb e tij \u00ebsht\u00eb ndryshme nga gjith\u00e7ka n\u00eb bot\u00eb sot dhe p\u00ebrfaq\u00ebson nj\u00eb Mesazh t\u00eb Ri p\u00ebr njer\u00ebzimin.","inLanguage":"sq-AL","potentialAction":[{"@type":"ReadAction","target":["https:\/\/www.alliesofhumanity.org\/sq\/education-and-action\/"]}]},{"@type":"WebSite","@id":"https:\/\/www.alliesofhumanity.org\/sq\/#website","url":"https:\/\/www.alliesofhumanity.org\/sq\/","name":"The Allies of Humanity","description":"","potentialAction":[{"@type":"SearchAction","target":{"@type":"EntryPoint","urlTemplate":"https:\/\/www.alliesofhumanity.org\/sq\/?s={search_term_string}"},"query-input":{"@type":"PropertyValueSpecification","valueRequired":true,"valueName":"search_term_string"}}],"inLanguage":"sq-AL"}]}},"_links":{"self":[{"href":"https:\/\/www.alliesofhumanity.org\/sq\/wp-json\/wp\/v2\/pages\/13048","targetHints":{"allow":["GET"]}}],"collection":[{"href":"https:\/\/www.alliesofhumanity.org\/sq\/wp-json\/wp\/v2\/pages"}],"about":[{"href":"https:\/\/www.alliesofhumanity.org\/sq\/wp-json\/wp\/v2\/types\/page"}],"author":[{"embeddable":true,"href":"https:\/\/www.alliesofhumanity.org\/sq\/wp-json\/wp\/v2\/users\/2"}],"replies":[{"embeddable":true,"href":"https:\/\/www.alliesofhumanity.org\/sq\/wp-json\/wp\/v2\/comments?post=13048"}],"version-history":[{"count":3,"href":"https:\/\/www.alliesofhumanity.org\/sq\/wp-json\/wp\/v2\/pages\/13048\/revisions"}],"predecessor-version":[{"id":13267,"href":"https:\/\/www.alliesofhumanity.org\/sq\/wp-json\/wp\/v2\/pages\/13048\/revisions\/13267"}],"wp:attachment":[{"href":"https:\/\/www.alliesofhumanity.org\/sq\/wp-json\/wp\/v2\/media?parent=13048"}],"curies":[{"name":"wp","href":"https:\/\/api.w.org\/{rel}","templated":true}]}}