{"id":13042,"date":"2021-02-20T00:07:51","date_gmt":"2021-02-19T23:07:51","guid":{"rendered":"https:\/\/www.alliesofhumanity.org\/the-briefings\/book-two\/the-problem-of-human-denial-first-commentary\/"},"modified":"2021-09-04T02:32:44","modified_gmt":"2021-09-04T01:32:44","slug":"the-problem-of-human-denial-first-commentary","status":"publish","type":"page","link":"https:\/\/www.alliesofhumanity.org\/sq\/the-briefings\/book-two\/the-problem-of-human-denial-first-commentary\/","title":{"rendered":"Komenti i par\u00eb &#8211; Problemi i mohomit njer\u00ebzor"},"content":{"rendered":"\t\t<div data-elementor-type=\"wp-page\" data-elementor-id=\"13042\" class=\"elementor elementor-13042 elementor-2498\" data-elementor-post-type=\"page\">\t\t\t\t\t\t<section class=\"elementor-section elementor-top-section elementor-element elementor-element-253dfe3d elementor-section-boxed elementor-section-height-default elementor-section-height-default\" data-id=\"253dfe3d\" data-element_type=\"section\">\t\t\t\t\t\t<div class=\"elementor-container elementor-column-gap-default\">\t\t\t\t\t<div class=\"elementor-column elementor-col-100 elementor-top-column elementor-element elementor-element-75b135bd\" data-id=\"75b135bd\" data-element_type=\"column\">\t\t\t<div class=\"elementor-widget-wrap elementor-element-populated\">\t\t\t\t\t\t<div class=\"elementor-element elementor-element-589becd elementor-widget elementor-widget-text-editor\" data-id=\"589becd\" data-element_type=\"widget\" data-widget_type=\"text-editor.default\">\t\t\t\t<div class=\"elementor-widget-container\">\t\t\t\t\t\t\t\t\t<h5>N\u00eb pritje p\u00ebr p\u00ebrkthim<\/h5>\t\t\t\t\t\t\t\t<\/div>\t\t\t\t<\/div>\t\t\t\t\t<\/div>\t\t<\/div>\t\t\t\t\t<\/div>\t\t<\/section>\t\t\t\t<\/div><p>\t\t<\/p>","protected":false},"excerpt":{"rendered":"<p>N\u00eb pritje p\u00ebr p\u00ebrkthim<\/p>\n","protected":false},"author":2,"featured_media":0,"parent":13040,"menu_order":7,"comment_status":"closed","ping_status":"closed","template":"page.php","meta":{"_acf_changed":false,"footnotes":""},"class_list":["post-13042","page","type-page","status-publish","hentry"],"acf":[],"yoast_head":"<!-- This site is optimized with the Yoast SEO plugin v26.5 - https:\/\/yoast.com\/wordpress\/plugins\/seo\/ -->\n<title>The Problem of Human Denial | The Allies of Humanity Briefings<\/title>\n<meta name=\"description\" content=\"Denial of the extraterrestrial alien presence is prevalent. Many who read the Allies Briefings may not wish to face the reality of contact.\" \/>\n<meta name=\"robots\" content=\"index, follow, max-snippet:-1, max-image-preview:large, max-video-preview:-1\" \/>\n<link rel=\"canonical\" href=\"https:\/\/www.alliesofhumanity.org\/sq\/the-briefings\/book-two\/the-problem-of-human-denial-first-commentary\/\" \/>\n<meta property=\"og:locale\" content=\"sq_AL\" \/>\n<meta property=\"og:type\" content=\"article\" \/>\n<meta property=\"og:title\" content=\"The Problem of Human Denial of the Extraterrestrial Alien Presence\" \/>\n<meta property=\"og:description\" content=\"Denial of the extraterrestrial alien presence is prevalent. Many who read the Allies Briefings may not wish to face the reality of contact.\" \/>\n<meta property=\"og:url\" content=\"https:\/\/www.alliesofhumanity.org\/sq\/the-briefings\/book-two\/the-problem-of-human-denial-first-commentary\/\" \/>\n<meta property=\"og:site_name\" content=\"The Allies of Humanity\" \/>\n<meta property=\"article:publisher\" content=\"https:\/\/www.facebook.com\/alliesofhumanity\/\" \/>\n<meta property=\"article:modified_time\" content=\"2021-09-04T01:32:44+00:00\" \/>\n<meta property=\"og:image\" content=\"https:\/\/www.alliesofhumanity.org\/wp-content\/uploads\/2021\/01\/og-socialmedia-aoh.jpg\" \/>\n\t<meta property=\"og:image:width\" content=\"1200\" \/>\n\t<meta property=\"og:image:height\" content=\"630\" \/>\n\t<meta property=\"og:image:type\" content=\"image\/jpeg\" \/>\n<meta name=\"twitter:card\" content=\"summary_large_image\" \/>\n<meta name=\"twitter:title\" content=\"The Problem of Human Denial of the Extraterrestrial Alien Presence\" \/>\n<meta name=\"twitter:site\" content=\"@earthallies\" \/>\n<script type=\"application\/ld+json\" class=\"yoast-schema-graph\">{\"@context\":\"https:\/\/schema.org\",\"@graph\":[{\"@type\":\"WebPage\",\"@id\":\"https:\/\/www.alliesofhumanity.org\/sq\/the-briefings\/book-two\/the-problem-of-human-denial-first-commentary\/\",\"url\":\"https:\/\/www.alliesofhumanity.org\/sq\/the-briefings\/book-two\/the-problem-of-human-denial-first-commentary\/\",\"name\":\"The Problem of Human Denial | The Allies of Humanity Briefings\",\"isPartOf\":{\"@id\":\"https:\/\/www.alliesofhumanity.org\/sq\/#website\"},\"datePublished\":\"2021-02-19T23:07:51+00:00\",\"dateModified\":\"2021-09-04T01:32:44+00:00\",\"description\":\"Denial of the extraterrestrial alien presence is prevalent. Many who read the Allies Briefings may not wish to face the reality of contact.\",\"breadcrumb\":{\"@id\":\"https:\/\/www.alliesofhumanity.org\/sq\/the-briefings\/book-two\/the-problem-of-human-denial-first-commentary\/#breadcrumb\"},\"inLanguage\":\"sq-AL\",\"potentialAction\":[{\"@type\":\"ReadAction\",\"target\":[\"https:\/\/www.alliesofhumanity.org\/sq\/the-briefings\/book-two\/the-problem-of-human-denial-first-commentary\/\"]}]},{\"@type\":\"BreadcrumbList\",\"@id\":\"https:\/\/www.alliesofhumanity.org\/sq\/the-briefings\/book-two\/the-problem-of-human-denial-first-commentary\/#breadcrumb\",\"itemListElement\":[{\"@type\":\"ListItem\",\"position\":1,\"name\":\"Brifingjet\",\"item\":\"https:\/\/www.alliesofhumanity.org\/sq\/the-briefings\/\"},{\"@type\":\"ListItem\",\"position\":2,\"name\":\"Libri i dyt\u00eb\",\"item\":\"https:\/\/www.alliesofhumanity.org\/sq\/the-briefings\/book-two\/\"},{\"@type\":\"ListItem\",\"position\":3,\"name\":\"Komenti i par\u00eb &#8211; Problemi i mohomit njer\u00ebzor\"}]},{\"@type\":\"WebSite\",\"@id\":\"https:\/\/www.alliesofhumanity.org\/sq\/#website\",\"url\":\"https:\/\/www.alliesofhumanity.org\/sq\/\",\"name\":\"The Allies of Humanity\",\"description\":\"\",\"potentialAction\":[{\"@type\":\"SearchAction\",\"target\":{\"@type\":\"EntryPoint\",\"urlTemplate\":\"https:\/\/www.alliesofhumanity.org\/sq\/?s={search_term_string}\"},\"query-input\":{\"@type\":\"PropertyValueSpecification\",\"valueRequired\":true,\"valueName\":\"search_term_string\"}}],\"inLanguage\":\"sq-AL\"}]}<\/script>\n<!-- \/ Yoast SEO plugin. -->","yoast_head_json":{"title":"The Problem of Human Denial | The Allies of Humanity Briefings","description":"Denial of the extraterrestrial alien presence is prevalent. Many who read the Allies Briefings may not wish to face the reality of contact.","robots":{"index":"index","follow":"follow","max-snippet":"max-snippet:-1","max-image-preview":"max-image-preview:large","max-video-preview":"max-video-preview:-1"},"canonical":"https:\/\/www.alliesofhumanity.org\/sq\/the-briefings\/book-two\/the-problem-of-human-denial-first-commentary\/","og_locale":"sq_AL","og_type":"article","og_title":"The Problem of Human Denial of the Extraterrestrial Alien Presence","og_description":"Denial of the extraterrestrial alien presence is prevalent. Many who read the Allies Briefings may not wish to face the reality of contact.","og_url":"https:\/\/www.alliesofhumanity.org\/sq\/the-briefings\/book-two\/the-problem-of-human-denial-first-commentary\/","og_site_name":"The Allies of Humanity","article_publisher":"https:\/\/www.facebook.com\/alliesofhumanity\/","article_modified_time":"2021-09-04T01:32:44+00:00","og_image":[{"width":1200,"height":630,"url":"https:\/\/www.alliesofhumanity.org\/wp-content\/uploads\/2021\/01\/og-socialmedia-aoh.jpg","type":"image\/jpeg"}],"twitter_card":"summary_large_image","twitter_title":"The Problem of Human Denial of the Extraterrestrial Alien Presence","twitter_site":"@earthallies","schema":{"@context":"https:\/\/schema.org","@graph":[{"@type":"WebPage","@id":"https:\/\/www.alliesofhumanity.org\/sq\/the-briefings\/book-two\/the-problem-of-human-denial-first-commentary\/","url":"https:\/\/www.alliesofhumanity.org\/sq\/the-briefings\/book-two\/the-problem-of-human-denial-first-commentary\/","name":"The Problem of Human Denial | The Allies of Humanity Briefings","isPartOf":{"@id":"https:\/\/www.alliesofhumanity.org\/sq\/#website"},"datePublished":"2021-02-19T23:07:51+00:00","dateModified":"2021-09-04T01:32:44+00:00","description":"Denial of the extraterrestrial alien presence is prevalent. Many who read the Allies Briefings may not wish to face the reality of contact.","breadcrumb":{"@id":"https:\/\/www.alliesofhumanity.org\/sq\/the-briefings\/book-two\/the-problem-of-human-denial-first-commentary\/#breadcrumb"},"inLanguage":"sq-AL","potentialAction":[{"@type":"ReadAction","target":["https:\/\/www.alliesofhumanity.org\/sq\/the-briefings\/book-two\/the-problem-of-human-denial-first-commentary\/"]}]},{"@type":"BreadcrumbList","@id":"https:\/\/www.alliesofhumanity.org\/sq\/the-briefings\/book-two\/the-problem-of-human-denial-first-commentary\/#breadcrumb","itemListElement":[{"@type":"ListItem","position":1,"name":"Brifingjet","item":"https:\/\/www.alliesofhumanity.org\/sq\/the-briefings\/"},{"@type":"ListItem","position":2,"name":"Libri i dyt\u00eb","item":"https:\/\/www.alliesofhumanity.org\/sq\/the-briefings\/book-two\/"},{"@type":"ListItem","position":3,"name":"Komenti i par\u00eb &#8211; Problemi i mohomit njer\u00ebzor"}]},{"@type":"WebSite","@id":"https:\/\/www.alliesofhumanity.org\/sq\/#website","url":"https:\/\/www.alliesofhumanity.org\/sq\/","name":"The Allies of Humanity","description":"","potentialAction":[{"@type":"SearchAction","target":{"@type":"EntryPoint","urlTemplate":"https:\/\/www.alliesofhumanity.org\/sq\/?s={search_term_string}"},"query-input":{"@type":"PropertyValueSpecification","valueRequired":true,"valueName":"search_term_string"}}],"inLanguage":"sq-AL"}]}},"_links":{"self":[{"href":"https:\/\/www.alliesofhumanity.org\/sq\/wp-json\/wp\/v2\/pages\/13042","targetHints":{"allow":["GET"]}}],"collection":[{"href":"https:\/\/www.alliesofhumanity.org\/sq\/wp-json\/wp\/v2\/pages"}],"about":[{"href":"https:\/\/www.alliesofhumanity.org\/sq\/wp-json\/wp\/v2\/types\/page"}],"author":[{"embeddable":true,"href":"https:\/\/www.alliesofhumanity.org\/sq\/wp-json\/wp\/v2\/users\/2"}],"replies":[{"embeddable":true,"href":"https:\/\/www.alliesofhumanity.org\/sq\/wp-json\/wp\/v2\/comments?post=13042"}],"version-history":[{"count":2,"href":"https:\/\/www.alliesofhumanity.org\/sq\/wp-json\/wp\/v2\/pages\/13042\/revisions"}],"predecessor-version":[{"id":18970,"href":"https:\/\/www.alliesofhumanity.org\/sq\/wp-json\/wp\/v2\/pages\/13042\/revisions\/18970"}],"up":[{"embeddable":true,"href":"https:\/\/www.alliesofhumanity.org\/sq\/wp-json\/wp\/v2\/pages\/13040"}],"wp:attachment":[{"href":"https:\/\/www.alliesofhumanity.org\/sq\/wp-json\/wp\/v2\/media?parent=13042"}],"curies":[{"name":"wp","href":"https:\/\/api.w.org\/{rel}","templated":true}]}}