{"id":13040,"date":"2021-02-20T00:06:11","date_gmt":"2021-02-19T23:06:11","guid":{"rendered":"https:\/\/www.alliesofhumanity.org\/the-briefings\/book-two\/"},"modified":"2021-05-16T17:18:55","modified_gmt":"2021-05-16T16:18:55","slug":"book-two","status":"publish","type":"page","link":"https:\/\/www.alliesofhumanity.org\/sq\/the-briefings\/book-two\/","title":{"rendered":"Libri i dyt\u00eb"},"content":{"rendered":"<h5>T\u00eb gjitha Brifingjet e Aleat\u00ebve t\u00eb Njer\u00ebzimit jan\u00eb t\u00eb disponueshme falas n\u00eb linj\u00eb. Filloni udh\u00ebtimin me librin e dyt\u00eb t\u00eb Aleat\u00ebve.<\/h5>\n<p>N\u00eb serin\u00eb e dyt\u00eb t\u00eb brifingjeve, Aleat\u00ebt e Njer\u00ebzimit d\u00ebshirojn\u00eb t\u00eb na japin nj\u00eb mir\u00ebkuptim m\u00eb t\u00eb madh dhe nj\u00eb vizion m\u00eb t\u00eb madh t\u00eb asaj q\u00eb \u00ebsht\u00eb jeta n\u00eb t\u00eb vertet\u00eb n\u00eb universin rreth nesh. Aleat\u00ebt tan\u00eb d\u00ebshirojn\u00eb t\u00eb na paralajm\u00ebrojn\u00eb p\u00ebr rreziqet e m\u00ebdha q\u00eb po p\u00ebrballojm\u00eb tani, rreziqet e hyrjes n\u00eb Komunitetin e Madh. Ata d\u00ebshirojn\u00eb t\u00eb na tregojn\u00eb nevoj\u00ebn ton\u00eb p\u00ebr t\u00eb ruajtur lirin\u00eb ton\u00eb dhe integritetin ton\u00eb si rac\u00eb nd\u00ebrsa kalojm\u00eb n\u00eb k\u00ebt\u00eb tranzicion t\u00eb zgjatur.<\/p>\n<p><!--\n\nGet a copy of the book:\n\n\n<ul>\n \t\n\n<li>Print version: <a href=\"https:\/\/newknowledgelibrary.org\/books\/the-allies-of-humanity-book-two-english-print-book\/\" target=\"_blank\" rel=\"noopener\">New Knowledge Library<\/a> or <a href=\"https:\/\/www.amazon.com\/Allies-Humanity-Book-Marshall-Summers\/dp\/1884238378\" target=\"_blank\" rel=\"noopener\">Amazon<\/a>.<\/li>\n\n\n \t\n\n<li>Ebook format: <a href=\"https:\/\/newknowledgelibrary.org\/e-books\/the-allies-of-humanity-book-two-english-ebook\/\" target=\"_blank\" rel=\"noopener\">New Knowledge Library<\/a>, <a href=\"https:\/\/www.amazon.com\/Allies-Humanity-Book-Two-ebook\/dp\/B005J5KU8I\" target=\"_blank\" rel=\"noopener\">Kindle version from Amazon<\/a>, <a href=\"https:\/\/books.apple.com\/au\/book\/the-allies-of-humanity-book-two\/id894103733\" target=\"_blank\" rel=\"noopener\">Apple Books<\/a> or <a href=\"https:\/\/play.google.com\/store\/books\/details\/Marshall_Vian_Summers_The_Allies_of_Humanity_Book?id=6HysOWI88a8C\" target=\"_blank\" rel=\"noopener\">Google Play<\/a>.<\/li>\n\n\n<\/ul>\n\n\n--><\/p>\n<hr \/>\n<h5>Filloni t\u00eb lexoni Brifingjet n\u00eb linj\u00eb tani!<\/h5>\n<p>P\u00ebrmbajtja:<\/p>\n<p><a href=\"universe-reality-of-nature\">Brifingu i par\u00eb: Universi n\u00eb t\u00eb cilin po hyni<\/a><\/p>\n<p><a href=\"why-are-aliens-here\">Brifingu i dyt\u00eb: Pse Nd\u00ebrhyrja po ndodh<br \/>\n<\/a><\/p>\n<p><a href=\"the-influence-upon-humanity\">Brifingu i tret\u00eb: Ndikimi mbi njer\u00ebzimin<\/a><\/p>\n<p><a href=\"collectives-in-universe\">Brifingu i kat\u00ebrt: Kolektivet<\/a><\/p>\n<p><a href=\"biological-resources\">Brifingu i pest\u00eb: \u00c7far\u00eb ata duan<\/a><\/p>\n<p><a href=\"a-call-to-action-spiritual-power\">Brifingu i gjasht\u00eb: Nj\u00eb thirrje p\u00ebr t\u00eb vepruar<\/a><\/p>\n<p>Komenti i par\u00eb: <a href=\"\/sq\/the-problem-of-human-denial-first-commentary\">Problemi i mohomit njer\u00ebzor<\/a><\/p>\n<p>Komenti i dyt\u00eb: <a href=\"\/sq\/effects-of-the-pacification-program-second-commentary\">Efektet e programit t\u00eb pacifikimit<\/a><\/p>\n<p>Komenti i tret\u00eb: <a href=\"\/sq\/understanding-the-intervention-third-commentary\">T\u00eb kuptosh Nd\u00ebrhyrjen<\/a><\/p>\n<p>Society (Shoqata) p\u00ebr Mesazhin e Ri tani po i v\u00eb n\u00eb dispozicion t\u00eb gjitha t\u00eb kat\u00ebr v\u00ebllimet e <em>Aleat\u00ebve t\u00eb Njer\u00ebzimit<\/em> n\u00eb linj\u00eb pa asnj\u00eb kosto. E b\u00ebjm\u00eb k\u00ebt\u00eb k\u00ebshtu n\u00eb m\u00ebnyr\u00eb q\u00eb ky mesazh mund t\u00eb arrij\u00eb sa m\u00eb shum\u00eb njer\u00ebz q\u00eb t\u00eb jet\u00eb e mundur, si n\u00eb baz\u00eb ashtu edhe n\u00eb pozita fuqie politike, ekonomike dhe fetare.<\/p>\n","protected":false},"excerpt":{"rendered":"<p>T\u00eb gjitha Brifingjet e Aleat\u00ebve t\u00eb Njer\u00ebzimit jan\u00eb t\u00eb disponueshme falas n\u00eb linj\u00eb. Filloni udh\u00ebtimin me librin e dyt\u00eb t\u00eb Aleat\u00ebve. N\u00eb serin\u00eb e dyt\u00eb t\u00eb brifingjeve, Aleat\u00ebt e Njer\u00ebzimit d\u00ebshirojn\u00eb t\u00eb na japin nj\u00eb mir\u00ebkuptim m\u00eb t\u00eb madh dhe nj\u00eb vizion m\u00eb t\u00eb madh t\u00eb asaj q\u00eb \u00ebsht\u00eb jeta n\u00eb t\u00eb vertet\u00eb n\u00eb universin [&hellip;]<\/p>\n","protected":false},"author":2,"featured_media":0,"parent":12813,"menu_order":2,"comment_status":"closed","ping_status":"closed","template":"page-book-start.php","meta":{"_acf_changed":false,"footnotes":""},"class_list":["post-13040","page","type-page","status-publish","hentry"],"acf":[],"yoast_head":"<!-- This site is optimized with the Yoast SEO plugin v26.5 - https:\/\/yoast.com\/wordpress\/plugins\/seo\/ -->\n<title>Aleat\u00ebt e Njer\u00ebzimit, Libri i dyt\u00eb: Uniteti njer\u00ebzor, liria dhe kontakti jasht\u00ebtok\u00ebsor<\/title>\n<meta name=\"description\" content=\"N\u00eb serin\u00eb ton\u00eb t\u00eb dyr\u00eb t\u00eb brifingjeve, ne d\u00ebshirojm\u00eb t&#039;ju japim nj\u00eb kuptueshm\u00ebri dhe nj\u00eb vizion t\u00eb asaj si duket jeta n\u00eb universin rreth jush.\" \/>\n<meta name=\"robots\" content=\"index, follow, max-snippet:-1, max-image-preview:large, max-video-preview:-1\" \/>\n<link rel=\"canonical\" href=\"https:\/\/www.alliesofhumanity.org\/sq\/the-briefings\/book-two\/\" \/>\n<meta property=\"og:locale\" content=\"sq_AL\" \/>\n<meta property=\"og:type\" content=\"article\" \/>\n<meta property=\"og:title\" content=\"Aleat\u00ebt e Njer\u00ebzimit, Libri i dyt\u00eb: Uniteti njer\u00ebzor, liria dhe kontakti jasht\u00ebtok\u00ebsor\" \/>\n<meta property=\"og:description\" content=\"N\u00eb serin\u00eb ton\u00eb t\u00eb dyr\u00eb t\u00eb brifingjeve, ne d\u00ebshirojm\u00eb t&#039;ju japim nj\u00eb kuptueshm\u00ebri dhe nj\u00eb vizion t\u00eb asaj si duket jeta n\u00eb universin rreth jush.\" \/>\n<meta property=\"og:url\" content=\"https:\/\/www.alliesofhumanity.org\/sq\/the-briefings\/book-two\/\" \/>\n<meta property=\"og:site_name\" content=\"The Allies of Humanity\" \/>\n<meta property=\"article:publisher\" content=\"https:\/\/www.facebook.com\/alliesofhumanity\/\" \/>\n<meta property=\"article:modified_time\" content=\"2021-05-16T16:18:55+00:00\" \/>\n<meta property=\"og:image\" content=\"https:\/\/www.alliesofhumanity.org\/wp-content\/uploads\/2021\/01\/og-socialmedia-aoh.jpg\" \/>\n\t<meta property=\"og:image:width\" content=\"1200\" \/>\n\t<meta property=\"og:image:height\" content=\"630\" \/>\n\t<meta property=\"og:image:type\" content=\"image\/jpeg\" \/>\n<meta name=\"twitter:card\" content=\"summary_large_image\" \/>\n<meta name=\"twitter:title\" content=\"Aleat\u00ebt e Njer\u00ebzimit, Libri i dyt\u00eb: Uniteti njer\u00ebzor, liria dhe kontakti jasht\u00ebtok\u00ebsor\" \/>\n<meta name=\"twitter:site\" content=\"@earthallies\" \/>\n<meta name=\"twitter:label1\" content=\"Est. reading time\" \/>\n\t<meta name=\"twitter:data1\" content=\"1 minute\" \/>\n<script type=\"application\/ld+json\" class=\"yoast-schema-graph\">{\"@context\":\"https:\/\/schema.org\",\"@graph\":[{\"@type\":\"WebPage\",\"@id\":\"https:\/\/www.alliesofhumanity.org\/sq\/the-briefings\/book-two\/\",\"url\":\"https:\/\/www.alliesofhumanity.org\/sq\/the-briefings\/book-two\/\",\"name\":\"Aleat\u00ebt e Njer\u00ebzimit, Libri i dyt\u00eb: Uniteti njer\u00ebzor, liria dhe kontakti jasht\u00ebtok\u00ebsor\",\"isPartOf\":{\"@id\":\"https:\/\/www.alliesofhumanity.org\/sq\/#website\"},\"datePublished\":\"2021-02-19T23:06:11+00:00\",\"dateModified\":\"2021-05-16T16:18:55+00:00\",\"description\":\"N\u00eb serin\u00eb ton\u00eb t\u00eb dyr\u00eb t\u00eb brifingjeve, ne d\u00ebshirojm\u00eb t'ju japim nj\u00eb kuptueshm\u00ebri dhe nj\u00eb vizion t\u00eb asaj si duket jeta n\u00eb universin rreth jush.\",\"breadcrumb\":{\"@id\":\"https:\/\/www.alliesofhumanity.org\/sq\/the-briefings\/book-two\/#breadcrumb\"},\"inLanguage\":\"sq-AL\",\"potentialAction\":[{\"@type\":\"ReadAction\",\"target\":[\"https:\/\/www.alliesofhumanity.org\/sq\/the-briefings\/book-two\/\"]}]},{\"@type\":\"BreadcrumbList\",\"@id\":\"https:\/\/www.alliesofhumanity.org\/sq\/the-briefings\/book-two\/#breadcrumb\",\"itemListElement\":[{\"@type\":\"ListItem\",\"position\":1,\"name\":\"Brifingjet\",\"item\":\"https:\/\/www.alliesofhumanity.org\/sq\/the-briefings\/\"},{\"@type\":\"ListItem\",\"position\":2,\"name\":\"Libri i dyt\u00eb\"}]},{\"@type\":\"WebSite\",\"@id\":\"https:\/\/www.alliesofhumanity.org\/sq\/#website\",\"url\":\"https:\/\/www.alliesofhumanity.org\/sq\/\",\"name\":\"The Allies of Humanity\",\"description\":\"\",\"potentialAction\":[{\"@type\":\"SearchAction\",\"target\":{\"@type\":\"EntryPoint\",\"urlTemplate\":\"https:\/\/www.alliesofhumanity.org\/sq\/?s={search_term_string}\"},\"query-input\":{\"@type\":\"PropertyValueSpecification\",\"valueRequired\":true,\"valueName\":\"search_term_string\"}}],\"inLanguage\":\"sq-AL\"}]}<\/script>\n<!-- \/ Yoast SEO plugin. -->","yoast_head_json":{"title":"Aleat\u00ebt e Njer\u00ebzimit, Libri i dyt\u00eb: Uniteti njer\u00ebzor, liria dhe kontakti jasht\u00ebtok\u00ebsor","description":"N\u00eb serin\u00eb ton\u00eb t\u00eb dyr\u00eb t\u00eb brifingjeve, ne d\u00ebshirojm\u00eb t'ju japim nj\u00eb kuptueshm\u00ebri dhe nj\u00eb vizion t\u00eb asaj si duket jeta n\u00eb universin rreth jush.","robots":{"index":"index","follow":"follow","max-snippet":"max-snippet:-1","max-image-preview":"max-image-preview:large","max-video-preview":"max-video-preview:-1"},"canonical":"https:\/\/www.alliesofhumanity.org\/sq\/the-briefings\/book-two\/","og_locale":"sq_AL","og_type":"article","og_title":"Aleat\u00ebt e Njer\u00ebzimit, Libri i dyt\u00eb: Uniteti njer\u00ebzor, liria dhe kontakti jasht\u00ebtok\u00ebsor","og_description":"N\u00eb serin\u00eb ton\u00eb t\u00eb dyr\u00eb t\u00eb brifingjeve, ne d\u00ebshirojm\u00eb t'ju japim nj\u00eb kuptueshm\u00ebri dhe nj\u00eb vizion t\u00eb asaj si duket jeta n\u00eb universin rreth jush.","og_url":"https:\/\/www.alliesofhumanity.org\/sq\/the-briefings\/book-two\/","og_site_name":"The Allies of Humanity","article_publisher":"https:\/\/www.facebook.com\/alliesofhumanity\/","article_modified_time":"2021-05-16T16:18:55+00:00","og_image":[{"width":1200,"height":630,"url":"https:\/\/www.alliesofhumanity.org\/wp-content\/uploads\/2021\/01\/og-socialmedia-aoh.jpg","type":"image\/jpeg"}],"twitter_card":"summary_large_image","twitter_title":"Aleat\u00ebt e Njer\u00ebzimit, Libri i dyt\u00eb: Uniteti njer\u00ebzor, liria dhe kontakti jasht\u00ebtok\u00ebsor","twitter_site":"@earthallies","twitter_misc":{"Est. reading time":"1 minute"},"schema":{"@context":"https:\/\/schema.org","@graph":[{"@type":"WebPage","@id":"https:\/\/www.alliesofhumanity.org\/sq\/the-briefings\/book-two\/","url":"https:\/\/www.alliesofhumanity.org\/sq\/the-briefings\/book-two\/","name":"Aleat\u00ebt e Njer\u00ebzimit, Libri i dyt\u00eb: Uniteti njer\u00ebzor, liria dhe kontakti jasht\u00ebtok\u00ebsor","isPartOf":{"@id":"https:\/\/www.alliesofhumanity.org\/sq\/#website"},"datePublished":"2021-02-19T23:06:11+00:00","dateModified":"2021-05-16T16:18:55+00:00","description":"N\u00eb serin\u00eb ton\u00eb t\u00eb dyr\u00eb t\u00eb brifingjeve, ne d\u00ebshirojm\u00eb t'ju japim nj\u00eb kuptueshm\u00ebri dhe nj\u00eb vizion t\u00eb asaj si duket jeta n\u00eb universin rreth jush.","breadcrumb":{"@id":"https:\/\/www.alliesofhumanity.org\/sq\/the-briefings\/book-two\/#breadcrumb"},"inLanguage":"sq-AL","potentialAction":[{"@type":"ReadAction","target":["https:\/\/www.alliesofhumanity.org\/sq\/the-briefings\/book-two\/"]}]},{"@type":"BreadcrumbList","@id":"https:\/\/www.alliesofhumanity.org\/sq\/the-briefings\/book-two\/#breadcrumb","itemListElement":[{"@type":"ListItem","position":1,"name":"Brifingjet","item":"https:\/\/www.alliesofhumanity.org\/sq\/the-briefings\/"},{"@type":"ListItem","position":2,"name":"Libri i dyt\u00eb"}]},{"@type":"WebSite","@id":"https:\/\/www.alliesofhumanity.org\/sq\/#website","url":"https:\/\/www.alliesofhumanity.org\/sq\/","name":"The Allies of Humanity","description":"","potentialAction":[{"@type":"SearchAction","target":{"@type":"EntryPoint","urlTemplate":"https:\/\/www.alliesofhumanity.org\/sq\/?s={search_term_string}"},"query-input":{"@type":"PropertyValueSpecification","valueRequired":true,"valueName":"search_term_string"}}],"inLanguage":"sq-AL"}]}},"_links":{"self":[{"href":"https:\/\/www.alliesofhumanity.org\/sq\/wp-json\/wp\/v2\/pages\/13040","targetHints":{"allow":["GET"]}}],"collection":[{"href":"https:\/\/www.alliesofhumanity.org\/sq\/wp-json\/wp\/v2\/pages"}],"about":[{"href":"https:\/\/www.alliesofhumanity.org\/sq\/wp-json\/wp\/v2\/types\/page"}],"author":[{"embeddable":true,"href":"https:\/\/www.alliesofhumanity.org\/sq\/wp-json\/wp\/v2\/users\/2"}],"replies":[{"embeddable":true,"href":"https:\/\/www.alliesofhumanity.org\/sq\/wp-json\/wp\/v2\/comments?post=13040"}],"version-history":[{"count":2,"href":"https:\/\/www.alliesofhumanity.org\/sq\/wp-json\/wp\/v2\/pages\/13040\/revisions"}],"predecessor-version":[{"id":13589,"href":"https:\/\/www.alliesofhumanity.org\/sq\/wp-json\/wp\/v2\/pages\/13040\/revisions\/13589"}],"up":[{"embeddable":true,"href":"https:\/\/www.alliesofhumanity.org\/sq\/wp-json\/wp\/v2\/pages\/12813"}],"wp:attachment":[{"href":"https:\/\/www.alliesofhumanity.org\/sq\/wp-json\/wp\/v2\/media?parent=13040"}],"curies":[{"name":"wp","href":"https:\/\/api.w.org\/{rel}","templated":true}]}}