{"id":13038,"date":"2021-02-19T23:57:58","date_gmt":"2021-02-19T22:57:58","guid":{"rendered":"https:\/\/www.alliesofhumanity.org\/the-briefings\/book-one\/"},"modified":"2021-05-16T17:38:21","modified_gmt":"2021-05-16T16:38:21","slug":"book-one","status":"publish","type":"page","link":"https:\/\/www.alliesofhumanity.org\/sq\/the-briefings\/book-one\/","title":{"rendered":"Libri i par\u00eb"},"content":{"rendered":"<h5>T\u00eb gjitha Brifingjet e Aleat\u00ebve t\u00eb Njer\u00ebzimit jan\u00eb t\u00eb disponueshme falas n\u00eb linj\u00eb. Filloni udh\u00ebtimin me librin e par\u00eb t\u00eb Aleat\u00ebve.<\/h5>\n<p>Mbi nj\u00ebzet vjez m\u00eb par\u00eb, nj\u00eb grup individ\u00ebsh nga disa bot\u00eb t\u00eb ndryshme u mblodh\u00ebn n\u00eb nj\u00eb v\u00ebnd t\u00eb fshehur n\u00eb sistemin ton\u00eb diellor af\u00ebr tok\u00ebs p\u00ebr t\u00eb v\u00ebzhguar nd\u00ebrhyrjen jasht\u00ebtok\u00ebsore q\u00eb po ndodh n\u00eb bot\u00ebn ton\u00eb. Nga pika e tyre e fshehur e v\u00ebzhgimit, ata ishin n\u00eb gjendje t\u00eb p\u00ebrcaktonin identitetin, organizat\u00ebn dhe synimet e atyreve q\u00eb po vizitojn\u00eb bot\u00ebn dhe t\u00eb monitorojn\u00eb aktivitetet e tyre.<\/p>\n<p>Ky grup vezhgues\u00ebsh e quan veten &#8220;Aleat\u00ebt e Njer\u00ebzimit&#8221;.<\/p>\n<p><!--\nGet a copy of the book:\n\n\n<ul>\n \t\n\n<li>Print version: <a href=\"https:\/\/newknowledgelibrary.org\/books\/the-allies-of-humanity-book-1-english-print-book\/\" target=\"_blank\" rel=\"noopener\">New Knowledge Library<\/a> or <a href=\"https:\/\/www.amazon.com\/Allies-Humanity-Book-Marshall-Summers-dp-1884238459\/dp\/1884238459\" target=\"_blank\" rel=\"noopener\">Amazon<\/a>.<\/li>\n\n\n \t\n\n<li>Ebook format: <a href=\"https:\/\/newknowledgelibrary.org\/e-books\/the-allies-of-humanity-book-1-english-ebook\/\" target=\"_blank\" rel=\"noopener\">New Knowledge Library<\/a>, <a href=\"https:\/\/www.amazon.com\/Allies-Humanity-Book-One-ebook-dp-B0052GA54I\/dp\/B0052GA54I\" target=\"_blank\" rel=\"noopener\">Kindle version from Amazon<\/a>, <a href=\"https:\/\/books.apple.com\/us\/book\/the-allies-of-humanity-book-one\/id894099032\" target=\"_blank\" rel=\"noopener\">Apple Books<\/a> or <a href=\"https:\/\/play.google.com\/store\/books\/details\/Marshall_Vian_Summers_The_Allies_of_Humanity_Book?id=L7ruJolCko0C\" target=\"_blank\" rel=\"noopener\">Google Play<\/a>.<\/li>\n\n\n<\/ul>\n\n\n--><\/p>\n<hr \/>\n<h5>Filloni t\u00eb lexoni Brifingjet n\u00eb linj\u00eb tani!<\/h5>\n<p>P\u00ebrmbajtja:<\/p>\n<p><a href=\"alien-races-earth\">Brifingu i par\u00eb: Prania jasht\u00ebtok\u00ebsore n\u00eb bot\u00eb sot<\/a><\/p>\n<p><a href=\"human-freedom\">Brifingu i dyt\u00eb: Sfida p\u00ebr lirin\u00eb njer\u00ebzore<br \/>\n<\/a><\/p>\n<p><a href=\"the-visitors\">Brifingu i tret\u00eb: Nj\u00eb paralajm\u00ebrim i madh<\/a><\/p>\n<p><a href=\"false-second-coming\">Brifingu i kat\u00ebrt: Manipulimi i traditave dhe besimeve fetare<\/a><\/p>\n<p><a href=\"threshold-alien-presence\">Brifingu i pest\u00eb: Pragu: nj\u00eb shpres\u00eb e re p\u00ebr njer\u00ebzimin<\/a><\/p>\n<p><a href=\"questions-about-aliens\">Brifingu i gjasht\u00eb: Pyetje e p\u00ebrgjigje<\/a><\/p>\n<p><a href=\"final-words\">Fjal\u00ebt e fundit<\/a><\/p>\n<p>Society (Shoqata) p\u00ebr Mesazhin e Ri tani po i v\u00eb n\u00eb dispozicion t\u00eb gjitha t\u00eb kat\u00ebr v\u00ebllimet e <em>Aleat\u00ebve t\u00eb Njer\u00ebzimit<\/em> n\u00eb linj\u00eb pa asnj\u00eb kosto. E b\u00ebjm\u00eb k\u00ebt\u00eb k\u00ebshtu n\u00eb m\u00ebnyr\u00eb q\u00eb ky mesazh mund t\u00eb arrij\u00eb sa m\u00eb shum\u00eb njer\u00ebz q\u00eb t\u00eb jet\u00eb e mundur, si n\u00eb baz\u00eb ashtu edhe n\u00eb pozita fuqie politike, ekonomike dhe fetare.<\/p>\n","protected":false},"excerpt":{"rendered":"<p>T\u00eb gjitha Brifingjet e Aleat\u00ebve t\u00eb Njer\u00ebzimit jan\u00eb t\u00eb disponueshme falas n\u00eb linj\u00eb. Filloni udh\u00ebtimin me librin e par\u00eb t\u00eb Aleat\u00ebve. Mbi nj\u00ebzet vjez m\u00eb par\u00eb, nj\u00eb grup individ\u00ebsh nga disa bot\u00eb t\u00eb ndryshme u mblodh\u00ebn n\u00eb nj\u00eb v\u00ebnd t\u00eb fshehur n\u00eb sistemin ton\u00eb diellor af\u00ebr tok\u00ebs p\u00ebr t\u00eb v\u00ebzhguar nd\u00ebrhyrjen jasht\u00ebtok\u00ebsore q\u00eb po ndodh [&hellip;]<\/p>\n","protected":false},"author":2,"featured_media":0,"parent":12813,"menu_order":1,"comment_status":"closed","ping_status":"closed","template":"page-book-start.php","meta":{"_acf_changed":false,"footnotes":""},"class_list":["post-13038","page","type-page","status-publish","hentry"],"acf":[],"yoast_head":"<!-- This site is optimized with the Yoast SEO plugin v26.5 - https:\/\/yoast.com\/wordpress\/plugins\/seo\/ -->\n<title>Aleat\u00ebt e Njer\u00ebzimit libri i par\u00eb | Aleat\u00ebt e Njer\u00ebzimit<\/title>\n<meta name=\"description\" content=\"Mbi nj\u00ebzet vjet m\u00eb par\u00eb, nj\u00eb grup individ\u00ebsh nga disa bot\u00eb t\u00eb ndryshme u mblodh\u00ebn n\u00eb nj\u00eb vend t\u00eb fshehur n\u00eb sistemin ton\u00eb diellor af\u00ebr tok\u00ebs me q\u00ebllimin p\u00ebr t\u00eb v\u00ebzhguar nd\u00ebrhyrjen jasht\u00ebtok\u00ebsore q\u00eb po ndodh n\u00eb sistemin ton\u00eb diellor.\" \/>\n<meta name=\"robots\" content=\"index, follow, max-snippet:-1, max-image-preview:large, max-video-preview:-1\" \/>\n<link rel=\"canonical\" href=\"https:\/\/www.alliesofhumanity.org\/sq\/the-briefings\/book-one\/\" \/>\n<meta property=\"og:locale\" content=\"sq_AL\" \/>\n<meta property=\"og:type\" content=\"article\" \/>\n<meta property=\"og:title\" content=\"Aleat\u00ebt e Njer\u00ebzimit libri i par\u00eb | Aleat\u00ebt e Njer\u00ebzimit\" \/>\n<meta property=\"og:description\" content=\"Mbi nj\u00ebzet vjet m\u00eb par\u00eb, nj\u00eb grup individ\u00ebsh nga disa bot\u00eb t\u00eb ndryshme u mblodh\u00ebn n\u00eb nj\u00eb vend t\u00eb fshehur n\u00eb sistemin ton\u00eb diellor af\u00ebr tok\u00ebs me q\u00ebllimin p\u00ebr t\u00eb v\u00ebzhguar nd\u00ebrhyrjen jasht\u00ebtok\u00ebsore q\u00eb po ndodh n\u00eb sistemin ton\u00eb diellor.\" \/>\n<meta property=\"og:url\" content=\"https:\/\/www.alliesofhumanity.org\/sq\/the-briefings\/book-one\/\" \/>\n<meta property=\"og:site_name\" content=\"The Allies of Humanity\" \/>\n<meta property=\"article:publisher\" content=\"https:\/\/www.facebook.com\/alliesofhumanity\/\" \/>\n<meta property=\"article:modified_time\" content=\"2021-05-16T16:38:21+00:00\" \/>\n<meta property=\"og:image\" content=\"https:\/\/www.alliesofhumanity.org\/wp-content\/uploads\/2021\/01\/og-socialmedia-aoh.jpg\" \/>\n\t<meta property=\"og:image:width\" content=\"1200\" \/>\n\t<meta property=\"og:image:height\" content=\"630\" \/>\n\t<meta property=\"og:image:type\" content=\"image\/jpeg\" \/>\n<meta name=\"twitter:card\" content=\"summary_large_image\" \/>\n<meta name=\"twitter:site\" content=\"@earthallies\" \/>\n<meta name=\"twitter:label1\" content=\"Est. reading time\" \/>\n\t<meta name=\"twitter:data1\" content=\"1 minute\" \/>\n<script type=\"application\/ld+json\" class=\"yoast-schema-graph\">{\"@context\":\"https:\/\/schema.org\",\"@graph\":[{\"@type\":\"WebPage\",\"@id\":\"https:\/\/www.alliesofhumanity.org\/sq\/the-briefings\/book-one\/\",\"url\":\"https:\/\/www.alliesofhumanity.org\/sq\/the-briefings\/book-one\/\",\"name\":\"Aleat\u00ebt e Njer\u00ebzimit libri i par\u00eb | Aleat\u00ebt e Njer\u00ebzimit\",\"isPartOf\":{\"@id\":\"https:\/\/www.alliesofhumanity.org\/sq\/#website\"},\"datePublished\":\"2021-02-19T22:57:58+00:00\",\"dateModified\":\"2021-05-16T16:38:21+00:00\",\"description\":\"Mbi nj\u00ebzet vjet m\u00eb par\u00eb, nj\u00eb grup individ\u00ebsh nga disa bot\u00eb t\u00eb ndryshme u mblodh\u00ebn n\u00eb nj\u00eb vend t\u00eb fshehur n\u00eb sistemin ton\u00eb diellor af\u00ebr tok\u00ebs me q\u00ebllimin p\u00ebr t\u00eb v\u00ebzhguar nd\u00ebrhyrjen jasht\u00ebtok\u00ebsore q\u00eb po ndodh n\u00eb sistemin ton\u00eb diellor.\",\"breadcrumb\":{\"@id\":\"https:\/\/www.alliesofhumanity.org\/sq\/the-briefings\/book-one\/#breadcrumb\"},\"inLanguage\":\"sq-AL\",\"potentialAction\":[{\"@type\":\"ReadAction\",\"target\":[\"https:\/\/www.alliesofhumanity.org\/sq\/the-briefings\/book-one\/\"]}]},{\"@type\":\"BreadcrumbList\",\"@id\":\"https:\/\/www.alliesofhumanity.org\/sq\/the-briefings\/book-one\/#breadcrumb\",\"itemListElement\":[{\"@type\":\"ListItem\",\"position\":1,\"name\":\"Brifingjet\",\"item\":\"https:\/\/www.alliesofhumanity.org\/sq\/the-briefings\/\"},{\"@type\":\"ListItem\",\"position\":2,\"name\":\"Libri i par\u00eb\"}]},{\"@type\":\"WebSite\",\"@id\":\"https:\/\/www.alliesofhumanity.org\/sq\/#website\",\"url\":\"https:\/\/www.alliesofhumanity.org\/sq\/\",\"name\":\"The Allies of Humanity\",\"description\":\"\",\"potentialAction\":[{\"@type\":\"SearchAction\",\"target\":{\"@type\":\"EntryPoint\",\"urlTemplate\":\"https:\/\/www.alliesofhumanity.org\/sq\/?s={search_term_string}\"},\"query-input\":{\"@type\":\"PropertyValueSpecification\",\"valueRequired\":true,\"valueName\":\"search_term_string\"}}],\"inLanguage\":\"sq-AL\"}]}<\/script>\n<!-- \/ Yoast SEO plugin. -->","yoast_head_json":{"title":"Aleat\u00ebt e Njer\u00ebzimit libri i par\u00eb | Aleat\u00ebt e Njer\u00ebzimit","description":"Mbi nj\u00ebzet vjet m\u00eb par\u00eb, nj\u00eb grup individ\u00ebsh nga disa bot\u00eb t\u00eb ndryshme u mblodh\u00ebn n\u00eb nj\u00eb vend t\u00eb fshehur n\u00eb sistemin ton\u00eb diellor af\u00ebr tok\u00ebs me q\u00ebllimin p\u00ebr t\u00eb v\u00ebzhguar nd\u00ebrhyrjen jasht\u00ebtok\u00ebsore q\u00eb po ndodh n\u00eb sistemin ton\u00eb diellor.","robots":{"index":"index","follow":"follow","max-snippet":"max-snippet:-1","max-image-preview":"max-image-preview:large","max-video-preview":"max-video-preview:-1"},"canonical":"https:\/\/www.alliesofhumanity.org\/sq\/the-briefings\/book-one\/","og_locale":"sq_AL","og_type":"article","og_title":"Aleat\u00ebt e Njer\u00ebzimit libri i par\u00eb | Aleat\u00ebt e Njer\u00ebzimit","og_description":"Mbi nj\u00ebzet vjet m\u00eb par\u00eb, nj\u00eb grup individ\u00ebsh nga disa bot\u00eb t\u00eb ndryshme u mblodh\u00ebn n\u00eb nj\u00eb vend t\u00eb fshehur n\u00eb sistemin ton\u00eb diellor af\u00ebr tok\u00ebs me q\u00ebllimin p\u00ebr t\u00eb v\u00ebzhguar nd\u00ebrhyrjen jasht\u00ebtok\u00ebsore q\u00eb po ndodh n\u00eb sistemin ton\u00eb diellor.","og_url":"https:\/\/www.alliesofhumanity.org\/sq\/the-briefings\/book-one\/","og_site_name":"The Allies of Humanity","article_publisher":"https:\/\/www.facebook.com\/alliesofhumanity\/","article_modified_time":"2021-05-16T16:38:21+00:00","og_image":[{"width":1200,"height":630,"url":"https:\/\/www.alliesofhumanity.org\/wp-content\/uploads\/2021\/01\/og-socialmedia-aoh.jpg","type":"image\/jpeg"}],"twitter_card":"summary_large_image","twitter_site":"@earthallies","twitter_misc":{"Est. reading time":"1 minute"},"schema":{"@context":"https:\/\/schema.org","@graph":[{"@type":"WebPage","@id":"https:\/\/www.alliesofhumanity.org\/sq\/the-briefings\/book-one\/","url":"https:\/\/www.alliesofhumanity.org\/sq\/the-briefings\/book-one\/","name":"Aleat\u00ebt e Njer\u00ebzimit libri i par\u00eb | Aleat\u00ebt e Njer\u00ebzimit","isPartOf":{"@id":"https:\/\/www.alliesofhumanity.org\/sq\/#website"},"datePublished":"2021-02-19T22:57:58+00:00","dateModified":"2021-05-16T16:38:21+00:00","description":"Mbi nj\u00ebzet vjet m\u00eb par\u00eb, nj\u00eb grup individ\u00ebsh nga disa bot\u00eb t\u00eb ndryshme u mblodh\u00ebn n\u00eb nj\u00eb vend t\u00eb fshehur n\u00eb sistemin ton\u00eb diellor af\u00ebr tok\u00ebs me q\u00ebllimin p\u00ebr t\u00eb v\u00ebzhguar nd\u00ebrhyrjen jasht\u00ebtok\u00ebsore q\u00eb po ndodh n\u00eb sistemin ton\u00eb diellor.","breadcrumb":{"@id":"https:\/\/www.alliesofhumanity.org\/sq\/the-briefings\/book-one\/#breadcrumb"},"inLanguage":"sq-AL","potentialAction":[{"@type":"ReadAction","target":["https:\/\/www.alliesofhumanity.org\/sq\/the-briefings\/book-one\/"]}]},{"@type":"BreadcrumbList","@id":"https:\/\/www.alliesofhumanity.org\/sq\/the-briefings\/book-one\/#breadcrumb","itemListElement":[{"@type":"ListItem","position":1,"name":"Brifingjet","item":"https:\/\/www.alliesofhumanity.org\/sq\/the-briefings\/"},{"@type":"ListItem","position":2,"name":"Libri i par\u00eb"}]},{"@type":"WebSite","@id":"https:\/\/www.alliesofhumanity.org\/sq\/#website","url":"https:\/\/www.alliesofhumanity.org\/sq\/","name":"The Allies of Humanity","description":"","potentialAction":[{"@type":"SearchAction","target":{"@type":"EntryPoint","urlTemplate":"https:\/\/www.alliesofhumanity.org\/sq\/?s={search_term_string}"},"query-input":{"@type":"PropertyValueSpecification","valueRequired":true,"valueName":"search_term_string"}}],"inLanguage":"sq-AL"}]}},"_links":{"self":[{"href":"https:\/\/www.alliesofhumanity.org\/sq\/wp-json\/wp\/v2\/pages\/13038","targetHints":{"allow":["GET"]}}],"collection":[{"href":"https:\/\/www.alliesofhumanity.org\/sq\/wp-json\/wp\/v2\/pages"}],"about":[{"href":"https:\/\/www.alliesofhumanity.org\/sq\/wp-json\/wp\/v2\/types\/page"}],"author":[{"embeddable":true,"href":"https:\/\/www.alliesofhumanity.org\/sq\/wp-json\/wp\/v2\/users\/2"}],"replies":[{"embeddable":true,"href":"https:\/\/www.alliesofhumanity.org\/sq\/wp-json\/wp\/v2\/comments?post=13038"}],"version-history":[{"count":2,"href":"https:\/\/www.alliesofhumanity.org\/sq\/wp-json\/wp\/v2\/pages\/13038\/revisions"}],"predecessor-version":[{"id":13570,"href":"https:\/\/www.alliesofhumanity.org\/sq\/wp-json\/wp\/v2\/pages\/13038\/revisions\/13570"}],"up":[{"embeddable":true,"href":"https:\/\/www.alliesofhumanity.org\/sq\/wp-json\/wp\/v2\/pages\/12813"}],"wp:attachment":[{"href":"https:\/\/www.alliesofhumanity.org\/sq\/wp-json\/wp\/v2\/media?parent=13038"}],"curies":[{"name":"wp","href":"https:\/\/api.w.org\/{rel}","templated":true}]}}