{"id":12969,"date":"2021-02-19T18:10:14","date_gmt":"2021-02-19T17:10:14","guid":{"rendered":"https:\/\/www.alliesofhumanity.org\/marshall-vian-summers\/"},"modified":"2021-05-16T17:27:02","modified_gmt":"2021-05-16T16:27:02","slug":"marshall-vian-summers","status":"publish","type":"page","link":"https:\/\/www.alliesofhumanity.org\/sq\/marshall-vian-summers\/","title":{"rendered":"Marshall Vian Summers"},"content":{"rendered":"\t\t<div data-elementor-type=\"wp-page\" data-elementor-id=\"12969\" class=\"elementor elementor-12969 elementor-2912\" data-elementor-post-type=\"page\">\t\t\t\t\t\t<section class=\"elementor-section elementor-top-section elementor-element elementor-element-7fac8697 elementor-section-boxed elementor-section-height-default elementor-section-height-default\" data-id=\"7fac8697\" data-element_type=\"section\">\t\t\t\t\t\t<div class=\"elementor-container elementor-column-gap-default\">\t\t\t\t\t<div class=\"elementor-column elementor-col-100 elementor-top-column elementor-element elementor-element-1195357f\" data-id=\"1195357f\" data-element_type=\"column\">\t\t\t<div class=\"elementor-widget-wrap elementor-element-populated\">\t\t\t\t\t\t<div class=\"elementor-element elementor-element-ba0d783 elementor-widget elementor-widget-text-editor\" data-id=\"ba0d783\" data-element_type=\"widget\" data-widget_type=\"text-editor.default\">\t\t\t\t<div class=\"elementor-widget-container\">\t\t\t\t\t\t\t\t\t<h5>P\u00ebr 35 vitet e kaluara, un\u00eb kam qen\u00eb i zhytur n\u00eb nj\u00eb p\u00ebrvoj\u00eb fetare. Kjo ka rezultuar n\u00eb marrjen e nj\u00eb trupi t\u00eb gjer\u00eb shkrimesh rreth natyr\u00ebs s\u00eb spiritualitetit njer\u00ebzor dhe fatit t\u00eb njer\u00ebzimit brenda nj\u00eb panoram\u00eb m\u00eb t\u00eb gjer\u00eb jete inteligjente n\u00eb univers.<\/h5><p>K\u00ebto shkrime, t\u00eb p\u00ebrfshira n\u00eb M\u00ebsimet e <a title=\"Shkoni tek newmessage.org\/sq\" href=\"https:\/\/newmessage.org\/sq\" target=\"_blank\" rel=\"noopener noreferrer\">M\u00ebsazhit t\u00eb Ri<\/a>, p\u00ebrmbajn\u00eb nj\u00eb kuad\u00ebr teologjik q\u00eb merr n\u00eb llogari jet\u00ebn dhe pranin\u00eb e Zotit n\u00eb \u201cKomunitetin e Madh\u201d, hap\u00ebsira e gjer\u00eb e koh\u00ebs dhe hapisir\u00ebs q\u00eb e njohim si universi jon\u00eb.<\/p><p>Kosmologjia q\u00eb kam marr\u00eb p\u00ebrmban disa mesazhe, nj\u00eb nga t\u00eb cilat \u00ebsht\u00eb q\u00eb njer\u00ebzimi po hyn n\u00eb nj\u00eb Komunitet t\u00eb Madh jete inteligjente dhe p\u00ebr k\u00ebt\u00eb duhet t\u00eb p\u00ebrgatitemi. N\u00eb thelb t\u00eb k\u00ebtij mesazhi \u00ebsht\u00eb mir\u00ebkuptimi q\u00eb njer\u00ebzimi nuk \u00ebsht\u00eb vet\u00ebm n\u00eb univers, ose edhe vet\u00ebm brenda bot\u00ebs son\u00eb. Dhe q\u00eb brenda k\u00ebtij Komuniteti t\u00eb Madh, njer\u00ebzimi do t\u00eb ket\u00eb miq\u00eb, konkurrent\u00eb dhe kund\u00ebrshtar\u00eb.<\/p><p>Ky realitet i gjer\u00eb u konfirmua n\u00eb m\u00ebnyr\u00eb dramatike nga transmitimi i papritur t\u00eb seris\u00eb s\u00eb par\u00eb t\u00eb Brifingjeve t\u00eb Aleateve t\u00eb njer\u00ebzimit n\u00eb 1997. Tre vjet m\u00eb par\u00eb n\u00eb 1994, un\u00eb mora kuadrin teologjik p\u00ebr t\u00eb kuptuar Brifingjet e Aleat\u00ebve n\u00eb librin tim <a title=\"Shkoni tek newmessage.org\" href=\"https:\/\/www.newmessage.org\/the-message\/volume-2\/greater-community-spirituality\" target=\"_blank\" rel=\"noopener noreferrer\">Spiritualiteti i Komunitetit t\u00eb Madh \u2013 Nj\u00eb Shpallje e Re<\/a>.<\/p><p>N\u00eb k\u00ebt\u00eb pik\u00eb, si rezultat t\u00eb punes dhe shkrimeve time shpirt\u00ebrore, u b\u00eb e njohur p\u00ebr mua q\u00eb njer\u00ebzimi ka aleat\u00eb n\u00eb univers q\u00eb jan\u00eb t\u00eb shqet\u00ebsuar me mir\u00ebqenien dhe lirin\u00eb e ardhshme t\u00eb rac\u00ebs son\u00eb. Brenda kosmologjis\u00eb n\u00eb rritjes q\u00eb m\u00eb \u00ebsht\u00eb shpallur, ishte mir\u00ebkuptimi q\u00eb n\u00eb historin\u00eb e jet\u00ebs inteligjente n\u00eb univers, racat e p\u00ebrparuara etikisht kan\u00eb nj\u00eb detyrim t\u2019ia trashgojn\u00eb urt\u00ebsin\u00eb e tyre racave t\u00eb reja emergjente si e jona, dhe q\u00eb ky trashgim duhet t\u00eb ndodh\u00eb <em>pa<\/em> nd\u00ebrhyrje direkte ose nd\u00ebrhyrje n\u00eb \u00e7\u00ebshtjet e rac\u00ebs s\u00eb re. Synimi \u00ebsht\u00eb lajm\u00ebrimi, jo nd\u00ebrhyrja.<\/p><p>Ky kalimi i urt\u00ebsis\u00eb p\u00ebrfaq\u00ebson nj\u00eb kuad\u00ebr etik t\u00eb vjet\u00ebr n\u00eb lidhje me kontaktin me raca emergjente dhe se si duhet t\u00eb kryhet. Dy serit\u00eb e par\u00eb t\u00eb Brifingjeve t\u00eb Aleat\u00ebve t\u00eb Njer\u00ebzimit jan\u00eb nj\u00eb shfaqe e qart\u00eb t\u00eb k\u00ebtij modeli mosnd\u00ebrhyrjeje dhe Kontakti etik. Ky model duhet t\u00eb jet\u00eb nj\u00eb drit\u00eb udh\u00ebzuese dhe nj\u00eb standart q\u00eb duhet t\u00eb presim q\u00eb racat e tjera t\u00eb mbajn\u00eb n\u00eb p\u00ebrpjekjet e tyre p\u00ebr t\u00eb na kontktuar n\u00eb t\u00eb ardhmen ose p\u00ebr t\u00eb vizituar bot\u00ebn ton\u00eb. Madje, kjo shfaqe Kontakti etik q\u00ebndron n\u00eb kontrast me Nd\u00ebrhyrjen q\u00eb po ndodh n\u00eb bot\u00eb sot.<\/p><p class=\"float-left\"><img decoding=\"async\" src=\"https:\/\/www.alliesofhumanity.org\/wp-content\/uploads\/2020\/06\/mvs-greater-power-decisive-action.jpg\" alt=\"\" \/><\/p><p>Ne po l\u00ebvizim n\u00eb nj\u00eb pozicion prekshm\u00ebrie ekstreme. Me spektrin e shterimit t\u00eb burimeve, degradimit mjedisor dhe rrezikut t\u00eb thyerjes s\u00eb m\u00ebtejshme t\u00eb familjes njer\u00ebzore q\u00eb po ritet \u00e7do dite, jemi gati p\u00ebr Nd\u00ebrhyrje. Ne jetojm\u00eb n\u00eb nj\u00eb izolim t\u00eb duksh\u00ebm n\u00eb nj\u00eb bot\u00eb t\u00eb pasur e t\u00eb vlefshme q\u00eb po k\u00ebrkohet nga t\u00eb tjer\u00ebt matan\u00eb bregjeve tuaja. Jemi t\u00eb shp\u00ebrq\u00ebndruar e t\u00eb ndar\u00eb dhe nuk e shohim rrezikun e madh q\u00eb po nd\u00ebrhyjn\u00eb n\u00eb kufijt\u00eb tona. \u00cbsht\u00eb nj\u00eb fenomen q\u00eb historia e ka p\u00ebrs\u00ebritur pa pushim n\u00eb lidhje me fatin e popujve vendase q\u00eb po p\u00ebrballonin nd\u00ebrhyrje p\u00ebr her\u00eb t\u00eb par\u00eb. Ne jemi jorealist n\u00eb supozimet tona rreth fuqive dhe dashamir\u00ebsis\u00eb s\u00eb jet\u00ebs inteligjente n\u00eb univers. Dhe po fillojm\u00eb vet\u00ebm tani t\u00eb b\u00ebjm\u00eb bilancin e kushteve q\u00eb kemi krijuar p\u00ebr vete brenda bot\u00ebs son\u00eb.<\/p><p>E v\u00ebrteta jopopullore \u00ebsht\u00eb q\u00eb njer\u00ebzimi nuk \u00ebsht\u00eb gati p\u00ebr eksperienc\u00eb dirkte kontakti dhe sigurisht jo gati p\u00ebr nj\u00eb nd\u00ebrhyrje. Ne duhet s\u00eb pari t\u00eb v\u00ebm\u00eb sht\u00ebpin\u00eb ton\u00eb n\u00eb rregull. Nuk e kemi akoma pjekurin\u00eb si specie p\u00ebr t\u2019u angazhuar me raca t\u00eb tjera n\u00eb Komunitetin e Madh nga nj\u00eb pozicion uniteti, fuqi dhe  aft\u00ebsi dalluese. Dhe derisa t\u00eb arrijm\u00eb nj\u00eb pozit\u00eb t\u00eb till\u00eb, n\u00ebse mundemi ndonj\u00ebher\u00eb, at\u00ebher\u00eb asnj\u00eb rac\u00eb nuk duhet t\u00eb p\u00ebrpiqet t\u00eb nd\u00ebrhyj\u00eb direkt n\u00eb bot\u00ebn ton\u00eb. Aleat\u00ebt po na japin shum\u00eb urt\u00ebsi dhe perspektiv\u00eb t\u00eb nevojshme, madje ata nuk po nd\u00ebrhyjn\u00eb. Ata na tregojn\u00eb se fati jon\u00eb \u00ebsht\u00eb dhe duhet t\u00eb jet\u00eb n\u00eb duart tona. E till\u00eb \u00ebsht\u00eb barra e liris\u00eb n\u00eb Komunitetin e Madh.<\/p><p>Pavar\u00ebsisht nga mungesa jon\u00eb e gatishm\u00ebris\u00eb, megjithat\u00eb nd\u00ebrhyrja po ndodh. Njer\u00ebzimi duhet t\u00eb p\u00ebrgatitet p\u00ebr k\u00ebt\u00eb, pragu m\u00eb i r\u00ebnd\u00ebsish\u00ebm n\u00eb historin\u00eb njer\u00ebzore. N\u00eb vend q\u00eb t\u00eb jemi thejsht nj\u00eb d\u00ebshmitar rast\u00ebsor t\u00eb k\u00ebtij fenomeni, ne ndodhemi pik\u00ebrisht n\u00eb qendr\u00ebn e tij. \u00cbsht\u00eb duke ndodhur pavar\u00ebsisht n\u00ebse jemi t\u00eb vet\u00ebdijsh\u00ebm p\u00ebr t\u00eb apo jo. Ajo e ka fuqin\u00eb t\u00eb ndryshoj\u00eb rezultatin p\u00ebr njer\u00ebzimin. Dhe ka gjith\u00e7ka t\u00eb b\u00ebj\u00eb me at\u00eb q\u00eb jemi dhe pse jemi n\u00eb bot\u00eb n\u00eb k\u00ebt\u00eb koh\u00eb.<\/p><p><a title=\"Shkoni tek newmessage.org\/sq\" href=\"http:\/\/www.newmessage.org\/sq\" target=\"_blank\" rel=\"noopener noreferrer\">Mesazhi i Ri<\/a> u dha p\u00ebr t\u00eb dh\u00ebn\u00eb si m\u00ebsimin dhe p\u00ebrgatitjen q\u00eb kemi tani nevoj\u00eb p\u00ebr t\u00eb p\u00ebrballuar k\u00ebt\u00eb prag t\u00eb madh, p\u00ebr ta rinovuar shpirtin njer\u00ebzor dhe p\u00ebr t\u00eb vendosur nj\u00eb kurs t\u00eb ri p\u00ebr familjen njer\u00ebzore. I flet nevoj\u00ebs urgjente p\u00ebr unitet dhe bashk\u00ebpunim njer\u00ebzor, par\u00ebsia e Dijes, zgjuarsia jon\u00eb shpirt\u00ebrore dhe p\u00ebrgjegj\u00ebsit\u00eb e m\u00ebdha q\u00eb duhet tani t\u00eb pranojm\u00eb n\u00eb pragun e hap\u00ebsir\u00ebs. Ai p\u00ebrfaq\u00ebson nj\u00eb Mesazh t\u00eb Ri nga Krijuesi i t\u00eb gjith\u00eb jet\u00ebs.<\/p><p class=\"image-quote float-right\"><img decoding=\"async\" src=\"https:\/\/www.alliesofhumanity.org\/wp-content\/uploads\/2020\/12\/quote-mvs.png\" alt=\"\" \/><\/p><blockquote id=\"quote-3\" class=\"text-quote float-right bg-gray\">Ne po l\u00ebvizim n\u00eb nj\u00eb pozicion prekshm\u00ebrie ekstreme. Me spektrin e shterimin e burimeve, degradimit mjedisor dhe rrezikut t\u00eb thyerjes s\u00eb m\u00ebtejshme t\u00eb familjes njer\u00ebzore q\u00eb po rritet \u00e7do dit\u00eb, jemi gati p\u00ebr Nd\u00ebrhyrje.<\/blockquote><p>Misioni im \u00ebsht\u00eb ta sjell k\u00ebt\u00eb kosmologji dhe p\u00ebrgatitje m\u00eb t\u00eb madhe n\u00eb bot\u00eb dhe me t\u00eb, nj\u00eb shpres\u00eb t\u00eb re p\u00ebr nj\u00eb njer\u00ebzim n\u00eb mundim. P\u00ebrgatitja ime e gjat\u00eb dhe m\u00ebsimi i pamas\u00eb n\u00eb Mesazhin e Ri jan\u00eb k\u00ebtu p\u00ebr k\u00ebt\u00eb q\u00ebllim. Brifingjet e Aleat\u00ebve t\u00eb njer\u00ebzimit jan\u00eb thjesht nj\u00eb pjes\u00eb e vog\u00ebl t\u00eb k\u00ebtij mesazhi t\u00eb madh. \u00cbsht\u00eb tani koha p\u00ebr t\u2019i dh\u00ebn\u00eb fund konflikteve tona t\u00eb pafundme dhe p\u00ebr t\u2019u p\u00ebrgatitur p\u00ebr jet\u00ebn n\u00eb Komunitetin e Madh. P\u00ebr ta b\u00ebr\u00eb k\u00ebt\u00eb, na duhet nj\u00eb kuptueshm\u00ebri e re t\u00eb vetvetes si nj\u00eb popull, populli vendas i k\u00ebsaj bote, t\u00eb lindur nga nj\u00eb spiritualitet i nj\u00ebjt\u00eb, dhe nga pozicioni jon\u00eb i preksh\u00ebm si nj\u00eb rac\u00eb e re dhe emergjente n\u00eb univers. Ky \u00ebsht\u00eb nj\u00eb mesazh p\u00ebr njer\u00ebzimin dhe kjo \u00ebsht arsyeja p\u00ebrse kam ardhur.<\/p><p>&nbsp;<\/p><p align=\"center\"><b> Marshall Vian Summers<\/b><\/p><p align=\"center\"><a title=\"Shkoni tek marshallsummers.com\" href=\"https:\/\/www.marshallsummers.com\/\" target=\"_blank\" rel=\"noopener noreferrer\">marshallsummers.com<\/a><\/p>\t\t\t\t\t\t\t\t<\/div>\t\t\t\t<\/div>\t\t\t\t\t<\/div>\t\t<\/div>\t\t\t\t\t<\/div>\t\t<\/section>\t\t\t\t<\/div><p>\t\t<\/p>","protected":false},"excerpt":{"rendered":"<p>P\u00ebr 35 vitet e kaluara, un\u00eb kam qen\u00eb i zhytur n\u00eb nj\u00eb p\u00ebrvoj\u00eb fetare. Kjo ka rezultuar n\u00eb marrjen e nj\u00eb trupi t\u00eb gjer\u00eb shkrimesh rreth natyr\u00ebs s\u00eb spiritualitetit njer\u00ebzor dhe fatit t\u00eb njer\u00ebzimit brenda nj\u00eb panoram\u00eb m\u00eb t\u00eb gjer\u00eb jete inteligjente n\u00eb univers. K\u00ebto shkrime, t\u00eb p\u00ebrfshira n\u00eb M\u00ebsimet e M\u00ebsazhit t\u00eb Ri, p\u00ebrmbajn\u00eb [&hellip;]<\/p>\n","protected":false},"author":2,"featured_media":0,"parent":0,"menu_order":4,"comment_status":"closed","ping_status":"closed","template":"page.php","meta":{"_acf_changed":false,"footnotes":""},"class_list":["post-12969","page","type-page","status-publish","hentry"],"acf":[],"yoast_head":"<!-- This site is optimized with the Yoast SEO plugin v26.5 - https:\/\/yoast.com\/wordpress\/plugins\/seo\/ -->\n<title>Marshall Vian Summers | Brifingjet e Aleat\u00ebve t\u00eb Njer\u00ebzimit<\/title>\n<meta name=\"description\" content=\"Marshall Vian Summers ka marr\u00eb nj\u00eb trup t\u00eb madh shkrimesh n\u00eb lidhje me kontaktin jasht\u00ebtok\u00ebsor, spiritualitetin dhe fatin njer\u00ebzor.\" \/>\n<meta name=\"robots\" content=\"index, follow, max-snippet:-1, max-image-preview:large, max-video-preview:-1\" \/>\n<link rel=\"canonical\" href=\"https:\/\/www.alliesofhumanity.org\/sq\/marshall-vian-summers\/\" \/>\n<meta property=\"og:locale\" content=\"sq_AL\" \/>\n<meta property=\"og:type\" content=\"article\" \/>\n<meta property=\"og:title\" content=\"Marshall Vian Summers | Brifingjet e Aleat\u00ebve t\u00eb Njer\u00ebzimit\" \/>\n<meta property=\"og:description\" content=\"Marshall Vian Summers ka marr\u00eb nj\u00eb trup t\u00eb madh shkrimesh n\u00eb lidhje me kontaktin jasht\u00ebtok\u00ebsor, spiritualitetin dhe fatin njer\u00ebzor.\" \/>\n<meta property=\"og:url\" content=\"https:\/\/www.alliesofhumanity.org\/sq\/marshall-vian-summers\/\" \/>\n<meta property=\"og:site_name\" content=\"The Allies of Humanity\" \/>\n<meta property=\"article:publisher\" content=\"https:\/\/www.facebook.com\/alliesofhumanity\/\" \/>\n<meta property=\"article:modified_time\" content=\"2021-05-16T16:27:02+00:00\" \/>\n<meta property=\"og:image\" content=\"https:\/\/www.alliesofhumanity.org\/wp-content\/uploads\/2021\/01\/og-socialmedia-aoh.jpg\" \/>\n\t<meta property=\"og:image:width\" content=\"1200\" \/>\n\t<meta property=\"og:image:height\" content=\"630\" \/>\n\t<meta property=\"og:image:type\" content=\"image\/jpeg\" \/>\n<meta name=\"twitter:card\" content=\"summary_large_image\" \/>\n<meta name=\"twitter:title\" content=\"Marshall Vian Summers | Brifingjet e Aleat\u00ebve t\u00eb Njer\u00ebzimit\" \/>\n<meta name=\"twitter:site\" content=\"@earthallies\" \/>\n<meta name=\"twitter:label1\" content=\"Est. reading time\" \/>\n\t<meta name=\"twitter:data1\" content=\"6 minutes\" \/>\n<script type=\"application\/ld+json\" class=\"yoast-schema-graph\">{\"@context\":\"https:\/\/schema.org\",\"@graph\":[{\"@type\":\"WebPage\",\"@id\":\"https:\/\/www.alliesofhumanity.org\/sq\/marshall-vian-summers\/\",\"url\":\"https:\/\/www.alliesofhumanity.org\/sq\/marshall-vian-summers\/\",\"name\":\"Marshall Vian Summers | Brifingjet e Aleat\u00ebve t\u00eb Njer\u00ebzimit\",\"isPartOf\":{\"@id\":\"https:\/\/www.alliesofhumanity.org\/sq\/#website\"},\"datePublished\":\"2021-02-19T17:10:14+00:00\",\"dateModified\":\"2021-05-16T16:27:02+00:00\",\"description\":\"Marshall Vian Summers ka marr\u00eb nj\u00eb trup t\u00eb madh shkrimesh n\u00eb lidhje me kontaktin jasht\u00ebtok\u00ebsor, spiritualitetin dhe fatin njer\u00ebzor.\",\"inLanguage\":\"sq-AL\",\"potentialAction\":[{\"@type\":\"ReadAction\",\"target\":[\"https:\/\/www.alliesofhumanity.org\/sq\/marshall-vian-summers\/\"]}]},{\"@type\":\"WebSite\",\"@id\":\"https:\/\/www.alliesofhumanity.org\/sq\/#website\",\"url\":\"https:\/\/www.alliesofhumanity.org\/sq\/\",\"name\":\"The Allies of Humanity\",\"description\":\"\",\"potentialAction\":[{\"@type\":\"SearchAction\",\"target\":{\"@type\":\"EntryPoint\",\"urlTemplate\":\"https:\/\/www.alliesofhumanity.org\/sq\/?s={search_term_string}\"},\"query-input\":{\"@type\":\"PropertyValueSpecification\",\"valueRequired\":true,\"valueName\":\"search_term_string\"}}],\"inLanguage\":\"sq-AL\"}]}<\/script>\n<!-- \/ Yoast SEO plugin. -->","yoast_head_json":{"title":"Marshall Vian Summers | Brifingjet e Aleat\u00ebve t\u00eb Njer\u00ebzimit","description":"Marshall Vian Summers ka marr\u00eb nj\u00eb trup t\u00eb madh shkrimesh n\u00eb lidhje me kontaktin jasht\u00ebtok\u00ebsor, spiritualitetin dhe fatin njer\u00ebzor.","robots":{"index":"index","follow":"follow","max-snippet":"max-snippet:-1","max-image-preview":"max-image-preview:large","max-video-preview":"max-video-preview:-1"},"canonical":"https:\/\/www.alliesofhumanity.org\/sq\/marshall-vian-summers\/","og_locale":"sq_AL","og_type":"article","og_title":"Marshall Vian Summers | Brifingjet e Aleat\u00ebve t\u00eb Njer\u00ebzimit","og_description":"Marshall Vian Summers ka marr\u00eb nj\u00eb trup t\u00eb madh shkrimesh n\u00eb lidhje me kontaktin jasht\u00ebtok\u00ebsor, spiritualitetin dhe fatin njer\u00ebzor.","og_url":"https:\/\/www.alliesofhumanity.org\/sq\/marshall-vian-summers\/","og_site_name":"The Allies of Humanity","article_publisher":"https:\/\/www.facebook.com\/alliesofhumanity\/","article_modified_time":"2021-05-16T16:27:02+00:00","og_image":[{"width":1200,"height":630,"url":"https:\/\/www.alliesofhumanity.org\/wp-content\/uploads\/2021\/01\/og-socialmedia-aoh.jpg","type":"image\/jpeg"}],"twitter_card":"summary_large_image","twitter_title":"Marshall Vian Summers | Brifingjet e Aleat\u00ebve t\u00eb Njer\u00ebzimit","twitter_site":"@earthallies","twitter_misc":{"Est. reading time":"6 minutes"},"schema":{"@context":"https:\/\/schema.org","@graph":[{"@type":"WebPage","@id":"https:\/\/www.alliesofhumanity.org\/sq\/marshall-vian-summers\/","url":"https:\/\/www.alliesofhumanity.org\/sq\/marshall-vian-summers\/","name":"Marshall Vian Summers | Brifingjet e Aleat\u00ebve t\u00eb Njer\u00ebzimit","isPartOf":{"@id":"https:\/\/www.alliesofhumanity.org\/sq\/#website"},"datePublished":"2021-02-19T17:10:14+00:00","dateModified":"2021-05-16T16:27:02+00:00","description":"Marshall Vian Summers ka marr\u00eb nj\u00eb trup t\u00eb madh shkrimesh n\u00eb lidhje me kontaktin jasht\u00ebtok\u00ebsor, spiritualitetin dhe fatin njer\u00ebzor.","inLanguage":"sq-AL","potentialAction":[{"@type":"ReadAction","target":["https:\/\/www.alliesofhumanity.org\/sq\/marshall-vian-summers\/"]}]},{"@type":"WebSite","@id":"https:\/\/www.alliesofhumanity.org\/sq\/#website","url":"https:\/\/www.alliesofhumanity.org\/sq\/","name":"The Allies of Humanity","description":"","potentialAction":[{"@type":"SearchAction","target":{"@type":"EntryPoint","urlTemplate":"https:\/\/www.alliesofhumanity.org\/sq\/?s={search_term_string}"},"query-input":{"@type":"PropertyValueSpecification","valueRequired":true,"valueName":"search_term_string"}}],"inLanguage":"sq-AL"}]}},"_links":{"self":[{"href":"https:\/\/www.alliesofhumanity.org\/sq\/wp-json\/wp\/v2\/pages\/12969","targetHints":{"allow":["GET"]}}],"collection":[{"href":"https:\/\/www.alliesofhumanity.org\/sq\/wp-json\/wp\/v2\/pages"}],"about":[{"href":"https:\/\/www.alliesofhumanity.org\/sq\/wp-json\/wp\/v2\/types\/page"}],"author":[{"embeddable":true,"href":"https:\/\/www.alliesofhumanity.org\/sq\/wp-json\/wp\/v2\/users\/2"}],"replies":[{"embeddable":true,"href":"https:\/\/www.alliesofhumanity.org\/sq\/wp-json\/wp\/v2\/comments?post=12969"}],"version-history":[{"count":3,"href":"https:\/\/www.alliesofhumanity.org\/sq\/wp-json\/wp\/v2\/pages\/12969\/revisions"}],"predecessor-version":[{"id":13269,"href":"https:\/\/www.alliesofhumanity.org\/sq\/wp-json\/wp\/v2\/pages\/12969\/revisions\/13269"}],"wp:attachment":[{"href":"https:\/\/www.alliesofhumanity.org\/sq\/wp-json\/wp\/v2\/media?parent=12969"}],"curies":[{"name":"wp","href":"https:\/\/api.w.org\/{rel}","templated":true}]}}