{"id":12967,"date":"2021-02-19T17:53:08","date_gmt":"2021-02-19T16:53:08","guid":{"rendered":"https:\/\/www.alliesofhumanity.org\/the-briefings\/12-point-summary-of-the-allies-of-humanity-briefings\/"},"modified":"2021-05-16T17:25:34","modified_gmt":"2021-05-16T16:25:34","slug":"12-point-summary-of-the-allies-of-humanity-briefings","status":"publish","type":"page","link":"https:\/\/www.alliesofhumanity.org\/sq\/the-briefings\/12-point-summary-of-the-allies-of-humanity-briefings\/","title":{"rendered":"P\u00ebrmbledhja 12-pik\u00ebshe"},"content":{"rendered":"\t\t<div data-elementor-type=\"wp-page\" data-elementor-id=\"12967\" class=\"elementor elementor-12967 elementor-2001\" data-elementor-post-type=\"page\">\t\t\t\t\t\t<section class=\"elementor-section elementor-top-section elementor-element elementor-element-28ebce47 elementor-section-boxed elementor-section-height-default elementor-section-height-default\" data-id=\"28ebce47\" data-element_type=\"section\">\t\t\t\t\t\t<div class=\"elementor-container elementor-column-gap-default\">\t\t\t\t\t<div class=\"elementor-column elementor-col-100 elementor-top-column elementor-element elementor-element-56ef9ab3\" data-id=\"56ef9ab3\" data-element_type=\"column\">\t\t\t<div class=\"elementor-widget-wrap elementor-element-populated\">\t\t\t\t\t\t<div class=\"elementor-element elementor-element-5c8d1469 elementor-widget elementor-widget-text-editor\" data-id=\"5c8d1469\" data-element_type=\"widget\" data-widget_type=\"text-editor.default\">\t\t\t\t<div class=\"elementor-widget-container\">\t\t\t\t\t\t\t\t\t<p>P\u00ebr t\u2019ju ndihmuar n\u00eb shp\u00ebrdarjen e Mesazhit dhe Brifingjeve t\u00eb Aleat\u00ebve me t\u00eb tjer\u00ebt, ne po p\u00ebrfshijm\u00eb k\u00ebt\u00eb p\u00ebrmbledhje 12-pik\u00ebshe t\u00eb kat\u00ebr serive t\u00eb Brifingjeve. Kjo p\u00ebrmbledhje p\u00ebrfaq\u00ebson thjesht nj\u00eb shqyrtim t\u00eb p\u00ebrgjithsh\u00ebm dhe nuk p\u00ebrfshin shuum\u00eb nga detajet e r\u00ebnd\u00ebsishme q\u00eb e b\u00ebjn\u00eb mir\u00ebkuptimin e plot\u00eb t\u00eb Brifingjeve t\u00eb Aleat\u00ebve t\u00eb mundsh\u00ebm.<\/p><ol><li>Fati i njer\u00ebzimit \u00ebsht\u00eb t\u00eb hyj\u00eb dhe t\u00eb angazhohet n\u00eb nj\u00eb Komunitet t\u00eb Madh jete inteligjente n\u00eb univers.<\/li><li>Kontakti me forma t\u00eb tjera jete inteligjente p\u00ebrfaq\u00ebson pragun m\u00eb t\u00eb madh q\u00eb njer\u00ebzimi ka p\u00ebrballuar ndonj\u00ebher\u00eb. Rezultatet e k\u00ebtij Kontakti do t\u00eb p\u00ebrcatojn\u00eb t\u00eb ardhmen e njer\u00ebzimit p\u00ebr gjenerat\u00ebt q\u00eb do t\u00eb vijn\u00eb. Ky Kontakt po ndodh tani.<\/li><li>Njer\u00ebzimi \u00ebsht\u00eb i pap\u00ebrgatitur p\u00ebr Kontakt. K\u00ebrkuesit jan\u00eb ende t\u00eb paaft\u00eb p\u00ebr t\u00eb par\u00eb n\u00eb m\u00ebnyr\u00eb t\u00eb qart\u00eb se kush po e viziton bot\u00ebn ton\u00eb dhe pse. Qeverit\u00eb nuk e zbulojn\u00eb at\u00eb q\u00eb din\u00eb, dhe shumica e njer\u00ebzve jan\u00eb gjithmon\u00eb n\u00eb mohim q\u00eb ky fenomen madje po ndodh.<\/li><li>P\u00ebr shkak t\u00eb k\u00ebsaj mungese p\u00ebrgatitjeje, Aleat\u00ebt e v\u00ebrtet\u00eb t\u00eb njer\u00ebzimit d\u00ebrguan p\u00ebrfaq\u00ebsues\u00eb n\u00eb nj\u00eb pozicion af\u00ebr tok\u00ebs p\u00ebr t\u00eb v\u00ebzhguar pranin\u00eb dhe aktivitetet jasht\u00ebtok\u00ebsore brenda bot\u00ebs son\u00eb. Brifingjet e Aleat\u00ebve t\u00eb Njer\u00ebzimit p\u00ebrfaq\u00ebsojn\u00eb raportin e tyre.<\/li><li>Brifingjet zbulojn\u00eb q\u00eb bota jon\u00eb po p\u00ebson nj\u00eb Nd\u00ebrhyrje jasht\u00ebtok\u00ebsore nga forca t\u00eb cilat, si\u00e7 \u00ebsht\u00eb demonshtruar nga veprimet e tyre, jan\u00eb k\u00ebtu p\u00ebr t\u00eb p\u00ebrmbysur autoritetin njer\u00ebzor dhe p\u00ebr t\u2019u integruar n\u00eb shoq\u00ebrit\u00eb njer\u00ebzore p\u00ebr avantazhin e tyre. K\u00ebto forca p\u00ebrfaq\u00ebsojn\u00eb organizata jo-ushtarake q\u00eb jan\u00eb k\u00ebtu p\u00ebr t\u00eb k\u00ebrkuar burime njer\u00ebzore dhe biologjike. Aleat\u00ebt i referojn\u00eb k\u00ebtyre forcave si \u201cKolektivet\u201d. Kolektivet nuk e vler\u00ebsojn\u00eb lirin\u00eb njer\u00ebzore.<\/li><li>P\u00ebr shkakun se Nd\u00ebrhyrja po kryhet nga grupe t\u00eb vegj\u00ebl forcash nd\u00ebrhyese, duhet t\u00eb mb\u00ebshtetet kryesisht mbi mashtrimin dhe bindjen p\u00ebr t\u00eb kryer q\u00ebllimet e saj. Brifingjet e Aleat\u00ebve e p\u00ebrshkruajn\u00eb n\u00eb detaje se si kjo po kryhet dhe \u00e7far\u00eb duhet t\u00eb b\u00ebjm\u00eb p\u00ebr ta ndaluar.<\/li><li>Nd\u00ebrhyrja jasht\u00ebtok\u00ebsore po fokusohet n\u00eb kat\u00ebr fusha:<\/li><ul><li>Po ndikon mbi disa individ\u00eb n\u00eb pozicione fuqie dhe autoriteti n\u00eb qeverit\u00eb, tregtin\u00eb dhe fen\u00eb p\u00ebr t\u00eb bashk\u00ebpunuar me Nd\u00ebrhyrjen p\u00ebrmes premtimeve t\u00eb pasuris\u00eb, fuqis\u00eb dhe teknologjis\u00eb m\u00eb t\u00eb madhe.<\/li><li>Po krijon vendosje t\u00eb fshehura n\u00eb bot\u00eb nga t\u00eb cilat Nd\u00ebrhyrja mund t\u00eb ushtroj\u00eb ndikimin e saj n\u00eb mjedisin mendor, duke k\u00ebrkuar p\u00ebr t\u2019i b\u00ebr\u00eb njer\u00ebzit kudo t\u00eb hapur dhe t\u00eb pajtuesh\u00ebm ndaj vullnetit t\u00eb saj p\u00ebrmes nj\u00eb \u201cProgram Pacifikimi\u201d.<\/li><li>Po manipulon vlerat tona fetare dhe impulset shpirt\u00ebrore n\u00eb m\u00ebnyr\u00eb p\u00ebr t\u00eb fituar besnik\u00ebrin\u00eb njer\u00ebzore ndaj kauz\u00ebs s\u00eb tyre.<\/li><li>Po merr njer\u00ebz kund\u00ebr vullnetit t\u00eb tyre, dhe shpesh dijenis\u00eb s\u00eb tyre, p\u00ebr t\u00eb mb\u00ebshtetur nj\u00eb program nd\u00ebrthurjeje t\u00eb projektuar p\u00ebr t\u00eb krijuar nj\u00eb rac\u00eb hibride dhe nj\u00eb udh\u00ebheqje t\u00eb re q\u00eb do t\u00eb jet\u00eb e lidhur me vizitor\u00ebt.<\/li><\/ul><li>Ata vizitor\u00ebt jasht\u00ebtok\u00ebsor\u00eb q\u00eb ishin mund\u00ebsisht t\u00eb dobish\u00ebm p\u00ebr njer\u00ebzimin u t\u00ebrhoq\u00ebn t\u00eb gjith\u00eb nga bota p\u00ebrball\u00eb Nd\u00ebrhyrjes. Ata q\u00eb ngelen jan\u00eb racat jasht\u00ebtok\u00ebsore q\u00eb nuk jan\u00eb k\u00ebtu p\u00ebr dobin\u00eb ton\u00eb. Kjo na l\u00eb me nj\u00eb situat\u00eb t\u00eb qart\u00eb n\u00eb lidhje me synimet dhe aktivitetet e pranis\u00eb jasht\u00ebtok\u00ebsore. Kjo na lejon p\u00ebr t\u00eb par\u00eb n\u00eb m\u00ebnyr\u00eb t\u00eb qart\u00eb se me k\u00eb kemi t\u00eb b\u00ebjm\u00eb. P\u00ebrndryshe do t\u00eb ishte e pamundshme p\u00ebr ne p\u00ebr t\u00eb dalluar miqt\u00eb nga armiqt\u00eb.<\/li><li>Brifingjet e Aleat\u00ebve theksojn\u00eb rrezikun e r\u00ebnd\u00eb n\u00eb t\u00eb pranuarit dhe q\u00eb t\u00eb b\u00ebhemi t\u00eb varur mbi teknologjin\u00eb jasht\u00ebtok\u00ebsore t\u00eb ofruar nga Nd\u00ebrhyrja. Kjo vet\u00ebm do t\u00eb shkaktoj\u00eb q\u00eb t\u00eb b\u00ebhemi t\u00eb varur mbi \u201cvizitor\u00ebt\u201d, duke shkaktuar humbjen ton\u00eb t\u00eb liris\u00eb dhe vet\u00ebmjaftueshm\u00ebris\u00eb. Asnj\u00eb aleat i v\u00ebrtet\u00eb i njer\u00ebzimit do t\u00eb na e ofroj\u00eb k\u00ebt\u00eb. Aleat\u00ebt theksojn\u00eb se kemi zgjidhje tok\u00ebsore p\u00ebr t\u00eb gjitha problemeve q\u00eb p\u00ebrballojm\u00eb. Ato q\u00eb na mungojn\u00eb si rac\u00eb jan\u00eb uniteti, vullneti dhe bashk\u00ebpunimi.<\/li><li>Pavar\u00ebsisht nga sfida e madhe q\u00eb po p\u00ebrballojm\u00eb tani, njer\u00ebzimi ende ka nj\u00eb avantazh t\u00eb madh n\u00ebse mund t\u00eb p\u00ebrgjigjemi n\u00eb koh\u00eb. Brifingjet e Aleat\u00ebve i zbulojn\u00eb si fuqit\u00eb dhe dob\u00ebsit\u00eb e Nd\u00ebrhyrjes. Nj\u00eb nga dob\u00ebsit\u00eb e Nd\u00ebrhyrjes \u00ebsht\u00eb mb\u00ebshtetja e saj mbi pajtueshm\u00ebrin\u00eb dhe bashk\u00ebpunimin njer\u00ebzor p\u00ebr t\u00eb arritur q\u00ebllimet e saj. Sipas rregullave t\u00eb sjelljes s\u00eb Komunitetit t\u00eb Madh brenda rajonit ton\u00eb t\u00eb hap\u00ebsir\u00ebs n\u00eb t\u00eb cil\u00ebn bota jon\u00eb ndodhet, Nd\u00ebrhyrja nuk \u00ebsht\u00eb e lejuar p\u00ebrve\u00e7 n\u00ebse mund t\u00eb tregohet q\u00eb popujt vendas e mir\u00ebpresin dhe e miratojn\u00eb. K\u00ebtu z\u00ebrat tan\u00eb mund t\u00eb ken\u00eb fuqi n\u00eb Komunitetin e Madh. N\u00eb k\u00ebt\u00eb moment, Nd\u00ebrhyrja ka shum\u00eb pak kritika. Por n\u00ebse mjaft njer\u00ebz mund t\u00eb b\u00ebhen t\u00eb vet\u00ebdijsh\u00ebm p\u00ebr t\u00eb dhe t\u00eb flasin kund\u00ebr saj, Nd\u00ebrhyrja do t\u00eb pengohet dhe duhet t\u00eb t\u00ebrhiqet. Ky \u00ebsht\u00eb hapi i par\u00eb n\u00eb p\u00ebrgatitjen e njer\u00ebzimit p\u00ebr t\u2019u marr\u00eb me realitetet e jet\u00ebs n\u00eb univers. Ky hap dhe t\u00eb gjitha hapat q\u00eb do t\u00eb ndjekin i japin njer\u00ebzimit shansin e tij m\u00eb t\u00eb madh p\u00ebr t\u00eb tejkaluar konfliktet e tij afatgjat\u00eb dhe p\u00ebr t\u2019u bashkuar n\u00eb mbrojtjen e vet\u00eb p\u00ebr ruajtjen e bot\u00ebs. Aleat\u00ebt e theksojn\u00eb se si qenie njer\u00ebzore, ne e kemi fuqin\u00eb shpirt\u00ebrore dhe kolektive p\u00ebr ta b\u00ebr\u00eb k\u00ebt\u00eb, dhe q\u00eb duhet ta b\u00ebjm\u00eb k\u00ebt\u00eb n\u00ebse duam t\u00eb mbijetojm\u00eb dhe p\u00ebrparojm\u00eb si nj\u00eb rac\u00eb e lir\u00eb dhe e pavarur n\u00eb univers.<\/li><li>P\u00ebrgatitja p\u00ebr kontaktin ton\u00eb me Komunitetin e Madh fillon me vet\u00ebdije, edukim dhe Dije, Mendja jon\u00eb shpirt\u00ebrore.<\/li><li>N\u00eb p\u00ebrballimin e Komunitetit t\u00eb Madh, njer\u00ebzimi duhet t\u00eb nd\u00ebrtoj\u00eb unitet, vet\u00ebmjaftueshm\u00ebri dhe maturi. K\u00ebto jan\u00eb tre k\u00ebrkesat q\u00eb t\u00eb gjitha kombet e lira duhet t\u00eb vendosin p\u00ebr t\u00eb qen\u00eb t\u00eb lira n\u00eb univers.<\/li><\/ol><p style=\"text-align: center; padding-left: 120px;\">___________________________<\/p><p style=\"text-align: center; padding-left: 120px;\"><em>\u201cN\u00ebse njer\u00ebzimi t\u00eb ishte i m\u00ebsuar mir\u00eb n\u00eb \u00e7\u00ebshtjet e Komunitetit t\u00eb Madh, <\/em><br \/><em>do t\u00eb kund\u00ebrshtonit \u00e7do vizitim t\u00eb bot\u00ebs suaj p\u00ebrve\u00e7 n\u00ebse <\/em><br \/><em>nj\u00eb marr\u00ebveshje reciproke t\u00eb ishte vendosur m\u00eb par\u00eb. <\/em><br \/><em>Do t\u00eb dinit mjaftueshm\u00ebrisht p\u00ebr mos ta <\/em><br \/><em>lejuar bot\u00ebn tuaj p\u00ebr t\u00eb qen\u00eb aq e prekshme.\u201d<\/em><\/p><p style=\"text-align: center; padding-left: 120px;\"><em><a href=\"https:\/\/www.alliesofhumanity.org\/sq\/the-briefings\/book-one\/\">Aleat\u00ebt e Njer\u00ebzimit, libri i par\u00eb<\/a>:<\/em> <a href=\"https:\/\/www.alliesofhumanity.org\/sq\/the-briefings\/book-one\/the-visitors\/\">Brifingu i tret\u00eb<\/a><\/p><p style=\"text-align: center; padding-left: 120px;\"><strong><a href=\"https:\/\/www.alliesofhumanity.org\/sq\">www.AlliesofHumanity.org\/sq<\/a><\/strong><\/p>\t\t\t\t\t\t\t\t<\/div>\t\t\t\t<\/div>\t\t\t\t\t<\/div>\t\t<\/div>\t\t\t\t\t<\/div>\t\t<\/section>\t\t\t\t<\/div><p>\t\t<\/p>","protected":false},"excerpt":{"rendered":"<p>P\u00ebr t\u2019ju ndihmuar n\u00eb shp\u00ebrdarjen e Mesazhit dhe Brifingjeve t\u00eb Aleat\u00ebve me t\u00eb tjer\u00ebt, ne po p\u00ebrfshijm\u00eb k\u00ebt\u00eb p\u00ebrmbledhje 12-pik\u00ebshe t\u00eb kat\u00ebr serive t\u00eb Brifingjeve. Kjo p\u00ebrmbledhje p\u00ebrfaq\u00ebson thjesht nj\u00eb shqyrtim t\u00eb p\u00ebrgjithsh\u00ebm dhe nuk p\u00ebrfshin shuum\u00eb nga detajet e r\u00ebnd\u00ebsishme q\u00eb e b\u00ebjn\u00eb mir\u00ebkuptimin e plot\u00eb t\u00eb Brifingjeve t\u00eb Aleat\u00ebve t\u00eb mundsh\u00ebm. Fati i [&hellip;]<\/p>\n","protected":false},"author":2,"featured_media":0,"parent":12813,"menu_order":5,"comment_status":"closed","ping_status":"closed","template":"page.php","meta":{"_acf_changed":false,"footnotes":""},"class_list":["post-12967","page","type-page","status-publish","hentry"],"acf":[],"yoast_head":"<!-- This site is optimized with the Yoast SEO plugin v26.5 - https:\/\/yoast.com\/wordpress\/plugins\/seo\/ -->\n<title>P\u00ebrmbledhja 12-pik\u00ebshe t\u00eb Brifingjeve t\u00eb Aleat\u00ebve t\u00eb Njer\u00ebzimit<\/title>\n<meta name=\"description\" content=\"Nj\u00eb p\u00ebrmbledhje t\u00eb Brifingjeve t\u00eb Aleat\u00ebve t\u00eb Njer\u00ebzimit. Zbulimi i pranis\u00eb jasht\u00ebtok\u00ebsore n\u00eb bot\u00eb sot dhe k\u00ebrkesat p\u00ebr kontakt etik.\" \/>\n<meta name=\"robots\" content=\"index, follow, max-snippet:-1, max-image-preview:large, max-video-preview:-1\" \/>\n<link rel=\"canonical\" href=\"https:\/\/www.alliesofhumanity.org\/sq\/the-briefings\/12-point-summary-of-the-allies-of-humanity-briefings\/\" \/>\n<meta property=\"og:locale\" content=\"sq_AL\" \/>\n<meta property=\"og:type\" content=\"article\" \/>\n<meta property=\"og:title\" content=\"P\u00ebrmbledhja 12-pik\u00ebshe t\u00eb Brifingjeve t\u00eb Aleat\u00ebve t\u00eb Njer\u00ebzimit.\" \/>\n<meta property=\"og:description\" content=\"Nj\u00eb p\u00ebrmbledhje t\u00eb Brifingjeve t\u00eb Aleat\u00ebve t\u00eb Njer\u00ebzimit. Zbulimi i pranis\u00eb jasht\u00ebtok\u00ebsore n\u00eb bot\u00eb sot dhe k\u00ebrkesat p\u00ebr kontakt etik.\" \/>\n<meta property=\"og:url\" content=\"https:\/\/www.alliesofhumanity.org\/sq\/the-briefings\/12-point-summary-of-the-allies-of-humanity-briefings\/\" \/>\n<meta property=\"og:site_name\" content=\"The Allies of Humanity\" \/>\n<meta property=\"article:publisher\" content=\"https:\/\/www.facebook.com\/alliesofhumanity\/\" \/>\n<meta property=\"article:modified_time\" content=\"2021-05-16T16:25:34+00:00\" \/>\n<meta property=\"og:image\" content=\"https:\/\/www.alliesofhumanity.org\/wp-content\/uploads\/2021\/01\/og-socialmedia-aoh.jpg\" \/>\n\t<meta property=\"og:image:width\" content=\"1200\" \/>\n\t<meta property=\"og:image:height\" content=\"630\" \/>\n\t<meta property=\"og:image:type\" content=\"image\/jpeg\" \/>\n<meta name=\"twitter:card\" content=\"summary_large_image\" \/>\n<meta name=\"twitter:title\" content=\"P\u00ebrmbledhja 12-pik\u00ebshe t\u00eb Brifingjeve t\u00eb Aleat\u00ebve t\u00eb Njer\u00ebzimit.\" \/>\n<meta name=\"twitter:site\" content=\"@earthallies\" \/>\n<meta name=\"twitter:label1\" content=\"Est. reading time\" \/>\n\t<meta name=\"twitter:data1\" content=\"6 minutes\" \/>\n<script type=\"application\/ld+json\" class=\"yoast-schema-graph\">{\"@context\":\"https:\/\/schema.org\",\"@graph\":[{\"@type\":\"WebPage\",\"@id\":\"https:\/\/www.alliesofhumanity.org\/sq\/the-briefings\/12-point-summary-of-the-allies-of-humanity-briefings\/\",\"url\":\"https:\/\/www.alliesofhumanity.org\/sq\/the-briefings\/12-point-summary-of-the-allies-of-humanity-briefings\/\",\"name\":\"P\u00ebrmbledhja 12-pik\u00ebshe t\u00eb Brifingjeve t\u00eb Aleat\u00ebve t\u00eb Njer\u00ebzimit\",\"isPartOf\":{\"@id\":\"https:\/\/www.alliesofhumanity.org\/sq\/#website\"},\"datePublished\":\"2021-02-19T16:53:08+00:00\",\"dateModified\":\"2021-05-16T16:25:34+00:00\",\"description\":\"Nj\u00eb p\u00ebrmbledhje t\u00eb Brifingjeve t\u00eb Aleat\u00ebve t\u00eb Njer\u00ebzimit. Zbulimi i pranis\u00eb jasht\u00ebtok\u00ebsore n\u00eb bot\u00eb sot dhe k\u00ebrkesat p\u00ebr kontakt etik.\",\"breadcrumb\":{\"@id\":\"https:\/\/www.alliesofhumanity.org\/sq\/the-briefings\/12-point-summary-of-the-allies-of-humanity-briefings\/#breadcrumb\"},\"inLanguage\":\"sq-AL\",\"potentialAction\":[{\"@type\":\"ReadAction\",\"target\":[\"https:\/\/www.alliesofhumanity.org\/sq\/the-briefings\/12-point-summary-of-the-allies-of-humanity-briefings\/\"]}]},{\"@type\":\"BreadcrumbList\",\"@id\":\"https:\/\/www.alliesofhumanity.org\/sq\/the-briefings\/12-point-summary-of-the-allies-of-humanity-briefings\/#breadcrumb\",\"itemListElement\":[{\"@type\":\"ListItem\",\"position\":1,\"name\":\"Brifingjet\",\"item\":\"https:\/\/www.alliesofhumanity.org\/sq\/the-briefings\/\"},{\"@type\":\"ListItem\",\"position\":2,\"name\":\"P\u00ebrmbledhja 12-pik\u00ebshe\"}]},{\"@type\":\"WebSite\",\"@id\":\"https:\/\/www.alliesofhumanity.org\/sq\/#website\",\"url\":\"https:\/\/www.alliesofhumanity.org\/sq\/\",\"name\":\"The Allies of Humanity\",\"description\":\"\",\"potentialAction\":[{\"@type\":\"SearchAction\",\"target\":{\"@type\":\"EntryPoint\",\"urlTemplate\":\"https:\/\/www.alliesofhumanity.org\/sq\/?s={search_term_string}\"},\"query-input\":{\"@type\":\"PropertyValueSpecification\",\"valueRequired\":true,\"valueName\":\"search_term_string\"}}],\"inLanguage\":\"sq-AL\"}]}<\/script>\n<!-- \/ Yoast SEO plugin. -->","yoast_head_json":{"title":"P\u00ebrmbledhja 12-pik\u00ebshe t\u00eb Brifingjeve t\u00eb Aleat\u00ebve t\u00eb Njer\u00ebzimit","description":"Nj\u00eb p\u00ebrmbledhje t\u00eb Brifingjeve t\u00eb Aleat\u00ebve t\u00eb Njer\u00ebzimit. Zbulimi i pranis\u00eb jasht\u00ebtok\u00ebsore n\u00eb bot\u00eb sot dhe k\u00ebrkesat p\u00ebr kontakt etik.","robots":{"index":"index","follow":"follow","max-snippet":"max-snippet:-1","max-image-preview":"max-image-preview:large","max-video-preview":"max-video-preview:-1"},"canonical":"https:\/\/www.alliesofhumanity.org\/sq\/the-briefings\/12-point-summary-of-the-allies-of-humanity-briefings\/","og_locale":"sq_AL","og_type":"article","og_title":"P\u00ebrmbledhja 12-pik\u00ebshe t\u00eb Brifingjeve t\u00eb Aleat\u00ebve t\u00eb Njer\u00ebzimit.","og_description":"Nj\u00eb p\u00ebrmbledhje t\u00eb Brifingjeve t\u00eb Aleat\u00ebve t\u00eb Njer\u00ebzimit. Zbulimi i pranis\u00eb jasht\u00ebtok\u00ebsore n\u00eb bot\u00eb sot dhe k\u00ebrkesat p\u00ebr kontakt etik.","og_url":"https:\/\/www.alliesofhumanity.org\/sq\/the-briefings\/12-point-summary-of-the-allies-of-humanity-briefings\/","og_site_name":"The Allies of Humanity","article_publisher":"https:\/\/www.facebook.com\/alliesofhumanity\/","article_modified_time":"2021-05-16T16:25:34+00:00","og_image":[{"width":1200,"height":630,"url":"https:\/\/www.alliesofhumanity.org\/wp-content\/uploads\/2021\/01\/og-socialmedia-aoh.jpg","type":"image\/jpeg"}],"twitter_card":"summary_large_image","twitter_title":"P\u00ebrmbledhja 12-pik\u00ebshe t\u00eb Brifingjeve t\u00eb Aleat\u00ebve t\u00eb Njer\u00ebzimit.","twitter_site":"@earthallies","twitter_misc":{"Est. reading time":"6 minutes"},"schema":{"@context":"https:\/\/schema.org","@graph":[{"@type":"WebPage","@id":"https:\/\/www.alliesofhumanity.org\/sq\/the-briefings\/12-point-summary-of-the-allies-of-humanity-briefings\/","url":"https:\/\/www.alliesofhumanity.org\/sq\/the-briefings\/12-point-summary-of-the-allies-of-humanity-briefings\/","name":"P\u00ebrmbledhja 12-pik\u00ebshe t\u00eb Brifingjeve t\u00eb Aleat\u00ebve t\u00eb Njer\u00ebzimit","isPartOf":{"@id":"https:\/\/www.alliesofhumanity.org\/sq\/#website"},"datePublished":"2021-02-19T16:53:08+00:00","dateModified":"2021-05-16T16:25:34+00:00","description":"Nj\u00eb p\u00ebrmbledhje t\u00eb Brifingjeve t\u00eb Aleat\u00ebve t\u00eb Njer\u00ebzimit. Zbulimi i pranis\u00eb jasht\u00ebtok\u00ebsore n\u00eb bot\u00eb sot dhe k\u00ebrkesat p\u00ebr kontakt etik.","breadcrumb":{"@id":"https:\/\/www.alliesofhumanity.org\/sq\/the-briefings\/12-point-summary-of-the-allies-of-humanity-briefings\/#breadcrumb"},"inLanguage":"sq-AL","potentialAction":[{"@type":"ReadAction","target":["https:\/\/www.alliesofhumanity.org\/sq\/the-briefings\/12-point-summary-of-the-allies-of-humanity-briefings\/"]}]},{"@type":"BreadcrumbList","@id":"https:\/\/www.alliesofhumanity.org\/sq\/the-briefings\/12-point-summary-of-the-allies-of-humanity-briefings\/#breadcrumb","itemListElement":[{"@type":"ListItem","position":1,"name":"Brifingjet","item":"https:\/\/www.alliesofhumanity.org\/sq\/the-briefings\/"},{"@type":"ListItem","position":2,"name":"P\u00ebrmbledhja 12-pik\u00ebshe"}]},{"@type":"WebSite","@id":"https:\/\/www.alliesofhumanity.org\/sq\/#website","url":"https:\/\/www.alliesofhumanity.org\/sq\/","name":"The Allies of Humanity","description":"","potentialAction":[{"@type":"SearchAction","target":{"@type":"EntryPoint","urlTemplate":"https:\/\/www.alliesofhumanity.org\/sq\/?s={search_term_string}"},"query-input":{"@type":"PropertyValueSpecification","valueRequired":true,"valueName":"search_term_string"}}],"inLanguage":"sq-AL"}]}},"_links":{"self":[{"href":"https:\/\/www.alliesofhumanity.org\/sq\/wp-json\/wp\/v2\/pages\/12967","targetHints":{"allow":["GET"]}}],"collection":[{"href":"https:\/\/www.alliesofhumanity.org\/sq\/wp-json\/wp\/v2\/pages"}],"about":[{"href":"https:\/\/www.alliesofhumanity.org\/sq\/wp-json\/wp\/v2\/types\/page"}],"author":[{"embeddable":true,"href":"https:\/\/www.alliesofhumanity.org\/sq\/wp-json\/wp\/v2\/users\/2"}],"replies":[{"embeddable":true,"href":"https:\/\/www.alliesofhumanity.org\/sq\/wp-json\/wp\/v2\/comments?post=12967"}],"version-history":[{"count":30,"href":"https:\/\/www.alliesofhumanity.org\/sq\/wp-json\/wp\/v2\/pages\/12967\/revisions"}],"predecessor-version":[{"id":17168,"href":"https:\/\/www.alliesofhumanity.org\/sq\/wp-json\/wp\/v2\/pages\/12967\/revisions\/17168"}],"up":[{"embeddable":true,"href":"https:\/\/www.alliesofhumanity.org\/sq\/wp-json\/wp\/v2\/pages\/12813"}],"wp:attachment":[{"href":"https:\/\/www.alliesofhumanity.org\/sq\/wp-json\/wp\/v2\/media?parent=12967"}],"curies":[{"name":"wp","href":"https:\/\/api.w.org\/{rel}","templated":true}]}}