{"id":12965,"date":"2021-02-19T17:45:12","date_gmt":"2021-02-19T16:45:12","guid":{"rendered":"https:\/\/www.alliesofhumanity.org\/networks-wise\/"},"modified":"2021-09-04T02:42:37","modified_gmt":"2021-09-04T01:42:37","slug":"networks-wise","status":"publish","type":"page","link":"https:\/\/www.alliesofhumanity.org\/sq\/the-briefings\/book-four\/networks-wise\/","title":{"rendered":"Brifingu i gjasht\u00eb: Rrjetet e t\u00eb Urt\u00ebve"},"content":{"rendered":"\t\t<div data-elementor-type=\"wp-page\" data-elementor-id=\"12965\" class=\"elementor elementor-12965 elementor-2541\" data-elementor-post-type=\"page\">\t\t\t\t\t\t<section class=\"elementor-section elementor-top-section elementor-element elementor-element-467a6b36 elementor-section-boxed elementor-section-height-default elementor-section-height-default\" data-id=\"467a6b36\" data-element_type=\"section\">\t\t\t\t\t\t<div class=\"elementor-container elementor-column-gap-default\">\t\t\t\t\t<div class=\"elementor-column elementor-col-100 elementor-top-column elementor-element elementor-element-2f02a1d4\" data-id=\"2f02a1d4\" data-element_type=\"column\">\t\t\t<div class=\"elementor-widget-wrap elementor-element-populated\">\t\t\t\t\t\t<div class=\"elementor-element elementor-element-9c3626d elementor-widget elementor-widget-text-editor\" data-id=\"9c3626d\" data-element_type=\"widget\" data-widget_type=\"text-editor.default\">\t\t\t\t<div class=\"elementor-widget-container\">\t\t\t\t\t\t\t\t\t<h5>N\u00eb pritje p\u00ebr p\u00ebrkthim<\/h5>\t\t\t\t\t\t\t\t<\/div>\t\t\t\t<\/div>\t\t\t\t\t<\/div>\t\t<\/div>\t\t\t\t\t<\/div>\t\t<\/section>\t\t\t\t<\/div><p class=\"image-quote float-right\"><img decoding=\"async\" src=\"https:\/\/www.alliesofhumanity.org\/wp-content\/uploads\/2020\/12\/quote-book4-briefing6-1.png\" alt=\"\" \/><\/p><blockquote id=\"quote-2\" class=\"text-quote float-right bg-gray\"> <\/blockquote><p>\t\t<\/p>","protected":false},"excerpt":{"rendered":"<p>N\u00eb pritje p\u00ebr p\u00ebrkthim<\/p>\n","protected":false},"author":2,"featured_media":0,"parent":13111,"menu_order":6,"comment_status":"closed","ping_status":"closed","template":"page.php","meta":{"_acf_changed":false,"footnotes":""},"class_list":["post-12965","page","type-page","status-publish","hentry"],"acf":[],"yoast_head":"<!-- This site is optimized with the Yoast SEO plugin v26.5 - https:\/\/yoast.com\/wordpress\/plugins\/seo\/ -->\n<title>The Networks of the Wise: Higher Powers beyond the Physical Realm<\/title>\n<meta name=\"description\" content=\"The Networks of the Wise share their wisdom with one another through the Higher Powers. In this way, Heaven has its agents in the physical realm - here, there, everywhere.\" \/>\n<meta name=\"robots\" content=\"index, follow, max-snippet:-1, max-image-preview:large, max-video-preview:-1\" \/>\n<link rel=\"canonical\" href=\"https:\/\/www.alliesofhumanity.org\/sq\/the-briefings\/book-four\/networks-wise\/\" \/>\n<meta property=\"og:locale\" content=\"sq_AL\" \/>\n<meta property=\"og:type\" content=\"article\" \/>\n<meta property=\"og:title\" content=\"The Networks of the Wise: Higher Powers beyond the Physical Realm\" \/>\n<meta property=\"og:description\" content=\"The Networks of the Wise share their wisdom with one another through the Higher Powers. In this way, Heaven has its agents in the physical realm - here, there, everywhere.\" \/>\n<meta property=\"og:url\" content=\"https:\/\/www.alliesofhumanity.org\/sq\/the-briefings\/book-four\/networks-wise\/\" \/>\n<meta property=\"og:site_name\" content=\"The Allies of Humanity\" \/>\n<meta property=\"article:publisher\" content=\"https:\/\/www.facebook.com\/alliesofhumanity\/\" \/>\n<meta property=\"article:modified_time\" content=\"2021-09-04T01:42:37+00:00\" \/>\n<meta property=\"og:image\" content=\"https:\/\/www.alliesofhumanity.org\/wp-content\/uploads\/2021\/01\/og-socialmedia-aoh.jpg\" \/>\n\t<meta property=\"og:image:width\" content=\"1200\" \/>\n\t<meta property=\"og:image:height\" content=\"630\" \/>\n\t<meta property=\"og:image:type\" content=\"image\/jpeg\" \/>\n<meta name=\"twitter:card\" content=\"summary_large_image\" \/>\n<meta name=\"twitter:title\" content=\"The Networks of the Wise: Higher Powers beyond the Physical Realm\" \/>\n<meta name=\"twitter:site\" content=\"@earthallies\" \/>\n<script type=\"application\/ld+json\" class=\"yoast-schema-graph\">{\"@context\":\"https:\/\/schema.org\",\"@graph\":[{\"@type\":\"WebPage\",\"@id\":\"https:\/\/www.alliesofhumanity.org\/sq\/the-briefings\/book-four\/networks-wise\/\",\"url\":\"https:\/\/www.alliesofhumanity.org\/sq\/the-briefings\/book-four\/networks-wise\/\",\"name\":\"The Networks of the Wise: Higher Powers beyond the Physical Realm\",\"isPartOf\":{\"@id\":\"https:\/\/www.alliesofhumanity.org\/sq\/#website\"},\"datePublished\":\"2021-02-19T16:45:12+00:00\",\"dateModified\":\"2021-09-04T01:42:37+00:00\",\"description\":\"The Networks of the Wise share their wisdom with one another through the Higher Powers. In this way, Heaven has its agents in the physical realm - here, there, everywhere.\",\"breadcrumb\":{\"@id\":\"https:\/\/www.alliesofhumanity.org\/sq\/the-briefings\/book-four\/networks-wise\/#breadcrumb\"},\"inLanguage\":\"sq-AL\",\"potentialAction\":[{\"@type\":\"ReadAction\",\"target\":[\"https:\/\/www.alliesofhumanity.org\/sq\/the-briefings\/book-four\/networks-wise\/\"]}]},{\"@type\":\"BreadcrumbList\",\"@id\":\"https:\/\/www.alliesofhumanity.org\/sq\/the-briefings\/book-four\/networks-wise\/#breadcrumb\",\"itemListElement\":[{\"@type\":\"ListItem\",\"position\":1,\"name\":\"Brifingjet\",\"item\":\"https:\/\/www.alliesofhumanity.org\/sq\/the-briefings\/\"},{\"@type\":\"ListItem\",\"position\":2,\"name\":\"Libri i kat\u00ebrt\",\"item\":\"https:\/\/www.alliesofhumanity.org\/sq\/the-briefings\/book-four\/\"},{\"@type\":\"ListItem\",\"position\":3,\"name\":\"Brifingu i gjasht\u00eb: Rrjetet e t\u00eb Urt\u00ebve\"}]},{\"@type\":\"WebSite\",\"@id\":\"https:\/\/www.alliesofhumanity.org\/sq\/#website\",\"url\":\"https:\/\/www.alliesofhumanity.org\/sq\/\",\"name\":\"The Allies of Humanity\",\"description\":\"\",\"potentialAction\":[{\"@type\":\"SearchAction\",\"target\":{\"@type\":\"EntryPoint\",\"urlTemplate\":\"https:\/\/www.alliesofhumanity.org\/sq\/?s={search_term_string}\"},\"query-input\":{\"@type\":\"PropertyValueSpecification\",\"valueRequired\":true,\"valueName\":\"search_term_string\"}}],\"inLanguage\":\"sq-AL\"}]}<\/script>\n<!-- \/ Yoast SEO plugin. -->","yoast_head_json":{"title":"The Networks of the Wise: Higher Powers beyond the Physical Realm","description":"The Networks of the Wise share their wisdom with one another through the Higher Powers. In this way, Heaven has its agents in the physical realm - here, there, everywhere.","robots":{"index":"index","follow":"follow","max-snippet":"max-snippet:-1","max-image-preview":"max-image-preview:large","max-video-preview":"max-video-preview:-1"},"canonical":"https:\/\/www.alliesofhumanity.org\/sq\/the-briefings\/book-four\/networks-wise\/","og_locale":"sq_AL","og_type":"article","og_title":"The Networks of the Wise: Higher Powers beyond the Physical Realm","og_description":"The Networks of the Wise share their wisdom with one another through the Higher Powers. In this way, Heaven has its agents in the physical realm - here, there, everywhere.","og_url":"https:\/\/www.alliesofhumanity.org\/sq\/the-briefings\/book-four\/networks-wise\/","og_site_name":"The Allies of Humanity","article_publisher":"https:\/\/www.facebook.com\/alliesofhumanity\/","article_modified_time":"2021-09-04T01:42:37+00:00","og_image":[{"width":1200,"height":630,"url":"https:\/\/www.alliesofhumanity.org\/wp-content\/uploads\/2021\/01\/og-socialmedia-aoh.jpg","type":"image\/jpeg"}],"twitter_card":"summary_large_image","twitter_title":"The Networks of the Wise: Higher Powers beyond the Physical Realm","twitter_site":"@earthallies","schema":{"@context":"https:\/\/schema.org","@graph":[{"@type":"WebPage","@id":"https:\/\/www.alliesofhumanity.org\/sq\/the-briefings\/book-four\/networks-wise\/","url":"https:\/\/www.alliesofhumanity.org\/sq\/the-briefings\/book-four\/networks-wise\/","name":"The Networks of the Wise: Higher Powers beyond the Physical Realm","isPartOf":{"@id":"https:\/\/www.alliesofhumanity.org\/sq\/#website"},"datePublished":"2021-02-19T16:45:12+00:00","dateModified":"2021-09-04T01:42:37+00:00","description":"The Networks of the Wise share their wisdom with one another through the Higher Powers. In this way, Heaven has its agents in the physical realm - here, there, everywhere.","breadcrumb":{"@id":"https:\/\/www.alliesofhumanity.org\/sq\/the-briefings\/book-four\/networks-wise\/#breadcrumb"},"inLanguage":"sq-AL","potentialAction":[{"@type":"ReadAction","target":["https:\/\/www.alliesofhumanity.org\/sq\/the-briefings\/book-four\/networks-wise\/"]}]},{"@type":"BreadcrumbList","@id":"https:\/\/www.alliesofhumanity.org\/sq\/the-briefings\/book-four\/networks-wise\/#breadcrumb","itemListElement":[{"@type":"ListItem","position":1,"name":"Brifingjet","item":"https:\/\/www.alliesofhumanity.org\/sq\/the-briefings\/"},{"@type":"ListItem","position":2,"name":"Libri i kat\u00ebrt","item":"https:\/\/www.alliesofhumanity.org\/sq\/the-briefings\/book-four\/"},{"@type":"ListItem","position":3,"name":"Brifingu i gjasht\u00eb: Rrjetet e t\u00eb Urt\u00ebve"}]},{"@type":"WebSite","@id":"https:\/\/www.alliesofhumanity.org\/sq\/#website","url":"https:\/\/www.alliesofhumanity.org\/sq\/","name":"The Allies of Humanity","description":"","potentialAction":[{"@type":"SearchAction","target":{"@type":"EntryPoint","urlTemplate":"https:\/\/www.alliesofhumanity.org\/sq\/?s={search_term_string}"},"query-input":{"@type":"PropertyValueSpecification","valueRequired":true,"valueName":"search_term_string"}}],"inLanguage":"sq-AL"}]}},"_links":{"self":[{"href":"https:\/\/www.alliesofhumanity.org\/sq\/wp-json\/wp\/v2\/pages\/12965","targetHints":{"allow":["GET"]}}],"collection":[{"href":"https:\/\/www.alliesofhumanity.org\/sq\/wp-json\/wp\/v2\/pages"}],"about":[{"href":"https:\/\/www.alliesofhumanity.org\/sq\/wp-json\/wp\/v2\/types\/page"}],"author":[{"embeddable":true,"href":"https:\/\/www.alliesofhumanity.org\/sq\/wp-json\/wp\/v2\/users\/2"}],"replies":[{"embeddable":true,"href":"https:\/\/www.alliesofhumanity.org\/sq\/wp-json\/wp\/v2\/comments?post=12965"}],"version-history":[{"count":2,"href":"https:\/\/www.alliesofhumanity.org\/sq\/wp-json\/wp\/v2\/pages\/12965\/revisions"}],"predecessor-version":[{"id":18988,"href":"https:\/\/www.alliesofhumanity.org\/sq\/wp-json\/wp\/v2\/pages\/12965\/revisions\/18988"}],"up":[{"embeddable":true,"href":"https:\/\/www.alliesofhumanity.org\/sq\/wp-json\/wp\/v2\/pages\/13111"}],"wp:attachment":[{"href":"https:\/\/www.alliesofhumanity.org\/sq\/wp-json\/wp\/v2\/media?parent=12965"}],"curies":[{"name":"wp","href":"https:\/\/api.w.org\/{rel}","templated":true}]}}