{"id":12963,"date":"2021-02-19T17:41:36","date_gmt":"2021-02-19T16:41:36","guid":{"rendered":"https:\/\/www.alliesofhumanity.org\/secure-freedom\/"},"modified":"2021-09-04T02:41:44","modified_gmt":"2021-09-04T01:41:44","slug":"secure-freedom","status":"publish","type":"page","link":"https:\/\/www.alliesofhumanity.org\/sq\/the-briefings\/book-four\/secure-freedom\/","title":{"rendered":"Brifingu i pest\u00eb: Koordinimi i Madh"},"content":{"rendered":"\t\t<div data-elementor-type=\"wp-page\" data-elementor-id=\"12963\" class=\"elementor elementor-12963 elementor-2540\" data-elementor-post-type=\"page\">\t\t\t\t\t\t<section class=\"elementor-section elementor-top-section elementor-element elementor-element-35782905 elementor-section-boxed elementor-section-height-default elementor-section-height-default\" data-id=\"35782905\" data-element_type=\"section\">\t\t\t\t\t\t<div class=\"elementor-container elementor-column-gap-default\">\t\t\t\t\t<div class=\"elementor-column elementor-col-100 elementor-top-column elementor-element elementor-element-6817cd3b\" data-id=\"6817cd3b\" data-element_type=\"column\">\t\t\t<div class=\"elementor-widget-wrap elementor-element-populated\">\t\t\t\t\t\t<div class=\"elementor-element elementor-element-54a371f elementor-widget elementor-widget-text-editor\" data-id=\"54a371f\" data-element_type=\"widget\" data-widget_type=\"text-editor.default\">\t\t\t\t<div class=\"elementor-widget-container\">\t\t\t\t\t\t\t\t\t<h5>N\u00eb pritje p\u00ebr p\u00ebrkthim<\/h5>\t\t\t\t\t\t\t\t<\/div>\t\t\t\t<\/div>\t\t\t\t\t<\/div>\t\t<\/div>\t\t\t\t\t<\/div>\t\t<\/section>\t\t\t\t<\/div><p>\t\t<\/p>","protected":false},"excerpt":{"rendered":"<p>N\u00eb pritje p\u00ebr p\u00ebrkthim<\/p>\n","protected":false},"author":2,"featured_media":0,"parent":13111,"menu_order":5,"comment_status":"closed","ping_status":"closed","template":"page.php","meta":{"_acf_changed":false,"footnotes":""},"class_list":["post-12963","page","type-page","status-publish","hentry"],"acf":[],"yoast_head":"<!-- This site is optimized with the Yoast SEO plugin v26.5 - https:\/\/yoast.com\/wordpress\/plugins\/seo\/ -->\n<title>The Great Coordination - To Secure Freedom in Our World<\/title>\n<meta name=\"description\" content=\"Your task is to secure freedom in your world, to keep Knowledge alive in your world, to keep wisdom alive in your world, where it will always seem to be under threat and attacked by others.\" \/>\n<meta name=\"robots\" content=\"index, follow, max-snippet:-1, max-image-preview:large, max-video-preview:-1\" \/>\n<link rel=\"canonical\" href=\"https:\/\/www.alliesofhumanity.org\/sq\/the-briefings\/book-four\/secure-freedom\/\" \/>\n<meta property=\"og:locale\" content=\"sq_AL\" \/>\n<meta property=\"og:type\" content=\"article\" \/>\n<meta property=\"og:title\" content=\"The Great Coordination - To Secure Freedom in Our World\" \/>\n<meta property=\"og:description\" content=\"Your task is to secure freedom in your world, to keep Knowledge alive in your world, to keep wisdom alive in your world, where it will always seem to be under threat and attacked by others.\" \/>\n<meta property=\"og:url\" content=\"https:\/\/www.alliesofhumanity.org\/sq\/the-briefings\/book-four\/secure-freedom\/\" \/>\n<meta property=\"og:site_name\" content=\"The Allies of Humanity\" \/>\n<meta property=\"article:publisher\" content=\"https:\/\/www.facebook.com\/alliesofhumanity\/\" \/>\n<meta property=\"article:modified_time\" content=\"2021-09-04T01:41:44+00:00\" \/>\n<meta property=\"og:image\" content=\"https:\/\/www.alliesofhumanity.org\/wp-content\/uploads\/2021\/01\/og-socialmedia-aoh.jpg\" \/>\n\t<meta property=\"og:image:width\" content=\"1200\" \/>\n\t<meta property=\"og:image:height\" content=\"630\" \/>\n\t<meta property=\"og:image:type\" content=\"image\/jpeg\" \/>\n<meta name=\"twitter:card\" content=\"summary_large_image\" \/>\n<meta name=\"twitter:title\" content=\"The Great Coordination - To Secure Freedom in Our World\" \/>\n<meta name=\"twitter:site\" content=\"@earthallies\" \/>\n<script type=\"application\/ld+json\" class=\"yoast-schema-graph\">{\"@context\":\"https:\/\/schema.org\",\"@graph\":[{\"@type\":\"WebPage\",\"@id\":\"https:\/\/www.alliesofhumanity.org\/sq\/the-briefings\/book-four\/secure-freedom\/\",\"url\":\"https:\/\/www.alliesofhumanity.org\/sq\/the-briefings\/book-four\/secure-freedom\/\",\"name\":\"The Great Coordination - To Secure Freedom in Our World\",\"isPartOf\":{\"@id\":\"https:\/\/www.alliesofhumanity.org\/sq\/#website\"},\"datePublished\":\"2021-02-19T16:41:36+00:00\",\"dateModified\":\"2021-09-04T01:41:44+00:00\",\"description\":\"Your task is to secure freedom in your world, to keep Knowledge alive in your world, to keep wisdom alive in your world, where it will always seem to be under threat and attacked by others.\",\"breadcrumb\":{\"@id\":\"https:\/\/www.alliesofhumanity.org\/sq\/the-briefings\/book-four\/secure-freedom\/#breadcrumb\"},\"inLanguage\":\"sq-AL\",\"potentialAction\":[{\"@type\":\"ReadAction\",\"target\":[\"https:\/\/www.alliesofhumanity.org\/sq\/the-briefings\/book-four\/secure-freedom\/\"]}]},{\"@type\":\"BreadcrumbList\",\"@id\":\"https:\/\/www.alliesofhumanity.org\/sq\/the-briefings\/book-four\/secure-freedom\/#breadcrumb\",\"itemListElement\":[{\"@type\":\"ListItem\",\"position\":1,\"name\":\"Brifingjet\",\"item\":\"https:\/\/www.alliesofhumanity.org\/sq\/the-briefings\/\"},{\"@type\":\"ListItem\",\"position\":2,\"name\":\"Libri i kat\u00ebrt\",\"item\":\"https:\/\/www.alliesofhumanity.org\/sq\/the-briefings\/book-four\/\"},{\"@type\":\"ListItem\",\"position\":3,\"name\":\"Brifingu i pest\u00eb: Koordinimi i Madh\"}]},{\"@type\":\"WebSite\",\"@id\":\"https:\/\/www.alliesofhumanity.org\/sq\/#website\",\"url\":\"https:\/\/www.alliesofhumanity.org\/sq\/\",\"name\":\"The Allies of Humanity\",\"description\":\"\",\"potentialAction\":[{\"@type\":\"SearchAction\",\"target\":{\"@type\":\"EntryPoint\",\"urlTemplate\":\"https:\/\/www.alliesofhumanity.org\/sq\/?s={search_term_string}\"},\"query-input\":{\"@type\":\"PropertyValueSpecification\",\"valueRequired\":true,\"valueName\":\"search_term_string\"}}],\"inLanguage\":\"sq-AL\"}]}<\/script>\n<!-- \/ Yoast SEO plugin. -->","yoast_head_json":{"title":"The Great Coordination - To Secure Freedom in Our World","description":"Your task is to secure freedom in your world, to keep Knowledge alive in your world, to keep wisdom alive in your world, where it will always seem to be under threat and attacked by others.","robots":{"index":"index","follow":"follow","max-snippet":"max-snippet:-1","max-image-preview":"max-image-preview:large","max-video-preview":"max-video-preview:-1"},"canonical":"https:\/\/www.alliesofhumanity.org\/sq\/the-briefings\/book-four\/secure-freedom\/","og_locale":"sq_AL","og_type":"article","og_title":"The Great Coordination - To Secure Freedom in Our World","og_description":"Your task is to secure freedom in your world, to keep Knowledge alive in your world, to keep wisdom alive in your world, where it will always seem to be under threat and attacked by others.","og_url":"https:\/\/www.alliesofhumanity.org\/sq\/the-briefings\/book-four\/secure-freedom\/","og_site_name":"The Allies of Humanity","article_publisher":"https:\/\/www.facebook.com\/alliesofhumanity\/","article_modified_time":"2021-09-04T01:41:44+00:00","og_image":[{"width":1200,"height":630,"url":"https:\/\/www.alliesofhumanity.org\/wp-content\/uploads\/2021\/01\/og-socialmedia-aoh.jpg","type":"image\/jpeg"}],"twitter_card":"summary_large_image","twitter_title":"The Great Coordination - To Secure Freedom in Our World","twitter_site":"@earthallies","schema":{"@context":"https:\/\/schema.org","@graph":[{"@type":"WebPage","@id":"https:\/\/www.alliesofhumanity.org\/sq\/the-briefings\/book-four\/secure-freedom\/","url":"https:\/\/www.alliesofhumanity.org\/sq\/the-briefings\/book-four\/secure-freedom\/","name":"The Great Coordination - To Secure Freedom in Our World","isPartOf":{"@id":"https:\/\/www.alliesofhumanity.org\/sq\/#website"},"datePublished":"2021-02-19T16:41:36+00:00","dateModified":"2021-09-04T01:41:44+00:00","description":"Your task is to secure freedom in your world, to keep Knowledge alive in your world, to keep wisdom alive in your world, where it will always seem to be under threat and attacked by others.","breadcrumb":{"@id":"https:\/\/www.alliesofhumanity.org\/sq\/the-briefings\/book-four\/secure-freedom\/#breadcrumb"},"inLanguage":"sq-AL","potentialAction":[{"@type":"ReadAction","target":["https:\/\/www.alliesofhumanity.org\/sq\/the-briefings\/book-four\/secure-freedom\/"]}]},{"@type":"BreadcrumbList","@id":"https:\/\/www.alliesofhumanity.org\/sq\/the-briefings\/book-four\/secure-freedom\/#breadcrumb","itemListElement":[{"@type":"ListItem","position":1,"name":"Brifingjet","item":"https:\/\/www.alliesofhumanity.org\/sq\/the-briefings\/"},{"@type":"ListItem","position":2,"name":"Libri i kat\u00ebrt","item":"https:\/\/www.alliesofhumanity.org\/sq\/the-briefings\/book-four\/"},{"@type":"ListItem","position":3,"name":"Brifingu i pest\u00eb: Koordinimi i Madh"}]},{"@type":"WebSite","@id":"https:\/\/www.alliesofhumanity.org\/sq\/#website","url":"https:\/\/www.alliesofhumanity.org\/sq\/","name":"The Allies of Humanity","description":"","potentialAction":[{"@type":"SearchAction","target":{"@type":"EntryPoint","urlTemplate":"https:\/\/www.alliesofhumanity.org\/sq\/?s={search_term_string}"},"query-input":{"@type":"PropertyValueSpecification","valueRequired":true,"valueName":"search_term_string"}}],"inLanguage":"sq-AL"}]}},"_links":{"self":[{"href":"https:\/\/www.alliesofhumanity.org\/sq\/wp-json\/wp\/v2\/pages\/12963","targetHints":{"allow":["GET"]}}],"collection":[{"href":"https:\/\/www.alliesofhumanity.org\/sq\/wp-json\/wp\/v2\/pages"}],"about":[{"href":"https:\/\/www.alliesofhumanity.org\/sq\/wp-json\/wp\/v2\/types\/page"}],"author":[{"embeddable":true,"href":"https:\/\/www.alliesofhumanity.org\/sq\/wp-json\/wp\/v2\/users\/2"}],"replies":[{"embeddable":true,"href":"https:\/\/www.alliesofhumanity.org\/sq\/wp-json\/wp\/v2\/comments?post=12963"}],"version-history":[{"count":2,"href":"https:\/\/www.alliesofhumanity.org\/sq\/wp-json\/wp\/v2\/pages\/12963\/revisions"}],"predecessor-version":[{"id":18987,"href":"https:\/\/www.alliesofhumanity.org\/sq\/wp-json\/wp\/v2\/pages\/12963\/revisions\/18987"}],"up":[{"embeddable":true,"href":"https:\/\/www.alliesofhumanity.org\/sq\/wp-json\/wp\/v2\/pages\/13111"}],"wp:attachment":[{"href":"https:\/\/www.alliesofhumanity.org\/sq\/wp-json\/wp\/v2\/media?parent=12963"}],"curies":[{"name":"wp","href":"https:\/\/api.w.org\/{rel}","templated":true}]}}