{"id":12959,"date":"2021-02-19T17:35:42","date_gmt":"2021-02-19T16:35:42","guid":{"rendered":"https:\/\/www.alliesofhumanity.org\/free-nations-universe\/"},"modified":"2021-09-04T02:40:43","modified_gmt":"2021-09-04T01:40:43","slug":"free-nations-universe","status":"publish","type":"page","link":"https:\/\/www.alliesofhumanity.org\/sq\/the-briefings\/book-four\/free-nations-universe\/","title":{"rendered":"Brifingu i tret\u00eb: Liria n\u00eb univers"},"content":{"rendered":"\t\t<div data-elementor-type=\"wp-page\" data-elementor-id=\"12959\" class=\"elementor elementor-12959 elementor-2536\" data-elementor-post-type=\"page\">\t\t\t\t\t\t<section class=\"elementor-section elementor-top-section elementor-element elementor-element-3bf3954f elementor-section-boxed elementor-section-height-default elementor-section-height-default\" data-id=\"3bf3954f\" data-element_type=\"section\">\t\t\t\t\t\t<div class=\"elementor-container elementor-column-gap-default\">\t\t\t\t\t<div class=\"elementor-column elementor-col-100 elementor-top-column elementor-element elementor-element-5b3ac6af\" data-id=\"5b3ac6af\" data-element_type=\"column\">\t\t\t<div class=\"elementor-widget-wrap elementor-element-populated\">\t\t\t\t\t\t<div class=\"elementor-element elementor-element-2f29e16 elementor-widget elementor-widget-text-editor\" data-id=\"2f29e16\" data-element_type=\"widget\" data-widget_type=\"text-editor.default\">\t\t\t\t<div class=\"elementor-widget-container\">\t\t\t\t\t\t\t\t\t<h5>N\u00eb pritje p\u00ebr p\u00ebrkthim<\/h5>\t\t\t\t\t\t\t\t<\/div>\t\t\t\t<\/div>\t\t\t\t\t<\/div>\t\t<\/div>\t\t\t\t\t<\/div>\t\t<\/section>\t\t\t\t<\/div><p>\t\t<\/p>","protected":false},"excerpt":{"rendered":"<p>N\u00eb pritje p\u00ebr p\u00ebrkthim<\/p>\n","protected":false},"author":2,"featured_media":0,"parent":13111,"menu_order":3,"comment_status":"closed","ping_status":"closed","template":"page.php","meta":{"_acf_changed":false,"footnotes":""},"class_list":["post-12959","page","type-page","status-publish","hentry"],"acf":[],"yoast_head":"<!-- This site is optimized with the Yoast SEO plugin v26.5 - https:\/\/yoast.com\/wordpress\/plugins\/seo\/ -->\n<title>Freedom in the Universe - How Free Nations Remain Free<\/title>\n<meta name=\"description\" content=\"For free nations to remain free, they must be able to thwart or resist all the temptations that will be placed upon them, especially if their worlds are seen to be valuable to others.\" \/>\n<meta name=\"robots\" content=\"index, follow, max-snippet:-1, max-image-preview:large, max-video-preview:-1\" \/>\n<link rel=\"canonical\" href=\"https:\/\/www.alliesofhumanity.org\/sq\/the-briefings\/book-four\/free-nations-universe\/\" \/>\n<meta property=\"og:locale\" content=\"sq_AL\" \/>\n<meta property=\"og:type\" content=\"article\" \/>\n<meta property=\"og:title\" content=\"Freedom in the Universe - How Free Nations Remain Free\" \/>\n<meta property=\"og:description\" content=\"For free nations to remain free, they must be able to thwart or resist all the temptations that will be placed upon them, especially if their worlds are seen to be valuable to others.\" \/>\n<meta property=\"og:url\" content=\"https:\/\/www.alliesofhumanity.org\/sq\/the-briefings\/book-four\/free-nations-universe\/\" \/>\n<meta property=\"og:site_name\" content=\"The Allies of Humanity\" \/>\n<meta property=\"article:publisher\" content=\"https:\/\/www.facebook.com\/alliesofhumanity\/\" \/>\n<meta property=\"article:modified_time\" content=\"2021-09-04T01:40:43+00:00\" \/>\n<meta property=\"og:image\" content=\"https:\/\/www.alliesofhumanity.org\/wp-content\/uploads\/2021\/01\/og-socialmedia-aoh.jpg\" \/>\n\t<meta property=\"og:image:width\" content=\"1200\" \/>\n\t<meta property=\"og:image:height\" content=\"630\" \/>\n\t<meta property=\"og:image:type\" content=\"image\/jpeg\" \/>\n<meta name=\"twitter:card\" content=\"summary_large_image\" \/>\n<meta name=\"twitter:title\" content=\"Freedom in the Universe - How Free Nations Remain Free\" \/>\n<meta name=\"twitter:site\" content=\"@earthallies\" \/>\n<script type=\"application\/ld+json\" class=\"yoast-schema-graph\">{\"@context\":\"https:\/\/schema.org\",\"@graph\":[{\"@type\":\"WebPage\",\"@id\":\"https:\/\/www.alliesofhumanity.org\/sq\/the-briefings\/book-four\/free-nations-universe\/\",\"url\":\"https:\/\/www.alliesofhumanity.org\/sq\/the-briefings\/book-four\/free-nations-universe\/\",\"name\":\"Freedom in the Universe - How Free Nations Remain Free\",\"isPartOf\":{\"@id\":\"https:\/\/www.alliesofhumanity.org\/sq\/#website\"},\"datePublished\":\"2021-02-19T16:35:42+00:00\",\"dateModified\":\"2021-09-04T01:40:43+00:00\",\"description\":\"For free nations to remain free, they must be able to thwart or resist all the temptations that will be placed upon them, especially if their worlds are seen to be valuable to others.\",\"breadcrumb\":{\"@id\":\"https:\/\/www.alliesofhumanity.org\/sq\/the-briefings\/book-four\/free-nations-universe\/#breadcrumb\"},\"inLanguage\":\"sq-AL\",\"potentialAction\":[{\"@type\":\"ReadAction\",\"target\":[\"https:\/\/www.alliesofhumanity.org\/sq\/the-briefings\/book-four\/free-nations-universe\/\"]}]},{\"@type\":\"BreadcrumbList\",\"@id\":\"https:\/\/www.alliesofhumanity.org\/sq\/the-briefings\/book-four\/free-nations-universe\/#breadcrumb\",\"itemListElement\":[{\"@type\":\"ListItem\",\"position\":1,\"name\":\"Brifingjet\",\"item\":\"https:\/\/www.alliesofhumanity.org\/sq\/the-briefings\/\"},{\"@type\":\"ListItem\",\"position\":2,\"name\":\"Libri i kat\u00ebrt\",\"item\":\"https:\/\/www.alliesofhumanity.org\/sq\/the-briefings\/book-four\/\"},{\"@type\":\"ListItem\",\"position\":3,\"name\":\"Brifingu i tret\u00eb: Liria n\u00eb univers\"}]},{\"@type\":\"WebSite\",\"@id\":\"https:\/\/www.alliesofhumanity.org\/sq\/#website\",\"url\":\"https:\/\/www.alliesofhumanity.org\/sq\/\",\"name\":\"The Allies of Humanity\",\"description\":\"\",\"potentialAction\":[{\"@type\":\"SearchAction\",\"target\":{\"@type\":\"EntryPoint\",\"urlTemplate\":\"https:\/\/www.alliesofhumanity.org\/sq\/?s={search_term_string}\"},\"query-input\":{\"@type\":\"PropertyValueSpecification\",\"valueRequired\":true,\"valueName\":\"search_term_string\"}}],\"inLanguage\":\"sq-AL\"}]}<\/script>\n<!-- \/ Yoast SEO plugin. -->","yoast_head_json":{"title":"Freedom in the Universe - How Free Nations Remain Free","description":"For free nations to remain free, they must be able to thwart or resist all the temptations that will be placed upon them, especially if their worlds are seen to be valuable to others.","robots":{"index":"index","follow":"follow","max-snippet":"max-snippet:-1","max-image-preview":"max-image-preview:large","max-video-preview":"max-video-preview:-1"},"canonical":"https:\/\/www.alliesofhumanity.org\/sq\/the-briefings\/book-four\/free-nations-universe\/","og_locale":"sq_AL","og_type":"article","og_title":"Freedom in the Universe - How Free Nations Remain Free","og_description":"For free nations to remain free, they must be able to thwart or resist all the temptations that will be placed upon them, especially if their worlds are seen to be valuable to others.","og_url":"https:\/\/www.alliesofhumanity.org\/sq\/the-briefings\/book-four\/free-nations-universe\/","og_site_name":"The Allies of Humanity","article_publisher":"https:\/\/www.facebook.com\/alliesofhumanity\/","article_modified_time":"2021-09-04T01:40:43+00:00","og_image":[{"width":1200,"height":630,"url":"https:\/\/www.alliesofhumanity.org\/wp-content\/uploads\/2021\/01\/og-socialmedia-aoh.jpg","type":"image\/jpeg"}],"twitter_card":"summary_large_image","twitter_title":"Freedom in the Universe - How Free Nations Remain Free","twitter_site":"@earthallies","schema":{"@context":"https:\/\/schema.org","@graph":[{"@type":"WebPage","@id":"https:\/\/www.alliesofhumanity.org\/sq\/the-briefings\/book-four\/free-nations-universe\/","url":"https:\/\/www.alliesofhumanity.org\/sq\/the-briefings\/book-four\/free-nations-universe\/","name":"Freedom in the Universe - How Free Nations Remain Free","isPartOf":{"@id":"https:\/\/www.alliesofhumanity.org\/sq\/#website"},"datePublished":"2021-02-19T16:35:42+00:00","dateModified":"2021-09-04T01:40:43+00:00","description":"For free nations to remain free, they must be able to thwart or resist all the temptations that will be placed upon them, especially if their worlds are seen to be valuable to others.","breadcrumb":{"@id":"https:\/\/www.alliesofhumanity.org\/sq\/the-briefings\/book-four\/free-nations-universe\/#breadcrumb"},"inLanguage":"sq-AL","potentialAction":[{"@type":"ReadAction","target":["https:\/\/www.alliesofhumanity.org\/sq\/the-briefings\/book-four\/free-nations-universe\/"]}]},{"@type":"BreadcrumbList","@id":"https:\/\/www.alliesofhumanity.org\/sq\/the-briefings\/book-four\/free-nations-universe\/#breadcrumb","itemListElement":[{"@type":"ListItem","position":1,"name":"Brifingjet","item":"https:\/\/www.alliesofhumanity.org\/sq\/the-briefings\/"},{"@type":"ListItem","position":2,"name":"Libri i kat\u00ebrt","item":"https:\/\/www.alliesofhumanity.org\/sq\/the-briefings\/book-four\/"},{"@type":"ListItem","position":3,"name":"Brifingu i tret\u00eb: Liria n\u00eb univers"}]},{"@type":"WebSite","@id":"https:\/\/www.alliesofhumanity.org\/sq\/#website","url":"https:\/\/www.alliesofhumanity.org\/sq\/","name":"The Allies of Humanity","description":"","potentialAction":[{"@type":"SearchAction","target":{"@type":"EntryPoint","urlTemplate":"https:\/\/www.alliesofhumanity.org\/sq\/?s={search_term_string}"},"query-input":{"@type":"PropertyValueSpecification","valueRequired":true,"valueName":"search_term_string"}}],"inLanguage":"sq-AL"}]}},"_links":{"self":[{"href":"https:\/\/www.alliesofhumanity.org\/sq\/wp-json\/wp\/v2\/pages\/12959","targetHints":{"allow":["GET"]}}],"collection":[{"href":"https:\/\/www.alliesofhumanity.org\/sq\/wp-json\/wp\/v2\/pages"}],"about":[{"href":"https:\/\/www.alliesofhumanity.org\/sq\/wp-json\/wp\/v2\/types\/page"}],"author":[{"embeddable":true,"href":"https:\/\/www.alliesofhumanity.org\/sq\/wp-json\/wp\/v2\/users\/2"}],"replies":[{"embeddable":true,"href":"https:\/\/www.alliesofhumanity.org\/sq\/wp-json\/wp\/v2\/comments?post=12959"}],"version-history":[{"count":2,"href":"https:\/\/www.alliesofhumanity.org\/sq\/wp-json\/wp\/v2\/pages\/12959\/revisions"}],"predecessor-version":[{"id":18985,"href":"https:\/\/www.alliesofhumanity.org\/sq\/wp-json\/wp\/v2\/pages\/12959\/revisions\/18985"}],"up":[{"embeddable":true,"href":"https:\/\/www.alliesofhumanity.org\/sq\/wp-json\/wp\/v2\/pages\/13111"}],"wp:attachment":[{"href":"https:\/\/www.alliesofhumanity.org\/sq\/wp-json\/wp\/v2\/media?parent=12959"}],"curies":[{"name":"wp","href":"https:\/\/api.w.org\/{rel}","templated":true}]}}