{"id":12933,"date":"2021-02-19T15:43:02","date_gmt":"2021-02-19T14:43:02","guid":{"rendered":"https:\/\/www.alliesofhumanity.org\/the-allies\/"},"modified":"2021-05-16T17:05:18","modified_gmt":"2021-05-16T16:05:18","slug":"the-allies","status":"publish","type":"page","link":"https:\/\/www.alliesofhumanity.org\/sq\/the-allies\/","title":{"rendered":"Aleat\u00ebt"},"content":{"rendered":"\t\t<div data-elementor-type=\"wp-page\" data-elementor-id=\"12933\" class=\"elementor elementor-12933 elementor-758\" data-elementor-post-type=\"page\">\t\t\t\t\t\t<section class=\"elementor-section elementor-top-section elementor-element elementor-element-13aff578 elementor-section-full_width elementor-section-height-default elementor-section-height-default\" data-id=\"13aff578\" data-element_type=\"section\">\t\t\t\t\t\t<div class=\"elementor-container elementor-column-gap-default\">\t\t\t\t\t<div class=\"elementor-column elementor-col-100 elementor-top-column elementor-element elementor-element-73bd0eae\" data-id=\"73bd0eae\" data-element_type=\"column\">\t\t\t<div class=\"elementor-widget-wrap elementor-element-populated\">\t\t\t\t\t\t<div class=\"elementor-element elementor-element-0581c07 elementor-widget elementor-widget-text-editor\" data-id=\"0581c07\" data-element_type=\"widget\" data-widget_type=\"text-editor.default\">\t\t\t\t<div class=\"elementor-widget-container\">\t\t\t\t\t\t\t\t\t<h5>Aleat\u00ebt e Njer\u00ebzimit po prezantohet p\u00ebr t&#8217;i p\u00ebrgatitur njer\u00ebzit p\u00ebr nj\u00eb realitet plot\u00ebsisht t\u00eb ri q\u00eb \u00ebsht\u00eb kryesisht i fshehur dhe i panjohur n\u00eb bot\u00eb sot. Jep nj\u00eb perspektiv\u00eb t\u00eb re q\u00eb i fuqizon njer\u00ebzit p\u00ebr t\u00eb p\u00ebrballuar sfid\u00ebn dhe oportunitetin m\u00eb t\u00eb madh q\u00eb ne, si rac\u00eb, kemi hasur ndonj\u00ebher\u00eb.<\/h5><p>Brifingjet e Aleat\u00ebve t\u00eb Njer\u00ebzimit p\u00ebrmbajn\u00eb nj\u00eb seri deklaratash kritike, n\u00ebse jo alarmuese rreth nd\u00ebrhyrjes jasht\u00ebtok\u00ebsore n\u00eb rritje dhe integrimi me rac\u00ebn njer\u00ebzore dhe rreth aktiviteteve dhe programit t\u00eb fshehur jasht\u00ebtok\u00ebsor.<\/p><p>Q\u00ebllimi i Brifingjeve t\u00eb Aleat\u00ebve t\u00eb Njer\u00ebzimit nuk \u00ebsht\u00eb t\u00eb japin prova t\u00eb forta rreth realitetit t\u00eb vizitimit jasht\u00ebtok\u00ebsor n\u00eb bot\u00ebn ton\u00eb, i cili \u00ebsht\u00eb tashm\u00eb mir\u00eb i dokumentuar n\u00eb shum\u00eb libra dhe gazeta k\u00ebrkimesh t\u00eb tjera t\u00eb mira mbi subjektin. Q\u00ebllimi i Brifingjeve t\u00eb Aleat\u00ebve \u00ebsht\u00eb t\u00eb drejtoj\u00eb implikimet dramatike dhe t\u00eb gjera t\u00eb k\u00ebtij fenomeni, t\u00eb sfidoj\u00eb prirjet dhe supozimet tona njer\u00ebzore n\u00eb lidhje me t\u00eb dhe ta lajm\u00ebroj\u00eb familjen njer\u00ebzore p\u00ebr pragun e madh q\u00eb po p\u00ebrballojm\u00eb tani.<\/p><p>Brifingjet japin nj\u00eb paraqitje t\u00eb shkurt\u00ebr t\u00eb realitetit t\u00eb jet\u00ebs inteligjente n\u00eb univers dhe \u00e7far\u00eb Kontakti do t\u00eb thot\u00eb me t\u00eb v\u00ebrtet\u00eb. P\u00ebr disa lexues\u00eb, ajo q\u00eb zbulohet n\u00eb Brifingjet e <em>Aleat\u00ebve t\u00eb Njer\u00ebzimit<\/em> do t\u00eb jet\u00eb plot\u00ebsisht e re. P\u00ebr t\u00eb tjer\u00eb, do t\u00eb jet\u00eb nj\u00eb konfirmin t\u00eb gj\u00ebrave q\u00eb i kan\u00eb pasur ndjer\u00eb dhe ditur me koh\u00eb.<\/p><p>Megjith\u00ebse k\u00ebto Brifingje sjellin nj\u00eb mesazh urgjent, ato gjithashtu flasin p\u00ebr l\u00ebvizjen drejt nj\u00eb nd\u00ebrgjegje m\u00eb t\u00eb lart\u00eb t\u00eb quajtur <a href=\"https:\/\/www.newmessage.org\/wiki\/Knowledge_Quotes\"><em>&#8220;Dije&#8221;<\/em><\/a>, e cila p\u00ebrfshin nj\u00eb aft\u00ebsi telepatike m\u00eb t\u00eb madhe p\u00ebrmes njer\u00ebzve dhe midis racave. N\u00eb drit\u00eb t\u00eb k\u00ebsaj, Brifingjet e Aleat\u00ebve iu transmetuan autorit, <a href=\"https:\/\/marshallsummers.com\">Marshall Vian Summers<\/a> nga nj\u00eb grup multi-racor jasht\u00ebtok\u00ebsor individ\u00ebsh q\u00eb i referojn\u00eb vetes si &#8220;Aleat\u00ebt e Njer\u00ebzimit&#8221;.<\/p><p>Ata e p\u00ebrshkruajn\u00eb veten si qenie fizike nga bot\u00eb t\u00eb tjera q\u00eb jan\u00eb mbledhur n\u00eb sistemin ton\u00eb dillor me q\u00ebllim p\u00ebr t\u00eb v\u00ebzhguar kominikimet dhe aktivitet e atyre racave jasht\u00ebtok\u00ebsore q\u00eb jan\u00eb k\u00ebtu n\u00eb bot\u00ebn ton\u00eb duke nd\u00ebrhyr\u00eb n\u00eb \u00e7\u00ebshtjet njer\u00ebzore. Ata theksojn\u00eb se ata vet\u00eb nuk jan\u00eb t\u00eb pranish\u00ebm fizikisht n\u00eb bot\u00ebn ton\u00eb dhe po japin urt\u00ebsin\u00eb e nevojshme, jo teknologji ose nd\u00ebrhyrje.<\/p><p>Brifingjet e Aleat\u00ebve iu dhan\u00eb autorit n\u00eb nj\u00eb periudh\u00eb prej mbi nj\u00eb viti. Ato japin perspektiv\u00eb dhe vizion n\u00eb nj\u00eb \u00e7\u00ebshtje komplekse t\u00eb cil\u00ebn pavar\u00ebsisht nga dekada provash n\u00eb rritje, vazhdon t\u00eb ngat\u00ebrroj\u00eb ekspert\u00ebt. Por kjo pik\u00ebpamje nuk \u00ebsht\u00eb romantike, spekulative ose idealistike n\u00eb qasjen e saj ndaj k\u00ebsaj \u00e7\u00ebshtjeje. P\u00ebrkundrazi, \u00ebsht\u00eb tro\u00e7 realistike dhe pa kompromis, n\u00eb pik\u00ebn ku mund t\u00eb jet\u00eb mjaft sfiduese, edhe p\u00ebr nj\u00eb lexues q\u00eb \u00ebsht\u00eb i ditur mir\u00eb n\u00eb k\u00ebt\u00eb \u00e7\u00ebshtje.<\/p><p class=\"float-left bleed-left\"><img decoding=\"async\" src=\"https:\/\/www.alliesofhumanity.org\/wp-content\/uploads\/2020\/06\/960x540-aoh-book-1.jpg\" alt=\"\" \/><\/p><p>At\u00ebher\u00eb, p\u00ebr t\u00eb marr\u00eb at\u00eb q\u00eb k\u00ebto Brifingje kan\u00eb p\u00ebr t\u00eb dh\u00ebn\u00eb, kjo k\u00ebrkon q\u00eb t\u00eb pezulloni, p\u00ebr nj\u00eb moment t\u00eb pakt\u00ebn, shum\u00eb nga besimet, supozimet dhe pyetjet q\u00eb mund t\u00eb keni rreth Kontaktit jasht\u00ebtok\u00ebsor, dhe madje edhe p\u00ebr m\u00ebnyr\u00ebn se si k\u00ebto Brifingje jan\u00eb marr\u00eb. P\u00ebrmbajtja e k\u00ebtyre Brifingjeve \u00ebsht\u00eb si nj\u00eb masazh n\u00eb nj\u00eb shishe e d\u00ebrguar k\u00ebtu nga matan\u00eb bot\u00ebs. Pra, nuk duhet t\u00eb jemi aq t\u00eb shqet\u00ebsuar p\u00ebr shishen, por p\u00ebr mesazhin vet\u00eb.<\/p><p>P\u00ebr t\u00eb kuptuar v\u00ebrtet k\u00ebt\u00eb mesazh sfidues, duhet t\u00eb p\u00ebrballojm\u00eb e t\u00eb v\u00ebm\u00eb n\u00eb pyetje shum\u00eb nga supozimet dhe prirjet e p\u00ebrhapura n\u00eb lidhje me mund\u00ebsin\u00eb dhe realitetin e Kontaktit. K\u00ebto p\u00ebrfshijn\u00eb:<\/p><ul><li>mohim;<\/li><li>pritje shpres\u00ebdh\u00ebn\u00ebse;<\/li><li>keqinterpretimi i provave p\u00ebr t\u00eb pohuar besimet tona;<\/li><li>t\u00eb duash e t\u00eb pres\u00ebsh shp\u00ebtim nga &#8220;vizitor\u00ebt&#8221;;<\/li><li>t\u00eb besosh q\u00eb teknologjia jasht\u00ebtok\u00ebsore do t\u00eb na shp\u00ebtoj\u00eb;<\/li><li>t\u00eb ndihesh i pashpres\u00eb dhe i n\u00ebnshtruar ndaj asaj q\u00eb supozojm\u00eb se \u00ebsht\u00eb nj\u00eb forc\u00eb superiore;<\/li><li>t\u00eb k\u00ebrkosh hapje nga qeverit\u00eb, por jo nga jasht\u00ebtok\u00ebsor\u00ebt;<\/li><li>t\u00eb d\u00ebnosh udh\u00ebheq\u00ebsit dhe institucionet njer\u00ebzore, nd\u00ebrsa duke mbajtur pranim t\u00eb padiskutuesh\u00ebm t\u00eb &#8220;vizitor\u00ebve&#8221;;<\/li><li>t\u00eb supozosh q\u00eb p\u00ebr arsyen se ata nuk na kan\u00eb sulmuar ose pushtuar, duhet t\u00eb jen\u00eb k\u00ebtu p\u00ebr t\u00eb mir\u00ebn ton\u00eb;<\/li><li>t\u00eb supozosh q\u00eb teknologjia e avancuar \u00ebsht\u00eb e barabart\u00eb me etik\u00eb dhe spiritualitet t\u00eb avancuar;<\/li><li>t\u00eb besosh q\u00eb ky fenomen \u00ebsht\u00eb nj\u00eb mister, kur n\u00eb fakt \u00ebsht\u00eb nj\u00eb ngjarje e kuptueshme;<\/li><li>t\u00eb besosh q\u00eb jasht\u00ebtok\u00ebsor\u00ebt n\u00eb ndonj\u00eb m\u00ebnyr\u00eb kan\u00eb pretendime ndaj njer\u00ebzimit dhe ndaj k\u00ebtij planeti;<\/li><li>dhe t\u00eb besosh q\u00eb njer\u00ebzimi \u00ebsht\u00eb i pashpenguesh\u00ebm dhe nuk mund t&#8217;ia dal\u00eb vet\u00eb.<\/li><\/ul><p>Brifingjet e Aleat\u00ebve sfidojn\u00eb supozime dhe prirje t\u00eb tilla dhe i shp\u00ebrthejn\u00eb shum\u00eb prej miteve q\u00eb kemi aktualisht rreth atyre q\u00eb na vizitojn\u00eb dhe pse jan\u00eb k\u00ebtu.<\/p><p>Brifingjet e Aleat\u00ebve t\u00eb Njer\u00ebzimit na japin nj\u00eb pik\u00ebpamje m\u00eb t\u00eb madhe dhe nj\u00eb mir\u00ebkuptim m\u00eb t\u00eb thell\u00eb t\u00eb fatit ton\u00eb brenda nj\u00eb panorame m\u00eb t\u00eb gjer\u00eb jete inteligjente n\u00eb univers. N\u00eb m\u00ebnyr\u00eb p\u00ebr ta arritur k\u00ebt\u00eb, Aleat\u00ebt nuk i flasin mendjes son\u00eb analitike, por Dijes son\u00eb, pjesa m\u00eb e thell\u00eb e qenies son\u00eb ku e v\u00ebrteta, megjith\u00ebse e turbullt, mund t\u00eb dallohet dhe p\u00ebrjetohet drejtp\u00ebrdrejt.<\/p><p><em>Aleat\u00ebt e Njer\u00ebzimit<\/em> do t\u00eb ngrejn\u00eb shum\u00eb pyetje, t\u00eb cilat do t\u00eb k\u00ebrkojn\u00eb eksplorim dhe soditje t\u00eb m\u00ebtejshme. Fokusi i tij nuk \u00ebsht\u00eb t\u00eb jap\u00eb em\u00ebra, data dhe vende, por p\u00ebr t\u00eb sjell\u00eb nj\u00eb perspektiv\u00eb mbi pranis\u00eb jasht\u00ebtok\u00ebsore n\u00eb bot\u00eb and mbi jet\u00ebn n\u00eb univers q\u00eb ne si qenie njer\u00ebzore nuk mund t\u00eb kemi p\u00ebrndryshe.<\/p><p class=\"float-right bleed-right\"><img decoding=\"async\" src=\"https:\/\/www.alliesofhumanity.org\/wp-content\/uploads\/2020\/06\/960x540-aoh-book-2.jpg\" alt=\"\" \/><\/p><p>Nd\u00ebrsa ende jetojm\u00eb n\u00eb izolim n\u00eb sip\u00ebrfaqen e bot\u00ebs, ende nuk mund ta shohim e dim\u00eb se \u00e7far\u00eb po ndodh n\u00eb lidhje me jet\u00ebn inteligjente matan\u00eb kufijve tona. P\u00ebr k\u00ebt\u00eb, kemi nevoj\u00eb p\u00ebr ndihm\u00eb, ndihm\u00eb t\u00eb nj\u00eb lloji shum\u00eb t\u00eb jasht\u00ebzakonsh\u00ebm. Ne mund mos ta dallojm\u00eb ose pranojm\u00eb nj\u00eb ndihm\u00eb t\u00eb till\u00eb s\u00eb pari. Madje, \u00ebsht\u00eb k\u00ebtu.<\/p><p>Q\u00ebllimi i deklaruar i Aleat\u00ebve \u00ebsht\u00eb t\u00eb na lajm\u00ebroj\u00eb p\u00ebr rreziqet e hyrjes n\u00eb nj\u00eb Komunitet t\u00eb Madh jete inteligjente dhe p\u00ebr t\u00eb na ndihmuar n\u00eb kalimin e suksessh\u00ebm t\u00eb k\u00ebtij pragu t\u00eb madh n\u00eb m\u00ebnyr\u00eb t\u00eb till\u00eb q\u00eb liria, sovraniteti dhe vet\u00ebvendosja mund t\u00eb ruhen.<\/p><p>Aleat\u00ebt jan\u00eb k\u00ebtu p\u00ebr t\u00eb k\u00ebshilluar p\u00ebr nevoj\u00ebn p\u00ebr njer\u00ebzimin p\u00ebr t\u00eb vendosur &#8220;Regullat tona t\u00eb Angazhimit&#8221; gjat\u00eb k\u00ebsaj kohe t\u00eb paprecedent. Sipas Aleat\u00ebve, n\u00ebse jemi t\u00eb urt\u00eb, t\u00eb p\u00ebrgatitur e t\u00eb bashkuar, do t\u00eb jemi n\u00eb gjendje t\u00eb marrim vendi ton\u00eb t\u00eb destinuar si nj\u00eb rac\u00eb e pjekur dhe e lir\u00eb n\u00eb Komunitetin e Madh.<\/p><p>Me kalimin e koh\u00ebs q\u00eb kjo seri Brifingjesh u dha, Aleat\u00ebt p\u00ebrs\u00ebrit\u00ebn disa ide ky\u00e7e q\u00eb ndjenin se ishin thelb\u00ebsore p\u00ebr kuptueshm\u00ebrin\u00eb ton\u00eb. Ne i kemi mbajtur k\u00ebto p\u00ebrs\u00ebritje n\u00eb Brifingjet n\u00eb m\u00ebnyr\u00eb p\u00ebr t\u00eb ruajtur synimin dhe integritetin e komunikimit t\u00eb tyre. P\u00ebr shkak t\u00eb natyr\u00ebs urgjente t\u00eb mesazhit t\u00eb Aleat\u00ebve dhe p\u00ebr shkak t\u00eb forcave n\u00eb bot\u00eb q\u00eb do ta kund\u00ebrshtojn\u00eb k\u00ebt\u00eb mesazh, ka nj\u00eb urt\u00ebsi dhe nj\u00eb domodoshm\u00ebri n\u00eb k\u00ebto p\u00ebrs\u00ebritje.<\/p><p>Pas botimit t\u00eb <em>Aleat\u00ebve t\u00eb Njer\u00ebzimit<\/em> n\u00eb 2001, Aleat\u00ebt soll\u00ebn nj\u00eb seri t\u00eb dyt\u00eb Brifingjesh p\u00ebr ta plot\u00ebsuar mesazhin e tyre thelb\u00ebsor p\u00ebr njer\u00ebzimin. <em>Aleat\u00ebt e Njer\u00ebzimit libri i dyt\u00eb<\/em>, i botuar n\u00eb 2005 paraqit informacione t\u00eb reja befasuese mbi nd\u00ebrveprimet midis racave n\u00eb universin ton\u00eb lokal dhe mbi natyr\u00ebn, q\u00ebllimin dhe aktivitetet m\u00eb t\u00eb fshehura t\u00eb atyre racave q\u00eb po nd\u00ebrhyjn\u00eb n\u00eb \u00e7\u00ebshtjet njer\u00ebzore.<\/p><p>Aleat\u00ebt iniciuan komunikim p\u00ebrs\u00ebri n\u00eb 2008, duke e p\u00ebrshkruar m\u00eb tej mjedisin e nd\u00ebrlikur n\u00eb t\u00eb cilin njer\u00ebzimi po hyn. Seria e tret\u00eb e Brifingjeve u botua n\u00eb 2012.<\/p><p>Ne tek Society (Shoqata) p\u00ebr Mesazhin e Ri konsiderojm\u00eb se k\u00ebto tre seri Brifingjesh p\u00ebrmbajn\u00eb nj\u00eb nga mesazhet m\u00eb t\u00eb r\u00ebnd\u00ebsishme t\u00eb komunikuara n\u00eb bot\u00eb sot.<\/p><p><em>Aleat\u00ebt e Njer\u00ebzimit<\/em> nuk \u00ebsht\u00eb thjesht nj\u00eb lib\u00ebr tjet\u00ebr spekulimi rreth fenomenit UFO\/jasht\u00ebtok\u00ebsor. \u00cbsht\u00eb nj\u00eb mesazh i v\u00ebrtet\u00eb transformues i synuar drejtp\u00ebrdrejt tek q\u00ebllimi themelor i Nd\u00ebrhyrjes jasht\u00ebtok\u00ebsore n\u00eb m\u00ebnyr\u00eb p\u00ebr t\u00eb rritur nd\u00ebrgjegj\u00ebsimi q\u00eb do t\u00eb na duhet p\u00ebr t\u00eb p\u00ebrballuar sfidat dhe oportunitetet q\u00eb ndodhen p\u00ebrpara.<\/p><p><a title=\"Shkoni tek newmessage.org\" href=\"https:\/\/www.newmessage.org\/worldwide-community\/society\" target=\"_blank\" rel=\"noopener noreferrer\">Society (Shoqata) p\u00ebr Mesazhin e Ri<\/a><\/p>\t\t\t\t\t\t\t\t<\/div>\t\t\t\t<\/div>\t\t\t\t\t<\/div>\t\t<\/div>\t\t\t\t\t<\/div>\t\t<\/section>\t\t\t\t<\/div><p>\t\t<\/p>","protected":false},"excerpt":{"rendered":"<p>Aleat\u00ebt e Njer\u00ebzimit po prezantohet p\u00ebr t&#8217;i p\u00ebrgatitur njer\u00ebzit p\u00ebr nj\u00eb realitet plot\u00ebsisht t\u00eb ri q\u00eb \u00ebsht\u00eb kryesisht i fshehur dhe i panjohur n\u00eb bot\u00eb sot. Jep nj\u00eb perspektiv\u00eb t\u00eb re q\u00eb i fuqizon njer\u00ebzit p\u00ebr t\u00eb p\u00ebrballuar sfid\u00ebn dhe oportunitetin m\u00eb t\u00eb madh q\u00eb ne, si rac\u00eb, kemi hasur ndonj\u00ebher\u00eb. Brifingjet e Aleat\u00ebve t\u00eb [&hellip;]<\/p>\n","protected":false},"author":2,"featured_media":0,"parent":0,"menu_order":1,"comment_status":"closed","ping_status":"closed","template":"page.php","meta":{"_acf_changed":false,"footnotes":""},"class_list":["post-12933","page","type-page","status-publish","hentry"],"acf":[],"yoast_head":"<!-- This site is optimized with the Yoast SEO plugin v26.5 - https:\/\/yoast.com\/wordpress\/plugins\/seo\/ -->\n<title>Hyrje n\u00eb Aleat\u00ebt e Njer\u00ebzimit: Zbulimi i Nd\u00ebrhyrjes jasht\u00ebtok\u00ebsore<\/title>\n<meta name=\"description\" content=\"Brifingjet e Aleat\u00ebve p\u00ebrmbajn\u00eb nj\u00eb num\u00ebr deklaratash kritike, n\u00ebse jo alarmuese n\u00eb lidhje me nd\u00ebrhyrjen dhe integrimin jasht\u00ebtok\u00ebsor dhe agjend\u00ebs s\u00eb saj.\" \/>\n<meta name=\"robots\" content=\"index, follow, max-snippet:-1, max-image-preview:large, max-video-preview:-1\" \/>\n<link rel=\"canonical\" href=\"https:\/\/www.alliesofhumanity.org\/sq\/the-allies\/\" \/>\n<meta property=\"og:locale\" content=\"sq_AL\" \/>\n<meta property=\"og:type\" content=\"article\" \/>\n<meta property=\"og:title\" content=\"Hyrje n\u00eb Aleat\u00ebt e Njer\u00ebzimit: Zbulimi i Nd\u00ebrhyrjes jasht\u00ebtok\u00ebsore\" \/>\n<meta property=\"og:description\" content=\"Brifingjet e Aleat\u00ebve p\u00ebrmbajn\u00eb nj\u00eb num\u00ebr deklaratash kritike, n\u00ebse jo alarmuese n\u00eb lidhje me nd\u00ebrhyrjen dhe integrimin jasht\u00ebtok\u00ebsor dhe agjend\u00ebs s\u00eb saj.\" \/>\n<meta property=\"og:url\" content=\"https:\/\/www.alliesofhumanity.org\/sq\/the-allies\/\" \/>\n<meta property=\"og:site_name\" content=\"The Allies of Humanity\" \/>\n<meta property=\"article:publisher\" content=\"https:\/\/www.facebook.com\/alliesofhumanity\/\" \/>\n<meta property=\"article:modified_time\" content=\"2021-05-16T16:05:18+00:00\" \/>\n<meta property=\"og:image\" content=\"https:\/\/www.alliesofhumanity.org\/wp-content\/uploads\/2021\/01\/og-socialmedia-aoh.jpg\" \/>\n\t<meta property=\"og:image:width\" content=\"1200\" \/>\n\t<meta property=\"og:image:height\" content=\"630\" \/>\n\t<meta property=\"og:image:type\" content=\"image\/jpeg\" \/>\n<meta name=\"twitter:card\" content=\"summary_large_image\" \/>\n<meta name=\"twitter:title\" content=\"Hyrje n\u00eb Aleat\u00ebt e Njer\u00ebzimit: Zbulimi i Nd\u00ebrhyrjes jasht\u00ebtok\u00ebsore\" \/>\n<meta name=\"twitter:site\" content=\"@earthallies\" \/>\n<meta name=\"twitter:label1\" content=\"Est. reading time\" \/>\n\t<meta name=\"twitter:data1\" content=\"8 minutes\" \/>\n<script type=\"application\/ld+json\" class=\"yoast-schema-graph\">{\"@context\":\"https:\/\/schema.org\",\"@graph\":[{\"@type\":\"WebPage\",\"@id\":\"https:\/\/www.alliesofhumanity.org\/sq\/the-allies\/\",\"url\":\"https:\/\/www.alliesofhumanity.org\/sq\/the-allies\/\",\"name\":\"Hyrje n\u00eb Aleat\u00ebt e Njer\u00ebzimit: Zbulimi i Nd\u00ebrhyrjes jasht\u00ebtok\u00ebsore\",\"isPartOf\":{\"@id\":\"https:\/\/www.alliesofhumanity.org\/sq\/#website\"},\"datePublished\":\"2021-02-19T14:43:02+00:00\",\"dateModified\":\"2021-05-16T16:05:18+00:00\",\"description\":\"Brifingjet e Aleat\u00ebve p\u00ebrmbajn\u00eb nj\u00eb num\u00ebr deklaratash kritike, n\u00ebse jo alarmuese n\u00eb lidhje me nd\u00ebrhyrjen dhe integrimin jasht\u00ebtok\u00ebsor dhe agjend\u00ebs s\u00eb saj.\",\"inLanguage\":\"sq-AL\",\"potentialAction\":[{\"@type\":\"ReadAction\",\"target\":[\"https:\/\/www.alliesofhumanity.org\/sq\/the-allies\/\"]}]},{\"@type\":\"WebSite\",\"@id\":\"https:\/\/www.alliesofhumanity.org\/sq\/#website\",\"url\":\"https:\/\/www.alliesofhumanity.org\/sq\/\",\"name\":\"The Allies of Humanity\",\"description\":\"\",\"potentialAction\":[{\"@type\":\"SearchAction\",\"target\":{\"@type\":\"EntryPoint\",\"urlTemplate\":\"https:\/\/www.alliesofhumanity.org\/sq\/?s={search_term_string}\"},\"query-input\":{\"@type\":\"PropertyValueSpecification\",\"valueRequired\":true,\"valueName\":\"search_term_string\"}}],\"inLanguage\":\"sq-AL\"}]}<\/script>\n<!-- \/ Yoast SEO plugin. -->","yoast_head_json":{"title":"Hyrje n\u00eb Aleat\u00ebt e Njer\u00ebzimit: Zbulimi i Nd\u00ebrhyrjes jasht\u00ebtok\u00ebsore","description":"Brifingjet e Aleat\u00ebve p\u00ebrmbajn\u00eb nj\u00eb num\u00ebr deklaratash kritike, n\u00ebse jo alarmuese n\u00eb lidhje me nd\u00ebrhyrjen dhe integrimin jasht\u00ebtok\u00ebsor dhe agjend\u00ebs s\u00eb saj.","robots":{"index":"index","follow":"follow","max-snippet":"max-snippet:-1","max-image-preview":"max-image-preview:large","max-video-preview":"max-video-preview:-1"},"canonical":"https:\/\/www.alliesofhumanity.org\/sq\/the-allies\/","og_locale":"sq_AL","og_type":"article","og_title":"Hyrje n\u00eb Aleat\u00ebt e Njer\u00ebzimit: Zbulimi i Nd\u00ebrhyrjes jasht\u00ebtok\u00ebsore","og_description":"Brifingjet e Aleat\u00ebve p\u00ebrmbajn\u00eb nj\u00eb num\u00ebr deklaratash kritike, n\u00ebse jo alarmuese n\u00eb lidhje me nd\u00ebrhyrjen dhe integrimin jasht\u00ebtok\u00ebsor dhe agjend\u00ebs s\u00eb saj.","og_url":"https:\/\/www.alliesofhumanity.org\/sq\/the-allies\/","og_site_name":"The Allies of Humanity","article_publisher":"https:\/\/www.facebook.com\/alliesofhumanity\/","article_modified_time":"2021-05-16T16:05:18+00:00","og_image":[{"width":1200,"height":630,"url":"https:\/\/www.alliesofhumanity.org\/wp-content\/uploads\/2021\/01\/og-socialmedia-aoh.jpg","type":"image\/jpeg"}],"twitter_card":"summary_large_image","twitter_title":"Hyrje n\u00eb Aleat\u00ebt e Njer\u00ebzimit: Zbulimi i Nd\u00ebrhyrjes jasht\u00ebtok\u00ebsore","twitter_site":"@earthallies","twitter_misc":{"Est. reading time":"8 minutes"},"schema":{"@context":"https:\/\/schema.org","@graph":[{"@type":"WebPage","@id":"https:\/\/www.alliesofhumanity.org\/sq\/the-allies\/","url":"https:\/\/www.alliesofhumanity.org\/sq\/the-allies\/","name":"Hyrje n\u00eb Aleat\u00ebt e Njer\u00ebzimit: Zbulimi i Nd\u00ebrhyrjes jasht\u00ebtok\u00ebsore","isPartOf":{"@id":"https:\/\/www.alliesofhumanity.org\/sq\/#website"},"datePublished":"2021-02-19T14:43:02+00:00","dateModified":"2021-05-16T16:05:18+00:00","description":"Brifingjet e Aleat\u00ebve p\u00ebrmbajn\u00eb nj\u00eb num\u00ebr deklaratash kritike, n\u00ebse jo alarmuese n\u00eb lidhje me nd\u00ebrhyrjen dhe integrimin jasht\u00ebtok\u00ebsor dhe agjend\u00ebs s\u00eb saj.","inLanguage":"sq-AL","potentialAction":[{"@type":"ReadAction","target":["https:\/\/www.alliesofhumanity.org\/sq\/the-allies\/"]}]},{"@type":"WebSite","@id":"https:\/\/www.alliesofhumanity.org\/sq\/#website","url":"https:\/\/www.alliesofhumanity.org\/sq\/","name":"The Allies of Humanity","description":"","potentialAction":[{"@type":"SearchAction","target":{"@type":"EntryPoint","urlTemplate":"https:\/\/www.alliesofhumanity.org\/sq\/?s={search_term_string}"},"query-input":{"@type":"PropertyValueSpecification","valueRequired":true,"valueName":"search_term_string"}}],"inLanguage":"sq-AL"}]}},"_links":{"self":[{"href":"https:\/\/www.alliesofhumanity.org\/sq\/wp-json\/wp\/v2\/pages\/12933","targetHints":{"allow":["GET"]}}],"collection":[{"href":"https:\/\/www.alliesofhumanity.org\/sq\/wp-json\/wp\/v2\/pages"}],"about":[{"href":"https:\/\/www.alliesofhumanity.org\/sq\/wp-json\/wp\/v2\/types\/page"}],"author":[{"embeddable":true,"href":"https:\/\/www.alliesofhumanity.org\/sq\/wp-json\/wp\/v2\/users\/2"}],"replies":[{"embeddable":true,"href":"https:\/\/www.alliesofhumanity.org\/sq\/wp-json\/wp\/v2\/comments?post=12933"}],"version-history":[{"count":3,"href":"https:\/\/www.alliesofhumanity.org\/sq\/wp-json\/wp\/v2\/pages\/12933\/revisions"}],"predecessor-version":[{"id":13271,"href":"https:\/\/www.alliesofhumanity.org\/sq\/wp-json\/wp\/v2\/pages\/12933\/revisions\/13271"}],"wp:attachment":[{"href":"https:\/\/www.alliesofhumanity.org\/sq\/wp-json\/wp\/v2\/media?parent=12933"}],"curies":[{"name":"wp","href":"https:\/\/api.w.org\/{rel}","templated":true}]}}