{"id":12866,"date":"2021-02-18T23:58:34","date_gmt":"2021-02-18T22:58:34","guid":{"rendered":"https:\/\/www.alliesofhumanity.org\/final-words\/"},"modified":"2021-05-16T17:18:04","modified_gmt":"2021-05-16T16:18:04","slug":"final-words","status":"publish","type":"page","link":"https:\/\/www.alliesofhumanity.org\/sq\/the-briefings\/book-one\/final-words\/","title":{"rendered":"Fjal\u00ebt e fundit"},"content":{"rendered":"\t\t<div data-elementor-type=\"wp-page\" data-elementor-id=\"12866\" class=\"elementor elementor-12866 elementor-2181\" data-elementor-post-type=\"page\">\t\t\t\t\t\t<section class=\"elementor-section elementor-top-section elementor-element elementor-element-54dadb56 elementor-section-boxed elementor-section-height-default elementor-section-height-default\" data-id=\"54dadb56\" data-element_type=\"section\">\t\t\t\t\t\t<div class=\"elementor-container elementor-column-gap-default\">\t\t\t\t\t<div class=\"elementor-column elementor-col-100 elementor-top-column elementor-element elementor-element-31c5ce98\" data-id=\"31c5ce98\" data-element_type=\"column\">\t\t\t<div class=\"elementor-widget-wrap elementor-element-populated\">\t\t\t\t\t\t<div class=\"elementor-element elementor-element-7d4c35aa elementor-widget elementor-widget-text-editor\" data-id=\"7d4c35aa\" data-element_type=\"widget\" data-widget_type=\"text-editor.default\">\t\t\t\t<div class=\"elementor-widget-container\">\t\t\t\t\t\t\t\t\t<h1 style=\"text-align: center;\">Fjal\u00ebt e fundit<\/h1><p>Njer\u00ebzimi ndodhet n\u00eb nj\u00eb fillim t\u00eb ri. \u00cbsht\u00eb i p\u00ebrballuar me nj\u00eb situat\u00eb t\u00eb r\u00ebnd\u00eb. Nevoja p\u00ebr nj\u00eb edukim dhe mir\u00ebkuptim t\u00eb ri \u00ebsht\u00eb kryesore. Ne jemi k\u00ebtu p\u00ebr t\u00eb sh\u00ebrbyer k\u00ebt\u00eb nevoj\u00eb sipas k\u00ebrkes\u00ebs s\u00eb t\u00eb Padukshm\u00ebve. Ata mb\u00ebshteten tek ne p\u00ebr t\u00eb dh\u00ebn\u00eb urt\u00ebsin\u00eb ton\u00eb, sepse ne jetojm\u00eb n\u00eb universin fizik, ashtu si ju. Ne nuk jemi qenie engj\u00ebllore. Ne nuk jemi perfekt. Ne nuk kemi arritur lar\u00ebtsi t\u00eb m\u00ebdha vet\u00ebdijeje dhe arritjeje shpirt\u00ebrore. Dhe at\u00ebher\u00eb, mesazhi yn\u00eb rreth Komuniteit t\u00eb Madh, besojm\u00eb se do t\u00eb jet\u00eb m\u00eb relevant dhe m\u00eb leht\u00eb i marr\u00eb. T\u00eb Padukshmit din\u00eb m\u00eb shum\u00eb se ne rreth jet\u00ebs n\u00eb univers dhe rreth niveleve t\u00eb p\u00ebrparimit dhe arritjes q\u00eb jan\u00eb n\u00eb dispozicion dhe t\u00eb praktikuara n\u00eb shum\u00eb vende. Por na kan\u00eb k\u00ebrkuar t\u00eb flasim n\u00eb lidhje me reaalitin e jet\u00ebs fizike sepse jemi plot\u00ebsisht t\u00eb angazhuar aty. Dhe kemi m\u00ebsuar p\u00ebrmes provave dhe gabimeve tona r\u00ebnd\u00ebsin\u00eb dhe kuptimin e asaj q\u00eb po ju japim.<\/span><\/p><p>Prandaj, ne vim\u00eb si Aleat\u00ebt e Njer\u00ebzimit, sepse ashtu jemi. Jini mir\u00ebnjoh\u00ebs q\u00eb keni aleat\u00eb q\u00eb mund t\u2019ju ndihmojn\u00eb dhe q\u00eb mund t\u2019ju edukojn\u00eb dhe q\u00eb mund t\u00eb mb\u00ebshtesin fuqin\u00eb tuaj, lirin\u00eb tuaj dhe arritjet tuaja. Sepse pa k\u00ebt\u00eb ndihm\u00eb, perspektiva e mbijetes\u00ebs suaj t\u00eb infiltimit jasht\u00ebtok\u00ebsor q\u00eb po p\u00ebrjetoni tani do t\u00eb ishte shum\u00eb e kufizuar. Po, do t\u00eb kishte disa individ\u00eb q\u00eb do t\u00eb arrinin ta kuptonin situat\u00ebn ashtu si\u00e7 n\u00eb t\u00eb v\u00ebrtet\u00eb \u00ebsht\u00eb, por numri i tyre nuk do t\u00eb ishte mjaft i madh, dhe z\u00ebrat e tyrat do t\u00eb ngeleshin t\u00eb pad\u00ebgjuar.<\/p><p>N\u00eb k\u00ebt\u00eb, ne mund t\u00eb k\u00ebrkojm\u00eb vet\u00ebm p\u00ebr besimin tuaj. Ne shpresojm\u00eb q\u00eb p\u00ebrmes urt\u00ebsis\u00eb s\u00eb fjal\u00ebve tona dhe p\u00ebrmes oportunitet\u00ebve do t\u00eb m\u00ebsoni kuptimin dhe r\u00ebnd\u00ebsin\u00eb e tyre, q\u00eb mund ta fitojm\u00eb k\u00ebt\u00eb besim me kalimin e koh\u00ebs, sepse keni aleat\u00eb n\u00eb Komunitetin e Madh. Keni miq\u00eb t\u00eb m\u00ebdhenj matan\u00eb k\u00ebsaj bote q\u00eb i kan\u00eb vuajtur sfidat q\u00eb po p\u00ebrballoni tani dhe q\u00eb kan\u00eb arritur sukses. Meq\u00eb mor\u00ebm ndihm\u00eb, tani duhet t\u00eb ndihmojm\u00eb t\u00eb tjer\u00eb. Kjo \u00ebsht\u00eb bes\u00eblidhja jon\u00eb e shenjt\u00eb. \u00cbsht\u00eb ndaj k\u00ebsaj q\u00eb jemi plot\u00ebsisht t\u00eb angazhuar.<\/p>\t\t\t\t\t\t\t\t<\/div>\t\t\t\t<\/div>\t\t\t\t\t<\/div>\t\t<\/div>\t\t\t\t\t<\/div>\t\t<\/section>\t\t\t\t<\/div><p>\t\t<\/p>","protected":false},"excerpt":{"rendered":"<p>Fjal\u00ebt e fundit Njer\u00ebzimi ndodhet n\u00eb nj\u00eb fillim t\u00eb ri. \u00cbsht\u00eb i p\u00ebrballuar me nj\u00eb situat\u00eb t\u00eb r\u00ebnd\u00eb. Nevoja p\u00ebr nj\u00eb edukim dhe mir\u00ebkuptim t\u00eb ri \u00ebsht\u00eb kryesore. Ne jemi k\u00ebtu p\u00ebr t\u00eb sh\u00ebrbyer k\u00ebt\u00eb nevoj\u00eb sipas k\u00ebrkes\u00ebs s\u00eb t\u00eb Padukshm\u00ebve. Ata mb\u00ebshteten tek ne p\u00ebr t\u00eb dh\u00ebn\u00eb urt\u00ebsin\u00eb ton\u00eb, sepse ne jetojm\u00eb n\u00eb universin [&hellip;]<\/p>\n","protected":false},"author":2,"featured_media":0,"parent":13038,"menu_order":7,"comment_status":"closed","ping_status":"closed","template":"page.php","meta":{"_acf_changed":false,"footnotes":""},"class_list":["post-12866","page","type-page","status-publish","hentry"],"acf":[],"yoast_head":"<!-- This site is optimized with the Yoast SEO plugin v26.5 - https:\/\/yoast.com\/wordpress\/plugins\/seo\/ -->\n<title>Brifingjet e Aleat\u00ebve t\u00eb Njer\u00ebzimit, Libri i par\u00eb: Fjal\u00ebt e fundit<\/title>\n<meta name=\"description\" content=\"Njer\u00ebzimi \u00ebsht\u00eb n\u00eb nj\u00eb fillim t\u00eb ri. Po p\u00ebrballon nj\u00eb situat\u00eb t\u00eb r\u00ebnd\u00eb. Kontakti jasht\u00ebtok\u00ebsor \u00ebsht\u00eb n\u00eb rrug\u00eb e sip\u00ebr. Nevojat, sfidat dhe oportunitetet jan\u00eb t\u00eb m\u00ebdha.\" \/>\n<meta name=\"robots\" content=\"index, follow, max-snippet:-1, max-image-preview:large, max-video-preview:-1\" \/>\n<link rel=\"canonical\" href=\"https:\/\/www.alliesofhumanity.org\/sq\/the-briefings\/book-one\/final-words\/\" \/>\n<meta property=\"og:locale\" content=\"sq_AL\" \/>\n<meta property=\"og:type\" content=\"article\" \/>\n<meta property=\"og:title\" content=\"Brifingjet e Aleat\u00ebve t\u00eb Njer\u00ebzimit, Libri i par\u00eb: Fjal\u00ebt e fundit\" \/>\n<meta property=\"og:description\" content=\"Njer\u00ebzimi \u00ebsht\u00eb n\u00eb nj\u00eb fillim t\u00eb ri. Po p\u00ebrballon nj\u00eb situat\u00eb t\u00eb r\u00ebnd\u00eb. Kontakti jasht\u00ebtok\u00ebsor \u00ebsht\u00eb n\u00eb rrug\u00eb e sip\u00ebr. Nevojat, sfidat dhe oportunitetet jan\u00eb t\u00eb m\u00ebdha.\" \/>\n<meta property=\"og:url\" content=\"https:\/\/www.alliesofhumanity.org\/sq\/the-briefings\/book-one\/final-words\/\" \/>\n<meta property=\"og:site_name\" content=\"The Allies of Humanity\" \/>\n<meta property=\"article:publisher\" content=\"https:\/\/www.facebook.com\/alliesofhumanity\/\" \/>\n<meta property=\"article:modified_time\" content=\"2021-05-16T16:18:04+00:00\" \/>\n<meta property=\"og:image\" content=\"https:\/\/www.alliesofhumanity.org\/wp-content\/uploads\/2021\/01\/og-socialmedia-aoh.jpg\" \/>\n\t<meta property=\"og:image:width\" content=\"1200\" \/>\n\t<meta property=\"og:image:height\" content=\"630\" \/>\n\t<meta property=\"og:image:type\" content=\"image\/jpeg\" \/>\n<meta name=\"twitter:card\" content=\"summary_large_image\" \/>\n<meta name=\"twitter:title\" content=\"Brifingjet e Aleat\u00ebve t\u00eb Njer\u00ebzimit, Libri i par\u00eb: Fjal\u00ebt e fundit\" \/>\n<meta name=\"twitter:site\" content=\"@earthallies\" \/>\n<meta name=\"twitter:label1\" content=\"Est. reading time\" \/>\n\t<meta name=\"twitter:data1\" content=\"2 minutes\" \/>\n<script type=\"application\/ld+json\" class=\"yoast-schema-graph\">{\"@context\":\"https:\/\/schema.org\",\"@graph\":[{\"@type\":\"WebPage\",\"@id\":\"https:\/\/www.alliesofhumanity.org\/sq\/the-briefings\/book-one\/final-words\/\",\"url\":\"https:\/\/www.alliesofhumanity.org\/sq\/the-briefings\/book-one\/final-words\/\",\"name\":\"Brifingjet e Aleat\u00ebve t\u00eb Njer\u00ebzimit, Libri i par\u00eb: Fjal\u00ebt e fundit\",\"isPartOf\":{\"@id\":\"https:\/\/www.alliesofhumanity.org\/sq\/#website\"},\"datePublished\":\"2021-02-18T22:58:34+00:00\",\"dateModified\":\"2021-05-16T16:18:04+00:00\",\"description\":\"Njer\u00ebzimi \u00ebsht\u00eb n\u00eb nj\u00eb fillim t\u00eb ri. Po p\u00ebrballon nj\u00eb situat\u00eb t\u00eb r\u00ebnd\u00eb. Kontakti jasht\u00ebtok\u00ebsor \u00ebsht\u00eb n\u00eb rrug\u00eb e sip\u00ebr. Nevojat, sfidat dhe oportunitetet jan\u00eb t\u00eb m\u00ebdha.\",\"breadcrumb\":{\"@id\":\"https:\/\/www.alliesofhumanity.org\/sq\/the-briefings\/book-one\/final-words\/#breadcrumb\"},\"inLanguage\":\"sq-AL\",\"potentialAction\":[{\"@type\":\"ReadAction\",\"target\":[\"https:\/\/www.alliesofhumanity.org\/sq\/the-briefings\/book-one\/final-words\/\"]}]},{\"@type\":\"BreadcrumbList\",\"@id\":\"https:\/\/www.alliesofhumanity.org\/sq\/the-briefings\/book-one\/final-words\/#breadcrumb\",\"itemListElement\":[{\"@type\":\"ListItem\",\"position\":1,\"name\":\"Brifingjet\",\"item\":\"https:\/\/www.alliesofhumanity.org\/sq\/the-briefings\/\"},{\"@type\":\"ListItem\",\"position\":2,\"name\":\"Libri i par\u00eb\",\"item\":\"https:\/\/www.alliesofhumanity.org\/sq\/the-briefings\/book-one\/\"},{\"@type\":\"ListItem\",\"position\":3,\"name\":\"Fjal\u00ebt e fundit\"}]},{\"@type\":\"WebSite\",\"@id\":\"https:\/\/www.alliesofhumanity.org\/sq\/#website\",\"url\":\"https:\/\/www.alliesofhumanity.org\/sq\/\",\"name\":\"The Allies of Humanity\",\"description\":\"\",\"potentialAction\":[{\"@type\":\"SearchAction\",\"target\":{\"@type\":\"EntryPoint\",\"urlTemplate\":\"https:\/\/www.alliesofhumanity.org\/sq\/?s={search_term_string}\"},\"query-input\":{\"@type\":\"PropertyValueSpecification\",\"valueRequired\":true,\"valueName\":\"search_term_string\"}}],\"inLanguage\":\"sq-AL\"}]}<\/script>\n<!-- \/ Yoast SEO plugin. -->","yoast_head_json":{"title":"Brifingjet e Aleat\u00ebve t\u00eb Njer\u00ebzimit, Libri i par\u00eb: Fjal\u00ebt e fundit","description":"Njer\u00ebzimi \u00ebsht\u00eb n\u00eb nj\u00eb fillim t\u00eb ri. Po p\u00ebrballon nj\u00eb situat\u00eb t\u00eb r\u00ebnd\u00eb. Kontakti jasht\u00ebtok\u00ebsor \u00ebsht\u00eb n\u00eb rrug\u00eb e sip\u00ebr. Nevojat, sfidat dhe oportunitetet jan\u00eb t\u00eb m\u00ebdha.","robots":{"index":"index","follow":"follow","max-snippet":"max-snippet:-1","max-image-preview":"max-image-preview:large","max-video-preview":"max-video-preview:-1"},"canonical":"https:\/\/www.alliesofhumanity.org\/sq\/the-briefings\/book-one\/final-words\/","og_locale":"sq_AL","og_type":"article","og_title":"Brifingjet e Aleat\u00ebve t\u00eb Njer\u00ebzimit, Libri i par\u00eb: Fjal\u00ebt e fundit","og_description":"Njer\u00ebzimi \u00ebsht\u00eb n\u00eb nj\u00eb fillim t\u00eb ri. Po p\u00ebrballon nj\u00eb situat\u00eb t\u00eb r\u00ebnd\u00eb. Kontakti jasht\u00ebtok\u00ebsor \u00ebsht\u00eb n\u00eb rrug\u00eb e sip\u00ebr. Nevojat, sfidat dhe oportunitetet jan\u00eb t\u00eb m\u00ebdha.","og_url":"https:\/\/www.alliesofhumanity.org\/sq\/the-briefings\/book-one\/final-words\/","og_site_name":"The Allies of Humanity","article_publisher":"https:\/\/www.facebook.com\/alliesofhumanity\/","article_modified_time":"2021-05-16T16:18:04+00:00","og_image":[{"width":1200,"height":630,"url":"https:\/\/www.alliesofhumanity.org\/wp-content\/uploads\/2021\/01\/og-socialmedia-aoh.jpg","type":"image\/jpeg"}],"twitter_card":"summary_large_image","twitter_title":"Brifingjet e Aleat\u00ebve t\u00eb Njer\u00ebzimit, Libri i par\u00eb: Fjal\u00ebt e fundit","twitter_site":"@earthallies","twitter_misc":{"Est. reading time":"2 minutes"},"schema":{"@context":"https:\/\/schema.org","@graph":[{"@type":"WebPage","@id":"https:\/\/www.alliesofhumanity.org\/sq\/the-briefings\/book-one\/final-words\/","url":"https:\/\/www.alliesofhumanity.org\/sq\/the-briefings\/book-one\/final-words\/","name":"Brifingjet e Aleat\u00ebve t\u00eb Njer\u00ebzimit, Libri i par\u00eb: Fjal\u00ebt e fundit","isPartOf":{"@id":"https:\/\/www.alliesofhumanity.org\/sq\/#website"},"datePublished":"2021-02-18T22:58:34+00:00","dateModified":"2021-05-16T16:18:04+00:00","description":"Njer\u00ebzimi \u00ebsht\u00eb n\u00eb nj\u00eb fillim t\u00eb ri. Po p\u00ebrballon nj\u00eb situat\u00eb t\u00eb r\u00ebnd\u00eb. Kontakti jasht\u00ebtok\u00ebsor \u00ebsht\u00eb n\u00eb rrug\u00eb e sip\u00ebr. Nevojat, sfidat dhe oportunitetet jan\u00eb t\u00eb m\u00ebdha.","breadcrumb":{"@id":"https:\/\/www.alliesofhumanity.org\/sq\/the-briefings\/book-one\/final-words\/#breadcrumb"},"inLanguage":"sq-AL","potentialAction":[{"@type":"ReadAction","target":["https:\/\/www.alliesofhumanity.org\/sq\/the-briefings\/book-one\/final-words\/"]}]},{"@type":"BreadcrumbList","@id":"https:\/\/www.alliesofhumanity.org\/sq\/the-briefings\/book-one\/final-words\/#breadcrumb","itemListElement":[{"@type":"ListItem","position":1,"name":"Brifingjet","item":"https:\/\/www.alliesofhumanity.org\/sq\/the-briefings\/"},{"@type":"ListItem","position":2,"name":"Libri i par\u00eb","item":"https:\/\/www.alliesofhumanity.org\/sq\/the-briefings\/book-one\/"},{"@type":"ListItem","position":3,"name":"Fjal\u00ebt e fundit"}]},{"@type":"WebSite","@id":"https:\/\/www.alliesofhumanity.org\/sq\/#website","url":"https:\/\/www.alliesofhumanity.org\/sq\/","name":"The Allies of Humanity","description":"","potentialAction":[{"@type":"SearchAction","target":{"@type":"EntryPoint","urlTemplate":"https:\/\/www.alliesofhumanity.org\/sq\/?s={search_term_string}"},"query-input":{"@type":"PropertyValueSpecification","valueRequired":true,"valueName":"search_term_string"}}],"inLanguage":"sq-AL"}]}},"_links":{"self":[{"href":"https:\/\/www.alliesofhumanity.org\/sq\/wp-json\/wp\/v2\/pages\/12866","targetHints":{"allow":["GET"]}}],"collection":[{"href":"https:\/\/www.alliesofhumanity.org\/sq\/wp-json\/wp\/v2\/pages"}],"about":[{"href":"https:\/\/www.alliesofhumanity.org\/sq\/wp-json\/wp\/v2\/types\/page"}],"author":[{"embeddable":true,"href":"https:\/\/www.alliesofhumanity.org\/sq\/wp-json\/wp\/v2\/users\/2"}],"replies":[{"embeddable":true,"href":"https:\/\/www.alliesofhumanity.org\/sq\/wp-json\/wp\/v2\/comments?post=12866"}],"version-history":[{"count":1,"href":"https:\/\/www.alliesofhumanity.org\/sq\/wp-json\/wp\/v2\/pages\/12866\/revisions"}],"predecessor-version":[{"id":12867,"href":"https:\/\/www.alliesofhumanity.org\/sq\/wp-json\/wp\/v2\/pages\/12866\/revisions\/12867"}],"up":[{"embeddable":true,"href":"https:\/\/www.alliesofhumanity.org\/sq\/wp-json\/wp\/v2\/pages\/13038"}],"wp:attachment":[{"href":"https:\/\/www.alliesofhumanity.org\/sq\/wp-json\/wp\/v2\/media?parent=12866"}],"curies":[{"name":"wp","href":"https:\/\/api.w.org\/{rel}","templated":true}]}}