{"id":23156,"date":"2024-07-19T22:48:36","date_gmt":"2024-07-19T21:48:36","guid":{"rendered":"https:\/\/www.alliesofhumanity.org\/marshall-vian-summers\/"},"modified":"2024-07-20T22:40:05","modified_gmt":"2024-07-20T21:40:05","slug":"marshall-vian-summers","status":"publish","type":"page","link":"https:\/\/www.alliesofhumanity.org\/sl\/marshall-vian-summers\/","title":{"rendered":"Marshall Vian Summers"},"content":{"rendered":"\t\t<div data-elementor-type=\"wp-page\" data-elementor-id=\"23156\" class=\"elementor elementor-23156 elementor-2912\" data-elementor-post-type=\"page\">\t\t\t\t\t\t<section class=\"elementor-section elementor-top-section elementor-element elementor-element-7fac8697 elementor-section-boxed elementor-section-height-default elementor-section-height-default\" data-id=\"7fac8697\" data-element_type=\"section\">\t\t\t\t\t\t<div class=\"elementor-container elementor-column-gap-default\">\t\t\t\t\t<div class=\"elementor-column elementor-col-100 elementor-top-column elementor-element elementor-element-1195357f\" data-id=\"1195357f\" data-element_type=\"column\">\t\t\t<div class=\"elementor-widget-wrap elementor-element-populated\">\t\t\t\t\t\t<div class=\"elementor-element elementor-element-ba0d783 elementor-widget elementor-widget-text-editor\" data-id=\"ba0d783\" data-element_type=\"widget\" data-widget_type=\"text-editor.default\">\t\t\t\t<div class=\"elementor-widget-container\">\t\t\t\t\t\t\t\t\t<h5>Zadnjih 35 let sem bil potopljen v versko izku\u0161njo. To je povzro\u010dilo, da sem prejel obse\u017eno \u0161tevilo spisov o naravi \u010dlove\u0161ke duhovnosti in usodi \u010dlove\u0161tva v \u0161ir\u0161i panorami inteligentnega \u017eivljenja v vesolju.<\/h5>\r<p>Ti spisi, zajeti v U\u010denju v <a title=\"Go to newmessage.org\" href=\"https:\/\/newmessage.org\/\" target=\"_blank\" rel=\"noopener noreferrer\">Novem Sporo\u010dilu<\/a>, vsebujejo teolo\u0161ki okvir, ki pojasnjuje \u017eivljenje in Bo\u017ejo navzo\u010dnost v &#8220;veliki skupnosti&#8221;, velikem prostoru in \u010dasu, ki ga poznamo kot na\u0161e vesolje.<br><\/p>\r<p>Kozmologija, ki jo prejemam, vsebuje \u0161tevilna sporo\u010dila, med katerimi je tudi to, da se \u010dlove\u0161tvo pojavlja v Ve\u010dji skupnosti inteligentnega \u017eivljenja in da se moramo na to pripraviti. To sporo\u010dilo vklju\u010duje razumevanje, da \u010dlove\u0161tvo ni samo v vesolju ali celo samo v na\u0161em svetu. In da bo imelo \u010dlove\u0161tvo v tej veliki skupnosti prijatelje, tekmece in nasprotnike.<\/p>\r<p>To \u0161ir\u0161o resni\u010dnost je dramati\u010dno potrdil nenaden in nepri\u010dakovan prenos prvega sklopa poro\u010dil zaveznikov \u010dlove\u0161tva leta 1997. Tri leta prej, leta 1994, sem v svoji knjigi <a title=\"Go to newmessage.org\" href=\"https:\/\/www.newmessage.org\/the-message\/volume-2\/greater-community-spirituality\" target=\"_blank\" rel=\"noopener noreferrer\">Duhovnost ve\u010dje skupnosti &#8211; novo razodetje<\/a> prejel teolo\u0161ki okvir za razumevanje Briefingov zaveznikov.<\/p>\r<p>Takrat mi je zaradi mojega duhovnega dela in pisanja postalo jasno, da ima \u010dlove\u0161tvo v vesolju zaveznike, ki skrbijo za blaginjo in prihodnjo svobodo na\u0161e rase. V rasto\u010di kozmologiji, ki se mi je razkrivala, je bilo razumevanje, da so v zgodovini inteligentnega \u017eivljenja v vesolju eti\u010dno napredne rase imele dol\u017enost, da zapi\u0161ejo svojo modrost mladim nastajajo\u010dim rasam, kot je na\u0161a, in da se mora ta zapu\u0161\u010dina zgoditi brez neposrednega vme\u0161avanja ali poseganja v zadeve te mlade rase. Namen tega je obve\u0161\u010danje in ne vme\u0161avanje.<\/p>\r<p>To &#8220;prena\u0161anje modrosti&#8221; predstavlja \u017ee dolgo obstoje\u010di eti\u010dni okvir glede stikov z nastajajo\u010dimi rasami in na\u010dina njihovega izvajanja. Dva sklopa informativnih poro\u010dil o zaveznikih \u010dlove\u0161tva sta jasen prikaz tega modela nevme\u0161avanja in eti\u010dnega stika. Ta model bi moral biti vodilo in standard, za katerega bi morali pri\u010dakovati, da se ga bodo dr\u017eale druge rase, ko bodo posku\u0161ale vzpostaviti stik z nami ali obiskati na\u0161 svet. Vendar je ta prikaz eti\u010dnega stika v popolnem nasprotju z vme\u0161avanjem, ki se dogaja v dana\u0161njem svetu.<\/p>\r<p class=\"float-left\"><img decoding=\"async\" src=\"https:\/\/www.alliesofhumanity.org\/wp-content\/uploads\/2020\/06\/mvs-greater-power-decisive-action.jpg\" alt=\"\" \/><\/p><p>Prehajamo v izjemno ranljiv polo\u017eaj. Zaradi vsakodnevnega nara\u0161\u010danja nevarnosti iz\u010drpavanja virov, degradacije okolja in nadaljnje razdru\u017eitve \u010dlove\u0161ke dru\u017eine smo zreli za intervencijo. \u017divimo v navidezni izolaciji v bogatem in dragocenem svetu, ki ga i\u0161\u010dejo drugi zunaj na\u0161e obale. Smo raztreseni in razdeljeni ter ne vidimo velike nevarnosti, ki nam preti na na\u0161ih mejah. To je pojav, ki se v zgodovini vedno znova ponavlja v zvezi z usodo izoliranih domorodnih ljudstev, ki so se prvi\u010d soo\u010dila z intervencijo. Na\u0161e predpostavke o mo\u010di in dobrodelnosti inteligentnega \u017eivljenja v vesolju so nerealne. In \u0161ele zdaj se za\u010denjamo zavedati razmer, ki smo si jih ustvarili v svojem svetu.<\/p>\r<p>Nepopularna resnica je, da \u010dlove\u0161ka dru\u017eina ni pripravljena na neposredno izku\u0161njo Stika in vsekakor ni pripravljena na posredovanje. Najprej moramo urediti svojo lastno hi\u0161o. Nismo \u0161e dovolj zreli, da bi lahko sodelovali z drugimi rasami v Veliki skupnosti s stali\u0161\u010da enotnosti, mo\u010di in razlo\u010devanja. Dokler ne bomo dosegli tak\u0161nega polo\u017eaja, \u010de ga bomo sploh kdaj dosegli, nobena rasa ne bi smela neposredno posegati v na\u0161 svet. Zavezniki nam zagotavljajo prepotrebno modrost in perspektivo, vendar ne posredujejo. Pravijo nam, da je na\u0161a usoda v na\u0161ih rokah in bi morala biti v na\u0161ih rokah. Tak\u0161no je breme svobode v vesolju.<\/p>\r<p>Ne glede na to, da nismo pripravljeni, se intervencija dogaja. \u010clove\u0161tvo se mora zdaj pripraviti na to najbolj pomembno dejanje v zgodovini \u010dlove\u0161tva. Nismo le naklju\u010dne pri\u010de tega pojava, temve\u010d smo v samem sredi\u0161\u010du tega dogajanja. Dogaja se, ne glede na to, ali se tega zavedamo ali ne. Ima mo\u010d, da spremeni izid \u010dlove\u0161tva. In ima vse, kar je povezano s tem, kdo smo in zakaj smo v tem \u010dasu na svetu.<\/p>\r<p><a title=\"Go to newmessage.org\" href=\"http:\/\/www.newmessage.org\/\" target=\"_blank\" rel=\"noopener noreferrer\">Novo sporo\u010dilo<\/a>&nbsp;je bilo dano, da bi nam zagotovilo u\u010denje in pripravo, ki ju zdaj potrebujemo, da se soo\u010dimo s tem velikim pragom, obnovimo \u010dlove\u0161kega duha in dolo\u010dimo novo smer za \u010dlove\u0161ko dru\u017eino. Govori o nujni potrebi po \u010dlove\u0161ki enotnosti in sodelovanju, o prvenstvu Znanja, na\u0161e duhovne inteligence in ve\u010djih odgovornostih, ki jih moramo zdaj prevzeti na pragu vesolja. Predstavlja novo sporo\u010dilo Stvarnika vsega \u017eivljenja.<\/p>\r<p class=\"image-quote float-right\"><img decoding=\"async\" src=\"https:\/\/www.alliesofhumanity.org\/wp-content\/uploads\/2020\/12\/quote-mvs.png\" alt=\"\" \/><\/p><blockquote id=\"quote-3\" class=\"text-quote float-right bg-gray\">Prehajamo v izjemno ranljiv polo\u017eaj. Zaradi vsakodnevnega nara\u0161\u010danja nevarnosti iz\u010drpavanja virov, degradacije okolja in nadaljnje razdru\u017eitve \u010dlove\u0161ke dru\u017eine smo zreli za intervencijo.<\/blockquote><p>Moje poslanstvo je, da to ve\u010djo kozmologijo in pripravo prinesem v svet in z njo novo upanje in obljubo za \u010dlove\u0161tvo, ki se bori. V ta namen so tu moje dolge priprave in ogromno u\u010denje v Novem sporo\u010dilu. Kratka sporo\u010dila zaveznikov \u010dlove\u0161tva so le majhen del tega ve\u010djega sporo\u010dila. Zdaj je \u010das, da kon\u010damo na\u0161e nenehne konflikte in se pripravimo na \u017eivljenje v Veliki skupnosti. Za to potrebujemo novo razumevanje sebe kot enega ljudstva, izvornega ljudstva tega sveta, rojenega iz ene duhovnosti, in svojega ranljivega polo\u017eaja mlade, nastajajo\u010de rase v vesolju. To je moje sporo\u010dilo \u010dlove\u0161tvu in zato sem pri\u0161el.<\/p>\r<p>&nbsp;<\/p>\r<p align=\"center\"><b> Marshall Vian Summers<\/b><\/p>\r<p align=\"center\"><a title=\"Go to marshallsummers.com\" href=\"https:\/\/www.marshallsummers.com\/\" target=\"_blank\" rel=\"noopener noreferrer\">marshallsummers.com<\/a><\/p>\t\t\t\t\t\t\t\t<\/div>\t\t\t\t<\/div>\t\t\t\t\t<\/div>\t\t<\/div>\t\t\t\t\t<\/div>\t\t<\/section>\t\t\t\t<\/div><p>\t\t<\/p>","protected":false},"excerpt":{"rendered":"<p>Zadnjih 35 let sem bil potopljen v versko izku\u0161njo. To je povzro\u010dilo, da sem prejel obse\u017eno \u0161tevilo spisov o naravi \u010dlove\u0161ke duhovnosti in usodi \u010dlove\u0161tva v \u0161ir\u0161i panorami inteligentnega \u017eivljenja v vesolju. Ti spisi, zajeti v U\u010denju v Novem Sporo\u010dilu, vsebujejo teolo\u0161ki okvir, ki pojasnjuje \u017eivljenje in Bo\u017ejo navzo\u010dnost v &#8220;veliki skupnosti&#8221;, velikem prostoru in [&hellip;]<\/p>\n","protected":false},"author":23,"featured_media":0,"parent":0,"menu_order":4,"comment_status":"closed","ping_status":"closed","template":"page.php","meta":{"_acf_changed":false,"footnotes":""},"class_list":["post-23156","page","type-page","status-publish","hentry"],"acf":[],"yoast_head":"<!-- This site is optimized with the Yoast SEO plugin v26.5 - https:\/\/yoast.com\/wordpress\/plugins\/seo\/ -->\n<title>Marshall Vian Summers | Poro\u010dila zaveznikov \u010dlove\u0161tva<\/title>\n<meta name=\"description\" content=\"Marshall Vian Summers je prejel obse\u017eno delo o resni\u010dnosti stikov z nezemljani, duhovnosti in \u010dlove\u0161ki usodi.\" \/>\n<meta name=\"robots\" content=\"index, follow, max-snippet:-1, max-image-preview:large, max-video-preview:-1\" \/>\n<link rel=\"canonical\" href=\"https:\/\/www.alliesofhumanity.org\/sl\/marshall-vian-summers\/\" \/>\n<meta property=\"og:locale\" content=\"sl_SI\" \/>\n<meta property=\"og:type\" content=\"article\" \/>\n<meta property=\"og:title\" content=\"Marshall Vian Summers | Poro\u010dila zaveznikov \u010dlove\u0161tva\" \/>\n<meta property=\"og:description\" content=\"Marshall Vian Summers je prejel obse\u017eno delo o resni\u010dnosti stikov z nezemljani, duhovnosti in \u010dlove\u0161ki usodi.\" \/>\n<meta property=\"og:url\" content=\"https:\/\/www.alliesofhumanity.org\/sl\/marshall-vian-summers\/\" \/>\n<meta property=\"og:site_name\" content=\"The Allies of Humanity\" \/>\n<meta property=\"article:publisher\" content=\"https:\/\/www.facebook.com\/alliesofhumanity\/\" \/>\n<meta property=\"article:modified_time\" content=\"2024-07-20T21:40:05+00:00\" \/>\n<meta property=\"og:image\" content=\"https:\/\/www.alliesofhumanity.org\/wp-content\/uploads\/2021\/01\/og-socialmedia-aoh.jpg\" \/>\n\t<meta property=\"og:image:width\" content=\"1200\" \/>\n\t<meta property=\"og:image:height\" content=\"630\" \/>\n\t<meta property=\"og:image:type\" content=\"image\/jpeg\" \/>\n<meta name=\"twitter:card\" content=\"summary_large_image\" \/>\n<meta name=\"twitter:title\" content=\"Marshall Vian Summers | Poro\u010dila zaveznikov \u010dlove\u0161tva\" \/>\n<meta name=\"twitter:site\" content=\"@earthallies\" \/>\n<meta name=\"twitter:label1\" content=\"Est. reading time\" \/>\n\t<meta name=\"twitter:data1\" content=\"4 minute\" \/>\n<script type=\"application\/ld+json\" class=\"yoast-schema-graph\">{\"@context\":\"https:\/\/schema.org\",\"@graph\":[{\"@type\":\"WebPage\",\"@id\":\"https:\/\/www.alliesofhumanity.org\/sl\/marshall-vian-summers\/\",\"url\":\"https:\/\/www.alliesofhumanity.org\/sl\/marshall-vian-summers\/\",\"name\":\"Marshall Vian Summers | Poro\u010dila zaveznikov \u010dlove\u0161tva\",\"isPartOf\":{\"@id\":\"https:\/\/www.alliesofhumanity.org\/sl\/#website\"},\"datePublished\":\"2024-07-19T21:48:36+00:00\",\"dateModified\":\"2024-07-20T21:40:05+00:00\",\"description\":\"Marshall Vian Summers je prejel obse\u017eno delo o resni\u010dnosti stikov z nezemljani, duhovnosti in \u010dlove\u0161ki usodi.\",\"inLanguage\":\"sl-SI\",\"potentialAction\":[{\"@type\":\"ReadAction\",\"target\":[\"https:\/\/www.alliesofhumanity.org\/sl\/marshall-vian-summers\/\"]}]},{\"@type\":\"WebSite\",\"@id\":\"https:\/\/www.alliesofhumanity.org\/sl\/#website\",\"url\":\"https:\/\/www.alliesofhumanity.org\/sl\/\",\"name\":\"The Allies of Humanity\",\"description\":\"\",\"potentialAction\":[{\"@type\":\"SearchAction\",\"target\":{\"@type\":\"EntryPoint\",\"urlTemplate\":\"https:\/\/www.alliesofhumanity.org\/sl\/?s={search_term_string}\"},\"query-input\":{\"@type\":\"PropertyValueSpecification\",\"valueRequired\":true,\"valueName\":\"search_term_string\"}}],\"inLanguage\":\"sl-SI\"}]}<\/script>\n<!-- \/ Yoast SEO plugin. -->","yoast_head_json":{"title":"Marshall Vian Summers | Poro\u010dila zaveznikov \u010dlove\u0161tva","description":"Marshall Vian Summers je prejel obse\u017eno delo o resni\u010dnosti stikov z nezemljani, duhovnosti in \u010dlove\u0161ki usodi.","robots":{"index":"index","follow":"follow","max-snippet":"max-snippet:-1","max-image-preview":"max-image-preview:large","max-video-preview":"max-video-preview:-1"},"canonical":"https:\/\/www.alliesofhumanity.org\/sl\/marshall-vian-summers\/","og_locale":"sl_SI","og_type":"article","og_title":"Marshall Vian Summers | Poro\u010dila zaveznikov \u010dlove\u0161tva","og_description":"Marshall Vian Summers je prejel obse\u017eno delo o resni\u010dnosti stikov z nezemljani, duhovnosti in \u010dlove\u0161ki usodi.","og_url":"https:\/\/www.alliesofhumanity.org\/sl\/marshall-vian-summers\/","og_site_name":"The Allies of Humanity","article_publisher":"https:\/\/www.facebook.com\/alliesofhumanity\/","article_modified_time":"2024-07-20T21:40:05+00:00","og_image":[{"width":1200,"height":630,"url":"https:\/\/www.alliesofhumanity.org\/wp-content\/uploads\/2021\/01\/og-socialmedia-aoh.jpg","type":"image\/jpeg"}],"twitter_card":"summary_large_image","twitter_title":"Marshall Vian Summers | Poro\u010dila zaveznikov \u010dlove\u0161tva","twitter_site":"@earthallies","twitter_misc":{"Est. reading time":"4 minute"},"schema":{"@context":"https:\/\/schema.org","@graph":[{"@type":"WebPage","@id":"https:\/\/www.alliesofhumanity.org\/sl\/marshall-vian-summers\/","url":"https:\/\/www.alliesofhumanity.org\/sl\/marshall-vian-summers\/","name":"Marshall Vian Summers | Poro\u010dila zaveznikov \u010dlove\u0161tva","isPartOf":{"@id":"https:\/\/www.alliesofhumanity.org\/sl\/#website"},"datePublished":"2024-07-19T21:48:36+00:00","dateModified":"2024-07-20T21:40:05+00:00","description":"Marshall Vian Summers je prejel obse\u017eno delo o resni\u010dnosti stikov z nezemljani, duhovnosti in \u010dlove\u0161ki usodi.","inLanguage":"sl-SI","potentialAction":[{"@type":"ReadAction","target":["https:\/\/www.alliesofhumanity.org\/sl\/marshall-vian-summers\/"]}]},{"@type":"WebSite","@id":"https:\/\/www.alliesofhumanity.org\/sl\/#website","url":"https:\/\/www.alliesofhumanity.org\/sl\/","name":"The Allies of Humanity","description":"","potentialAction":[{"@type":"SearchAction","target":{"@type":"EntryPoint","urlTemplate":"https:\/\/www.alliesofhumanity.org\/sl\/?s={search_term_string}"},"query-input":{"@type":"PropertyValueSpecification","valueRequired":true,"valueName":"search_term_string"}}],"inLanguage":"sl-SI"}]}},"_links":{"self":[{"href":"https:\/\/www.alliesofhumanity.org\/sl\/wp-json\/wp\/v2\/pages\/23156","targetHints":{"allow":["GET"]}}],"collection":[{"href":"https:\/\/www.alliesofhumanity.org\/sl\/wp-json\/wp\/v2\/pages"}],"about":[{"href":"https:\/\/www.alliesofhumanity.org\/sl\/wp-json\/wp\/v2\/types\/page"}],"author":[{"embeddable":true,"href":"https:\/\/www.alliesofhumanity.org\/sl\/wp-json\/wp\/v2\/users\/23"}],"replies":[{"embeddable":true,"href":"https:\/\/www.alliesofhumanity.org\/sl\/wp-json\/wp\/v2\/comments?post=23156"}],"version-history":[{"count":3,"href":"https:\/\/www.alliesofhumanity.org\/sl\/wp-json\/wp\/v2\/pages\/23156\/revisions"}],"predecessor-version":[{"id":23228,"href":"https:\/\/www.alliesofhumanity.org\/sl\/wp-json\/wp\/v2\/pages\/23156\/revisions\/23228"}],"wp:attachment":[{"href":"https:\/\/www.alliesofhumanity.org\/sl\/wp-json\/wp\/v2\/media?parent=23156"}],"curies":[{"name":"wp","href":"https:\/\/api.w.org\/{rel}","templated":true}]}}