{"id":23149,"date":"2024-07-19T22:31:05","date_gmt":"2024-07-19T21:31:05","guid":{"rendered":"https:\/\/www.alliesofhumanity.org\/the-briefings\/12-point-summary-of-the-allies-of-humanity-briefings\/"},"modified":"2024-07-19T22:31:06","modified_gmt":"2024-07-19T21:31:06","slug":"12-point-summary-of-the-allies-of-humanity-briefings","status":"publish","type":"page","link":"https:\/\/www.alliesofhumanity.org\/sl\/the-briefings\/12-point-summary-of-the-allies-of-humanity-briefings\/","title":{"rendered":"Povzetek v 12 to\u010dkah"},"content":{"rendered":"\t\t<div data-elementor-type=\"wp-page\" data-elementor-id=\"23149\" class=\"elementor elementor-23149 elementor-2001\" data-elementor-post-type=\"page\">\t\t\t\t\t\t<section class=\"elementor-section elementor-top-section elementor-element elementor-element-28ebce47 elementor-section-boxed elementor-section-height-default elementor-section-height-default\" data-id=\"28ebce47\" data-element_type=\"section\">\t\t\t\t\t\t<div class=\"elementor-container elementor-column-gap-default\">\t\t\t\t\t<div class=\"elementor-column elementor-col-100 elementor-top-column elementor-element elementor-element-56ef9ab3\" data-id=\"56ef9ab3\" data-element_type=\"column\">\t\t\t<div class=\"elementor-widget-wrap elementor-element-populated\">\t\t\t\t\t\t<div class=\"elementor-element elementor-element-5c8d1469 elementor-widget elementor-widget-text-editor\" data-id=\"5c8d1469\" data-element_type=\"widget\" data-widget_type=\"text-editor.default\">\t\t\t\t<div class=\"elementor-widget-container\">\t\t\t\t\t\t\t\t\t\u010caka na prevod&#8230;\t\t\t\t\t\t\t\t<\/div>\t\t\t\t<\/div>\t\t\t\t\t<\/div>\t\t<\/div>\t\t\t\t\t<\/div>\t\t<\/section>\t\t\t\t<\/div><p>\t\t<\/p>","protected":false},"excerpt":{"rendered":"<p>\u010caka na prevod&#8230;<\/p>\n","protected":false},"author":23,"featured_media":0,"parent":23061,"menu_order":5,"comment_status":"closed","ping_status":"closed","template":"page.php","meta":{"_acf_changed":false,"footnotes":""},"class_list":["post-23149","page","type-page","status-publish","hentry"],"acf":[],"yoast_head":"<!-- This site is optimized with the Yoast SEO plugin v26.5 - https:\/\/yoast.com\/wordpress\/plugins\/seo\/ -->\n<title>Povzetek informativnega sre\u010danja zaveznikov \u010dlove\u0161tva v 12 to\u010dkah<\/title>\n<meta name=\"description\" content=\"Povzetek Zavezni\u0161kih Poro\u010dil. Razkritje prisotnosti nezemljanov v dana\u0161njem svetu in zahtev za eti\u010dni stik.\" \/>\n<meta name=\"robots\" content=\"index, follow, max-snippet:-1, max-image-preview:large, max-video-preview:-1\" \/>\n<link rel=\"canonical\" href=\"https:\/\/www.alliesofhumanity.org\/sl\/the-briefings\/12-point-summary-of-the-allies-of-humanity-briefings\/\" \/>\n<meta property=\"og:locale\" content=\"sl_SI\" \/>\n<meta property=\"og:type\" content=\"article\" \/>\n<meta property=\"og:title\" content=\"Povzetek informativnega sre\u010danja zaveznikov \u010dlove\u0161tva v 12 to\u010dkah\" \/>\n<meta property=\"og:description\" content=\"Povzetek Zavezni\u0161kih Poro\u010dil. Razkritje prisotnosti nezemljanov v dana\u0161njem svetu in zahtev za eti\u010dni stik.\" \/>\n<meta property=\"og:url\" content=\"https:\/\/www.alliesofhumanity.org\/sl\/the-briefings\/12-point-summary-of-the-allies-of-humanity-briefings\/\" \/>\n<meta property=\"og:site_name\" content=\"The Allies of Humanity\" \/>\n<meta property=\"article:publisher\" content=\"https:\/\/www.facebook.com\/alliesofhumanity\/\" \/>\n<meta property=\"article:modified_time\" content=\"2024-07-19T21:31:06+00:00\" \/>\n<meta property=\"og:image\" content=\"https:\/\/www.alliesofhumanity.org\/wp-content\/uploads\/2021\/01\/og-socialmedia-aoh.jpg\" \/>\n\t<meta property=\"og:image:width\" content=\"1200\" \/>\n\t<meta property=\"og:image:height\" content=\"630\" \/>\n\t<meta property=\"og:image:type\" content=\"image\/jpeg\" \/>\n<meta name=\"twitter:card\" content=\"summary_large_image\" \/>\n<meta name=\"twitter:title\" content=\"Povzetek informativnega sre\u010danja zaveznikov \u010dlove\u0161tva v 12 to\u010dkah\" \/>\n<meta name=\"twitter:site\" content=\"@earthallies\" \/>\n<script type=\"application\/ld+json\" class=\"yoast-schema-graph\">{\"@context\":\"https:\/\/schema.org\",\"@graph\":[{\"@type\":\"WebPage\",\"@id\":\"https:\/\/www.alliesofhumanity.org\/sl\/the-briefings\/12-point-summary-of-the-allies-of-humanity-briefings\/\",\"url\":\"https:\/\/www.alliesofhumanity.org\/sl\/the-briefings\/12-point-summary-of-the-allies-of-humanity-briefings\/\",\"name\":\"Povzetek informativnega sre\u010danja zaveznikov \u010dlove\u0161tva v 12 to\u010dkah\",\"isPartOf\":{\"@id\":\"https:\/\/www.alliesofhumanity.org\/sl\/#website\"},\"datePublished\":\"2024-07-19T21:31:05+00:00\",\"dateModified\":\"2024-07-19T21:31:06+00:00\",\"description\":\"Povzetek Zavezni\u0161kih Poro\u010dil. Razkritje prisotnosti nezemljanov v dana\u0161njem svetu in zahtev za eti\u010dni stik.\",\"breadcrumb\":{\"@id\":\"https:\/\/www.alliesofhumanity.org\/sl\/the-briefings\/12-point-summary-of-the-allies-of-humanity-briefings\/#breadcrumb\"},\"inLanguage\":\"sl-SI\",\"potentialAction\":[{\"@type\":\"ReadAction\",\"target\":[\"https:\/\/www.alliesofhumanity.org\/sl\/the-briefings\/12-point-summary-of-the-allies-of-humanity-briefings\/\"]}]},{\"@type\":\"BreadcrumbList\",\"@id\":\"https:\/\/www.alliesofhumanity.org\/sl\/the-briefings\/12-point-summary-of-the-allies-of-humanity-briefings\/#breadcrumb\",\"itemListElement\":[{\"@type\":\"ListItem\",\"position\":1,\"name\":\"Informativno sre\u010danje\",\"item\":\"https:\/\/www.alliesofhumanity.org\/sl\/the-briefings\/\"},{\"@type\":\"ListItem\",\"position\":2,\"name\":\"Povzetek v 12 to\u010dkah\"}]},{\"@type\":\"WebSite\",\"@id\":\"https:\/\/www.alliesofhumanity.org\/sl\/#website\",\"url\":\"https:\/\/www.alliesofhumanity.org\/sl\/\",\"name\":\"The Allies of Humanity\",\"description\":\"\",\"potentialAction\":[{\"@type\":\"SearchAction\",\"target\":{\"@type\":\"EntryPoint\",\"urlTemplate\":\"https:\/\/www.alliesofhumanity.org\/sl\/?s={search_term_string}\"},\"query-input\":{\"@type\":\"PropertyValueSpecification\",\"valueRequired\":true,\"valueName\":\"search_term_string\"}}],\"inLanguage\":\"sl-SI\"}]}<\/script>\n<!-- \/ Yoast SEO plugin. -->","yoast_head_json":{"title":"Povzetek informativnega sre\u010danja zaveznikov \u010dlove\u0161tva v 12 to\u010dkah","description":"Povzetek Zavezni\u0161kih Poro\u010dil. Razkritje prisotnosti nezemljanov v dana\u0161njem svetu in zahtev za eti\u010dni stik.","robots":{"index":"index","follow":"follow","max-snippet":"max-snippet:-1","max-image-preview":"max-image-preview:large","max-video-preview":"max-video-preview:-1"},"canonical":"https:\/\/www.alliesofhumanity.org\/sl\/the-briefings\/12-point-summary-of-the-allies-of-humanity-briefings\/","og_locale":"sl_SI","og_type":"article","og_title":"Povzetek informativnega sre\u010danja zaveznikov \u010dlove\u0161tva v 12 to\u010dkah","og_description":"Povzetek Zavezni\u0161kih Poro\u010dil. Razkritje prisotnosti nezemljanov v dana\u0161njem svetu in zahtev za eti\u010dni stik.","og_url":"https:\/\/www.alliesofhumanity.org\/sl\/the-briefings\/12-point-summary-of-the-allies-of-humanity-briefings\/","og_site_name":"The Allies of Humanity","article_publisher":"https:\/\/www.facebook.com\/alliesofhumanity\/","article_modified_time":"2024-07-19T21:31:06+00:00","og_image":[{"width":1200,"height":630,"url":"https:\/\/www.alliesofhumanity.org\/wp-content\/uploads\/2021\/01\/og-socialmedia-aoh.jpg","type":"image\/jpeg"}],"twitter_card":"summary_large_image","twitter_title":"Povzetek informativnega sre\u010danja zaveznikov \u010dlove\u0161tva v 12 to\u010dkah","twitter_site":"@earthallies","schema":{"@context":"https:\/\/schema.org","@graph":[{"@type":"WebPage","@id":"https:\/\/www.alliesofhumanity.org\/sl\/the-briefings\/12-point-summary-of-the-allies-of-humanity-briefings\/","url":"https:\/\/www.alliesofhumanity.org\/sl\/the-briefings\/12-point-summary-of-the-allies-of-humanity-briefings\/","name":"Povzetek informativnega sre\u010danja zaveznikov \u010dlove\u0161tva v 12 to\u010dkah","isPartOf":{"@id":"https:\/\/www.alliesofhumanity.org\/sl\/#website"},"datePublished":"2024-07-19T21:31:05+00:00","dateModified":"2024-07-19T21:31:06+00:00","description":"Povzetek Zavezni\u0161kih Poro\u010dil. Razkritje prisotnosti nezemljanov v dana\u0161njem svetu in zahtev za eti\u010dni stik.","breadcrumb":{"@id":"https:\/\/www.alliesofhumanity.org\/sl\/the-briefings\/12-point-summary-of-the-allies-of-humanity-briefings\/#breadcrumb"},"inLanguage":"sl-SI","potentialAction":[{"@type":"ReadAction","target":["https:\/\/www.alliesofhumanity.org\/sl\/the-briefings\/12-point-summary-of-the-allies-of-humanity-briefings\/"]}]},{"@type":"BreadcrumbList","@id":"https:\/\/www.alliesofhumanity.org\/sl\/the-briefings\/12-point-summary-of-the-allies-of-humanity-briefings\/#breadcrumb","itemListElement":[{"@type":"ListItem","position":1,"name":"Informativno sre\u010danje","item":"https:\/\/www.alliesofhumanity.org\/sl\/the-briefings\/"},{"@type":"ListItem","position":2,"name":"Povzetek v 12 to\u010dkah"}]},{"@type":"WebSite","@id":"https:\/\/www.alliesofhumanity.org\/sl\/#website","url":"https:\/\/www.alliesofhumanity.org\/sl\/","name":"The Allies of Humanity","description":"","potentialAction":[{"@type":"SearchAction","target":{"@type":"EntryPoint","urlTemplate":"https:\/\/www.alliesofhumanity.org\/sl\/?s={search_term_string}"},"query-input":{"@type":"PropertyValueSpecification","valueRequired":true,"valueName":"search_term_string"}}],"inLanguage":"sl-SI"}]}},"_links":{"self":[{"href":"https:\/\/www.alliesofhumanity.org\/sl\/wp-json\/wp\/v2\/pages\/23149","targetHints":{"allow":["GET"]}}],"collection":[{"href":"https:\/\/www.alliesofhumanity.org\/sl\/wp-json\/wp\/v2\/pages"}],"about":[{"href":"https:\/\/www.alliesofhumanity.org\/sl\/wp-json\/wp\/v2\/types\/page"}],"author":[{"embeddable":true,"href":"https:\/\/www.alliesofhumanity.org\/sl\/wp-json\/wp\/v2\/users\/23"}],"replies":[{"embeddable":true,"href":"https:\/\/www.alliesofhumanity.org\/sl\/wp-json\/wp\/v2\/comments?post=23149"}],"version-history":[{"count":1,"href":"https:\/\/www.alliesofhumanity.org\/sl\/wp-json\/wp\/v2\/pages\/23149\/revisions"}],"predecessor-version":[{"id":23150,"href":"https:\/\/www.alliesofhumanity.org\/sl\/wp-json\/wp\/v2\/pages\/23149\/revisions\/23150"}],"up":[{"embeddable":true,"href":"https:\/\/www.alliesofhumanity.org\/sl\/wp-json\/wp\/v2\/pages\/23061"}],"wp:attachment":[{"href":"https:\/\/www.alliesofhumanity.org\/sl\/wp-json\/wp\/v2\/media?parent=23149"}],"curies":[{"name":"wp","href":"https:\/\/api.w.org\/{rel}","templated":true}]}}