{"id":23145,"date":"2024-07-19T22:27:35","date_gmt":"2024-07-19T21:27:35","guid":{"rendered":"https:\/\/www.alliesofhumanity.org\/the-briefings\/book-four\/secure-freedom\/"},"modified":"2025-04-08T02:29:56","modified_gmt":"2025-04-08T01:29:56","slug":"secure-freedom","status":"publish","type":"page","link":"https:\/\/www.alliesofhumanity.org\/sl\/the-briefings\/book-four\/secure-freedom\/","title":{"rendered":"Peto Informativno Poro\u010dilo: Velika Koordinacija"},"content":{"rendered":"\t\t<div data-elementor-type=\"wp-page\" data-elementor-id=\"23145\" class=\"elementor elementor-23145 elementor-2540\" data-elementor-post-type=\"page\">\t\t\t\t\t\t<section class=\"elementor-section elementor-top-section elementor-element elementor-element-35782905 elementor-section-boxed elementor-section-height-default elementor-section-height-default\" data-id=\"35782905\" data-element_type=\"section\">\t\t\t\t\t\t<div class=\"elementor-container elementor-column-gap-default\">\t\t\t\t\t<div class=\"elementor-column elementor-col-100 elementor-top-column elementor-element elementor-element-6817cd3b\" data-id=\"6817cd3b\" data-element_type=\"column\">\t\t\t<div class=\"elementor-widget-wrap elementor-element-populated\">\t\t\t\t\t\t<div class=\"elementor-element elementor-element-54a371f elementor-widget elementor-widget-text-editor\" data-id=\"54a371f\" data-element_type=\"widget\" data-widget_type=\"text-editor.default\">\t\t\t\t<div class=\"elementor-widget-container\">\t\t\t\t\t\t\t\t\t<p>Zavedamo se, da je svetu poslano veliko Razodetje. \u010ceprav nam to Razodetje ni bilo dano, smo z njim povezani. Bog nas je namre\u010d prosil, naj to storimo prek Mre\u017ee Modrih, da prevzamemo ta va\u0161 obetavni svet in mu damo modrost, spodbudo, mo\u010d in namen, ki jih mora zdaj imeti, da bi premagal svoja nagnjenja in se pripravil na svojo zahtevno prihodnost.<\/p><p>Ker smo v razli\u010dnih \u010dasih in v razli\u010dnih situacijah dobili pomo\u010d pri pridobivanju svobode v svojih svetovih, smo dol\u017eni na podoben na\u010din pomagati tudi vam, saj je to eden od na\u010dinov, kako se v vesolju delita modrost in mo\u010d. To je dolga linija. Ne poznamo njene starodavne zgodovine, vendar smo del njenega izraza.<\/p><p>Na\u0161 prihod k vam s temi Poro\u010dili je povezan s tem Razodetjem za svet. Tako sre\u010dni ste, da imate Bo\u017eje Razodetje za svet. V vesolju je tako malo svetov, kjer bi se to lahko zgodilo na kakr\u0161en koli javni na\u010din. V svobodni dr\u017eavi je to mogo\u010de in se tudi dogaja, vendar je \u0161e vedno zelo redko.<\/p><p>Ne poznamo vsega, o \u010demer bo govorilo to Razodetje, vemo pa, da je del va\u0161e priprave na stvari, o katerih govorimo. Vemo, da je to darilo mo\u010di in opolnomo\u010denja za \u010dlove\u0161tvo.<\/p><p>Vendar smo poklicani, da pri\u010damo o resni\u010dnosti \u017eivljenja v vesolju in o pomenu stvari, o katerih govorimo tukaj, ki so za vas in va\u0161o prihodnost izredno pomembne. Vse to je del Ve\u010djega Usklajevanja, da bi \u010dlove\u0161tvu prinesli to veliko obljubo in veliko pomo\u010d.<\/p><p>Zdaj smo dale\u010d od va\u0161ega sveta, zato ne moremo biti pri\u010da temu, kar se dogaja. Vendar smo \u0161e vedno del te Ve\u010dje Koordinacije. Temu smo zavezani v na\u0161i majhni skupini, tisti, ki smo \u0161e ostali.<\/p><p>Razumemo, da za to veliko Razodetje obstaja Poslanec in prav njemu nam je bilo naro\u010deno, naj po\u0161ljemo informacije Zaveznikov \u010clove\u0161tva. Na\u0161 stik z njim so omogo\u010dile Vi\u0161je Sile, stik je bil vzpostavljen tako, da ga ni bilo mogo\u010de ovirati ali izslediti z nobenim tehnolo\u0161kim sredstvom.<\/p><p>To je del na\u010dina, kako Bo\u017eansko deluje v vesolju, da bi spodbujalo modrost, svobodo in Znanje, kjerkoli je to mogo\u010de in v kolikor je to mogo\u010de. Lahko le molimo, tako kot molimo, da bi to veliko Razodetje sre\u010dalo in doseglo dovolj ljudi v va\u0161em svetu, da bi imelo polno korist in u\u010dinek.<\/p><p>S tem je izpolnjena na\u0161a naloga, da govorimo o teh stvareh, o katerih govorimo, ter vam prina\u0161amo Modrost in Znanje iz vesolja, ki smo se ju morali nau\u010diti v velikih preizku\u0161njah in nujnosti.<\/p><p>Razumemo, da bo to za mnoge ljudi zelo zmedeno, vse te stvari, o katerih zdaj govorimo. Prej nismo govorili o Bo\u017ejem Razodetju, ker smo \u010dutili, da bi bilo za ljudi preve\u010d, \u010de bi posku\u0161ali razumeti vse, kar smo zadol\u017eeni izraziti, in modrost, ki smo jo zadol\u017eeni dati vam.<\/p><p>Toda zdaj, ko smo dale\u010d, lahko govorimo o drugih zadevah. Potrebno je, da smo pri\u010da temu, temu Razodetju Bo\u017eanskega, ki imate to sre\u010do, da je med vami. \u010ce bi le lahko videli, kako sre\u010dni ste glede na svobodo, ki jo imate danes in ki je plod \u017ee tako velikega \u010dlove\u0161kega darovanja in \u017ertvovanja. \u010ce bi lahko razumeli, za kako redek dogodek gre, bi vas hvale\u017enost preplavila in razumeli bi njegov velik pomen.<\/p><p>O resni\u010dnosti svobode moramo ponovno govoriti s svojega polo\u017eaja in iz tega, kar vemo, kajti od nas se zahteva, da pri\u010dujemo o teh stvareh iz lastne izku\u0161nje in ne le iz ideologije ali na\u010dina, kako o teh stvareh razmi\u0161ljamo. Vemo, da svoboda v vesolju ni pravica. Je redka in dragocena stvar. Treba jo je vzpostaviti in zavarovati z najve\u010djo odlo\u010dnostjo.<\/p><p>Zaslu\u017eili smo si svobodo, da lahko slu\u017eimo na ta na\u010din, da lahko na ta na\u010din slu\u017eimo drugi rasi &#8211; na na\u010din, ki ga lahko sli\u0161ijo ljudje v va\u0161em svetu, da je na voljo kot pri\u010devanje. To je res redkost.<\/p><p>Na ta na\u010din so nam pomagali, ko nam je uspelo zagotoviti svobodo v na\u0161ih narodih, saj so nam Velike Sile lahko slu\u017eile neposredno. Razvoj svobode in stabilnost svobode sta namre\u010d stalni izziv, ki zahteva veliko zrelost, modrost in zadr\u017eanost. \u010ceprav nismo razsvetljene dru\u017ebe, kot si jih morda predstavljate, smo dovolj svobodni, da imamo to prilo\u017enost in da nam slu\u017eijo na ta na\u010din.<\/p><p>Toda \u010dlove\u0161tvo te svobode \u0161e nima, celo zdaj, saj se bo novemu Razodetju za va\u0161 svet mo\u010dno upiralo in mu bo nasprotovalo. To je posledica razvoja va\u0161e rase kot celote.<\/p><p class=\"image-quote float-right\"><img decoding=\"async\" src=\"https:\/\/www.alliesofhumanity.org\/wp-content\/uploads\/2020\/12\/quote-book4-briefing5-1.png\" alt=\"\" \/><\/p><blockquote id=\"quote-2\" class=\"text-quote float-right bg-red\">Vemo, da svoboda v vesolju ni pravica. Je redka in dragocena stvar. Treba jo je vzpostaviti in zavarovati z najve\u010djo odlo\u010dnostjo.<\/blockquote><p>A ko stojite na pragu \u017eivljenja v vesolju, ne morete imeti ve\u010dje prednosti ali ve\u010dje mo\u010di, ki bi vam bila dana. Kot smo \u017ee ve\u010dkrat povedali, nobena rasa ne bo pri\u0161la in vam zagotovila svobode. Nobena rasa ne bo pri\u0161la in namesto vas povzdignila va\u0161e tehnologije. Nobena rasa ne bo pri\u0161la in namesto vas upravljala va\u0161ega sveta. Ne za vas. To je resnica, ki jo je treba spoznati, sicer ne boste razumeli, s \u010dim se soo\u010date.<\/p><p>Zelo redko se zgodi, da lahko ena rasa slu\u017ei drugi tako, kot to po\u010dnemo mi, saj so poti podpore obi\u010dajno zelo skrivne, zelo subtilne, zunaj nadzora vlad. To je zelo dragocena stvar, o kateri govorimo.<\/p><p>V zvezi s svobodnimi dru\u017ebami vam moramo povedati \u0161e nekaj. Svobodne dru\u017ebe se zavedajo omejitev koristne tehnologije. \u010ce tehnologijo pripeljete predale\u010d, prek svojih osnovnih potreb, prek osnovnih koristi za svojo dru\u017ebo, pritegnete k sebi druge sile. Va\u0161a izolacija v vesolju se za\u010dne zmanj\u0161evati. Zdaj vam ostanejo mo\u010di, ki jih je zelo te\u017eko skriti.<\/p><p>\u010ceprav so na\u0161e rase svobodne na na\u010dine, o katerih smo govorili, nas \u0161e vedno ves \u010das opazujejo druge o\u010di. \u010ce bomo pokazali kak\u0161ne izjemne sposobnosti ali izjemno tehnologijo, bomo dele\u017eni vedno ve\u010djega nadzora in prepri\u010devanja. Drugi si jo bodo sku\u0161ali pridobiti na kakr\u0161en koli na\u010din, razen z neposrednim osvajanjem. Zato je treba mo\u010di, ki bi jih lahko imeli, izra\u017eati zelo subtilno, celo med Modrimi, ki vodijo na\u0161e svetove.<\/p><p>To je resnica \u017eivljenja v vesolju, da je treba skriti ve\u010djo mo\u010d, mo\u010d in njene demonstracije, \u010de \u017eelite imeti mo\u017enost svobode in samoodlo\u010danja.<\/p><p>Pri drugih narodih so jasnovidci, ki sku\u0161ajo videti v na\u0161e zadeve, razbrati, kaj po\u010dnemo, kaj imamo, kak\u0161ne so na\u0161e prednosti in slabosti. To lahko prepre\u010dimo le do dolo\u010dene mere. Kajti ko so enkrat o\u010di vesolja uprte v vas, vas bodo opazovale \u0161e naprej. Bodisi s tehnolo\u0161kimi sredstvi bodisi z bolj prefinjenimi sredstvi.<\/p><p>Zato Modri, ki upravljajo na\u0161e svetove, z javnostjo ne delijo vsega, kar vedo, saj javnost ni dovolj mo\u010dna, da bi to lahko ohranila diskretno. To je preve\u010d, da bi to zahtevali od celotne rase. Vi, ki mislite, da je svoboda svoboda vedeti vse, nimate pojma, kaj si mislite, in nimate pojma o pomenu tega med prisotnostjo ve\u010djih sil.<\/p><p>Zato se zavedajte, da tehnologija ne sme presegati resni\u010dnih avtenti\u010dnih potreb rase. Daje vam mo\u010d, ki je ne morete uporabiti in jo morate skriti. Odpira razlo\u010devanje od zunaj in vabi k posredovanju in manipulaciji ter vedno ve\u010djemu nadzoru. Zato ne mislite, da je neskon\u010dno razvijanje tehnologije vredno in plemenito prizadevanje. Koristno je le na dolo\u010dene na\u010dine in do dolo\u010dene to\u010dke. V nadaljevanju pa povzro\u010da nevarnost in tveganje.<\/p><p class=\"image-quote float-left\"><img decoding=\"async\" src=\"https:\/\/www.alliesofhumanity.org\/wp-content\/uploads\/2020\/12\/quote-book4-briefing5-2.png\" alt=\"\" \/><\/p><blockquote id=\"quote-4\" class=\"text-quote float-left bg-gray\">Ve\u010djo mo\u010d in njene demonstracije je treba skriti, \u010de \u017eelite imeti mo\u017enost svobode in samoodlo\u010danja.<\/blockquote><p>\u010ce imate mo\u010d vpogleda ali tehnologijo, ki je drugi narodi nimajo, jo bodo iskali pri vas. Zato mora Modri ostati skrit, kar je velika in trajna resnica v vesolju.<\/p><p>Z mo\u010djo  prihaja odgovornost, diskretnost, razlo\u010devanje, previdnost, pazljivost pri svojih mislih, dejanjih in razmi\u0161ljanjih glede na njihov vpliv na druge in glede na to, kaj lahko povabijo od zunaj. Vsi v na\u0161i skupini smo bili u\u010denci tega velikega U\u010denja, ki se ga imate zdaj prilo\u017enost nau\u010diti iz \u010diste nujnosti.<\/p><p>Na\u0161i svobodni narodi se morajo ukvarjati s stabilnostjo in varnostjo, saj svobodni narodi ne morejo dobro sobivati z velikimi nesvobodnimi narodi, ki so tehnolo\u0161ko in voja\u0161ko mo\u010dnej\u0161i. Varovati moramo ne le svoje meje, temve\u010d tudi svoje misli. To je breme Modrih na vseh podro\u010djih.<\/p><p>Razumemo, da lahko Novo Razodetje za svet ljudi nau\u010di teh stvari in jih da \u010dlove\u0161ki dru\u017eini. \u010ce je to res, potem je to zelo veliko znamenje.<\/p><p>Mogo\u010de je, da bodo med vami tisti, ki bodo s tem postali resni\u010dno modri. Va\u0161a naloga je, da zagotovite svobodo svojim ljudem in svojemu svetu, da ohranite Znanje v svojem svetu, da ohranite modrost v svojem svetu, kjer se bo vedno zdelo, da jo ogro\u017eajo in napadajo drugi, ki \u017eelijo vse izkoristiti za osebno mo\u010d in koristi. To je resnica tako v va\u0161em svetu kot v Veliki Skupnosti. Vse, kar vam danes pripovedujemo, je resnica v va\u0161em svetu, saj je resnica povsod. To je resnica na podro\u010dju Lo\u010denosti.<\/p><p>S tem velikim in treznim naukom prina\u0161amo spodbudo, saj ima \u010dlove\u0161ka dru\u017eina velik potencial. Zavedanje Bo\u017eanskega in mo\u010d Znanja v posamezniku v va\u0161em svetu \u0161e ni izginilo. Ni bilo pozabljeno. Mnogi jo \u0161e vedno cenijo in v nekaterih delih va\u0161ega sveta jo \u0161e vedno prakticirajo. To je veliko znamenje v vesolju, kjer ima zelo malo napredujo\u010dih ras tak\u0161en potencial.<\/p><p>Vemo, da se Znanje v vas lahko odziva na te stvari in resonira, ker je to ve\u010dje podro\u010dje resnice, ker ste bili v svojem \u017eivljenju namenjeni, da ste tudi vi del Velike Koordinacije. \u010ceprav se vam to zdaj morda zdi kot oddaljena mo\u017enost, je to temelj tega, kdo ste in zakaj ste v tem \u010dasu na svetu, saj ima samo to mo\u010d in vizijo ter resonanco, ki vam lahko omogo\u010di, da se odzovete in pravilno ter koristno zaznate svojo situacijo. Poklicala vas bo iz obi\u010dajnega in razo\u010daranega \u017eivljenja v veliko ve\u010dje podro\u010dje slu\u017eenja in smisla, kot je to storila za nas.<\/p><p>Dokler na\u0161a misija ne bo kon\u010dana, se \u0161e ne moremo vrniti na svoje doma\u010de svetove. Tudi do zdaj je bilo za to potrebnih veliko let. Bilo je veliko izzivov in neuspehov. Izgubili smo \u010dlane na\u0161e skupine. Morali smo pobegniti v oddaljena in varna zato\u010di\u0161\u010da. Intervencija, ki sodeluje v va\u0161em svetu, je namre\u010d za nas izvedela po tem, ko je bil dostavljen na\u0161 prvi sklop Briefingov, in za\u010dela nas je iskati. Menimo, da niso pri\u010dakovali na\u0161e prisotnosti in da bi jih na\u0161e sporo\u010dilo zagotovo izzvalo in ogrozilo.<\/p><p class=\"image-quote float-right\"><img decoding=\"async\" src=\"https:\/\/www.alliesofhumanity.org\/wp-content\/uploads\/2020\/12\/quote-book4-briefing5-3.png\" alt=\"\" \/><\/p><blockquote id=\"quote-6\" class=\"text-quote float-right bg-red\">Va\u0161a naloga je, da zagotovite svobodo svojim ljudem in svojemu svetu, da ohranite Znanje v svojem svetu, da ohranite modrost v svojem svetu, za katerega se zdi, da ga vedno ogro\u017eajo in napadajo drugi, ki \u017eelijo vse izkoristiti za osebno mo\u010d in koristi.<\/blockquote><p>Vendar na\u0161e poslanstvo \u0161e ni kon\u010dano, saj \u010deprav nismo ve\u010d v va\u0161i bli\u017eini, vam lahko \u0161e vedno zagotovimo Modrost iz vesolja. To Modrost potrebujete zdaj in jo boste potrebovali vedno bolj, ko boste napredovali.<\/p>\t\t\t\t\t\t\t\t<\/div>\t\t\t\t<\/div>\t\t\t\t\t<\/div>\t\t<\/div>\t\t\t\t\t<\/div>\t\t<\/section>\t\t\t\t<\/div><p>\t\t<\/p>","protected":false},"excerpt":{"rendered":"<p>Zavedamo se, da je svetu poslano veliko Razodetje. \u010ceprav nam to Razodetje ni bilo dano, smo z njim povezani. Bog nas je namre\u010d prosil, naj to storimo prek Mre\u017ee Modrih, da prevzamemo ta va\u0161 obetavni svet in mu damo modrost, spodbudo, mo\u010d in namen, ki jih mora zdaj imeti, da bi premagal svoja nagnjenja in [&hellip;]<\/p>\n","protected":false},"author":23,"featured_media":0,"parent":23130,"menu_order":5,"comment_status":"closed","ping_status":"closed","template":"page.php","meta":{"_acf_changed":false,"footnotes":""},"class_list":["post-23145","page","type-page","status-publish","hentry"],"acf":[],"yoast_head":"<!-- This site is optimized with the Yoast SEO plugin v26.5 - https:\/\/yoast.com\/wordpress\/plugins\/seo\/ -->\n<title>Velika Koordinacija - za Zagotovitev Svobode v Na\u0161em Svetu<\/title>\n<meta name=\"description\" content=\"Va\u0161a naloga je, da zagotovite svobodo v svojem svetu, da ohranite (&quot;Duhovno&quot;) Znanje v svojem svetu, da ohranite modrost v svojem svetu.\" \/>\n<meta name=\"robots\" content=\"index, follow, max-snippet:-1, max-image-preview:large, max-video-preview:-1\" \/>\n<link rel=\"canonical\" href=\"https:\/\/www.alliesofhumanity.org\/sl\/the-briefings\/book-four\/secure-freedom\/\" \/>\n<meta property=\"og:locale\" content=\"sl_SI\" \/>\n<meta property=\"og:type\" content=\"article\" \/>\n<meta property=\"og:title\" content=\"Velika Koordinacija - za Zagotovitev Svobode v Na\u0161em Svetu\" \/>\n<meta property=\"og:description\" content=\"Va\u0161a naloga je, da zagotovite svobodo v svojem svetu, da ohranite (&quot;Duhovno&quot;) Znanje v svojem svetu, da ohranite modrost v svojem svetu.\" \/>\n<meta property=\"og:url\" content=\"https:\/\/www.alliesofhumanity.org\/sl\/the-briefings\/book-four\/secure-freedom\/\" \/>\n<meta property=\"og:site_name\" content=\"The Allies of Humanity\" \/>\n<meta property=\"article:publisher\" content=\"https:\/\/www.facebook.com\/alliesofhumanity\/\" \/>\n<meta property=\"article:modified_time\" content=\"2025-04-08T01:29:56+00:00\" \/>\n<meta property=\"og:image\" content=\"https:\/\/www.alliesofhumanity.org\/wp-content\/uploads\/2021\/01\/og-socialmedia-aoh.jpg\" \/>\n\t<meta property=\"og:image:width\" content=\"1200\" \/>\n\t<meta property=\"og:image:height\" content=\"630\" \/>\n\t<meta property=\"og:image:type\" content=\"image\/jpeg\" \/>\n<meta name=\"twitter:card\" content=\"summary_large_image\" \/>\n<meta name=\"twitter:title\" content=\"Velika Koordinacija - za Zagotovitev Svobode v Na\u0161em Svetu\" \/>\n<meta name=\"twitter:site\" content=\"@earthallies\" \/>\n<meta name=\"twitter:label1\" content=\"Est. reading time\" \/>\n\t<meta name=\"twitter:data1\" content=\"9 minut\" \/>\n<script type=\"application\/ld+json\" class=\"yoast-schema-graph\">{\"@context\":\"https:\/\/schema.org\",\"@graph\":[{\"@type\":\"WebPage\",\"@id\":\"https:\/\/www.alliesofhumanity.org\/sl\/the-briefings\/book-four\/secure-freedom\/\",\"url\":\"https:\/\/www.alliesofhumanity.org\/sl\/the-briefings\/book-four\/secure-freedom\/\",\"name\":\"Velika Koordinacija - za Zagotovitev Svobode v Na\u0161em Svetu\",\"isPartOf\":{\"@id\":\"https:\/\/www.alliesofhumanity.org\/sl\/#website\"},\"datePublished\":\"2024-07-19T21:27:35+00:00\",\"dateModified\":\"2025-04-08T01:29:56+00:00\",\"description\":\"Va\u0161a naloga je, da zagotovite svobodo v svojem svetu, da ohranite (\\\"Duhovno\\\") Znanje v svojem svetu, da ohranite modrost v svojem svetu.\",\"breadcrumb\":{\"@id\":\"https:\/\/www.alliesofhumanity.org\/sl\/the-briefings\/book-four\/secure-freedom\/#breadcrumb\"},\"inLanguage\":\"sl-SI\",\"potentialAction\":[{\"@type\":\"ReadAction\",\"target\":[\"https:\/\/www.alliesofhumanity.org\/sl\/the-briefings\/book-four\/secure-freedom\/\"]}]},{\"@type\":\"BreadcrumbList\",\"@id\":\"https:\/\/www.alliesofhumanity.org\/sl\/the-briefings\/book-four\/secure-freedom\/#breadcrumb\",\"itemListElement\":[{\"@type\":\"ListItem\",\"position\":1,\"name\":\"Informativno sre\u010danje\",\"item\":\"https:\/\/www.alliesofhumanity.org\/sl\/the-briefings\/\"},{\"@type\":\"ListItem\",\"position\":2,\"name\":\"\u010cetrta knjiga\",\"item\":\"https:\/\/www.alliesofhumanity.org\/sl\/the-briefings\/book-four\/\"},{\"@type\":\"ListItem\",\"position\":3,\"name\":\"Peto Informativno Poro\u010dilo: Velika Koordinacija\"}]},{\"@type\":\"WebSite\",\"@id\":\"https:\/\/www.alliesofhumanity.org\/sl\/#website\",\"url\":\"https:\/\/www.alliesofhumanity.org\/sl\/\",\"name\":\"The Allies of Humanity\",\"description\":\"\",\"potentialAction\":[{\"@type\":\"SearchAction\",\"target\":{\"@type\":\"EntryPoint\",\"urlTemplate\":\"https:\/\/www.alliesofhumanity.org\/sl\/?s={search_term_string}\"},\"query-input\":{\"@type\":\"PropertyValueSpecification\",\"valueRequired\":true,\"valueName\":\"search_term_string\"}}],\"inLanguage\":\"sl-SI\"}]}<\/script>\n<!-- \/ Yoast SEO plugin. -->","yoast_head_json":{"title":"Velika Koordinacija - za Zagotovitev Svobode v Na\u0161em Svetu","description":"Va\u0161a naloga je, da zagotovite svobodo v svojem svetu, da ohranite (\"Duhovno\") Znanje v svojem svetu, da ohranite modrost v svojem svetu.","robots":{"index":"index","follow":"follow","max-snippet":"max-snippet:-1","max-image-preview":"max-image-preview:large","max-video-preview":"max-video-preview:-1"},"canonical":"https:\/\/www.alliesofhumanity.org\/sl\/the-briefings\/book-four\/secure-freedom\/","og_locale":"sl_SI","og_type":"article","og_title":"Velika Koordinacija - za Zagotovitev Svobode v Na\u0161em Svetu","og_description":"Va\u0161a naloga je, da zagotovite svobodo v svojem svetu, da ohranite (\"Duhovno\") Znanje v svojem svetu, da ohranite modrost v svojem svetu.","og_url":"https:\/\/www.alliesofhumanity.org\/sl\/the-briefings\/book-four\/secure-freedom\/","og_site_name":"The Allies of Humanity","article_publisher":"https:\/\/www.facebook.com\/alliesofhumanity\/","article_modified_time":"2025-04-08T01:29:56+00:00","og_image":[{"width":1200,"height":630,"url":"https:\/\/www.alliesofhumanity.org\/wp-content\/uploads\/2021\/01\/og-socialmedia-aoh.jpg","type":"image\/jpeg"}],"twitter_card":"summary_large_image","twitter_title":"Velika Koordinacija - za Zagotovitev Svobode v Na\u0161em Svetu","twitter_site":"@earthallies","twitter_misc":{"Est. reading time":"9 minut"},"schema":{"@context":"https:\/\/schema.org","@graph":[{"@type":"WebPage","@id":"https:\/\/www.alliesofhumanity.org\/sl\/the-briefings\/book-four\/secure-freedom\/","url":"https:\/\/www.alliesofhumanity.org\/sl\/the-briefings\/book-four\/secure-freedom\/","name":"Velika Koordinacija - za Zagotovitev Svobode v Na\u0161em Svetu","isPartOf":{"@id":"https:\/\/www.alliesofhumanity.org\/sl\/#website"},"datePublished":"2024-07-19T21:27:35+00:00","dateModified":"2025-04-08T01:29:56+00:00","description":"Va\u0161a naloga je, da zagotovite svobodo v svojem svetu, da ohranite (\"Duhovno\") Znanje v svojem svetu, da ohranite modrost v svojem svetu.","breadcrumb":{"@id":"https:\/\/www.alliesofhumanity.org\/sl\/the-briefings\/book-four\/secure-freedom\/#breadcrumb"},"inLanguage":"sl-SI","potentialAction":[{"@type":"ReadAction","target":["https:\/\/www.alliesofhumanity.org\/sl\/the-briefings\/book-four\/secure-freedom\/"]}]},{"@type":"BreadcrumbList","@id":"https:\/\/www.alliesofhumanity.org\/sl\/the-briefings\/book-four\/secure-freedom\/#breadcrumb","itemListElement":[{"@type":"ListItem","position":1,"name":"Informativno sre\u010danje","item":"https:\/\/www.alliesofhumanity.org\/sl\/the-briefings\/"},{"@type":"ListItem","position":2,"name":"\u010cetrta knjiga","item":"https:\/\/www.alliesofhumanity.org\/sl\/the-briefings\/book-four\/"},{"@type":"ListItem","position":3,"name":"Peto Informativno Poro\u010dilo: Velika Koordinacija"}]},{"@type":"WebSite","@id":"https:\/\/www.alliesofhumanity.org\/sl\/#website","url":"https:\/\/www.alliesofhumanity.org\/sl\/","name":"The Allies of Humanity","description":"","potentialAction":[{"@type":"SearchAction","target":{"@type":"EntryPoint","urlTemplate":"https:\/\/www.alliesofhumanity.org\/sl\/?s={search_term_string}"},"query-input":{"@type":"PropertyValueSpecification","valueRequired":true,"valueName":"search_term_string"}}],"inLanguage":"sl-SI"}]}},"_links":{"self":[{"href":"https:\/\/www.alliesofhumanity.org\/sl\/wp-json\/wp\/v2\/pages\/23145","targetHints":{"allow":["GET"]}}],"collection":[{"href":"https:\/\/www.alliesofhumanity.org\/sl\/wp-json\/wp\/v2\/pages"}],"about":[{"href":"https:\/\/www.alliesofhumanity.org\/sl\/wp-json\/wp\/v2\/types\/page"}],"author":[{"embeddable":true,"href":"https:\/\/www.alliesofhumanity.org\/sl\/wp-json\/wp\/v2\/users\/23"}],"replies":[{"embeddable":true,"href":"https:\/\/www.alliesofhumanity.org\/sl\/wp-json\/wp\/v2\/comments?post=23145"}],"version-history":[{"count":3,"href":"https:\/\/www.alliesofhumanity.org\/sl\/wp-json\/wp\/v2\/pages\/23145\/revisions"}],"predecessor-version":[{"id":23888,"href":"https:\/\/www.alliesofhumanity.org\/sl\/wp-json\/wp\/v2\/pages\/23145\/revisions\/23888"}],"up":[{"embeddable":true,"href":"https:\/\/www.alliesofhumanity.org\/sl\/wp-json\/wp\/v2\/pages\/23130"}],"wp:attachment":[{"href":"https:\/\/www.alliesofhumanity.org\/sl\/wp-json\/wp\/v2\/media?parent=23145"}],"curies":[{"name":"wp","href":"https:\/\/api.w.org\/{rel}","templated":true}]}}