{"id":23143,"date":"2024-07-19T22:26:42","date_gmt":"2024-07-19T21:26:42","guid":{"rendered":"https:\/\/www.alliesofhumanity.org\/the-briefings\/book-four\/higher-powers\/"},"modified":"2025-03-31T04:06:22","modified_gmt":"2025-03-31T03:06:22","slug":"higher-powers","status":"publish","type":"page","link":"https:\/\/www.alliesofhumanity.org\/sl\/the-briefings\/book-four\/higher-powers\/","title":{"rendered":"\u010cetrto informativno poro\u010dilo: Vi\u0161je Sile"},"content":{"rendered":"\t\t<div data-elementor-type=\"wp-page\" data-elementor-id=\"23143\" class=\"elementor elementor-23143 elementor-2537\" data-elementor-post-type=\"page\">\t\t\t\t\t\t<section class=\"elementor-section elementor-top-section elementor-element elementor-element-cbb1285 elementor-section-boxed elementor-section-height-default elementor-section-height-default\" data-id=\"cbb1285\" data-element_type=\"section\">\t\t\t\t\t\t<div class=\"elementor-container elementor-column-gap-default\">\t\t\t\t\t<div class=\"elementor-column elementor-col-100 elementor-top-column elementor-element elementor-element-3380586a\" data-id=\"3380586a\" data-element_type=\"column\">\t\t\t<div class=\"elementor-widget-wrap elementor-element-populated\">\t\t\t\t\t\t<div class=\"elementor-element elementor-element-c32f833 elementor-widget elementor-widget-text-editor\" data-id=\"c32f833\" data-element_type=\"widget\" data-widget_type=\"text-editor.default\">\t\t\t\t<div class=\"elementor-widget-container\">\t\t\t\t\t\t\t\t\t<p>V vesolju obstajata dve resni\u010dnosti; ena prekriva drugo. Prva in najbolj primarna v va\u0161i izku\u0161nji je realnost Lo\u010denosti in evolucijskih sprememb, planetarnih sprememb &#8211; od primitivnega \u017eivljenja, primitivnih dru\u017ebenih organizacij, zgodnjih narodov, ve\u010djih narodov, svetovnih narodov in kon\u010dno pojava v Ve\u010dji Skupnosti ve\u010djih narodov.<\/p><p>Poleg tega je v vesolju prisotno delo Bo\u017eanskega, ki ga opravljajo Vi\u0161je Sile, Angelske Sile, ki nadzorujejo vse rase, celo nesvobodne narode, in i\u0161\u010dejo prilo\u017enosti, da bi v posameznikih, ki so dovolj svobodni in sposobni, da se odzovejo, gojili Znanje. Tako se ustvari velika Mre\u017ea Modrih, ki lahko podpira nastanek svobodnih narodov, ki imajo \u0161e vedno potencial za ta veliki dose\u017eek.<\/p><p>V fizi\u010dnem vesolju obstajajo le sile, ki so bile spro\u017eene na za\u010detku \u010dasa. Ni Bo\u017eanskega Na\u010drta, ki bi vse organiziral in nadzoroval, saj je fizi\u010dno vesolje ve\u010dinoma kaoti\u010dno in ga upravljajo nebesne sile, geolo\u0161ke sile in v svetovih, kjer se je \u017eivljenje lahko uveljavilo, tudi biolo\u0161ke sile. Vse to je na za\u010detku \u010dasa spro\u017eilo Bo\u017eanstvo  in zdaj poteka samo od sebe.<\/p><p>Bo\u017eansko Posredovanje poteka prek Vi\u0161jih Sil, Mre\u017e Modrih in narodov, ki so bili sposobni ohranjati zavest in Znanje posameznikov kljub vsem nevarnostim in konfliktom, ki obi\u010dajno obstajajo v evoluciji in dru\u017ebenem razvoju sveta.<\/p><p>Kot smo \u017ee rekli, v vesolju ni razsvetljenih ras, za katere bi vedeli, obstajajo pa svobodne rase, v katerih lahko Modri vodijo svoje narode. Ti bi bili \u0161tevil\u010dnej\u0161i, kot bi bili kadar koli v narodih, ki niso svobodni.<\/p><p>Bo\u017eanstvo(the Divine) ima opori\u0161\u010da na \u0161tevilnih krajih. In skupine Modrih delujejo na mnogih, mnogih krajih, tudi v veliki tajnosti. Svobodni narodi tem skupinam omogo\u010dajo, da se ponovno pojavijo in postanejo u\u010dinkovite v dru\u017ebi. Toda resni\u010dno Modri so posamezniki, povezani v majhne skupine, povezani v mre\u017eo znotraj lastnega naroda ali v mre\u017eo med narodi, povezani prek Vi\u0161jih Sil.<\/p><p>Zato ne mislite, da obstaja razsvetljena rasa, ki bo pri\u0161la in razsvetlila \u010dlove\u0161tvo, ali da bo \u010dlove\u0161tvo samo postalo razsvetljena rasa. To dale\u010d presega njegove zmo\u017enosti. Toda biti svobodna rasa, kjer se lahko Znanje odkrito spodbuja in podpira, to je velik dose\u017eek. To je veliki izziv in zahteva, ki je zdaj postavljena pred vas.<\/p><p class=\"image-quote float-right\"><img decoding=\"async\" src=\"https:\/\/www.alliesofhumanity.org\/wp-content\/uploads\/2020\/12\/quote-book4-briefing4-1.png\" alt=\"\" \/><\/p><blockquote id=\"quote-2\" class=\"text-quote float-right bg-red\">Bo\u017eansko posredovanje poteka prek vi\u0161jih sil, mre\u017e modrih in narodov, ki so sposobni ohranjati zavest in znanje posameznikov...<\/blockquote><p>Obstajata dve vrsti svobode. Obstaja prakti\u010dna svoboda, da \u017eivite svoje \u017eivljenje brez pretiranega omejevanja ali nadvlade, prakti\u010dna svoboda, da \u017eivite stabilno in varno, brez stalne gro\u017enje vojne ali nadvlade korupcije. To je temeljna svoboda in je zelo pomembna. To je prva stvar, ki jo je treba vzpostaviti.<\/p><p>Potem je tu ve\u010dja duhovna svoboda posameznika, da se za\u010dne vra\u010dati k Bo\u017eanskemu in pridobi dostop do globljega Znanja, ki ga je Bog ustvaril v vseh posameznikih, v vseh rasah v vesolju, ki v fizi\u010dni resni\u010dnosti \u017eivijo v Lo\u010denosti.<\/p><p>Ta ve\u010dja svoboda je naloga posameznikov in je omejena s temeljnimi svobo\u0161\u010dinami, ki jih imajo v svojih svetovih in kulturah. Toda ve\u010dja svoboda je kon\u010dna svoboda, saj se lahko Nebe\u0161ka Mo\u010d giblje skozi te posameznike v slu\u017eenju drugim in prek velikih Omre\u017eij Modrih spodbuja svobodo in Znanje v celotni Veliki Skupnosti.<\/p><p>Razumeti morate, da je Bo\u017eansko delo v va\u0161em svetu povezano z Bo\u017eanskim delom v vseh svetovih. Za va\u0161 svet, ki je le majhen prostor v ve\u010djem vesolju, ni posebnega na\u010drta. Bo\u017eji Na\u010drt je enoten in dobro uveljavljen. Znanje pa \u017eivi v vas kot posamezniku, tako se pove\u017eete z Bo\u017eansko Prisotnostjo in Mo\u010djo ter si za\u010dnete pridobivati notranjo svobodo, tudi onkraj omejitev zunanjega okolja.<\/p><p>Kjer se lahko temeljna svoboda zgradi, vzpostavi in ohrani skozi \u010das, je ve\u010dja mo\u017enost za spodbujanje in podpiranje vi\u0161je svobode in ve\u010dja svoboda, ki se bo izrazila v tem svetu, v tem narodu, v tej kulturi. Kajti svoboda v vesolju ni svoboda, da bi spodbujali svojo Lo\u010ditev. Je svoboda, da se vrnete k svojemu Izvoru in slu\u017eite v tej fizi\u010dni resni\u010dnosti.<\/p><p>Kot lahko vidite, je treba tudi va\u0161e najosnovnej\u0161e predstave o miru, svobodi in odgovornosti na novo opredeliti v \u0161ir\u0161em kontekstu, sicer boste \u0161e naprej mislili, da so va\u0161 mir, svoboda in odgovornost namenjeni samo vam ali samo va\u0161i dru\u017eini. V Veliki Skupnosti te stvari ne pomenijo tega, prav tako ne bodo u\u010dinkovite ali celo smiselne v svetu, v katerega za\u010denjate vstopati, kjer bodo degradacija okolja, izguba proizvodnje hrane in spreminjajo\u010de se podnebje va\u0161ega sveta mo\u010dno ote\u017eili \u017eivljenje in zahtevali ve\u010djo udele\u017ebo in sodelovanje, \u010de \u017eelite biti uspe\u0161ni.<\/p><p>Tudi stvari, ki vas ogro\u017eajo od zunaj, kjer vas lahko spodkopavajo tukaj na tem svetu, lahko spodbujajo ve\u010djo svobodo v pravem pomenu besede, \u010de to prilo\u017enost prepozna in izkoristi dovolj ljudi. Ve\u010dji kot je izziv, ve\u010dja je prilo\u017enost.<\/p><p class=\"image-quote float-left\"><img decoding=\"async\" src=\"https:\/\/www.alliesofhumanity.org\/wp-content\/uploads\/2020\/12\/quote-book4-briefing4-2.png\" alt=\"\" \/><\/p><blockquote id=\"quote-4\" class=\"text-quote float-left bg-gray\">Razumeti morate, da je Bo\u017eansko delo v va\u0161em svetu povezano z Bo\u017eanskim delom v vseh svetovih.<\/blockquote><p>Trenutno je \u010dlove\u0161tvo preve\u010d \u0161ibko, preve\u010d razdeljeno in neorganizirano, da bi se lahko ohranilo kot svobodna in suverena rasa v vesolju. To, kar bo zgradilo to mo\u010d, to sodelovanje, to svobodo in to odgovornost, sta velika izziva, s katerima se soo\u010date zdaj: izziv degradacije in propada od znotraj ter izziv Intervencije in podrejanja od zunaj. Le ti veliki in premo\u010drtni izzivi bodo ustvarili zahtevo po svobodi, mo\u010di in odgovornosti, o katerih govorimo tukaj.<\/p><p>Na ta izziv se ne bodo mogli odzvati vsi, a tudi \u010de to lahko stori manj\u0161ina ljudi v va\u0161em svetu, lahko to pripelje do bolj\u0161ih rezultatov. Svetu vlada majhno \u0161tevilo ljudi, v dobrem in slabem. V tem primeru lahko majhno \u0161tevilo ljudi re\u0161i celotno \u010dlove\u0161tvo pred propadom in razpadom.<\/p><p>Da, to je izjemen izziv. Da, zdi se, da je to nepo\u0161teno glede na va\u0161e razumevanje. Zdi se vam celo kruto. Toda to je tisto, kar pomeni odrasti v vesolju: postati zrela rasa in ne mladostni\u0161ka rasa, ki se bori in spopada med seboj za privilegije, bogastvo in prilo\u017enosti.<\/p><p>Odra\u0161\u010dati smo morali pod vplivom bole\u010dine in Izzivov Intervencije ter degradacije na\u0161ih svetov. To je del \u017eivljenja, postati odrasel, postati odgovoren ne le zase, ampak tudi za blaginjo svojega sveta &#8211; zdaj zaradi nujnosti, zdaj zaradi izziva, zdaj zaradi velike gro\u017enje. Vse to so temelji za mo\u010d, modrost in sodelovanje, ki jih boste potrebovali za velike spremembe, ki prihajajo na svet.<\/p><p>Zato ne prina\u0161amo miru, kot si ga predstavljate vi. Prina\u0161amo izziv. Prina\u0161amo odgovornost. Prina\u0161amo jasnost. Prina\u0161amo modrost. Prina\u0161amo mo\u010d. Prina\u0161amo poziv za vse te stvari.<\/p><p class=\"image-quote float-right\"><img decoding=\"async\" src=\"https:\/\/www.alliesofhumanity.org\/wp-content\/uploads\/2020\/12\/quote-book4-briefing4-3.png\" alt=\"\" \/><\/p><blockquote id=\"quote-6\" class=\"text-quote float-right bg-black\">Svetu vlada majhno \u0161tevilo ljudi, v dobrem in slabem. V tem primeru bi lahko majhno \u0161tevilo ljudi re\u0161ilo celotno \u010dlove\u0161tvo pred propadom in razpadom.<\/blockquote><p>\u010ce bi le lahko videli ali za\u010dutili, kam gre va\u0161e \u017eivljenje, in stopnjo Intervencije v va\u0161em dana\u0161njem svetu, vas bo premagalo ali pa se ji boste postavili po robu. Tak\u0161na je nevidna prilo\u017enost.<\/p><p>Bog ve, da je to najve\u010dji prag za \u010dlove\u0161ko dru\u017eino, najve\u010dji prag, s katerim ste se kdajkoli soo\u010dili in se boste morda \u0161e kdaj soo\u010dili &#8211; propadanje sveta in pojava v Veliko Skupnost, ki obi\u010dajno spremljata drug drugega. Bog je v svet poslal Novo Sporo\u010dilo. Mi vemo za to. To je del tega, kar nas je poklicalo sem, da spodbujamo \u010dlove\u0161ko dru\u017eino. O tem bomo govorili v nadaljevanju, saj je to temeljnega pomena za va\u0161 uspeh in va\u0161o svobodo.<\/p>\t\t\t\t\t\t\t\t<\/div>\t\t\t\t<\/div>\t\t\t\t\t<\/div>\t\t<\/div>\t\t\t\t\t<\/div>\t\t<\/section>\t\t\t\t<\/div><p>\t\t<\/p>","protected":false},"excerpt":{"rendered":"<p>V vesolju obstajata dve resni\u010dnosti; ena prekriva drugo. Prva in najbolj primarna v va\u0161i izku\u0161nji je realnost Lo\u010denosti in evolucijskih sprememb, planetarnih sprememb &#8211; od primitivnega \u017eivljenja, primitivnih dru\u017ebenih organizacij, zgodnjih narodov, ve\u010djih narodov, svetovnih narodov in kon\u010dno pojava v Ve\u010dji Skupnosti ve\u010djih narodov. Poleg tega je v vesolju prisotno delo Bo\u017eanskega, ki ga opravljajo [&hellip;]<\/p>\n","protected":false},"author":23,"featured_media":0,"parent":23130,"menu_order":4,"comment_status":"closed","ping_status":"closed","template":"page.php","meta":{"_acf_changed":false,"footnotes":""},"class_list":["post-23143","page","type-page","status-publish","hentry"],"acf":[],"yoast_head":"<!-- This site is optimized with the Yoast SEO plugin v26.5 - https:\/\/yoast.com\/wordpress\/plugins\/seo\/ -->\n<title>Vi\u0161je sile - Bo\u017eansko Delovanje v Vesolju<\/title>\n<meta name=\"description\" content=\"Bo\u017eansko Posredovanje poteka prek Vi\u0161jih sil, prek omre\u017eij Modrih in prek narodov, kjer se Duhovnost ohranja pri \u017eivljenju.\" \/>\n<meta name=\"robots\" content=\"index, follow, max-snippet:-1, max-image-preview:large, max-video-preview:-1\" \/>\n<link rel=\"canonical\" href=\"https:\/\/www.alliesofhumanity.org\/sl\/the-briefings\/book-four\/higher-powers\/\" \/>\n<meta property=\"og:locale\" content=\"sl_SI\" \/>\n<meta property=\"og:type\" content=\"article\" \/>\n<meta property=\"og:title\" content=\"Vi\u0161je sile - Bo\u017eansko Delovanje v Vesolju\" \/>\n<meta property=\"og:description\" content=\"Bo\u017eansko Posredovanje poteka prek Vi\u0161jih sil, prek omre\u017eij Modrih in prek narodov, kjer se Duhovnost ohranja pri \u017eivljenju.\" \/>\n<meta property=\"og:url\" content=\"https:\/\/www.alliesofhumanity.org\/sl\/the-briefings\/book-four\/higher-powers\/\" \/>\n<meta property=\"og:site_name\" content=\"The Allies of Humanity\" \/>\n<meta property=\"article:publisher\" content=\"https:\/\/www.facebook.com\/alliesofhumanity\/\" \/>\n<meta property=\"article:modified_time\" content=\"2025-03-31T03:06:22+00:00\" \/>\n<meta property=\"og:image\" content=\"https:\/\/www.alliesofhumanity.org\/wp-content\/uploads\/2021\/01\/og-socialmedia-aoh.jpg\" \/>\n\t<meta property=\"og:image:width\" content=\"1200\" \/>\n\t<meta property=\"og:image:height\" content=\"630\" \/>\n\t<meta property=\"og:image:type\" content=\"image\/jpeg\" \/>\n<meta name=\"twitter:card\" content=\"summary_large_image\" \/>\n<meta name=\"twitter:title\" content=\"Vi\u0161je sile - Bo\u017eansko Delovanje v Vesolju\" \/>\n<meta name=\"twitter:site\" content=\"@earthallies\" \/>\n<meta name=\"twitter:label1\" content=\"Est. reading time\" \/>\n\t<meta name=\"twitter:data1\" content=\"6 minut\" \/>\n<script type=\"application\/ld+json\" class=\"yoast-schema-graph\">{\"@context\":\"https:\/\/schema.org\",\"@graph\":[{\"@type\":\"WebPage\",\"@id\":\"https:\/\/www.alliesofhumanity.org\/sl\/the-briefings\/book-four\/higher-powers\/\",\"url\":\"https:\/\/www.alliesofhumanity.org\/sl\/the-briefings\/book-four\/higher-powers\/\",\"name\":\"Vi\u0161je sile - Bo\u017eansko Delovanje v Vesolju\",\"isPartOf\":{\"@id\":\"https:\/\/www.alliesofhumanity.org\/sl\/#website\"},\"datePublished\":\"2024-07-19T21:26:42+00:00\",\"dateModified\":\"2025-03-31T03:06:22+00:00\",\"description\":\"Bo\u017eansko Posredovanje poteka prek Vi\u0161jih sil, prek omre\u017eij Modrih in prek narodov, kjer se Duhovnost ohranja pri \u017eivljenju.\",\"breadcrumb\":{\"@id\":\"https:\/\/www.alliesofhumanity.org\/sl\/the-briefings\/book-four\/higher-powers\/#breadcrumb\"},\"inLanguage\":\"sl-SI\",\"potentialAction\":[{\"@type\":\"ReadAction\",\"target\":[\"https:\/\/www.alliesofhumanity.org\/sl\/the-briefings\/book-four\/higher-powers\/\"]}]},{\"@type\":\"BreadcrumbList\",\"@id\":\"https:\/\/www.alliesofhumanity.org\/sl\/the-briefings\/book-four\/higher-powers\/#breadcrumb\",\"itemListElement\":[{\"@type\":\"ListItem\",\"position\":1,\"name\":\"Informativno sre\u010danje\",\"item\":\"https:\/\/www.alliesofhumanity.org\/sl\/the-briefings\/\"},{\"@type\":\"ListItem\",\"position\":2,\"name\":\"\u010cetrta knjiga\",\"item\":\"https:\/\/www.alliesofhumanity.org\/sl\/the-briefings\/book-four\/\"},{\"@type\":\"ListItem\",\"position\":3,\"name\":\"\u010cetrto informativno poro\u010dilo: Vi\u0161je Sile\"}]},{\"@type\":\"WebSite\",\"@id\":\"https:\/\/www.alliesofhumanity.org\/sl\/#website\",\"url\":\"https:\/\/www.alliesofhumanity.org\/sl\/\",\"name\":\"The Allies of Humanity\",\"description\":\"\",\"potentialAction\":[{\"@type\":\"SearchAction\",\"target\":{\"@type\":\"EntryPoint\",\"urlTemplate\":\"https:\/\/www.alliesofhumanity.org\/sl\/?s={search_term_string}\"},\"query-input\":{\"@type\":\"PropertyValueSpecification\",\"valueRequired\":true,\"valueName\":\"search_term_string\"}}],\"inLanguage\":\"sl-SI\"}]}<\/script>\n<!-- \/ Yoast SEO plugin. -->","yoast_head_json":{"title":"Vi\u0161je sile - Bo\u017eansko Delovanje v Vesolju","description":"Bo\u017eansko Posredovanje poteka prek Vi\u0161jih sil, prek omre\u017eij Modrih in prek narodov, kjer se Duhovnost ohranja pri \u017eivljenju.","robots":{"index":"index","follow":"follow","max-snippet":"max-snippet:-1","max-image-preview":"max-image-preview:large","max-video-preview":"max-video-preview:-1"},"canonical":"https:\/\/www.alliesofhumanity.org\/sl\/the-briefings\/book-four\/higher-powers\/","og_locale":"sl_SI","og_type":"article","og_title":"Vi\u0161je sile - Bo\u017eansko Delovanje v Vesolju","og_description":"Bo\u017eansko Posredovanje poteka prek Vi\u0161jih sil, prek omre\u017eij Modrih in prek narodov, kjer se Duhovnost ohranja pri \u017eivljenju.","og_url":"https:\/\/www.alliesofhumanity.org\/sl\/the-briefings\/book-four\/higher-powers\/","og_site_name":"The Allies of Humanity","article_publisher":"https:\/\/www.facebook.com\/alliesofhumanity\/","article_modified_time":"2025-03-31T03:06:22+00:00","og_image":[{"width":1200,"height":630,"url":"https:\/\/www.alliesofhumanity.org\/wp-content\/uploads\/2021\/01\/og-socialmedia-aoh.jpg","type":"image\/jpeg"}],"twitter_card":"summary_large_image","twitter_title":"Vi\u0161je sile - Bo\u017eansko Delovanje v Vesolju","twitter_site":"@earthallies","twitter_misc":{"Est. reading time":"6 minut"},"schema":{"@context":"https:\/\/schema.org","@graph":[{"@type":"WebPage","@id":"https:\/\/www.alliesofhumanity.org\/sl\/the-briefings\/book-four\/higher-powers\/","url":"https:\/\/www.alliesofhumanity.org\/sl\/the-briefings\/book-four\/higher-powers\/","name":"Vi\u0161je sile - Bo\u017eansko Delovanje v Vesolju","isPartOf":{"@id":"https:\/\/www.alliesofhumanity.org\/sl\/#website"},"datePublished":"2024-07-19T21:26:42+00:00","dateModified":"2025-03-31T03:06:22+00:00","description":"Bo\u017eansko Posredovanje poteka prek Vi\u0161jih sil, prek omre\u017eij Modrih in prek narodov, kjer se Duhovnost ohranja pri \u017eivljenju.","breadcrumb":{"@id":"https:\/\/www.alliesofhumanity.org\/sl\/the-briefings\/book-four\/higher-powers\/#breadcrumb"},"inLanguage":"sl-SI","potentialAction":[{"@type":"ReadAction","target":["https:\/\/www.alliesofhumanity.org\/sl\/the-briefings\/book-four\/higher-powers\/"]}]},{"@type":"BreadcrumbList","@id":"https:\/\/www.alliesofhumanity.org\/sl\/the-briefings\/book-four\/higher-powers\/#breadcrumb","itemListElement":[{"@type":"ListItem","position":1,"name":"Informativno sre\u010danje","item":"https:\/\/www.alliesofhumanity.org\/sl\/the-briefings\/"},{"@type":"ListItem","position":2,"name":"\u010cetrta knjiga","item":"https:\/\/www.alliesofhumanity.org\/sl\/the-briefings\/book-four\/"},{"@type":"ListItem","position":3,"name":"\u010cetrto informativno poro\u010dilo: Vi\u0161je Sile"}]},{"@type":"WebSite","@id":"https:\/\/www.alliesofhumanity.org\/sl\/#website","url":"https:\/\/www.alliesofhumanity.org\/sl\/","name":"The Allies of Humanity","description":"","potentialAction":[{"@type":"SearchAction","target":{"@type":"EntryPoint","urlTemplate":"https:\/\/www.alliesofhumanity.org\/sl\/?s={search_term_string}"},"query-input":{"@type":"PropertyValueSpecification","valueRequired":true,"valueName":"search_term_string"}}],"inLanguage":"sl-SI"}]}},"_links":{"self":[{"href":"https:\/\/www.alliesofhumanity.org\/sl\/wp-json\/wp\/v2\/pages\/23143","targetHints":{"allow":["GET"]}}],"collection":[{"href":"https:\/\/www.alliesofhumanity.org\/sl\/wp-json\/wp\/v2\/pages"}],"about":[{"href":"https:\/\/www.alliesofhumanity.org\/sl\/wp-json\/wp\/v2\/types\/page"}],"author":[{"embeddable":true,"href":"https:\/\/www.alliesofhumanity.org\/sl\/wp-json\/wp\/v2\/users\/23"}],"replies":[{"embeddable":true,"href":"https:\/\/www.alliesofhumanity.org\/sl\/wp-json\/wp\/v2\/comments?post=23143"}],"version-history":[{"count":3,"href":"https:\/\/www.alliesofhumanity.org\/sl\/wp-json\/wp\/v2\/pages\/23143\/revisions"}],"predecessor-version":[{"id":23880,"href":"https:\/\/www.alliesofhumanity.org\/sl\/wp-json\/wp\/v2\/pages\/23143\/revisions\/23880"}],"up":[{"embeddable":true,"href":"https:\/\/www.alliesofhumanity.org\/sl\/wp-json\/wp\/v2\/pages\/23130"}],"wp:attachment":[{"href":"https:\/\/www.alliesofhumanity.org\/sl\/wp-json\/wp\/v2\/media?parent=23143"}],"curies":[{"name":"wp","href":"https:\/\/api.w.org\/{rel}","templated":true}]}}