{"id":23141,"date":"2024-07-19T22:25:49","date_gmt":"2024-07-19T21:25:49","guid":{"rendered":"https:\/\/www.alliesofhumanity.org\/the-briefings\/book-four\/free-nations-universe\/"},"modified":"2025-03-17T23:18:33","modified_gmt":"2025-03-17T22:18:33","slug":"free-nations-universe","status":"publish","type":"page","link":"https:\/\/www.alliesofhumanity.org\/sl\/the-briefings\/book-four\/free-nations-universe\/","title":{"rendered":"Tretje informativno poro\u010dilo: Svoboda v Vesolju"},"content":{"rendered":"\t\t<div data-elementor-type=\"wp-page\" data-elementor-id=\"23141\" class=\"elementor elementor-23141 elementor-2536\" data-elementor-post-type=\"page\">\t\t\t\t\t\t<section class=\"elementor-section elementor-top-section elementor-element elementor-element-3bf3954f elementor-section-boxed elementor-section-height-default elementor-section-height-default\" data-id=\"3bf3954f\" data-element_type=\"section\">\t\t\t\t\t\t<div class=\"elementor-container elementor-column-gap-default\">\t\t\t\t\t<div class=\"elementor-column elementor-col-100 elementor-top-column elementor-element elementor-element-5b3ac6af\" data-id=\"5b3ac6af\" data-element_type=\"column\">\t\t\t<div class=\"elementor-widget-wrap elementor-element-populated\">\t\t\t\t\t\t<div class=\"elementor-element elementor-element-2f29e16 elementor-widget elementor-widget-text-editor\" data-id=\"2f29e16\" data-element_type=\"widget\" data-widget_type=\"text-editor.default\">\t\t\t\t<div class=\"elementor-widget-container\">\t\t\t\t\t\t\t\t\t<p>Zdaj vam bomo predstavili, kako je videti svoboda, ko je vzpostavljena. Da bi bil svet svoboden, mora imeti enotno vlado. V njej so lahko predstavniki razli\u010dnih skupin in regij sveta, vendar mora biti vlada enotna. Ne more biti skupek vojskujo\u010dih se plemen ali celo velikih narodov, saj bo to le vabilo k vme\u0161avanju in manipulaciji.<\/p><p>Svobodni narodi spodbujajo individualno ustvarjalnost in vrednost Znanja v posamezniku, vendar mora biti to Znanje usmerjeno tja, kjer lahko slu\u017ei ve\u010djim interesom sveta in ne le skrbi posameznika. Pravi talent je tu zelo priznan in cenjen, vendar ga je treba usmeriti. To ni zgolj previdnost posameznika. Je del bogastva naroda.<\/p><p>V nasprotju z nesvobodnimi narodi, kjer so \u017eivljenja ljudi preprosto popisana in usmerjena, kjer je talent posameznika le redko izkori\u0161\u010den, kjer polo\u017eaj v dru\u017ebi temelji le na dru\u017einskem rodu ali regionalnih potrebah, je v svobodnih narodih posameznik cenjen, njegove sposobnosti in modrost pa se razvijajo, ker sta ta modrost in znanje potrebna za stabilnost in blaginjo sveta. Poslani so, da slu\u017eijo tam, kjer lahko prinesejo najve\u010djo korist. Vendar to temelji na potrebi celote in ne le na \u017eeljah posameznika.<\/p><p>Svet blode\u010dih posameznikov ne bo nikoli mogel vzpostaviti svobode v Veliki Skupnosti. Tu mora slu\u017eiti individualnost, vendar v skladu s posameznikom, in to je ena od stvari, po katerih se svoboden narod razlikuje od nesvobodnega naroda.<\/p><p>V svobodni dr\u017eavi je nesoglasje dopustno, vendar le do dolo\u010dene meje. \u010ce je upor stalno prisoten, narod nikoli ne more biti stabilen; nikoli ne more prevzeti ve\u010djega pla\u0161\u010da svobode, da bi celo za\u0161\u010ditil svobo\u0161\u010dine, ki jih ponuja svojim dr\u017eavljanom. Ta stabilnost in varnost morata priti od zunaj.<\/p><p>Ker se \u0161e ne zavedate, da \u017eivite v Veliki Skupnosti in ste podvr\u017eeni njenim vplivom, se vam to morda zdi zelo druga\u010dno od tega, kar po\u010dnete v tem trenutku. Vendar je to nekaj, kar morate za\u010deti razumeti in sprejemati. Da bi bili enotna sila, morate razumeti veliko potrebo, ki zahteva to svobodo, in biti pripravljeni sodelovati in celo \u017ertvovati nekatere osebne svobo\u0161\u010dine zaradi nje.<\/p><p>Svoboda, ki jo zdaj u\u017eivate, ve\u010dinoma slu\u017ei le kapricam ali \u017eeljam posameznika, vendar v Veliki Skupnosti to ne pomeni svobode.<\/p><p>Svobodne dru\u017ebe morajo v najve\u010dji mo\u017eni meri ohranjati lastne vire in trgovati z drugimi svobodnimi narodi le za nujne stvari. Zato se plenjenje njihovih svetov ne sme zgoditi, ne sme se dovoliti, \u010de \u017eelimo ohraniti stabilnost in varnost v prihodnosti.<\/p><p>Pri tem je treba biti zelo zadr\u017ean. Modrost namre\u010d vedno zahteva veliko zadr\u017eanost. Svoboda pa vedno pomeni, da se morate zavedati tistih stvari, ki jih v resnici ne morete po\u010deti svobodno.<\/p><p>To je svoboda sveta. Svoboda celotnega naroda na svetu je tista, ki zagotavlja pravice posameznikov v Veliki Skupnosti. Vendar bodo te pravice zaradi nujnosti omejene.<\/p><p>Da bi svobodni narodi ostali svobodni, morajo biti sposobni prepre\u010diti ali se upreti vsem sku\u0161njavam, ki se jim bodo postavile po robu, zlasti \u010de bodo njihovi svetovi videti dragoceni za druge. Pri tem morate videti, da je svoboda za nesvobodne narode obravnavana kot velika gro\u017enja. Bojijo se, da bi svobo\u0161\u010dine, ki jih imajo svobodni narodi, lahko na nek na\u010din vplivale na njihovo lastno prebivalstvo, kar bi povzro\u010dilo upor, nezadovoljstvo in razdor.<\/p><p class=\"image-quote float-right\"><img decoding=\"async\" src=\"https:\/\/www.alliesofhumanity.org\/wp-content\/uploads\/2020\/12\/quote-book4-briefing3-1.png\" alt=\"\" \/><\/p><blockquote id=\"quote-2\" class=\"text-quote float-right bg-gray\">Svobodne dru\u017ebe morajo v najve\u010dji mo\u017eni meri ohraniti lastne vire in trgovati z drugimi svobodnimi narodi le za nujne stvari.<\/blockquote><p>Stvari, kot so umetnost, glasba in ples, v katerih danes u\u017eivate, bi bile za nesvobodne kulture velika gro\u017enja. Individualne svobo\u0161\u010dine, ki jih svoboden narod lahko zagotovi svojim dr\u017eavljanom, bi bile za nesvobodne narode gro\u017enja.<\/p><p>Zato svobodni narodi ne oddajajo v vesolje. \u010ce se lahko izognejo, ne razkrivajo, kak\u0161no je \u017eivljenje v njihovih svetovih. Ne sodelujejo v ve\u010djih trgovinskih mre\u017eah, ki so vedno zelo nadzorne in manipulativne in zaradi katerih je lastni svet ranljiv za sile prepri\u010devanja v veliko ve\u010djem obsegu.<\/p><p>Svobodni narodi morajo biti pri tem v veliki meri samozadostni. Biti morajo zelo enotni. In biti morajo zelo diskretni. To so tri velike zahteve svobode v vesolju. In ne morete se jim izogniti. Tu ni izjem.<\/p><p>Svobodni narodi so diskretni in ne potujejo po vesolju, da bi razobesili svoje zastave, uveljavljali svoj vpliv ali se vme\u0161avali v zadeve drugih. Lahko spodbujajo svobodo in odgovornost, kot to po\u010dnemo s temi Informativnimi Poro\u010dili, vendar se ne vme\u0161avajo. Kajti vme\u0161avanje pomeni kr\u0161enje lastne diskretnosti. Vme\u0161avanje pomeni, da se uveljavite v \u0161ir\u0161em vesolju, svobodni narodi pa tega ne \u017eelijo po\u010deti. Njihova izolacija je klju\u010dnega pomena za njihove edinstvene dose\u017eke.<\/p><p>V svobodnih dr\u017eavah je mo\u010d Znanja v posamezniku cenjena in podprta, tudi v okviru omejitev dru\u017ebe. V nesvobodnih narodih to ne poznajo ali pa jo brutalno zatirajo. Sre\u010danja Modrih v nesvobodnih narodih pa morajo potekati v veliki tajnosti, \u010de \u017eelijo pre\u017eiveti, kar se pogosto dogaja.<\/p><p>Ljudje va\u0161ega sveta menijo, da mora biti vesolje bolj\u0161e od sveta samega &#8211; bolj vzvi\u0161eno, bolj svobodno, bolj duhovno, bolj eti\u010dno, da bi ga lahko iskali, spodbujali, povabili na ta svet. To je morda obi\u010dajno pri\u010dakovanje ras, ki \u017eivijo v izolaciji. Tako je bilo tudi v na\u0161ih svetovih, dokler se ni za\u010del na\u0161 vzpon v Veliko skupnost in smo se morali soo\u010diti z Intervencijo.<\/p><p>To vam govorimo zato, ker morate razumeti, kaj v resnici pomeni pot svobode. Ne gre za individualno sre\u010do. Gre za svobodo va\u0161e rase. Ne gre za posamezna prizadevanja ali razvajanja. Gre za stabilnost in varnost va\u0161ega sveta. Svoboda tukaj ni pravica v vesolju. Je velik privilegij in velik dose\u017eek, ki si ga je treba prizadevno in dosledno zaslu\u017eiti ter ga za\u0161\u010dititi pred vsemi izzivi.<\/p><p class=\"image-quote float-left\"><img decoding=\"async\" src=\"https:\/\/www.alliesofhumanity.org\/wp-content\/uploads\/2020\/12\/quote-book4-briefing3-2.png\" alt=\"\" \/><\/p><blockquote id=\"quote-4\" class=\"text-quote float-left bg-red\">Svobodni narodi morajo biti pri tem v veliki meri samozadostni. Biti morajo zelo enotni. In morajo biti zelo diskretni. To so tri velike zahteve svobode v vesolju.<\/blockquote><p>\u010ce \u017eelite pre\u017eiveti v vesolju, ne morete imeti romanti\u010dnega pogleda na \u017eivljenje v njem. To je velika treznost, ki jo prina\u0161a modrost. Ne imejte domi\u0161ljijskih predstav o vrednosti stika ali o tem, kaj vas lahko druge rase nau\u010dijo o svobodi s svojim posegom v va\u0161 svet, saj je to usodna in tragi\u010dna napaka.<\/p><p>Prek Mre\u017ee Modrih vemo, koliko je bilo dano temu svetu, da bi ohranil in podprl niti svobode in modrosti, ki \u0161e vedno obstajajo na tem svetu. V ta namen je bilo v va\u0161 svet veliko vlo\u017eenega. Tudi ko se stopnjujete in napredujete v tehnolo\u0161kem razvoju, je na va\u0161em svetu velik poudarek na njegovem potencialu tukaj, na potencialu, da postane svobodna rasa v vesolju, potencialu, ki ga morate izkoristiti in razviti z lastno voljo in medsebojnim sodelovanjem.<\/p><p>Mi vam te svobode ne moremo dati in nobena druga rasa v vesolju vam je ne more dati, niti priti sem in jo vzpostaviti namesto vas. Vsaka rasa, ki vam to obljublja, vas resni\u010dno vara in je tu zaradi drugih, svojih lastnih ciljev.<\/p><p>Vendar pa nam koristi, da imamo v tem sektorju vesolja \u0161e eno svobodno raso. To bi bilo dobrodo\u0161lo, \u010deprav si ne prizadevamo za uradne odnose. Niste pripravljeni na formalne odnose. In morda \u0161e dolgo ne boste pripravljeni. Niste dovolj mo\u010dni. Niste dovolj zdru\u017eeni. Niste dovolj zreli, saj se \u0161e vedno prepu\u0161\u010date konfliktom, vojnam in uni\u010dujo\u010demu tekmovanju.<\/p><p>\u010ce lahko podpremo pojav Znanja v svetovih, kot je va\u0161, bomo to storili v skladu z Bo\u017eanskimi zapovedmi, prek Omre\u017eij Znanja in ne prek omre\u017eij vlad. Celo na\u0161e vlade ne vedo, kaj po\u010dnemo tukaj. \u010ceprav bi to teoreti\u010dno podprle, ni pametno, da bi imele to znanje, saj bi potem morale biti odgovorne za na\u0161a dejanja.<\/p><p>V ve\u010dini primerov so namre\u010d svobodne dr\u017eave morale z ve\u010djimi dr\u017eavami skleniti sporazume o nevme\u0161avanju, da bi se te dr\u017eave izognile njihovim dejavnostim. S svojo majhno prisotnostjo v slu\u017ebi va\u0161ega sveta to kr\u0161imo. Vladajo nam namre\u010d Vi\u0161je Sile, o katerih veste le malo, vendar se morate o njih pou\u010diti, o \u010demer bomo govorili v nadaljevanju.<\/p>\t\t\t\t\t\t\t\t<\/div>\t\t\t\t<\/div><p class=\"image-quote float-right\"><img decoding=\"async\" src=\"https:\/\/www.alliesofhumanity.org\/wp-content\/uploads\/2020\/12\/quote-book4-briefing3-3.png\" alt=\"\" \/><\/p><blockquote id=\"quote-6\" class=\"text-quote float-right bg-black\">Svobodne dr\u017eave so morale skleniti sporazume o nevme\u0161avanju z ve\u010djimi dr\u017eavami, ki jih obkro\u017eajo, da bi prepre\u010dile vme\u0161avanje ve\u010djih dr\u017eav v obmo\u010dje in dejavnosti svobodnih dr\u017eav. <\/blockquote>\t\t\t\t\t<\/div>\t\t<\/div>\t\t\t\t\t<\/div>\t\t<\/section>\t\t\t\t<\/div><p>\t\t<\/p>","protected":false},"excerpt":{"rendered":"<p>Zdaj vam bomo predstavili, kako je videti svoboda, ko je vzpostavljena. Da bi bil svet svoboden, mora imeti enotno vlado. V njej so lahko predstavniki razli\u010dnih skupin in regij sveta, vendar mora biti vlada enotna. Ne more biti skupek vojskujo\u010dih se plemen ali celo velikih narodov, saj bo to le vabilo k vme\u0161avanju in manipulaciji. [&hellip;]<\/p>\n","protected":false},"author":23,"featured_media":0,"parent":23130,"menu_order":3,"comment_status":"closed","ping_status":"closed","template":"page.php","meta":{"_acf_changed":false,"footnotes":""},"class_list":["post-23141","page","type-page","status-publish","hentry"],"acf":[],"yoast_head":"<!-- This site is optimized with the Yoast SEO plugin v26.5 - https:\/\/yoast.com\/wordpress\/plugins\/seo\/ -->\n<title>Svoboda v vesolju - Kako svobodni narodi ostanejo svobodni<\/title>\n<meta name=\"description\" content=\"Da bi svobodni narodi ostali svobodni, morajo biti sposobni prepre\u010diti ali se upreti vsem sku\u0161njavam, ki se jim bodo postavile po robu. Preberite, zakaj ....\" \/>\n<meta name=\"robots\" content=\"index, follow, max-snippet:-1, max-image-preview:large, max-video-preview:-1\" \/>\n<link rel=\"canonical\" href=\"https:\/\/www.alliesofhumanity.org\/sl\/the-briefings\/book-four\/free-nations-universe\/\" \/>\n<meta property=\"og:locale\" content=\"sl_SI\" \/>\n<meta property=\"og:type\" content=\"article\" \/>\n<meta property=\"og:title\" content=\"Svoboda v vesolju - Kako svobodni narodi ostanejo svobodni\" \/>\n<meta property=\"og:description\" content=\"Da bi svobodni narodi ostali svobodni, morajo biti sposobni prepre\u010diti ali se upreti vsem sku\u0161njavam, ki se jim bodo postavile po robu. Preberite, zakaj ....\" \/>\n<meta property=\"og:url\" content=\"https:\/\/www.alliesofhumanity.org\/sl\/the-briefings\/book-four\/free-nations-universe\/\" \/>\n<meta property=\"og:site_name\" content=\"The Allies of Humanity\" \/>\n<meta property=\"article:publisher\" content=\"https:\/\/www.facebook.com\/alliesofhumanity\/\" \/>\n<meta property=\"article:modified_time\" content=\"2025-03-17T22:18:33+00:00\" \/>\n<meta property=\"og:image\" content=\"https:\/\/www.alliesofhumanity.org\/wp-content\/uploads\/2021\/01\/og-socialmedia-aoh.jpg\" \/>\n\t<meta property=\"og:image:width\" content=\"1200\" \/>\n\t<meta property=\"og:image:height\" content=\"630\" \/>\n\t<meta property=\"og:image:type\" content=\"image\/jpeg\" \/>\n<meta name=\"twitter:card\" content=\"summary_large_image\" \/>\n<meta name=\"twitter:title\" content=\"Svoboda v vesolju - Kako svobodni narodi ostanejo svobodni\" \/>\n<meta name=\"twitter:site\" content=\"@earthallies\" \/>\n<meta name=\"twitter:label1\" content=\"Est. reading time\" \/>\n\t<meta name=\"twitter:data1\" content=\"7 minut\" \/>\n<script type=\"application\/ld+json\" class=\"yoast-schema-graph\">{\"@context\":\"https:\/\/schema.org\",\"@graph\":[{\"@type\":\"WebPage\",\"@id\":\"https:\/\/www.alliesofhumanity.org\/sl\/the-briefings\/book-four\/free-nations-universe\/\",\"url\":\"https:\/\/www.alliesofhumanity.org\/sl\/the-briefings\/book-four\/free-nations-universe\/\",\"name\":\"Svoboda v vesolju - Kako svobodni narodi ostanejo svobodni\",\"isPartOf\":{\"@id\":\"https:\/\/www.alliesofhumanity.org\/sl\/#website\"},\"datePublished\":\"2024-07-19T21:25:49+00:00\",\"dateModified\":\"2025-03-17T22:18:33+00:00\",\"description\":\"Da bi svobodni narodi ostali svobodni, morajo biti sposobni prepre\u010diti ali se upreti vsem sku\u0161njavam, ki se jim bodo postavile po robu. Preberite, zakaj ....\",\"breadcrumb\":{\"@id\":\"https:\/\/www.alliesofhumanity.org\/sl\/the-briefings\/book-four\/free-nations-universe\/#breadcrumb\"},\"inLanguage\":\"sl-SI\",\"potentialAction\":[{\"@type\":\"ReadAction\",\"target\":[\"https:\/\/www.alliesofhumanity.org\/sl\/the-briefings\/book-four\/free-nations-universe\/\"]}]},{\"@type\":\"BreadcrumbList\",\"@id\":\"https:\/\/www.alliesofhumanity.org\/sl\/the-briefings\/book-four\/free-nations-universe\/#breadcrumb\",\"itemListElement\":[{\"@type\":\"ListItem\",\"position\":1,\"name\":\"Informativno sre\u010danje\",\"item\":\"https:\/\/www.alliesofhumanity.org\/sl\/the-briefings\/\"},{\"@type\":\"ListItem\",\"position\":2,\"name\":\"\u010cetrta knjiga\",\"item\":\"https:\/\/www.alliesofhumanity.org\/sl\/the-briefings\/book-four\/\"},{\"@type\":\"ListItem\",\"position\":3,\"name\":\"Tretje informativno poro\u010dilo: Svoboda v Vesolju\"}]},{\"@type\":\"WebSite\",\"@id\":\"https:\/\/www.alliesofhumanity.org\/sl\/#website\",\"url\":\"https:\/\/www.alliesofhumanity.org\/sl\/\",\"name\":\"The Allies of Humanity\",\"description\":\"\",\"potentialAction\":[{\"@type\":\"SearchAction\",\"target\":{\"@type\":\"EntryPoint\",\"urlTemplate\":\"https:\/\/www.alliesofhumanity.org\/sl\/?s={search_term_string}\"},\"query-input\":{\"@type\":\"PropertyValueSpecification\",\"valueRequired\":true,\"valueName\":\"search_term_string\"}}],\"inLanguage\":\"sl-SI\"}]}<\/script>\n<!-- \/ Yoast SEO plugin. -->","yoast_head_json":{"title":"Svoboda v vesolju - Kako svobodni narodi ostanejo svobodni","description":"Da bi svobodni narodi ostali svobodni, morajo biti sposobni prepre\u010diti ali se upreti vsem sku\u0161njavam, ki se jim bodo postavile po robu. Preberite, zakaj ....","robots":{"index":"index","follow":"follow","max-snippet":"max-snippet:-1","max-image-preview":"max-image-preview:large","max-video-preview":"max-video-preview:-1"},"canonical":"https:\/\/www.alliesofhumanity.org\/sl\/the-briefings\/book-four\/free-nations-universe\/","og_locale":"sl_SI","og_type":"article","og_title":"Svoboda v vesolju - Kako svobodni narodi ostanejo svobodni","og_description":"Da bi svobodni narodi ostali svobodni, morajo biti sposobni prepre\u010diti ali se upreti vsem sku\u0161njavam, ki se jim bodo postavile po robu. Preberite, zakaj ....","og_url":"https:\/\/www.alliesofhumanity.org\/sl\/the-briefings\/book-four\/free-nations-universe\/","og_site_name":"The Allies of Humanity","article_publisher":"https:\/\/www.facebook.com\/alliesofhumanity\/","article_modified_time":"2025-03-17T22:18:33+00:00","og_image":[{"width":1200,"height":630,"url":"https:\/\/www.alliesofhumanity.org\/wp-content\/uploads\/2021\/01\/og-socialmedia-aoh.jpg","type":"image\/jpeg"}],"twitter_card":"summary_large_image","twitter_title":"Svoboda v vesolju - Kako svobodni narodi ostanejo svobodni","twitter_site":"@earthallies","twitter_misc":{"Est. reading time":"7 minut"},"schema":{"@context":"https:\/\/schema.org","@graph":[{"@type":"WebPage","@id":"https:\/\/www.alliesofhumanity.org\/sl\/the-briefings\/book-four\/free-nations-universe\/","url":"https:\/\/www.alliesofhumanity.org\/sl\/the-briefings\/book-four\/free-nations-universe\/","name":"Svoboda v vesolju - Kako svobodni narodi ostanejo svobodni","isPartOf":{"@id":"https:\/\/www.alliesofhumanity.org\/sl\/#website"},"datePublished":"2024-07-19T21:25:49+00:00","dateModified":"2025-03-17T22:18:33+00:00","description":"Da bi svobodni narodi ostali svobodni, morajo biti sposobni prepre\u010diti ali se upreti vsem sku\u0161njavam, ki se jim bodo postavile po robu. Preberite, zakaj ....","breadcrumb":{"@id":"https:\/\/www.alliesofhumanity.org\/sl\/the-briefings\/book-four\/free-nations-universe\/#breadcrumb"},"inLanguage":"sl-SI","potentialAction":[{"@type":"ReadAction","target":["https:\/\/www.alliesofhumanity.org\/sl\/the-briefings\/book-four\/free-nations-universe\/"]}]},{"@type":"BreadcrumbList","@id":"https:\/\/www.alliesofhumanity.org\/sl\/the-briefings\/book-four\/free-nations-universe\/#breadcrumb","itemListElement":[{"@type":"ListItem","position":1,"name":"Informativno sre\u010danje","item":"https:\/\/www.alliesofhumanity.org\/sl\/the-briefings\/"},{"@type":"ListItem","position":2,"name":"\u010cetrta knjiga","item":"https:\/\/www.alliesofhumanity.org\/sl\/the-briefings\/book-four\/"},{"@type":"ListItem","position":3,"name":"Tretje informativno poro\u010dilo: Svoboda v Vesolju"}]},{"@type":"WebSite","@id":"https:\/\/www.alliesofhumanity.org\/sl\/#website","url":"https:\/\/www.alliesofhumanity.org\/sl\/","name":"The Allies of Humanity","description":"","potentialAction":[{"@type":"SearchAction","target":{"@type":"EntryPoint","urlTemplate":"https:\/\/www.alliesofhumanity.org\/sl\/?s={search_term_string}"},"query-input":{"@type":"PropertyValueSpecification","valueRequired":true,"valueName":"search_term_string"}}],"inLanguage":"sl-SI"}]}},"_links":{"self":[{"href":"https:\/\/www.alliesofhumanity.org\/sl\/wp-json\/wp\/v2\/pages\/23141","targetHints":{"allow":["GET"]}}],"collection":[{"href":"https:\/\/www.alliesofhumanity.org\/sl\/wp-json\/wp\/v2\/pages"}],"about":[{"href":"https:\/\/www.alliesofhumanity.org\/sl\/wp-json\/wp\/v2\/types\/page"}],"author":[{"embeddable":true,"href":"https:\/\/www.alliesofhumanity.org\/sl\/wp-json\/wp\/v2\/users\/23"}],"replies":[{"embeddable":true,"href":"https:\/\/www.alliesofhumanity.org\/sl\/wp-json\/wp\/v2\/comments?post=23141"}],"version-history":[{"count":3,"href":"https:\/\/www.alliesofhumanity.org\/sl\/wp-json\/wp\/v2\/pages\/23141\/revisions"}],"predecessor-version":[{"id":23876,"href":"https:\/\/www.alliesofhumanity.org\/sl\/wp-json\/wp\/v2\/pages\/23141\/revisions\/23876"}],"up":[{"embeddable":true,"href":"https:\/\/www.alliesofhumanity.org\/sl\/wp-json\/wp\/v2\/pages\/23130"}],"wp:attachment":[{"href":"https:\/\/www.alliesofhumanity.org\/sl\/wp-json\/wp\/v2\/media?parent=23141"}],"curies":[{"name":"wp","href":"https:\/\/api.w.org\/{rel}","templated":true}]}}