{"id":23139,"date":"2024-07-19T22:24:55","date_gmt":"2024-07-19T21:24:55","guid":{"rendered":"https:\/\/www.alliesofhumanity.org\/the-briefings\/book-four\/exercise-restraint\/"},"modified":"2025-03-02T23:40:44","modified_gmt":"2025-03-02T22:40:44","slug":"exercise-restraint","status":"publish","type":"page","link":"https:\/\/www.alliesofhumanity.org\/sl\/the-briefings\/book-four\/exercise-restraint\/","title":{"rendered":"Drugo informativno poro\u010dilo: Pomen Zadr\u017eanosti"},"content":{"rendered":"\t\t<div data-elementor-type=\"wp-page\" data-elementor-id=\"23139\" class=\"elementor elementor-23139 elementor-2534\" data-elementor-post-type=\"page\">\t\t\t\t\t\t<section class=\"elementor-section elementor-top-section elementor-element elementor-element-414c4fd5 elementor-section-boxed elementor-section-height-default elementor-section-height-default\" data-id=\"414c4fd5\" data-element_type=\"section\">\t\t\t\t\t\t<div class=\"elementor-container elementor-column-gap-default\">\t\t\t\t\t<div class=\"elementor-column elementor-col-100 elementor-top-column elementor-element elementor-element-674426c7\" data-id=\"674426c7\" data-element_type=\"column\">\t\t\t<div class=\"elementor-widget-wrap elementor-element-populated\">\t\t\t\t\t\t<div class=\"elementor-element elementor-element-598920f elementor-widget elementor-widget-text-editor\" data-id=\"598920f\" data-element_type=\"widget\" data-widget_type=\"text-editor.default\">\t\t\t\t<div class=\"elementor-widget-container\">\t\t\t\t\t\t\t\t\t<p>V vesolju morate biti zelo zadr\u017eani. Ne mislite, da lahko greste ven in se dru\u017eite z vsakim, ki se vam zdi zanimiv, ali potujete na svetove drugih ras ali da boste na\u0161li velika zbirali\u0161\u010da, kjer se \u0161tevilne rase zbirajo za rekreacijo ali v dru\u017eabne namene, saj temu zagotovo ni tako.<\/p><p>Ogledali smo si va\u0161e filme, ki prikazujejo \u017eivljenje v vesolju. \u017dal so zelo napa\u010dni in nevarno zavajajo\u010di. Resni\u010dnost je zelo druga\u010dna in zelo trezna.<\/p><p>Morali se boste zelo brzdati. \u010ce ste odlo\u010deni, da boste imeli napredno tehnologijo drugih ras, bodo s\u010dasoma prevzele nadzor nad vami in va\u0161im svetom. To je treba omejiti.<\/p><p>\u010ce \u017eelite potovati ali zavzeti ozemlje v drugih krajih zunaj tega son\u010dnega sistema, se boste soo\u010dili z velikim nasprotovanjem in konflikti. Odpovedati se morate temu, da bi si prizadevali za te stvari.<\/p><p>\u010ce  boste svoj svet preve\u010d opusto\u0161ili, ne boste mogli oditi iz tega son\u010dnega sistema in poiskati drugega sveta, podobnega svojemu, saj so tak\u0161ni svetovi redki in so v lasti in varstvu drugih, ki so veliko mo\u010dnej\u0161i od vas. Pri \u017eeljah in pri\u010dakovanjih se morate brzdati.<\/p><p>\u010ce mislite, da obstajajo drugi svetovi, ki \u010dakajo na va\u0161e raziskovanje, \u010de boste tega uni\u010dili zaradi vojne ali degradacije, boste ugotovili, da glede na trenutno stanje tehnolo\u0161kega razvoja nimate mo\u010di ali vpliva v Veliki Skupnosti, da bi dobili dostop do njih, niti sredstev, da bi jih dosegli. Ne smete razmi\u0161ljati o teh stvareh &#8211; misliti, da bo drug svet na voljo za prevzem, saj temu ne bo tako.<\/p><p>Morda mislite, da lahko opusto\u0161ite svoj svet in da vas bo tehnologija re\u0161ila pred posledicami, toda \u010de boste to storili, bo va\u0161 svet spodkopal \u010dlove\u0161ko civilizacijo in vas oslabil do te mere, da se ne boste mogli upreti tujemu posredovanju ali obljubam o miru, mo\u010di in tehnologiji, ki se \u0161e danes predstavljajo voditeljem va\u0161ih narodov in nekaterim voditeljem va\u0161ih verskih institucij.<\/p><p class=\"image-quote float-right\"><img decoding=\"async\" src=\"https:\/\/www.alliesofhumanity.org\/wp-content\/uploads\/2020\/12\/quote-book4-briefing2-1.png\" alt=\"\" \/><\/p><blockquote id=\"quote-2\" class=\"text-quote float-right bg-black\">Morali se boste zelo brzdati. \u010ce ste odlo\u010deni, da boste imeli napredno tehnologijo drugih ras, bodo s\u010dasoma prevzele nadzor nad vami in va\u0161im svetom. To je treba omejiti.<\/blockquote><p>Zadr\u017eati se morate, da ne bi mislili, da lahko opusto\u0161ite ta svet in da lahko upate na svobodo in suverenost v vesolju, ali da lahko vodite vojno ali tekmovanje, uni\u010dujo\u010de tekmovanje, v korist svojega naroda. Kajti to bo vodilo le k ve\u010dji \u0161ibkosti v \u010dlove\u0161ki dru\u017eini &#8211; \u0161e bolj jo bo razdrobilo in \u0161e bolj uni\u010dilo mo\u017enost prihodnjega sodelovanja, ki bo tako potrebno za va\u0161o prihodnost in blaginjo.<\/p><p>Prepre\u010diti morate prepri\u010danje, da je vojna za vas koristna, da vam bo prinesla dobi\u010dek ali prednost, saj bo le zasejala semena va\u0161ega propada in okrepila tiste rase, ki se \u017eelijo tu uveljaviti kot gospodarji tega sveta.<\/p><p>Obrnite o\u010di v nebo. Tam sta va\u0161a prihodnost in usoda. Pono\u010di poglejte v nebo in vedite, da je polno inteligentnega \u017eivljenja. \u010ceprav je tam ne\u0161teto pustih in nenaseljenih svetov, je \u0161tevilo ras v va\u0161em lokalnem vesolju v tem sektorju, ki je majhno obmo\u010dje vesolja, ogromno. \u017divite namre\u010d v zelo dobro naseljenem delu galaksije, kjer so pravila sodelovanja \u017ee dolgo uveljavljena in kjer so vojne zatrte. To je za vas tako prednost kot slabost. Kot smo govorili v prej\u0161njih Poro\u010dilih, ste za\u0161\u010diteni pred neposrednim osvajanjem, vendar sta mo\u017enost in resni\u010dnost posredovanja in prepri\u010devanja ogromna.<\/p><p>Tu boste morali pridobiti ve\u010d spretnosti in priprav: zavedanje, odlo\u010dnost, spretnost, zadr\u017eanost. Vesolje je za vas zdaj le ozadje va\u0161ih velikih te\u017eav na Zemlji. Toda resni\u010dnost tega vesolja je ve\u010dja sila, ki poganja va\u0161 svet in va\u0161 razvoj. Poganja vas zaradi velikega izziva, ki ga predstavlja, ter velike prilo\u017enosti in zahteve po enotnosti in sodelovanju, ki ju bo spodbudila, \u010de jo boste lahko videli, spoznali in se nanjo odzvali.<\/p><p>Tak\u0161ne Intervencije se na svetu \u0161e ni zgodilo, saj ste bili \u0161e vedno preve\u010d primitivni in va\u0161a tehnologija \u0161e vedno preve\u010d nerazvita, da bi bili primerni kandidati za tuj nadzor in prepri\u010devanje. \u010ceprav je bil svet v va\u0161i dolgi zgodovini \u017ee ve\u010dkrat obiskan, tovrstno Posredovanje \u0161e nikoli ni bilo zares izvedeno.<\/p><p>Zdaj pa ste ustvarili mednarodno komunikacijo, planetarno trgovino, planetarno trgovanje. Ustvarili ste osnovno infrastrukturo, ki jo lahko drugi uporabljajo in imajo od nje koristi. To ter zavedanje, da bi \u010dlove\u0161tvo lahko postalo premo\u010dno za Posredovanje, je povzro\u010dilo dana\u0161nje Posredovanje v va\u0161em svetu, ki se je pospe\u0161ilo od zadnjega velikega svetovnega konflikta in se zdaj pospe\u0161uje na \u0161tevilnih razli\u010dnih podro\u010djih va\u0161ega \u017eivljenja.<\/p><p>\u010ce ga razumete pravilno, je to izziv, ki vam bo omogo\u010dil, da se dvignete nad konflikte in nenehna nesoglasja v va\u0161em svetu. Za za\u0161\u010dito tega sveta je treba zdru\u017eiti sredstva vseh narodov, saj je to nujno potrebno.<\/p><p class=\"image-quote float-left\"><img decoding=\"async\" src=\"https:\/\/www.alliesofhumanity.org\/wp-content\/uploads\/2020\/12\/quote-book4-briefing2-2.png\" alt=\"\" \/><\/p><blockquote id=\"quote-4\" class=\"text-quote float-left bg-red\">Tu boste morali pridobiti ve\u010d spretnosti in priprav: zavedanje, odlo\u010dnost, spretnost, zadr\u017eanost. Vesolje je za vas zdaj le ozadje va\u0161ih velikih te\u017eav na Zemlji.<\/blockquote><p>Va\u0161e razumevanje vesolja se mora spremeniti in postati realisti\u010dno. Spoznati morate svoj negotov polo\u017eaj in postati temeljni za vas.<\/p><p>Varovati morate okolje tega sveta &#8211; njegovo podnebje, njegove vire, sicer boste zapadli v rev\u0161\u010dino in obup na ravni, ki je na tem svetu \u0161e ni bilo. Vendar so se tak\u0161ne stvari v vesolju zgodile \u017ee ne\u0161tetokrat, z neizogibnimi in predvidljivimi rezultati.<\/p><p>Na\u0161e kulture so dovolj stare, da imajo zgodovino lokalnih dogodkov v tem delu galaksije. Videli in spoznali smo stvari, ki jih vi \u0161e ne morete neposredno videti ali spoznati. Mi vam lahko posredujemo le to modrost, to ve\u010djo perspektivo. Ne mislite, da je to le perspektiva, saj je to resnica va\u0161e resni\u010dnosti. To je tisto, kar prihaja. To je tisto, kar je \u017ee tukaj.<\/p>\t\t\t\t\t\t\t\t<\/div>\t\t\t\t<\/div>\t\t\t\t\t<\/div>\t\t<\/div>\t\t\t\t\t<\/div>\t\t<\/section>\t\t\t\t<\/div><p>\t\t<\/p>","protected":false},"excerpt":{"rendered":"<p>V vesolju morate biti zelo zadr\u017eani. Ne mislite, da lahko greste ven in se dru\u017eite z vsakim, ki se vam zdi zanimiv, ali potujete na svetove drugih ras ali da boste na\u0161li velika zbirali\u0161\u010da, kjer se \u0161tevilne rase zbirajo za rekreacijo ali v dru\u017eabne namene, saj temu zagotovo ni tako. Ogledali smo si va\u0161e filme, [&hellip;]<\/p>\n","protected":false},"author":23,"featured_media":0,"parent":23130,"menu_order":2,"comment_status":"closed","ping_status":"closed","template":"page.php","meta":{"_acf_changed":false,"footnotes":""},"class_list":["post-23139","page","type-page","status-publish","hentry"],"acf":[],"yoast_head":"<!-- This site is optimized with the Yoast SEO plugin v26.5 - https:\/\/yoast.com\/wordpress\/plugins\/seo\/ -->\n<title>Nezemeljski stik in pomen Zadr\u017eanosti<\/title>\n<meta name=\"description\" content=\"\u010ce smo odlo\u010deni, da bi imeli napredno tehnologijo nezemeljskih ras, bodo te s\u010dasoma prevzele nadzor nad \u010dlove\u0161tvom in na\u0161im svetom. Preberite, zakaj ....\" \/>\n<meta name=\"robots\" content=\"index, follow, max-snippet:-1, max-image-preview:large, max-video-preview:-1\" \/>\n<link rel=\"canonical\" href=\"https:\/\/www.alliesofhumanity.org\/sl\/the-briefings\/book-four\/exercise-restraint\/\" \/>\n<meta property=\"og:locale\" content=\"sl_SI\" \/>\n<meta property=\"og:type\" content=\"article\" \/>\n<meta property=\"og:title\" content=\"Nezemeljski stik in pomen Zadr\u017eanosti\" \/>\n<meta property=\"og:description\" content=\"\u010ce smo odlo\u010deni, da bi imeli napredno tehnologijo nezemeljskih ras, bodo te s\u010dasoma prevzele nadzor nad \u010dlove\u0161tvom in na\u0161im svetom. Preberite, zakaj ....\" \/>\n<meta property=\"og:url\" content=\"https:\/\/www.alliesofhumanity.org\/sl\/the-briefings\/book-four\/exercise-restraint\/\" \/>\n<meta property=\"og:site_name\" content=\"The Allies of Humanity\" \/>\n<meta property=\"article:publisher\" content=\"https:\/\/www.facebook.com\/alliesofhumanity\/\" \/>\n<meta property=\"article:modified_time\" content=\"2025-03-02T22:40:44+00:00\" \/>\n<meta property=\"og:image\" content=\"https:\/\/www.alliesofhumanity.org\/wp-content\/uploads\/2021\/01\/og-socialmedia-aoh.jpg\" \/>\n\t<meta property=\"og:image:width\" content=\"1200\" \/>\n\t<meta property=\"og:image:height\" content=\"630\" \/>\n\t<meta property=\"og:image:type\" content=\"image\/jpeg\" \/>\n<meta name=\"twitter:card\" content=\"summary_large_image\" \/>\n<meta name=\"twitter:title\" content=\"Nezemeljski stik in pomen Zadr\u017eanosti\" \/>\n<meta name=\"twitter:site\" content=\"@earthallies\" \/>\n<meta name=\"twitter:label1\" content=\"Est. reading time\" \/>\n\t<meta name=\"twitter:data1\" content=\"5 minut\" \/>\n<script type=\"application\/ld+json\" class=\"yoast-schema-graph\">{\"@context\":\"https:\/\/schema.org\",\"@graph\":[{\"@type\":\"WebPage\",\"@id\":\"https:\/\/www.alliesofhumanity.org\/sl\/the-briefings\/book-four\/exercise-restraint\/\",\"url\":\"https:\/\/www.alliesofhumanity.org\/sl\/the-briefings\/book-four\/exercise-restraint\/\",\"name\":\"Nezemeljski stik in pomen Zadr\u017eanosti\",\"isPartOf\":{\"@id\":\"https:\/\/www.alliesofhumanity.org\/sl\/#website\"},\"datePublished\":\"2024-07-19T21:24:55+00:00\",\"dateModified\":\"2025-03-02T22:40:44+00:00\",\"description\":\"\u010ce smo odlo\u010deni, da bi imeli napredno tehnologijo nezemeljskih ras, bodo te s\u010dasoma prevzele nadzor nad \u010dlove\u0161tvom in na\u0161im svetom. Preberite, zakaj ....\",\"breadcrumb\":{\"@id\":\"https:\/\/www.alliesofhumanity.org\/sl\/the-briefings\/book-four\/exercise-restraint\/#breadcrumb\"},\"inLanguage\":\"sl-SI\",\"potentialAction\":[{\"@type\":\"ReadAction\",\"target\":[\"https:\/\/www.alliesofhumanity.org\/sl\/the-briefings\/book-four\/exercise-restraint\/\"]}]},{\"@type\":\"BreadcrumbList\",\"@id\":\"https:\/\/www.alliesofhumanity.org\/sl\/the-briefings\/book-four\/exercise-restraint\/#breadcrumb\",\"itemListElement\":[{\"@type\":\"ListItem\",\"position\":1,\"name\":\"Informativno sre\u010danje\",\"item\":\"https:\/\/www.alliesofhumanity.org\/sl\/the-briefings\/\"},{\"@type\":\"ListItem\",\"position\":2,\"name\":\"\u010cetrta knjiga\",\"item\":\"https:\/\/www.alliesofhumanity.org\/sl\/the-briefings\/book-four\/\"},{\"@type\":\"ListItem\",\"position\":3,\"name\":\"Drugo informativno poro\u010dilo: Pomen Zadr\u017eanosti\"}]},{\"@type\":\"WebSite\",\"@id\":\"https:\/\/www.alliesofhumanity.org\/sl\/#website\",\"url\":\"https:\/\/www.alliesofhumanity.org\/sl\/\",\"name\":\"The Allies of Humanity\",\"description\":\"\",\"potentialAction\":[{\"@type\":\"SearchAction\",\"target\":{\"@type\":\"EntryPoint\",\"urlTemplate\":\"https:\/\/www.alliesofhumanity.org\/sl\/?s={search_term_string}\"},\"query-input\":{\"@type\":\"PropertyValueSpecification\",\"valueRequired\":true,\"valueName\":\"search_term_string\"}}],\"inLanguage\":\"sl-SI\"}]}<\/script>\n<!-- \/ Yoast SEO plugin. -->","yoast_head_json":{"title":"Nezemeljski stik in pomen Zadr\u017eanosti","description":"\u010ce smo odlo\u010deni, da bi imeli napredno tehnologijo nezemeljskih ras, bodo te s\u010dasoma prevzele nadzor nad \u010dlove\u0161tvom in na\u0161im svetom. Preberite, zakaj ....","robots":{"index":"index","follow":"follow","max-snippet":"max-snippet:-1","max-image-preview":"max-image-preview:large","max-video-preview":"max-video-preview:-1"},"canonical":"https:\/\/www.alliesofhumanity.org\/sl\/the-briefings\/book-four\/exercise-restraint\/","og_locale":"sl_SI","og_type":"article","og_title":"Nezemeljski stik in pomen Zadr\u017eanosti","og_description":"\u010ce smo odlo\u010deni, da bi imeli napredno tehnologijo nezemeljskih ras, bodo te s\u010dasoma prevzele nadzor nad \u010dlove\u0161tvom in na\u0161im svetom. Preberite, zakaj ....","og_url":"https:\/\/www.alliesofhumanity.org\/sl\/the-briefings\/book-four\/exercise-restraint\/","og_site_name":"The Allies of Humanity","article_publisher":"https:\/\/www.facebook.com\/alliesofhumanity\/","article_modified_time":"2025-03-02T22:40:44+00:00","og_image":[{"width":1200,"height":630,"url":"https:\/\/www.alliesofhumanity.org\/wp-content\/uploads\/2021\/01\/og-socialmedia-aoh.jpg","type":"image\/jpeg"}],"twitter_card":"summary_large_image","twitter_title":"Nezemeljski stik in pomen Zadr\u017eanosti","twitter_site":"@earthallies","twitter_misc":{"Est. reading time":"5 minut"},"schema":{"@context":"https:\/\/schema.org","@graph":[{"@type":"WebPage","@id":"https:\/\/www.alliesofhumanity.org\/sl\/the-briefings\/book-four\/exercise-restraint\/","url":"https:\/\/www.alliesofhumanity.org\/sl\/the-briefings\/book-four\/exercise-restraint\/","name":"Nezemeljski stik in pomen Zadr\u017eanosti","isPartOf":{"@id":"https:\/\/www.alliesofhumanity.org\/sl\/#website"},"datePublished":"2024-07-19T21:24:55+00:00","dateModified":"2025-03-02T22:40:44+00:00","description":"\u010ce smo odlo\u010deni, da bi imeli napredno tehnologijo nezemeljskih ras, bodo te s\u010dasoma prevzele nadzor nad \u010dlove\u0161tvom in na\u0161im svetom. Preberite, zakaj ....","breadcrumb":{"@id":"https:\/\/www.alliesofhumanity.org\/sl\/the-briefings\/book-four\/exercise-restraint\/#breadcrumb"},"inLanguage":"sl-SI","potentialAction":[{"@type":"ReadAction","target":["https:\/\/www.alliesofhumanity.org\/sl\/the-briefings\/book-four\/exercise-restraint\/"]}]},{"@type":"BreadcrumbList","@id":"https:\/\/www.alliesofhumanity.org\/sl\/the-briefings\/book-four\/exercise-restraint\/#breadcrumb","itemListElement":[{"@type":"ListItem","position":1,"name":"Informativno sre\u010danje","item":"https:\/\/www.alliesofhumanity.org\/sl\/the-briefings\/"},{"@type":"ListItem","position":2,"name":"\u010cetrta knjiga","item":"https:\/\/www.alliesofhumanity.org\/sl\/the-briefings\/book-four\/"},{"@type":"ListItem","position":3,"name":"Drugo informativno poro\u010dilo: Pomen Zadr\u017eanosti"}]},{"@type":"WebSite","@id":"https:\/\/www.alliesofhumanity.org\/sl\/#website","url":"https:\/\/www.alliesofhumanity.org\/sl\/","name":"The Allies of Humanity","description":"","potentialAction":[{"@type":"SearchAction","target":{"@type":"EntryPoint","urlTemplate":"https:\/\/www.alliesofhumanity.org\/sl\/?s={search_term_string}"},"query-input":{"@type":"PropertyValueSpecification","valueRequired":true,"valueName":"search_term_string"}}],"inLanguage":"sl-SI"}]}},"_links":{"self":[{"href":"https:\/\/www.alliesofhumanity.org\/sl\/wp-json\/wp\/v2\/pages\/23139","targetHints":{"allow":["GET"]}}],"collection":[{"href":"https:\/\/www.alliesofhumanity.org\/sl\/wp-json\/wp\/v2\/pages"}],"about":[{"href":"https:\/\/www.alliesofhumanity.org\/sl\/wp-json\/wp\/v2\/types\/page"}],"author":[{"embeddable":true,"href":"https:\/\/www.alliesofhumanity.org\/sl\/wp-json\/wp\/v2\/users\/23"}],"replies":[{"embeddable":true,"href":"https:\/\/www.alliesofhumanity.org\/sl\/wp-json\/wp\/v2\/comments?post=23139"}],"version-history":[{"count":5,"href":"https:\/\/www.alliesofhumanity.org\/sl\/wp-json\/wp\/v2\/pages\/23139\/revisions"}],"predecessor-version":[{"id":23859,"href":"https:\/\/www.alliesofhumanity.org\/sl\/wp-json\/wp\/v2\/pages\/23139\/revisions\/23859"}],"up":[{"embeddable":true,"href":"https:\/\/www.alliesofhumanity.org\/sl\/wp-json\/wp\/v2\/pages\/23130"}],"wp:attachment":[{"href":"https:\/\/www.alliesofhumanity.org\/sl\/wp-json\/wp\/v2\/media?parent=23139"}],"curies":[{"name":"wp","href":"https:\/\/api.w.org\/{rel}","templated":true}]}}