{"id":23130,"date":"2024-07-19T22:21:00","date_gmt":"2024-07-19T21:21:00","guid":{"rendered":"https:\/\/www.alliesofhumanity.org\/the-briefings\/book-four\/"},"modified":"2025-04-17T01:47:41","modified_gmt":"2025-04-17T00:47:41","slug":"book-four","status":"publish","type":"page","link":"https:\/\/www.alliesofhumanity.org\/sl\/the-briefings\/book-four\/","title":{"rendered":"\u010cetrta knjiga"},"content":{"rendered":"<h5>Vsa poro\u010dila o zaveznikih \u010dlove\u0161tva so brezpla\u010dno na voljo na spletu. Potovanje za\u010dnite s \u010detrto knjigo o zaveznikih.<\/h5>\n<p>Zavezniki \u010dlove\u0161tva so skupina posameznikov iz ve\u010d razli\u010dnih svetov, ki so pri\u0161li v bli\u017eino Zemlje, da bi opazovali intervencijo nezemljanov, ki se dogaja v na\u0161em svetu, ter poro\u010dali o dejavnostih te intervencije in njenih posledicah za \u010dlove\u0161ko raso.<\/p>\n<p>Zavezniki s svojimi poro\u010dili razkrivajo resni\u010dnost stikov, ki se danes dogajajo v svetu &#8211; kdo so obiskovalci, zakaj so tu in kak\u0161ne so njihovi \u0161ir\u0161i na\u010drti. S tem brifingi zapolnjujejo \u0161tevilne kriti\u010dne vrzeli v na\u0161em razumevanju resni\u010dnosti nezemeljskih obiskov in pojava NLP, ki sta \u017ee ve\u010d kot sedem desetletij v sredi\u0161\u010du raziskav in preu\u010devanj.<\/p>\n<p>Ta obvestila so del ve\u010djega sporo\u010dila tistih ras v na\u0161em lokalnem vesolju, ki podpirajo svobodo in suverenost \u010dlove\u0161tva pri njegovem prehodu v &#8220;ve\u010djo skupnost&#8221; \u017eivljenja. To je pristno sporo\u010dilo iz nezemeljskega vira, ki nas svari pred nevarnostmi Posega iz onstranstva in nas poziva, naj se pripravimo na izzive \u017eivljenja v vesolju.<\/p>\n<p><!--\nClick <a href=\"http:\/\/community.newmessage.org\/who-we-are-and-what-we-represent\" target=\"_blank\" rel=\"noopener\">here<\/a> to discuss the Briefings in our Community Site.\n\nGet a copy of the book:\n\n\n<ul>\n \t\n\n<li>Print version: <a href=\"https:\/\/newknowledgelibrary.org\/books\/allies-of-humanity-book-four-english-print-book\/\" target=\"_blank\" rel=\"noopener\">New Knowledge Library<\/a>\u00a0or\u00a0<a href=\"https:\/\/www.amazon.com\/Allies-Humanity-Book-Four-Universe\/dp\/B07XV9C7GK\/ref=tmm_pap_swatch_0\" target=\"_blank\" rel=\"noopener\">Amazon<\/a>.<\/li>\n\n\n \t\n\n<li>Ebook format: <a href=\"https:\/\/newknowledgelibrary.org\/e-books\/allies-of-humanity-book-four-english-e-book\/\" target=\"_blank\" rel=\"noopener\">New Knowledge Library<\/a>, <a href=\"https:\/\/www.amazon.com\/dp\/B07XT8V7X6\/\" target=\"_blank\" rel=\"noopener\">Kindle version for just $0.99 from Amazon<\/a>, <a href=\"https:\/\/books.apple.com\/book\/the-allies-of-humanity-book-four\/id1480031070\" target=\"_blank\" rel=\"noopener\">Apple Books<\/a>\u00a0or\u00a0<a href=\"https:\/\/play.google.com\/store\/books\/details\/Marshall_Vian_Summers_The_Allies_of_Humanity_Book?id=VVOvDwAAQBAJ\" target=\"_blank\" rel=\"noopener\">Google Play<\/a>.<\/li>\n\n\n<\/ul>\n\n\n--><\/p>\n<hr \/>\n<h5>Za\u010dnite brati povzetke na spletu zdaj!<\/h5>\n<p>Kazalo vsebine:<\/p>\n<p><a href=\"ah4-a-message-from-marshall-vian-summers\">A Message from Marshall Vian Summers<\/a><\/p>\n<p>Prvo informativno poro\u010dilo: <a href=\"allies-free-races\">Kdo smo in kaj predstavljamo<\/a><\/p>\n<p>Drugo informativno poro\u010dilo: <a href=\"exercise-restraint\">Pomen Zadr\u017eanosti<\/a><\/p>\n<p>Tretje informativno poro\u010dilo: <a href=\"free-nations-universe\">Svoboda v Vesolju<br \/>\n<\/a><\/p>\n<p>\u010cetrto informativno poro\u010dilo: <a href=\"higher-powers\">Vi\u0161je Sile<\/a><\/p>\n<p>Peto Informativno Poro\u010dilo: <a href=\"secure-freedom\">Velika Koordinacija<\/a><\/p>\n<p>\u0160esto informativno poro\u010dilo: <a href=\"networks-wise\">Mre\u017ee Modrih<\/a><\/p>\n<p><a href=\"\/briefings\/12-point-summary-of-the-allies-of-humanity-briefings\">12-Point Summary of the Allies of Humanity Briefings<\/a><\/p>\n<hr \/>\n<p>Dru\u0161tvo za novo sporo\u010dilo zdaj brezpla\u010dno ponuja vse \u0161tiri zvezke knjige <em>Zavezniki \u010dlove\u0161tva<\/em> na spletu. To po\u010dnemo zato, da bi to sporo\u010dilo doseglo \u010dim ve\u010d ljudi, tako na najni\u017ejih ravneh kot na polo\u017eajih politi\u010dne, gospodarske in verske mo\u010di.<\/p>\n","protected":false},"excerpt":{"rendered":"<p>Vsa poro\u010dila o zaveznikih \u010dlove\u0161tva so brezpla\u010dno na voljo na spletu. Potovanje za\u010dnite s \u010detrto knjigo o zaveznikih. Zavezniki \u010dlove\u0161tva so skupina posameznikov iz ve\u010d razli\u010dnih svetov, ki so pri\u0161li v bli\u017eino Zemlje, da bi opazovali intervencijo nezemljanov, ki se dogaja v na\u0161em svetu, ter poro\u010dali o dejavnostih te intervencije in njenih posledicah za \u010dlove\u0161ko [&hellip;]<\/p>\n","protected":false},"author":25,"featured_media":0,"parent":23061,"menu_order":4,"comment_status":"closed","ping_status":"closed","template":"page-book-start.php","meta":{"_acf_changed":false,"footnotes":""},"class_list":["post-23130","page","type-page","status-publish","hentry"],"acf":[],"yoast_head":"<!-- This site is optimized with the Yoast SEO plugin v26.5 - https:\/\/yoast.com\/wordpress\/plugins\/seo\/ -->\n<title>\u010cetrta knjiga Zavezniki \u010dlove\u0161tva : Svoboda v vesolju<\/title>\n<meta name=\"description\" content=\"Kako lahko \u010dlove\u0161tvo dose\u017ee in ohrani svojo svobodo v vesolju ob stiku z nezemeljskim tujim \u017eivljenjem.\" \/>\n<meta name=\"robots\" content=\"index, follow, max-snippet:-1, max-image-preview:large, max-video-preview:-1\" \/>\n<link rel=\"canonical\" href=\"https:\/\/www.alliesofhumanity.org\/sl\/the-briefings\/book-four\/\" \/>\n<meta property=\"og:locale\" content=\"sl_SI\" \/>\n<meta property=\"og:type\" content=\"article\" \/>\n<meta property=\"og:title\" content=\"\u010cetrta knjiga Zavezniki \u010dlove\u0161tva : Svoboda v vesolju\" \/>\n<meta property=\"og:description\" content=\"Kako lahko \u010dlove\u0161tvo dose\u017ee in ohrani svojo svobodo v vesolju ob stiku z nezemeljskim tujim \u017eivljenjem.\" \/>\n<meta property=\"og:url\" content=\"https:\/\/www.alliesofhumanity.org\/sl\/the-briefings\/book-four\/\" \/>\n<meta property=\"og:site_name\" content=\"The Allies of Humanity\" \/>\n<meta property=\"article:publisher\" content=\"https:\/\/www.facebook.com\/alliesofhumanity\/\" \/>\n<meta property=\"article:modified_time\" content=\"2025-04-17T00:47:41+00:00\" \/>\n<meta property=\"og:image\" content=\"https:\/\/www.alliesofhumanity.org\/wp-content\/uploads\/2021\/01\/og-socialmedia-aoh.jpg\" \/>\n\t<meta property=\"og:image:width\" content=\"1200\" \/>\n\t<meta property=\"og:image:height\" content=\"630\" \/>\n\t<meta property=\"og:image:type\" content=\"image\/jpeg\" \/>\n<meta name=\"twitter:card\" content=\"summary_large_image\" \/>\n<meta name=\"twitter:title\" content=\"\u010cetrta knjiga Zavezniki \u010dlove\u0161tva : Svoboda v vesolju\" \/>\n<meta name=\"twitter:site\" content=\"@earthallies\" \/>\n<meta name=\"twitter:label1\" content=\"Est. reading time\" \/>\n\t<meta name=\"twitter:data1\" content=\"2 minuti\" \/>\n<script type=\"application\/ld+json\" class=\"yoast-schema-graph\">{\"@context\":\"https:\/\/schema.org\",\"@graph\":[{\"@type\":\"WebPage\",\"@id\":\"https:\/\/www.alliesofhumanity.org\/sl\/the-briefings\/book-four\/\",\"url\":\"https:\/\/www.alliesofhumanity.org\/sl\/the-briefings\/book-four\/\",\"name\":\"\u010cetrta knjiga Zavezniki \u010dlove\u0161tva : Svoboda v vesolju\",\"isPartOf\":{\"@id\":\"https:\/\/www.alliesofhumanity.org\/sl\/#website\"},\"datePublished\":\"2024-07-19T21:21:00+00:00\",\"dateModified\":\"2025-04-17T00:47:41+00:00\",\"description\":\"Kako lahko \u010dlove\u0161tvo dose\u017ee in ohrani svojo svobodo v vesolju ob stiku z nezemeljskim tujim \u017eivljenjem.\",\"breadcrumb\":{\"@id\":\"https:\/\/www.alliesofhumanity.org\/sl\/the-briefings\/book-four\/#breadcrumb\"},\"inLanguage\":\"sl-SI\",\"potentialAction\":[{\"@type\":\"ReadAction\",\"target\":[\"https:\/\/www.alliesofhumanity.org\/sl\/the-briefings\/book-four\/\"]}]},{\"@type\":\"BreadcrumbList\",\"@id\":\"https:\/\/www.alliesofhumanity.org\/sl\/the-briefings\/book-four\/#breadcrumb\",\"itemListElement\":[{\"@type\":\"ListItem\",\"position\":1,\"name\":\"Informativno sre\u010danje\",\"item\":\"https:\/\/www.alliesofhumanity.org\/sl\/the-briefings\/\"},{\"@type\":\"ListItem\",\"position\":2,\"name\":\"\u010cetrta knjiga\"}]},{\"@type\":\"WebSite\",\"@id\":\"https:\/\/www.alliesofhumanity.org\/sl\/#website\",\"url\":\"https:\/\/www.alliesofhumanity.org\/sl\/\",\"name\":\"The Allies of Humanity\",\"description\":\"\",\"potentialAction\":[{\"@type\":\"SearchAction\",\"target\":{\"@type\":\"EntryPoint\",\"urlTemplate\":\"https:\/\/www.alliesofhumanity.org\/sl\/?s={search_term_string}\"},\"query-input\":{\"@type\":\"PropertyValueSpecification\",\"valueRequired\":true,\"valueName\":\"search_term_string\"}}],\"inLanguage\":\"sl-SI\"}]}<\/script>\n<!-- \/ Yoast SEO plugin. -->","yoast_head_json":{"title":"\u010cetrta knjiga Zavezniki \u010dlove\u0161tva : Svoboda v vesolju","description":"Kako lahko \u010dlove\u0161tvo dose\u017ee in ohrani svojo svobodo v vesolju ob stiku z nezemeljskim tujim \u017eivljenjem.","robots":{"index":"index","follow":"follow","max-snippet":"max-snippet:-1","max-image-preview":"max-image-preview:large","max-video-preview":"max-video-preview:-1"},"canonical":"https:\/\/www.alliesofhumanity.org\/sl\/the-briefings\/book-four\/","og_locale":"sl_SI","og_type":"article","og_title":"\u010cetrta knjiga Zavezniki \u010dlove\u0161tva : Svoboda v vesolju","og_description":"Kako lahko \u010dlove\u0161tvo dose\u017ee in ohrani svojo svobodo v vesolju ob stiku z nezemeljskim tujim \u017eivljenjem.","og_url":"https:\/\/www.alliesofhumanity.org\/sl\/the-briefings\/book-four\/","og_site_name":"The Allies of Humanity","article_publisher":"https:\/\/www.facebook.com\/alliesofhumanity\/","article_modified_time":"2025-04-17T00:47:41+00:00","og_image":[{"width":1200,"height":630,"url":"https:\/\/www.alliesofhumanity.org\/wp-content\/uploads\/2021\/01\/og-socialmedia-aoh.jpg","type":"image\/jpeg"}],"twitter_card":"summary_large_image","twitter_title":"\u010cetrta knjiga Zavezniki \u010dlove\u0161tva : Svoboda v vesolju","twitter_site":"@earthallies","twitter_misc":{"Est. reading time":"2 minuti"},"schema":{"@context":"https:\/\/schema.org","@graph":[{"@type":"WebPage","@id":"https:\/\/www.alliesofhumanity.org\/sl\/the-briefings\/book-four\/","url":"https:\/\/www.alliesofhumanity.org\/sl\/the-briefings\/book-four\/","name":"\u010cetrta knjiga Zavezniki \u010dlove\u0161tva : Svoboda v vesolju","isPartOf":{"@id":"https:\/\/www.alliesofhumanity.org\/sl\/#website"},"datePublished":"2024-07-19T21:21:00+00:00","dateModified":"2025-04-17T00:47:41+00:00","description":"Kako lahko \u010dlove\u0161tvo dose\u017ee in ohrani svojo svobodo v vesolju ob stiku z nezemeljskim tujim \u017eivljenjem.","breadcrumb":{"@id":"https:\/\/www.alliesofhumanity.org\/sl\/the-briefings\/book-four\/#breadcrumb"},"inLanguage":"sl-SI","potentialAction":[{"@type":"ReadAction","target":["https:\/\/www.alliesofhumanity.org\/sl\/the-briefings\/book-four\/"]}]},{"@type":"BreadcrumbList","@id":"https:\/\/www.alliesofhumanity.org\/sl\/the-briefings\/book-four\/#breadcrumb","itemListElement":[{"@type":"ListItem","position":1,"name":"Informativno sre\u010danje","item":"https:\/\/www.alliesofhumanity.org\/sl\/the-briefings\/"},{"@type":"ListItem","position":2,"name":"\u010cetrta knjiga"}]},{"@type":"WebSite","@id":"https:\/\/www.alliesofhumanity.org\/sl\/#website","url":"https:\/\/www.alliesofhumanity.org\/sl\/","name":"The Allies of Humanity","description":"","potentialAction":[{"@type":"SearchAction","target":{"@type":"EntryPoint","urlTemplate":"https:\/\/www.alliesofhumanity.org\/sl\/?s={search_term_string}"},"query-input":{"@type":"PropertyValueSpecification","valueRequired":true,"valueName":"search_term_string"}}],"inLanguage":"sl-SI"}]}},"_links":{"self":[{"href":"https:\/\/www.alliesofhumanity.org\/sl\/wp-json\/wp\/v2\/pages\/23130","targetHints":{"allow":["GET"]}}],"collection":[{"href":"https:\/\/www.alliesofhumanity.org\/sl\/wp-json\/wp\/v2\/pages"}],"about":[{"href":"https:\/\/www.alliesofhumanity.org\/sl\/wp-json\/wp\/v2\/types\/page"}],"author":[{"embeddable":true,"href":"https:\/\/www.alliesofhumanity.org\/sl\/wp-json\/wp\/v2\/users\/25"}],"replies":[{"embeddable":true,"href":"https:\/\/www.alliesofhumanity.org\/sl\/wp-json\/wp\/v2\/comments?post=23130"}],"version-history":[{"count":6,"href":"https:\/\/www.alliesofhumanity.org\/sl\/wp-json\/wp\/v2\/pages\/23130\/revisions"}],"predecessor-version":[{"id":23893,"href":"https:\/\/www.alliesofhumanity.org\/sl\/wp-json\/wp\/v2\/pages\/23130\/revisions\/23893"}],"up":[{"embeddable":true,"href":"https:\/\/www.alliesofhumanity.org\/sl\/wp-json\/wp\/v2\/pages\/23061"}],"wp:attachment":[{"href":"https:\/\/www.alliesofhumanity.org\/sl\/wp-json\/wp\/v2\/media?parent=23130"}],"curies":[{"name":"wp","href":"https:\/\/api.w.org\/{rel}","templated":true}]}}