{"id":23120,"date":"2024-07-19T22:11:03","date_gmt":"2024-07-19T21:11:03","guid":{"rendered":"https:\/\/www.alliesofhumanity.org\/the-briefings\/book-three\/hidden-powers\/"},"modified":"2024-12-29T04:18:11","modified_gmt":"2024-12-29T03:18:11","slug":"hidden-powers","status":"publish","type":"page","link":"https:\/\/www.alliesofhumanity.org\/sl\/the-briefings\/book-three\/hidden-powers\/","title":{"rendered":"\u010cetrto informativno poro\u010dilo: Skrite mo\u010di"},"content":{"rendered":"\t\t<div data-elementor-type=\"wp-page\" data-elementor-id=\"23120\" class=\"elementor elementor-23120 elementor-2521\" data-elementor-post-type=\"page\">\t\t\t\t\t\t<section class=\"elementor-section elementor-top-section elementor-element elementor-element-7aae654a elementor-section-boxed elementor-section-height-default elementor-section-height-default\" data-id=\"7aae654a\" data-element_type=\"section\">\t\t\t\t\t\t<div class=\"elementor-container elementor-column-gap-default\">\t\t\t\t\t<div class=\"elementor-column elementor-col-100 elementor-top-column elementor-element elementor-element-74af48f4\" data-id=\"74af48f4\" data-element_type=\"column\">\t\t\t<div class=\"elementor-widget-wrap elementor-element-populated\">\t\t\t\t\t\t<div class=\"elementor-element elementor-element-2203759 elementor-widget elementor-widget-text-editor\" data-id=\"2203759\" data-element_type=\"widget\" data-widget_type=\"text-editor.default\">\t\t\t\t<div class=\"elementor-widget-container\">\t\t\t\t\t\t\t\t\t<p.\u010clove\u0161tvo ima mo\u010d, ki se je \u0161e ne zave, mo\u010d, ki lahko odvrne Intervencijo, mo\u010d, ki bo \u010dlove\u0161tvu dala ve\u010djo obljubo in ve\u010djo mo\u010d v vesolju. To je nevidna mo\u010d. To je mo\u010d, ki, ko jo enkrat izkusimo, postane bistvena sila pri usmerjanju \u017eivljenja ter zagotavljanju resni\u010dne mo\u010di in varnosti.<\/p>\r<p>Ta mo\u010d se v vesolju imenuje Znanje. To je mo\u010d videti, vedeti in delovati z jasnostjo in gotovostjo. To je mo\u010d, ki je onkraj prepri\u010devanja in manipuliranja iz katerega koli tujega vira ali iz katerega koli drugega vira. To je mo\u010d, ki je kot potencial dana vsakemu posamezniku v \u010dlove\u0161ki dru\u017eini in zunaj nje.<\/p>\r<p>V Veliki Skupnosti religija na koncu postane \u0161tudij in uporaba Poti Znanja, saj je to tisto, kar je v religiji najbolj prevedljivo. Lokalni obi\u010daji, lokalni u\u010ditelji in lokalna zgodovina se ne prena\u0161ajo iz enega sveta v drugega. Prevedljivo je le tisto, kar je bistveno pri preu\u010devanju in prakticiranju zavedanja Stvarnika in Stvarnikove velike donacije Znanja posamezniku.<\/p>\r<p>Samo v svetu, kjer je svoboda posameznika cenjena in podprta, je Znanje pravi poudarek in pravi cilj, ne le za posameznika, temve\u010d tudi za celoten narod. Zato se Znanja bojijo in se ga izogibajo v narodih, kjer ni svobode posameznika, saj lahko mo\u010d Znanja spodbudi posameznikovo ustvarjalnost, njegovo nestrinjanje in razlikovanje od volje in usmerjanja skupine. Prav ta svoboda in ustvarjalnost dajeta va\u0161emu \u017eivljenju dinami\u010dne lastnosti, mo\u010d in potenco. To posamezniku omogo\u010da, da izpolni svojo usodo v svetu.<\/p>\r<p>Kultivacija Znanja je v vesolju redka, ker je svoboda v vesolju redka. V mnogih svetovih in narodih, kjer je svoboda odsvetovana ali nedovoljena, se Pot Znanja u\u010di na skrivaj. Najmo\u010dneje se izra\u017ea v svobodnih narodih, kjer je razumljena ne le kot pot do osebne izpolnitve in prispevka, temve\u010d tudi kot vir mo\u010di v mentalnem okolju &#8211; mo\u010di, ki jo je mogo\u010de uporabiti za za\u0161\u010dito svobodne rase pred tujimi vdori in posegi.\r<\/p><p class=\"image-quote float-right\"><img decoding=\"async\" src=\"https:\/\/www.alliesofhumanity.org\/wp-content\/uploads\/2020\/12\/quote-book3-briefing4-1.png\" alt=\"\" \/><\/p><blockquote id=\"quote-2\" class=\"text-quote float-right bg-red\">Odpor bo pokazal, da je \u010dlove\u0161tvo samoodlo\u010dena rasa in da se tuje sile ne \u017eelijo vme\u0161avati vanj in ga nadzorovati.<\/blockquote><p>\u010clove\u0161tvo se \u0161e ne zaveda, koliko mo\u010di ima v resnici in kak\u0161ne prednosti imate, ker ste ohranili svoje religije in jih ni nadomestila vera v tehnologijo. Niso bile popolnoma podrejene politi\u010dnim na\u010drtom vladajo\u010dih narodov. \u010ceprav je bilo veliko korupcije, razumemo, da sta mo\u010d in prisotnost Znanja v \u010dlove\u0161tvu \u0161e vedno mo\u010dna in da je njegov potencial za prihodnost zelo spodbuden.\r<\/p><p>\u010ce tega Znanja ne bi bilo in ne bi bilo dostopno ljudem, bi bilo na\u0161e sporo\u010dilo svarila, spodbude in upanja brez smisla. Govorimo Znanju v vas in v vseh \u010dlove\u0161kih srcih. Ne gre toliko za ideje, kot za spoznanje resni\u010dnosti in pripravo, ki jo mora \u010dlove\u0161tvo opraviti, da bi se pripravilo na svojo prihodnost v Veliki Skupnosti. Tam je namre\u010d va\u0161a usoda, va\u0161 uspeh in neuspeh pa se bosta zgodila v okviru Velike Skupnosti.\r<\/p><p>Znanje predstavlja globlji glas. Tako vam bo Stvarnik spregovoril, da bi vas vodil, za\u0161\u010ditil in pripravil. Je popolnoma brez vme\u0161avanja, prepri\u010devanja in manipulacije. Predstavlja jedro va\u0161e mo\u010di in va\u0161e najmo\u010dnej\u0161e sredstvo. Vsako dejanje, ki ga lahko sprejmete za ohranitev svobode \u010dlove\u0161tva, bi se na koncu izkazalo za neuspe\u0161no, \u010de ga ne bi spremljalo Znanje.\r<\/p><p>Tudi to je eden od razlogov, zakaj modri ostajajo skriti, saj imajo mo\u010d in prisotnost Znanja. Intervencija tega Znanja ne pozna in ga ne uporablja, zato predstavlja va\u0161o najve\u010djo mo\u010d. Toda zavedanje Znanja je treba gojiti. Zavedati se je treba potrebe po Znanju, saj va\u0161 individualni intelekt ne more tekmovati z mo\u010djo skupinskega uma, ki obstaja v Veliki Skupnosti. Vendar je Znanje v vas imuno na njegov vpliv in lahko vidi skozi njegove prevare.\r<\/p><p>Mo\u010d va\u0161ih idej in prepri\u010danj je \u0161ibka v primerjavi s tistimi, ki jih trdno gojijo \u0161tevilni mo\u017egani v Veliki Skupnosti. Toda mo\u010d Znanja je mo\u010dnej\u0161a. Ne more se ga obrniti. Ni ga mogo\u010de izdati. Nobena mo\u010d v vesolju ga ne more spremeniti. Z njim lahko govori le Stvarnik vsega \u017eivljenja in le temu prisluhne.\r<\/p><p>Znanje v vas je zdru\u017eeno z Znanjem v drugih. Ko se bo Znanje v \u010dlove\u0161ki dru\u017eini okrepilo, bosta vojna in konflikt izgubila svojo privla\u010dnost. Ko se bo Znanje v \u010dlove\u0161ki dru\u017eini okrepilo, bodo ponudbe tuje tehnologije in tujega upravljanja izgubile svojo privla\u010dnost. Znanju ne bodo pomenile ni\u010desar. Vse tiste stvari, ki vplivajo na ljudi, da si \u0161kodujejo ali da se ukvarjajo z dejavnostmi, ki niso v njihovem najbolj\u0161em interesu, bodo spri\u010do Znanja, te globlje mo\u010di, izgubile svojo privla\u010dnost.\r<\/p><p>Vsem ljudem ni treba najti te mo\u010di, vendar jo mnogi potrebujejo. V nasprotnem primeru bo Posredovanje potekalo neovirano. Vlade bodo skrivale, kar vedo, in se borile, kako se spopasti s to prisotnostjo in njenimi nameni, ljudje po svetu pa bodo ostali obsedeni sami s seboj in nevedni, ne da bi se zavedali ve\u010dje nevarnosti za svojo prihodnost in svobodo.\r<\/p><p>\u010ce se bo dovolj ljudi okrepilo z Znanjem in spoznalo Veliko Skupnost, \u010dlove\u0161tvo ne bo podleglo. Uprlo se bo Intervenciji. In njegov odpor bo pokazal upraviteljem trgovine in obrti, da je \u010dlove\u0161tvo samoodlo\u010dena rasa in da si ne \u017eeli vme\u0161avanja in nadzorovanja tuje sile. To vam bo dalo mo\u010d in spo\u0161tovanje, ki ju v tem trenutku nimate.\r<\/p><p>Najve\u010dje darilo, ki vam ga lahko dajo druge rase, je njihova modrost o \u017eivljenju v vesolju in njihovo zavedanje o mo\u010di Znanja. Prav ta netehnolo\u0161ka mo\u010d bo odlo\u010dala o tem, katero pot boste izbrali &#8211; ali boste v svojem svetu izbrali konflikt in vojno ali sodelovanje in enotnost, ali se boste pripravili na Veliko Skupnost s prepoznavanjem prisotnosti Intervencije in njene gro\u017enje ali ju boste prezrli in se osredoto\u010dili na druge stvari, ki se vam zdijo pomembne. Od tega, kako se bodo ljudje zavedali te notranje mo\u010di, je odvisno, kak\u0161no pot bo \u010dlove\u0161tvo ubralo pri vzpostavljanju \u010dlove\u0161ke enotnosti &#8211; ali bo to pot zatiranja in podrejanja ali pot soglasja in zavedanja. Od tega bo odvisno, kaj bodo ljudje videli, kaj bodo vedeli in kaj bodo storili.\r<\/p><p>Znanje je tako osrednjega pomena za va\u0161o izku\u0161njo in zato predstavlja najve\u010djo mo\u010d v vesolju. Tisti, ki so mo\u010dni z Znanjem, imajo mo\u010d v mentalnem okolju. Ni jih mogo\u010de zapeljati in ne more jih spodbuditi nobena sila. Cenili bodo svobodo, mo\u010d, enotnost in namen. \u010clove\u0161tvo sicer ceni te stvari, vendar ne dovolj glede na va\u0161o vklju\u010ditev v Veliko Skupnost in ne dovolj glede na propadajo\u010de stanje va\u0161ega sveta.\r<\/p><p>To vemo, ker se je Posredovanje zgodilo na mnogih mestih, celo v na\u0161ih lastnih svetovih, kjer smo se morali boriti, da bi si povrnili svobodo in pregnali sile, ki so nas posku\u0161ale voditi in nadzorovati. Na\u0161a zgodovina je te\u017eka in ne brez ob\u017ealovanja. Veliko na\u0161ih je bilo izgubljenih v boju za svobodo, ker nismo pravo\u010dasno prisluhnili opozorilom, nato pa smo se morali soo\u010diti z zelo te\u017eko nalogo, da strmoglavimo tiste, ki so se uveljavili kot sile v na\u0161ih lastnih svetovih.\r<\/p><p>Zato nas je Stvarnik vsega \u017eivljenja poslal, da spregovorimo v imenu Zaveznikov \u010clove\u0161tva &#8211; da \u010dlove\u0161tvu svetujemo, ga opozarjamo in spodbujamo, naj prepozna svoje velike prilo\u017enosti in velike nevarnosti, ki so pred njim, naj se ustrezno pripravi in poi\u0161\u010de globljo mo\u010d Znanja, ki vam bo zagotovila navdih, pogum in voljo, da se lotite te\u017ekih sprememb, ki jih je treba vzpostaviti v svetu.\r<\/p><p>\u010clove\u0161tvo ne pozna svoje mo\u010di, Intervencija pa ga vodi le k temu, da verjame v svojo \u0161ibkost. Posredovanje \u017eeli, da se \u010dlove\u0161tvo po\u010duti \u0161ibko in nemo\u010dno, obupano in malodu\u0161no. To je popolno okolje, v katerem se lahko Intervencija uveljavi &#8211; vzpostavi svojo mo\u010d, si pridobi podporo in prednost v tujem svetu.\r<\/p><p>Zato morate razmisliti o teh stvareh, o katerih govorimo, preden pridete do kakr\u0161nih koli sklepov o mo\u017enostih \u010dlove\u0161tva v njegovem svetu in zunaj njega. Pri sre\u010danjih z inteligentnim \u017eivljenjem zunaj sveta morate biti zelo previdni in spretni. Potreba po preglednosti in odgovornosti v zvezi z vsakim obiskom je zelo velika. Pri tem morate imeti gotovost in ne le upanje.\r<\/p><p>Znanje zagotavlja gotovost. Brez Znanja imate lahko upanje, brez gotovosti pa je upanje \u0161ibko in se ga zlahka znebite. Gotovost vam bo povedala, kaj morate storiti. Seznanila vas bo s tem, kaj se zahteva od vas kot posameznika in kaj se zahteva od va\u0161ih narodov. Navedli smo tri zahteve za izgradnjo in vzpostavitev svobode v Veliki Skupnosti. Te lahko slu\u017eijo kot kontekst za pomemben \u010dlove\u0161ki razvoj. Vendar mora ta razvoj navdihovati Znanje. V nasprotnem primeru lahko \u017eelja po enotnosti vodi v zatiranje. \u017delja po razlo\u010devanju lahko vodi v skrivnostnost, \u010de je ne vodi Znanje.\r<\/p><p>Intervenciji je treba nasprotovati. Njeno prisotnost je treba obsoditi. Razkriti je treba njene dejavnosti. Ljudje ne smejo verjeti tujim silam, ki so tu brez \u010dlovekovega dovoljenja in delujejo proti \u010dlovekovi volji in zavesti. Pomembno je, da vlade ljudem razkrijejo, vendar morajo ljudje razkriti tudi, kaj vidijo in kaj so sami do\u017eiveli v zvezi s prisotnostjo Intervencije.\r<\/p><p>\u010clove\u0161tvo mora zgraditi svojo mejo v vesolju. Vesolju mora nameniti svoje o\u010di in pozornost. Ne morete biti s hrbtom obrnjeni proti vesolju, \u010de \u017eelite videti, kaj prihaja, in videti, kaj je \u017ee tu.\r<\/p><p class=\"image-quote float-right\"><img decoding=\"async\" src=\"https:\/\/www.alliesofhumanity.org\/wp-content\/uploads\/2020\/12\/quote-book3-briefing4-2.png\" alt=\"\" \/><\/p><blockquote id=\"quote-4\" class=\"text-quote float-right bg-black\">Ljudje ne smejo verjeti v tuje sile, ki so tu brez \u010dlovekovega dovoljenja in delujejo proti \u010dlovekovi volji in zavesti.<\/blockquote><p>Odvzem ljudi proti njihovi volji je treba razkriti in obsoditi. Namen je zahrbten. Lahko le \u0161e bolj oslabi in razdeli \u010dlove\u0161ko dru\u017eino. Zavedati se morate, da zdaj obstaja konkurenca &#8211; konkurenca iz drugega sveta. To konkurenco je treba prepoznati in razkriti. Tisti, ki so verjeli, da je ta prisotnost tu za dobro \u010dlove\u0161tva, morajo videti, da temu ni tako, da so bili prevarani in da tisti, ki so bili zajeti proti svoji volji, verjamejo v stvari, v katere so bili spodbujeni verjeti.\r<\/p><p>Vi ste avtohtoni prebivalci tega sveta. Izku\u0161ate Intervencijo. Zgodovina va\u0161ega sveta vas u\u010di, kak\u0161no je Posredovanje in da se vedno izvaja v interesu tistih, ki posredujejo. Ne dovolite, da bi podlegli tujemu prepri\u010devanju in posredovanju. Razumite, da va\u0161i pravi prijatelji in zavezniki ne bi nikoli tako posegali v svet ali izvajali tak\u0161nih dejavnosti, ki le ogro\u017eajo blaginjo ljudi in spodkopavajo enotnost, samozadostnost in diskretnost \u010dlove\u0161tva.\r<\/p><p>Da bi v vesolju lahko lo\u010dili prijatelja od sovra\u017enika, morate poznati razliko med svojo mo\u010djo in \u0161ibkostjo, saj bo sovra\u017enik govoril va\u0161i \u0161ibkosti, prijatelj pa va\u0161i mo\u010di. Vse, kar \u010dlove\u0161tvo ceni, je zdaj ogro\u017eeno &#8211; vse, kar ste ustvarili, vsi va\u0161i napredki, vse, kar ste dosegli, kar je pomembno. Ne zavedate se, kak\u0161ni darovi so vam bili tu dani in kako pomembni so.\r<\/p><p>V vesolju boste naleteli na rase, katerih prebivalci ne izkazujejo so\u010dutja drug do drugega. Njihovi prebivalci so postali bolj podobni strojem &#8211; vodeni, nadzorovani in usmerjeni, z zelo malo misli ali \u010dustev do sebe ali drug do drugega. To je obi\u010dajno. To je ena od smeri, ki jih lahko rasa ubere za vzpostavitev stabilnosti in varnosti. To ni smer, ki so jo ubrali va\u0161i Zavezniki. Za svoja ljudstva in prihodnost so si za\u010drtali povsem druga\u010dno pot.\r<\/p><p>Ne mislite, da je prihodnost \u010dlove\u0161tva brezupna, saj bi tako mislili, \u010de bi podlegli prepri\u010danju, ki je bilo vr\u017eeno na \u010dlove\u0161ko dru\u017eino. Kajti Posredovanje si prizadeva pridobiti va\u0161o naklonjenost ali premagati va\u0161e nasprotovanje. \u010ce si ne morejo pridobiti va\u0161e naklonjenosti, vas bodo sku\u0161ali odvrniti in vas pustiti v brezupu in obupu.\r<\/p><p>Vera v \u010dlove\u0161tvo, vera v mo\u010d dobrega \u010dlove\u0161kega vodstva, vera v nujnost in zahtevo po \u010dlove\u0161ki enotnosti, samozadostnosti in diskretnosti &#8211; te vere ne smete nikoli izgubiti. Ne glede na to, kak\u0161ne se zdijo stvari, ne smete nikoli obupati. Intervencija \u017eeli, da se predate, da se vdate in da se prepustite. Vendar teh stvari v Veliki Skupnosti ne smete nikoli po\u010deti. Kajti ko enkrat izgubite svobodo, jo je izredno te\u017eko ponovno pridobiti, kar smo tako mo\u010dno izkusili tudi sami.\r<\/p><p>Potreben bo izjemen pogum, da bi naredili, kar je treba storiti v svetu &#8211; izjemna \u010dlove\u0161ka inovativnost, \u010dlove\u0161ka predanost in sodelovanje. \u010ce ne verjamete, da je to mogo\u010de, potem je Intervencija \u017ee zmagala. Potem je to le \u0161e vpra\u0161anje \u010dasa. Podredili ste se, ne da bi se sploh zavedali vpliva, ki je bil na vas izvr\u0161en.\r<\/p><p>Svobodo in enotnost je te\u017eko dose\u010di, zato ju mora voditi velika potreba. Ni zgolj naklju\u010dje, da bi narod v vesolju postal svoboden. To se zgodi po nujnosti in po izbiri. \u010ce v vesolju niste svobodni, vam bodo vladali drugi. \u010ce ne dose\u017eete in podprete svoje svobode, potem ne boste obvladovali svoje usode. To je resni\u010dnost \u017eivljenja v vesolju. To je realnost, ki vas lahko odre\u0161i ali porazi, odvisno od tega, kako se nanjo odzovete.\r<\/p><p>Mnogi so v Veliki Skupnosti propadli prav zaradi teh razlogov. Nastajajo\u010de rase, kot je va\u0161a, ki ne morejo uveljaviti svoje svobode ali so izgubile samozadostnost, se znajdejo pod vplivom tujih sil &#8211; pogosto jih prevzamejo brez odkritega nasilja, prevzamejo jih zaradi njihovih lastnih konfliktov, prevzamejo jih zaradi njihove lastne prikraj\u0161anosti. Vsi napredni narodi se soo\u010dajo z iz\u010drpavanjem virov. Vse je odvisno od tega, kaj bodo storili, ko se bodo s tem soo\u010dili. Znanje, ki ga ima posameznik v sebi, ga bo vodilo k pravilni odlo\u010ditvi. \u010ce pa Znanja ne pozna ali ga ne do\u017eivlja, se bo odlo\u010dil druga\u010de.\r<\/p><p>\u010clove\u0161tvo ima veliko mo\u010d, vendar je ne uporablja. Ima velik potencial, vendar ga ne izkori\u0161\u010da. Posamezniki in narodi si \u0161e vedno prizadevajo pridobiti \u010dim ve\u010d od svojega okolja, ne da bi razmi\u0161ljali o jutri\u0161njem dnevu in o tem, kaj bo prinesel jutri\u0161nji dan. Narodi si nasprotujejo in skupine si nasprotujejo, ne da bi se zavedali, da se oboji soo\u010dajo z nadvlado v Veliki Skupnosti.\r<\/p><p>Pri tem lahko na Veliko Skupnost gledamo kot na veliko gro\u017enjo, ki jo bodo ljudje zanikali ali se ji izogibali, ali pa kot na velik izziv, ki lahko zdru\u017ei \u010dlove\u0161tvo v njegovem imenu, z njegovo lastno mo\u010djo in spretnostjo. Tu bo \u010dlove\u0161tvo pridobilo svojo mo\u010d zaradi nujnosti &#8211; mo\u010d odzivanja na spreminjajo\u010de se okolje in na spreminjajo\u010de se okoli\u0161\u010dine.\r<\/p>\t\t\t\t\t\t\t\t<\/div><p class=\"image-quote float-right\"><img decoding=\"async\" src=\"https:\/\/www.alliesofhumanity.org\/wp-content\/uploads\/2020\/12\/quote-book3-briefing4-3.png\" alt=\"\" \/><\/p><blockquote id=\"quote-6\" class=\"text-quote float-right bg-black\">Nastajajo\u010de rase, kot je va\u0161a, ki ne morejo uveljaviti svoje svobode ali so izgubile samozadostnost, se znajdejo pod vplivom tujih sil - pogosto jih prevzamejo brez odkritega nasilja.<\/blockquote>\t\t\t\t<\/div>\t\t\t\t\t<\/div>\t\t<\/div>\t\t\t\t\t<\/div>\t\t<\/section>\t\t\t\t<\/div><p>\t\t<\/p>","protected":false},"excerpt":{"rendered":"","protected":false},"author":23,"featured_media":0,"parent":23113,"menu_order":4,"comment_status":"closed","ping_status":"closed","template":"page.php","meta":{"_acf_changed":false,"footnotes":""},"class_list":["post-23120","page","type-page","status-publish","hentry"],"acf":[],"yoast_head":"<!-- This site is optimized with the Yoast SEO plugin v26.5 - https:\/\/yoast.com\/wordpress\/plugins\/seo\/ -->\n<title>Tretja knjiga Zavezniki \u010dlove\u0161tva: Skrite mo\u010di<\/title>\n<meta name=\"description\" content=\"Zavezniki govorijo o nezemeljskih skritih silah, ki so tu brez dovoljenja in delujejo proti \u010dlove\u0161ki volji in zavesti.\" \/>\n<meta name=\"robots\" content=\"index, follow, max-snippet:-1, max-image-preview:large, max-video-preview:-1\" \/>\n<link rel=\"canonical\" href=\"https:\/\/www.alliesofhumanity.org\/sl\/the-briefings\/book-three\/hidden-powers\/\" \/>\n<meta property=\"og:locale\" content=\"sl_SI\" \/>\n<meta property=\"og:type\" content=\"article\" \/>\n<meta property=\"og:title\" content=\"Tretja knjiga Zavezniki \u010dlove\u0161tva: Skrite mo\u010di\" \/>\n<meta property=\"og:description\" content=\"Zavezniki govorijo o nezemeljskih skritih silah, ki so tu brez dovoljenja in delujejo proti \u010dlove\u0161ki volji in zavesti.\" \/>\n<meta property=\"og:url\" content=\"https:\/\/www.alliesofhumanity.org\/sl\/the-briefings\/book-three\/hidden-powers\/\" \/>\n<meta property=\"og:site_name\" content=\"The Allies of Humanity\" \/>\n<meta property=\"article:publisher\" content=\"https:\/\/www.facebook.com\/alliesofhumanity\/\" \/>\n<meta property=\"article:modified_time\" content=\"2024-12-29T03:18:11+00:00\" \/>\n<meta property=\"og:image\" content=\"https:\/\/www.alliesofhumanity.org\/wp-content\/uploads\/2021\/01\/og-socialmedia-aoh.jpg\" \/>\n\t<meta property=\"og:image:width\" content=\"1200\" \/>\n\t<meta property=\"og:image:height\" content=\"630\" \/>\n\t<meta property=\"og:image:type\" content=\"image\/jpeg\" \/>\n<meta name=\"twitter:card\" content=\"summary_large_image\" \/>\n<meta name=\"twitter:title\" content=\"Tretja knjiga Zavezniki \u010dlove\u0161tva: Skrite mo\u010di\" \/>\n<meta name=\"twitter:site\" content=\"@earthallies\" \/>\n<script type=\"application\/ld+json\" class=\"yoast-schema-graph\">{\"@context\":\"https:\/\/schema.org\",\"@graph\":[{\"@type\":\"WebPage\",\"@id\":\"https:\/\/www.alliesofhumanity.org\/sl\/the-briefings\/book-three\/hidden-powers\/\",\"url\":\"https:\/\/www.alliesofhumanity.org\/sl\/the-briefings\/book-three\/hidden-powers\/\",\"name\":\"Tretja knjiga Zavezniki \u010dlove\u0161tva: Skrite mo\u010di\",\"isPartOf\":{\"@id\":\"https:\/\/www.alliesofhumanity.org\/sl\/#website\"},\"datePublished\":\"2024-07-19T21:11:03+00:00\",\"dateModified\":\"2024-12-29T03:18:11+00:00\",\"description\":\"Zavezniki govorijo o nezemeljskih skritih silah, ki so tu brez dovoljenja in delujejo proti \u010dlove\u0161ki volji in zavesti.\",\"breadcrumb\":{\"@id\":\"https:\/\/www.alliesofhumanity.org\/sl\/the-briefings\/book-three\/hidden-powers\/#breadcrumb\"},\"inLanguage\":\"sl-SI\",\"potentialAction\":[{\"@type\":\"ReadAction\",\"target\":[\"https:\/\/www.alliesofhumanity.org\/sl\/the-briefings\/book-three\/hidden-powers\/\"]}]},{\"@type\":\"BreadcrumbList\",\"@id\":\"https:\/\/www.alliesofhumanity.org\/sl\/the-briefings\/book-three\/hidden-powers\/#breadcrumb\",\"itemListElement\":[{\"@type\":\"ListItem\",\"position\":1,\"name\":\"Informativno sre\u010danje\",\"item\":\"https:\/\/www.alliesofhumanity.org\/sl\/the-briefings\/\"},{\"@type\":\"ListItem\",\"position\":2,\"name\":\"Tretja knjiga\",\"item\":\"https:\/\/www.alliesofhumanity.org\/sl\/the-briefings\/book-three\/\"},{\"@type\":\"ListItem\",\"position\":3,\"name\":\"\u010cetrto informativno poro\u010dilo: Skrite mo\u010di\"}]},{\"@type\":\"WebSite\",\"@id\":\"https:\/\/www.alliesofhumanity.org\/sl\/#website\",\"url\":\"https:\/\/www.alliesofhumanity.org\/sl\/\",\"name\":\"The Allies of Humanity\",\"description\":\"\",\"potentialAction\":[{\"@type\":\"SearchAction\",\"target\":{\"@type\":\"EntryPoint\",\"urlTemplate\":\"https:\/\/www.alliesofhumanity.org\/sl\/?s={search_term_string}\"},\"query-input\":{\"@type\":\"PropertyValueSpecification\",\"valueRequired\":true,\"valueName\":\"search_term_string\"}}],\"inLanguage\":\"sl-SI\"}]}<\/script>\n<!-- \/ Yoast SEO plugin. -->","yoast_head_json":{"title":"Tretja knjiga Zavezniki \u010dlove\u0161tva: Skrite mo\u010di","description":"Zavezniki govorijo o nezemeljskih skritih silah, ki so tu brez dovoljenja in delujejo proti \u010dlove\u0161ki volji in zavesti.","robots":{"index":"index","follow":"follow","max-snippet":"max-snippet:-1","max-image-preview":"max-image-preview:large","max-video-preview":"max-video-preview:-1"},"canonical":"https:\/\/www.alliesofhumanity.org\/sl\/the-briefings\/book-three\/hidden-powers\/","og_locale":"sl_SI","og_type":"article","og_title":"Tretja knjiga Zavezniki \u010dlove\u0161tva: Skrite mo\u010di","og_description":"Zavezniki govorijo o nezemeljskih skritih silah, ki so tu brez dovoljenja in delujejo proti \u010dlove\u0161ki volji in zavesti.","og_url":"https:\/\/www.alliesofhumanity.org\/sl\/the-briefings\/book-three\/hidden-powers\/","og_site_name":"The Allies of Humanity","article_publisher":"https:\/\/www.facebook.com\/alliesofhumanity\/","article_modified_time":"2024-12-29T03:18:11+00:00","og_image":[{"width":1200,"height":630,"url":"https:\/\/www.alliesofhumanity.org\/wp-content\/uploads\/2021\/01\/og-socialmedia-aoh.jpg","type":"image\/jpeg"}],"twitter_card":"summary_large_image","twitter_title":"Tretja knjiga Zavezniki \u010dlove\u0161tva: Skrite mo\u010di","twitter_site":"@earthallies","schema":{"@context":"https:\/\/schema.org","@graph":[{"@type":"WebPage","@id":"https:\/\/www.alliesofhumanity.org\/sl\/the-briefings\/book-three\/hidden-powers\/","url":"https:\/\/www.alliesofhumanity.org\/sl\/the-briefings\/book-three\/hidden-powers\/","name":"Tretja knjiga Zavezniki \u010dlove\u0161tva: Skrite mo\u010di","isPartOf":{"@id":"https:\/\/www.alliesofhumanity.org\/sl\/#website"},"datePublished":"2024-07-19T21:11:03+00:00","dateModified":"2024-12-29T03:18:11+00:00","description":"Zavezniki govorijo o nezemeljskih skritih silah, ki so tu brez dovoljenja in delujejo proti \u010dlove\u0161ki volji in zavesti.","breadcrumb":{"@id":"https:\/\/www.alliesofhumanity.org\/sl\/the-briefings\/book-three\/hidden-powers\/#breadcrumb"},"inLanguage":"sl-SI","potentialAction":[{"@type":"ReadAction","target":["https:\/\/www.alliesofhumanity.org\/sl\/the-briefings\/book-three\/hidden-powers\/"]}]},{"@type":"BreadcrumbList","@id":"https:\/\/www.alliesofhumanity.org\/sl\/the-briefings\/book-three\/hidden-powers\/#breadcrumb","itemListElement":[{"@type":"ListItem","position":1,"name":"Informativno sre\u010danje","item":"https:\/\/www.alliesofhumanity.org\/sl\/the-briefings\/"},{"@type":"ListItem","position":2,"name":"Tretja knjiga","item":"https:\/\/www.alliesofhumanity.org\/sl\/the-briefings\/book-three\/"},{"@type":"ListItem","position":3,"name":"\u010cetrto informativno poro\u010dilo: Skrite mo\u010di"}]},{"@type":"WebSite","@id":"https:\/\/www.alliesofhumanity.org\/sl\/#website","url":"https:\/\/www.alliesofhumanity.org\/sl\/","name":"The Allies of Humanity","description":"","potentialAction":[{"@type":"SearchAction","target":{"@type":"EntryPoint","urlTemplate":"https:\/\/www.alliesofhumanity.org\/sl\/?s={search_term_string}"},"query-input":{"@type":"PropertyValueSpecification","valueRequired":true,"valueName":"search_term_string"}}],"inLanguage":"sl-SI"}]}},"_links":{"self":[{"href":"https:\/\/www.alliesofhumanity.org\/sl\/wp-json\/wp\/v2\/pages\/23120","targetHints":{"allow":["GET"]}}],"collection":[{"href":"https:\/\/www.alliesofhumanity.org\/sl\/wp-json\/wp\/v2\/pages"}],"about":[{"href":"https:\/\/www.alliesofhumanity.org\/sl\/wp-json\/wp\/v2\/types\/page"}],"author":[{"embeddable":true,"href":"https:\/\/www.alliesofhumanity.org\/sl\/wp-json\/wp\/v2\/users\/23"}],"replies":[{"embeddable":true,"href":"https:\/\/www.alliesofhumanity.org\/sl\/wp-json\/wp\/v2\/comments?post=23120"}],"version-history":[{"count":5,"href":"https:\/\/www.alliesofhumanity.org\/sl\/wp-json\/wp\/v2\/pages\/23120\/revisions"}],"predecessor-version":[{"id":23756,"href":"https:\/\/www.alliesofhumanity.org\/sl\/wp-json\/wp\/v2\/pages\/23120\/revisions\/23756"}],"up":[{"embeddable":true,"href":"https:\/\/www.alliesofhumanity.org\/sl\/wp-json\/wp\/v2\/pages\/23113"}],"wp:attachment":[{"href":"https:\/\/www.alliesofhumanity.org\/sl\/wp-json\/wp\/v2\/media?parent=23120"}],"curies":[{"name":"wp","href":"https:\/\/api.w.org\/{rel}","templated":true}]}}