{"id":23114,"date":"2024-07-19T22:03:07","date_gmt":"2024-07-19T21:03:07","guid":{"rendered":"https:\/\/www.alliesofhumanity.org\/the-briefings\/book-three\/contact-with-extraterestrial-races\/"},"modified":"2024-11-23T04:51:22","modified_gmt":"2024-11-23T03:51:22","slug":"contact-with-extraterestrial-races","status":"publish","type":"page","link":"https:\/\/www.alliesofhumanity.org\/sl\/the-briefings\/book-three\/contact-with-extraterestrial-races\/","title":{"rendered":"Prvo informativno poro\u010dilo: Realnost stika"},"content":{"rendered":"\t\t<div data-elementor-type=\"wp-page\" data-elementor-id=\"23114\" class=\"elementor elementor-23114 elementor-2516\" data-elementor-post-type=\"page\">\t\t\t\t\t\t<section class=\"elementor-section elementor-top-section elementor-element elementor-element-7292e7d8 elementor-section-boxed elementor-section-height-default elementor-section-height-default\" data-id=\"7292e7d8\" data-element_type=\"section\">\t\t\t\t\t\t<div class=\"elementor-container elementor-column-gap-default\">\t\t\t\t\t<div class=\"elementor-column elementor-col-100 elementor-top-column elementor-element elementor-element-6e130964\" data-id=\"6e130964\" data-element_type=\"column\">\t\t\t<div class=\"elementor-widget-wrap elementor-element-populated\">\t\t\t\t\t\t<div class=\"elementor-element elementor-element-115da37 elementor-widget elementor-widget-text-editor\" data-id=\"115da37\" data-element_type=\"widget\" data-widget_type=\"text-editor.default\">\t\t\t\t<div class=\"elementor-widget-container\">\t\t\t\t\t\t\t\t\t<p>Zdaj pozdravljamo od dale\u010d. V prvih dveh sklopih komunikacije z vami smo lahko bili v bli\u017eini va\u0161ega sveta na skriti lokaciji v va\u0161em son\u010dnem sistemu. Zdaj pa smo bili prisiljeni pobegniti, saj so na\u0161a razkritja postala javna. Intervencija, ki jo v va\u0161em svetu izvajajo tiste nezemeljske rase, ki bi rade izkoristile \u0161ibko in razdeljeno \u010dlove\u0161tvo, nas je poiskala, da bi nas na\u0161la in uni\u010dila, da ne bi poro\u010dali o njihovih dejavnostih v svetu in tako razkrili njihovih skritih na\u010drtov in motivov.<\/p>\r<p>Prebivalci va\u0161ega sveta morajo vedeti, da zdaj vstopate v Veliko Skupnost inteligentnega \u017eivljenja, Veliko Skupnost, o kateri ne veste ni\u010desar in se ji \u0161e niste prilagodili. To je Ve\u010dja Skupnost naprednih svetov, saj \u017eivite v razvitem in naseljenem delu vesolja, kjer so veliki narodi med seboj sklenili zapletene in dolgotrajne trgovinske sporazume, kjer veljajo pravila sodelovanja in ravnanja, ki jih morajo spo\u0161tovati vsi trgovinski narodi na tem obmo\u010dju.<\/p>\r<p>O tem seveda ne veste ni\u010desar, saj ste \u0161e vedno izolirani v svojem svetu. Vendar va\u0161 svet obiskujejo majhne skupine &#8211; majhne nevoja\u0161ke skupine, lahko bi rekli komercialne sile -, ki tu i\u0161\u010dejo prednosti in vire. Zavedajo se, da je \u010dlove\u0161tvo v tem trenutku \u0161ibka in razdeljena rasa ter da je vra\u017eeverno in neizobra\u017eeno glede zadev Velike Skupnosti, v kateri ste vedno \u017eiveli.<\/p>\rPoslani smo bili kot opazovalci ve\u010d razli\u010dnih svobodnih narodov v to obmo\u010dje vesolja, da bi opazovali nezemeljsko Intervencijo, ki se danes dogaja v svetu, da bi poro\u010dali o njenih dejavnostih ter razkrili njene skrite motive in na\u010drte, da bi se \u010dlove\u0161ka dru\u017eina lahko zavedala in pripravila na resni\u010dnost Stika. Prav ta resni\u010dnost Stika je bistvenega pomena za va\u0161e razumevanje.\r<p>Va\u0161 svet je nagrada. Drugi ga zelo cenijo. Ste ni\u010d hudega slute\u010di in morda domnevate, da so napredne tehnolo\u0161ke rase napredne tudi duhovno. A \u017eal ni tako. Pot tehnolo\u0161kega razvoja najpogosteje vodi stran od resni\u010dne svobode in prave narave duhovnosti, kakr\u0161na obstaja v vseh pojavnih oblikah inteligentnega \u017eivljenja.\r<\/p><p class=\"image-quote float-right\"><img decoding=\"async\" src=\"https:\/\/www.alliesofhumanity.org\/wp-content\/uploads\/2020\/12\/quote-book3-briefing1-1.png\" alt=\"\" \/><\/p><blockquote id=\"quote-2\" class=\"text-quote float-right bg-black\">Intervencija, ki se v va\u0161em svetu dogaja s strani nezemeljskih ras, ki bi rade izkoristile \u0161ibko in razdeljeno \u010dlove\u0161tvo, nas je iskala, da bi nas uni\u010dila.<\/blockquote><p>To je le eno od pomembnih spoznanj, ki se jih mora zdaj nau\u010diti \u010dlove\u0161ka dru\u017eina, \u010de \u017eeli na prisotnost tujih obiskovalcev gledati z jasnostjo, modrostjo in razlo\u010devanjem ter \u010de \u017eeli prepoznati veliko potrebo po tem, da \u010dlove\u0161tvo dolo\u010di lastna pravila delovanja glede vseh sedanjih in prihodnjih obiskov v va\u0161em svetu. Tak\u0161na pravila \u0161e niso bila dolo\u010dena. \u010clove\u0161tvo je v vesolju golo, ranljivo za vme\u0161avanje in prepri\u010devanje majhnih, premetenih skupin raziskovalcev virov in gospodarskih Kolektivov &#8211; tistih, ki potujejo po lokalnem vesolju in i\u0161\u010dejo prednosti in prilo\u017enosti zase in za svoje stranke.\r<\/p><p>Tega seveda ne morete razumeti, saj se nikoli niste odpravili dovolj dale\u010d v vesolje, da bi bili pri\u010da tem dejavnostim in spoznali naravo interakcij in trgovanja v tem delu vesolja. Zato ne veste, kaj pri\u010dakovati, in zaradi pomanjkanja modrosti, jasnosti in ozave\u0161\u010denosti mnogi ljudje, ki se zavedajo Intervencije, napa\u010dno razumejo njeno prisotnost in si jo napa\u010dno razlagajo, saj menijo, da je tu v korist \u010dlove\u0161tva.\r<\/p><p>Prav zato, ker se \u010dlove\u0161tvo na to Poseganje ni ustrezno modro odzvalo, smo bili kot predstavniki svobodnih narodov v va\u0161i bli\u017eini poslani sem, da bi opazovali to Poseganje, izvedeli za njegove dejavnosti v va\u0161em svetu in vam razkrili naravo teh dejavnosti, njihov namen in dejansko naravo tak\u0161nih Posegov, ki se tako pogosto pojavljajo povsod v Veliki Skupnosti.\r<\/p><p>V vesolju vstopate v konkuren\u010dno okolje, zapleteno okolje, v katerem so bila vzpostavljena dolgotrajna pravila za ohranjanje stabilnosti med narodi in svetovi, katerih ustanovitve so veliko starej\u0161e od tistega, kar je bilo vzpostavljeno na Zemlji.\r<\/p><p>V tem pogledu ste le mlada rasa, mlada in brezobzirna &#8211; mlada rasa, ki za\u010denja spoznavati prednosti in odgovornosti tehnolo\u0161ke mo\u010di; mlada rasa, ki uni\u010duje \u010dudovit planet, planet, ki ga cenijo drugi; mlada rasa brez modrosti in predvidevanja, ki zmanj\u0161uje svojo samozadostnost &#8211; samozadostnost, ki je vedno potrebna, da vsak nastajajo\u010di narod ohrani svojo svobodo in samoodlo\u010dbo v vesolju.\r<\/p><p>\u010clove\u0161tvo se mora zdaj toliko nau\u010diti in narediti. Sprejeti je treba velike ukrepe, ki pa morajo temeljiti na jasnem razumevanju vesolja, v katerem se pojavljate &#8211; kako narodi trgujejo in delujejo, kaj jih omejuje, kaj jih spodbuja, kak\u0161ne svobo\u0161\u010dine imajo pri poseganju v svet, kot je va\u0161, in kak\u0161ne omejitve jim prepre\u010dujejo, da bi izvajali dolo\u010dene dejavnosti.\r<\/p><p>\u010ceprav smo dale\u010d od va\u0161ega sveta, lahko o teh stvareh poro\u010damo in vam omogo\u010dimo bolj\u0161e razumevanje narave medsebojnih odnosov, trgovine in poslovanja v va\u0161em delu galaksije, na tem gosto naseljenem obmo\u010dju vesolja. Upamo, da lahko s tem \u010dlove\u0161ki dru\u017eini posredujemo veliko spodbudo, da izkoristi svojo izvorno modrost, da gradi na svojih velikih prednostih in da ne postane \u017ertev prepri\u010devanja ali samoprevare, ki je na tak\u0161nih pragovih vedno veliko tveganje.\r<\/p><p>Vstop v Veliko Skupnost je najve\u010dji prag, s katerim se lahko soo\u010di vsaka rasa. \u0160tevilne rase na tem pragu ne uspejo, saj padejo pod prepri\u010danje in prevlado tujih sil. Mnogi narodi propadejo, ker so uni\u010dili svoje samozadostne vire ter postali nemo\u010dni in odvisni od drugih, ki so s pomo\u010djo vzvodov in trgovinske manipulacije lahko pridobili nadzor nad temi mladimi, nastajajo\u010dimi rasami.\r<\/p><p>To je prag z velikimi tveganji, a hkrati z ogromnimi prilo\u017enostmi. Pred Veliko Skupnostjo se morajo mlade rase zdru\u017eiti, popraviti svoje destruktivno vedenje in se osredoto\u010diti na vzpostavitev varnosti svojega sveta in njegovih meja v vesolju.\r<\/p><p>Verjamemo, da bomo v tem tretjem sklopu kratkih Poro\u010dil lahko ponazorili pomembnost tega ter zagotovili na\u0161o spodbudo in vero, da ima \u010dlove\u0161tvo \u0161e vedno dovolj mo\u010di in integritete, da si bo v svojem imenu mo\u010dno prizadevalo in postavilo temelje za to, da postane svobodna in samoodlo\u010dena rasa v vesolju.\r<\/p><p>Vedeti morate, da je svoboda v Veliki Skupnosti redka, in ko je enkrat vzpostavljena, jo je treba skrbno varovati in paziti nanjo. Veliki narodi, ki niso svobodni, ki svojim dr\u017eavljanom ne zagotavljajo svobode, na prisotnost svobodnih svetov in narodov vedno gledajo z velikim strahom in nezaupanjem. Zato svobodni narodi, razen redkih izjem, ohranjajo svojo avtonomijo in si prizadevajo, da ne bi bili vpleteni v zapleteno in kompromisno naravo trgovine in poslovanja v Veliki Skupnosti.\r<\/p><p>Morda to lahko razumete iz lastnih izku\u0161enj v svetu, v katerem je trgovina ogrozila integriteto in samoodlo\u010dbo \u0161ibkej\u0161ih narodov. Dokaze o tem smo videli v va\u0161ih prenosih, ki jih nespametno po\u0161iljate v vesolje, da bi jih vsi videli.\r<\/p><p>Ta primer navajamo zato, da se lahko sklicujete na svoje lastne izku\u0161nje in opa\u017eanja sveta, saj dogodki v Veliki Skupnosti in realnost same Velike Skupnosti predstavljajo iste vrste sil, kompromisov in te\u017eav, vendar v veliko ve\u010djem obsegu in z veliko ve\u010d udele\u017eenci.\r<\/p><p>Tu ne morete biti kot otroci, ki so nepremi\u0161ljeni, zapravljajo svoje vire, si nasprotujejo, ne upo\u0161tevajo svojih meja v prostoru, se ne zavedajo, kdo danes posreduje v va\u0161em svetu, in neumno pri\u010dakujejo milost in odre\u0161itev od tistih, ki bi vas lahko obiskali. To so dejanja, ki niso v va\u0161em najbolj\u0161em interesu, dejanja, ki jih vodijo pobo\u017ene \u017eelje ter neumna in neinformirana pri\u010dakovanja. Tak\u0161en pristop k \u017eivljenju v vesolju vas bo izpostavil prevaram in manipulacijam, ki presegajo va\u0161e navade in za katere \u0161e niste razvili zadostnega nabora protiukrepov.\r<\/p><p>\u017divljenje v vesolju je te\u017eavno, ker so vsi napredni narodi presegli zmo\u017enosti svojega sveta, da jih pre\u017eivi, zato so se morali vklju\u010diti v trgovino in v veliki meri postati pod nadzorom drugih narodov, v okviru katerih se morajo zdaj podrejati trgovinskim sporazumom.\r<\/p><p>\u017divljenje v vesolju je nevarno za neprevidne. A vendar je Velika Skupnost, v katero vstopate, ogromna in veli\u010dastna, saj ponuja ogromno prilo\u017enosti za u\u010denje in izobra\u017eevanje ter ogromno prilo\u017enosti za samospoznavanje in oblikovanje sveta, v katerem je treba vzpostaviti ve\u010djo enotnost in ki jo je mogo\u010de u\u010dinkovito vzpostaviti.\r<\/p><p>V vesolju obstajajo rase, ki so v tem pogledu zelo napredne, dale\u010d nad vsem, kar je \u010dlove\u0161tvo razvilo tukaj na Zemlji. Vendar se ne ukvarjajo z raziskovanjem vesolja. Ne ukvarjajo se s pridobivanjem virov ali s poskusi prepri\u010devanja ali manipuliranja z mladimi in nezavednimi rasami, kot je \u010dlove\u0161ka dru\u017eina, saj to ni eti\u010dno in vodi do nesre\u010dnih posledic.\r<\/p><p>Modri so se v eonih \u010dasa v vesolju nau\u010dili veliko stvari, ki jih \u010dlove\u0161tvo \u0161e ni odkrilo ali se jih \u0161ele u\u010di. Modri so se nau\u010dili, da vsi narodi potrebujejo vire in da morajo bodisi vzpostaviti lastno samozadostnost in trgovati med zelo zaupanja vrednimi partnerji bodisi sprejeti veliko in nesre\u010dno tveganje, da se vklju\u010dijo v ve\u010dje mre\u017ee trgovine in pridobivanja virov &#8211; ve\u010dje mre\u017ee, ki bodo vedno ogro\u017eale njihovo integriteto in samoodlo\u010dbo. \u010ce ste namre\u010d odvisni od drugih za stvari, ki jih potrebujete, potem bodo oni \u0161e bolj kot vi dolo\u010dali naravo sodelovanja in pogoje, pod katerimi je treba to sodelovanje izpolniti.\r<\/p><p>V svojem svetu ste videli, kako so manj\u0161i narodi padli pod vseobsegajo\u010de prepri\u010devanje drugih narodov &#8211; prepri\u010devanje, ki je bilo pridobljeno brez uporabe sile, prepri\u010devanje, ki se je iz\u017eivljalo nad \u0161ibkostjo in delitvami znotraj teh \u0161ibkej\u0161ih narodov, zaradi \u010desar so zdaj odvisni od ve\u010djih narodov, na katere nimajo vpliva in ki so se jim prisiljeni podrediti.\r<\/p><p>V zvezi s tem se morate \u0161e veliko nau\u010diti in seveda imate veliko vpra\u0161anj. V teh kratkih Poro\u010dilih bomo posku\u0161ali odgovoriti na nekatera va\u0161a vpra\u0161anja, \u010de jih je mogo\u010de odgovoriti. Na nekatera vpra\u0161anja pa mora odgovoriti Ve\u010dja Mo\u010d, Ve\u010dja Mo\u010d Stvarnika vsega \u017eivljenja, ki je v vsakega \u010dloveka in inteligentno \u017eivljenje po vsem vesolju vgradil Znanje kot potencial. Vendar takega potenciala \u010dlove\u0161ka dru\u017eina \u0161e ni odkrila v ve\u010dji meri, in kot boste odkrili, ostaja zunaj dosega in zavedanja mnogih v Ve\u010dji Skupnosti, zlasti tistih, ki imajo veliko tehnolo\u0161ko mo\u010d, ki so opustili svoje zgodnje tradicije vere, da bi slu\u017eili religiji mo\u010di, trgovine in tehnologije.\r<\/p><p>V vesolju velja, da mora modri ostati skrit, da ostane moder, in da svoboda temelji na treh temeljnih resni\u010dnostih: Prvi\u010d, narodi sveta morajo biti dovolj zdru\u017eeni, da se z vesoljem soo\u010dajo kot eno ljudstvo; drugi\u010d, tak\u0161ni ljudje morajo ohranjati in varovati svojo samozadostnost, da ne postanejo vezani in odvisni od tujih sil, ki ne delijo njihovih vrednot ali njihovega poudarka na svobodi; in tretji\u010d, tak\u0161ni ljudje morajo postati izjemno diskretni glede svojih dejavnosti in vedenja, ki bodo vedno pod drobnogledom tistih, ki \u017eelijo izkoristiti te ljudi ali se bojijo svobode, ki bi jo tak\u0161ni ljudje lahko imeli.\r<\/p><p>Ne zamenjujte Starodavnega Bo\u017ejega Doma z Veliko Skupnostjo. Velika Skupnost je namre\u010d fizi\u010dna resni\u010dnost in vsakdo v njej se mora boriti za pre\u017eivetje ter se soo\u010diti s konkurenco in vsemi njenimi nevarnostmi. Vendar ima vsaka rasa obljubo, da se bo razvila, postala svobodna in modra. Ta prilo\u017enost \u0161e vedno ostaja povsod, v vseh bitjih in narodih v vesolju.\r<\/p><p class=\"image-quote float-right\"><img decoding=\"async\" src=\"https:\/\/www.alliesofhumanity.org\/wp-content\/uploads\/2020\/12\/quote-book3-briefing1-2.png\" alt=\"\" \/><\/p><blockquote id=\"quote-4\" class=\"text-quote float-right bg-red\">Poslani smo bili kot opazovalci ve\u010d razli\u010dnih svobodnih narodov v to obmo\u010dje vesolja, da bi opazovali nezemeljsko intervencijo, ki se danes dogaja v svetu, poro\u010dali o njenih dejavnostih ter razkrili njene skrite motive in na\u010drte, da bi se \u010dlove\u0161ka dru\u017eina lahko zavedala in pripravila na resni\u010dnost Stika.<\/blockquote><p>Sem ne smete priti z upanjem, strahom ali bojaznijo, temve\u010d z ve\u010djo treznostjo in jasnostjo uma. Ne pristopajte k Veliki Skupnosti z \u017eeljo, da bi imeli kaj zase, v upanju in prepri\u010danju, da bodo tisti, ki jih boste sre\u010dali, poskrbeli za te stvari za vas. To je nespametno in vas bo oropalo razlo\u010devanja, ki ga morate imeti, da boste jasno videli in znali lo\u010diti prilo\u017enosti, ki so koristne, od tistih, ki se le zdijo koristne. To je modrost, ki jo morate uporabiti v svojem svetu, saj je to univerzalna resnica.\r<\/p><p>Na\u0161a naloga je, da vam razkrijemo pravo naravo Intervencije, ki se danes dogaja v svetu, da vas opozorimo in pripravimo na resni\u010dnost \u017eivljenja v vesolju, da vam damo ve\u010dji zagon za \u010dlove\u0161ko enotnost in sodelovanje ter da vam poka\u017eemo, kako zelo je treba ustaviti konflikte v va\u0161em svetu. To po\u010dnemo, ker cenimo \u010dlove\u0161tvo kot raso. Vendar to po\u010dnemo tudi zaradi lastne samoza\u0161\u010dite, saj nas zelo zanima, da imamo v tej vesoljski sose\u0161\u010dini \u0161e en svoboden narod. Podpiramo ga kot ideal za vse rase. Vendar pa bo v na\u0161em lokalnem obmo\u010dju vesolja pomagalo ohraniti na\u0161o celovitost in na\u0161o samostojnost, \u010de se bo tak\u0161na rasa, kot je va\u0161a, lahko razvila v Veliko Skupnost brez tuje nadvlade in pou\u010dena o resni\u010dnosti \u017eivljenja zunaj va\u0161ih meja.\r<\/p><p>V teh kratkih Poro\u010dilih bomo govorili o tem ve\u010djem podro\u010dju \u017eivljenja. Podali vam bomo potrebne informacije, tudi \u010de ne bodo odgovorile na va\u0161e \u017eelje po konkretnih imenih, datumih in krajih, ki bi bili za vas nepomembni in ne bi slu\u017eili koristnemu namenu, saj teh stvari ne morete sami preveriti.\r<\/p><p>Potrebujete ve\u010djo perspektivo in bolj\u0161o vizijo. To, kar vam bomo posredovali, vam ne bo \u010dudno in tuje. V mnogih pogledih bo podobno tistemu, kar ste sami videli v svojem svetu in kar ste sposobni prepoznati s svojim zavedanjem narave in zgodovine.\r<\/p><p>\u017divljenje v vesolju je imelo veliko razli\u010dnih oblik. \u010ceprav mnoge rase uporabljajo tehnologije, ki presegajo va\u0161e trenutne zmo\u017enosti, se morajo vse \u0161e vedno spopadati s te\u017eavami \u017eivljenja. Vsi morajo \u0161e vedno sprejemati te\u017eke odlo\u010ditve med svobodo in podrejenostjo. Vsi se morajo \u0161e vedno spopadati s potrebo po virih in stabilnosti. To je resnica, s katero se morajo soo\u010diti vsi. Nih\u010de s tehnologijo ni bil opro\u0161\u010den velikih \u017eivljenjskih zahtev.\r<\/p><p>Vi, ki \u0161ele za\u010denjate svojo pot v Veliko Skupnost, se morate zdaj \u0161e bolj izobra\u017eevati. Pri tem izobra\u017eevanju boste uporabili svoje mo\u010di, zavedanje in modrost, ki se skriva v va\u0161em srcu in v srcih vseh, ki \u017eivijo v va\u0161em svetu. To modrost namre\u010d zdaj potrebujete bolj kot kdaj koli prej.\r<\/p>\t\t\t\t\t\t\t\t<\/div>\t\t\t\t<\/div>\t\t\t\t\t<\/div>\t\t<\/div>\t\t\t\t\t<\/div>\t\t<\/section>\t\t\t\t<\/div><p>\t\t<\/p>","protected":false},"excerpt":{"rendered":"<p>Zdaj pozdravljamo od dale\u010d. V prvih dveh sklopih komunikacije z vami smo lahko bili v bli\u017eini va\u0161ega sveta na skriti lokaciji v va\u0161em son\u010dnem sistemu. Zdaj pa smo bili prisiljeni pobegniti, saj so na\u0161a razkritja postala javna. Intervencija, ki jo v va\u0161em svetu izvajajo tiste nezemeljske rase, ki bi rade izkoristile \u0161ibko in razdeljeno \u010dlove\u0161tvo, [&hellip;]<\/p>\n","protected":false},"author":23,"featured_media":0,"parent":23113,"menu_order":1,"comment_status":"closed","ping_status":"closed","template":"page.php","meta":{"_acf_changed":false,"footnotes":""},"class_list":["post-23114","page","type-page","status-publish","hentry"],"acf":[],"yoast_head":"<!-- This site is optimized with the Yoast SEO plugin v26.5 - https:\/\/yoast.com\/wordpress\/plugins\/seo\/ -->\n<title>Realnost stikov z nezemeljskimi rasami<\/title>\n<meta name=\"description\" content=\"Nezemeljske rase, ki \u017eelijo izkoristiti \u0161ibko in razdeljeno \u010dlove\u0161tvo, posredujejo v va\u0161em svetu.\" \/>\n<meta name=\"robots\" content=\"index, follow, max-snippet:-1, max-image-preview:large, max-video-preview:-1\" \/>\n<link rel=\"canonical\" href=\"https:\/\/www.alliesofhumanity.org\/sl\/the-briefings\/book-three\/contact-with-extraterestrial-races\/\" \/>\n<meta property=\"og:locale\" content=\"sl_SI\" \/>\n<meta property=\"og:type\" content=\"article\" \/>\n<meta property=\"og:title\" content=\"Realnost stikov z nezemeljskimi rasami\" \/>\n<meta property=\"og:description\" content=\"Nezemeljske rase, ki \u017eelijo izkoristiti \u0161ibko in razdeljeno \u010dlove\u0161tvo, posredujejo v va\u0161em svetu.\" \/>\n<meta property=\"og:url\" content=\"https:\/\/www.alliesofhumanity.org\/sl\/the-briefings\/book-three\/contact-with-extraterestrial-races\/\" \/>\n<meta property=\"og:site_name\" content=\"The Allies of Humanity\" \/>\n<meta property=\"article:publisher\" content=\"https:\/\/www.facebook.com\/alliesofhumanity\/\" \/>\n<meta property=\"article:modified_time\" content=\"2024-11-23T03:51:22+00:00\" \/>\n<meta property=\"og:image\" content=\"https:\/\/www.alliesofhumanity.org\/wp-content\/uploads\/2021\/01\/og-socialmedia-aoh.jpg\" \/>\n\t<meta property=\"og:image:width\" content=\"1200\" \/>\n\t<meta property=\"og:image:height\" content=\"630\" \/>\n\t<meta property=\"og:image:type\" content=\"image\/jpeg\" \/>\n<meta name=\"twitter:card\" content=\"summary_large_image\" \/>\n<meta name=\"twitter:site\" content=\"@earthallies\" \/>\n<meta name=\"twitter:label1\" content=\"Est. reading time\" \/>\n\t<meta name=\"twitter:data1\" content=\"12 minut\" \/>\n<script type=\"application\/ld+json\" class=\"yoast-schema-graph\">{\"@context\":\"https:\/\/schema.org\",\"@graph\":[{\"@type\":\"WebPage\",\"@id\":\"https:\/\/www.alliesofhumanity.org\/sl\/the-briefings\/book-three\/contact-with-extraterestrial-races\/\",\"url\":\"https:\/\/www.alliesofhumanity.org\/sl\/the-briefings\/book-three\/contact-with-extraterestrial-races\/\",\"name\":\"Realnost stikov z nezemeljskimi rasami\",\"isPartOf\":{\"@id\":\"https:\/\/www.alliesofhumanity.org\/sl\/#website\"},\"datePublished\":\"2024-07-19T21:03:07+00:00\",\"dateModified\":\"2024-11-23T03:51:22+00:00\",\"description\":\"Nezemeljske rase, ki \u017eelijo izkoristiti \u0161ibko in razdeljeno \u010dlove\u0161tvo, posredujejo v va\u0161em svetu.\",\"breadcrumb\":{\"@id\":\"https:\/\/www.alliesofhumanity.org\/sl\/the-briefings\/book-three\/contact-with-extraterestrial-races\/#breadcrumb\"},\"inLanguage\":\"sl-SI\",\"potentialAction\":[{\"@type\":\"ReadAction\",\"target\":[\"https:\/\/www.alliesofhumanity.org\/sl\/the-briefings\/book-three\/contact-with-extraterestrial-races\/\"]}]},{\"@type\":\"BreadcrumbList\",\"@id\":\"https:\/\/www.alliesofhumanity.org\/sl\/the-briefings\/book-three\/contact-with-extraterestrial-races\/#breadcrumb\",\"itemListElement\":[{\"@type\":\"ListItem\",\"position\":1,\"name\":\"Informativno sre\u010danje\",\"item\":\"https:\/\/www.alliesofhumanity.org\/sl\/the-briefings\/\"},{\"@type\":\"ListItem\",\"position\":2,\"name\":\"Tretja knjiga\",\"item\":\"https:\/\/www.alliesofhumanity.org\/sl\/the-briefings\/book-three\/\"},{\"@type\":\"ListItem\",\"position\":3,\"name\":\"Prvo informativno poro\u010dilo: Realnost stika\"}]},{\"@type\":\"WebSite\",\"@id\":\"https:\/\/www.alliesofhumanity.org\/sl\/#website\",\"url\":\"https:\/\/www.alliesofhumanity.org\/sl\/\",\"name\":\"The Allies of Humanity\",\"description\":\"\",\"potentialAction\":[{\"@type\":\"SearchAction\",\"target\":{\"@type\":\"EntryPoint\",\"urlTemplate\":\"https:\/\/www.alliesofhumanity.org\/sl\/?s={search_term_string}\"},\"query-input\":{\"@type\":\"PropertyValueSpecification\",\"valueRequired\":true,\"valueName\":\"search_term_string\"}}],\"inLanguage\":\"sl-SI\"}]}<\/script>\n<!-- \/ Yoast SEO plugin. -->","yoast_head_json":{"title":"Realnost stikov z nezemeljskimi rasami","description":"Nezemeljske rase, ki \u017eelijo izkoristiti \u0161ibko in razdeljeno \u010dlove\u0161tvo, posredujejo v va\u0161em svetu.","robots":{"index":"index","follow":"follow","max-snippet":"max-snippet:-1","max-image-preview":"max-image-preview:large","max-video-preview":"max-video-preview:-1"},"canonical":"https:\/\/www.alliesofhumanity.org\/sl\/the-briefings\/book-three\/contact-with-extraterestrial-races\/","og_locale":"sl_SI","og_type":"article","og_title":"Realnost stikov z nezemeljskimi rasami","og_description":"Nezemeljske rase, ki \u017eelijo izkoristiti \u0161ibko in razdeljeno \u010dlove\u0161tvo, posredujejo v va\u0161em svetu.","og_url":"https:\/\/www.alliesofhumanity.org\/sl\/the-briefings\/book-three\/contact-with-extraterestrial-races\/","og_site_name":"The Allies of Humanity","article_publisher":"https:\/\/www.facebook.com\/alliesofhumanity\/","article_modified_time":"2024-11-23T03:51:22+00:00","og_image":[{"width":1200,"height":630,"url":"https:\/\/www.alliesofhumanity.org\/wp-content\/uploads\/2021\/01\/og-socialmedia-aoh.jpg","type":"image\/jpeg"}],"twitter_card":"summary_large_image","twitter_site":"@earthallies","twitter_misc":{"Est. reading time":"12 minut"},"schema":{"@context":"https:\/\/schema.org","@graph":[{"@type":"WebPage","@id":"https:\/\/www.alliesofhumanity.org\/sl\/the-briefings\/book-three\/contact-with-extraterestrial-races\/","url":"https:\/\/www.alliesofhumanity.org\/sl\/the-briefings\/book-three\/contact-with-extraterestrial-races\/","name":"Realnost stikov z nezemeljskimi rasami","isPartOf":{"@id":"https:\/\/www.alliesofhumanity.org\/sl\/#website"},"datePublished":"2024-07-19T21:03:07+00:00","dateModified":"2024-11-23T03:51:22+00:00","description":"Nezemeljske rase, ki \u017eelijo izkoristiti \u0161ibko in razdeljeno \u010dlove\u0161tvo, posredujejo v va\u0161em svetu.","breadcrumb":{"@id":"https:\/\/www.alliesofhumanity.org\/sl\/the-briefings\/book-three\/contact-with-extraterestrial-races\/#breadcrumb"},"inLanguage":"sl-SI","potentialAction":[{"@type":"ReadAction","target":["https:\/\/www.alliesofhumanity.org\/sl\/the-briefings\/book-three\/contact-with-extraterestrial-races\/"]}]},{"@type":"BreadcrumbList","@id":"https:\/\/www.alliesofhumanity.org\/sl\/the-briefings\/book-three\/contact-with-extraterestrial-races\/#breadcrumb","itemListElement":[{"@type":"ListItem","position":1,"name":"Informativno sre\u010danje","item":"https:\/\/www.alliesofhumanity.org\/sl\/the-briefings\/"},{"@type":"ListItem","position":2,"name":"Tretja knjiga","item":"https:\/\/www.alliesofhumanity.org\/sl\/the-briefings\/book-three\/"},{"@type":"ListItem","position":3,"name":"Prvo informativno poro\u010dilo: Realnost stika"}]},{"@type":"WebSite","@id":"https:\/\/www.alliesofhumanity.org\/sl\/#website","url":"https:\/\/www.alliesofhumanity.org\/sl\/","name":"The Allies of Humanity","description":"","potentialAction":[{"@type":"SearchAction","target":{"@type":"EntryPoint","urlTemplate":"https:\/\/www.alliesofhumanity.org\/sl\/?s={search_term_string}"},"query-input":{"@type":"PropertyValueSpecification","valueRequired":true,"valueName":"search_term_string"}}],"inLanguage":"sl-SI"}]}},"_links":{"self":[{"href":"https:\/\/www.alliesofhumanity.org\/sl\/wp-json\/wp\/v2\/pages\/23114","targetHints":{"allow":["GET"]}}],"collection":[{"href":"https:\/\/www.alliesofhumanity.org\/sl\/wp-json\/wp\/v2\/pages"}],"about":[{"href":"https:\/\/www.alliesofhumanity.org\/sl\/wp-json\/wp\/v2\/types\/page"}],"author":[{"embeddable":true,"href":"https:\/\/www.alliesofhumanity.org\/sl\/wp-json\/wp\/v2\/users\/23"}],"replies":[{"embeddable":true,"href":"https:\/\/www.alliesofhumanity.org\/sl\/wp-json\/wp\/v2\/comments?post=23114"}],"version-history":[{"count":3,"href":"https:\/\/www.alliesofhumanity.org\/sl\/wp-json\/wp\/v2\/pages\/23114\/revisions"}],"predecessor-version":[{"id":23704,"href":"https:\/\/www.alliesofhumanity.org\/sl\/wp-json\/wp\/v2\/pages\/23114\/revisions\/23704"}],"up":[{"embeddable":true,"href":"https:\/\/www.alliesofhumanity.org\/sl\/wp-json\/wp\/v2\/pages\/23113"}],"wp:attachment":[{"href":"https:\/\/www.alliesofhumanity.org\/sl\/wp-json\/wp\/v2\/media?parent=23114"}],"curies":[{"name":"wp","href":"https:\/\/api.w.org\/{rel}","templated":true}]}}