{"id":23113,"date":"2024-07-19T21:53:04","date_gmt":"2024-07-19T20:53:04","guid":{"rendered":"https:\/\/www.alliesofhumanity.org\/the-briefings\/book-three\/"},"modified":"2025-02-06T01:41:03","modified_gmt":"2025-02-06T00:41:03","slug":"book-three","status":"publish","type":"page","link":"https:\/\/www.alliesofhumanity.org\/sl\/the-briefings\/book-three\/","title":{"rendered":"Tretja knjiga"},"content":{"rendered":"<h5>Vsa poro\u010dila o zaveznikih \u010dlove\u0161tva so brezpla\u010dno na voljo na spletu. Potovanje za\u010dnite s tretjo knjigo o zaveznikih.<\/h5>\n<p>Tretja knjiga Zavezniki \u010dlove\u0161tva predstavlja tretji sklop poro\u010dil iz zunajplanetarnega vira, katerih namen je pripraviti \u010dlove\u0161ko dru\u017eino na realnost \u017eivljenja v na\u0161em lokalnem vesolju in nas opozoriti na posredovanje tujcev, ki se zdaj dogaja na Zemlji.<\/p>\n<p>Zavezniki \u010dlove\u0161tva trdijo, da predstavljajo skupino &#8220;svobodnih svetov&#8221; v na\u0161em lokalnem obmo\u010dju vesolja, ki si ne prizadevajo za posredovanje ali prevlado nad drugimi svetovi, temve\u010d podpirajo svobodo in suverenost v nastajajo\u010dih svetovih, kot je na\u0161. Pri tem se zavezniki razlikujejo od vme\u0161avanja izkori\u0161\u010devalskih komercialnih sil v na\u0161 svet, ki jih imenujejo &#8220;kolektivi&#8221; in katerih dejavnosti predstavljajo temno agendo, ki je tu \u017ee ve\u010d kot pol stoletja ostala skrivnost.Poro\u010dila zaveznikov \u010dlove\u0161tva razkrivajo \u0161tiri glavne dejavnosti te agende nezemljanov in nam dajejo jasno sliko o tem, kdo obiskuje na\u0161 svet, zakaj je tu in kaj na koncu ho\u010de.<\/p>\n<p>Poro\u010dila nam omogo\u010dajo tudi vpogled v resni\u010dnost \u017eivljenja zunaj na\u0161ega sveta, ki ga sicer ne bi nikoli imeli, in razkrivajo naravo trgovine, potovanj in interakcij med svetovi ter izzive, s katerimi se bo \u010dlove\u0161tvo soo\u010dalo v na\u0161em lokalnem okolju v vesolju. S tem zavezniki jasno povedo, da smo v nesre\u010dnem polo\u017eaju doma\u010dega sveta, ki so ga odkrile mogo\u010dne sile od drugod. Zgodovina nas je pou\u010dila o nevarnostih in tragedijah, s katerimi so se soo\u010dala domorodna ljudstva, ko so se prvi\u010d sre\u010dala z zunanjimi silami. Zdaj smo vsi doma\u010dini novega sveta, ki se soo\u010da z gro\u017enjo intervencije.<\/p>\n<p>Zavezni\u0161ka poro\u010dila nam dajejo klju\u010dne informacije, ki jih potrebujemo, da bi razumeli intervencijo, se za\u0161\u010ditili pred njenimi dejavnostmi in na koncu za\u0161\u010ditili na\u0161 svet pred njenimi na\u010drti. S tem dobimo tudi novo vizijo prihodnosti \u010dlove\u0161tva v vesolju in pot za gojenje ve\u010dje enotnosti in svobode v na\u0161em svetu, ko se pojavljamo v \u0161ir\u0161em vesolju inteligentnega \u017eivljenja.<\/p>\n<p><!--\nGet a copy of the book:\n\n\n<ul>\n \t\n\n<li>Print version: not available currently.<\/li>\n\n\n \t\n\n<li>Ebook format: <a href=\"https:\/\/newknowledgelibrary.org\/e-books\/the-allies-of-humanity-book-three-english-ebook\/\" target=\"_blank\" rel=\"noopener\">New Knowledge Library<\/a>, <a href=\"https:\/\/www.amazon.com\/Allies-Humanity-Book-Three-ebook\/dp\/B0078VIQTG\" target=\"_blank\" rel=\"noopener\">Kindle version on Amazon<\/a>, <a href=\"https:\/\/books.apple.com\/us\/book\/the-allies-of-humanity-book-three\/id894110421\" target=\"_blank\" rel=\"noopener\">Apple Books<\/a> or <a href=\"https:\/\/play.google.com\/store\/books\/details\/Marshall_Vian_Summers_The_Allies_of_Humanity_Book?id=7Uu_YwzD4HMC\" target=\"_blank\" rel=\"noopener\">Google Play<\/a>.<\/li>\n\n\n<\/ul>\n\n\n--><\/p>\n<hr \/>\n<h5>Za\u010dnite brati povzetke na spletu zdaj!<\/h5>\n<p>Kazalo vsebine:<\/p>\n<p><a href=\"contact-with-extraterestrial-races\">Prvo informativno poro\u010dilo: Realnost stika<br \/>\n<\/a><\/p>\n<p><a href=\"requirements-freedom-universe\">Drugo informativno poro\u010dilo: Zahteve za svobodo v vesolju<\/a><\/p>\n<p><a href=\"alien-intervention\">Tretje informativno poro\u010dilo: Orodja Intervencije<br \/>\n<\/a><\/p>\n<p><a href=\"hidden-powers\">\u010cetrto informativno poro\u010dilo: Skrite mo\u010di<\/a><\/p>\n<p><a href=\"voices-universe-messages-space\">Peto informativno poro\u010dilo: Veliko Glasov v Vesolju<\/a><\/p>\n<p><a href=\"Life-Beyond-Earth\">\u0160esto informativno poro\u010dilo: Realnosti Ve\u010dje Skupnosti<br \/>\n<\/a><\/p>\n<p><a href=\"questions-about-aliens\">Sedmo informativno poro\u010dilo: Vpra\u0161anja in Odgovori<br \/>\n<\/a><\/p>\n<p>Dru\u0161tvo za novo sporo\u010dilo zdaj brezpla\u010dno ponuja vse \u0161tiri zvezke knjige <em>Zavezniki \u010dlove\u0161tva<\/em> na spletu. To po\u010dnemo zato, da bi to sporo\u010dilo doseglo \u010dim ve\u010d ljudi, tako na najni\u017ejih ravneh kot na polo\u017eajih politi\u010dne, gospodarske in verske mo\u010di.<\/p>\n","protected":false},"excerpt":{"rendered":"<p>Vsa poro\u010dila o zaveznikih \u010dlove\u0161tva so brezpla\u010dno na voljo na spletu. Potovanje za\u010dnite s tretjo knjigo o zaveznikih. Tretja knjiga Zavezniki \u010dlove\u0161tva predstavlja tretji sklop poro\u010dil iz zunajplanetarnega vira, katerih namen je pripraviti \u010dlove\u0161ko dru\u017eino na realnost \u017eivljenja v na\u0161em lokalnem vesolju in nas opozoriti na posredovanje tujcev, ki se zdaj dogaja na Zemlji. Zavezniki [&hellip;]<\/p>\n","protected":false},"author":25,"featured_media":0,"parent":23061,"menu_order":3,"comment_status":"closed","ping_status":"closed","template":"page-book-start.php","meta":{"_acf_changed":false,"footnotes":""},"class_list":["post-23113","page","type-page","status-publish","hentry"],"acf":[],"yoast_head":"<!-- This site is optimized with the Yoast SEO plugin v26.5 - https:\/\/yoast.com\/wordpress\/plugins\/seo\/ -->\n<title>Tretja knjiga Zavezniki \u010dlove\u0161tva: Sporo\u010dilo Zemlji<\/title>\n<meta name=\"description\" content=\"Zavezniki \u010clove\u0161tva govorijo o resni\u010dnosti \u017eivljenja - trgovini in poslovanju, medsebojnih odnosih -, ki obstajajo v na\u0161i sose\u0161\u010dini v vesolju.\" \/>\n<meta name=\"robots\" content=\"index, follow, max-snippet:-1, max-image-preview:large, max-video-preview:-1\" \/>\n<link rel=\"canonical\" href=\"https:\/\/www.alliesofhumanity.org\/sl\/the-briefings\/book-three\/\" \/>\n<meta property=\"og:locale\" content=\"sl_SI\" \/>\n<meta property=\"og:type\" content=\"article\" \/>\n<meta property=\"og:title\" content=\"Tretja knjiga Zavezniki \u010dlove\u0161tva: Sporo\u010dilo Zemlji\" \/>\n<meta property=\"og:description\" content=\"Zavezniki \u010clove\u0161tva govorijo o resni\u010dnosti \u017eivljenja - trgovini in poslovanju, medsebojnih odnosih -, ki obstajajo v na\u0161i sose\u0161\u010dini v vesolju.\" \/>\n<meta property=\"og:url\" content=\"https:\/\/www.alliesofhumanity.org\/sl\/the-briefings\/book-three\/\" \/>\n<meta property=\"og:site_name\" content=\"The Allies of Humanity\" \/>\n<meta property=\"article:publisher\" content=\"https:\/\/www.facebook.com\/alliesofhumanity\/\" \/>\n<meta property=\"article:modified_time\" content=\"2025-02-06T00:41:03+00:00\" \/>\n<meta property=\"og:image\" content=\"https:\/\/www.alliesofhumanity.org\/wp-content\/uploads\/2021\/01\/og-socialmedia-aoh.jpg\" \/>\n\t<meta property=\"og:image:width\" content=\"1200\" \/>\n\t<meta property=\"og:image:height\" content=\"630\" \/>\n\t<meta property=\"og:image:type\" content=\"image\/jpeg\" \/>\n<meta name=\"twitter:card\" content=\"summary_large_image\" \/>\n<meta name=\"twitter:title\" content=\"Tretja knjiga Zavezniki \u010dlove\u0161tva: Sporo\u010dilo Zemlji\" \/>\n<meta name=\"twitter:site\" content=\"@earthallies\" \/>\n<meta name=\"twitter:label1\" content=\"Est. reading time\" \/>\n\t<meta name=\"twitter:data1\" content=\"2 minuti\" \/>\n<script type=\"application\/ld+json\" class=\"yoast-schema-graph\">{\"@context\":\"https:\/\/schema.org\",\"@graph\":[{\"@type\":\"WebPage\",\"@id\":\"https:\/\/www.alliesofhumanity.org\/sl\/the-briefings\/book-three\/\",\"url\":\"https:\/\/www.alliesofhumanity.org\/sl\/the-briefings\/book-three\/\",\"name\":\"Tretja knjiga Zavezniki \u010dlove\u0161tva: Sporo\u010dilo Zemlji\",\"isPartOf\":{\"@id\":\"https:\/\/www.alliesofhumanity.org\/sl\/#website\"},\"datePublished\":\"2024-07-19T20:53:04+00:00\",\"dateModified\":\"2025-02-06T00:41:03+00:00\",\"description\":\"Zavezniki \u010clove\u0161tva govorijo o resni\u010dnosti \u017eivljenja - trgovini in poslovanju, medsebojnih odnosih -, ki obstajajo v na\u0161i sose\u0161\u010dini v vesolju.\",\"breadcrumb\":{\"@id\":\"https:\/\/www.alliesofhumanity.org\/sl\/the-briefings\/book-three\/#breadcrumb\"},\"inLanguage\":\"sl-SI\",\"potentialAction\":[{\"@type\":\"ReadAction\",\"target\":[\"https:\/\/www.alliesofhumanity.org\/sl\/the-briefings\/book-three\/\"]}]},{\"@type\":\"BreadcrumbList\",\"@id\":\"https:\/\/www.alliesofhumanity.org\/sl\/the-briefings\/book-three\/#breadcrumb\",\"itemListElement\":[{\"@type\":\"ListItem\",\"position\":1,\"name\":\"Informativno sre\u010danje\",\"item\":\"https:\/\/www.alliesofhumanity.org\/sl\/the-briefings\/\"},{\"@type\":\"ListItem\",\"position\":2,\"name\":\"Tretja knjiga\"}]},{\"@type\":\"WebSite\",\"@id\":\"https:\/\/www.alliesofhumanity.org\/sl\/#website\",\"url\":\"https:\/\/www.alliesofhumanity.org\/sl\/\",\"name\":\"The Allies of Humanity\",\"description\":\"\",\"potentialAction\":[{\"@type\":\"SearchAction\",\"target\":{\"@type\":\"EntryPoint\",\"urlTemplate\":\"https:\/\/www.alliesofhumanity.org\/sl\/?s={search_term_string}\"},\"query-input\":{\"@type\":\"PropertyValueSpecification\",\"valueRequired\":true,\"valueName\":\"search_term_string\"}}],\"inLanguage\":\"sl-SI\"}]}<\/script>\n<!-- \/ Yoast SEO plugin. -->","yoast_head_json":{"title":"Tretja knjiga Zavezniki \u010dlove\u0161tva: Sporo\u010dilo Zemlji","description":"Zavezniki \u010clove\u0161tva govorijo o resni\u010dnosti \u017eivljenja - trgovini in poslovanju, medsebojnih odnosih -, ki obstajajo v na\u0161i sose\u0161\u010dini v vesolju.","robots":{"index":"index","follow":"follow","max-snippet":"max-snippet:-1","max-image-preview":"max-image-preview:large","max-video-preview":"max-video-preview:-1"},"canonical":"https:\/\/www.alliesofhumanity.org\/sl\/the-briefings\/book-three\/","og_locale":"sl_SI","og_type":"article","og_title":"Tretja knjiga Zavezniki \u010dlove\u0161tva: Sporo\u010dilo Zemlji","og_description":"Zavezniki \u010clove\u0161tva govorijo o resni\u010dnosti \u017eivljenja - trgovini in poslovanju, medsebojnih odnosih -, ki obstajajo v na\u0161i sose\u0161\u010dini v vesolju.","og_url":"https:\/\/www.alliesofhumanity.org\/sl\/the-briefings\/book-three\/","og_site_name":"The Allies of Humanity","article_publisher":"https:\/\/www.facebook.com\/alliesofhumanity\/","article_modified_time":"2025-02-06T00:41:03+00:00","og_image":[{"width":1200,"height":630,"url":"https:\/\/www.alliesofhumanity.org\/wp-content\/uploads\/2021\/01\/og-socialmedia-aoh.jpg","type":"image\/jpeg"}],"twitter_card":"summary_large_image","twitter_title":"Tretja knjiga Zavezniki \u010dlove\u0161tva: Sporo\u010dilo Zemlji","twitter_site":"@earthallies","twitter_misc":{"Est. reading time":"2 minuti"},"schema":{"@context":"https:\/\/schema.org","@graph":[{"@type":"WebPage","@id":"https:\/\/www.alliesofhumanity.org\/sl\/the-briefings\/book-three\/","url":"https:\/\/www.alliesofhumanity.org\/sl\/the-briefings\/book-three\/","name":"Tretja knjiga Zavezniki \u010dlove\u0161tva: Sporo\u010dilo Zemlji","isPartOf":{"@id":"https:\/\/www.alliesofhumanity.org\/sl\/#website"},"datePublished":"2024-07-19T20:53:04+00:00","dateModified":"2025-02-06T00:41:03+00:00","description":"Zavezniki \u010clove\u0161tva govorijo o resni\u010dnosti \u017eivljenja - trgovini in poslovanju, medsebojnih odnosih -, ki obstajajo v na\u0161i sose\u0161\u010dini v vesolju.","breadcrumb":{"@id":"https:\/\/www.alliesofhumanity.org\/sl\/the-briefings\/book-three\/#breadcrumb"},"inLanguage":"sl-SI","potentialAction":[{"@type":"ReadAction","target":["https:\/\/www.alliesofhumanity.org\/sl\/the-briefings\/book-three\/"]}]},{"@type":"BreadcrumbList","@id":"https:\/\/www.alliesofhumanity.org\/sl\/the-briefings\/book-three\/#breadcrumb","itemListElement":[{"@type":"ListItem","position":1,"name":"Informativno sre\u010danje","item":"https:\/\/www.alliesofhumanity.org\/sl\/the-briefings\/"},{"@type":"ListItem","position":2,"name":"Tretja knjiga"}]},{"@type":"WebSite","@id":"https:\/\/www.alliesofhumanity.org\/sl\/#website","url":"https:\/\/www.alliesofhumanity.org\/sl\/","name":"The Allies of Humanity","description":"","potentialAction":[{"@type":"SearchAction","target":{"@type":"EntryPoint","urlTemplate":"https:\/\/www.alliesofhumanity.org\/sl\/?s={search_term_string}"},"query-input":{"@type":"PropertyValueSpecification","valueRequired":true,"valueName":"search_term_string"}}],"inLanguage":"sl-SI"}]}},"_links":{"self":[{"href":"https:\/\/www.alliesofhumanity.org\/sl\/wp-json\/wp\/v2\/pages\/23113","targetHints":{"allow":["GET"]}}],"collection":[{"href":"https:\/\/www.alliesofhumanity.org\/sl\/wp-json\/wp\/v2\/pages"}],"about":[{"href":"https:\/\/www.alliesofhumanity.org\/sl\/wp-json\/wp\/v2\/types\/page"}],"author":[{"embeddable":true,"href":"https:\/\/www.alliesofhumanity.org\/sl\/wp-json\/wp\/v2\/users\/25"}],"replies":[{"embeddable":true,"href":"https:\/\/www.alliesofhumanity.org\/sl\/wp-json\/wp\/v2\/comments?post=23113"}],"version-history":[{"count":8,"href":"https:\/\/www.alliesofhumanity.org\/sl\/wp-json\/wp\/v2\/pages\/23113\/revisions"}],"predecessor-version":[{"id":23806,"href":"https:\/\/www.alliesofhumanity.org\/sl\/wp-json\/wp\/v2\/pages\/23113\/revisions\/23806"}],"up":[{"embeddable":true,"href":"https:\/\/www.alliesofhumanity.org\/sl\/wp-json\/wp\/v2\/pages\/23061"}],"wp:attachment":[{"href":"https:\/\/www.alliesofhumanity.org\/sl\/wp-json\/wp\/v2\/media?parent=23113"}],"curies":[{"name":"wp","href":"https:\/\/api.w.org\/{rel}","templated":true}]}}