{"id":23095,"date":"2024-07-19T21:30:43","date_gmt":"2024-07-19T20:30:43","guid":{"rendered":"https:\/\/www.alliesofhumanity.org\/the-briefings\/book-two\/universe-reality-of-nature\/"},"modified":"2025-08-26T02:23:18","modified_gmt":"2025-08-26T01:23:18","slug":"universe-reality-of-nature","status":"publish","type":"page","link":"https:\/\/www.alliesofhumanity.org\/sl\/the-briefings\/book-two\/universe-reality-of-nature\/","title":{"rendered":"Prvo poro\u010dilo: Vesolje, v Katerem Se Pojavljate"},"content":{"rendered":"\t\t<div data-elementor-type=\"wp-page\" data-elementor-id=\"23095\" class=\"elementor elementor-23095 elementor-2182\" data-elementor-post-type=\"page\">\t\t\t\t\t\t<section class=\"elementor-section elementor-top-section elementor-element elementor-element-48071892 elementor-section-boxed elementor-section-height-default elementor-section-height-default\" data-id=\"48071892\" data-element_type=\"section\">\t\t\t\t\t\t<div class=\"elementor-container elementor-column-gap-default\">\t\t\t\t\t<div class=\"elementor-column elementor-col-100 elementor-top-column elementor-element elementor-element-90ada99\" data-id=\"90ada99\" data-element_type=\"column\">\t\t\t<div class=\"elementor-widget-wrap elementor-element-populated\">\t\t\t\t\t\t<div class=\"elementor-element elementor-element-5b72bbfc elementor-widget elementor-widget-text-editor\" data-id=\"5b72bbfc\" data-element_type=\"widget\" data-widget_type=\"text-editor.default\">\t\t\t\t<div class=\"elementor-widget-container\">\t\t\t\t\t\t\t\t\t<span style=\"font-weight: 400;\">Pozdravljamo. Zelo smo veseli, da imamo prilo\u017enost ponovno govoriti z vami in vam posredovati informacije, ki jih bomo posredovali. Razumemo, da je na\u0161a prva serija komentarjev spro\u017eila veliko zanimanja, vpra\u0161anj in morda tudi nekaj zmede. Zato upamo, da bomo v tem drugem zvezku zagotovili ve\u010d vpogleda; da bomo odgovorili na nekatera vpra\u0161anja, \u010de je nanje mogo\u010de odgovoriti; in da vam bomo ponudili okno v ve\u010dje vesolje, v katerem \u017eivite, da boste lahko videli onkraj meja svojega sveta v resni\u010dnost \u017eivljenja v Ve\u010dji Skupnosti. To je zdaj nujen del va\u0161ega izobra\u017eevanja, saj se va\u0161 svet vklju\u010duje v Ve\u010djo Skupnost inteligentnega \u017eivljenja, Ve\u010djo Skupnost, v kateri ste vedno \u017eiveli.<\/span><br><br><span style=\"font-weight: 400;\">Poslani smo bili, da pripravimo vrsto poro\u010dil, ki bodo \u010dlove\u0161tvo pripravili na ta veliki prag. V te informacije so vklju\u010dena na\u0161a opa\u017eanja o nezemeljskem Posredovanju, ki se danes dogaja v svetu, zakaj se to Posredovanje dogaja, kako se izvaja in kako ga je mogo\u010de izni\u010diti za va\u0161o lastno dobrobit. To zahteva, da se seznanite z \u017eivljenjem v Ve\u010dji Skupnosti, da se boste lahko pravilno orientirali v tej novi in veliko ve\u010dji resni\u010dnosti, v katero vstopate.<\/span><br><br><span style=\"font-weight: 400;\">Va\u0161a sposobnost, da prepoznate resnico tega, kar vam bomo sporo\u010dili, je bistvenega pomena za va\u0161e pre\u017eivetje, napredek in ohranitev svobo\u0161\u010din, ki so vam najbolj dragocene. Kajti Ve\u010dja Skupnost, v katero vstopate, je morda precej druga\u010dna od tiste, ki ste si jo morda predstavljali prej.<\/span><br><br><span style=\"font-weight: 400;\">Poslani smo bili, da zastopamo zaveznike \u010dlove\u0161tva. Mi smo njihovi predstavniki. Nismo v va\u0161em svetu, vendar ga opazujemo s skrite lokacije v bli\u017eini. Nismo pri\u0161li, da bi se tu ustalili, vzpostavili odnose s \u010dlove\u0161ko dru\u017eino ali vzpostavili gospodarsko ali politi\u010dno povezavo z va\u0161imi vladami. Namesto tega smo pri\u0161li z zelo preprosto nalogo. Na\u0161a naloga je opazovati nezemeljsko Posredovanje, ki se danes dogaja v va\u0161em svetu, in ob dani prilo\u017enost, vam ponuditi perspektivo, ki jo boste potrebovali za razumevanje in izravnavo tega Posredovanja ter za pripravo na realnost \u017eivljenja v vesolju.<\/span><br><br><span style=\"font-weight: 400;\">V prvi seriji Poro\u010dil smo predstavili splo\u0161ni pogled na Intervencijo, kako se izvaja in kaj morajo ljudje razumeti, da bi se izognili njenemu vplivu in prepri\u010devanju ter prepoznali njeno resni\u010dnost. Vendar se morate v zvezi s tem nau\u010diti \u0161e ve\u010d stvari, da bi si pridobili o\u010di, s katerimi boste lahko videli in razumeli te stvari sami. \u010ceprav se vam zdi vse to nenavadno in novo, je to le \u0161e en prikaz narave, narave, ki jo razumete in dojemate v svoji lastni sferi.<\/span><br><br><span style=\"font-weight: 400;\">Skoraj vse, kar vam nameravamo posredovati in kar smo vam \u017ee posredovali, lahko razumete iz va\u0161ih izku\u0161enj z naravo. Zato nezemeljsko posredovanje ni skrivnost. Je prikaz narave. Njegova te\u017eava pa je v tem, da vas postavlja v druga\u010dno vlogo, kot ste je vajeni. Navajeni ste namre\u010d, da imate v svojem svetu glavno vlogo. Navajeni ste \u010dutiti, da imate v svojem svetu veliko evolucijsko prednost. V Ve\u010dji Skupnosti pa nimate te premo\u010di ali prednosti. Zato si morate pridobiti ve\u010d spretnosti ter med seboj bolje sodelovati.<\/span><br><br><span style=\"font-weight: 400;\">To je velika te\u017eava in hkrati velika prilo\u017enost za va\u0161o raso, saj bo morda \u0161ele zasen\u010denje Ve\u010dje Skupnosti in te\u017eave, s katerimi se boste soo\u010dili, omogo\u010dilo \u010dlove\u0161tvu, da se zdru\u017ei in najde skupne temelje. Ali bo to mogo\u010de dose\u010di, bomo \u0161e videli. Toda izziv je pred vami in ta izziv je povezan z \u017eivljenjem in prihodnostjo vsakega \u010dloveka, ki danes \u017eivi na svetu.<\/span><br><br><span style=\"font-weight: 400;\">V nekem trenutku se vam bo to zdelo \u010dudno in nerazumljivo, a \u017ee v naslednjem trenutku boste razumeli, da se to dogaja v naravi. Imate okolje in vire, ki jih cenijo drugi, ki jih \u017eelijo uporabiti in imeti zase.\u017delijo va\u0161e okolje. Potrebujejo va\u0161o pomo\u010d. Ne \u017eelijo vas uni\u010diti, temve\u010d da postanete del njihovega kolektiva in jim slu\u017eite.<\/span><br><br><span style=\"font-weight: 400;\">To je treba povedati ve\u010dkrat in na razli\u010dne na\u010dine, da boste to zelo jasno razumeli. Kot smo \u017ee povedali, to ni skrivnost. To je le predstavitev va\u0161ega \u017eivljenja v Ve\u010dji Skupnosti. To je resni\u010dnost narave, ki jo lahko razumete sami. Vendar ste zdaj v druga\u010dnem polo\u017eaju, kar zahteva mo\u010d, razlo\u010devanje in \u010dlove\u0161ko sodelovanje ter dolo\u010deno treznost glede razumevanja narave \u017eivljenja v vesolju.<\/span><br><br><span style=\"font-weight: 400;\">V tem drugem sklopu poro\u010dil vam \u017eelimo omogo\u010diti bolj\u0161e razumevanje in vizijo, kak\u0161no je resni\u010dno \u017eivljenje v vesolju, ki vas obdaja. Ne gre le za vpra\u0161anje perspektive. Na\u0161e izku\u0161nje na tem podro\u010dju so med nami zelo bogate. Imamo svoje edinstvene perspektive, vendar so nekatere resni\u010dnosti za nas o\u010ditne, saj jih lahko vidimo in prepoznamo. Do\u017eiveli smo prilo\u017enosti in te\u017eave teh resni\u010dnosti &#8211; vse stvari, ki jih morate sami \u0161e izkusiti. In vendar vas va\u0161i zavezniki v tujini \u017eelijo re\u0161iti pred velikimi tveganji, s katerimi se zdaj soo\u010date, tveganji, ki jih prina\u0161a vstop v Ve\u010djo Skupnost. \u017delijo vam pokazati, da morate ohraniti svojo svobodo in integriteto kot rasa med tem te\u017ekim in dolgotrajnim prehodom.<\/span><br><br><span style=\"font-weight: 400;\">To je najve\u010dji izziv, s katerim se bo kdajkoli soo\u010dila katera koli rasa v vesolju, njegove posledice pa bodo dolgotrajne in daljnose\u017ene. Vendar pa so v vesolju velike sile dobrega, sile, ki si prizadevajo za svobodo posameznika in celovitost vsega \u017eivljenja, sile, ki si prizadevajo negovati in ohranjati pri \u017eivljenju ve\u010dje duhovno Znanje, ki je kot potencial v vseh \u010dute\u010dih bitjih. Va\u0161i zavezniki so le majhen izraz te ve\u010dje sile. Kajti povsod, kjer je \u017eivljenje, je tudi celovitost tega duhovnega Znanja. To ni le informacija, temve\u010d \u017eiva &#8220;Prisotnost&#8221;. \u017delimo pokazati resni\u010dnost in pomen tega Znanja ter zakaj je tako zelo pomembno za va\u0161 uspeh pri celjenju ran va\u0161ega sveta in pri soo\u010danju z velikim izzivom, ki lahko zdru\u017ei in povzdigne \u010dlove\u0161tvo.<\/span><br><br><span style=\"font-weight: 400;\">Vesolje je polno \u017eivljenja. Toda vesolje je ogromno. In inteligentno \u017eivljenje, ki \u017eivi v fizi\u010dni pojavnosti, je razpr\u0161eno po velikem in obse\u017enem prostoru. Na nekaterih mestih je bolj zgo\u0161\u010deno kot na drugih. Na neki na\u010din to spominja na zemljevide va\u0161ih dr\u017eav, kjer so velika obmo\u010dja, kjer je zbranih veliko ljudi, in obmo\u010dja, kjer \u017eivi zelo malo ljudi. Med temi obmo\u010dji velike kongregacije v vesolju so trgovske poti, velike ceste, po katerih se veliko vozi. Na redko poseljenih obmo\u010djih je zelo malo poti, po mnogih od njih se vozi zelo redko ali pa sploh ne.<\/span><br><br><span style=\"font-weight: 400;\">\u017delimo vam predstaviti analogijo razpr\u0161itve inteligentnega \u017eivljenja v tej galaksiji. Nikoli se nismo podali izven te galaksije, zato ne moremo govoriti o drugih mo\u017enostih. Vendar je samo v tej galaksiji \u017eivljenje tako raznoliko. Sami smo videli le zelo, zelo majhen del tega, saj je galaksija zelo velika.<\/span><br><br><span style=\"font-weight: 400;\">Va\u0161 svet obstaja na obmo\u010dju kongregacije, na obmo\u010dju, kjer je veliko naseljenih svetov. V svojem oson\u010dju tega ne opa\u017eate, toda zunaj va\u0161ega oson\u010dja to zagotovo dr\u017ei. Ne \u017eivite v redko poseljenem delu vesolja. Ne \u017eivite na obmo\u010dju, ki je neraziskano in neznano drugim. To vam daje dolo\u010dene pomanjkljivosti, saj va\u0161 svet podrobno preu\u010dujejo \u0161tevilne mo\u010dne sile. Te zdaj i\u0161\u010dejo Posredovanje, ker je \u010dlove\u0161tvo v svojem razvoju doseglo to\u010dko, ko je zgradilo infrastrukturo, za katero druge rase menijo, da jo lahko uporabijo zase. To je razlog, zakaj do Posredovanja ni pri\u0161lo \u017ee prej. \u010clove\u0161tvo je lahko najprej odkrilo vire in zgradilo infrastrukturo. Z drugimi besedami, opravili ste delo za tiste, ki verjamejo, da jim boste v prihodnosti slu\u017eili.<\/span><br><br><span style=\"font-weight: 400;\">Zato ne \u017eivite v oddaljenem in odmaknjenem delu galaksije. To morate razumeti. Potovanja v vesolju potekajo po dolo\u010denih poteh ali avenijah, tako kot v va\u0161em svetu. Nekatere poti so zelo prometne, po drugih se vozi le redko. Va\u0161 svet obstaja na obmo\u010dju, kjer se veliko potuje, kar pomeni, da te poti uporabljajo mnoge rase za trgovanje. Na tem obmo\u010dju je ve\u010d novih ras, kot je va\u0161a, ki jih drugi skrbno opazujejo.<\/span><br><br><span style=\"font-weight: 400;\">Kot smo \u017ee povedali v prej\u0161njih razpravah, je Ve\u010dja Skupnost, v katero vstopate, konkuren\u010dno okolje, kakr\u0161nega si te\u017eko predstavljate. Trgovina in tekmovanje za vire, zavezni\u0161tva in svetove, ki imajo strate\u0161ko vrednost, sta velika. Vendar pa so razmere veliko bolj zapletene, kot se morda zdi na prvi pogled. Na dobro naseljenih obmo\u010djih osvajanje drugih de\u017eel ni dopustno. Zaradi konkuren\u010dnega okolja obstajajo omejitve. V dolgem \u010dasovnem obdobju so bila vzpostavljena pravila o tem, kako bo potekala trgovina ter katera pravila in smernice bodo upo\u0161tevana. Kr\u0161itev teh pravil prina\u0161a kazen s strani nasprotnikov in konkurentov, zato obstaja sistem zavor in ravnovesij. Ta sistem se na splo\u0161no spo\u0161tuje, vendar se, kot se pogosto dogaja, izjeme i\u0161\u010dejo na razli\u010dne na\u010dine. Pomembno je, da veste, da voja\u0161ko ni dovoljeno napadati va\u0161ega sveta. Sile, ki posegajo v va\u0161 svet, niso mo\u010dne voja\u0161ke sile. To so velike trgovinske sile. Imenujemo jih &#8220;Kolektivi&#8221;. V tem drugem sklopu razprav boste imeli prilo\u017enost izvedeti ve\u010d o njihovi naravi in strukturi.<\/span><br><br><span style=\"font-weight: 400;\">\u010ce bi va\u0161 svet obstajal na zelo oddaljenem ali neraziskanem obmo\u010dju, kjer tovrstna pravila trgovanja in obna\u0161anja \u0161e niso bila vzpostavljena, bi ga posku\u0161ali voja\u0161ko osvojiti, saj tega ne bi moglo ni\u010d prepre\u010diti. Toda tisti, ki \u017eelijo izkoristiti ta svet, se ne lotevajo voja\u0161kega osvajanja. To jim ni potrebno. To ni njihov poudarek. To ni njihov namen. Za to niso organizirani.<\/span><br><br><span style=\"font-weight: 400;\">Zana\u0161ajo se na va\u0161o \u0161ibkost, tako kot se morate vi nau\u010diti zana\u0161ati na svojo mo\u010d. Zana\u0161ajo se na va\u0161e pomanjkanje zaupanja v \u010dlove\u0161kega duha, saj se morate nau\u010diti zana\u0161ati na tega duha v sebi. Njihova navzo\u010dnost tukaj predstavlja veliko nevarnost za \u010dlove\u0161tvo in veliko prilo\u017enost, \u010de se lahko \u010dlove\u0161tvo odgovorno in modro odzove.<\/span><br><br><span style=\"font-weight: 400;\">Zato je na\u0161a \u017eelja in na\u0161 namen, da vam pomagamo pri teh pripravah, tako da vam ponudimo perspektivo in usmeritev v realnost, s katero se zdaj soo\u010date in s katero se boste od zdaj naprej nenehno sre\u010devali. Kajti vrnitve v prej\u0161nje izolirano stanje ni ve\u010d. Zdaj se morate nau\u010diti ceniti in varovati svojo svobodo, utrjevati svojo svobodo in graditi svojo svobodo v okolju, v katerem bo ta svoboda nenehno izpostavljena izzivom. Samo svet, ki je mo\u010dan, enoten in moder v odnosih z Ve\u010djo Skupnostjo, lahko ohrani svojo samostojnost in ostane svoboden v vesolju. To velja za vse svobodne svetove, ne glede na to, ali obstajajo na obmo\u010djih skupnosti ali na oddaljenih obmo\u010djih, ki so redko obiskana.<\/span><br><br><span style=\"font-weight: 400;\">To je narava. To, da so drugi svetovi ustvarili vi\u0161jo raven tehnologije, ne spremeni resni\u010dnosti \u017eivljenja. Zaradi tega so interakcije med svetovi bolj zapletene in jih je pogosto te\u017eje razbrati. La\u017eje je prepoznati voja\u0161ki spopad kot pa skrite namere tistih, ki prihajajo na videz z darovi, odgovori in \u010dudesi tehnologije.<\/span><br><br><span style=\"font-weight: 400;\">\u010clove\u0161tvo je brez izobra\u017eevanja o Ve\u010dji Skupnosti. Zato ste tako ranljivi. \u010clove\u0161tvo je razdeljeno med svoje narode in kulture. Zato ste tako ranljivi. Va\u0161a nagnjenja in verska prepri\u010danja vas ne morejo ustrezno pripraviti na to, kar vas \u010daka zdaj.<\/span><br><br><span style=\"font-weight: 400;\">V Ve\u010dji Skupnosti je veliko ras, ki so v svojem duhovnem razumevanju dosegle zelo visoko stopnjo zrelosti in dosegle stanje svobode, ki ga \u010dlove\u0161tvo \u0161e ni niti pribli\u017eno doseglo. V nasprotju s tistimi, ki vas obiskujejo, se te dru\u017ebe ne ukvarjajo z medplanetarno trgovino v veliki meri, \u010de sploh. Ne ukvarjajo se z raziskovanjem. Niso raziskovalci virov. Ne posku\u0161ajo sklepati zavezni\u0161tev za politi\u010dno in gospodarsko korist, razen v dolo\u010denih primerih za lastno obrambo. Ne izkori\u0161\u010dajo drugih svetov. Ne sku\u0161ajo zapeljati mladih ras, ki vstopajo v Ve\u010djo Skupnost. Ne sodelujejo v vojni. Niso del Kolektivov.<\/span><br><br><span style=\"font-weight: 400;\">Va\u0161i zavezniki, ki jih zastopamo, dokazujejo to vzpostavitev, vzpostavitev svobodnih ras. To svobodo je v vesolju zelo te\u017eko dose\u010di in ohraniti. Za uspe\u0161no delovanje v Ve\u010dji Skupnosti morate biti samozadostni. Biti morate enotni. In biti morate zelo diskretni. Ali vidite, da se te lastnosti v tem \u010dasu ka\u017eejo v \u010dlove\u0161ki dru\u017eini? Ali se ka\u017eejo v vas in v va\u0161ih odnosih? Posredujemo vam ve\u010djo Modrost, Modrost, ki smo jo te\u017eko dosegli in ki smo jo dosegli z veliko ceno. Na\u0161a zmo\u017enost, da smo tukaj in pomagamo \u010dlove\u0161tvu, je dokaz tega dose\u017eka. Kajti v nasprotju s tistimi, ki v tem \u010dasu posegajo v va\u0161 svet, \u017eelimo le opazovati in svetovati. Ko bodo na\u0161i prenosi kon\u010dani, se bomo morali zaradi lastne varnosti umakniti. Tu smo namre\u010d brez uradnega dovoljenja trgovinskih oblasti, nadzornih organizacij ali \u010desa podobnega. \u010ce bi nas odkrili tisti, ki posegajo v va\u0161 svet, bi zagotovo propadli.<\/span><br><br><span style=\"font-weight: 400;\">S predstavitvijo prvega sklopa informacij je zdaj ogro\u017eena na\u0161a varnost. Rase, ki posredujejo v va\u0161em svetu, so nas \u017ee za\u010dele iskati v va\u0161em oson\u010dju. Zato moramo posredovati te informacije, nato pa se umakniti na to\u010dko dale\u010d zunaj va\u0161ega sveta, na kraj, kjer ne moremo ve\u010d neposredno opazovati Posredovanja. Zato vam moramo te informacije posredovati zdaj. Zato se jih morate nau\u010diti in jih uporabiti po svojih najbolj\u0161ih mo\u010deh. Kajti ko bomo od\u0161li, vam ne bomo mogli ve\u010d neposredno pomagati.<\/span><br><br><span style=\"font-weight: 400;\">Zato tem poro\u010dilom pripisujemo najve\u010dji pomen. Zato jih morate sprejeti in jih priznati kot take. Zagotovili vam bomo vse, kar morate vedeti o naravi Kolektivov, njihovem delovanju, zakaj so tukaj in kaj po\u010dnejo v svetu. Podali vam bomo pregled resni\u010dnosti inteligentnega \u017eivljenja v vesolju in tega, kako dejansko prihaja do interakcij. Predstavili vam bomo strate\u0161ko pomembnost va\u0161ega sveta in njegov polo\u017eaj v primerjavi z drugimi naseljenimi svetovi v va\u0161i bli\u017eini. Govorili bomo tudi o ve\u010djih Duhovnih Mo\u010deh, ki obstajajo v vesolju in v \u010dlove\u0161ki dru\u017eini.<\/span><br><br><span style=\"font-weight: 400;\">Va\u0161a izolacija je zdaj kon\u010dana. Nikoli ve\u010d je ne boste imeli na na\u010dine, kot ste jo poznali prej. Zato pozorno poslu\u0161ajte vse, kar vam bomo povedali.<\/span>\t\t\t\t\t\t\t\t<\/div>\t\t\t\t<\/div>\t\t\t\t\t<\/div>\t\t<\/div>\t\t\t\t\t<\/div>\t\t<\/section>\t\t\t\t<\/div><p>\t\t<\/p>","protected":false},"excerpt":{"rendered":"<p>Pozdravljamo. Zelo smo veseli, da imamo prilo\u017enost ponovno govoriti z vami in vam posredovati informacije, ki jih bomo posredovali. Razumemo, da je na\u0161a prva serija komentarjev spro\u017eila veliko zanimanja, vpra\u0161anj in morda tudi nekaj zmede. Zato upamo, da bomo v tem drugem zvezku zagotovili ve\u010d vpogleda; da bomo odgovorili na nekatera vpra\u0161anja, \u010de je nanje [&hellip;]<\/p>\n","protected":false},"author":23,"featured_media":0,"parent":23094,"menu_order":1,"comment_status":"closed","ping_status":"closed","template":"page.php","meta":{"_acf_changed":false,"footnotes":""},"class_list":["post-23095","page","type-page","status-publish","hentry"],"acf":[],"yoast_head":"<!-- This site is optimized with the Yoast SEO plugin v26.5 - https:\/\/yoast.com\/wordpress\/plugins\/seo\/ -->\n<title>Vesolje, v katerem se pojavljate - Resni\u010dnost narave<\/title>\n<meta name=\"description\" content=\"\u010clove\u0161tvo se je vklju\u010dilo v ve\u010djo skupnost \u017eivljenja v vesolju, kar je stvarnost narave. Ni skrivnost. Zakaj...\" \/>\n<meta name=\"robots\" content=\"index, follow, max-snippet:-1, max-image-preview:large, max-video-preview:-1\" \/>\n<link rel=\"canonical\" href=\"https:\/\/www.alliesofhumanity.org\/sl\/the-briefings\/book-two\/universe-reality-of-nature\/\" \/>\n<meta property=\"og:locale\" content=\"sl_SI\" \/>\n<meta property=\"og:type\" content=\"article\" \/>\n<meta property=\"og:title\" content=\"Vesolje, v katerem se pojavljate - Resni\u010dnost narave\" \/>\n<meta property=\"og:description\" content=\"\u010clove\u0161tvo se je vklju\u010dilo v ve\u010djo skupnost \u017eivljenja v vesolju, kar je stvarnost narave. Ni skrivnost. Zakaj...\" \/>\n<meta property=\"og:url\" content=\"https:\/\/www.alliesofhumanity.org\/sl\/the-briefings\/book-two\/universe-reality-of-nature\/\" \/>\n<meta property=\"og:site_name\" content=\"The Allies of Humanity\" \/>\n<meta property=\"article:publisher\" content=\"https:\/\/www.facebook.com\/alliesofhumanity\/\" \/>\n<meta property=\"article:modified_time\" content=\"2025-08-26T01:23:18+00:00\" \/>\n<meta property=\"og:image\" content=\"https:\/\/www.alliesofhumanity.org\/wp-content\/uploads\/2021\/01\/og-socialmedia-aoh.jpg\" \/>\n\t<meta property=\"og:image:width\" content=\"1200\" \/>\n\t<meta property=\"og:image:height\" content=\"630\" \/>\n\t<meta property=\"og:image:type\" content=\"image\/jpeg\" \/>\n<meta name=\"twitter:card\" content=\"summary_large_image\" \/>\n<meta name=\"twitter:title\" content=\"Vesolje, v katerem se pojavljate - Resni\u010dnost narave\" \/>\n<meta name=\"twitter:site\" content=\"@earthallies\" \/>\n<meta name=\"twitter:label1\" content=\"Est. reading time\" \/>\n\t<meta name=\"twitter:data1\" content=\"12 minut\" \/>\n<script type=\"application\/ld+json\" class=\"yoast-schema-graph\">{\"@context\":\"https:\/\/schema.org\",\"@graph\":[{\"@type\":\"WebPage\",\"@id\":\"https:\/\/www.alliesofhumanity.org\/sl\/the-briefings\/book-two\/universe-reality-of-nature\/\",\"url\":\"https:\/\/www.alliesofhumanity.org\/sl\/the-briefings\/book-two\/universe-reality-of-nature\/\",\"name\":\"Vesolje, v katerem se pojavljate - Resni\u010dnost narave\",\"isPartOf\":{\"@id\":\"https:\/\/www.alliesofhumanity.org\/sl\/#website\"},\"datePublished\":\"2024-07-19T20:30:43+00:00\",\"dateModified\":\"2025-08-26T01:23:18+00:00\",\"description\":\"\u010clove\u0161tvo se je vklju\u010dilo v ve\u010djo skupnost \u017eivljenja v vesolju, kar je stvarnost narave. Ni skrivnost. Zakaj...\",\"breadcrumb\":{\"@id\":\"https:\/\/www.alliesofhumanity.org\/sl\/the-briefings\/book-two\/universe-reality-of-nature\/#breadcrumb\"},\"inLanguage\":\"sl-SI\",\"potentialAction\":[{\"@type\":\"ReadAction\",\"target\":[\"https:\/\/www.alliesofhumanity.org\/sl\/the-briefings\/book-two\/universe-reality-of-nature\/\"]}]},{\"@type\":\"BreadcrumbList\",\"@id\":\"https:\/\/www.alliesofhumanity.org\/sl\/the-briefings\/book-two\/universe-reality-of-nature\/#breadcrumb\",\"itemListElement\":[{\"@type\":\"ListItem\",\"position\":1,\"name\":\"Informativno sre\u010danje\",\"item\":\"https:\/\/www.alliesofhumanity.org\/sl\/the-briefings\/\"},{\"@type\":\"ListItem\",\"position\":2,\"name\":\"Druga knjiga\",\"item\":\"https:\/\/www.alliesofhumanity.org\/sl\/the-briefings\/book-two\/\"},{\"@type\":\"ListItem\",\"position\":3,\"name\":\"Prvo poro\u010dilo: Vesolje, v Katerem Se Pojavljate\"}]},{\"@type\":\"WebSite\",\"@id\":\"https:\/\/www.alliesofhumanity.org\/sl\/#website\",\"url\":\"https:\/\/www.alliesofhumanity.org\/sl\/\",\"name\":\"The Allies of Humanity\",\"description\":\"\",\"potentialAction\":[{\"@type\":\"SearchAction\",\"target\":{\"@type\":\"EntryPoint\",\"urlTemplate\":\"https:\/\/www.alliesofhumanity.org\/sl\/?s={search_term_string}\"},\"query-input\":{\"@type\":\"PropertyValueSpecification\",\"valueRequired\":true,\"valueName\":\"search_term_string\"}}],\"inLanguage\":\"sl-SI\"}]}<\/script>\n<!-- \/ Yoast SEO plugin. -->","yoast_head_json":{"title":"Vesolje, v katerem se pojavljate - Resni\u010dnost narave","description":"\u010clove\u0161tvo se je vklju\u010dilo v ve\u010djo skupnost \u017eivljenja v vesolju, kar je stvarnost narave. Ni skrivnost. Zakaj...","robots":{"index":"index","follow":"follow","max-snippet":"max-snippet:-1","max-image-preview":"max-image-preview:large","max-video-preview":"max-video-preview:-1"},"canonical":"https:\/\/www.alliesofhumanity.org\/sl\/the-briefings\/book-two\/universe-reality-of-nature\/","og_locale":"sl_SI","og_type":"article","og_title":"Vesolje, v katerem se pojavljate - Resni\u010dnost narave","og_description":"\u010clove\u0161tvo se je vklju\u010dilo v ve\u010djo skupnost \u017eivljenja v vesolju, kar je stvarnost narave. Ni skrivnost. Zakaj...","og_url":"https:\/\/www.alliesofhumanity.org\/sl\/the-briefings\/book-two\/universe-reality-of-nature\/","og_site_name":"The Allies of Humanity","article_publisher":"https:\/\/www.facebook.com\/alliesofhumanity\/","article_modified_time":"2025-08-26T01:23:18+00:00","og_image":[{"width":1200,"height":630,"url":"https:\/\/www.alliesofhumanity.org\/wp-content\/uploads\/2021\/01\/og-socialmedia-aoh.jpg","type":"image\/jpeg"}],"twitter_card":"summary_large_image","twitter_title":"Vesolje, v katerem se pojavljate - Resni\u010dnost narave","twitter_site":"@earthallies","twitter_misc":{"Est. reading time":"12 minut"},"schema":{"@context":"https:\/\/schema.org","@graph":[{"@type":"WebPage","@id":"https:\/\/www.alliesofhumanity.org\/sl\/the-briefings\/book-two\/universe-reality-of-nature\/","url":"https:\/\/www.alliesofhumanity.org\/sl\/the-briefings\/book-two\/universe-reality-of-nature\/","name":"Vesolje, v katerem se pojavljate - Resni\u010dnost narave","isPartOf":{"@id":"https:\/\/www.alliesofhumanity.org\/sl\/#website"},"datePublished":"2024-07-19T20:30:43+00:00","dateModified":"2025-08-26T01:23:18+00:00","description":"\u010clove\u0161tvo se je vklju\u010dilo v ve\u010djo skupnost \u017eivljenja v vesolju, kar je stvarnost narave. Ni skrivnost. Zakaj...","breadcrumb":{"@id":"https:\/\/www.alliesofhumanity.org\/sl\/the-briefings\/book-two\/universe-reality-of-nature\/#breadcrumb"},"inLanguage":"sl-SI","potentialAction":[{"@type":"ReadAction","target":["https:\/\/www.alliesofhumanity.org\/sl\/the-briefings\/book-two\/universe-reality-of-nature\/"]}]},{"@type":"BreadcrumbList","@id":"https:\/\/www.alliesofhumanity.org\/sl\/the-briefings\/book-two\/universe-reality-of-nature\/#breadcrumb","itemListElement":[{"@type":"ListItem","position":1,"name":"Informativno sre\u010danje","item":"https:\/\/www.alliesofhumanity.org\/sl\/the-briefings\/"},{"@type":"ListItem","position":2,"name":"Druga knjiga","item":"https:\/\/www.alliesofhumanity.org\/sl\/the-briefings\/book-two\/"},{"@type":"ListItem","position":3,"name":"Prvo poro\u010dilo: Vesolje, v Katerem Se Pojavljate"}]},{"@type":"WebSite","@id":"https:\/\/www.alliesofhumanity.org\/sl\/#website","url":"https:\/\/www.alliesofhumanity.org\/sl\/","name":"The Allies of Humanity","description":"","potentialAction":[{"@type":"SearchAction","target":{"@type":"EntryPoint","urlTemplate":"https:\/\/www.alliesofhumanity.org\/sl\/?s={search_term_string}"},"query-input":{"@type":"PropertyValueSpecification","valueRequired":true,"valueName":"search_term_string"}}],"inLanguage":"sl-SI"}]}},"_links":{"self":[{"href":"https:\/\/www.alliesofhumanity.org\/sl\/wp-json\/wp\/v2\/pages\/23095","targetHints":{"allow":["GET"]}}],"collection":[{"href":"https:\/\/www.alliesofhumanity.org\/sl\/wp-json\/wp\/v2\/pages"}],"about":[{"href":"https:\/\/www.alliesofhumanity.org\/sl\/wp-json\/wp\/v2\/types\/page"}],"author":[{"embeddable":true,"href":"https:\/\/www.alliesofhumanity.org\/sl\/wp-json\/wp\/v2\/users\/23"}],"replies":[{"embeddable":true,"href":"https:\/\/www.alliesofhumanity.org\/sl\/wp-json\/wp\/v2\/comments?post=23095"}],"version-history":[{"count":9,"href":"https:\/\/www.alliesofhumanity.org\/sl\/wp-json\/wp\/v2\/pages\/23095\/revisions"}],"predecessor-version":[{"id":24123,"href":"https:\/\/www.alliesofhumanity.org\/sl\/wp-json\/wp\/v2\/pages\/23095\/revisions\/24123"}],"up":[{"embeddable":true,"href":"https:\/\/www.alliesofhumanity.org\/sl\/wp-json\/wp\/v2\/pages\/23094"}],"wp:attachment":[{"href":"https:\/\/www.alliesofhumanity.org\/sl\/wp-json\/wp\/v2\/media?parent=23095"}],"curies":[{"name":"wp","href":"https:\/\/api.w.org\/{rel}","templated":true}]}}