{"id":23094,"date":"2024-07-19T21:29:30","date_gmt":"2024-07-19T20:29:30","guid":{"rendered":"https:\/\/www.alliesofhumanity.org\/the-briefings\/book-two\/"},"modified":"2024-11-17T17:53:05","modified_gmt":"2024-11-17T16:53:05","slug":"book-two","status":"publish","type":"page","link":"https:\/\/www.alliesofhumanity.org\/sl\/the-briefings\/book-two\/","title":{"rendered":"Druga knjiga"},"content":{"rendered":"<h5>Vsa poro\u010dila o zaveznikih \u010dlove\u0161tva so brezpla\u010dno na voljo na spletu. Potovanje za\u010dnite z drugo knjigo o zaveznikih.<\/h5>\n<p>V tem drugem sklopu kratkih predstavitev nam \u017eelijo zavezniki \u010dlove\u0161tva omogo\u010diti bolj\u0161e razumevanje in vizijo, kak\u0161no je resni\u010dno \u017eivljenje v vesolju, ki nas obdaja. Na\u0161i zavezniki v tujini nas \u017eelijo opozoriti na velika tveganja, s katerimi se zdaj soo\u010damo, na tveganja, povezana z vstopom v Veliko skupnost. \u017delijo nam pokazati, da moramo ohraniti svojo svobodo in integriteto kot rasa, ko bomo prestajali ta te\u017eak in dolgotrajen prehod.<\/p>\n<p><!--\nGet a copy of the book:\n\n\n<ul>\n \t\n\n<li>Print version: <a href=\"https:\/\/newknowledgelibrary.org\/books\/the-allies-of-humanity-book-two-english-print-book\/\" target=\"_blank\" rel=\"noopener\">New Knowledge Library<\/a> or <a href=\"https:\/\/www.amazon.com\/Allies-Humanity-Book-Marshall-Summers\/dp\/1884238378\" target=\"_blank\" rel=\"noopener\">Amazon<\/a>.<\/li>\n\n\n \t\n\n<li>Ebook format: <a href=\"https:\/\/newknowledgelibrary.org\/e-books\/the-allies-of-humanity-book-two-english-ebook\/\" target=\"_blank\" rel=\"noopener\">New Knowledge Library<\/a>, <a href=\"https:\/\/www.amazon.com\/Allies-Humanity-Book-Two-ebook\/dp\/B005J5KU8I\" target=\"_blank\" rel=\"noopener\">Kindle version from Amazon<\/a>, <a href=\"https:\/\/books.apple.com\/au\/book\/the-allies-of-humanity-book-two\/id894103733\" target=\"_blank\" rel=\"noopener\">Apple Books<\/a> or <a href=\"https:\/\/play.google.com\/store\/books\/details\/Marshall_Vian_Summers_The_Allies_of_Humanity_Book?id=6HysOWI88a8C\" target=\"_blank\" rel=\"noopener\">Google Play<\/a>.<\/li>\n\n\n<\/ul>\n\n\n--><\/p>\n<hr \/>\n<h5>Za\u010dnite brati povzetke na spletu zdaj!<\/h5>\n<p>Kazalo vsebine:<\/p>\n<p><a href=\"\/sl\/the-briefings\/book-two\/universe-reality-of-nature\">Prvo informativno poro\u010dilo: Vesolje, v katerem se pojavljate<\/a><\/p>\n<p><a href=\"\/sl\/the-briefings\/book-two\/why-are-aliens-here\">Drugo informativno poro\u010dilo: Zakaj se izvaja intervencija<br \/>\n<\/a><\/p>\n<p><a href=\"\/sl\/the-briefings\/book-two\/the-influence-upon-humanity\">Tretje informativno poro\u010dilo: Vpliv na \u010dlove\u0161tvo<\/a><\/p>\n<p><a href=\"\/sl\/the-briefings\/book-two\/collectives-in-universe\">\u010cetrto informativno poro\u010dilo: Kolektivi<\/a><\/p>\n<p><a href=\"\/sl\/the-briefings\/book-two\/biological-resources\">Peto informativno poro\u010dilo: Kaj \u017eelijo<\/a><\/p>\n<p><a href=\"a-call-to-action-spiritual-power\">\u0160esti informativni poro\u010dilo: Poziv k ukrepanju<\/a><\/p>\n<p>Prvi Komentar: <a href=\"the-problem-of-human-denial-first-commentary\">Problem \u010dlove\u0161kega zanikanja<\/a><\/p>\n<p>Drugi Komentar: <a href=\"effects-of-the-pacification-program-second-commentary\">U\u010dinki Programa Pomirjanja -Pacifikacije<\/a><\/p>\n<p>Tretji komentar: <a href=\"understanding-the-intervention-third-commentary\">Razumevanje intervencije<\/a><\/p>\n<p>Dru\u0161tvo za novo sporo\u010dilo zdaj brezpla\u010dno ponuja vse \u0161tiri zvezke knjige <em>Zavezniki \u010dlove\u0161tva<\/em> na spletu. To po\u010dnemo zato, da bi to sporo\u010dilo doseglo \u010dim ve\u010d ljudi, tako na najni\u017ejih ravneh kot na polo\u017eajih politi\u010dne, gospodarske in verske mo\u010di.<\/p>\n","protected":false},"excerpt":{"rendered":"<p>Vsa poro\u010dila o zaveznikih \u010dlove\u0161tva so brezpla\u010dno na voljo na spletu. Potovanje za\u010dnite z drugo knjigo o zaveznikih. V tem drugem sklopu kratkih predstavitev nam \u017eelijo zavezniki \u010dlove\u0161tva omogo\u010diti bolj\u0161e razumevanje in vizijo, kak\u0161no je resni\u010dno \u017eivljenje v vesolju, ki nas obdaja. Na\u0161i zavezniki v tujini nas \u017eelijo opozoriti na velika tveganja, s katerimi se [&hellip;]<\/p>\n","protected":false},"author":25,"featured_media":0,"parent":23061,"menu_order":2,"comment_status":"closed","ping_status":"closed","template":"page-book-start.php","meta":{"_acf_changed":false,"footnotes":""},"class_list":["post-23094","page","type-page","status-publish","hentry"],"acf":[],"yoast_head":"<!-- This site is optimized with the Yoast SEO plugin v26.5 - https:\/\/yoast.com\/wordpress\/plugins\/seo\/ -->\n<title>Zavezniki \u010dlove\u0161tva, 2. knjiga: \u010clove\u0161ka enotnost, svoboda in stik z NZ<\/title>\n<meta name=\"description\" content=\"V na\u0161em drugem sklopu kratkih predstavitev vam \u017eelimo omogo\u010diti bolj\u0161e razumevanje in vizijo tega, kak\u0161no je resni\u010dno \u017eivljenje v vesolju, ki vas obdaja.\" \/>\n<meta name=\"robots\" content=\"index, follow, max-snippet:-1, max-image-preview:large, max-video-preview:-1\" \/>\n<link rel=\"canonical\" href=\"https:\/\/www.alliesofhumanity.org\/sl\/the-briefings\/book-two\/\" \/>\n<meta property=\"og:locale\" content=\"sl_SI\" \/>\n<meta property=\"og:type\" content=\"article\" \/>\n<meta property=\"og:title\" content=\"Zavezniki \u010dlove\u0161tva, 2. knjiga: \u010clove\u0161ka enotnost, svoboda in stik z NZ\" \/>\n<meta property=\"og:description\" content=\"V na\u0161em drugem sklopu kratkih predstavitev vam \u017eelimo omogo\u010diti bolj\u0161e razumevanje in vizijo tega, kak\u0161no je resni\u010dno \u017eivljenje v vesolju, ki vas obdaja.\" \/>\n<meta property=\"og:url\" content=\"https:\/\/www.alliesofhumanity.org\/sl\/the-briefings\/book-two\/\" \/>\n<meta property=\"og:site_name\" content=\"The Allies of Humanity\" \/>\n<meta property=\"article:publisher\" content=\"https:\/\/www.facebook.com\/alliesofhumanity\/\" \/>\n<meta property=\"article:modified_time\" content=\"2024-11-17T16:53:05+00:00\" \/>\n<meta property=\"og:image\" content=\"https:\/\/www.alliesofhumanity.org\/wp-content\/uploads\/2021\/01\/og-socialmedia-aoh.jpg\" \/>\n\t<meta property=\"og:image:width\" content=\"1200\" \/>\n\t<meta property=\"og:image:height\" content=\"630\" \/>\n\t<meta property=\"og:image:type\" content=\"image\/jpeg\" \/>\n<meta name=\"twitter:card\" content=\"summary_large_image\" \/>\n<meta name=\"twitter:title\" content=\"Zavezniki \u010dlove\u0161tva, 2. knjiga: \u010clove\u0161ka enotnost, svoboda in stik z NZ\" \/>\n<meta name=\"twitter:site\" content=\"@earthallies\" \/>\n<meta name=\"twitter:label1\" content=\"Est. reading time\" \/>\n\t<meta name=\"twitter:data1\" content=\"1 minuta\" \/>\n<script type=\"application\/ld+json\" class=\"yoast-schema-graph\">{\"@context\":\"https:\/\/schema.org\",\"@graph\":[{\"@type\":\"WebPage\",\"@id\":\"https:\/\/www.alliesofhumanity.org\/sl\/the-briefings\/book-two\/\",\"url\":\"https:\/\/www.alliesofhumanity.org\/sl\/the-briefings\/book-two\/\",\"name\":\"Zavezniki \u010dlove\u0161tva, 2. knjiga: \u010clove\u0161ka enotnost, svoboda in stik z NZ\",\"isPartOf\":{\"@id\":\"https:\/\/www.alliesofhumanity.org\/sl\/#website\"},\"datePublished\":\"2024-07-19T20:29:30+00:00\",\"dateModified\":\"2024-11-17T16:53:05+00:00\",\"description\":\"V na\u0161em drugem sklopu kratkih predstavitev vam \u017eelimo omogo\u010diti bolj\u0161e razumevanje in vizijo tega, kak\u0161no je resni\u010dno \u017eivljenje v vesolju, ki vas obdaja.\",\"breadcrumb\":{\"@id\":\"https:\/\/www.alliesofhumanity.org\/sl\/the-briefings\/book-two\/#breadcrumb\"},\"inLanguage\":\"sl-SI\",\"potentialAction\":[{\"@type\":\"ReadAction\",\"target\":[\"https:\/\/www.alliesofhumanity.org\/sl\/the-briefings\/book-two\/\"]}]},{\"@type\":\"BreadcrumbList\",\"@id\":\"https:\/\/www.alliesofhumanity.org\/sl\/the-briefings\/book-two\/#breadcrumb\",\"itemListElement\":[{\"@type\":\"ListItem\",\"position\":1,\"name\":\"Informativno sre\u010danje\",\"item\":\"https:\/\/www.alliesofhumanity.org\/sl\/the-briefings\/\"},{\"@type\":\"ListItem\",\"position\":2,\"name\":\"Druga knjiga\"}]},{\"@type\":\"WebSite\",\"@id\":\"https:\/\/www.alliesofhumanity.org\/sl\/#website\",\"url\":\"https:\/\/www.alliesofhumanity.org\/sl\/\",\"name\":\"The Allies of Humanity\",\"description\":\"\",\"potentialAction\":[{\"@type\":\"SearchAction\",\"target\":{\"@type\":\"EntryPoint\",\"urlTemplate\":\"https:\/\/www.alliesofhumanity.org\/sl\/?s={search_term_string}\"},\"query-input\":{\"@type\":\"PropertyValueSpecification\",\"valueRequired\":true,\"valueName\":\"search_term_string\"}}],\"inLanguage\":\"sl-SI\"}]}<\/script>\n<!-- \/ Yoast SEO plugin. -->","yoast_head_json":{"title":"Zavezniki \u010dlove\u0161tva, 2. knjiga: \u010clove\u0161ka enotnost, svoboda in stik z NZ","description":"V na\u0161em drugem sklopu kratkih predstavitev vam \u017eelimo omogo\u010diti bolj\u0161e razumevanje in vizijo tega, kak\u0161no je resni\u010dno \u017eivljenje v vesolju, ki vas obdaja.","robots":{"index":"index","follow":"follow","max-snippet":"max-snippet:-1","max-image-preview":"max-image-preview:large","max-video-preview":"max-video-preview:-1"},"canonical":"https:\/\/www.alliesofhumanity.org\/sl\/the-briefings\/book-two\/","og_locale":"sl_SI","og_type":"article","og_title":"Zavezniki \u010dlove\u0161tva, 2. knjiga: \u010clove\u0161ka enotnost, svoboda in stik z NZ","og_description":"V na\u0161em drugem sklopu kratkih predstavitev vam \u017eelimo omogo\u010diti bolj\u0161e razumevanje in vizijo tega, kak\u0161no je resni\u010dno \u017eivljenje v vesolju, ki vas obdaja.","og_url":"https:\/\/www.alliesofhumanity.org\/sl\/the-briefings\/book-two\/","og_site_name":"The Allies of Humanity","article_publisher":"https:\/\/www.facebook.com\/alliesofhumanity\/","article_modified_time":"2024-11-17T16:53:05+00:00","og_image":[{"width":1200,"height":630,"url":"https:\/\/www.alliesofhumanity.org\/wp-content\/uploads\/2021\/01\/og-socialmedia-aoh.jpg","type":"image\/jpeg"}],"twitter_card":"summary_large_image","twitter_title":"Zavezniki \u010dlove\u0161tva, 2. knjiga: \u010clove\u0161ka enotnost, svoboda in stik z NZ","twitter_site":"@earthallies","twitter_misc":{"Est. reading time":"1 minuta"},"schema":{"@context":"https:\/\/schema.org","@graph":[{"@type":"WebPage","@id":"https:\/\/www.alliesofhumanity.org\/sl\/the-briefings\/book-two\/","url":"https:\/\/www.alliesofhumanity.org\/sl\/the-briefings\/book-two\/","name":"Zavezniki \u010dlove\u0161tva, 2. knjiga: \u010clove\u0161ka enotnost, svoboda in stik z NZ","isPartOf":{"@id":"https:\/\/www.alliesofhumanity.org\/sl\/#website"},"datePublished":"2024-07-19T20:29:30+00:00","dateModified":"2024-11-17T16:53:05+00:00","description":"V na\u0161em drugem sklopu kratkih predstavitev vam \u017eelimo omogo\u010diti bolj\u0161e razumevanje in vizijo tega, kak\u0161no je resni\u010dno \u017eivljenje v vesolju, ki vas obdaja.","breadcrumb":{"@id":"https:\/\/www.alliesofhumanity.org\/sl\/the-briefings\/book-two\/#breadcrumb"},"inLanguage":"sl-SI","potentialAction":[{"@type":"ReadAction","target":["https:\/\/www.alliesofhumanity.org\/sl\/the-briefings\/book-two\/"]}]},{"@type":"BreadcrumbList","@id":"https:\/\/www.alliesofhumanity.org\/sl\/the-briefings\/book-two\/#breadcrumb","itemListElement":[{"@type":"ListItem","position":1,"name":"Informativno sre\u010danje","item":"https:\/\/www.alliesofhumanity.org\/sl\/the-briefings\/"},{"@type":"ListItem","position":2,"name":"Druga knjiga"}]},{"@type":"WebSite","@id":"https:\/\/www.alliesofhumanity.org\/sl\/#website","url":"https:\/\/www.alliesofhumanity.org\/sl\/","name":"The Allies of Humanity","description":"","potentialAction":[{"@type":"SearchAction","target":{"@type":"EntryPoint","urlTemplate":"https:\/\/www.alliesofhumanity.org\/sl\/?s={search_term_string}"},"query-input":{"@type":"PropertyValueSpecification","valueRequired":true,"valueName":"search_term_string"}}],"inLanguage":"sl-SI"}]}},"_links":{"self":[{"href":"https:\/\/www.alliesofhumanity.org\/sl\/wp-json\/wp\/v2\/pages\/23094","targetHints":{"allow":["GET"]}}],"collection":[{"href":"https:\/\/www.alliesofhumanity.org\/sl\/wp-json\/wp\/v2\/pages"}],"about":[{"href":"https:\/\/www.alliesofhumanity.org\/sl\/wp-json\/wp\/v2\/types\/page"}],"author":[{"embeddable":true,"href":"https:\/\/www.alliesofhumanity.org\/sl\/wp-json\/wp\/v2\/users\/25"}],"replies":[{"embeddable":true,"href":"https:\/\/www.alliesofhumanity.org\/sl\/wp-json\/wp\/v2\/comments?post=23094"}],"version-history":[{"count":11,"href":"https:\/\/www.alliesofhumanity.org\/sl\/wp-json\/wp\/v2\/pages\/23094\/revisions"}],"predecessor-version":[{"id":23697,"href":"https:\/\/www.alliesofhumanity.org\/sl\/wp-json\/wp\/v2\/pages\/23094\/revisions\/23697"}],"up":[{"embeddable":true,"href":"https:\/\/www.alliesofhumanity.org\/sl\/wp-json\/wp\/v2\/pages\/23061"}],"wp:attachment":[{"href":"https:\/\/www.alliesofhumanity.org\/sl\/wp-json\/wp\/v2\/media?parent=23094"}],"curies":[{"name":"wp","href":"https:\/\/api.w.org\/{rel}","templated":true}]}}